{"id":188315,"date":"2023-06-06T17:16:32","date_gmt":"2023-06-06T14:16:32","guid":{"rendered":"https:\/\/odavprint.ee\/?post_type=product&#038;p=188315"},"modified":"2023-06-06T17:16:32","modified_gmt":"2023-06-06T14:16:32","slug":"forseti-adjustable-height-table-black","status":"publish","type":"product","link":"https:\/\/odavprint.ee\/et\/product\/forseti-adjustable-height-table-black\/","title":{"rendered":"Up Up Forseti Adjustable Height Table, Black"},"content":{"rendered":"<p>Up Up Forseti Adjustable Height Table, Black<\/p>\n<table style=\"font-weight: 400;\">\n<tbody>\n<tr>\n<td>\n<table>\n<tbody>\n<tr>\n<td>Brand<\/td>\n<td>Up Up<\/td>\n<\/tr>\n<\/tbody>\n<\/table>\n<\/td>\n<\/tr>\n<\/tbody>\n<\/table>\n<p>&nbsp;<\/p>\n<p><b><strong>\u201cUp Up\u201d<\/strong><\/b>\u00a0&#8211;\u00a0ergonomic desks are ideal for your office. Adjustable table height allows you to easily and simply change the table height, so you can work both sitting and standing.<\/p>\n<p>&nbsp;<\/p>\n<p>&nbsp;<\/p>\n<p><b><strong>INTERNALS<\/strong><\/b><\/p>\n<ul>\n<li>Desk frame and table top are packed in one box.<\/li>\n<li>Counter-Balance Gas Spring: creates smooth and quick transitions<\/li>\n<li>Squeeze Lever: makes the adjustment easy<\/li>\n<li>Heavy-Duty Casters with Locking Mechanism: can be moved or stopped at will<\/li>\n<li>Eco-Friendly Particle Board: features heavy-duty and moisture resistance (TSCA Title VI compliant)<\/li>\n<li>Adjustable Height: offers maximum comfort and adaptability to multiple requirements<\/li>\n<li>High-Strength Steel Frame: better durability to weight and wear<\/li>\n<li>Drink Holder: for cups or cans<\/li>\n<\/ul>\n<p>&nbsp;<\/p>\n<table>\n<tbody>\n<tr>\n<td width=\"274\"><b><strong>PRODUCT CATEGORY:<\/strong><\/b><\/td>\n<td width=\"255\">On-Floor Workstation<\/td>\n<\/tr>\n<tr>\n<td width=\"274\"><b><strong>RANK:<\/strong><\/b><\/td>\n<td width=\"255\">Standart<\/td>\n<\/tr>\n<tr>\n<td width=\"274\"><b><strong>MATERIAL:<\/strong><\/b><\/td>\n<td width=\"255\">Particle Board\u00a0&amp;\u00a0Melamine, Steel, Plastic<\/td>\n<\/tr>\n<tr>\n<td width=\"274\"><b><strong>DIMENSIONS (WXHXT):<\/strong><\/b><\/td>\n<td width=\"255\">710 x 400 x 712~1062mm<\/td>\n<\/tr>\n<tr>\n<td width=\"274\"><b><strong>WORKSURFACE THICKNESS:<\/strong><\/b><\/td>\n<td width=\"255\">16 mm (0.63&#8243;)<\/td>\n<\/tr>\n<tr>\n<td width=\"274\"><b><strong>WORKSURFACE WEIGHT CAPACITY:<\/strong><\/b><\/td>\n<td width=\"255\">7 kg<\/td>\n<\/tr>\n<tr>\n<td width=\"274\"><b><strong>HEIGHT RANGE:<\/strong><\/b><\/td>\n<td width=\"255\">712 ~ 1062 mm<\/td>\n<\/tr>\n<tr>\n<td width=\"274\"><b><strong>HEIGHT ADJUSTMENT:<\/strong><\/b><\/td>\n<td width=\"255\">Manual<\/td>\n<\/tr>\n<tr>\n<td width=\"274\"><b><strong>COLOR:<\/strong><\/b><\/td>\n<td width=\"255\">Black<\/td>\n<\/tr>\n<tr>\n<td width=\"274\"><b><strong>INSTALLATION:<\/strong><\/b><\/td>\n<td width=\"255\">Freestanding<\/td>\n<\/tr>\n<tr>\n<td width=\"274\"><b><strong>CASTER:<\/strong><\/b><\/td>\n<td width=\"255\">Yes<\/td>\n<\/tr>\n<\/tbody>\n<\/table>\n","protected":false},"excerpt":{"rendered":"<p>Up Up Forseti Adjustable Height Table, Black Brand Up Up &nbsp; \u201cUp Up\u201d\u00a0&#8211;\u00a0ergonomic desks are ideal for your office. Adjustable table height allows you to easily and simply change the table height, so you can work both sitting and standing. &nbsp; &nbsp; INTERNALS Desk frame and table top are packed in one box. Counter-Balance Gas [&#8230;]\n","protected":false},"featured_media":188316,"template":"","meta":{"inline_featured_image":false},"product_cat":[17241],"product_tag":[],"yoast_head":"<!-- This site is optimized with the Yoast SEO Premium plugin v23.0 (Yoast SEO v23.0) - https:\/\/yoast.com\/wordpress\/plugins\/seo\/ -->\n<title>Up Up Forseti Adjustable Height Table, Black, hea hinnaga, osta e-pood - Odav Print<\/title>\n<meta name=\"description\" content=\"Osta Up Up Forseti Adjustable Height Table, Black Odav Print \u260e +372 5911 9495 \u2714\ufe0f Parim hind Up Up Forseti Adjustable Height Table, Black jaoks \u26df Kiire kohaletoimetamine Eestis \u2b50 Garanteeritud\" \/>\n<meta name=\"robots\" content=\"index, follow, max-snippet:-1, max-image-preview:large, max-video-preview:-1\" \/>\n<link rel=\"canonical\" href=\"https:\/\/odavprint.ee\/et\/product\/forseti-adjustable-height-table-black\/\" \/>\n<meta property=\"og:locale\" content=\"et_EE\" \/>\n<meta property=\"og:type\" content=\"article\" \/>\n<meta property=\"og:title\" content=\"Up Up Forseti Adjustable Height Table, Black\" \/>\n<meta property=\"og:description\" content=\"Osta Up Up Forseti Adjustable Height Table, Black Odav Print \u260e +372 5911 9495 \u2714\ufe0f Parim hind Up Up Forseti Adjustable Height Table, Black jaoks \u26df Kiire kohaletoimetamine Eestis \u2b50 Garanteeritud\" \/>\n<meta property=\"og:url\" content=\"https:\/\/odavprint.ee\/et\/product\/forseti-adjustable-height-table-black\/\" \/>\n<meta property=\"og:site_name\" content=\"Odav Print\" \/>\n<meta property=\"og:image\" content=\"https:\/\/odavprint.ee\/wp-content\/uploads\/2023\/06\/forseti.jpg\" \/>\n\t<meta property=\"og:image:width\" content=\"300\" \/>\n\t<meta property=\"og:image:height\" content=\"300\" \/>\n\t<meta property=\"og:image:type\" content=\"image\/jpeg\" \/>\n<meta name=\"twitter:card\" content=\"summary_large_image\" \/>\n<meta name=\"twitter:label1\" content=\"Price\" \/>\n\t<meta name=\"twitter:data1\" content=\"&euro;116.90\" \/>\n\t<meta name=\"twitter:label2\" content=\"Availability\" \/>\n\t<meta name=\"twitter:data2\" content=\"In stock\" \/>\n<script type=\"application\/ld+json\" class=\"yoast-schema-graph\">{\"@context\":\"https:\/\/schema.org\",\"@graph\":[{\"@type\":[\"WebPage\",\"ItemPage\"],\"@id\":\"https:\/\/odavprint.ee\/et\/product\/forseti-adjustable-height-table-black\/\",\"url\":\"https:\/\/odavprint.ee\/et\/product\/forseti-adjustable-height-table-black\/\",\"name\":\"Up Up Forseti Adjustable Height Table, Black, hea hinnaga, osta e-pood - Odav Print\",\"isPartOf\":{\"@id\":\"https:\/\/odavprint.ee\/et\/#website\"},\"primaryImageOfPage\":{\"@id\":\"https:\/\/odavprint.ee\/et\/product\/forseti-adjustable-height-table-black\/#primaryimage\"},\"image\":{\"@id\":\"https:\/\/odavprint.ee\/et\/product\/forseti-adjustable-height-table-black\/#primaryimage\"},\"thumbnailUrl\":\"https:\/\/odavprint.ee\/wp-content\/uploads\/2023\/06\/forseti.jpg\",\"datePublished\":\"2023-06-06T14:16:32+00:00\",\"dateModified\":\"2023-06-06T14:16:32+00:00\",\"description\":\"Osta Up Up Forseti Adjustable Height Table, Black Odav Print \u260e +372 5911 9495 \u2714\ufe0f Parim hind Up Up Forseti Adjustable Height Table, Black jaoks \u26df Kiire kohaletoimetamine Eestis \u2b50 Garanteeritud\",\"breadcrumb\":{\"@id\":\"https:\/\/odavprint.ee\/et\/product\/forseti-adjustable-height-table-black\/#breadcrumb\"},\"inLanguage\":\"et\",\"potentialAction\":[{\"@type\":\"ReadAction\",\"target\":[\"https:\/\/odavprint.ee\/et\/product\/forseti-adjustable-height-table-black\/\"]}]},{\"@type\":\"ImageObject\",\"inLanguage\":\"et\",\"@id\":\"https:\/\/odavprint.ee\/et\/product\/forseti-adjustable-height-table-black\/#primaryimage\",\"url\":\"https:\/\/odavprint.ee\/wp-content\/uploads\/2023\/06\/forseti.jpg\",\"contentUrl\":\"https:\/\/odavprint.ee\/wp-content\/uploads\/2023\/06\/forseti.jpg\",\"width\":300,\"height\":300},{\"@type\":\"BreadcrumbList\",\"@id\":\"https:\/\/odavprint.ee\/et\/product\/forseti-adjustable-height-table-black\/#breadcrumb\",\"itemListElement\":[{\"@type\":\"ListItem\",\"position\":1,\"name\":\"Home\",\"item\":\"https:\/\/odavprint.ee\/et\/esileht\/\"},{\"@type\":\"ListItem\",\"position\":2,\"name\":\"E-pood\",\"item\":\"https:\/\/odavprint.ee\/et\/shop\/\"},{\"@type\":\"ListItem\",\"position\":3,\"name\":\"Up Up Forseti Adjustable Height Table, Black\"}]},{\"@type\":\"WebSite\",\"@id\":\"https:\/\/odavprint.ee\/et\/#website\",\"url\":\"https:\/\/odavprint.ee\/et\/\",\"name\":\"Odav Print\",\"description\":\"Just another WordPress site\",\"publisher\":{\"@id\":\"https:\/\/odavprint.ee\/et\/#organization\"},\"alternateName\":\"Kassettide, toonerite t\u00e4itmine ja m\u00fc\u00fck.\",\"potentialAction\":[{\"@type\":\"SearchAction\",\"target\":{\"@type\":\"EntryPoint\",\"urlTemplate\":\"https:\/\/odavprint.ee\/et\/?s={search_term_string}\"},\"query-input\":\"required name=search_term_string\"}],\"inLanguage\":\"et\"},{\"@type\":[\"Organization\",\"Place\"],\"@id\":\"https:\/\/odavprint.ee\/et\/#organization\",\"name\":\"Odav Print O\u00dc\",\"url\":\"https:\/\/odavprint.ee\/et\/\",\"logo\":{\"@id\":\"https:\/\/odavprint.ee\/et\/product\/forseti-adjustable-height-table-black\/#local-main-organization-logo\"},\"image\":{\"@id\":\"https:\/\/odavprint.ee\/et\/product\/forseti-adjustable-height-table-black\/#local-main-organization-logo\"},\"address\":{\"@id\":\"https:\/\/odavprint.ee\/et\/product\/forseti-adjustable-height-table-black\/#local-main-place-address\"},\"geo\":{\"@type\":\"GeoCoordinates\",\"latitude\":\"59.4306504\",\"longitude\":\"24.8095743\"},\"telephone\":[\"53836926\"],\"openingHoursSpecification\":[{\"@type\":\"OpeningHoursSpecification\",\"dayOfWeek\":[\"Monday\",\"Tuesday\",\"Wednesday\",\"Thursday\",\"Friday\",\"Saturday\",\"Sunday\"],\"opens\":\"09:00\",\"closes\":\"17:00\"}],\"email\":\"info@odavprint.eu\"},{\"@type\":\"PostalAddress\",\"@id\":\"https:\/\/odavprint.ee\/et\/product\/forseti-adjustable-height-table-black\/#local-main-place-address\",\"streetAddress\":\"Pae tn 28\",\"addressLocality\":\"Tallinn\",\"postalCode\":\"11415\",\"addressRegion\":\"Harjumaa\",\"addressCountry\":\"EE\"},{\"@type\":\"ImageObject\",\"inLanguage\":\"et\",\"@id\":\"https:\/\/odavprint.ee\/et\/product\/forseti-adjustable-height-table-black\/#local-main-organization-logo\",\"url\":\"https:\/\/odavprint.ee\/wp-content\/uploads\/2018\/10\/odavprint-logo-240.jpg\",\"contentUrl\":\"https:\/\/odavprint.ee\/wp-content\/uploads\/2018\/10\/odavprint-logo-240.jpg\",\"width\":240,\"height\":36,\"caption\":\"Odav Print O\u00dc\"}]}<\/script>\n<meta property=\"product:price:amount\" content=\"116.90\" \/>\n<meta property=\"product:price:currency\" content=\"EUR\" \/>\n<meta property=\"og:availability\" content=\"instock\" \/>\n<meta property=\"product:availability\" content=\"instock\" \/>\n<meta property=\"product:condition\" content=\"new\" \/>\n<meta name=\"geo.placename\" content=\"Tallinn\" \/>\n<meta name=\"geo.position\" content=\"59.4306504;24.8095743\" \/>\n<meta name=\"geo.region\" content=\"Estonia\" \/>\n<!-- \/ Yoast SEO Premium plugin. -->","yoast_head_json":{"title":"Up Up Forseti Adjustable Height Table, Black, hea hinnaga, osta e-pood - Odav Print","description":"Osta Up Up Forseti Adjustable Height Table, Black Odav Print \u260e +372 5911 9495 \u2714\ufe0f Parim hind Up Up Forseti Adjustable Height Table, Black jaoks \u26df Kiire kohaletoimetamine Eestis \u2b50 Garanteeritud","robots":{"index":"index","follow":"follow","max-snippet":"max-snippet:-1","max-image-preview":"max-image-preview:large","max-video-preview":"max-video-preview:-1"},"canonical":"https:\/\/odavprint.ee\/et\/product\/forseti-adjustable-height-table-black\/","og_locale":"et_EE","og_type":"article","og_title":"Up Up Forseti Adjustable Height Table, Black","og_description":"Osta Up Up Forseti Adjustable Height Table, Black Odav Print \u260e +372 5911 9495 \u2714\ufe0f Parim hind Up Up Forseti Adjustable Height Table, Black jaoks \u26df Kiire kohaletoimetamine Eestis \u2b50 Garanteeritud","og_url":"https:\/\/odavprint.ee\/et\/product\/forseti-adjustable-height-table-black\/","og_site_name":"Odav Print","og_image":[{"width":300,"height":300,"url":"https:\/\/odavprint.ee\/wp-content\/uploads\/2023\/06\/forseti.jpg","type":"image\/jpeg"}],"twitter_card":"summary_large_image","twitter_misc":{"Price":"&euro;116.90","Availability":"In stock"},"schema":{"@context":"https:\/\/schema.org","@graph":[{"@type":["WebPage","ItemPage"],"@id":"https:\/\/odavprint.ee\/et\/product\/forseti-adjustable-height-table-black\/","url":"https:\/\/odavprint.ee\/et\/product\/forseti-adjustable-height-table-black\/","name":"Up Up Forseti Adjustable Height Table, Black, hea hinnaga, osta e-pood - Odav Print","isPartOf":{"@id":"https:\/\/odavprint.ee\/et\/#website"},"primaryImageOfPage":{"@id":"https:\/\/odavprint.ee\/et\/product\/forseti-adjustable-height-table-black\/#primaryimage"},"image":{"@id":"https:\/\/odavprint.ee\/et\/product\/forseti-adjustable-height-table-black\/#primaryimage"},"thumbnailUrl":"https:\/\/odavprint.ee\/wp-content\/uploads\/2023\/06\/forseti.jpg","datePublished":"2023-06-06T14:16:32+00:00","dateModified":"2023-06-06T14:16:32+00:00","description":"Osta Up Up Forseti Adjustable Height Table, Black Odav Print \u260e +372 5911 9495 \u2714\ufe0f Parim hind Up Up Forseti Adjustable Height Table, Black jaoks \u26df Kiire kohaletoimetamine Eestis \u2b50 Garanteeritud","breadcrumb":{"@id":"https:\/\/odavprint.ee\/et\/product\/forseti-adjustable-height-table-black\/#breadcrumb"},"inLanguage":"et","potentialAction":[{"@type":"ReadAction","target":["https:\/\/odavprint.ee\/et\/product\/forseti-adjustable-height-table-black\/"]}]},{"@type":"ImageObject","inLanguage":"et","@id":"https:\/\/odavprint.ee\/et\/product\/forseti-adjustable-height-table-black\/#primaryimage","url":"https:\/\/odavprint.ee\/wp-content\/uploads\/2023\/06\/forseti.jpg","contentUrl":"https:\/\/odavprint.ee\/wp-content\/uploads\/2023\/06\/forseti.jpg","width":300,"height":300},{"@type":"BreadcrumbList","@id":"https:\/\/odavprint.ee\/et\/product\/forseti-adjustable-height-table-black\/#breadcrumb","itemListElement":[{"@type":"ListItem","position":1,"name":"Home","item":"https:\/\/odavprint.ee\/et\/esileht\/"},{"@type":"ListItem","position":2,"name":"E-pood","item":"https:\/\/odavprint.ee\/et\/shop\/"},{"@type":"ListItem","position":3,"name":"Up Up Forseti Adjustable Height Table, Black"}]},{"@type":"WebSite","@id":"https:\/\/odavprint.ee\/et\/#website","url":"https:\/\/odavprint.ee\/et\/","name":"Odav Print","description":"Just another WordPress site","publisher":{"@id":"https:\/\/odavprint.ee\/et\/#organization"},"alternateName":"Kassettide, toonerite t\u00e4itmine ja m\u00fc\u00fck.","potentialAction":[{"@type":"SearchAction","target":{"@type":"EntryPoint","urlTemplate":"https:\/\/odavprint.ee\/et\/?s={search_term_string}"},"query-input":"required name=search_term_string"}],"inLanguage":"et"},{"@type":["Organization","Place"],"@id":"https:\/\/odavprint.ee\/et\/#organization","name":"Odav Print O\u00dc","url":"https:\/\/odavprint.ee\/et\/","logo":{"@id":"https:\/\/odavprint.ee\/et\/product\/forseti-adjustable-height-table-black\/#local-main-organization-logo"},"image":{"@id":"https:\/\/odavprint.ee\/et\/product\/forseti-adjustable-height-table-black\/#local-main-organization-logo"},"address":{"@id":"https:\/\/odavprint.ee\/et\/product\/forseti-adjustable-height-table-black\/#local-main-place-address"},"geo":{"@type":"GeoCoordinates","latitude":"59.4306504","longitude":"24.8095743"},"telephone":["53836926"],"openingHoursSpecification":[{"@type":"OpeningHoursSpecification","dayOfWeek":["Monday","Tuesday","Wednesday","Thursday","Friday","Saturday","Sunday"],"opens":"09:00","closes":"17:00"}],"email":"info@odavprint.eu"},{"@type":"PostalAddress","@id":"https:\/\/odavprint.ee\/et\/product\/forseti-adjustable-height-table-black\/#local-main-place-address","streetAddress":"Pae tn 28","addressLocality":"Tallinn","postalCode":"11415","addressRegion":"Harjumaa","addressCountry":"EE"},{"@type":"ImageObject","inLanguage":"et","@id":"https:\/\/odavprint.ee\/et\/product\/forseti-adjustable-height-table-black\/#local-main-organization-logo","url":"https:\/\/odavprint.ee\/wp-content\/uploads\/2018\/10\/odavprint-logo-240.jpg","contentUrl":"https:\/\/odavprint.ee\/wp-content\/uploads\/2018\/10\/odavprint-logo-240.jpg","width":240,"height":36,"caption":"Odav Print O\u00dc"}]},"product_price_amount":"116.90","product_price_currency":"EUR","og_availability":"instock","product_availability":"instock","product_condition":"new","geo.placename":"Tallinn","geo.position":{"lat":"59.4306504","long":"24.8095743"},"geo.region":"Estonia"},"_links":{"self":[{"href":"https:\/\/odavprint.ee\/et\/wp-json\/wp\/v2\/product\/188315"}],"collection":[{"href":"https:\/\/odavprint.ee\/et\/wp-json\/wp\/v2\/product"}],"about":[{"href":"https:\/\/odavprint.ee\/et\/wp-json\/wp\/v2\/types\/product"}],"wp:featuredmedia":[{"embeddable":true,"href":"https:\/\/odavprint.ee\/et\/wp-json\/wp\/v2\/media\/188316"}],"wp:attachment":[{"href":"https:\/\/odavprint.ee\/et\/wp-json\/wp\/v2\/media?parent=188315"}],"wp:term":[{"taxonomy":"product_cat","embeddable":true,"href":"https:\/\/odavprint.ee\/et\/wp-json\/wp\/v2\/product_cat?post=188315"},{"taxonomy":"product_tag","embeddable":true,"href":"https:\/\/odavprint.ee\/et\/wp-json\/wp\/v2\/product_tag?post=188315"}],"curies":[{"name":"wp","href":"https:\/\/api.w.org\/{rel}","templated":true}]}}