{"id":190049,"date":"2023-08-30T12:40:58","date_gmt":"2023-08-30T09:40:58","guid":{"rendered":"https:\/\/odavprint.ee\/product\/coffee-capsules-filicori-zecchini-espresso-classico-dolcegusto-10-pcs-pack\/"},"modified":"2023-08-30T12:40:58","modified_gmt":"2023-08-30T09:40:58","slug":"coffee-capsules-filicori-zecchini-espresso-classico-dolcegusto-10-pcs-pack","status":"publish","type":"product","link":"https:\/\/odavprint.ee\/et\/product\/coffee-capsules-filicori-zecchini-espresso-classico-dolcegusto-10-pcs-pack\/","title":{"rendered":"Coffee capsules Filicori Zecchini Espresso Classico Dolcegusto, 10 pcs.\/pack."},"content":{"rendered":"<p><b>Espresso Classico<\/b> &#8211; We have added all the experience and knowledge we have gained to this blend of classic Espresso in order to get the best expression of the aroma of Espresso when using a coffee capsule. The carefully selected Arabica meets the roasted Robusta, which perfectly revitalizes the mixture by giving it a well-rounded and balanced taste.<\/p>\n<p>\u00a0<\/p>\n<p>Filicori Zecchini, since 1919 a story of passion and coffee<br \/>\nEver since 1919, Filicori Zecchini has been synonymous with quality coffee, Bolognese history, experience and family. Right at the end of World War I, in fact, Aldo Filicori and Luigi Zecchini decided to start up a new commercial activity in Bologna which embraced, under their watchful and expert supervision, the entire coffee production chain. Around the Filicori Zecchini coffee cup, a real world of values was soon constructed, which, still today, combines that passion for the traditional with technological innovation to create unmistakable products. Tasting Filicori Zecchini coffee, is, in fact, a unique experience precisely because it recounts and echoes a century old story.<\/p>\n<p>\u00a0<\/p>\n<p style=\"text-align: center;\"><img loading=\"lazy\" decoding=\"async\" src=\"\/Files\/filicori 2(3).png\" width=\"1000\" height=\"2332\" alt=\"\" \/><br \/>\n\u00a0<\/p>\n","protected":false},"excerpt":{"rendered":"<p>Espresso Classico &#8211; We have added all the experience and knowledge we have gained to this blend of classic Espresso in order to get the best expression of the aroma of Espresso when using a coffee capsule. The carefully selected Arabica meets the roasted Robusta, which perfectly revitalizes the mixture by giving it a well-rounded [&#8230;]\n","protected":false},"featured_media":190050,"template":"","meta":{"inline_featured_image":false},"product_cat":[38162],"product_tag":[],"yoast_head":"<!-- This site is optimized with the Yoast SEO Premium plugin v23.0 (Yoast SEO v23.0) - https:\/\/yoast.com\/wordpress\/plugins\/seo\/ -->\n<title>Coffee capsules Filicori Zecchini Espresso Classico Dolcegusto, 10 pcs.\/pack., hea hinnaga, osta e-pood - Odav Print<\/title>\n<meta name=\"description\" content=\"Osta Coffee capsules Filicori Zecchini Espresso Classico Dolcegusto, 10 pcs.\/pack. Odav Print \u260e +372 5911 9495 \u2714\ufe0f Parim hind Coffee capsules Filicori Zecchini Espresso Classico Dolcegusto, 10 pcs.\/pack. jaoks \u26df Kiire kohaletoimetamine Eestis \u2b50 Garanteeritud\" \/>\n<meta name=\"robots\" content=\"index, follow, max-snippet:-1, max-image-preview:large, max-video-preview:-1\" \/>\n<link rel=\"canonical\" href=\"https:\/\/odavprint.ee\/et\/product\/coffee-capsules-filicori-zecchini-espresso-classico-dolcegusto-10-pcs-pack\/\" \/>\n<meta property=\"og:locale\" content=\"et_EE\" \/>\n<meta property=\"og:type\" content=\"article\" \/>\n<meta property=\"og:title\" content=\"Coffee capsules Filicori Zecchini Espresso Classico Dolcegusto, 10 pcs.\/pack.\" \/>\n<meta property=\"og:description\" content=\"Osta Coffee capsules Filicori Zecchini Espresso Classico Dolcegusto, 10 pcs.\/pack. Odav Print \u260e +372 5911 9495 \u2714\ufe0f Parim hind Coffee capsules Filicori Zecchini Espresso Classico Dolcegusto, 10 pcs.\/pack. jaoks \u26df Kiire kohaletoimetamine Eestis \u2b50 Garanteeritud\" \/>\n<meta property=\"og:url\" content=\"https:\/\/odavprint.ee\/et\/product\/coffee-capsules-filicori-zecchini-espresso-classico-dolcegusto-10-pcs-pack\/\" \/>\n<meta property=\"og:site_name\" content=\"Odav Print\" \/>\n<meta property=\"og:image\" content=\"https:\/\/odavprint.ee\/wp-content\/uploads\/2023\/08\/190049_unnamed_2_1_875x563.jpg\" \/>\n\t<meta property=\"og:image:width\" content=\"777\" \/>\n\t<meta property=\"og:image:height\" content=\"500\" \/>\n\t<meta property=\"og:image:type\" content=\"image\/jpeg\" \/>\n<meta name=\"twitter:card\" content=\"summary_large_image\" \/>\n<meta name=\"twitter:label1\" content=\"Price\" \/>\n\t<meta name=\"twitter:data1\" content=\"&euro;5.20\" \/>\n\t<meta name=\"twitter:label2\" content=\"Availability\" \/>\n\t<meta name=\"twitter:data2\" content=\"Out of stock\" \/>\n<script type=\"application\/ld+json\" class=\"yoast-schema-graph\">{\"@context\":\"https:\/\/schema.org\",\"@graph\":[{\"@type\":[\"WebPage\",\"ItemPage\"],\"@id\":\"https:\/\/odavprint.ee\/et\/product\/coffee-capsules-filicori-zecchini-espresso-classico-dolcegusto-10-pcs-pack\/\",\"url\":\"https:\/\/odavprint.ee\/et\/product\/coffee-capsules-filicori-zecchini-espresso-classico-dolcegusto-10-pcs-pack\/\",\"name\":\"Coffee capsules Filicori Zecchini Espresso Classico Dolcegusto, 10 pcs.\/pack., hea hinnaga, osta e-pood - Odav Print\",\"isPartOf\":{\"@id\":\"https:\/\/odavprint.ee\/et\/#website\"},\"primaryImageOfPage\":{\"@id\":\"https:\/\/odavprint.ee\/et\/product\/coffee-capsules-filicori-zecchini-espresso-classico-dolcegusto-10-pcs-pack\/#primaryimage\"},\"image\":{\"@id\":\"https:\/\/odavprint.ee\/et\/product\/coffee-capsules-filicori-zecchini-espresso-classico-dolcegusto-10-pcs-pack\/#primaryimage\"},\"thumbnailUrl\":\"https:\/\/odavprint.ee\/wp-content\/uploads\/2023\/08\/190049_unnamed_2_1_875x563.jpg\",\"datePublished\":\"2023-08-30T09:40:58+00:00\",\"dateModified\":\"2023-08-30T09:40:58+00:00\",\"description\":\"Osta Coffee capsules Filicori Zecchini Espresso Classico Dolcegusto, 10 pcs.\/pack. Odav Print \u260e +372 5911 9495 \u2714\ufe0f Parim hind Coffee capsules Filicori Zecchini Espresso Classico Dolcegusto, 10 pcs.\/pack. jaoks \u26df Kiire kohaletoimetamine Eestis \u2b50 Garanteeritud\",\"breadcrumb\":{\"@id\":\"https:\/\/odavprint.ee\/et\/product\/coffee-capsules-filicori-zecchini-espresso-classico-dolcegusto-10-pcs-pack\/#breadcrumb\"},\"inLanguage\":\"et\",\"potentialAction\":[{\"@type\":\"ReadAction\",\"target\":[\"https:\/\/odavprint.ee\/et\/product\/coffee-capsules-filicori-zecchini-espresso-classico-dolcegusto-10-pcs-pack\/\"]}]},{\"@type\":\"ImageObject\",\"inLanguage\":\"et\",\"@id\":\"https:\/\/odavprint.ee\/et\/product\/coffee-capsules-filicori-zecchini-espresso-classico-dolcegusto-10-pcs-pack\/#primaryimage\",\"url\":\"https:\/\/odavprint.ee\/wp-content\/uploads\/2023\/08\/190049_unnamed_2_1_875x563.jpg\",\"contentUrl\":\"https:\/\/odavprint.ee\/wp-content\/uploads\/2023\/08\/190049_unnamed_2_1_875x563.jpg\",\"width\":777,\"height\":500},{\"@type\":\"BreadcrumbList\",\"@id\":\"https:\/\/odavprint.ee\/et\/product\/coffee-capsules-filicori-zecchini-espresso-classico-dolcegusto-10-pcs-pack\/#breadcrumb\",\"itemListElement\":[{\"@type\":\"ListItem\",\"position\":1,\"name\":\"Home\",\"item\":\"https:\/\/odavprint.ee\/et\/esileht\/\"},{\"@type\":\"ListItem\",\"position\":2,\"name\":\"E-pood\",\"item\":\"https:\/\/odavprint.ee\/et\/shop\/\"},{\"@type\":\"ListItem\",\"position\":3,\"name\":\"Coffee capsules Filicori Zecchini Espresso Classico Dolcegusto, 10 pcs.\/pack.\"}]},{\"@type\":\"WebSite\",\"@id\":\"https:\/\/odavprint.ee\/et\/#website\",\"url\":\"https:\/\/odavprint.ee\/et\/\",\"name\":\"Odav Print\",\"description\":\"Just another WordPress site\",\"publisher\":{\"@id\":\"https:\/\/odavprint.ee\/et\/#organization\"},\"alternateName\":\"Kassettide, toonerite t\u00e4itmine ja m\u00fc\u00fck.\",\"potentialAction\":[{\"@type\":\"SearchAction\",\"target\":{\"@type\":\"EntryPoint\",\"urlTemplate\":\"https:\/\/odavprint.ee\/et\/?s={search_term_string}\"},\"query-input\":\"required name=search_term_string\"}],\"inLanguage\":\"et\"},{\"@type\":[\"Organization\",\"Place\"],\"@id\":\"https:\/\/odavprint.ee\/et\/#organization\",\"name\":\"Odav Print O\u00dc\",\"url\":\"https:\/\/odavprint.ee\/et\/\",\"logo\":{\"@id\":\"https:\/\/odavprint.ee\/et\/product\/coffee-capsules-filicori-zecchini-espresso-classico-dolcegusto-10-pcs-pack\/#local-main-organization-logo\"},\"image\":{\"@id\":\"https:\/\/odavprint.ee\/et\/product\/coffee-capsules-filicori-zecchini-espresso-classico-dolcegusto-10-pcs-pack\/#local-main-organization-logo\"},\"address\":{\"@id\":\"https:\/\/odavprint.ee\/et\/product\/coffee-capsules-filicori-zecchini-espresso-classico-dolcegusto-10-pcs-pack\/#local-main-place-address\"},\"geo\":{\"@type\":\"GeoCoordinates\",\"latitude\":\"59.4306504\",\"longitude\":\"24.8095743\"},\"telephone\":[\"53836926\"],\"openingHoursSpecification\":[{\"@type\":\"OpeningHoursSpecification\",\"dayOfWeek\":[\"Monday\",\"Tuesday\",\"Wednesday\",\"Thursday\",\"Friday\",\"Saturday\",\"Sunday\"],\"opens\":\"09:00\",\"closes\":\"17:00\"}],\"email\":\"info@odavprint.eu\"},{\"@type\":\"PostalAddress\",\"@id\":\"https:\/\/odavprint.ee\/et\/product\/coffee-capsules-filicori-zecchini-espresso-classico-dolcegusto-10-pcs-pack\/#local-main-place-address\",\"streetAddress\":\"Pae tn 28\",\"addressLocality\":\"Tallinn\",\"postalCode\":\"11415\",\"addressRegion\":\"Harjumaa\",\"addressCountry\":\"EE\"},{\"@type\":\"ImageObject\",\"inLanguage\":\"et\",\"@id\":\"https:\/\/odavprint.ee\/et\/product\/coffee-capsules-filicori-zecchini-espresso-classico-dolcegusto-10-pcs-pack\/#local-main-organization-logo\",\"url\":\"https:\/\/odavprint.ee\/wp-content\/uploads\/2018\/10\/odavprint-logo-240.jpg\",\"contentUrl\":\"https:\/\/odavprint.ee\/wp-content\/uploads\/2018\/10\/odavprint-logo-240.jpg\",\"width\":240,\"height\":36,\"caption\":\"Odav Print O\u00dc\"}]}<\/script>\n<meta property=\"product:price:amount\" content=\"5.20\" \/>\n<meta property=\"product:price:currency\" content=\"EUR\" \/>\n<meta property=\"og:availability\" content=\"out of stock\" \/>\n<meta property=\"product:availability\" content=\"out of stock\" \/>\n<meta property=\"product:retailer_item_id\" content=\"30619\" \/>\n<meta property=\"product:condition\" content=\"new\" \/>\n<meta name=\"geo.placename\" content=\"Tallinn\" \/>\n<meta name=\"geo.position\" content=\"59.4306504;24.8095743\" \/>\n<meta name=\"geo.region\" content=\"Estonia\" \/>\n<!-- \/ Yoast SEO Premium plugin. -->","yoast_head_json":{"title":"Coffee capsules Filicori Zecchini Espresso Classico Dolcegusto, 10 pcs.\/pack., hea hinnaga, osta e-pood - Odav Print","description":"Osta Coffee capsules Filicori Zecchini Espresso Classico Dolcegusto, 10 pcs.\/pack. Odav Print \u260e +372 5911 9495 \u2714\ufe0f Parim hind Coffee capsules Filicori Zecchini Espresso Classico Dolcegusto, 10 pcs.\/pack. jaoks \u26df Kiire kohaletoimetamine Eestis \u2b50 Garanteeritud","robots":{"index":"index","follow":"follow","max-snippet":"max-snippet:-1","max-image-preview":"max-image-preview:large","max-video-preview":"max-video-preview:-1"},"canonical":"https:\/\/odavprint.ee\/et\/product\/coffee-capsules-filicori-zecchini-espresso-classico-dolcegusto-10-pcs-pack\/","og_locale":"et_EE","og_type":"article","og_title":"Coffee capsules Filicori Zecchini Espresso Classico Dolcegusto, 10 pcs.\/pack.","og_description":"Osta Coffee capsules Filicori Zecchini Espresso Classico Dolcegusto, 10 pcs.\/pack. Odav Print \u260e +372 5911 9495 \u2714\ufe0f Parim hind Coffee capsules Filicori Zecchini Espresso Classico Dolcegusto, 10 pcs.\/pack. jaoks \u26df Kiire kohaletoimetamine Eestis \u2b50 Garanteeritud","og_url":"https:\/\/odavprint.ee\/et\/product\/coffee-capsules-filicori-zecchini-espresso-classico-dolcegusto-10-pcs-pack\/","og_site_name":"Odav Print","og_image":[{"width":777,"height":500,"url":"https:\/\/odavprint.ee\/wp-content\/uploads\/2023\/08\/190049_unnamed_2_1_875x563.jpg","type":"image\/jpeg"}],"twitter_card":"summary_large_image","twitter_misc":{"Price":"&euro;5.20","Availability":"Out of stock"},"schema":{"@context":"https:\/\/schema.org","@graph":[{"@type":["WebPage","ItemPage"],"@id":"https:\/\/odavprint.ee\/et\/product\/coffee-capsules-filicori-zecchini-espresso-classico-dolcegusto-10-pcs-pack\/","url":"https:\/\/odavprint.ee\/et\/product\/coffee-capsules-filicori-zecchini-espresso-classico-dolcegusto-10-pcs-pack\/","name":"Coffee capsules Filicori Zecchini Espresso Classico Dolcegusto, 10 pcs.\/pack., hea hinnaga, osta e-pood - Odav Print","isPartOf":{"@id":"https:\/\/odavprint.ee\/et\/#website"},"primaryImageOfPage":{"@id":"https:\/\/odavprint.ee\/et\/product\/coffee-capsules-filicori-zecchini-espresso-classico-dolcegusto-10-pcs-pack\/#primaryimage"},"image":{"@id":"https:\/\/odavprint.ee\/et\/product\/coffee-capsules-filicori-zecchini-espresso-classico-dolcegusto-10-pcs-pack\/#primaryimage"},"thumbnailUrl":"https:\/\/odavprint.ee\/wp-content\/uploads\/2023\/08\/190049_unnamed_2_1_875x563.jpg","datePublished":"2023-08-30T09:40:58+00:00","dateModified":"2023-08-30T09:40:58+00:00","description":"Osta Coffee capsules Filicori Zecchini Espresso Classico Dolcegusto, 10 pcs.\/pack. Odav Print \u260e +372 5911 9495 \u2714\ufe0f Parim hind Coffee capsules Filicori Zecchini Espresso Classico Dolcegusto, 10 pcs.\/pack. jaoks \u26df Kiire kohaletoimetamine Eestis \u2b50 Garanteeritud","breadcrumb":{"@id":"https:\/\/odavprint.ee\/et\/product\/coffee-capsules-filicori-zecchini-espresso-classico-dolcegusto-10-pcs-pack\/#breadcrumb"},"inLanguage":"et","potentialAction":[{"@type":"ReadAction","target":["https:\/\/odavprint.ee\/et\/product\/coffee-capsules-filicori-zecchini-espresso-classico-dolcegusto-10-pcs-pack\/"]}]},{"@type":"ImageObject","inLanguage":"et","@id":"https:\/\/odavprint.ee\/et\/product\/coffee-capsules-filicori-zecchini-espresso-classico-dolcegusto-10-pcs-pack\/#primaryimage","url":"https:\/\/odavprint.ee\/wp-content\/uploads\/2023\/08\/190049_unnamed_2_1_875x563.jpg","contentUrl":"https:\/\/odavprint.ee\/wp-content\/uploads\/2023\/08\/190049_unnamed_2_1_875x563.jpg","width":777,"height":500},{"@type":"BreadcrumbList","@id":"https:\/\/odavprint.ee\/et\/product\/coffee-capsules-filicori-zecchini-espresso-classico-dolcegusto-10-pcs-pack\/#breadcrumb","itemListElement":[{"@type":"ListItem","position":1,"name":"Home","item":"https:\/\/odavprint.ee\/et\/esileht\/"},{"@type":"ListItem","position":2,"name":"E-pood","item":"https:\/\/odavprint.ee\/et\/shop\/"},{"@type":"ListItem","position":3,"name":"Coffee capsules Filicori Zecchini Espresso Classico Dolcegusto, 10 pcs.\/pack."}]},{"@type":"WebSite","@id":"https:\/\/odavprint.ee\/et\/#website","url":"https:\/\/odavprint.ee\/et\/","name":"Odav Print","description":"Just another WordPress site","publisher":{"@id":"https:\/\/odavprint.ee\/et\/#organization"},"alternateName":"Kassettide, toonerite t\u00e4itmine ja m\u00fc\u00fck.","potentialAction":[{"@type":"SearchAction","target":{"@type":"EntryPoint","urlTemplate":"https:\/\/odavprint.ee\/et\/?s={search_term_string}"},"query-input":"required name=search_term_string"}],"inLanguage":"et"},{"@type":["Organization","Place"],"@id":"https:\/\/odavprint.ee\/et\/#organization","name":"Odav Print O\u00dc","url":"https:\/\/odavprint.ee\/et\/","logo":{"@id":"https:\/\/odavprint.ee\/et\/product\/coffee-capsules-filicori-zecchini-espresso-classico-dolcegusto-10-pcs-pack\/#local-main-organization-logo"},"image":{"@id":"https:\/\/odavprint.ee\/et\/product\/coffee-capsules-filicori-zecchini-espresso-classico-dolcegusto-10-pcs-pack\/#local-main-organization-logo"},"address":{"@id":"https:\/\/odavprint.ee\/et\/product\/coffee-capsules-filicori-zecchini-espresso-classico-dolcegusto-10-pcs-pack\/#local-main-place-address"},"geo":{"@type":"GeoCoordinates","latitude":"59.4306504","longitude":"24.8095743"},"telephone":["53836926"],"openingHoursSpecification":[{"@type":"OpeningHoursSpecification","dayOfWeek":["Monday","Tuesday","Wednesday","Thursday","Friday","Saturday","Sunday"],"opens":"09:00","closes":"17:00"}],"email":"info@odavprint.eu"},{"@type":"PostalAddress","@id":"https:\/\/odavprint.ee\/et\/product\/coffee-capsules-filicori-zecchini-espresso-classico-dolcegusto-10-pcs-pack\/#local-main-place-address","streetAddress":"Pae tn 28","addressLocality":"Tallinn","postalCode":"11415","addressRegion":"Harjumaa","addressCountry":"EE"},{"@type":"ImageObject","inLanguage":"et","@id":"https:\/\/odavprint.ee\/et\/product\/coffee-capsules-filicori-zecchini-espresso-classico-dolcegusto-10-pcs-pack\/#local-main-organization-logo","url":"https:\/\/odavprint.ee\/wp-content\/uploads\/2018\/10\/odavprint-logo-240.jpg","contentUrl":"https:\/\/odavprint.ee\/wp-content\/uploads\/2018\/10\/odavprint-logo-240.jpg","width":240,"height":36,"caption":"Odav Print O\u00dc"}]},"product_price_amount":"5.20","product_price_currency":"EUR","og_availability":"out of stock","product_availability":"out of stock","product_retailer_item_id":"30619","product_condition":"new","geo.placename":"Tallinn","geo.position":{"lat":"59.4306504","long":"24.8095743"},"geo.region":"Estonia"},"_links":{"self":[{"href":"https:\/\/odavprint.ee\/et\/wp-json\/wp\/v2\/product\/190049"}],"collection":[{"href":"https:\/\/odavprint.ee\/et\/wp-json\/wp\/v2\/product"}],"about":[{"href":"https:\/\/odavprint.ee\/et\/wp-json\/wp\/v2\/types\/product"}],"wp:featuredmedia":[{"embeddable":true,"href":"https:\/\/odavprint.ee\/et\/wp-json\/wp\/v2\/media\/190050"}],"wp:attachment":[{"href":"https:\/\/odavprint.ee\/et\/wp-json\/wp\/v2\/media?parent=190049"}],"wp:term":[{"taxonomy":"product_cat","embeddable":true,"href":"https:\/\/odavprint.ee\/et\/wp-json\/wp\/v2\/product_cat?post=190049"},{"taxonomy":"product_tag","embeddable":true,"href":"https:\/\/odavprint.ee\/et\/wp-json\/wp\/v2\/product_tag?post=190049"}],"curies":[{"name":"wp","href":"https:\/\/api.w.org\/{rel}","templated":true}]}}