{"id":190079,"date":"2023-08-30T12:41:04","date_gmt":"2023-08-30T09:41:04","guid":{"rendered":"https:\/\/odavprint.ee\/product\/nescafe-dolce-gusto-latte-macchiato-16cap\/"},"modified":"2023-08-30T12:41:04","modified_gmt":"2023-08-30T09:41:04","slug":"nescafe-dolce-gusto-latte-macchiato-16cap","status":"publish","type":"product","link":"https:\/\/odavprint.ee\/et\/product\/nescafe-dolce-gusto-latte-macchiato-16cap\/","title":{"rendered":"NESCAFE Dolce Gusto Latte Macchiato  16Cap"},"content":{"rendered":"<p>With a bottom layer of biscuit-coloured milk graduating to a layer of darker coffee, the Latte Macchiato is, in Italian, literally \u2018stained milk\u2019. The espresso sits on top of the milk to create its recognisable layered effect, and is then topped with delicious frothy milk. The Latte Macchiato is then finished with an elegant dot of dark crema, its unmistakable signature.<\/p>\n","protected":false},"excerpt":{"rendered":"<p>With a bottom layer of biscuit-coloured milk graduating to a layer of darker coffee, the Latte Macchiato is, in Italian, literally \u2018stained milk\u2019. The espresso sits on top of the milk to create its recognisable layered effect, and is then topped with delicious frothy milk. The Latte Macchiato is then finished with an elegant dot [&#8230;]\n","protected":false},"featured_media":190080,"template":"","meta":{"inline_featured_image":false},"product_cat":[38162],"product_tag":[],"yoast_head":"<!-- This site is optimized with the Yoast SEO Premium plugin v23.0 (Yoast SEO v23.0) - https:\/\/yoast.com\/wordpress\/plugins\/seo\/ -->\n<title>NESCAFE Dolce Gusto Latte Macchiato 16Cap, hea hinnaga, osta e-pood - Odav Print<\/title>\n<meta name=\"description\" content=\"Osta NESCAFE Dolce Gusto Latte Macchiato 16Cap Odav Print \u260e +372 5911 9495 \u2714\ufe0f Parim hind NESCAFE Dolce Gusto Latte Macchiato 16Cap jaoks \u26df Kiire kohaletoimetamine Eestis \u2b50 Garanteeritud\" \/>\n<meta name=\"robots\" content=\"index, follow, max-snippet:-1, max-image-preview:large, max-video-preview:-1\" \/>\n<link rel=\"canonical\" href=\"https:\/\/odavprint.ee\/et\/product\/nescafe-dolce-gusto-latte-macchiato-16cap\/\" \/>\n<meta property=\"og:locale\" content=\"et_EE\" \/>\n<meta property=\"og:type\" content=\"article\" \/>\n<meta property=\"og:title\" content=\"NESCAFE Dolce Gusto Latte Macchiato 16Cap\" \/>\n<meta property=\"og:description\" content=\"Osta NESCAFE Dolce Gusto Latte Macchiato 16Cap Odav Print \u260e +372 5911 9495 \u2714\ufe0f Parim hind NESCAFE Dolce Gusto Latte Macchiato 16Cap jaoks \u26df Kiire kohaletoimetamine Eestis \u2b50 Garanteeritud\" \/>\n<meta property=\"og:url\" content=\"https:\/\/odavprint.ee\/et\/product\/nescafe-dolce-gusto-latte-macchiato-16cap\/\" \/>\n<meta property=\"og:site_name\" content=\"Odav Print\" \/>\n<meta property=\"og:image\" content=\"https:\/\/odavprint.ee\/wp-content\/uploads\/2023\/08\/190079_xi_latte_macchiato_16x_new.jpg\" \/>\n\t<meta property=\"og:image:width\" content=\"500\" \/>\n\t<meta property=\"og:image:height\" content=\"500\" \/>\n\t<meta property=\"og:image:type\" content=\"image\/jpeg\" \/>\n<meta name=\"twitter:card\" content=\"summary_large_image\" \/>\n<meta name=\"twitter:label1\" content=\"Price\" \/>\n\t<meta name=\"twitter:data1\" content=\"&euro;8.40\" \/>\n\t<meta name=\"twitter:label2\" content=\"Availability\" \/>\n\t<meta name=\"twitter:data2\" content=\"In stock\" \/>\n<script type=\"application\/ld+json\" class=\"yoast-schema-graph\">{\"@context\":\"https:\/\/schema.org\",\"@graph\":[{\"@type\":[\"WebPage\",\"ItemPage\"],\"@id\":\"https:\/\/odavprint.ee\/et\/product\/nescafe-dolce-gusto-latte-macchiato-16cap\/\",\"url\":\"https:\/\/odavprint.ee\/et\/product\/nescafe-dolce-gusto-latte-macchiato-16cap\/\",\"name\":\"NESCAFE Dolce Gusto Latte Macchiato 16Cap, hea hinnaga, osta e-pood - Odav Print\",\"isPartOf\":{\"@id\":\"https:\/\/odavprint.ee\/et\/#website\"},\"primaryImageOfPage\":{\"@id\":\"https:\/\/odavprint.ee\/et\/product\/nescafe-dolce-gusto-latte-macchiato-16cap\/#primaryimage\"},\"image\":{\"@id\":\"https:\/\/odavprint.ee\/et\/product\/nescafe-dolce-gusto-latte-macchiato-16cap\/#primaryimage\"},\"thumbnailUrl\":\"https:\/\/odavprint.ee\/wp-content\/uploads\/2023\/08\/190079_xi_latte_macchiato_16x_new.jpg\",\"datePublished\":\"2023-08-30T09:41:04+00:00\",\"dateModified\":\"2023-08-30T09:41:04+00:00\",\"description\":\"Osta NESCAFE Dolce Gusto Latte Macchiato 16Cap Odav Print \u260e +372 5911 9495 \u2714\ufe0f Parim hind NESCAFE Dolce Gusto Latte Macchiato 16Cap jaoks \u26df Kiire kohaletoimetamine Eestis \u2b50 Garanteeritud\",\"breadcrumb\":{\"@id\":\"https:\/\/odavprint.ee\/et\/product\/nescafe-dolce-gusto-latte-macchiato-16cap\/#breadcrumb\"},\"inLanguage\":\"et\",\"potentialAction\":[{\"@type\":\"ReadAction\",\"target\":[\"https:\/\/odavprint.ee\/et\/product\/nescafe-dolce-gusto-latte-macchiato-16cap\/\"]}]},{\"@type\":\"ImageObject\",\"inLanguage\":\"et\",\"@id\":\"https:\/\/odavprint.ee\/et\/product\/nescafe-dolce-gusto-latte-macchiato-16cap\/#primaryimage\",\"url\":\"https:\/\/odavprint.ee\/wp-content\/uploads\/2023\/08\/190079_xi_latte_macchiato_16x_new.jpg\",\"contentUrl\":\"https:\/\/odavprint.ee\/wp-content\/uploads\/2023\/08\/190079_xi_latte_macchiato_16x_new.jpg\",\"width\":500,\"height\":500},{\"@type\":\"BreadcrumbList\",\"@id\":\"https:\/\/odavprint.ee\/et\/product\/nescafe-dolce-gusto-latte-macchiato-16cap\/#breadcrumb\",\"itemListElement\":[{\"@type\":\"ListItem\",\"position\":1,\"name\":\"Home\",\"item\":\"https:\/\/odavprint.ee\/et\/esileht\/\"},{\"@type\":\"ListItem\",\"position\":2,\"name\":\"E-pood\",\"item\":\"https:\/\/odavprint.ee\/et\/shop\/\"},{\"@type\":\"ListItem\",\"position\":3,\"name\":\"NESCAFE Dolce Gusto Latte Macchiato 16Cap\"}]},{\"@type\":\"WebSite\",\"@id\":\"https:\/\/odavprint.ee\/et\/#website\",\"url\":\"https:\/\/odavprint.ee\/et\/\",\"name\":\"Odav Print\",\"description\":\"Just another WordPress site\",\"publisher\":{\"@id\":\"https:\/\/odavprint.ee\/et\/#organization\"},\"alternateName\":\"Kassettide, toonerite t\u00e4itmine ja m\u00fc\u00fck.\",\"potentialAction\":[{\"@type\":\"SearchAction\",\"target\":{\"@type\":\"EntryPoint\",\"urlTemplate\":\"https:\/\/odavprint.ee\/et\/?s={search_term_string}\"},\"query-input\":\"required name=search_term_string\"}],\"inLanguage\":\"et\"},{\"@type\":[\"Organization\",\"Place\"],\"@id\":\"https:\/\/odavprint.ee\/et\/#organization\",\"name\":\"Odav Print O\u00dc\",\"url\":\"https:\/\/odavprint.ee\/et\/\",\"logo\":{\"@id\":\"https:\/\/odavprint.ee\/et\/product\/nescafe-dolce-gusto-latte-macchiato-16cap\/#local-main-organization-logo\"},\"image\":{\"@id\":\"https:\/\/odavprint.ee\/et\/product\/nescafe-dolce-gusto-latte-macchiato-16cap\/#local-main-organization-logo\"},\"address\":{\"@id\":\"https:\/\/odavprint.ee\/et\/product\/nescafe-dolce-gusto-latte-macchiato-16cap\/#local-main-place-address\"},\"geo\":{\"@type\":\"GeoCoordinates\",\"latitude\":\"59.4306504\",\"longitude\":\"24.8095743\"},\"telephone\":[\"53836926\"],\"openingHoursSpecification\":[{\"@type\":\"OpeningHoursSpecification\",\"dayOfWeek\":[\"Monday\",\"Tuesday\",\"Wednesday\",\"Thursday\",\"Friday\",\"Saturday\",\"Sunday\"],\"opens\":\"09:00\",\"closes\":\"17:00\"}],\"email\":\"info@odavprint.eu\"},{\"@type\":\"PostalAddress\",\"@id\":\"https:\/\/odavprint.ee\/et\/product\/nescafe-dolce-gusto-latte-macchiato-16cap\/#local-main-place-address\",\"streetAddress\":\"Pae tn 28\",\"addressLocality\":\"Tallinn\",\"postalCode\":\"11415\",\"addressRegion\":\"Harjumaa\",\"addressCountry\":\"EE\"},{\"@type\":\"ImageObject\",\"inLanguage\":\"et\",\"@id\":\"https:\/\/odavprint.ee\/et\/product\/nescafe-dolce-gusto-latte-macchiato-16cap\/#local-main-organization-logo\",\"url\":\"https:\/\/odavprint.ee\/wp-content\/uploads\/2018\/10\/odavprint-logo-240.jpg\",\"contentUrl\":\"https:\/\/odavprint.ee\/wp-content\/uploads\/2018\/10\/odavprint-logo-240.jpg\",\"width\":240,\"height\":36,\"caption\":\"Odav Print O\u00dc\"}]}<\/script>\n<meta property=\"product:price:amount\" content=\"8.40\" \/>\n<meta property=\"product:price:currency\" content=\"EUR\" \/>\n<meta property=\"og:availability\" content=\"instock\" \/>\n<meta property=\"product:availability\" content=\"instock\" \/>\n<meta property=\"product:retailer_item_id\" content=\"12416056\" \/>\n<meta property=\"product:condition\" content=\"new\" \/>\n<meta name=\"geo.placename\" content=\"Tallinn\" \/>\n<meta name=\"geo.position\" content=\"59.4306504;24.8095743\" \/>\n<meta name=\"geo.region\" content=\"Estonia\" \/>\n<!-- \/ Yoast SEO Premium plugin. -->","yoast_head_json":{"title":"NESCAFE Dolce Gusto Latte Macchiato 16Cap, hea hinnaga, osta e-pood - Odav Print","description":"Osta NESCAFE Dolce Gusto Latte Macchiato 16Cap Odav Print \u260e +372 5911 9495 \u2714\ufe0f Parim hind NESCAFE Dolce Gusto Latte Macchiato 16Cap jaoks \u26df Kiire kohaletoimetamine Eestis \u2b50 Garanteeritud","robots":{"index":"index","follow":"follow","max-snippet":"max-snippet:-1","max-image-preview":"max-image-preview:large","max-video-preview":"max-video-preview:-1"},"canonical":"https:\/\/odavprint.ee\/et\/product\/nescafe-dolce-gusto-latte-macchiato-16cap\/","og_locale":"et_EE","og_type":"article","og_title":"NESCAFE Dolce Gusto Latte Macchiato 16Cap","og_description":"Osta NESCAFE Dolce Gusto Latte Macchiato 16Cap Odav Print \u260e +372 5911 9495 \u2714\ufe0f Parim hind NESCAFE Dolce Gusto Latte Macchiato 16Cap jaoks \u26df Kiire kohaletoimetamine Eestis \u2b50 Garanteeritud","og_url":"https:\/\/odavprint.ee\/et\/product\/nescafe-dolce-gusto-latte-macchiato-16cap\/","og_site_name":"Odav Print","og_image":[{"width":500,"height":500,"url":"https:\/\/odavprint.ee\/wp-content\/uploads\/2023\/08\/190079_xi_latte_macchiato_16x_new.jpg","type":"image\/jpeg"}],"twitter_card":"summary_large_image","twitter_misc":{"Price":"&euro;8.40","Availability":"In stock"},"schema":{"@context":"https:\/\/schema.org","@graph":[{"@type":["WebPage","ItemPage"],"@id":"https:\/\/odavprint.ee\/et\/product\/nescafe-dolce-gusto-latte-macchiato-16cap\/","url":"https:\/\/odavprint.ee\/et\/product\/nescafe-dolce-gusto-latte-macchiato-16cap\/","name":"NESCAFE Dolce Gusto Latte Macchiato 16Cap, hea hinnaga, osta e-pood - Odav Print","isPartOf":{"@id":"https:\/\/odavprint.ee\/et\/#website"},"primaryImageOfPage":{"@id":"https:\/\/odavprint.ee\/et\/product\/nescafe-dolce-gusto-latte-macchiato-16cap\/#primaryimage"},"image":{"@id":"https:\/\/odavprint.ee\/et\/product\/nescafe-dolce-gusto-latte-macchiato-16cap\/#primaryimage"},"thumbnailUrl":"https:\/\/odavprint.ee\/wp-content\/uploads\/2023\/08\/190079_xi_latte_macchiato_16x_new.jpg","datePublished":"2023-08-30T09:41:04+00:00","dateModified":"2023-08-30T09:41:04+00:00","description":"Osta NESCAFE Dolce Gusto Latte Macchiato 16Cap Odav Print \u260e +372 5911 9495 \u2714\ufe0f Parim hind NESCAFE Dolce Gusto Latte Macchiato 16Cap jaoks \u26df Kiire kohaletoimetamine Eestis \u2b50 Garanteeritud","breadcrumb":{"@id":"https:\/\/odavprint.ee\/et\/product\/nescafe-dolce-gusto-latte-macchiato-16cap\/#breadcrumb"},"inLanguage":"et","potentialAction":[{"@type":"ReadAction","target":["https:\/\/odavprint.ee\/et\/product\/nescafe-dolce-gusto-latte-macchiato-16cap\/"]}]},{"@type":"ImageObject","inLanguage":"et","@id":"https:\/\/odavprint.ee\/et\/product\/nescafe-dolce-gusto-latte-macchiato-16cap\/#primaryimage","url":"https:\/\/odavprint.ee\/wp-content\/uploads\/2023\/08\/190079_xi_latte_macchiato_16x_new.jpg","contentUrl":"https:\/\/odavprint.ee\/wp-content\/uploads\/2023\/08\/190079_xi_latte_macchiato_16x_new.jpg","width":500,"height":500},{"@type":"BreadcrumbList","@id":"https:\/\/odavprint.ee\/et\/product\/nescafe-dolce-gusto-latte-macchiato-16cap\/#breadcrumb","itemListElement":[{"@type":"ListItem","position":1,"name":"Home","item":"https:\/\/odavprint.ee\/et\/esileht\/"},{"@type":"ListItem","position":2,"name":"E-pood","item":"https:\/\/odavprint.ee\/et\/shop\/"},{"@type":"ListItem","position":3,"name":"NESCAFE Dolce Gusto Latte Macchiato 16Cap"}]},{"@type":"WebSite","@id":"https:\/\/odavprint.ee\/et\/#website","url":"https:\/\/odavprint.ee\/et\/","name":"Odav Print","description":"Just another WordPress site","publisher":{"@id":"https:\/\/odavprint.ee\/et\/#organization"},"alternateName":"Kassettide, toonerite t\u00e4itmine ja m\u00fc\u00fck.","potentialAction":[{"@type":"SearchAction","target":{"@type":"EntryPoint","urlTemplate":"https:\/\/odavprint.ee\/et\/?s={search_term_string}"},"query-input":"required name=search_term_string"}],"inLanguage":"et"},{"@type":["Organization","Place"],"@id":"https:\/\/odavprint.ee\/et\/#organization","name":"Odav Print O\u00dc","url":"https:\/\/odavprint.ee\/et\/","logo":{"@id":"https:\/\/odavprint.ee\/et\/product\/nescafe-dolce-gusto-latte-macchiato-16cap\/#local-main-organization-logo"},"image":{"@id":"https:\/\/odavprint.ee\/et\/product\/nescafe-dolce-gusto-latte-macchiato-16cap\/#local-main-organization-logo"},"address":{"@id":"https:\/\/odavprint.ee\/et\/product\/nescafe-dolce-gusto-latte-macchiato-16cap\/#local-main-place-address"},"geo":{"@type":"GeoCoordinates","latitude":"59.4306504","longitude":"24.8095743"},"telephone":["53836926"],"openingHoursSpecification":[{"@type":"OpeningHoursSpecification","dayOfWeek":["Monday","Tuesday","Wednesday","Thursday","Friday","Saturday","Sunday"],"opens":"09:00","closes":"17:00"}],"email":"info@odavprint.eu"},{"@type":"PostalAddress","@id":"https:\/\/odavprint.ee\/et\/product\/nescafe-dolce-gusto-latte-macchiato-16cap\/#local-main-place-address","streetAddress":"Pae tn 28","addressLocality":"Tallinn","postalCode":"11415","addressRegion":"Harjumaa","addressCountry":"EE"},{"@type":"ImageObject","inLanguage":"et","@id":"https:\/\/odavprint.ee\/et\/product\/nescafe-dolce-gusto-latte-macchiato-16cap\/#local-main-organization-logo","url":"https:\/\/odavprint.ee\/wp-content\/uploads\/2018\/10\/odavprint-logo-240.jpg","contentUrl":"https:\/\/odavprint.ee\/wp-content\/uploads\/2018\/10\/odavprint-logo-240.jpg","width":240,"height":36,"caption":"Odav Print O\u00dc"}]},"product_price_amount":"8.40","product_price_currency":"EUR","og_availability":"instock","product_availability":"instock","product_retailer_item_id":"12416056","product_condition":"new","geo.placename":"Tallinn","geo.position":{"lat":"59.4306504","long":"24.8095743"},"geo.region":"Estonia"},"_links":{"self":[{"href":"https:\/\/odavprint.ee\/et\/wp-json\/wp\/v2\/product\/190079"}],"collection":[{"href":"https:\/\/odavprint.ee\/et\/wp-json\/wp\/v2\/product"}],"about":[{"href":"https:\/\/odavprint.ee\/et\/wp-json\/wp\/v2\/types\/product"}],"wp:featuredmedia":[{"embeddable":true,"href":"https:\/\/odavprint.ee\/et\/wp-json\/wp\/v2\/media\/190080"}],"wp:attachment":[{"href":"https:\/\/odavprint.ee\/et\/wp-json\/wp\/v2\/media?parent=190079"}],"wp:term":[{"taxonomy":"product_cat","embeddable":true,"href":"https:\/\/odavprint.ee\/et\/wp-json\/wp\/v2\/product_cat?post=190079"},{"taxonomy":"product_tag","embeddable":true,"href":"https:\/\/odavprint.ee\/et\/wp-json\/wp\/v2\/product_tag?post=190079"}],"curies":[{"name":"wp","href":"https:\/\/api.w.org\/{rel}","templated":true}]}}