{"id":190586,"date":"2023-08-30T13:16:57","date_gmt":"2023-08-30T10:16:57","guid":{"rendered":"https:\/\/odavprint.ee\/product\/logitech-mouse-mx-master-3-for-mac-910-005696-space-grey\/"},"modified":"2023-08-30T13:16:57","modified_gmt":"2023-08-30T10:16:57","slug":"logitech-mouse-mx-master-3-for-mac-910-005696-space-grey","status":"publish","type":"product","link":"https:\/\/odavprint.ee\/et\/product\/logitech-mouse-mx-master-3-for-mac-910-005696-space-grey\/","title":{"rendered":"Logitech MOUSE MX Master 3 for Mac 910-005696 Space Grey"},"content":{"rendered":"<p>Logitech MX Master 3 for Mac. Form factor: Right-hand. Movement detection technology: Laser, Device interface: Bluetooth, Movement resolution: 4000 DPI, Buttons type: Pressed buttons, Buttons quantity: 7, Scroll type: Wheel. Power source: Batteries. Product colour: Space Grey<\/p>\n<p>\u00a0<\/p>\n<p><span style=\"font-family: \"Helvetica Neue\", Helvetica, Arial, sans-serif; font-size: 12px;\">Get more out of your Mac and iPad with MX Master 3 for Mac \u2013 optimised for macOS and iPad compatible. Finished in Space Grey, it\u2019s our fastest, most precise and most comfortable mouse yet. MagSpeed scrolling is fast, precise and silent. Button customisations speed up your workflows on macOS and iPadOS and a 4000 DPI sensor means you can track virtually anywhere \u2013 even on glass. You\u2019ll get the advanced functionality of MX Master 3 for Mac while keeping the macOS gestures you love. And Flow allows you to work across multiple Mac computers \u2013 transferring files, images and folders in one fluid workflow.<\/span><br style=\"font-family: \"Helvetica Neue\", Helvetica, Arial, sans-serif; font-size: 12px; box-sizing: border-box !important;\" \/><br \/>\n<span style=\"font-family: \"Helvetica Neue\", Helvetica, Arial, sans-serif; font-size: 12px;\">Requires Logitech Options software.<\/span><br style=\"font-family: \"Helvetica Neue\", Helvetica, Arial, sans-serif; font-size: 12px; box-sizing: border-box !important;\" \/><br \/>\n<span style=\"font-family: \"Helvetica Neue\", Helvetica, Arial, sans-serif; font-size: 12px;\">Tracking, scrolling and button customisation functions are managed by iPadOS and are subject to the support of the application being used.<\/span><br style=\"font-family: \"Helvetica Neue\", Helvetica, Arial, sans-serif; font-size: 12px; box-sizing: border-box !important;\" \/><br \/>\n<span style=\"font-family: \"Helvetica Neue\", Helvetica, Arial, sans-serif; font-size: 12px;\">4 mm minimum glass thickness.<\/span><br style=\"font-family: \"Helvetica Neue\", Helvetica, Arial, sans-serif; font-size: 12px; box-sizing: border-box !important;\" \/><br \/>\n<br style=\"font-family: \"Helvetica Neue\", Helvetica, Arial, sans-serif; font-size: 12px; box-sizing: border-box !important;\" \/><br \/>\n<span style=\"margin: 0px; padding: 0px; border: 0px; font-size: 12px; vertical-align: baseline; font-weight: 700; font-family: \"Helvetica Neue\", Helvetica, Arial, sans-serif; box-sizing: border-box !important;\">MASTERED FOR MAC<\/span><br style=\"font-family: \"Helvetica Neue\", Helvetica, Arial, sans-serif; font-size: 12px; box-sizing: border-box !important;\" \/><br \/>\n<span style=\"font-family: \"Helvetica Neue\", Helvetica, Arial, sans-serif; font-size: 12px;\">MX Master 3 for Mac is optimised for macOS, iPad compatible and finished in Space Grey to fit in perfectly with your Mac ecosystem.<\/span><br style=\"font-family: \"Helvetica Neue\", Helvetica, Arial, sans-serif; font-size: 12px; box-sizing: border-box !important;\" \/><br \/>\n<br style=\"font-family: \"Helvetica Neue\", Helvetica, Arial, sans-serif; font-size: 12px; box-sizing: border-box !important;\" \/><br \/>\n<span style=\"margin: 0px; padding: 0px; border: 0px; font-size: 12px; vertical-align: baseline; font-weight: 700; font-family: \"Helvetica Neue\", Helvetica, Arial, sans-serif; box-sizing: border-box !important;\">ULTRAFAST MAGSPEED SCROLLING<\/span><br style=\"font-family: \"Helvetica Neue\", Helvetica, Arial, sans-serif; font-size: 12px; box-sizing: border-box !important;\" \/><br \/>\n<span style=\"font-family: \"Helvetica Neue\", Helvetica, Arial, sans-serif; font-size: 12px;\">Enjoy the remarkable speed, precision and silence of MagSpeed Wheel. The wheel is up to 90% faster, 87% more precise and ultra quiet.<\/span><br style=\"font-family: \"Helvetica Neue\", Helvetica, Arial, sans-serif; font-size: 12px; box-sizing: border-box !important;\" \/><br \/>\n<span style=\"font-family: \"Helvetica Neue\", Helvetica, Arial, sans-serif; font-size: 12px;\">Compared to regular Logitech mouse without electromagnetic scroll wheel.<\/span><br style=\"font-family: \"Helvetica Neue\", Helvetica, Arial, sans-serif; font-size: 12px; box-sizing: border-box !important;\" \/><br \/>\n<span style=\"font-family: \"Helvetica Neue\", Helvetica, Arial, sans-serif; font-size: 12px;\">Compared to Logitech MX Master 2S mouse with Logitech Options installed and Smooth Scrolling enabled.<\/span><br style=\"font-family: \"Helvetica Neue\", Helvetica, Arial, sans-serif; font-size: 12px; box-sizing: border-box !important;\" \/><br \/>\n<br style=\"font-family: \"Helvetica Neue\", Helvetica, Arial, sans-serif; font-size: 12px; box-sizing: border-box !important;\" \/><br \/>\n<span style=\"margin: 0px; padding: 0px; border: 0px; font-size: 12px; vertical-align: baseline; font-weight: 700; font-family: \"Helvetica Neue\", Helvetica, Arial, sans-serif; box-sizing: border-box !important;\">COMFORT SHAPE AND INTUITIVE CONTROLS<\/span><br style=\"font-family: \"Helvetica Neue\", Helvetica, Arial, sans-serif; font-size: 12px; box-sizing: border-box !important;\" \/><br \/>\n<span style=\"font-family: \"Helvetica Neue\", Helvetica, Arial, sans-serif; font-size: 12px;\">Work comfortably with a mouse crafted for the shape of your hand. Create, make and do intuitively with a perfectly placed thumb wheel and customisable thumb controls.<\/span><br style=\"font-family: \"Helvetica Neue\", Helvetica, Arial, sans-serif; font-size: 12px; box-sizing: border-box !important;\" \/><br \/>\n<br style=\"font-family: \"Helvetica Neue\", Helvetica, Arial, sans-serif; font-size: 12px; box-sizing: border-box !important;\" \/><br \/>\n<span style=\"margin: 0px; padding: 0px; border: 0px; font-size: 12px; vertical-align: baseline; font-weight: 700; font-family: \"Helvetica Neue\", Helvetica, Arial, sans-serif; box-sizing: border-box !important;\">MULTIPLE COMPUTERS, ONE FLOW<\/span><br style=\"font-family: \"Helvetica Neue\", Helvetica, Arial, sans-serif; font-size: 12px; box-sizing: border-box !important;\" \/><br \/>\n<span style=\"font-family: \"Helvetica Neue\", Helvetica, Arial, sans-serif; font-size: 12px;\">Work on multiple Mac computers simultaneously. You\u2019ll have a more fluid workflow and effortlessly transfer text, images and files between them.<\/span><br style=\"font-family: \"Helvetica Neue\", Helvetica, Arial, sans-serif; font-size: 12px; box-sizing: border-box !important;\" \/><br \/>\n<br style=\"font-family: \"Helvetica Neue\", Helvetica, Arial, sans-serif; font-size: 12px; box-sizing: border-box !important;\" \/><br \/>\n<span style=\"margin: 0px; padding: 0px; border: 0px; font-size: 12px; vertical-align: baseline; font-weight: 700; font-family: \"Helvetica Neue\", Helvetica, Arial, sans-serif; box-sizing: border-box !important;\">MAGIC OF GESTURES, POWER OF MX<\/span><br style=\"font-family: \"Helvetica Neue\", Helvetica, Arial, sans-serif; font-size: 12px; box-sizing: border-box !important;\" \/><br \/>\n<span style=\"font-family: \"Helvetica Neue\", Helvetica, Arial, sans-serif; font-size: 12px;\">Hold the gesture button and move the mouse to switch desktops, open Mission Control and display Launchpad.<\/span><br style=\"font-family: \"Helvetica Neue\", Helvetica, Arial, sans-serif; font-size: 12px; box-sizing: border-box !important;\" \/><br \/>\n<br style=\"font-family: \"Helvetica Neue\", Helvetica, Arial, sans-serif; font-size: 12px; box-sizing: border-box !important;\" \/><br \/>\n<span style=\"margin: 0px; padding: 0px; border: 0px; font-size: 12px; vertical-align: baseline; font-weight: 700; font-family: \"Helvetica Neue\", Helvetica, Arial, sans-serif; box-sizing: border-box !important;\">APP-SPECIFIC CUSTOMISATIONS<\/span><br style=\"font-family: \"Helvetica Neue\", Helvetica, Arial, sans-serif; font-size: 12px; box-sizing: border-box !important;\" \/><br \/>\n<span style=\"font-family: \"Helvetica Neue\", Helvetica, Arial, sans-serif; font-size: 12px;\">Speed up your workflow with predefined macOS and app-specific profiles, with numerous customisation options.<\/span><br style=\"font-family: \"Helvetica Neue\", Helvetica, Arial, sans-serif; font-size: 12px; box-sizing: border-box !important;\" \/><br \/>\n<br style=\"font-family: \"Helvetica Neue\", Helvetica, Arial, sans-serif; font-size: 12px; box-sizing: border-box !important;\" \/><br \/>\n<span style=\"margin: 0px; padding: 0px; border: 0px; font-size: 12px; vertical-align: baseline; font-weight: 700; font-family: \"Helvetica Neue\", Helvetica, Arial, sans-serif; box-sizing: border-box !important;\">TRACK ANYWHERE<\/span><br style=\"font-family: \"Helvetica Neue\", Helvetica, Arial, sans-serif; font-size: 12px; box-sizing: border-box !important;\" \/><br \/>\n<span style=\"font-family: \"Helvetica Neue\", Helvetica, Arial, sans-serif; font-size: 12px;\">Track on any surface, even glass (with a minimum thickness of 4 mm), with Darkfield 4000 DPI sensor. Faster and 5x more precise than the basic mouse, so you always hit the right pixel.<\/span><\/p>\n","protected":false},"excerpt":{"rendered":"<p>Logitech MX Master 3 for Mac. Form factor: Right-hand. Movement detection technology: Laser, Device interface: Bluetooth, Movement resolution: 4000 DPI, Buttons type: Pressed buttons, Buttons quantity: 7, Scroll type: Wheel. Power source: Batteries. Product colour: Space Grey \u00a0 Get more out of your Mac and iPad with MX Master 3 for Mac \u2013 optimised for [&#8230;]\n","protected":false},"featured_media":190587,"template":"","meta":{"inline_featured_image":false},"product_cat":[39004],"product_tag":[],"yoast_head":"<!-- This site is optimized with the Yoast SEO Premium plugin v23.0 (Yoast SEO v23.0) - https:\/\/yoast.com\/wordpress\/plugins\/seo\/ -->\n<title>Logitech MOUSE MX Master 3 for Mac 910-005696 Space Grey, hea hinnaga, osta e-pood - Odav Print<\/title>\n<meta name=\"description\" content=\"Osta Logitech MOUSE MX Master 3 for Mac 910-005696 Space Grey Odav Print \u260e +372 5911 9495 \u2714\ufe0f Parim hind Logitech MOUSE MX Master 3 for Mac 910-005696 Space Grey jaoks \u26df Kiire kohaletoimetamine Eestis \u2b50 Garanteeritud\" \/>\n<meta name=\"robots\" content=\"index, follow, max-snippet:-1, max-image-preview:large, max-video-preview:-1\" \/>\n<link rel=\"canonical\" href=\"https:\/\/odavprint.ee\/et\/product\/logitech-mouse-mx-master-3-for-mac-910-005696-space-grey\/\" \/>\n<meta property=\"og:locale\" content=\"et_EE\" \/>\n<meta property=\"og:type\" content=\"article\" \/>\n<meta property=\"og:title\" content=\"Logitech MOUSE MX Master 3 for Mac 910-005696 Space Grey\" \/>\n<meta property=\"og:description\" content=\"Osta Logitech MOUSE MX Master 3 for Mac 910-005696 Space Grey Odav Print \u260e +372 5911 9495 \u2714\ufe0f Parim hind Logitech MOUSE MX Master 3 for Mac 910-005696 Space Grey jaoks \u26df Kiire kohaletoimetamine Eestis \u2b50 Garanteeritud\" \/>\n<meta property=\"og:url\" content=\"https:\/\/odavprint.ee\/et\/product\/logitech-mouse-mx-master-3-for-mac-910-005696-space-grey\/\" \/>\n<meta property=\"og:site_name\" content=\"Odav Print\" \/>\n<meta property=\"og:image\" content=\"https:\/\/odavprint.ee\/wp-content\/uploads\/2023\/08\/190586_logitech_910_005696_int_1.jpg\" \/>\n\t<meta property=\"og:image:width\" content=\"582\" \/>\n\t<meta property=\"og:image:height\" content=\"500\" \/>\n\t<meta property=\"og:image:type\" content=\"image\/jpeg\" \/>\n<meta name=\"twitter:card\" content=\"summary_large_image\" \/>\n<meta name=\"twitter:label1\" content=\"Price\" \/>\n\t<meta name=\"twitter:data1\" content=\"&euro;164.40\" \/>\n\t<meta name=\"twitter:label2\" content=\"Availability\" \/>\n\t<meta name=\"twitter:data2\" content=\"Out of stock\" \/>\n<script type=\"application\/ld+json\" class=\"yoast-schema-graph\">{\"@context\":\"https:\/\/schema.org\",\"@graph\":[{\"@type\":[\"WebPage\",\"ItemPage\"],\"@id\":\"https:\/\/odavprint.ee\/et\/product\/logitech-mouse-mx-master-3-for-mac-910-005696-space-grey\/\",\"url\":\"https:\/\/odavprint.ee\/et\/product\/logitech-mouse-mx-master-3-for-mac-910-005696-space-grey\/\",\"name\":\"Logitech MOUSE MX Master 3 for Mac 910-005696 Space Grey, hea hinnaga, osta e-pood - Odav Print\",\"isPartOf\":{\"@id\":\"https:\/\/odavprint.ee\/et\/#website\"},\"primaryImageOfPage\":{\"@id\":\"https:\/\/odavprint.ee\/et\/product\/logitech-mouse-mx-master-3-for-mac-910-005696-space-grey\/#primaryimage\"},\"image\":{\"@id\":\"https:\/\/odavprint.ee\/et\/product\/logitech-mouse-mx-master-3-for-mac-910-005696-space-grey\/#primaryimage\"},\"thumbnailUrl\":\"https:\/\/odavprint.ee\/wp-content\/uploads\/2023\/08\/190586_logitech_910_005696_int_1.jpg\",\"datePublished\":\"2023-08-30T10:16:57+00:00\",\"dateModified\":\"2023-08-30T10:16:57+00:00\",\"description\":\"Osta Logitech MOUSE MX Master 3 for Mac 910-005696 Space Grey Odav Print \u260e +372 5911 9495 \u2714\ufe0f Parim hind Logitech MOUSE MX Master 3 for Mac 910-005696 Space Grey jaoks \u26df Kiire kohaletoimetamine Eestis \u2b50 Garanteeritud\",\"breadcrumb\":{\"@id\":\"https:\/\/odavprint.ee\/et\/product\/logitech-mouse-mx-master-3-for-mac-910-005696-space-grey\/#breadcrumb\"},\"inLanguage\":\"et\",\"potentialAction\":[{\"@type\":\"ReadAction\",\"target\":[\"https:\/\/odavprint.ee\/et\/product\/logitech-mouse-mx-master-3-for-mac-910-005696-space-grey\/\"]}]},{\"@type\":\"ImageObject\",\"inLanguage\":\"et\",\"@id\":\"https:\/\/odavprint.ee\/et\/product\/logitech-mouse-mx-master-3-for-mac-910-005696-space-grey\/#primaryimage\",\"url\":\"https:\/\/odavprint.ee\/wp-content\/uploads\/2023\/08\/190586_logitech_910_005696_int_1.jpg\",\"contentUrl\":\"https:\/\/odavprint.ee\/wp-content\/uploads\/2023\/08\/190586_logitech_910_005696_int_1.jpg\",\"width\":582,\"height\":500},{\"@type\":\"BreadcrumbList\",\"@id\":\"https:\/\/odavprint.ee\/et\/product\/logitech-mouse-mx-master-3-for-mac-910-005696-space-grey\/#breadcrumb\",\"itemListElement\":[{\"@type\":\"ListItem\",\"position\":1,\"name\":\"Home\",\"item\":\"https:\/\/odavprint.ee\/et\/esileht\/\"},{\"@type\":\"ListItem\",\"position\":2,\"name\":\"E-pood\",\"item\":\"https:\/\/odavprint.ee\/et\/shop\/\"},{\"@type\":\"ListItem\",\"position\":3,\"name\":\"Logitech MOUSE MX Master 3 for Mac 910-005696 Space Grey\"}]},{\"@type\":\"WebSite\",\"@id\":\"https:\/\/odavprint.ee\/et\/#website\",\"url\":\"https:\/\/odavprint.ee\/et\/\",\"name\":\"Odav Print\",\"description\":\"Just another WordPress site\",\"publisher\":{\"@id\":\"https:\/\/odavprint.ee\/et\/#organization\"},\"alternateName\":\"Kassettide, toonerite t\u00e4itmine ja m\u00fc\u00fck.\",\"potentialAction\":[{\"@type\":\"SearchAction\",\"target\":{\"@type\":\"EntryPoint\",\"urlTemplate\":\"https:\/\/odavprint.ee\/et\/?s={search_term_string}\"},\"query-input\":\"required name=search_term_string\"}],\"inLanguage\":\"et\"},{\"@type\":[\"Organization\",\"Place\"],\"@id\":\"https:\/\/odavprint.ee\/et\/#organization\",\"name\":\"Odav Print O\u00dc\",\"url\":\"https:\/\/odavprint.ee\/et\/\",\"logo\":{\"@id\":\"https:\/\/odavprint.ee\/et\/product\/logitech-mouse-mx-master-3-for-mac-910-005696-space-grey\/#local-main-organization-logo\"},\"image\":{\"@id\":\"https:\/\/odavprint.ee\/et\/product\/logitech-mouse-mx-master-3-for-mac-910-005696-space-grey\/#local-main-organization-logo\"},\"address\":{\"@id\":\"https:\/\/odavprint.ee\/et\/product\/logitech-mouse-mx-master-3-for-mac-910-005696-space-grey\/#local-main-place-address\"},\"geo\":{\"@type\":\"GeoCoordinates\",\"latitude\":\"59.4306504\",\"longitude\":\"24.8095743\"},\"telephone\":[\"53836926\"],\"openingHoursSpecification\":[{\"@type\":\"OpeningHoursSpecification\",\"dayOfWeek\":[\"Monday\",\"Tuesday\",\"Wednesday\",\"Thursday\",\"Friday\",\"Saturday\",\"Sunday\"],\"opens\":\"09:00\",\"closes\":\"17:00\"}],\"email\":\"info@odavprint.eu\"},{\"@type\":\"PostalAddress\",\"@id\":\"https:\/\/odavprint.ee\/et\/product\/logitech-mouse-mx-master-3-for-mac-910-005696-space-grey\/#local-main-place-address\",\"streetAddress\":\"Pae tn 28\",\"addressLocality\":\"Tallinn\",\"postalCode\":\"11415\",\"addressRegion\":\"Harjumaa\",\"addressCountry\":\"EE\"},{\"@type\":\"ImageObject\",\"inLanguage\":\"et\",\"@id\":\"https:\/\/odavprint.ee\/et\/product\/logitech-mouse-mx-master-3-for-mac-910-005696-space-grey\/#local-main-organization-logo\",\"url\":\"https:\/\/odavprint.ee\/wp-content\/uploads\/2018\/10\/odavprint-logo-240.jpg\",\"contentUrl\":\"https:\/\/odavprint.ee\/wp-content\/uploads\/2018\/10\/odavprint-logo-240.jpg\",\"width\":240,\"height\":36,\"caption\":\"Odav Print O\u00dc\"}]}<\/script>\n<meta property=\"product:price:amount\" content=\"164.40\" \/>\n<meta property=\"product:price:currency\" content=\"EUR\" \/>\n<meta property=\"og:availability\" content=\"out of stock\" \/>\n<meta property=\"product:availability\" content=\"out of stock\" \/>\n<meta property=\"product:retailer_item_id\" content=\"910-005696\" \/>\n<meta property=\"product:condition\" content=\"new\" \/>\n<meta name=\"geo.placename\" content=\"Tallinn\" \/>\n<meta name=\"geo.position\" content=\"59.4306504;24.8095743\" \/>\n<meta name=\"geo.region\" content=\"Estonia\" \/>\n<!-- \/ Yoast SEO Premium plugin. -->","yoast_head_json":{"title":"Logitech MOUSE MX Master 3 for Mac 910-005696 Space Grey, hea hinnaga, osta e-pood - Odav Print","description":"Osta Logitech MOUSE MX Master 3 for Mac 910-005696 Space Grey Odav Print \u260e +372 5911 9495 \u2714\ufe0f Parim hind Logitech MOUSE MX Master 3 for Mac 910-005696 Space Grey jaoks \u26df Kiire kohaletoimetamine Eestis \u2b50 Garanteeritud","robots":{"index":"index","follow":"follow","max-snippet":"max-snippet:-1","max-image-preview":"max-image-preview:large","max-video-preview":"max-video-preview:-1"},"canonical":"https:\/\/odavprint.ee\/et\/product\/logitech-mouse-mx-master-3-for-mac-910-005696-space-grey\/","og_locale":"et_EE","og_type":"article","og_title":"Logitech MOUSE MX Master 3 for Mac 910-005696 Space Grey","og_description":"Osta Logitech MOUSE MX Master 3 for Mac 910-005696 Space Grey Odav Print \u260e +372 5911 9495 \u2714\ufe0f Parim hind Logitech MOUSE MX Master 3 for Mac 910-005696 Space Grey jaoks \u26df Kiire kohaletoimetamine Eestis \u2b50 Garanteeritud","og_url":"https:\/\/odavprint.ee\/et\/product\/logitech-mouse-mx-master-3-for-mac-910-005696-space-grey\/","og_site_name":"Odav Print","og_image":[{"width":582,"height":500,"url":"https:\/\/odavprint.ee\/wp-content\/uploads\/2023\/08\/190586_logitech_910_005696_int_1.jpg","type":"image\/jpeg"}],"twitter_card":"summary_large_image","twitter_misc":{"Price":"&euro;164.40","Availability":"Out of stock"},"schema":{"@context":"https:\/\/schema.org","@graph":[{"@type":["WebPage","ItemPage"],"@id":"https:\/\/odavprint.ee\/et\/product\/logitech-mouse-mx-master-3-for-mac-910-005696-space-grey\/","url":"https:\/\/odavprint.ee\/et\/product\/logitech-mouse-mx-master-3-for-mac-910-005696-space-grey\/","name":"Logitech MOUSE MX Master 3 for Mac 910-005696 Space Grey, hea hinnaga, osta e-pood - Odav Print","isPartOf":{"@id":"https:\/\/odavprint.ee\/et\/#website"},"primaryImageOfPage":{"@id":"https:\/\/odavprint.ee\/et\/product\/logitech-mouse-mx-master-3-for-mac-910-005696-space-grey\/#primaryimage"},"image":{"@id":"https:\/\/odavprint.ee\/et\/product\/logitech-mouse-mx-master-3-for-mac-910-005696-space-grey\/#primaryimage"},"thumbnailUrl":"https:\/\/odavprint.ee\/wp-content\/uploads\/2023\/08\/190586_logitech_910_005696_int_1.jpg","datePublished":"2023-08-30T10:16:57+00:00","dateModified":"2023-08-30T10:16:57+00:00","description":"Osta Logitech MOUSE MX Master 3 for Mac 910-005696 Space Grey Odav Print \u260e +372 5911 9495 \u2714\ufe0f Parim hind Logitech MOUSE MX Master 3 for Mac 910-005696 Space Grey jaoks \u26df Kiire kohaletoimetamine Eestis \u2b50 Garanteeritud","breadcrumb":{"@id":"https:\/\/odavprint.ee\/et\/product\/logitech-mouse-mx-master-3-for-mac-910-005696-space-grey\/#breadcrumb"},"inLanguage":"et","potentialAction":[{"@type":"ReadAction","target":["https:\/\/odavprint.ee\/et\/product\/logitech-mouse-mx-master-3-for-mac-910-005696-space-grey\/"]}]},{"@type":"ImageObject","inLanguage":"et","@id":"https:\/\/odavprint.ee\/et\/product\/logitech-mouse-mx-master-3-for-mac-910-005696-space-grey\/#primaryimage","url":"https:\/\/odavprint.ee\/wp-content\/uploads\/2023\/08\/190586_logitech_910_005696_int_1.jpg","contentUrl":"https:\/\/odavprint.ee\/wp-content\/uploads\/2023\/08\/190586_logitech_910_005696_int_1.jpg","width":582,"height":500},{"@type":"BreadcrumbList","@id":"https:\/\/odavprint.ee\/et\/product\/logitech-mouse-mx-master-3-for-mac-910-005696-space-grey\/#breadcrumb","itemListElement":[{"@type":"ListItem","position":1,"name":"Home","item":"https:\/\/odavprint.ee\/et\/esileht\/"},{"@type":"ListItem","position":2,"name":"E-pood","item":"https:\/\/odavprint.ee\/et\/shop\/"},{"@type":"ListItem","position":3,"name":"Logitech MOUSE MX Master 3 for Mac 910-005696 Space Grey"}]},{"@type":"WebSite","@id":"https:\/\/odavprint.ee\/et\/#website","url":"https:\/\/odavprint.ee\/et\/","name":"Odav Print","description":"Just another WordPress site","publisher":{"@id":"https:\/\/odavprint.ee\/et\/#organization"},"alternateName":"Kassettide, toonerite t\u00e4itmine ja m\u00fc\u00fck.","potentialAction":[{"@type":"SearchAction","target":{"@type":"EntryPoint","urlTemplate":"https:\/\/odavprint.ee\/et\/?s={search_term_string}"},"query-input":"required name=search_term_string"}],"inLanguage":"et"},{"@type":["Organization","Place"],"@id":"https:\/\/odavprint.ee\/et\/#organization","name":"Odav Print O\u00dc","url":"https:\/\/odavprint.ee\/et\/","logo":{"@id":"https:\/\/odavprint.ee\/et\/product\/logitech-mouse-mx-master-3-for-mac-910-005696-space-grey\/#local-main-organization-logo"},"image":{"@id":"https:\/\/odavprint.ee\/et\/product\/logitech-mouse-mx-master-3-for-mac-910-005696-space-grey\/#local-main-organization-logo"},"address":{"@id":"https:\/\/odavprint.ee\/et\/product\/logitech-mouse-mx-master-3-for-mac-910-005696-space-grey\/#local-main-place-address"},"geo":{"@type":"GeoCoordinates","latitude":"59.4306504","longitude":"24.8095743"},"telephone":["53836926"],"openingHoursSpecification":[{"@type":"OpeningHoursSpecification","dayOfWeek":["Monday","Tuesday","Wednesday","Thursday","Friday","Saturday","Sunday"],"opens":"09:00","closes":"17:00"}],"email":"info@odavprint.eu"},{"@type":"PostalAddress","@id":"https:\/\/odavprint.ee\/et\/product\/logitech-mouse-mx-master-3-for-mac-910-005696-space-grey\/#local-main-place-address","streetAddress":"Pae tn 28","addressLocality":"Tallinn","postalCode":"11415","addressRegion":"Harjumaa","addressCountry":"EE"},{"@type":"ImageObject","inLanguage":"et","@id":"https:\/\/odavprint.ee\/et\/product\/logitech-mouse-mx-master-3-for-mac-910-005696-space-grey\/#local-main-organization-logo","url":"https:\/\/odavprint.ee\/wp-content\/uploads\/2018\/10\/odavprint-logo-240.jpg","contentUrl":"https:\/\/odavprint.ee\/wp-content\/uploads\/2018\/10\/odavprint-logo-240.jpg","width":240,"height":36,"caption":"Odav Print O\u00dc"}]},"product_price_amount":"164.40","product_price_currency":"EUR","og_availability":"out of stock","product_availability":"out of stock","product_retailer_item_id":"910-005696","product_condition":"new","geo.placename":"Tallinn","geo.position":{"lat":"59.4306504","long":"24.8095743"},"geo.region":"Estonia"},"_links":{"self":[{"href":"https:\/\/odavprint.ee\/et\/wp-json\/wp\/v2\/product\/190586"}],"collection":[{"href":"https:\/\/odavprint.ee\/et\/wp-json\/wp\/v2\/product"}],"about":[{"href":"https:\/\/odavprint.ee\/et\/wp-json\/wp\/v2\/types\/product"}],"wp:featuredmedia":[{"embeddable":true,"href":"https:\/\/odavprint.ee\/et\/wp-json\/wp\/v2\/media\/190587"}],"wp:attachment":[{"href":"https:\/\/odavprint.ee\/et\/wp-json\/wp\/v2\/media?parent=190586"}],"wp:term":[{"taxonomy":"product_cat","embeddable":true,"href":"https:\/\/odavprint.ee\/et\/wp-json\/wp\/v2\/product_cat?post=190586"},{"taxonomy":"product_tag","embeddable":true,"href":"https:\/\/odavprint.ee\/et\/wp-json\/wp\/v2\/product_tag?post=190586"}],"curies":[{"name":"wp","href":"https:\/\/api.w.org\/{rel}","templated":true}]}}