{"id":191350,"date":"2023-08-30T15:25:42","date_gmt":"2023-08-30T12:25:42","guid":{"rendered":"https:\/\/odavprint.ee\/product\/printer-canon-i-sensys-mf275dw-mfp-laser-b-w-a4-2400-x-600-dpi-29-ppm-wi-fi-usb\/"},"modified":"2023-08-30T15:25:42","modified_gmt":"2023-08-30T12:25:42","slug":"printer-canon-i-sensys-mf275dw-mfp-laser-b-w-a4-2400-x-600-dpi-29-ppm-wi-fi-usb","status":"publish","type":"product","link":"https:\/\/odavprint.ee\/et\/product\/printer-canon-i-sensys-mf275dw-mfp-laser-b-w-a4-2400-x-600-dpi-29-ppm-wi-fi-usb\/","title":{"rendered":"Printer CANON i-SENSYS MF275dw MFP\u00a0Laser B\/W A4 2400 x 600 DPI 29 ppm Wi-Fi, USB"},"content":{"rendered":"<p><b>Empower your workforce<\/b><br \/>\nDiscover the power of small devices, with the fast and reliable i-SENSYS MF270 Series. Print speeds of 29ppm and double-sided printing contribute towards a seamless workflow, allowing you to work smarter, not harder.<\/p>\n<p><b>Boost productivity<\/b><br \/>\nMaximise output by printing, copying and scanning documents from reliable devices. Fax with the MF275dw, save time with duplex printing and use a wide variety of small media support to produce A5 and A6R sized documents.<\/p>\n<p><b>Protect sensitive documents<\/b><br \/>\nProtect your documents, devices and network from viruses and data theft with 360-degree security. Features include secure start up and a security navigation guide.<\/p>\n<p><b>Ease of use<\/b><br \/>\nSave time with an easy out-of-box experience and seamlessly navigate settings using an intuitive display panel. Simple Wi-Fi connectivity and mobile printing allows you to print from your smart phones.<\/p>\n","protected":false},"excerpt":{"rendered":"<p>Empower your workforce Discover the power of small devices, with the fast and reliable i-SENSYS MF270 Series. Print speeds of 29ppm and double-sided printing contribute towards a seamless workflow, allowing you to work smarter, not harder. Boost productivity Maximise output by printing, copying and scanning documents from reliable devices. Fax with the MF275dw, save time [&#8230;]\n","protected":false},"featured_media":222575,"template":"","meta":{"inline_featured_image":false},"product_cat":[38991],"product_tag":[],"yoast_head":"<!-- This site is optimized with the Yoast SEO Premium plugin v23.0 (Yoast SEO v23.0) - https:\/\/yoast.com\/wordpress\/plugins\/seo\/ -->\n<title>Printer CANON i-SENSYS MF275dw MFP\u00a0Laser B\/W A4 2400 x 600 DPI 29 ppm Wi-Fi, USB, hea hinnaga, osta e-pood - Odav Print<\/title>\n<meta name=\"description\" content=\"Osta Printer CANON i-SENSYS MF275dw MFP\u00a0Laser B\/W A4 2400 x 600 DPI 29 ppm Wi-Fi, USB Odav Print \u260e +372 5911 9495 \u2714\ufe0f Parim hind Printer CANON i-SENSYS MF275dw MFP\u00a0Laser B\/W A4 2400 x 600 DPI 29 ppm Wi-Fi, USB jaoks \u26df Kiire kohaletoimetamine Eestis \u2b50 Garanteeritud\" \/>\n<meta name=\"robots\" content=\"index, follow, max-snippet:-1, max-image-preview:large, max-video-preview:-1\" \/>\n<link rel=\"canonical\" href=\"https:\/\/odavprint.ee\/et\/product\/printer-canon-i-sensys-mf275dw-mfp-laser-b-w-a4-2400-x-600-dpi-29-ppm-wi-fi-usb\/\" \/>\n<meta property=\"og:locale\" content=\"et_EE\" \/>\n<meta property=\"og:type\" content=\"article\" \/>\n<meta property=\"og:title\" content=\"Printer CANON i-SENSYS MF275dw MFP\u00a0Laser B\/W A4 2400 x 600 DPI 29 ppm Wi-Fi, USB\" \/>\n<meta property=\"og:description\" content=\"Osta Printer CANON i-SENSYS MF275dw MFP\u00a0Laser B\/W A4 2400 x 600 DPI 29 ppm Wi-Fi, USB Odav Print \u260e +372 5911 9495 \u2714\ufe0f Parim hind Printer CANON i-SENSYS MF275dw MFP\u00a0Laser B\/W A4 2400 x 600 DPI 29 ppm Wi-Fi, USB jaoks \u26df Kiire kohaletoimetamine Eestis \u2b50 Garanteeritud\" \/>\n<meta property=\"og:url\" content=\"https:\/\/odavprint.ee\/et\/product\/printer-canon-i-sensys-mf275dw-mfp-laser-b-w-a4-2400-x-600-dpi-29-ppm-wi-fi-usb\/\" \/>\n<meta property=\"og:site_name\" content=\"Odav Print\" \/>\n<meta property=\"og:image\" content=\"https:\/\/odavprint.ee\/wp-content\/uploads\/2023\/08\/191350_7763be60-0291-49c2-a0ab-e493a40772fd.jpg\" \/>\n\t<meta property=\"og:image:width\" content=\"500\" \/>\n\t<meta property=\"og:image:height\" content=\"500\" \/>\n\t<meta property=\"og:image:type\" content=\"image\/jpeg\" \/>\n<meta name=\"twitter:card\" content=\"summary_large_image\" \/>\n<meta name=\"twitter:label1\" content=\"Price\" \/>\n\t<meta name=\"twitter:data1\" content=\"&euro;358.30\" \/>\n\t<meta name=\"twitter:label2\" content=\"Availability\" \/>\n\t<meta name=\"twitter:data2\" content=\"Out of stock\" \/>\n<script type=\"application\/ld+json\" class=\"yoast-schema-graph\">{\"@context\":\"https:\/\/schema.org\",\"@graph\":[{\"@type\":[\"WebPage\",\"ItemPage\"],\"@id\":\"https:\/\/odavprint.ee\/et\/product\/printer-canon-i-sensys-mf275dw-mfp-laser-b-w-a4-2400-x-600-dpi-29-ppm-wi-fi-usb\/\",\"url\":\"https:\/\/odavprint.ee\/et\/product\/printer-canon-i-sensys-mf275dw-mfp-laser-b-w-a4-2400-x-600-dpi-29-ppm-wi-fi-usb\/\",\"name\":\"Printer CANON i-SENSYS MF275dw MFP\u00a0Laser B\/W A4 2400 x 600 DPI 29 ppm Wi-Fi, USB, hea hinnaga, osta e-pood - Odav Print\",\"isPartOf\":{\"@id\":\"https:\/\/odavprint.ee\/et\/#website\"},\"primaryImageOfPage\":{\"@id\":\"https:\/\/odavprint.ee\/et\/product\/printer-canon-i-sensys-mf275dw-mfp-laser-b-w-a4-2400-x-600-dpi-29-ppm-wi-fi-usb\/#primaryimage\"},\"image\":{\"@id\":\"https:\/\/odavprint.ee\/et\/product\/printer-canon-i-sensys-mf275dw-mfp-laser-b-w-a4-2400-x-600-dpi-29-ppm-wi-fi-usb\/#primaryimage\"},\"thumbnailUrl\":\"https:\/\/odavprint.ee\/wp-content\/uploads\/2026\/03\/191350_fgHSCKgP8yQ82uoMIJ4i9WtFy6thCFUMWDOvZ1H1.jpg\",\"datePublished\":\"2023-08-30T12:25:42+00:00\",\"dateModified\":\"2023-08-30T12:25:42+00:00\",\"description\":\"Osta Printer CANON i-SENSYS MF275dw MFP\u00a0Laser B\/W A4 2400 x 600 DPI 29 ppm Wi-Fi, USB Odav Print \u260e +372 5911 9495 \u2714\ufe0f Parim hind Printer CANON i-SENSYS MF275dw MFP\u00a0Laser B\/W A4 2400 x 600 DPI 29 ppm Wi-Fi, USB jaoks \u26df Kiire kohaletoimetamine Eestis \u2b50 Garanteeritud\",\"breadcrumb\":{\"@id\":\"https:\/\/odavprint.ee\/et\/product\/printer-canon-i-sensys-mf275dw-mfp-laser-b-w-a4-2400-x-600-dpi-29-ppm-wi-fi-usb\/#breadcrumb\"},\"inLanguage\":\"et\",\"potentialAction\":[{\"@type\":\"ReadAction\",\"target\":[\"https:\/\/odavprint.ee\/et\/product\/printer-canon-i-sensys-mf275dw-mfp-laser-b-w-a4-2400-x-600-dpi-29-ppm-wi-fi-usb\/\"]}]},{\"@type\":\"ImageObject\",\"inLanguage\":\"et\",\"@id\":\"https:\/\/odavprint.ee\/et\/product\/printer-canon-i-sensys-mf275dw-mfp-laser-b-w-a4-2400-x-600-dpi-29-ppm-wi-fi-usb\/#primaryimage\",\"url\":\"https:\/\/odavprint.ee\/wp-content\/uploads\/2026\/03\/191350_fgHSCKgP8yQ82uoMIJ4i9WtFy6thCFUMWDOvZ1H1.jpg\",\"contentUrl\":\"https:\/\/odavprint.ee\/wp-content\/uploads\/2026\/03\/191350_fgHSCKgP8yQ82uoMIJ4i9WtFy6thCFUMWDOvZ1H1.jpg\",\"width\":546,\"height\":500},{\"@type\":\"BreadcrumbList\",\"@id\":\"https:\/\/odavprint.ee\/et\/product\/printer-canon-i-sensys-mf275dw-mfp-laser-b-w-a4-2400-x-600-dpi-29-ppm-wi-fi-usb\/#breadcrumb\",\"itemListElement\":[{\"@type\":\"ListItem\",\"position\":1,\"name\":\"Home\",\"item\":\"https:\/\/odavprint.ee\/et\/esileht\/\"},{\"@type\":\"ListItem\",\"position\":2,\"name\":\"E-pood\",\"item\":\"https:\/\/odavprint.ee\/et\/shop\/\"},{\"@type\":\"ListItem\",\"position\":3,\"name\":\"Printer CANON i-SENSYS MF275dw MFP\u00a0Laser B\/W A4 2400 x 600 DPI 29 ppm Wi-Fi, USB\"}]},{\"@type\":\"WebSite\",\"@id\":\"https:\/\/odavprint.ee\/et\/#website\",\"url\":\"https:\/\/odavprint.ee\/et\/\",\"name\":\"Odav Print\",\"description\":\"Just another WordPress site\",\"publisher\":{\"@id\":\"https:\/\/odavprint.ee\/et\/#organization\"},\"alternateName\":\"Kassettide, toonerite t\u00e4itmine ja m\u00fc\u00fck.\",\"potentialAction\":[{\"@type\":\"SearchAction\",\"target\":{\"@type\":\"EntryPoint\",\"urlTemplate\":\"https:\/\/odavprint.ee\/et\/?s={search_term_string}\"},\"query-input\":\"required name=search_term_string\"}],\"inLanguage\":\"et\"},{\"@type\":[\"Organization\",\"Place\"],\"@id\":\"https:\/\/odavprint.ee\/et\/#organization\",\"name\":\"Odav Print O\u00dc\",\"url\":\"https:\/\/odavprint.ee\/et\/\",\"logo\":{\"@id\":\"https:\/\/odavprint.ee\/et\/product\/printer-canon-i-sensys-mf275dw-mfp-laser-b-w-a4-2400-x-600-dpi-29-ppm-wi-fi-usb\/#local-main-organization-logo\"},\"image\":{\"@id\":\"https:\/\/odavprint.ee\/et\/product\/printer-canon-i-sensys-mf275dw-mfp-laser-b-w-a4-2400-x-600-dpi-29-ppm-wi-fi-usb\/#local-main-organization-logo\"},\"address\":{\"@id\":\"https:\/\/odavprint.ee\/et\/product\/printer-canon-i-sensys-mf275dw-mfp-laser-b-w-a4-2400-x-600-dpi-29-ppm-wi-fi-usb\/#local-main-place-address\"},\"geo\":{\"@type\":\"GeoCoordinates\",\"latitude\":\"59.4306504\",\"longitude\":\"24.8095743\"},\"telephone\":[\"53836926\"],\"openingHoursSpecification\":[{\"@type\":\"OpeningHoursSpecification\",\"dayOfWeek\":[\"Monday\",\"Tuesday\",\"Wednesday\",\"Thursday\",\"Friday\",\"Saturday\",\"Sunday\"],\"opens\":\"09:00\",\"closes\":\"17:00\"}],\"email\":\"info@odavprint.eu\"},{\"@type\":\"PostalAddress\",\"@id\":\"https:\/\/odavprint.ee\/et\/product\/printer-canon-i-sensys-mf275dw-mfp-laser-b-w-a4-2400-x-600-dpi-29-ppm-wi-fi-usb\/#local-main-place-address\",\"streetAddress\":\"Pae tn 28\",\"addressLocality\":\"Tallinn\",\"postalCode\":\"11415\",\"addressRegion\":\"Harjumaa\",\"addressCountry\":\"EE\"},{\"@type\":\"ImageObject\",\"inLanguage\":\"et\",\"@id\":\"https:\/\/odavprint.ee\/et\/product\/printer-canon-i-sensys-mf275dw-mfp-laser-b-w-a4-2400-x-600-dpi-29-ppm-wi-fi-usb\/#local-main-organization-logo\",\"url\":\"https:\/\/odavprint.ee\/wp-content\/uploads\/2018\/10\/odavprint-logo-240.jpg\",\"contentUrl\":\"https:\/\/odavprint.ee\/wp-content\/uploads\/2018\/10\/odavprint-logo-240.jpg\",\"width\":240,\"height\":36,\"caption\":\"Odav Print O\u00dc\"}]}<\/script>\n<meta property=\"product:price:amount\" content=\"358.30\" \/>\n<meta property=\"product:price:currency\" content=\"EUR\" \/>\n<meta property=\"og:availability\" content=\"out of stock\" \/>\n<meta property=\"product:availability\" content=\"out of stock\" \/>\n<meta property=\"product:retailer_item_id\" content=\"5621C001\" \/>\n<meta property=\"product:condition\" content=\"new\" \/>\n<meta name=\"geo.placename\" content=\"Tallinn\" \/>\n<meta name=\"geo.position\" content=\"59.4306504;24.8095743\" \/>\n<meta name=\"geo.region\" content=\"Estonia\" \/>\n<!-- \/ Yoast SEO Premium plugin. -->","yoast_head_json":{"title":"Printer CANON i-SENSYS MF275dw MFP\u00a0Laser B\/W A4 2400 x 600 DPI 29 ppm Wi-Fi, USB, hea hinnaga, osta e-pood - Odav Print","description":"Osta Printer CANON i-SENSYS MF275dw MFP\u00a0Laser B\/W A4 2400 x 600 DPI 29 ppm Wi-Fi, USB Odav Print \u260e +372 5911 9495 \u2714\ufe0f Parim hind Printer CANON i-SENSYS MF275dw MFP\u00a0Laser B\/W A4 2400 x 600 DPI 29 ppm Wi-Fi, USB jaoks \u26df Kiire kohaletoimetamine Eestis \u2b50 Garanteeritud","robots":{"index":"index","follow":"follow","max-snippet":"max-snippet:-1","max-image-preview":"max-image-preview:large","max-video-preview":"max-video-preview:-1"},"canonical":"https:\/\/odavprint.ee\/et\/product\/printer-canon-i-sensys-mf275dw-mfp-laser-b-w-a4-2400-x-600-dpi-29-ppm-wi-fi-usb\/","og_locale":"et_EE","og_type":"article","og_title":"Printer CANON i-SENSYS MF275dw MFP\u00a0Laser B\/W A4 2400 x 600 DPI 29 ppm Wi-Fi, USB","og_description":"Osta Printer CANON i-SENSYS MF275dw MFP\u00a0Laser B\/W A4 2400 x 600 DPI 29 ppm Wi-Fi, USB Odav Print \u260e +372 5911 9495 \u2714\ufe0f Parim hind Printer CANON i-SENSYS MF275dw MFP\u00a0Laser B\/W A4 2400 x 600 DPI 29 ppm Wi-Fi, USB jaoks \u26df Kiire kohaletoimetamine Eestis \u2b50 Garanteeritud","og_url":"https:\/\/odavprint.ee\/et\/product\/printer-canon-i-sensys-mf275dw-mfp-laser-b-w-a4-2400-x-600-dpi-29-ppm-wi-fi-usb\/","og_site_name":"Odav Print","og_image":[{"width":500,"height":500,"url":"https:\/\/odavprint.ee\/wp-content\/uploads\/2023\/08\/191350_7763be60-0291-49c2-a0ab-e493a40772fd.jpg","type":"image\/jpeg"}],"twitter_card":"summary_large_image","twitter_misc":{"Price":"&euro;358.30","Availability":"Out of stock"},"schema":{"@context":"https:\/\/schema.org","@graph":[{"@type":["WebPage","ItemPage"],"@id":"https:\/\/odavprint.ee\/et\/product\/printer-canon-i-sensys-mf275dw-mfp-laser-b-w-a4-2400-x-600-dpi-29-ppm-wi-fi-usb\/","url":"https:\/\/odavprint.ee\/et\/product\/printer-canon-i-sensys-mf275dw-mfp-laser-b-w-a4-2400-x-600-dpi-29-ppm-wi-fi-usb\/","name":"Printer CANON i-SENSYS MF275dw MFP\u00a0Laser B\/W A4 2400 x 600 DPI 29 ppm Wi-Fi, USB, hea hinnaga, osta e-pood - Odav Print","isPartOf":{"@id":"https:\/\/odavprint.ee\/et\/#website"},"primaryImageOfPage":{"@id":"https:\/\/odavprint.ee\/et\/product\/printer-canon-i-sensys-mf275dw-mfp-laser-b-w-a4-2400-x-600-dpi-29-ppm-wi-fi-usb\/#primaryimage"},"image":{"@id":"https:\/\/odavprint.ee\/et\/product\/printer-canon-i-sensys-mf275dw-mfp-laser-b-w-a4-2400-x-600-dpi-29-ppm-wi-fi-usb\/#primaryimage"},"thumbnailUrl":"https:\/\/odavprint.ee\/wp-content\/uploads\/2026\/03\/191350_fgHSCKgP8yQ82uoMIJ4i9WtFy6thCFUMWDOvZ1H1.jpg","datePublished":"2023-08-30T12:25:42+00:00","dateModified":"2023-08-30T12:25:42+00:00","description":"Osta Printer CANON i-SENSYS MF275dw MFP\u00a0Laser B\/W A4 2400 x 600 DPI 29 ppm Wi-Fi, USB Odav Print \u260e +372 5911 9495 \u2714\ufe0f Parim hind Printer CANON i-SENSYS MF275dw MFP\u00a0Laser B\/W A4 2400 x 600 DPI 29 ppm Wi-Fi, USB jaoks \u26df Kiire kohaletoimetamine Eestis \u2b50 Garanteeritud","breadcrumb":{"@id":"https:\/\/odavprint.ee\/et\/product\/printer-canon-i-sensys-mf275dw-mfp-laser-b-w-a4-2400-x-600-dpi-29-ppm-wi-fi-usb\/#breadcrumb"},"inLanguage":"et","potentialAction":[{"@type":"ReadAction","target":["https:\/\/odavprint.ee\/et\/product\/printer-canon-i-sensys-mf275dw-mfp-laser-b-w-a4-2400-x-600-dpi-29-ppm-wi-fi-usb\/"]}]},{"@type":"ImageObject","inLanguage":"et","@id":"https:\/\/odavprint.ee\/et\/product\/printer-canon-i-sensys-mf275dw-mfp-laser-b-w-a4-2400-x-600-dpi-29-ppm-wi-fi-usb\/#primaryimage","url":"https:\/\/odavprint.ee\/wp-content\/uploads\/2026\/03\/191350_fgHSCKgP8yQ82uoMIJ4i9WtFy6thCFUMWDOvZ1H1.jpg","contentUrl":"https:\/\/odavprint.ee\/wp-content\/uploads\/2026\/03\/191350_fgHSCKgP8yQ82uoMIJ4i9WtFy6thCFUMWDOvZ1H1.jpg","width":546,"height":500},{"@type":"BreadcrumbList","@id":"https:\/\/odavprint.ee\/et\/product\/printer-canon-i-sensys-mf275dw-mfp-laser-b-w-a4-2400-x-600-dpi-29-ppm-wi-fi-usb\/#breadcrumb","itemListElement":[{"@type":"ListItem","position":1,"name":"Home","item":"https:\/\/odavprint.ee\/et\/esileht\/"},{"@type":"ListItem","position":2,"name":"E-pood","item":"https:\/\/odavprint.ee\/et\/shop\/"},{"@type":"ListItem","position":3,"name":"Printer CANON i-SENSYS MF275dw MFP\u00a0Laser B\/W A4 2400 x 600 DPI 29 ppm Wi-Fi, USB"}]},{"@type":"WebSite","@id":"https:\/\/odavprint.ee\/et\/#website","url":"https:\/\/odavprint.ee\/et\/","name":"Odav Print","description":"Just another WordPress site","publisher":{"@id":"https:\/\/odavprint.ee\/et\/#organization"},"alternateName":"Kassettide, toonerite t\u00e4itmine ja m\u00fc\u00fck.","potentialAction":[{"@type":"SearchAction","target":{"@type":"EntryPoint","urlTemplate":"https:\/\/odavprint.ee\/et\/?s={search_term_string}"},"query-input":"required name=search_term_string"}],"inLanguage":"et"},{"@type":["Organization","Place"],"@id":"https:\/\/odavprint.ee\/et\/#organization","name":"Odav Print O\u00dc","url":"https:\/\/odavprint.ee\/et\/","logo":{"@id":"https:\/\/odavprint.ee\/et\/product\/printer-canon-i-sensys-mf275dw-mfp-laser-b-w-a4-2400-x-600-dpi-29-ppm-wi-fi-usb\/#local-main-organization-logo"},"image":{"@id":"https:\/\/odavprint.ee\/et\/product\/printer-canon-i-sensys-mf275dw-mfp-laser-b-w-a4-2400-x-600-dpi-29-ppm-wi-fi-usb\/#local-main-organization-logo"},"address":{"@id":"https:\/\/odavprint.ee\/et\/product\/printer-canon-i-sensys-mf275dw-mfp-laser-b-w-a4-2400-x-600-dpi-29-ppm-wi-fi-usb\/#local-main-place-address"},"geo":{"@type":"GeoCoordinates","latitude":"59.4306504","longitude":"24.8095743"},"telephone":["53836926"],"openingHoursSpecification":[{"@type":"OpeningHoursSpecification","dayOfWeek":["Monday","Tuesday","Wednesday","Thursday","Friday","Saturday","Sunday"],"opens":"09:00","closes":"17:00"}],"email":"info@odavprint.eu"},{"@type":"PostalAddress","@id":"https:\/\/odavprint.ee\/et\/product\/printer-canon-i-sensys-mf275dw-mfp-laser-b-w-a4-2400-x-600-dpi-29-ppm-wi-fi-usb\/#local-main-place-address","streetAddress":"Pae tn 28","addressLocality":"Tallinn","postalCode":"11415","addressRegion":"Harjumaa","addressCountry":"EE"},{"@type":"ImageObject","inLanguage":"et","@id":"https:\/\/odavprint.ee\/et\/product\/printer-canon-i-sensys-mf275dw-mfp-laser-b-w-a4-2400-x-600-dpi-29-ppm-wi-fi-usb\/#local-main-organization-logo","url":"https:\/\/odavprint.ee\/wp-content\/uploads\/2018\/10\/odavprint-logo-240.jpg","contentUrl":"https:\/\/odavprint.ee\/wp-content\/uploads\/2018\/10\/odavprint-logo-240.jpg","width":240,"height":36,"caption":"Odav Print O\u00dc"}]},"product_price_amount":"358.30","product_price_currency":"EUR","og_availability":"out of stock","product_availability":"out of stock","product_retailer_item_id":"5621C001","product_condition":"new","geo.placename":"Tallinn","geo.position":{"lat":"59.4306504","long":"24.8095743"},"geo.region":"Estonia"},"_links":{"self":[{"href":"https:\/\/odavprint.ee\/et\/wp-json\/wp\/v2\/product\/191350"}],"collection":[{"href":"https:\/\/odavprint.ee\/et\/wp-json\/wp\/v2\/product"}],"about":[{"href":"https:\/\/odavprint.ee\/et\/wp-json\/wp\/v2\/types\/product"}],"wp:featuredmedia":[{"embeddable":true,"href":"https:\/\/odavprint.ee\/et\/wp-json\/wp\/v2\/media\/222575"}],"wp:attachment":[{"href":"https:\/\/odavprint.ee\/et\/wp-json\/wp\/v2\/media?parent=191350"}],"wp:term":[{"taxonomy":"product_cat","embeddable":true,"href":"https:\/\/odavprint.ee\/et\/wp-json\/wp\/v2\/product_cat?post=191350"},{"taxonomy":"product_tag","embeddable":true,"href":"https:\/\/odavprint.ee\/et\/wp-json\/wp\/v2\/product_tag?post=191350"}],"curies":[{"name":"wp","href":"https:\/\/api.w.org\/{rel}","templated":true}]}}