{"id":191773,"date":"2023-08-31T15:02:56","date_gmt":"2023-08-31T12:02:56","guid":{"rendered":"https:\/\/odavprint.ee\/product\/axagon-rucm-afac-usb-3-2-gen-1-type-c-male-to-usb-type-a-female-cable-adapter-02m-3a-alu\/"},"modified":"2023-08-31T15:02:56","modified_gmt":"2023-08-31T12:02:56","slug":"axagon-rucm-afac-usb-3-2-gen-1-type-c-male-to-usb-type-a-female-cable-adapter-02m-3a-alu","status":"publish","type":"product","link":"https:\/\/odavprint.ee\/et\/product\/axagon-rucm-afac-usb-3-2-gen-1-type-c-male-to-usb-type-a-female-cable-adapter-02m-3a-alu\/","title":{"rendered":"AXAGON RUCM-AFAC USB 3.2 Gen 1 Type-C Male to USB Type-A Female, cable adapter 0,2m, 3A, ALU"},"content":{"rendered":"<p>&#8211; DATA SYNC &#038; FAST CHARGING &#8211; simultaneous data transfer and mobile device battery charging<br \/>\n&#8211; SuperSpeed USB &#8211; USB 3.2 Gen 1 (formerly USB 3.1 Gen 1 \/ USB 3.0)<br \/>\n&#8211; Compatible with USB 3.2 Gen 2, backward compatible with USB 2.0<br \/>\n&#8211; Supports 5.000 \/ 480 \/ 12 \/ 1.5 Mb\/s (SuperSpeed \/ High \/ Full \/ Low speed) transmission rates<br \/>\n&#8211; Support for high-speed charging by current up to 3A<br \/>\n&#8211; Cable includes power wires 22AWG, data wires 30AWG<br \/>\n&#8211; Tin-plated oxygen free copper conductors to reduce oxidation, increase conductivity, and clear signal without distortion<br \/>\n&#8211; Double shielding via galvanized foil and oxygen free copper braiding minimizes interference and prevents signal loss<br \/>\n&#8211; Nickel-plated connectors and gold-plated contacts prevent oxidation and provide a reliable connection<br \/>\n&#8211; Pulldown resistor 5 k\u03a9<br \/>\n&#8211; Suitable for notebooks, mobile phones and smartphones, powerbanks, tablets and other mobile devices with USB-C connector<\/p>\n","protected":false},"excerpt":{"rendered":"<p>&#8211; DATA SYNC &#038; FAST CHARGING &#8211; simultaneous data transfer and mobile device battery charging &#8211; SuperSpeed USB &#8211; USB 3.2 Gen 1 (formerly USB 3.1 Gen 1 \/ USB 3.0) &#8211; Compatible with USB 3.2 Gen 2, backward compatible with USB 2.0 &#8211; Supports 5.000 \/ 480 \/ 12 \/ 1.5 Mb\/s (SuperSpeed \/ [&#8230;]\n","protected":false},"featured_media":191774,"template":"","meta":{"inline_featured_image":false},"product_cat":[17218],"product_tag":[],"yoast_head":"<!-- This site is optimized with the Yoast SEO Premium plugin v23.0 (Yoast SEO v23.0) - https:\/\/yoast.com\/wordpress\/plugins\/seo\/ -->\n<title>AXAGON RUCM-AFAC USB 3.2 Gen 1 Type-C Male to USB Type-A Female, cable adapter 0,2m, 3A, ALU, hea hinnaga, osta e-pood - Odav Print<\/title>\n<meta name=\"description\" content=\"Osta AXAGON RUCM-AFAC USB 3.2 Gen 1 Type-C Male to USB Type-A Female, cable adapter 0,2m, 3A, ALU Odav Print \u260e +372 5911 9495 \u2714\ufe0f Parim hind AXAGON RUCM-AFAC USB 3.2 Gen 1 Type-C Male to USB Type-A Female, cable adapter 0,2m, 3A, ALU jaoks \u26df Kiire kohaletoimetamine Eestis \u2b50 Garanteeritud\" \/>\n<meta name=\"robots\" content=\"index, follow, max-snippet:-1, max-image-preview:large, max-video-preview:-1\" \/>\n<link rel=\"canonical\" href=\"https:\/\/odavprint.ee\/et\/product\/axagon-rucm-afac-usb-3-2-gen-1-type-c-male-to-usb-type-a-female-cable-adapter-02m-3a-alu\/\" \/>\n<meta property=\"og:locale\" content=\"et_EE\" \/>\n<meta property=\"og:type\" content=\"article\" \/>\n<meta property=\"og:title\" content=\"AXAGON RUCM-AFAC USB 3.2 Gen 1 Type-C Male to USB Type-A Female, cable adapter 0,2m, 3A, ALU\" \/>\n<meta property=\"og:description\" content=\"Osta AXAGON RUCM-AFAC USB 3.2 Gen 1 Type-C Male to USB Type-A Female, cable adapter 0,2m, 3A, ALU Odav Print \u260e +372 5911 9495 \u2714\ufe0f Parim hind AXAGON RUCM-AFAC USB 3.2 Gen 1 Type-C Male to USB Type-A Female, cable adapter 0,2m, 3A, ALU jaoks \u26df Kiire kohaletoimetamine Eestis \u2b50 Garanteeritud\" \/>\n<meta property=\"og:url\" content=\"https:\/\/odavprint.ee\/et\/product\/axagon-rucm-afac-usb-3-2-gen-1-type-c-male-to-usb-type-a-female-cable-adapter-02m-3a-alu\/\" \/>\n<meta property=\"og:site_name\" content=\"Odav Print\" \/>\n<meta property=\"og:image\" content=\"https:\/\/odavprint.ee\/wp-content\/uploads\/2023\/08\/191773_0dd7c6e8-047b-448a-97a1-489e809ae921.jpg\" \/>\n\t<meta property=\"og:image:width\" content=\"500\" \/>\n\t<meta property=\"og:image:height\" content=\"500\" \/>\n\t<meta property=\"og:image:type\" content=\"image\/jpeg\" \/>\n<meta name=\"twitter:card\" content=\"summary_large_image\" \/>\n<meta name=\"twitter:label1\" content=\"Price\" \/>\n\t<meta name=\"twitter:data1\" content=\"&euro;7.80\" \/>\n\t<meta name=\"twitter:label2\" content=\"Availability\" \/>\n\t<meta name=\"twitter:data2\" content=\"Out of stock\" \/>\n<script type=\"application\/ld+json\" class=\"yoast-schema-graph\">{\"@context\":\"https:\/\/schema.org\",\"@graph\":[{\"@type\":[\"WebPage\",\"ItemPage\"],\"@id\":\"https:\/\/odavprint.ee\/et\/product\/axagon-rucm-afac-usb-3-2-gen-1-type-c-male-to-usb-type-a-female-cable-adapter-02m-3a-alu\/\",\"url\":\"https:\/\/odavprint.ee\/et\/product\/axagon-rucm-afac-usb-3-2-gen-1-type-c-male-to-usb-type-a-female-cable-adapter-02m-3a-alu\/\",\"name\":\"AXAGON RUCM-AFAC USB 3.2 Gen 1 Type-C Male to USB Type-A Female, cable adapter 0,2m, 3A, ALU, hea hinnaga, osta e-pood - Odav Print\",\"isPartOf\":{\"@id\":\"https:\/\/odavprint.ee\/et\/#website\"},\"primaryImageOfPage\":{\"@id\":\"https:\/\/odavprint.ee\/et\/product\/axagon-rucm-afac-usb-3-2-gen-1-type-c-male-to-usb-type-a-female-cable-adapter-02m-3a-alu\/#primaryimage\"},\"image\":{\"@id\":\"https:\/\/odavprint.ee\/et\/product\/axagon-rucm-afac-usb-3-2-gen-1-type-c-male-to-usb-type-a-female-cable-adapter-02m-3a-alu\/#primaryimage\"},\"thumbnailUrl\":\"https:\/\/odavprint.ee\/wp-content\/uploads\/2023\/08\/191773_0dd7c6e8-047b-448a-97a1-489e809ae921.jpg\",\"datePublished\":\"2023-08-31T12:02:56+00:00\",\"dateModified\":\"2023-08-31T12:02:56+00:00\",\"description\":\"Osta AXAGON RUCM-AFAC USB 3.2 Gen 1 Type-C Male to USB Type-A Female, cable adapter 0,2m, 3A, ALU Odav Print \u260e +372 5911 9495 \u2714\ufe0f Parim hind AXAGON RUCM-AFAC USB 3.2 Gen 1 Type-C Male to USB Type-A Female, cable adapter 0,2m, 3A, ALU jaoks \u26df Kiire kohaletoimetamine Eestis \u2b50 Garanteeritud\",\"breadcrumb\":{\"@id\":\"https:\/\/odavprint.ee\/et\/product\/axagon-rucm-afac-usb-3-2-gen-1-type-c-male-to-usb-type-a-female-cable-adapter-02m-3a-alu\/#breadcrumb\"},\"inLanguage\":\"et\",\"potentialAction\":[{\"@type\":\"ReadAction\",\"target\":[\"https:\/\/odavprint.ee\/et\/product\/axagon-rucm-afac-usb-3-2-gen-1-type-c-male-to-usb-type-a-female-cable-adapter-02m-3a-alu\/\"]}]},{\"@type\":\"ImageObject\",\"inLanguage\":\"et\",\"@id\":\"https:\/\/odavprint.ee\/et\/product\/axagon-rucm-afac-usb-3-2-gen-1-type-c-male-to-usb-type-a-female-cable-adapter-02m-3a-alu\/#primaryimage\",\"url\":\"https:\/\/odavprint.ee\/wp-content\/uploads\/2023\/08\/191773_0dd7c6e8-047b-448a-97a1-489e809ae921.jpg\",\"contentUrl\":\"https:\/\/odavprint.ee\/wp-content\/uploads\/2023\/08\/191773_0dd7c6e8-047b-448a-97a1-489e809ae921.jpg\",\"width\":500,\"height\":500},{\"@type\":\"BreadcrumbList\",\"@id\":\"https:\/\/odavprint.ee\/et\/product\/axagon-rucm-afac-usb-3-2-gen-1-type-c-male-to-usb-type-a-female-cable-adapter-02m-3a-alu\/#breadcrumb\",\"itemListElement\":[{\"@type\":\"ListItem\",\"position\":1,\"name\":\"Home\",\"item\":\"https:\/\/odavprint.ee\/et\/esileht\/\"},{\"@type\":\"ListItem\",\"position\":2,\"name\":\"E-pood\",\"item\":\"https:\/\/odavprint.ee\/et\/shop\/\"},{\"@type\":\"ListItem\",\"position\":3,\"name\":\"AXAGON RUCM-AFAC USB 3.2 Gen 1 Type-C Male to USB Type-A Female, cable adapter 0,2m, 3A, ALU\"}]},{\"@type\":\"WebSite\",\"@id\":\"https:\/\/odavprint.ee\/et\/#website\",\"url\":\"https:\/\/odavprint.ee\/et\/\",\"name\":\"Odav Print\",\"description\":\"Just another WordPress site\",\"publisher\":{\"@id\":\"https:\/\/odavprint.ee\/et\/#organization\"},\"alternateName\":\"Kassettide, toonerite t\u00e4itmine ja m\u00fc\u00fck.\",\"potentialAction\":[{\"@type\":\"SearchAction\",\"target\":{\"@type\":\"EntryPoint\",\"urlTemplate\":\"https:\/\/odavprint.ee\/et\/?s={search_term_string}\"},\"query-input\":\"required name=search_term_string\"}],\"inLanguage\":\"et\"},{\"@type\":[\"Organization\",\"Place\"],\"@id\":\"https:\/\/odavprint.ee\/et\/#organization\",\"name\":\"Odav Print O\u00dc\",\"url\":\"https:\/\/odavprint.ee\/et\/\",\"logo\":{\"@id\":\"https:\/\/odavprint.ee\/et\/product\/axagon-rucm-afac-usb-3-2-gen-1-type-c-male-to-usb-type-a-female-cable-adapter-02m-3a-alu\/#local-main-organization-logo\"},\"image\":{\"@id\":\"https:\/\/odavprint.ee\/et\/product\/axagon-rucm-afac-usb-3-2-gen-1-type-c-male-to-usb-type-a-female-cable-adapter-02m-3a-alu\/#local-main-organization-logo\"},\"address\":{\"@id\":\"https:\/\/odavprint.ee\/et\/product\/axagon-rucm-afac-usb-3-2-gen-1-type-c-male-to-usb-type-a-female-cable-adapter-02m-3a-alu\/#local-main-place-address\"},\"geo\":{\"@type\":\"GeoCoordinates\",\"latitude\":\"59.4306504\",\"longitude\":\"24.8095743\"},\"telephone\":[\"53836926\"],\"openingHoursSpecification\":[{\"@type\":\"OpeningHoursSpecification\",\"dayOfWeek\":[\"Monday\",\"Tuesday\",\"Wednesday\",\"Thursday\",\"Friday\",\"Saturday\",\"Sunday\"],\"opens\":\"09:00\",\"closes\":\"17:00\"}],\"email\":\"info@odavprint.eu\"},{\"@type\":\"PostalAddress\",\"@id\":\"https:\/\/odavprint.ee\/et\/product\/axagon-rucm-afac-usb-3-2-gen-1-type-c-male-to-usb-type-a-female-cable-adapter-02m-3a-alu\/#local-main-place-address\",\"streetAddress\":\"Pae tn 28\",\"addressLocality\":\"Tallinn\",\"postalCode\":\"11415\",\"addressRegion\":\"Harjumaa\",\"addressCountry\":\"EE\"},{\"@type\":\"ImageObject\",\"inLanguage\":\"et\",\"@id\":\"https:\/\/odavprint.ee\/et\/product\/axagon-rucm-afac-usb-3-2-gen-1-type-c-male-to-usb-type-a-female-cable-adapter-02m-3a-alu\/#local-main-organization-logo\",\"url\":\"https:\/\/odavprint.ee\/wp-content\/uploads\/2018\/10\/odavprint-logo-240.jpg\",\"contentUrl\":\"https:\/\/odavprint.ee\/wp-content\/uploads\/2018\/10\/odavprint-logo-240.jpg\",\"width\":240,\"height\":36,\"caption\":\"Odav Print O\u00dc\"}]}<\/script>\n<meta property=\"product:price:amount\" content=\"7.80\" \/>\n<meta property=\"product:price:currency\" content=\"EUR\" \/>\n<meta property=\"og:availability\" content=\"out of stock\" \/>\n<meta property=\"product:availability\" content=\"out of stock\" \/>\n<meta property=\"product:retailer_item_id\" content=\"RUCM-AFAC\" \/>\n<meta property=\"product:condition\" content=\"new\" \/>\n<meta name=\"geo.placename\" content=\"Tallinn\" \/>\n<meta name=\"geo.position\" content=\"59.4306504;24.8095743\" \/>\n<meta name=\"geo.region\" content=\"Estonia\" \/>\n<!-- \/ Yoast SEO Premium plugin. -->","yoast_head_json":{"title":"AXAGON RUCM-AFAC USB 3.2 Gen 1 Type-C Male to USB Type-A Female, cable adapter 0,2m, 3A, ALU, hea hinnaga, osta e-pood - Odav Print","description":"Osta AXAGON RUCM-AFAC USB 3.2 Gen 1 Type-C Male to USB Type-A Female, cable adapter 0,2m, 3A, ALU Odav Print \u260e +372 5911 9495 \u2714\ufe0f Parim hind AXAGON RUCM-AFAC USB 3.2 Gen 1 Type-C Male to USB Type-A Female, cable adapter 0,2m, 3A, ALU jaoks \u26df Kiire kohaletoimetamine Eestis \u2b50 Garanteeritud","robots":{"index":"index","follow":"follow","max-snippet":"max-snippet:-1","max-image-preview":"max-image-preview:large","max-video-preview":"max-video-preview:-1"},"canonical":"https:\/\/odavprint.ee\/et\/product\/axagon-rucm-afac-usb-3-2-gen-1-type-c-male-to-usb-type-a-female-cable-adapter-02m-3a-alu\/","og_locale":"et_EE","og_type":"article","og_title":"AXAGON RUCM-AFAC USB 3.2 Gen 1 Type-C Male to USB Type-A Female, cable adapter 0,2m, 3A, ALU","og_description":"Osta AXAGON RUCM-AFAC USB 3.2 Gen 1 Type-C Male to USB Type-A Female, cable adapter 0,2m, 3A, ALU Odav Print \u260e +372 5911 9495 \u2714\ufe0f Parim hind AXAGON RUCM-AFAC USB 3.2 Gen 1 Type-C Male to USB Type-A Female, cable adapter 0,2m, 3A, ALU jaoks \u26df Kiire kohaletoimetamine Eestis \u2b50 Garanteeritud","og_url":"https:\/\/odavprint.ee\/et\/product\/axagon-rucm-afac-usb-3-2-gen-1-type-c-male-to-usb-type-a-female-cable-adapter-02m-3a-alu\/","og_site_name":"Odav Print","og_image":[{"width":500,"height":500,"url":"https:\/\/odavprint.ee\/wp-content\/uploads\/2023\/08\/191773_0dd7c6e8-047b-448a-97a1-489e809ae921.jpg","type":"image\/jpeg"}],"twitter_card":"summary_large_image","twitter_misc":{"Price":"&euro;7.80","Availability":"Out of stock"},"schema":{"@context":"https:\/\/schema.org","@graph":[{"@type":["WebPage","ItemPage"],"@id":"https:\/\/odavprint.ee\/et\/product\/axagon-rucm-afac-usb-3-2-gen-1-type-c-male-to-usb-type-a-female-cable-adapter-02m-3a-alu\/","url":"https:\/\/odavprint.ee\/et\/product\/axagon-rucm-afac-usb-3-2-gen-1-type-c-male-to-usb-type-a-female-cable-adapter-02m-3a-alu\/","name":"AXAGON RUCM-AFAC USB 3.2 Gen 1 Type-C Male to USB Type-A Female, cable adapter 0,2m, 3A, ALU, hea hinnaga, osta e-pood - Odav Print","isPartOf":{"@id":"https:\/\/odavprint.ee\/et\/#website"},"primaryImageOfPage":{"@id":"https:\/\/odavprint.ee\/et\/product\/axagon-rucm-afac-usb-3-2-gen-1-type-c-male-to-usb-type-a-female-cable-adapter-02m-3a-alu\/#primaryimage"},"image":{"@id":"https:\/\/odavprint.ee\/et\/product\/axagon-rucm-afac-usb-3-2-gen-1-type-c-male-to-usb-type-a-female-cable-adapter-02m-3a-alu\/#primaryimage"},"thumbnailUrl":"https:\/\/odavprint.ee\/wp-content\/uploads\/2023\/08\/191773_0dd7c6e8-047b-448a-97a1-489e809ae921.jpg","datePublished":"2023-08-31T12:02:56+00:00","dateModified":"2023-08-31T12:02:56+00:00","description":"Osta AXAGON RUCM-AFAC USB 3.2 Gen 1 Type-C Male to USB Type-A Female, cable adapter 0,2m, 3A, ALU Odav Print \u260e +372 5911 9495 \u2714\ufe0f Parim hind AXAGON RUCM-AFAC USB 3.2 Gen 1 Type-C Male to USB Type-A Female, cable adapter 0,2m, 3A, ALU jaoks \u26df Kiire kohaletoimetamine Eestis \u2b50 Garanteeritud","breadcrumb":{"@id":"https:\/\/odavprint.ee\/et\/product\/axagon-rucm-afac-usb-3-2-gen-1-type-c-male-to-usb-type-a-female-cable-adapter-02m-3a-alu\/#breadcrumb"},"inLanguage":"et","potentialAction":[{"@type":"ReadAction","target":["https:\/\/odavprint.ee\/et\/product\/axagon-rucm-afac-usb-3-2-gen-1-type-c-male-to-usb-type-a-female-cable-adapter-02m-3a-alu\/"]}]},{"@type":"ImageObject","inLanguage":"et","@id":"https:\/\/odavprint.ee\/et\/product\/axagon-rucm-afac-usb-3-2-gen-1-type-c-male-to-usb-type-a-female-cable-adapter-02m-3a-alu\/#primaryimage","url":"https:\/\/odavprint.ee\/wp-content\/uploads\/2023\/08\/191773_0dd7c6e8-047b-448a-97a1-489e809ae921.jpg","contentUrl":"https:\/\/odavprint.ee\/wp-content\/uploads\/2023\/08\/191773_0dd7c6e8-047b-448a-97a1-489e809ae921.jpg","width":500,"height":500},{"@type":"BreadcrumbList","@id":"https:\/\/odavprint.ee\/et\/product\/axagon-rucm-afac-usb-3-2-gen-1-type-c-male-to-usb-type-a-female-cable-adapter-02m-3a-alu\/#breadcrumb","itemListElement":[{"@type":"ListItem","position":1,"name":"Home","item":"https:\/\/odavprint.ee\/et\/esileht\/"},{"@type":"ListItem","position":2,"name":"E-pood","item":"https:\/\/odavprint.ee\/et\/shop\/"},{"@type":"ListItem","position":3,"name":"AXAGON RUCM-AFAC USB 3.2 Gen 1 Type-C Male to USB Type-A Female, cable adapter 0,2m, 3A, ALU"}]},{"@type":"WebSite","@id":"https:\/\/odavprint.ee\/et\/#website","url":"https:\/\/odavprint.ee\/et\/","name":"Odav Print","description":"Just another WordPress site","publisher":{"@id":"https:\/\/odavprint.ee\/et\/#organization"},"alternateName":"Kassettide, toonerite t\u00e4itmine ja m\u00fc\u00fck.","potentialAction":[{"@type":"SearchAction","target":{"@type":"EntryPoint","urlTemplate":"https:\/\/odavprint.ee\/et\/?s={search_term_string}"},"query-input":"required name=search_term_string"}],"inLanguage":"et"},{"@type":["Organization","Place"],"@id":"https:\/\/odavprint.ee\/et\/#organization","name":"Odav Print O\u00dc","url":"https:\/\/odavprint.ee\/et\/","logo":{"@id":"https:\/\/odavprint.ee\/et\/product\/axagon-rucm-afac-usb-3-2-gen-1-type-c-male-to-usb-type-a-female-cable-adapter-02m-3a-alu\/#local-main-organization-logo"},"image":{"@id":"https:\/\/odavprint.ee\/et\/product\/axagon-rucm-afac-usb-3-2-gen-1-type-c-male-to-usb-type-a-female-cable-adapter-02m-3a-alu\/#local-main-organization-logo"},"address":{"@id":"https:\/\/odavprint.ee\/et\/product\/axagon-rucm-afac-usb-3-2-gen-1-type-c-male-to-usb-type-a-female-cable-adapter-02m-3a-alu\/#local-main-place-address"},"geo":{"@type":"GeoCoordinates","latitude":"59.4306504","longitude":"24.8095743"},"telephone":["53836926"],"openingHoursSpecification":[{"@type":"OpeningHoursSpecification","dayOfWeek":["Monday","Tuesday","Wednesday","Thursday","Friday","Saturday","Sunday"],"opens":"09:00","closes":"17:00"}],"email":"info@odavprint.eu"},{"@type":"PostalAddress","@id":"https:\/\/odavprint.ee\/et\/product\/axagon-rucm-afac-usb-3-2-gen-1-type-c-male-to-usb-type-a-female-cable-adapter-02m-3a-alu\/#local-main-place-address","streetAddress":"Pae tn 28","addressLocality":"Tallinn","postalCode":"11415","addressRegion":"Harjumaa","addressCountry":"EE"},{"@type":"ImageObject","inLanguage":"et","@id":"https:\/\/odavprint.ee\/et\/product\/axagon-rucm-afac-usb-3-2-gen-1-type-c-male-to-usb-type-a-female-cable-adapter-02m-3a-alu\/#local-main-organization-logo","url":"https:\/\/odavprint.ee\/wp-content\/uploads\/2018\/10\/odavprint-logo-240.jpg","contentUrl":"https:\/\/odavprint.ee\/wp-content\/uploads\/2018\/10\/odavprint-logo-240.jpg","width":240,"height":36,"caption":"Odav Print O\u00dc"}]},"product_price_amount":"7.80","product_price_currency":"EUR","og_availability":"out of stock","product_availability":"out of stock","product_retailer_item_id":"RUCM-AFAC","product_condition":"new","geo.placename":"Tallinn","geo.position":{"lat":"59.4306504","long":"24.8095743"},"geo.region":"Estonia"},"_links":{"self":[{"href":"https:\/\/odavprint.ee\/et\/wp-json\/wp\/v2\/product\/191773"}],"collection":[{"href":"https:\/\/odavprint.ee\/et\/wp-json\/wp\/v2\/product"}],"about":[{"href":"https:\/\/odavprint.ee\/et\/wp-json\/wp\/v2\/types\/product"}],"wp:featuredmedia":[{"embeddable":true,"href":"https:\/\/odavprint.ee\/et\/wp-json\/wp\/v2\/media\/191774"}],"wp:attachment":[{"href":"https:\/\/odavprint.ee\/et\/wp-json\/wp\/v2\/media?parent=191773"}],"wp:term":[{"taxonomy":"product_cat","embeddable":true,"href":"https:\/\/odavprint.ee\/et\/wp-json\/wp\/v2\/product_cat?post=191773"},{"taxonomy":"product_tag","embeddable":true,"href":"https:\/\/odavprint.ee\/et\/wp-json\/wp\/v2\/product_tag?post=191773"}],"curies":[{"name":"wp","href":"https:\/\/api.w.org\/{rel}","templated":true}]}}