{"id":191912,"date":"2023-09-01T16:40:20","date_gmt":"2023-09-01T13:40:20","guid":{"rendered":"https:\/\/odavprint.ee\/product\/razer-kaira-for-playstation-headset-wireless-head-band-gaming-usb-type-c-bluetooth-black-blue-white\/"},"modified":"2023-09-01T16:40:21","modified_gmt":"2023-09-01T13:40:21","slug":"razer-kaira-for-playstation-headset-wireless-head-band-gaming-usb-type-c-bluetooth-black-blue-white","status":"publish","type":"product","link":"https:\/\/odavprint.ee\/et\/product\/razer-kaira-for-playstation-headset-wireless-head-band-gaming-usb-type-c-bluetooth-black-blue-white\/","title":{"rendered":"Razer Kaira for Playstation Headset Wireless Head-band Gaming USB Type-C Bluetooth, Black\/Blue\/White"},"content":{"rendered":"<p><b>RAZER KAIRA FOR PLAYSTATION CONSOLE. MOBILE. MASTERED.<\/b> Whether you\u2019re on console or mobile, rule both realms with the Razer Kaira for PlayStation\u2014a dual wireless PS5 headset powered by Razer\u2122 SmartSwitch. Capable of connecting to a 2.4 GHz and Bluetooth device at once, enjoy unrivalled convenience as you switch seamlessly between them.  <b>Razer\u2122 TriForce 50mm Drivers<\/b> The Razer Kaira features cutting-edge drivers that can tune highs, mids, and lows separately &#8211; producing brighter, clearer sound with richer trebles and more powerful bass.  <b>Razer\u2122 Hyperclear Cardioid Mic<\/b> The bendable mic has been fine-tuned to suppress background noise from the back and sides for greater voice isolation, ensuring you\u2019ll always be heard loud and clear.  <b>Razer\u2122 SmartSwitch<\/b> While using the Kaira with the included USB-C dongle, calls from a connected Bluetooth device will automatically come through the headset so you can conveniently take the call then switch back to the game audio without ever removing the Kaira.  Do Not Disturb Mode can be toggled on in the Razer Audio app if you want to block incoming calls from coming through, while a dedicated button on the headset allows you to manually switch between HyperSpeed Wireless and Bluetooth audio sources.  <b>Mobile App Customizations<\/b> Maximize your Kaira with the Razer Audio app. Check battery status, customize the EQ, toggle Do Not Disturb, and more with continuous improvements via over-the-air firmware updates.<\/p>\n","protected":false},"excerpt":{"rendered":"<p>RAZER KAIRA FOR PLAYSTATION CONSOLE. MOBILE. MASTERED. Whether you\u2019re on console or mobile, rule both realms with the Razer Kaira for PlayStation\u2014a dual wireless PS5 headset powered by Razer\u2122 SmartSwitch. Capable of connecting to a 2.4 GHz and Bluetooth device at once, enjoy unrivalled convenience as you switch seamlessly between them. Razer\u2122 TriForce 50mm Drivers [&#8230;]\n","protected":false},"featured_media":191913,"template":"","meta":{"inline_featured_image":false},"product_cat":[17210],"product_tag":[],"yoast_head":"<!-- This site is optimized with the Yoast SEO Premium plugin v23.0 (Yoast SEO v23.0) - https:\/\/yoast.com\/wordpress\/plugins\/seo\/ -->\n<title>Razer Kaira for Playstation Headset Wireless Head-band Gaming USB Type-C Bluetooth, Black\/Blue\/White, hea hinnaga, osta e-pood - Odav Print<\/title>\n<meta name=\"description\" content=\"Osta Razer Kaira for Playstation Headset Wireless Head-band Gaming USB Type-C Bluetooth, Black\/Blue\/White Odav Print \u260e +372 5911 9495 \u2714\ufe0f Parim hind Razer Kaira for Playstation Headset Wireless Head-band Gaming USB Type-C Bluetooth, Black\/Blue\/White jaoks \u26df Kiire kohaletoimetamine Eestis \u2b50 Garanteeritud\" \/>\n<meta name=\"robots\" content=\"index, follow, max-snippet:-1, max-image-preview:large, max-video-preview:-1\" \/>\n<link rel=\"canonical\" href=\"https:\/\/odavprint.ee\/et\/product\/razer-kaira-for-playstation-headset-wireless-head-band-gaming-usb-type-c-bluetooth-black-blue-white\/\" \/>\n<meta property=\"og:locale\" content=\"et_EE\" \/>\n<meta property=\"og:type\" content=\"article\" \/>\n<meta property=\"og:title\" content=\"Razer Kaira for Playstation Headset Wireless Head-band Gaming USB Type-C Bluetooth, Black\/Blue\/White\" \/>\n<meta property=\"og:description\" content=\"Osta Razer Kaira for Playstation Headset Wireless Head-band Gaming USB Type-C Bluetooth, Black\/Blue\/White Odav Print \u260e +372 5911 9495 \u2714\ufe0f Parim hind Razer Kaira for Playstation Headset Wireless Head-band Gaming USB Type-C Bluetooth, Black\/Blue\/White jaoks \u26df Kiire kohaletoimetamine Eestis \u2b50 Garanteeritud\" \/>\n<meta property=\"og:url\" content=\"https:\/\/odavprint.ee\/et\/product\/razer-kaira-for-playstation-headset-wireless-head-band-gaming-usb-type-c-bluetooth-black-blue-white\/\" \/>\n<meta property=\"og:site_name\" content=\"Odav Print\" \/>\n<meta property=\"article:modified_time\" content=\"2023-09-01T13:40:21+00:00\" \/>\n<meta property=\"og:image\" content=\"https:\/\/odavprint.ee\/wp-content\/uploads\/2023\/09\/191912_b996dfc1-0490-462e-8047-d27b36f07e9a.jpg\" \/>\n\t<meta property=\"og:image:width\" content=\"667\" \/>\n\t<meta property=\"og:image:height\" content=\"500\" \/>\n\t<meta property=\"og:image:type\" content=\"image\/jpeg\" \/>\n<meta name=\"twitter:card\" content=\"summary_large_image\" \/>\n<meta name=\"twitter:label1\" content=\"Price\" \/>\n\t<meta name=\"twitter:data1\" content=\"&euro;119.00\" \/>\n\t<meta name=\"twitter:label2\" content=\"Availability\" \/>\n\t<meta name=\"twitter:data2\" content=\"Out of stock\" \/>\n<script type=\"application\/ld+json\" class=\"yoast-schema-graph\">{\"@context\":\"https:\/\/schema.org\",\"@graph\":[{\"@type\":[\"WebPage\",\"ItemPage\"],\"@id\":\"https:\/\/odavprint.ee\/et\/product\/razer-kaira-for-playstation-headset-wireless-head-band-gaming-usb-type-c-bluetooth-black-blue-white\/\",\"url\":\"https:\/\/odavprint.ee\/et\/product\/razer-kaira-for-playstation-headset-wireless-head-band-gaming-usb-type-c-bluetooth-black-blue-white\/\",\"name\":\"Razer Kaira for Playstation Headset Wireless Head-band Gaming USB Type-C Bluetooth, Black\/Blue\/White, hea hinnaga, osta e-pood - Odav Print\",\"isPartOf\":{\"@id\":\"https:\/\/odavprint.ee\/et\/#website\"},\"primaryImageOfPage\":{\"@id\":\"https:\/\/odavprint.ee\/et\/product\/razer-kaira-for-playstation-headset-wireless-head-band-gaming-usb-type-c-bluetooth-black-blue-white\/#primaryimage\"},\"image\":{\"@id\":\"https:\/\/odavprint.ee\/et\/product\/razer-kaira-for-playstation-headset-wireless-head-band-gaming-usb-type-c-bluetooth-black-blue-white\/#primaryimage\"},\"thumbnailUrl\":\"https:\/\/odavprint.ee\/wp-content\/uploads\/2023\/09\/191912_b996dfc1-0490-462e-8047-d27b36f07e9a.jpg\",\"datePublished\":\"2023-09-01T13:40:20+00:00\",\"dateModified\":\"2023-09-01T13:40:21+00:00\",\"description\":\"Osta Razer Kaira for Playstation Headset Wireless Head-band Gaming USB Type-C Bluetooth, Black\/Blue\/White Odav Print \u260e +372 5911 9495 \u2714\ufe0f Parim hind Razer Kaira for Playstation Headset Wireless Head-band Gaming USB Type-C Bluetooth, Black\/Blue\/White jaoks \u26df Kiire kohaletoimetamine Eestis \u2b50 Garanteeritud\",\"breadcrumb\":{\"@id\":\"https:\/\/odavprint.ee\/et\/product\/razer-kaira-for-playstation-headset-wireless-head-band-gaming-usb-type-c-bluetooth-black-blue-white\/#breadcrumb\"},\"inLanguage\":\"et\",\"potentialAction\":[{\"@type\":\"ReadAction\",\"target\":[\"https:\/\/odavprint.ee\/et\/product\/razer-kaira-for-playstation-headset-wireless-head-band-gaming-usb-type-c-bluetooth-black-blue-white\/\"]}]},{\"@type\":\"ImageObject\",\"inLanguage\":\"et\",\"@id\":\"https:\/\/odavprint.ee\/et\/product\/razer-kaira-for-playstation-headset-wireless-head-band-gaming-usb-type-c-bluetooth-black-blue-white\/#primaryimage\",\"url\":\"https:\/\/odavprint.ee\/wp-content\/uploads\/2023\/09\/191912_b996dfc1-0490-462e-8047-d27b36f07e9a.jpg\",\"contentUrl\":\"https:\/\/odavprint.ee\/wp-content\/uploads\/2023\/09\/191912_b996dfc1-0490-462e-8047-d27b36f07e9a.jpg\",\"width\":667,\"height\":500},{\"@type\":\"BreadcrumbList\",\"@id\":\"https:\/\/odavprint.ee\/et\/product\/razer-kaira-for-playstation-headset-wireless-head-band-gaming-usb-type-c-bluetooth-black-blue-white\/#breadcrumb\",\"itemListElement\":[{\"@type\":\"ListItem\",\"position\":1,\"name\":\"Home\",\"item\":\"https:\/\/odavprint.ee\/et\/esileht\/\"},{\"@type\":\"ListItem\",\"position\":2,\"name\":\"E-pood\",\"item\":\"https:\/\/odavprint.ee\/et\/shop\/\"},{\"@type\":\"ListItem\",\"position\":3,\"name\":\"Razer Kaira for Playstation Headset Wireless Head-band Gaming USB Type-C Bluetooth, Black\/Blue\/White\"}]},{\"@type\":\"WebSite\",\"@id\":\"https:\/\/odavprint.ee\/et\/#website\",\"url\":\"https:\/\/odavprint.ee\/et\/\",\"name\":\"Odav Print\",\"description\":\"Just another WordPress site\",\"publisher\":{\"@id\":\"https:\/\/odavprint.ee\/et\/#organization\"},\"alternateName\":\"Kassettide, toonerite t\u00e4itmine ja m\u00fc\u00fck.\",\"potentialAction\":[{\"@type\":\"SearchAction\",\"target\":{\"@type\":\"EntryPoint\",\"urlTemplate\":\"https:\/\/odavprint.ee\/et\/?s={search_term_string}\"},\"query-input\":\"required name=search_term_string\"}],\"inLanguage\":\"et\"},{\"@type\":[\"Organization\",\"Place\"],\"@id\":\"https:\/\/odavprint.ee\/et\/#organization\",\"name\":\"Odav Print O\u00dc\",\"url\":\"https:\/\/odavprint.ee\/et\/\",\"logo\":{\"@id\":\"https:\/\/odavprint.ee\/et\/product\/razer-kaira-for-playstation-headset-wireless-head-band-gaming-usb-type-c-bluetooth-black-blue-white\/#local-main-organization-logo\"},\"image\":{\"@id\":\"https:\/\/odavprint.ee\/et\/product\/razer-kaira-for-playstation-headset-wireless-head-band-gaming-usb-type-c-bluetooth-black-blue-white\/#local-main-organization-logo\"},\"address\":{\"@id\":\"https:\/\/odavprint.ee\/et\/product\/razer-kaira-for-playstation-headset-wireless-head-band-gaming-usb-type-c-bluetooth-black-blue-white\/#local-main-place-address\"},\"geo\":{\"@type\":\"GeoCoordinates\",\"latitude\":\"59.4306504\",\"longitude\":\"24.8095743\"},\"telephone\":[\"53836926\"],\"openingHoursSpecification\":[{\"@type\":\"OpeningHoursSpecification\",\"dayOfWeek\":[\"Monday\",\"Tuesday\",\"Wednesday\",\"Thursday\",\"Friday\",\"Saturday\",\"Sunday\"],\"opens\":\"09:00\",\"closes\":\"17:00\"}],\"email\":\"info@odavprint.eu\"},{\"@type\":\"PostalAddress\",\"@id\":\"https:\/\/odavprint.ee\/et\/product\/razer-kaira-for-playstation-headset-wireless-head-band-gaming-usb-type-c-bluetooth-black-blue-white\/#local-main-place-address\",\"streetAddress\":\"Pae tn 28\",\"addressLocality\":\"Tallinn\",\"postalCode\":\"11415\",\"addressRegion\":\"Harjumaa\",\"addressCountry\":\"EE\"},{\"@type\":\"ImageObject\",\"inLanguage\":\"et\",\"@id\":\"https:\/\/odavprint.ee\/et\/product\/razer-kaira-for-playstation-headset-wireless-head-band-gaming-usb-type-c-bluetooth-black-blue-white\/#local-main-organization-logo\",\"url\":\"https:\/\/odavprint.ee\/wp-content\/uploads\/2018\/10\/odavprint-logo-240.jpg\",\"contentUrl\":\"https:\/\/odavprint.ee\/wp-content\/uploads\/2018\/10\/odavprint-logo-240.jpg\",\"width\":240,\"height\":36,\"caption\":\"Odav Print O\u00dc\"}]}<\/script>\n<meta property=\"product:price:amount\" content=\"119.00\" \/>\n<meta property=\"product:price:currency\" content=\"EUR\" \/>\n<meta property=\"og:availability\" content=\"out of stock\" \/>\n<meta property=\"product:availability\" content=\"out of stock\" \/>\n<meta property=\"product:retailer_item_id\" content=\"RZ04-03980100-R3M1\" \/>\n<meta property=\"product:condition\" content=\"new\" \/>\n<meta name=\"geo.placename\" content=\"Tallinn\" \/>\n<meta name=\"geo.position\" content=\"59.4306504;24.8095743\" \/>\n<meta name=\"geo.region\" content=\"Estonia\" \/>\n<!-- \/ Yoast SEO Premium plugin. -->","yoast_head_json":{"title":"Razer Kaira for Playstation Headset Wireless Head-band Gaming USB Type-C Bluetooth, Black\/Blue\/White, hea hinnaga, osta e-pood - Odav Print","description":"Osta Razer Kaira for Playstation Headset Wireless Head-band Gaming USB Type-C Bluetooth, Black\/Blue\/White Odav Print \u260e +372 5911 9495 \u2714\ufe0f Parim hind Razer Kaira for Playstation Headset Wireless Head-band Gaming USB Type-C Bluetooth, Black\/Blue\/White jaoks \u26df Kiire kohaletoimetamine Eestis \u2b50 Garanteeritud","robots":{"index":"index","follow":"follow","max-snippet":"max-snippet:-1","max-image-preview":"max-image-preview:large","max-video-preview":"max-video-preview:-1"},"canonical":"https:\/\/odavprint.ee\/et\/product\/razer-kaira-for-playstation-headset-wireless-head-band-gaming-usb-type-c-bluetooth-black-blue-white\/","og_locale":"et_EE","og_type":"article","og_title":"Razer Kaira for Playstation Headset Wireless Head-band Gaming USB Type-C Bluetooth, Black\/Blue\/White","og_description":"Osta Razer Kaira for Playstation Headset Wireless Head-band Gaming USB Type-C Bluetooth, Black\/Blue\/White Odav Print \u260e +372 5911 9495 \u2714\ufe0f Parim hind Razer Kaira for Playstation Headset Wireless Head-band Gaming USB Type-C Bluetooth, Black\/Blue\/White jaoks \u26df Kiire kohaletoimetamine Eestis \u2b50 Garanteeritud","og_url":"https:\/\/odavprint.ee\/et\/product\/razer-kaira-for-playstation-headset-wireless-head-band-gaming-usb-type-c-bluetooth-black-blue-white\/","og_site_name":"Odav Print","article_modified_time":"2023-09-01T13:40:21+00:00","og_image":[{"width":667,"height":500,"url":"https:\/\/odavprint.ee\/wp-content\/uploads\/2023\/09\/191912_b996dfc1-0490-462e-8047-d27b36f07e9a.jpg","type":"image\/jpeg"}],"twitter_card":"summary_large_image","twitter_misc":{"Price":"&euro;119.00","Availability":"Out of stock"},"schema":{"@context":"https:\/\/schema.org","@graph":[{"@type":["WebPage","ItemPage"],"@id":"https:\/\/odavprint.ee\/et\/product\/razer-kaira-for-playstation-headset-wireless-head-band-gaming-usb-type-c-bluetooth-black-blue-white\/","url":"https:\/\/odavprint.ee\/et\/product\/razer-kaira-for-playstation-headset-wireless-head-band-gaming-usb-type-c-bluetooth-black-blue-white\/","name":"Razer Kaira for Playstation Headset Wireless Head-band Gaming USB Type-C Bluetooth, Black\/Blue\/White, hea hinnaga, osta e-pood - Odav Print","isPartOf":{"@id":"https:\/\/odavprint.ee\/et\/#website"},"primaryImageOfPage":{"@id":"https:\/\/odavprint.ee\/et\/product\/razer-kaira-for-playstation-headset-wireless-head-band-gaming-usb-type-c-bluetooth-black-blue-white\/#primaryimage"},"image":{"@id":"https:\/\/odavprint.ee\/et\/product\/razer-kaira-for-playstation-headset-wireless-head-band-gaming-usb-type-c-bluetooth-black-blue-white\/#primaryimage"},"thumbnailUrl":"https:\/\/odavprint.ee\/wp-content\/uploads\/2023\/09\/191912_b996dfc1-0490-462e-8047-d27b36f07e9a.jpg","datePublished":"2023-09-01T13:40:20+00:00","dateModified":"2023-09-01T13:40:21+00:00","description":"Osta Razer Kaira for Playstation Headset Wireless Head-band Gaming USB Type-C Bluetooth, Black\/Blue\/White Odav Print \u260e +372 5911 9495 \u2714\ufe0f Parim hind Razer Kaira for Playstation Headset Wireless Head-band Gaming USB Type-C Bluetooth, Black\/Blue\/White jaoks \u26df Kiire kohaletoimetamine Eestis \u2b50 Garanteeritud","breadcrumb":{"@id":"https:\/\/odavprint.ee\/et\/product\/razer-kaira-for-playstation-headset-wireless-head-band-gaming-usb-type-c-bluetooth-black-blue-white\/#breadcrumb"},"inLanguage":"et","potentialAction":[{"@type":"ReadAction","target":["https:\/\/odavprint.ee\/et\/product\/razer-kaira-for-playstation-headset-wireless-head-band-gaming-usb-type-c-bluetooth-black-blue-white\/"]}]},{"@type":"ImageObject","inLanguage":"et","@id":"https:\/\/odavprint.ee\/et\/product\/razer-kaira-for-playstation-headset-wireless-head-band-gaming-usb-type-c-bluetooth-black-blue-white\/#primaryimage","url":"https:\/\/odavprint.ee\/wp-content\/uploads\/2023\/09\/191912_b996dfc1-0490-462e-8047-d27b36f07e9a.jpg","contentUrl":"https:\/\/odavprint.ee\/wp-content\/uploads\/2023\/09\/191912_b996dfc1-0490-462e-8047-d27b36f07e9a.jpg","width":667,"height":500},{"@type":"BreadcrumbList","@id":"https:\/\/odavprint.ee\/et\/product\/razer-kaira-for-playstation-headset-wireless-head-band-gaming-usb-type-c-bluetooth-black-blue-white\/#breadcrumb","itemListElement":[{"@type":"ListItem","position":1,"name":"Home","item":"https:\/\/odavprint.ee\/et\/esileht\/"},{"@type":"ListItem","position":2,"name":"E-pood","item":"https:\/\/odavprint.ee\/et\/shop\/"},{"@type":"ListItem","position":3,"name":"Razer Kaira for Playstation Headset Wireless Head-band Gaming USB Type-C Bluetooth, Black\/Blue\/White"}]},{"@type":"WebSite","@id":"https:\/\/odavprint.ee\/et\/#website","url":"https:\/\/odavprint.ee\/et\/","name":"Odav Print","description":"Just another WordPress site","publisher":{"@id":"https:\/\/odavprint.ee\/et\/#organization"},"alternateName":"Kassettide, toonerite t\u00e4itmine ja m\u00fc\u00fck.","potentialAction":[{"@type":"SearchAction","target":{"@type":"EntryPoint","urlTemplate":"https:\/\/odavprint.ee\/et\/?s={search_term_string}"},"query-input":"required name=search_term_string"}],"inLanguage":"et"},{"@type":["Organization","Place"],"@id":"https:\/\/odavprint.ee\/et\/#organization","name":"Odav Print O\u00dc","url":"https:\/\/odavprint.ee\/et\/","logo":{"@id":"https:\/\/odavprint.ee\/et\/product\/razer-kaira-for-playstation-headset-wireless-head-band-gaming-usb-type-c-bluetooth-black-blue-white\/#local-main-organization-logo"},"image":{"@id":"https:\/\/odavprint.ee\/et\/product\/razer-kaira-for-playstation-headset-wireless-head-band-gaming-usb-type-c-bluetooth-black-blue-white\/#local-main-organization-logo"},"address":{"@id":"https:\/\/odavprint.ee\/et\/product\/razer-kaira-for-playstation-headset-wireless-head-band-gaming-usb-type-c-bluetooth-black-blue-white\/#local-main-place-address"},"geo":{"@type":"GeoCoordinates","latitude":"59.4306504","longitude":"24.8095743"},"telephone":["53836926"],"openingHoursSpecification":[{"@type":"OpeningHoursSpecification","dayOfWeek":["Monday","Tuesday","Wednesday","Thursday","Friday","Saturday","Sunday"],"opens":"09:00","closes":"17:00"}],"email":"info@odavprint.eu"},{"@type":"PostalAddress","@id":"https:\/\/odavprint.ee\/et\/product\/razer-kaira-for-playstation-headset-wireless-head-band-gaming-usb-type-c-bluetooth-black-blue-white\/#local-main-place-address","streetAddress":"Pae tn 28","addressLocality":"Tallinn","postalCode":"11415","addressRegion":"Harjumaa","addressCountry":"EE"},{"@type":"ImageObject","inLanguage":"et","@id":"https:\/\/odavprint.ee\/et\/product\/razer-kaira-for-playstation-headset-wireless-head-band-gaming-usb-type-c-bluetooth-black-blue-white\/#local-main-organization-logo","url":"https:\/\/odavprint.ee\/wp-content\/uploads\/2018\/10\/odavprint-logo-240.jpg","contentUrl":"https:\/\/odavprint.ee\/wp-content\/uploads\/2018\/10\/odavprint-logo-240.jpg","width":240,"height":36,"caption":"Odav Print O\u00dc"}]},"product_price_amount":"119.00","product_price_currency":"EUR","og_availability":"out of stock","product_availability":"out of stock","product_retailer_item_id":"RZ04-03980100-R3M1","product_condition":"new","geo.placename":"Tallinn","geo.position":{"lat":"59.4306504","long":"24.8095743"},"geo.region":"Estonia"},"_links":{"self":[{"href":"https:\/\/odavprint.ee\/et\/wp-json\/wp\/v2\/product\/191912"}],"collection":[{"href":"https:\/\/odavprint.ee\/et\/wp-json\/wp\/v2\/product"}],"about":[{"href":"https:\/\/odavprint.ee\/et\/wp-json\/wp\/v2\/types\/product"}],"wp:featuredmedia":[{"embeddable":true,"href":"https:\/\/odavprint.ee\/et\/wp-json\/wp\/v2\/media\/191913"}],"wp:attachment":[{"href":"https:\/\/odavprint.ee\/et\/wp-json\/wp\/v2\/media?parent=191912"}],"wp:term":[{"taxonomy":"product_cat","embeddable":true,"href":"https:\/\/odavprint.ee\/et\/wp-json\/wp\/v2\/product_cat?post=191912"},{"taxonomy":"product_tag","embeddable":true,"href":"https:\/\/odavprint.ee\/et\/wp-json\/wp\/v2\/product_tag?post=191912"}],"curies":[{"name":"wp","href":"https:\/\/api.w.org\/{rel}","templated":true}]}}