{"id":191952,"date":"2023-09-01T16:40:29","date_gmt":"2023-09-01T13:40:29","guid":{"rendered":"https:\/\/odavprint.ee\/product\/razer-rz04-03240600-r3m1-blackshark-v2-x-headset-wired-head-band-gaming-green-black\/"},"modified":"2023-09-01T16:40:29","modified_gmt":"2023-09-01T13:40:29","slug":"razer-rz04-03240600-r3m1-blackshark-v2-x-headset-wired-head-band-gaming-green-black","status":"publish","type":"product","link":"https:\/\/odavprint.ee\/et\/product\/razer-rz04-03240600-r3m1-blackshark-v2-x-headset-wired-head-band-gaming-green-black\/","title":{"rendered":"Razer RZ04-03240600-R3M1 BlackShark V2 X Headset Wired Head-band Gaming, Green\/Black"},"content":{"rendered":"<p><b>THE SOUND OF ESPORTS<\/b><\/p>\n<p>Face the competition head-on with a lightweight esports headset that thrives under pressure. Introducing the Razer BlackShark V2 X\u2014a triple threat of amazing audio, superior mic clarity and supreme sound isolation that\u2019s approved by pros.<\/p>\n<p>\u00a0<\/p>\n<p><b>RAZER\u2122 TRIFORCE 50MM DRIVERS<\/b><\/p>\n<p>Our all-new patented design allows our engineers to custom tune each driver as though there are three\u2014allowing for the individual replications of high, mid and low audio frequencies to deliver on richer trebles, brighter sound and powerful bass.<\/p>\n<p>\u00a0<\/p>\n<p><b>RAZER\u2122 HYPERCLEAR CARDIOID MIC<\/b><\/p>\n<p>Offering greater speech pickup and noise cancellation, the bendable mic on this lightweight esports headset has an optimized microphone housing which adopts a more open design for minimal obstruction\u2014resulting in improved clarity for a closer recreation of your voice.<\/p>\n<p>\u00a0<\/p>\n<p><b>DVANCED PASSIVE NOISE CANCELLATION<\/b><\/p>\n<p>From cheering crowds to the hum of your rig, shut noise out and enjoy uninterrupted focus with special closed earcups that fully cover your ears, aided by plush cushions that form a closer seal for greater sound isolation.<\/p>\n<p>\u00a0<\/p>\n<p><b>LIGHTWEIGHT COMFORT<\/b><\/p>\n<p>At just 240g, you\u2019ll barely remember you have it on during gaming marathons. The headset is made even more comfortable thanks to thicker heading padding and improved memory foam ear cushions wrapped in a combination of breathable fabric and plush leatherette.<\/p>\n<p>\u00a0<\/p>\n<p><b>7.1 SURROUND SOUND<\/b><\/p>\n<p>Heighten your match awareness and let nothing escape your ears with accurate positional audio that lets you pinpoint intuitively where every sound is coming from.<\/p>\n<p>\u00a0<\/p>\n<p><b>CROSS-PLATFORM COMPATIBILITY<\/b><\/p>\n<p>This lightweight esports headset uses a 3.5mm jack and works across popular platforms, allowing you to seek out competition on PC, Mac, PS4, Xbox One, Nintendo Switch and mobile devices.<\/p>\n","protected":false},"excerpt":{"rendered":"<p>THE SOUND OF ESPORTS Face the competition head-on with a lightweight esports headset that thrives under pressure. Introducing the Razer BlackShark V2 X\u2014a triple threat of amazing audio, superior mic clarity and supreme sound isolation that\u2019s approved by pros. \u00a0 RAZER\u2122 TRIFORCE 50MM DRIVERS Our all-new patented design allows our engineers to custom tune each [&#8230;]\n","protected":false},"featured_media":191953,"template":"","meta":{"inline_featured_image":false},"product_cat":[17210],"product_tag":[],"yoast_head":"<!-- This site is optimized with the Yoast SEO Premium plugin v23.0 (Yoast SEO v23.0) - https:\/\/yoast.com\/wordpress\/plugins\/seo\/ -->\n<title>Razer RZ04-03240600-R3M1 BlackShark V2 X Headset Wired Head-band Gaming, Green\/Black, hea hinnaga, osta e-pood - Odav Print<\/title>\n<meta name=\"description\" content=\"Osta Razer RZ04-03240600-R3M1 BlackShark V2 X Headset Wired Head-band Gaming, Green\/Black Odav Print \u260e +372 5911 9495 \u2714\ufe0f Parim hind Razer RZ04-03240600-R3M1 BlackShark V2 X Headset Wired Head-band Gaming, Green\/Black jaoks \u26df Kiire kohaletoimetamine Eestis \u2b50 Garanteeritud\" \/>\n<meta name=\"robots\" content=\"index, follow, max-snippet:-1, max-image-preview:large, max-video-preview:-1\" \/>\n<link rel=\"canonical\" href=\"https:\/\/odavprint.ee\/et\/product\/razer-rz04-03240600-r3m1-blackshark-v2-x-headset-wired-head-band-gaming-green-black\/\" \/>\n<meta property=\"og:locale\" content=\"et_EE\" \/>\n<meta property=\"og:type\" content=\"article\" \/>\n<meta property=\"og:title\" content=\"Razer RZ04-03240600-R3M1 BlackShark V2 X Headset Wired Head-band Gaming, Green\/Black\" \/>\n<meta property=\"og:description\" content=\"Osta Razer RZ04-03240600-R3M1 BlackShark V2 X Headset Wired Head-band Gaming, Green\/Black Odav Print \u260e +372 5911 9495 \u2714\ufe0f Parim hind Razer RZ04-03240600-R3M1 BlackShark V2 X Headset Wired Head-band Gaming, Green\/Black jaoks \u26df Kiire kohaletoimetamine Eestis \u2b50 Garanteeritud\" \/>\n<meta property=\"og:url\" content=\"https:\/\/odavprint.ee\/et\/product\/razer-rz04-03240600-r3m1-blackshark-v2-x-headset-wired-head-band-gaming-green-black\/\" \/>\n<meta property=\"og:site_name\" content=\"Odav Print\" \/>\n<meta property=\"og:image\" content=\"https:\/\/odavprint.ee\/wp-content\/uploads\/2023\/09\/191952_2ca91487-08ae-4b9d-b62f-e4d5054df34a.jpg\" \/>\n\t<meta property=\"og:image:width\" content=\"667\" \/>\n\t<meta property=\"og:image:height\" content=\"500\" \/>\n\t<meta property=\"og:image:type\" content=\"image\/jpeg\" \/>\n<meta name=\"twitter:card\" content=\"summary_large_image\" \/>\n<meta name=\"twitter:label1\" content=\"Price\" \/>\n\t<meta name=\"twitter:data1\" content=\"&euro;82.90\" \/>\n\t<meta name=\"twitter:label2\" content=\"Availability\" \/>\n\t<meta name=\"twitter:data2\" content=\"Out of stock\" \/>\n<script type=\"application\/ld+json\" class=\"yoast-schema-graph\">{\"@context\":\"https:\/\/schema.org\",\"@graph\":[{\"@type\":[\"WebPage\",\"ItemPage\"],\"@id\":\"https:\/\/odavprint.ee\/et\/product\/razer-rz04-03240600-r3m1-blackshark-v2-x-headset-wired-head-band-gaming-green-black\/\",\"url\":\"https:\/\/odavprint.ee\/et\/product\/razer-rz04-03240600-r3m1-blackshark-v2-x-headset-wired-head-band-gaming-green-black\/\",\"name\":\"Razer RZ04-03240600-R3M1 BlackShark V2 X Headset Wired Head-band Gaming, Green\/Black, hea hinnaga, osta e-pood - Odav Print\",\"isPartOf\":{\"@id\":\"https:\/\/odavprint.ee\/et\/#website\"},\"primaryImageOfPage\":{\"@id\":\"https:\/\/odavprint.ee\/et\/product\/razer-rz04-03240600-r3m1-blackshark-v2-x-headset-wired-head-band-gaming-green-black\/#primaryimage\"},\"image\":{\"@id\":\"https:\/\/odavprint.ee\/et\/product\/razer-rz04-03240600-r3m1-blackshark-v2-x-headset-wired-head-band-gaming-green-black\/#primaryimage\"},\"thumbnailUrl\":\"https:\/\/odavprint.ee\/wp-content\/uploads\/2023\/09\/191952_2ca91487-08ae-4b9d-b62f-e4d5054df34a.jpg\",\"datePublished\":\"2023-09-01T13:40:29+00:00\",\"dateModified\":\"2023-09-01T13:40:29+00:00\",\"description\":\"Osta Razer RZ04-03240600-R3M1 BlackShark V2 X Headset Wired Head-band Gaming, Green\/Black Odav Print \u260e +372 5911 9495 \u2714\ufe0f Parim hind Razer RZ04-03240600-R3M1 BlackShark V2 X Headset Wired Head-band Gaming, Green\/Black jaoks \u26df Kiire kohaletoimetamine Eestis \u2b50 Garanteeritud\",\"breadcrumb\":{\"@id\":\"https:\/\/odavprint.ee\/et\/product\/razer-rz04-03240600-r3m1-blackshark-v2-x-headset-wired-head-band-gaming-green-black\/#breadcrumb\"},\"inLanguage\":\"et\",\"potentialAction\":[{\"@type\":\"ReadAction\",\"target\":[\"https:\/\/odavprint.ee\/et\/product\/razer-rz04-03240600-r3m1-blackshark-v2-x-headset-wired-head-band-gaming-green-black\/\"]}]},{\"@type\":\"ImageObject\",\"inLanguage\":\"et\",\"@id\":\"https:\/\/odavprint.ee\/et\/product\/razer-rz04-03240600-r3m1-blackshark-v2-x-headset-wired-head-band-gaming-green-black\/#primaryimage\",\"url\":\"https:\/\/odavprint.ee\/wp-content\/uploads\/2023\/09\/191952_2ca91487-08ae-4b9d-b62f-e4d5054df34a.jpg\",\"contentUrl\":\"https:\/\/odavprint.ee\/wp-content\/uploads\/2023\/09\/191952_2ca91487-08ae-4b9d-b62f-e4d5054df34a.jpg\",\"width\":667,\"height\":500},{\"@type\":\"BreadcrumbList\",\"@id\":\"https:\/\/odavprint.ee\/et\/product\/razer-rz04-03240600-r3m1-blackshark-v2-x-headset-wired-head-band-gaming-green-black\/#breadcrumb\",\"itemListElement\":[{\"@type\":\"ListItem\",\"position\":1,\"name\":\"Home\",\"item\":\"https:\/\/odavprint.ee\/et\/esileht\/\"},{\"@type\":\"ListItem\",\"position\":2,\"name\":\"E-pood\",\"item\":\"https:\/\/odavprint.ee\/et\/shop\/\"},{\"@type\":\"ListItem\",\"position\":3,\"name\":\"Razer RZ04-03240600-R3M1 BlackShark V2 X Headset Wired Head-band Gaming, Green\/Black\"}]},{\"@type\":\"WebSite\",\"@id\":\"https:\/\/odavprint.ee\/et\/#website\",\"url\":\"https:\/\/odavprint.ee\/et\/\",\"name\":\"Odav Print\",\"description\":\"Just another WordPress site\",\"publisher\":{\"@id\":\"https:\/\/odavprint.ee\/et\/#organization\"},\"alternateName\":\"Kassettide, toonerite t\u00e4itmine ja m\u00fc\u00fck.\",\"potentialAction\":[{\"@type\":\"SearchAction\",\"target\":{\"@type\":\"EntryPoint\",\"urlTemplate\":\"https:\/\/odavprint.ee\/et\/?s={search_term_string}\"},\"query-input\":\"required name=search_term_string\"}],\"inLanguage\":\"et\"},{\"@type\":[\"Organization\",\"Place\"],\"@id\":\"https:\/\/odavprint.ee\/et\/#organization\",\"name\":\"Odav Print O\u00dc\",\"url\":\"https:\/\/odavprint.ee\/et\/\",\"logo\":{\"@id\":\"https:\/\/odavprint.ee\/et\/product\/razer-rz04-03240600-r3m1-blackshark-v2-x-headset-wired-head-band-gaming-green-black\/#local-main-organization-logo\"},\"image\":{\"@id\":\"https:\/\/odavprint.ee\/et\/product\/razer-rz04-03240600-r3m1-blackshark-v2-x-headset-wired-head-band-gaming-green-black\/#local-main-organization-logo\"},\"address\":{\"@id\":\"https:\/\/odavprint.ee\/et\/product\/razer-rz04-03240600-r3m1-blackshark-v2-x-headset-wired-head-band-gaming-green-black\/#local-main-place-address\"},\"geo\":{\"@type\":\"GeoCoordinates\",\"latitude\":\"59.4306504\",\"longitude\":\"24.8095743\"},\"telephone\":[\"53836926\"],\"openingHoursSpecification\":[{\"@type\":\"OpeningHoursSpecification\",\"dayOfWeek\":[\"Monday\",\"Tuesday\",\"Wednesday\",\"Thursday\",\"Friday\",\"Saturday\",\"Sunday\"],\"opens\":\"09:00\",\"closes\":\"17:00\"}],\"email\":\"info@odavprint.eu\"},{\"@type\":\"PostalAddress\",\"@id\":\"https:\/\/odavprint.ee\/et\/product\/razer-rz04-03240600-r3m1-blackshark-v2-x-headset-wired-head-band-gaming-green-black\/#local-main-place-address\",\"streetAddress\":\"Pae tn 28\",\"addressLocality\":\"Tallinn\",\"postalCode\":\"11415\",\"addressRegion\":\"Harjumaa\",\"addressCountry\":\"EE\"},{\"@type\":\"ImageObject\",\"inLanguage\":\"et\",\"@id\":\"https:\/\/odavprint.ee\/et\/product\/razer-rz04-03240600-r3m1-blackshark-v2-x-headset-wired-head-band-gaming-green-black\/#local-main-organization-logo\",\"url\":\"https:\/\/odavprint.ee\/wp-content\/uploads\/2018\/10\/odavprint-logo-240.jpg\",\"contentUrl\":\"https:\/\/odavprint.ee\/wp-content\/uploads\/2018\/10\/odavprint-logo-240.jpg\",\"width\":240,\"height\":36,\"caption\":\"Odav Print O\u00dc\"}]}<\/script>\n<meta property=\"product:price:amount\" content=\"82.90\" \/>\n<meta property=\"product:price:currency\" content=\"EUR\" \/>\n<meta property=\"og:availability\" content=\"out of stock\" \/>\n<meta property=\"product:availability\" content=\"out of stock\" \/>\n<meta property=\"product:retailer_item_id\" content=\"RZ04-03240600-R3M1\" \/>\n<meta property=\"product:condition\" content=\"new\" \/>\n<meta name=\"geo.placename\" content=\"Tallinn\" \/>\n<meta name=\"geo.position\" content=\"59.4306504;24.8095743\" \/>\n<meta name=\"geo.region\" content=\"Estonia\" \/>\n<!-- \/ Yoast SEO Premium plugin. -->","yoast_head_json":{"title":"Razer RZ04-03240600-R3M1 BlackShark V2 X Headset Wired Head-band Gaming, Green\/Black, hea hinnaga, osta e-pood - Odav Print","description":"Osta Razer RZ04-03240600-R3M1 BlackShark V2 X Headset Wired Head-band Gaming, Green\/Black Odav Print \u260e +372 5911 9495 \u2714\ufe0f Parim hind Razer RZ04-03240600-R3M1 BlackShark V2 X Headset Wired Head-band Gaming, Green\/Black jaoks \u26df Kiire kohaletoimetamine Eestis \u2b50 Garanteeritud","robots":{"index":"index","follow":"follow","max-snippet":"max-snippet:-1","max-image-preview":"max-image-preview:large","max-video-preview":"max-video-preview:-1"},"canonical":"https:\/\/odavprint.ee\/et\/product\/razer-rz04-03240600-r3m1-blackshark-v2-x-headset-wired-head-band-gaming-green-black\/","og_locale":"et_EE","og_type":"article","og_title":"Razer RZ04-03240600-R3M1 BlackShark V2 X Headset Wired Head-band Gaming, Green\/Black","og_description":"Osta Razer RZ04-03240600-R3M1 BlackShark V2 X Headset Wired Head-band Gaming, Green\/Black Odav Print \u260e +372 5911 9495 \u2714\ufe0f Parim hind Razer RZ04-03240600-R3M1 BlackShark V2 X Headset Wired Head-band Gaming, Green\/Black jaoks \u26df Kiire kohaletoimetamine Eestis \u2b50 Garanteeritud","og_url":"https:\/\/odavprint.ee\/et\/product\/razer-rz04-03240600-r3m1-blackshark-v2-x-headset-wired-head-band-gaming-green-black\/","og_site_name":"Odav Print","og_image":[{"width":667,"height":500,"url":"https:\/\/odavprint.ee\/wp-content\/uploads\/2023\/09\/191952_2ca91487-08ae-4b9d-b62f-e4d5054df34a.jpg","type":"image\/jpeg"}],"twitter_card":"summary_large_image","twitter_misc":{"Price":"&euro;82.90","Availability":"Out of stock"},"schema":{"@context":"https:\/\/schema.org","@graph":[{"@type":["WebPage","ItemPage"],"@id":"https:\/\/odavprint.ee\/et\/product\/razer-rz04-03240600-r3m1-blackshark-v2-x-headset-wired-head-band-gaming-green-black\/","url":"https:\/\/odavprint.ee\/et\/product\/razer-rz04-03240600-r3m1-blackshark-v2-x-headset-wired-head-band-gaming-green-black\/","name":"Razer RZ04-03240600-R3M1 BlackShark V2 X Headset Wired Head-band Gaming, Green\/Black, hea hinnaga, osta e-pood - Odav Print","isPartOf":{"@id":"https:\/\/odavprint.ee\/et\/#website"},"primaryImageOfPage":{"@id":"https:\/\/odavprint.ee\/et\/product\/razer-rz04-03240600-r3m1-blackshark-v2-x-headset-wired-head-band-gaming-green-black\/#primaryimage"},"image":{"@id":"https:\/\/odavprint.ee\/et\/product\/razer-rz04-03240600-r3m1-blackshark-v2-x-headset-wired-head-band-gaming-green-black\/#primaryimage"},"thumbnailUrl":"https:\/\/odavprint.ee\/wp-content\/uploads\/2023\/09\/191952_2ca91487-08ae-4b9d-b62f-e4d5054df34a.jpg","datePublished":"2023-09-01T13:40:29+00:00","dateModified":"2023-09-01T13:40:29+00:00","description":"Osta Razer RZ04-03240600-R3M1 BlackShark V2 X Headset Wired Head-band Gaming, Green\/Black Odav Print \u260e +372 5911 9495 \u2714\ufe0f Parim hind Razer RZ04-03240600-R3M1 BlackShark V2 X Headset Wired Head-band Gaming, Green\/Black jaoks \u26df Kiire kohaletoimetamine Eestis \u2b50 Garanteeritud","breadcrumb":{"@id":"https:\/\/odavprint.ee\/et\/product\/razer-rz04-03240600-r3m1-blackshark-v2-x-headset-wired-head-band-gaming-green-black\/#breadcrumb"},"inLanguage":"et","potentialAction":[{"@type":"ReadAction","target":["https:\/\/odavprint.ee\/et\/product\/razer-rz04-03240600-r3m1-blackshark-v2-x-headset-wired-head-band-gaming-green-black\/"]}]},{"@type":"ImageObject","inLanguage":"et","@id":"https:\/\/odavprint.ee\/et\/product\/razer-rz04-03240600-r3m1-blackshark-v2-x-headset-wired-head-band-gaming-green-black\/#primaryimage","url":"https:\/\/odavprint.ee\/wp-content\/uploads\/2023\/09\/191952_2ca91487-08ae-4b9d-b62f-e4d5054df34a.jpg","contentUrl":"https:\/\/odavprint.ee\/wp-content\/uploads\/2023\/09\/191952_2ca91487-08ae-4b9d-b62f-e4d5054df34a.jpg","width":667,"height":500},{"@type":"BreadcrumbList","@id":"https:\/\/odavprint.ee\/et\/product\/razer-rz04-03240600-r3m1-blackshark-v2-x-headset-wired-head-band-gaming-green-black\/#breadcrumb","itemListElement":[{"@type":"ListItem","position":1,"name":"Home","item":"https:\/\/odavprint.ee\/et\/esileht\/"},{"@type":"ListItem","position":2,"name":"E-pood","item":"https:\/\/odavprint.ee\/et\/shop\/"},{"@type":"ListItem","position":3,"name":"Razer RZ04-03240600-R3M1 BlackShark V2 X Headset Wired Head-band Gaming, Green\/Black"}]},{"@type":"WebSite","@id":"https:\/\/odavprint.ee\/et\/#website","url":"https:\/\/odavprint.ee\/et\/","name":"Odav Print","description":"Just another WordPress site","publisher":{"@id":"https:\/\/odavprint.ee\/et\/#organization"},"alternateName":"Kassettide, toonerite t\u00e4itmine ja m\u00fc\u00fck.","potentialAction":[{"@type":"SearchAction","target":{"@type":"EntryPoint","urlTemplate":"https:\/\/odavprint.ee\/et\/?s={search_term_string}"},"query-input":"required name=search_term_string"}],"inLanguage":"et"},{"@type":["Organization","Place"],"@id":"https:\/\/odavprint.ee\/et\/#organization","name":"Odav Print O\u00dc","url":"https:\/\/odavprint.ee\/et\/","logo":{"@id":"https:\/\/odavprint.ee\/et\/product\/razer-rz04-03240600-r3m1-blackshark-v2-x-headset-wired-head-band-gaming-green-black\/#local-main-organization-logo"},"image":{"@id":"https:\/\/odavprint.ee\/et\/product\/razer-rz04-03240600-r3m1-blackshark-v2-x-headset-wired-head-band-gaming-green-black\/#local-main-organization-logo"},"address":{"@id":"https:\/\/odavprint.ee\/et\/product\/razer-rz04-03240600-r3m1-blackshark-v2-x-headset-wired-head-band-gaming-green-black\/#local-main-place-address"},"geo":{"@type":"GeoCoordinates","latitude":"59.4306504","longitude":"24.8095743"},"telephone":["53836926"],"openingHoursSpecification":[{"@type":"OpeningHoursSpecification","dayOfWeek":["Monday","Tuesday","Wednesday","Thursday","Friday","Saturday","Sunday"],"opens":"09:00","closes":"17:00"}],"email":"info@odavprint.eu"},{"@type":"PostalAddress","@id":"https:\/\/odavprint.ee\/et\/product\/razer-rz04-03240600-r3m1-blackshark-v2-x-headset-wired-head-band-gaming-green-black\/#local-main-place-address","streetAddress":"Pae tn 28","addressLocality":"Tallinn","postalCode":"11415","addressRegion":"Harjumaa","addressCountry":"EE"},{"@type":"ImageObject","inLanguage":"et","@id":"https:\/\/odavprint.ee\/et\/product\/razer-rz04-03240600-r3m1-blackshark-v2-x-headset-wired-head-band-gaming-green-black\/#local-main-organization-logo","url":"https:\/\/odavprint.ee\/wp-content\/uploads\/2018\/10\/odavprint-logo-240.jpg","contentUrl":"https:\/\/odavprint.ee\/wp-content\/uploads\/2018\/10\/odavprint-logo-240.jpg","width":240,"height":36,"caption":"Odav Print O\u00dc"}]},"product_price_amount":"82.90","product_price_currency":"EUR","og_availability":"out of stock","product_availability":"out of stock","product_retailer_item_id":"RZ04-03240600-R3M1","product_condition":"new","geo.placename":"Tallinn","geo.position":{"lat":"59.4306504","long":"24.8095743"},"geo.region":"Estonia"},"_links":{"self":[{"href":"https:\/\/odavprint.ee\/et\/wp-json\/wp\/v2\/product\/191952"}],"collection":[{"href":"https:\/\/odavprint.ee\/et\/wp-json\/wp\/v2\/product"}],"about":[{"href":"https:\/\/odavprint.ee\/et\/wp-json\/wp\/v2\/types\/product"}],"wp:featuredmedia":[{"embeddable":true,"href":"https:\/\/odavprint.ee\/et\/wp-json\/wp\/v2\/media\/191953"}],"wp:attachment":[{"href":"https:\/\/odavprint.ee\/et\/wp-json\/wp\/v2\/media?parent=191952"}],"wp:term":[{"taxonomy":"product_cat","embeddable":true,"href":"https:\/\/odavprint.ee\/et\/wp-json\/wp\/v2\/product_cat?post=191952"},{"taxonomy":"product_tag","embeddable":true,"href":"https:\/\/odavprint.ee\/et\/wp-json\/wp\/v2\/product_tag?post=191952"}],"curies":[{"name":"wp","href":"https:\/\/api.w.org\/{rel}","templated":true}]}}