{"id":192028,"date":"2023-09-01T16:56:20","date_gmt":"2023-09-01T13:56:20","guid":{"rendered":"https:\/\/odavprint.ee\/product\/headphones-with-microphone-jabra-biz-1500-duo\/"},"modified":"2023-09-01T16:56:20","modified_gmt":"2023-09-01T13:56:20","slug":"headphones-with-microphone-jabra-biz-1500-duo","status":"publish","type":"product","link":"https:\/\/odavprint.ee\/et\/product\/headphones-with-microphone-jabra-biz-1500-duo\/","title":{"rendered":"Headphones with microphone Jabra Biz 1500 Duo"},"content":{"rendered":"<p>\u00a0&#8211; Great sound, with noise-cancelling microphone and HD Voice to deliver professional sounding calls<br \/>\n&#8211; Robust, entry-level design that is easy to use, with all essential features plus volume control unit and mute for USB version<br \/>\n&#8211; All-day comfort, with foam cushions to keep ears cool and a flexible boom-arm that safely rotates 270 degrees<br \/>\n&#8211; Easy to use right out of the box<br \/>\n&#8211; Easy plug-and-play connectivity using the USB port on your PC<br \/>\n&#8211; Noise-cancelling microphones reduce unwanted background noise and are ideal in crowded and noisy open working environments.<br \/>\n&#8211; Digital Signal Processing (DSP) reduces background noise and removes echo. It also protects the user against sudden high peaks in volume.<br \/>\n&#8211; Enjoy high-definition sound with HD Voice and get crystal-clear communication.<br \/>\n&#8211; Jabra Spin Boom Arm with 270\u00a2\u00aa degree boom arm for easy adjustment without breaking.<br \/>\n&#8211; Customize your settings with Jabra\u00a1\u00afs software applications. You get full integration and remote call control with the latest generation of softphones<\/p>\n","protected":false},"excerpt":{"rendered":"<p>\u00a0&#8211; Great sound, with noise-cancelling microphone and HD Voice to deliver professional sounding calls &#8211; Robust, entry-level design that is easy to use, with all essential features plus volume control unit and mute for USB version &#8211; All-day comfort, with foam cushions to keep ears cool and a flexible boom-arm that safely rotates 270 degrees [&#8230;]\n","protected":false},"featured_media":192029,"template":"","meta":{"inline_featured_image":false},"product_cat":[17210],"product_tag":[],"yoast_head":"<!-- This site is optimized with the Yoast SEO Premium plugin v23.0 (Yoast SEO v23.0) - https:\/\/yoast.com\/wordpress\/plugins\/seo\/ -->\n<title>Headphones with microphone Jabra Biz 1500 Duo, hea hinnaga, osta e-pood - Odav Print<\/title>\n<meta name=\"description\" content=\"Osta Headphones with microphone Jabra Biz 1500 Duo Odav Print \u260e +372 5911 9495 \u2714\ufe0f Parim hind Headphones with microphone Jabra Biz 1500 Duo jaoks \u26df Kiire kohaletoimetamine Eestis \u2b50 Garanteeritud\" \/>\n<meta name=\"robots\" content=\"index, follow, max-snippet:-1, max-image-preview:large, max-video-preview:-1\" \/>\n<link rel=\"canonical\" href=\"https:\/\/odavprint.ee\/et\/product\/headphones-with-microphone-jabra-biz-1500-duo\/\" \/>\n<meta property=\"og:locale\" content=\"et_EE\" \/>\n<meta property=\"og:type\" content=\"article\" \/>\n<meta property=\"og:title\" content=\"Headphones with microphone Jabra Biz 1500 Duo\" \/>\n<meta property=\"og:description\" content=\"Osta Headphones with microphone Jabra Biz 1500 Duo Odav Print \u260e +372 5911 9495 \u2714\ufe0f Parim hind Headphones with microphone Jabra Biz 1500 Duo jaoks \u26df Kiire kohaletoimetamine Eestis \u2b50 Garanteeritud\" \/>\n<meta property=\"og:url\" content=\"https:\/\/odavprint.ee\/et\/product\/headphones-with-microphone-jabra-biz-1500-duo\/\" \/>\n<meta property=\"og:site_name\" content=\"Odav Print\" \/>\n<meta property=\"og:image\" content=\"https:\/\/odavprint.ee\/wp-content\/uploads\/2023\/09\/192028_30955366_5884661549.jpg\" \/>\n\t<meta property=\"og:image:width\" content=\"500\" \/>\n\t<meta property=\"og:image:height\" content=\"500\" \/>\n\t<meta property=\"og:image:type\" content=\"image\/jpeg\" \/>\n<meta name=\"twitter:card\" content=\"summary_large_image\" \/>\n<meta name=\"twitter:label1\" content=\"Price\" \/>\n\t<meta name=\"twitter:data1\" content=\"&euro;77.60\" \/>\n\t<meta name=\"twitter:label2\" content=\"Availability\" \/>\n\t<meta name=\"twitter:data2\" content=\"Out of stock\" \/>\n<script type=\"application\/ld+json\" class=\"yoast-schema-graph\">{\"@context\":\"https:\/\/schema.org\",\"@graph\":[{\"@type\":[\"WebPage\",\"ItemPage\"],\"@id\":\"https:\/\/odavprint.ee\/et\/product\/headphones-with-microphone-jabra-biz-1500-duo\/\",\"url\":\"https:\/\/odavprint.ee\/et\/product\/headphones-with-microphone-jabra-biz-1500-duo\/\",\"name\":\"Headphones with microphone Jabra Biz 1500 Duo, hea hinnaga, osta e-pood - Odav Print\",\"isPartOf\":{\"@id\":\"https:\/\/odavprint.ee\/et\/#website\"},\"primaryImageOfPage\":{\"@id\":\"https:\/\/odavprint.ee\/et\/product\/headphones-with-microphone-jabra-biz-1500-duo\/#primaryimage\"},\"image\":{\"@id\":\"https:\/\/odavprint.ee\/et\/product\/headphones-with-microphone-jabra-biz-1500-duo\/#primaryimage\"},\"thumbnailUrl\":\"https:\/\/odavprint.ee\/wp-content\/uploads\/2023\/09\/192028_30955366_5884661549.jpg\",\"datePublished\":\"2023-09-01T13:56:20+00:00\",\"dateModified\":\"2023-09-01T13:56:20+00:00\",\"description\":\"Osta Headphones with microphone Jabra Biz 1500 Duo Odav Print \u260e +372 5911 9495 \u2714\ufe0f Parim hind Headphones with microphone Jabra Biz 1500 Duo jaoks \u26df Kiire kohaletoimetamine Eestis \u2b50 Garanteeritud\",\"breadcrumb\":{\"@id\":\"https:\/\/odavprint.ee\/et\/product\/headphones-with-microphone-jabra-biz-1500-duo\/#breadcrumb\"},\"inLanguage\":\"et\",\"potentialAction\":[{\"@type\":\"ReadAction\",\"target\":[\"https:\/\/odavprint.ee\/et\/product\/headphones-with-microphone-jabra-biz-1500-duo\/\"]}]},{\"@type\":\"ImageObject\",\"inLanguage\":\"et\",\"@id\":\"https:\/\/odavprint.ee\/et\/product\/headphones-with-microphone-jabra-biz-1500-duo\/#primaryimage\",\"url\":\"https:\/\/odavprint.ee\/wp-content\/uploads\/2023\/09\/192028_30955366_5884661549.jpg\",\"contentUrl\":\"https:\/\/odavprint.ee\/wp-content\/uploads\/2023\/09\/192028_30955366_5884661549.jpg\",\"width\":500,\"height\":500},{\"@type\":\"BreadcrumbList\",\"@id\":\"https:\/\/odavprint.ee\/et\/product\/headphones-with-microphone-jabra-biz-1500-duo\/#breadcrumb\",\"itemListElement\":[{\"@type\":\"ListItem\",\"position\":1,\"name\":\"Home\",\"item\":\"https:\/\/odavprint.ee\/et\/esileht\/\"},{\"@type\":\"ListItem\",\"position\":2,\"name\":\"E-pood\",\"item\":\"https:\/\/odavprint.ee\/et\/shop\/\"},{\"@type\":\"ListItem\",\"position\":3,\"name\":\"Headphones with microphone Jabra Biz 1500 Duo\"}]},{\"@type\":\"WebSite\",\"@id\":\"https:\/\/odavprint.ee\/et\/#website\",\"url\":\"https:\/\/odavprint.ee\/et\/\",\"name\":\"Odav Print\",\"description\":\"Just another WordPress site\",\"publisher\":{\"@id\":\"https:\/\/odavprint.ee\/et\/#organization\"},\"alternateName\":\"Kassettide, toonerite t\u00e4itmine ja m\u00fc\u00fck.\",\"potentialAction\":[{\"@type\":\"SearchAction\",\"target\":{\"@type\":\"EntryPoint\",\"urlTemplate\":\"https:\/\/odavprint.ee\/et\/?s={search_term_string}\"},\"query-input\":\"required name=search_term_string\"}],\"inLanguage\":\"et\"},{\"@type\":[\"Organization\",\"Place\"],\"@id\":\"https:\/\/odavprint.ee\/et\/#organization\",\"name\":\"Odav Print O\u00dc\",\"url\":\"https:\/\/odavprint.ee\/et\/\",\"logo\":{\"@id\":\"https:\/\/odavprint.ee\/et\/product\/headphones-with-microphone-jabra-biz-1500-duo\/#local-main-organization-logo\"},\"image\":{\"@id\":\"https:\/\/odavprint.ee\/et\/product\/headphones-with-microphone-jabra-biz-1500-duo\/#local-main-organization-logo\"},\"address\":{\"@id\":\"https:\/\/odavprint.ee\/et\/product\/headphones-with-microphone-jabra-biz-1500-duo\/#local-main-place-address\"},\"geo\":{\"@type\":\"GeoCoordinates\",\"latitude\":\"59.4306504\",\"longitude\":\"24.8095743\"},\"telephone\":[\"53836926\"],\"openingHoursSpecification\":[{\"@type\":\"OpeningHoursSpecification\",\"dayOfWeek\":[\"Monday\",\"Tuesday\",\"Wednesday\",\"Thursday\",\"Friday\",\"Saturday\",\"Sunday\"],\"opens\":\"09:00\",\"closes\":\"17:00\"}],\"email\":\"info@odavprint.eu\"},{\"@type\":\"PostalAddress\",\"@id\":\"https:\/\/odavprint.ee\/et\/product\/headphones-with-microphone-jabra-biz-1500-duo\/#local-main-place-address\",\"streetAddress\":\"Pae tn 28\",\"addressLocality\":\"Tallinn\",\"postalCode\":\"11415\",\"addressRegion\":\"Harjumaa\",\"addressCountry\":\"EE\"},{\"@type\":\"ImageObject\",\"inLanguage\":\"et\",\"@id\":\"https:\/\/odavprint.ee\/et\/product\/headphones-with-microphone-jabra-biz-1500-duo\/#local-main-organization-logo\",\"url\":\"https:\/\/odavprint.ee\/wp-content\/uploads\/2018\/10\/odavprint-logo-240.jpg\",\"contentUrl\":\"https:\/\/odavprint.ee\/wp-content\/uploads\/2018\/10\/odavprint-logo-240.jpg\",\"width\":240,\"height\":36,\"caption\":\"Odav Print O\u00dc\"}]}<\/script>\n<meta property=\"product:price:amount\" content=\"77.60\" \/>\n<meta property=\"product:price:currency\" content=\"EUR\" \/>\n<meta property=\"og:availability\" content=\"out of stock\" \/>\n<meta property=\"product:availability\" content=\"out of stock\" \/>\n<meta property=\"product:retailer_item_id\" content=\"1559-0159\" \/>\n<meta property=\"product:condition\" content=\"new\" \/>\n<meta name=\"geo.placename\" content=\"Tallinn\" \/>\n<meta name=\"geo.position\" content=\"59.4306504;24.8095743\" \/>\n<meta name=\"geo.region\" content=\"Estonia\" \/>\n<!-- \/ Yoast SEO Premium plugin. -->","yoast_head_json":{"title":"Headphones with microphone Jabra Biz 1500 Duo, hea hinnaga, osta e-pood - Odav Print","description":"Osta Headphones with microphone Jabra Biz 1500 Duo Odav Print \u260e +372 5911 9495 \u2714\ufe0f Parim hind Headphones with microphone Jabra Biz 1500 Duo jaoks \u26df Kiire kohaletoimetamine Eestis \u2b50 Garanteeritud","robots":{"index":"index","follow":"follow","max-snippet":"max-snippet:-1","max-image-preview":"max-image-preview:large","max-video-preview":"max-video-preview:-1"},"canonical":"https:\/\/odavprint.ee\/et\/product\/headphones-with-microphone-jabra-biz-1500-duo\/","og_locale":"et_EE","og_type":"article","og_title":"Headphones with microphone Jabra Biz 1500 Duo","og_description":"Osta Headphones with microphone Jabra Biz 1500 Duo Odav Print \u260e +372 5911 9495 \u2714\ufe0f Parim hind Headphones with microphone Jabra Biz 1500 Duo jaoks \u26df Kiire kohaletoimetamine Eestis \u2b50 Garanteeritud","og_url":"https:\/\/odavprint.ee\/et\/product\/headphones-with-microphone-jabra-biz-1500-duo\/","og_site_name":"Odav Print","og_image":[{"width":500,"height":500,"url":"https:\/\/odavprint.ee\/wp-content\/uploads\/2023\/09\/192028_30955366_5884661549.jpg","type":"image\/jpeg"}],"twitter_card":"summary_large_image","twitter_misc":{"Price":"&euro;77.60","Availability":"Out of stock"},"schema":{"@context":"https:\/\/schema.org","@graph":[{"@type":["WebPage","ItemPage"],"@id":"https:\/\/odavprint.ee\/et\/product\/headphones-with-microphone-jabra-biz-1500-duo\/","url":"https:\/\/odavprint.ee\/et\/product\/headphones-with-microphone-jabra-biz-1500-duo\/","name":"Headphones with microphone Jabra Biz 1500 Duo, hea hinnaga, osta e-pood - Odav Print","isPartOf":{"@id":"https:\/\/odavprint.ee\/et\/#website"},"primaryImageOfPage":{"@id":"https:\/\/odavprint.ee\/et\/product\/headphones-with-microphone-jabra-biz-1500-duo\/#primaryimage"},"image":{"@id":"https:\/\/odavprint.ee\/et\/product\/headphones-with-microphone-jabra-biz-1500-duo\/#primaryimage"},"thumbnailUrl":"https:\/\/odavprint.ee\/wp-content\/uploads\/2023\/09\/192028_30955366_5884661549.jpg","datePublished":"2023-09-01T13:56:20+00:00","dateModified":"2023-09-01T13:56:20+00:00","description":"Osta Headphones with microphone Jabra Biz 1500 Duo Odav Print \u260e +372 5911 9495 \u2714\ufe0f Parim hind Headphones with microphone Jabra Biz 1500 Duo jaoks \u26df Kiire kohaletoimetamine Eestis \u2b50 Garanteeritud","breadcrumb":{"@id":"https:\/\/odavprint.ee\/et\/product\/headphones-with-microphone-jabra-biz-1500-duo\/#breadcrumb"},"inLanguage":"et","potentialAction":[{"@type":"ReadAction","target":["https:\/\/odavprint.ee\/et\/product\/headphones-with-microphone-jabra-biz-1500-duo\/"]}]},{"@type":"ImageObject","inLanguage":"et","@id":"https:\/\/odavprint.ee\/et\/product\/headphones-with-microphone-jabra-biz-1500-duo\/#primaryimage","url":"https:\/\/odavprint.ee\/wp-content\/uploads\/2023\/09\/192028_30955366_5884661549.jpg","contentUrl":"https:\/\/odavprint.ee\/wp-content\/uploads\/2023\/09\/192028_30955366_5884661549.jpg","width":500,"height":500},{"@type":"BreadcrumbList","@id":"https:\/\/odavprint.ee\/et\/product\/headphones-with-microphone-jabra-biz-1500-duo\/#breadcrumb","itemListElement":[{"@type":"ListItem","position":1,"name":"Home","item":"https:\/\/odavprint.ee\/et\/esileht\/"},{"@type":"ListItem","position":2,"name":"E-pood","item":"https:\/\/odavprint.ee\/et\/shop\/"},{"@type":"ListItem","position":3,"name":"Headphones with microphone Jabra Biz 1500 Duo"}]},{"@type":"WebSite","@id":"https:\/\/odavprint.ee\/et\/#website","url":"https:\/\/odavprint.ee\/et\/","name":"Odav Print","description":"Just another WordPress site","publisher":{"@id":"https:\/\/odavprint.ee\/et\/#organization"},"alternateName":"Kassettide, toonerite t\u00e4itmine ja m\u00fc\u00fck.","potentialAction":[{"@type":"SearchAction","target":{"@type":"EntryPoint","urlTemplate":"https:\/\/odavprint.ee\/et\/?s={search_term_string}"},"query-input":"required name=search_term_string"}],"inLanguage":"et"},{"@type":["Organization","Place"],"@id":"https:\/\/odavprint.ee\/et\/#organization","name":"Odav Print O\u00dc","url":"https:\/\/odavprint.ee\/et\/","logo":{"@id":"https:\/\/odavprint.ee\/et\/product\/headphones-with-microphone-jabra-biz-1500-duo\/#local-main-organization-logo"},"image":{"@id":"https:\/\/odavprint.ee\/et\/product\/headphones-with-microphone-jabra-biz-1500-duo\/#local-main-organization-logo"},"address":{"@id":"https:\/\/odavprint.ee\/et\/product\/headphones-with-microphone-jabra-biz-1500-duo\/#local-main-place-address"},"geo":{"@type":"GeoCoordinates","latitude":"59.4306504","longitude":"24.8095743"},"telephone":["53836926"],"openingHoursSpecification":[{"@type":"OpeningHoursSpecification","dayOfWeek":["Monday","Tuesday","Wednesday","Thursday","Friday","Saturday","Sunday"],"opens":"09:00","closes":"17:00"}],"email":"info@odavprint.eu"},{"@type":"PostalAddress","@id":"https:\/\/odavprint.ee\/et\/product\/headphones-with-microphone-jabra-biz-1500-duo\/#local-main-place-address","streetAddress":"Pae tn 28","addressLocality":"Tallinn","postalCode":"11415","addressRegion":"Harjumaa","addressCountry":"EE"},{"@type":"ImageObject","inLanguage":"et","@id":"https:\/\/odavprint.ee\/et\/product\/headphones-with-microphone-jabra-biz-1500-duo\/#local-main-organization-logo","url":"https:\/\/odavprint.ee\/wp-content\/uploads\/2018\/10\/odavprint-logo-240.jpg","contentUrl":"https:\/\/odavprint.ee\/wp-content\/uploads\/2018\/10\/odavprint-logo-240.jpg","width":240,"height":36,"caption":"Odav Print O\u00dc"}]},"product_price_amount":"77.60","product_price_currency":"EUR","og_availability":"out of stock","product_availability":"out of stock","product_retailer_item_id":"1559-0159","product_condition":"new","geo.placename":"Tallinn","geo.position":{"lat":"59.4306504","long":"24.8095743"},"geo.region":"Estonia"},"_links":{"self":[{"href":"https:\/\/odavprint.ee\/et\/wp-json\/wp\/v2\/product\/192028"}],"collection":[{"href":"https:\/\/odavprint.ee\/et\/wp-json\/wp\/v2\/product"}],"about":[{"href":"https:\/\/odavprint.ee\/et\/wp-json\/wp\/v2\/types\/product"}],"wp:featuredmedia":[{"embeddable":true,"href":"https:\/\/odavprint.ee\/et\/wp-json\/wp\/v2\/media\/192029"}],"wp:attachment":[{"href":"https:\/\/odavprint.ee\/et\/wp-json\/wp\/v2\/media?parent=192028"}],"wp:term":[{"taxonomy":"product_cat","embeddable":true,"href":"https:\/\/odavprint.ee\/et\/wp-json\/wp\/v2\/product_cat?post=192028"},{"taxonomy":"product_tag","embeddable":true,"href":"https:\/\/odavprint.ee\/et\/wp-json\/wp\/v2\/product_tag?post=192028"}],"curies":[{"name":"wp","href":"https:\/\/api.w.org\/{rel}","templated":true}]}}