{"id":192068,"date":"2023-09-01T16:59:42","date_gmt":"2023-09-01T13:59:42","guid":{"rendered":"https:\/\/odavprint.ee\/product\/wireless-headphones-yobybo-xboat-tws\/"},"modified":"2023-09-01T16:59:43","modified_gmt":"2023-09-01T13:59:43","slug":"wireless-headphones-yobybo-xboat-tws","status":"publish","type":"product","link":"https:\/\/odavprint.ee\/et\/product\/wireless-headphones-yobybo-xboat-tws\/","title":{"rendered":"Wireless Headphones YOBYBO XBOAT TWS"},"content":{"rendered":"<p><b><span id=\"1652082237510S\" style=\"display: none;\">\u00a0<\/span>The winner of the IF DESIGN AWARD 2022 !<\/b><\/p>\n<p>Perform extreme audio quality like no other semi-in-ear device has ever done before with <b>LDAC<\/b>.<\/p>\n<p><b>Unique  Open-Casing Design:<\/b>you can wear earphones with ease in any busy-hand environment and the earbuds status at a glance.<\/p>\n<p><b>ANC+ENC<\/b> technology reduces noise\uff0cEliminate unwanted background noise to meet your various application scenarios.<\/p>\n<p>Up to <b>40 Hours<\/b> of Playtime\uff1aUse for 3 hours a day, 2 weeks without charging.<\/p>\n<p><b>IPX4<\/b> waterproof rating, the X-BOAT pro is even built to resist sweat and wate.<\/p>\n<p>With Bluetooth <b>5.2<\/b> can experience audio that moves as fast as you do<\/p>\n<p><b>Plenty of power:\u00a0<\/b>You can plug the X-BOAT PRO into your phone (Type-C port) for charging.<\/p>\n<p>\u00a0<\/p>\n<p>\u00a0<\/p>\n<p><img decoding=\"async\" alt=\"\" src=\"https:\/\/site-1306369054.file.myqcloud.com\/4943440040020246\/2022\/07\/SSCXPPWHAS.jpg?imageMogr2\/format\/webp\/auto-orient\" style=\"box-sizing: border-box; margin: 0px; padding: 0px; border: 0px; outline: 0px; max-width: 100%; max-height: 100%; -webkit-user-drag: none; color: rgb(32, 32, 32); font-family: wujin10-Regular; font-size: 14px;\" \/><img decoding=\"async\" alt=\"\" src=\"https:\/\/site-1306369054.file.myqcloud.com\/4943440040020246\/2022\/07\/XPZH6TZeZi.jpg?imageMogr2\/format\/webp\/auto-orient\" style=\"box-sizing: border-box; margin: 0px; padding: 0px; border: 0px; outline: 0px; max-width: 100%; max-height: 100%; -webkit-user-drag: none; color: rgb(32, 32, 32); font-family: wujin10-Regular; font-size: 14px;\" \/><img decoding=\"async\" alt=\"\" src=\"https:\/\/site-1306369054.file.myqcloud.com\/4943440040020246\/2022\/07\/ZeR4P78dtX.jpg?imageMogr2\/format\/webp\/auto-orient\" style=\"box-sizing: border-box; margin: 0px; padding: 0px; border: 0px; outline: 0px; max-width: 100%; max-height: 100%; -webkit-user-drag: none; color: rgb(32, 32, 32); font-family: wujin10-Regular; font-size: 14px;\" \/><img decoding=\"async\" alt=\"\" src=\"https:\/\/site-1306369054.file.myqcloud.com\/4943440040020246\/2022\/07\/efkAcCxmBK.jpg?imageMogr2\/format\/webp\/auto-orient\" style=\"box-sizing: border-box; margin: 0px; padding: 0px; border: 0px; outline: 0px; max-width: 100%; max-height: 100%; -webkit-user-drag: none; color: rgb(32, 32, 32); font-family: wujin10-Regular; font-size: 14px;\" \/><img decoding=\"async\" alt=\"\" src=\"https:\/\/site-1306369054.file.myqcloud.com\/4943440040020246\/2022\/07\/TmxXNfBB6A.jpg?imageMogr2\/format\/webp\/auto-orient\" style=\"box-sizing: border-box; margin: 0px; padding: 0px; border: 0px; outline: 0px; max-width: 100%; max-height: 100%; -webkit-user-drag: none; color: rgb(32, 32, 32); font-family: wujin10-Regular; font-size: 14px;\" \/><img decoding=\"async\" alt=\"\" src=\"https:\/\/site-1306369054.file.myqcloud.com\/4943440040020246\/2022\/07\/dCd5EAtW3W.jpg?imageMogr2\/format\/webp\/auto-orient\" style=\"box-sizing: border-box; margin: 0px; padding: 0px; border: 0px; outline: 0px; max-width: 100%; max-height: 100%; -webkit-user-drag: none; color: rgb(32, 32, 32); font-family: wujin10-Regular; font-size: 14px;\" \/><img decoding=\"async\" alt=\"\" src=\"https:\/\/site-1306369054.file.myqcloud.com\/4943440040020246\/2022\/07\/YbjYRbkFmE.jpg?imageMogr2\/format\/webp\/auto-orient\" style=\"box-sizing: border-box; margin: 0px; padding: 0px; border: 0px; outline: 0px; max-width: 100%; max-height: 100%; -webkit-user-drag: none; color: rgb(32, 32, 32); font-family: wujin10-Regular; font-size: 14px;\" \/><img decoding=\"async\" alt=\"\" src=\"https:\/\/site-1306369054.file.myqcloud.com\/4943440040020246\/2022\/07\/Mn3MeNcDZH.jpg?imageMogr2\/format\/webp\/auto-orient\" style=\"box-sizing: border-box; margin: 0px; padding: 0px; border: 0px; outline: 0px; max-width: 100%; max-height: 100%; -webkit-user-drag: none; color: rgb(32, 32, 32); font-family: wujin10-Regular; font-size: 14px;\" \/><img decoding=\"async\" alt=\"\" src=\"https:\/\/site-1306369054.file.myqcloud.com\/4943440040020246\/2022\/07\/7hQTBW2wEy.jpg?imageMogr2\/format\/webp\/auto-orient\" style=\"box-sizing: border-box; margin: 0px; padding: 0px; border: 0px; outline: 0px; max-width: 100%; max-height: 100%; -webkit-user-drag: none; color: rgb(32, 32, 32); font-family: wujin10-Regular; font-size: 14px;\" \/><\/p>\n<p><span id=\"1652082237409E\" style=\"display: none;\">\u00a0<\/span><\/p>\n","protected":false},"excerpt":{"rendered":"<p>\u00a0The winner of the IF DESIGN AWARD 2022 ! Perform extreme audio quality like no other semi-in-ear device has ever done before with LDAC. Unique Open-Casing Design:you can wear earphones with ease in any busy-hand environment and the earbuds status at a glance. ANC+ENC technology reduces noise\uff0cEliminate unwanted background noise to meet your various application [&#8230;]\n","protected":false},"featured_media":192069,"template":"","meta":{"inline_featured_image":false},"product_cat":[17210],"product_tag":[],"yoast_head":"<!-- This site is optimized with the Yoast SEO Premium plugin v23.0 (Yoast SEO v23.0) - https:\/\/yoast.com\/wordpress\/plugins\/seo\/ -->\n<title>Wireless Headphones YOBYBO XBOAT TWS, hea hinnaga, osta e-pood - Odav Print<\/title>\n<meta name=\"description\" content=\"Osta Wireless Headphones YOBYBO XBOAT TWS Odav Print \u260e +372 5911 9495 \u2714\ufe0f Parim hind Wireless Headphones YOBYBO XBOAT TWS jaoks \u26df Kiire kohaletoimetamine Eestis \u2b50 Garanteeritud\" \/>\n<meta name=\"robots\" content=\"index, follow, max-snippet:-1, max-image-preview:large, max-video-preview:-1\" \/>\n<link rel=\"canonical\" href=\"https:\/\/odavprint.ee\/et\/product\/wireless-headphones-yobybo-xboat-tws\/\" \/>\n<meta property=\"og:locale\" content=\"et_EE\" \/>\n<meta property=\"og:type\" content=\"article\" \/>\n<meta property=\"og:title\" content=\"Wireless Headphones YOBYBO XBOAT TWS\" \/>\n<meta property=\"og:description\" content=\"Osta Wireless Headphones YOBYBO XBOAT TWS Odav Print \u260e +372 5911 9495 \u2714\ufe0f Parim hind Wireless Headphones YOBYBO XBOAT TWS jaoks \u26df Kiire kohaletoimetamine Eestis \u2b50 Garanteeritud\" \/>\n<meta property=\"og:url\" content=\"https:\/\/odavprint.ee\/et\/product\/wireless-headphones-yobybo-xboat-tws\/\" \/>\n<meta property=\"og:site_name\" content=\"Odav Print\" \/>\n<meta property=\"article:modified_time\" content=\"2023-09-01T13:59:43+00:00\" \/>\n<meta property=\"og:image\" content=\"https:\/\/odavprint.ee\/wp-content\/uploads\/2023\/09\/192068_94c2558a604b8dbcbafdfbe57abae0e6.png\" \/>\n\t<meta property=\"og:image:width\" content=\"500\" \/>\n\t<meta property=\"og:image:height\" content=\"500\" \/>\n\t<meta property=\"og:image:type\" content=\"image\/png\" \/>\n<meta name=\"twitter:card\" content=\"summary_large_image\" \/>\n<meta name=\"twitter:label1\" content=\"Price\" \/>\n\t<meta name=\"twitter:data1\" content=\"&euro;22.50\" \/>\n\t<meta name=\"twitter:label2\" content=\"Availability\" \/>\n\t<meta name=\"twitter:data2\" content=\"In stock\" \/>\n<script type=\"application\/ld+json\" class=\"yoast-schema-graph\">{\"@context\":\"https:\/\/schema.org\",\"@graph\":[{\"@type\":[\"WebPage\",\"ItemPage\"],\"@id\":\"https:\/\/odavprint.ee\/et\/product\/wireless-headphones-yobybo-xboat-tws\/\",\"url\":\"https:\/\/odavprint.ee\/et\/product\/wireless-headphones-yobybo-xboat-tws\/\",\"name\":\"Wireless Headphones YOBYBO XBOAT TWS, hea hinnaga, osta e-pood - Odav Print\",\"isPartOf\":{\"@id\":\"https:\/\/odavprint.ee\/et\/#website\"},\"primaryImageOfPage\":{\"@id\":\"https:\/\/odavprint.ee\/et\/product\/wireless-headphones-yobybo-xboat-tws\/#primaryimage\"},\"image\":{\"@id\":\"https:\/\/odavprint.ee\/et\/product\/wireless-headphones-yobybo-xboat-tws\/#primaryimage\"},\"thumbnailUrl\":\"https:\/\/odavprint.ee\/wp-content\/uploads\/2023\/09\/192068_94c2558a604b8dbcbafdfbe57abae0e6.png\",\"datePublished\":\"2023-09-01T13:59:42+00:00\",\"dateModified\":\"2023-09-01T13:59:43+00:00\",\"description\":\"Osta Wireless Headphones YOBYBO XBOAT TWS Odav Print \u260e +372 5911 9495 \u2714\ufe0f Parim hind Wireless Headphones YOBYBO XBOAT TWS jaoks \u26df Kiire kohaletoimetamine Eestis \u2b50 Garanteeritud\",\"breadcrumb\":{\"@id\":\"https:\/\/odavprint.ee\/et\/product\/wireless-headphones-yobybo-xboat-tws\/#breadcrumb\"},\"inLanguage\":\"et\",\"potentialAction\":[{\"@type\":\"ReadAction\",\"target\":[\"https:\/\/odavprint.ee\/et\/product\/wireless-headphones-yobybo-xboat-tws\/\"]}]},{\"@type\":\"ImageObject\",\"inLanguage\":\"et\",\"@id\":\"https:\/\/odavprint.ee\/et\/product\/wireless-headphones-yobybo-xboat-tws\/#primaryimage\",\"url\":\"https:\/\/odavprint.ee\/wp-content\/uploads\/2023\/09\/192068_94c2558a604b8dbcbafdfbe57abae0e6.png\",\"contentUrl\":\"https:\/\/odavprint.ee\/wp-content\/uploads\/2023\/09\/192068_94c2558a604b8dbcbafdfbe57abae0e6.png\",\"width\":500,\"height\":500},{\"@type\":\"BreadcrumbList\",\"@id\":\"https:\/\/odavprint.ee\/et\/product\/wireless-headphones-yobybo-xboat-tws\/#breadcrumb\",\"itemListElement\":[{\"@type\":\"ListItem\",\"position\":1,\"name\":\"Home\",\"item\":\"https:\/\/odavprint.ee\/et\/esileht\/\"},{\"@type\":\"ListItem\",\"position\":2,\"name\":\"E-pood\",\"item\":\"https:\/\/odavprint.ee\/et\/shop\/\"},{\"@type\":\"ListItem\",\"position\":3,\"name\":\"Wireless Headphones YOBYBO XBOAT TWS\"}]},{\"@type\":\"WebSite\",\"@id\":\"https:\/\/odavprint.ee\/et\/#website\",\"url\":\"https:\/\/odavprint.ee\/et\/\",\"name\":\"Odav Print\",\"description\":\"Just another WordPress site\",\"publisher\":{\"@id\":\"https:\/\/odavprint.ee\/et\/#organization\"},\"alternateName\":\"Kassettide, toonerite t\u00e4itmine ja m\u00fc\u00fck.\",\"potentialAction\":[{\"@type\":\"SearchAction\",\"target\":{\"@type\":\"EntryPoint\",\"urlTemplate\":\"https:\/\/odavprint.ee\/et\/?s={search_term_string}\"},\"query-input\":\"required name=search_term_string\"}],\"inLanguage\":\"et\"},{\"@type\":[\"Organization\",\"Place\"],\"@id\":\"https:\/\/odavprint.ee\/et\/#organization\",\"name\":\"Odav Print O\u00dc\",\"url\":\"https:\/\/odavprint.ee\/et\/\",\"logo\":{\"@id\":\"https:\/\/odavprint.ee\/et\/product\/wireless-headphones-yobybo-xboat-tws\/#local-main-organization-logo\"},\"image\":{\"@id\":\"https:\/\/odavprint.ee\/et\/product\/wireless-headphones-yobybo-xboat-tws\/#local-main-organization-logo\"},\"address\":{\"@id\":\"https:\/\/odavprint.ee\/et\/product\/wireless-headphones-yobybo-xboat-tws\/#local-main-place-address\"},\"geo\":{\"@type\":\"GeoCoordinates\",\"latitude\":\"59.4306504\",\"longitude\":\"24.8095743\"},\"telephone\":[\"53836926\"],\"openingHoursSpecification\":[{\"@type\":\"OpeningHoursSpecification\",\"dayOfWeek\":[\"Monday\",\"Tuesday\",\"Wednesday\",\"Thursday\",\"Friday\",\"Saturday\",\"Sunday\"],\"opens\":\"09:00\",\"closes\":\"17:00\"}],\"email\":\"info@odavprint.eu\"},{\"@type\":\"PostalAddress\",\"@id\":\"https:\/\/odavprint.ee\/et\/product\/wireless-headphones-yobybo-xboat-tws\/#local-main-place-address\",\"streetAddress\":\"Pae tn 28\",\"addressLocality\":\"Tallinn\",\"postalCode\":\"11415\",\"addressRegion\":\"Harjumaa\",\"addressCountry\":\"EE\"},{\"@type\":\"ImageObject\",\"inLanguage\":\"et\",\"@id\":\"https:\/\/odavprint.ee\/et\/product\/wireless-headphones-yobybo-xboat-tws\/#local-main-organization-logo\",\"url\":\"https:\/\/odavprint.ee\/wp-content\/uploads\/2018\/10\/odavprint-logo-240.jpg\",\"contentUrl\":\"https:\/\/odavprint.ee\/wp-content\/uploads\/2018\/10\/odavprint-logo-240.jpg\",\"width\":240,\"height\":36,\"caption\":\"Odav Print O\u00dc\"}]}<\/script>\n<meta property=\"product:price:amount\" content=\"22.50\" \/>\n<meta property=\"product:price:currency\" content=\"EUR\" \/>\n<meta property=\"og:availability\" content=\"instock\" \/>\n<meta property=\"product:availability\" content=\"instock\" \/>\n<meta property=\"product:retailer_item_id\" content=\"XBOAT\" \/>\n<meta property=\"product:condition\" content=\"new\" \/>\n<meta name=\"geo.placename\" content=\"Tallinn\" \/>\n<meta name=\"geo.position\" content=\"59.4306504;24.8095743\" \/>\n<meta name=\"geo.region\" content=\"Estonia\" \/>\n<!-- \/ Yoast SEO Premium plugin. -->","yoast_head_json":{"title":"Wireless Headphones YOBYBO XBOAT TWS, hea hinnaga, osta e-pood - Odav Print","description":"Osta Wireless Headphones YOBYBO XBOAT TWS Odav Print \u260e +372 5911 9495 \u2714\ufe0f Parim hind Wireless Headphones YOBYBO XBOAT TWS jaoks \u26df Kiire kohaletoimetamine Eestis \u2b50 Garanteeritud","robots":{"index":"index","follow":"follow","max-snippet":"max-snippet:-1","max-image-preview":"max-image-preview:large","max-video-preview":"max-video-preview:-1"},"canonical":"https:\/\/odavprint.ee\/et\/product\/wireless-headphones-yobybo-xboat-tws\/","og_locale":"et_EE","og_type":"article","og_title":"Wireless Headphones YOBYBO XBOAT TWS","og_description":"Osta Wireless Headphones YOBYBO XBOAT TWS Odav Print \u260e +372 5911 9495 \u2714\ufe0f Parim hind Wireless Headphones YOBYBO XBOAT TWS jaoks \u26df Kiire kohaletoimetamine Eestis \u2b50 Garanteeritud","og_url":"https:\/\/odavprint.ee\/et\/product\/wireless-headphones-yobybo-xboat-tws\/","og_site_name":"Odav Print","article_modified_time":"2023-09-01T13:59:43+00:00","og_image":[{"width":500,"height":500,"url":"https:\/\/odavprint.ee\/wp-content\/uploads\/2023\/09\/192068_94c2558a604b8dbcbafdfbe57abae0e6.png","type":"image\/png"}],"twitter_card":"summary_large_image","twitter_misc":{"Price":"&euro;22.50","Availability":"In stock"},"schema":{"@context":"https:\/\/schema.org","@graph":[{"@type":["WebPage","ItemPage"],"@id":"https:\/\/odavprint.ee\/et\/product\/wireless-headphones-yobybo-xboat-tws\/","url":"https:\/\/odavprint.ee\/et\/product\/wireless-headphones-yobybo-xboat-tws\/","name":"Wireless Headphones YOBYBO XBOAT TWS, hea hinnaga, osta e-pood - Odav Print","isPartOf":{"@id":"https:\/\/odavprint.ee\/et\/#website"},"primaryImageOfPage":{"@id":"https:\/\/odavprint.ee\/et\/product\/wireless-headphones-yobybo-xboat-tws\/#primaryimage"},"image":{"@id":"https:\/\/odavprint.ee\/et\/product\/wireless-headphones-yobybo-xboat-tws\/#primaryimage"},"thumbnailUrl":"https:\/\/odavprint.ee\/wp-content\/uploads\/2023\/09\/192068_94c2558a604b8dbcbafdfbe57abae0e6.png","datePublished":"2023-09-01T13:59:42+00:00","dateModified":"2023-09-01T13:59:43+00:00","description":"Osta Wireless Headphones YOBYBO XBOAT TWS Odav Print \u260e +372 5911 9495 \u2714\ufe0f Parim hind Wireless Headphones YOBYBO XBOAT TWS jaoks \u26df Kiire kohaletoimetamine Eestis \u2b50 Garanteeritud","breadcrumb":{"@id":"https:\/\/odavprint.ee\/et\/product\/wireless-headphones-yobybo-xboat-tws\/#breadcrumb"},"inLanguage":"et","potentialAction":[{"@type":"ReadAction","target":["https:\/\/odavprint.ee\/et\/product\/wireless-headphones-yobybo-xboat-tws\/"]}]},{"@type":"ImageObject","inLanguage":"et","@id":"https:\/\/odavprint.ee\/et\/product\/wireless-headphones-yobybo-xboat-tws\/#primaryimage","url":"https:\/\/odavprint.ee\/wp-content\/uploads\/2023\/09\/192068_94c2558a604b8dbcbafdfbe57abae0e6.png","contentUrl":"https:\/\/odavprint.ee\/wp-content\/uploads\/2023\/09\/192068_94c2558a604b8dbcbafdfbe57abae0e6.png","width":500,"height":500},{"@type":"BreadcrumbList","@id":"https:\/\/odavprint.ee\/et\/product\/wireless-headphones-yobybo-xboat-tws\/#breadcrumb","itemListElement":[{"@type":"ListItem","position":1,"name":"Home","item":"https:\/\/odavprint.ee\/et\/esileht\/"},{"@type":"ListItem","position":2,"name":"E-pood","item":"https:\/\/odavprint.ee\/et\/shop\/"},{"@type":"ListItem","position":3,"name":"Wireless Headphones YOBYBO XBOAT TWS"}]},{"@type":"WebSite","@id":"https:\/\/odavprint.ee\/et\/#website","url":"https:\/\/odavprint.ee\/et\/","name":"Odav Print","description":"Just another WordPress site","publisher":{"@id":"https:\/\/odavprint.ee\/et\/#organization"},"alternateName":"Kassettide, toonerite t\u00e4itmine ja m\u00fc\u00fck.","potentialAction":[{"@type":"SearchAction","target":{"@type":"EntryPoint","urlTemplate":"https:\/\/odavprint.ee\/et\/?s={search_term_string}"},"query-input":"required name=search_term_string"}],"inLanguage":"et"},{"@type":["Organization","Place"],"@id":"https:\/\/odavprint.ee\/et\/#organization","name":"Odav Print O\u00dc","url":"https:\/\/odavprint.ee\/et\/","logo":{"@id":"https:\/\/odavprint.ee\/et\/product\/wireless-headphones-yobybo-xboat-tws\/#local-main-organization-logo"},"image":{"@id":"https:\/\/odavprint.ee\/et\/product\/wireless-headphones-yobybo-xboat-tws\/#local-main-organization-logo"},"address":{"@id":"https:\/\/odavprint.ee\/et\/product\/wireless-headphones-yobybo-xboat-tws\/#local-main-place-address"},"geo":{"@type":"GeoCoordinates","latitude":"59.4306504","longitude":"24.8095743"},"telephone":["53836926"],"openingHoursSpecification":[{"@type":"OpeningHoursSpecification","dayOfWeek":["Monday","Tuesday","Wednesday","Thursday","Friday","Saturday","Sunday"],"opens":"09:00","closes":"17:00"}],"email":"info@odavprint.eu"},{"@type":"PostalAddress","@id":"https:\/\/odavprint.ee\/et\/product\/wireless-headphones-yobybo-xboat-tws\/#local-main-place-address","streetAddress":"Pae tn 28","addressLocality":"Tallinn","postalCode":"11415","addressRegion":"Harjumaa","addressCountry":"EE"},{"@type":"ImageObject","inLanguage":"et","@id":"https:\/\/odavprint.ee\/et\/product\/wireless-headphones-yobybo-xboat-tws\/#local-main-organization-logo","url":"https:\/\/odavprint.ee\/wp-content\/uploads\/2018\/10\/odavprint-logo-240.jpg","contentUrl":"https:\/\/odavprint.ee\/wp-content\/uploads\/2018\/10\/odavprint-logo-240.jpg","width":240,"height":36,"caption":"Odav Print O\u00dc"}]},"product_price_amount":"22.50","product_price_currency":"EUR","og_availability":"instock","product_availability":"instock","product_retailer_item_id":"XBOAT","product_condition":"new","geo.placename":"Tallinn","geo.position":{"lat":"59.4306504","long":"24.8095743"},"geo.region":"Estonia"},"_links":{"self":[{"href":"https:\/\/odavprint.ee\/et\/wp-json\/wp\/v2\/product\/192068"}],"collection":[{"href":"https:\/\/odavprint.ee\/et\/wp-json\/wp\/v2\/product"}],"about":[{"href":"https:\/\/odavprint.ee\/et\/wp-json\/wp\/v2\/types\/product"}],"wp:featuredmedia":[{"embeddable":true,"href":"https:\/\/odavprint.ee\/et\/wp-json\/wp\/v2\/media\/192069"}],"wp:attachment":[{"href":"https:\/\/odavprint.ee\/et\/wp-json\/wp\/v2\/media?parent=192068"}],"wp:term":[{"taxonomy":"product_cat","embeddable":true,"href":"https:\/\/odavprint.ee\/et\/wp-json\/wp\/v2\/product_cat?post=192068"},{"taxonomy":"product_tag","embeddable":true,"href":"https:\/\/odavprint.ee\/et\/wp-json\/wp\/v2\/product_tag?post=192068"}],"curies":[{"name":"wp","href":"https:\/\/api.w.org\/{rel}","templated":true}]}}