{"id":192174,"date":"2023-09-04T16:28:49","date_gmt":"2023-09-04T13:28:49","guid":{"rendered":"https:\/\/odavprint.ee\/product\/logitech-brio-500-webcam-4-mp-1920-x-1080-pixels-usb-c-graphite\/"},"modified":"2023-09-04T16:28:49","modified_gmt":"2023-09-04T13:28:49","slug":"logitech-brio-500-webcam-4-mp-1920-x-1080-pixels-usb-c-graphite","status":"publish","type":"product","link":"https:\/\/odavprint.ee\/et\/product\/logitech-brio-500-webcam-4-mp-1920-x-1080-pixels-usb-c-graphite\/","title":{"rendered":"Logitech Brio 500 webcam 4 MP 1920 x 1080 pixels USB-C Graphite"},"content":{"rendered":"<div id=\"product-long-wrap\" class=\"space10top\" style=\"box-sizing: border-box; margin: 10px 0px 0px; padding: 0px; border: 0px; font-size: 14px; vertical-align: baseline; font-family: \"Helvetica Neue\", Helvetica, Arial, sans-serif;\">\n<div id=\"product-long-wrap\" class=\"space10top\" style=\"box-sizing: border-box; margin: 10px 0px 0px; padding: 0px; border: 0px; vertical-align: baseline;\">\n<p itemprop=\"description\" class=\"description prod_long_description\" style=\"box-sizing: border-box; margin-bottom: 12px; border: 0px; vertical-align: baseline; min-height: 4em;\">Look and feel like your authentic self in every meeting with Brio 500. Whether the lighting in your space is too dim or too bright, Brio 500 auto-corrects so others can see you clearly. Auto-framing centers the camera on you, allowing you to stand and move during meetings. Noise-reducing mics make your voice sound natural. Show Mode lets you include physical items in video calls by tilting the camera down to present work in progress or other objects. Enjoy a more authentic meeting experience and put your best self forward.<br style=\"box-sizing: border-box;\" \/><br \/>\n<br style=\"box-sizing: border-box;\" \/><br \/>\n<span style=\"box-sizing: border-box; margin: 0px; padding: 0px; border: 0px; vertical-align: baseline; font-weight: 700;\">Advanced Image Quality<\/span><br style=\"box-sizing: border-box;\" \/><br \/>\nFull HD 1080p webcam resolution provides outstanding image quality so everyone can see you clearly during meetings<br style=\"box-sizing: border-box;\" \/><br \/>\n<br style=\"box-sizing: border-box;\" \/><br \/>\n<span style=\"box-sizing: border-box; margin: 0px; padding: 0px; border: 0px; vertical-align: baseline; font-weight: 700;\">Auto Light Correction (RightLight 4)<\/span><br style=\"box-sizing: border-box;\" \/><br \/>\nRightLight 4 video lighting technology automatically adjusts to the lighting in your environment, so you can be seen clearly even in low light<br style=\"box-sizing: border-box;\" \/><br \/>\n<br style=\"box-sizing: border-box;\" \/><br \/>\n<span style=\"box-sizing: border-box; margin: 0px; padding: 0px; border: 0px; vertical-align: baseline; font-weight: 700;\">Auto-Framing (RightSight)<\/span><br style=\"box-sizing: border-box;\" \/><br \/>\nAuto-framing centers the video camera on you, allowing you to stand and move during meetings without leaving the frame<br style=\"box-sizing: border-box;\" \/><br \/>\n<br style=\"box-sizing: border-box;\" \/><br \/>\n<span style=\"box-sizing: border-box; margin: 0px; padding: 0px; border: 0px; vertical-align: baseline; font-weight: 700;\">Show Mode<\/span><br style=\"box-sizing: border-box;\" \/><br \/>\nPresent your work or other objects on your desk with Show Mode, which lets you tilt the web camera up or down with one hand<br style=\"box-sizing: border-box;\" \/><br \/>\n<br style=\"box-sizing: border-box;\" \/><br \/>\n<span style=\"box-sizing: border-box; margin: 0px; padding: 0px; border: 0px; vertical-align: baseline; font-weight: 700;\">Dual Noise Reduction Microphones<\/span><br style=\"box-sizing: border-box;\" \/><br \/>\nBe heard clearly in noisy environments thanks to noise canceling mics that filter out background sound during calls<br style=\"box-sizing: border-box;\" \/><br \/>\n<br style=\"box-sizing: border-box;\" \/><br \/>\n<span style=\"box-sizing: border-box; margin: 0px; padding: 0px; border: 0px; vertical-align: baseline; font-weight: 700;\">Webcam with Privacy Cover<\/span><br style=\"box-sizing: border-box;\" \/><br \/>\nTo protect your privacy between meetings, simply rotate the integrated webcam privacy shutter to completely block the camera<br style=\"box-sizing: border-box;\" \/><br \/>\n<br style=\"box-sizing: border-box;\" \/><br \/>\n<span style=\"box-sizing: border-box; margin: 0px; padding: 0px; border: 0px; vertical-align: baseline; font-weight: 700;\">90-Degree Field of View<\/span><br style=\"box-sizing: border-box;\" \/><br \/>\nA wider-than-normal FOV gives you extra space to move around or have a second person on the camera with you; use Logi Tune to zoom in or out to a full 90\u00ba width<br style=\"box-sizing: border-box;\" \/><br \/>\n<br style=\"box-sizing: border-box;\" \/><br \/>\n<span style=\"box-sizing: border-box; margin: 0px; padding: 0px; border: 0px; vertical-align: baseline; font-weight: 700;\">Logi Tune<\/span><br style=\"box-sizing: border-box;\" \/><br \/>\nPair with Logi Tune to customize your Logitech Webcam experience; zoom in or out, mute the microphone, adjust color and image resolution, manage auto-frame, and set automatic updates<\/p>\n<div>\u00a0<\/div>\n<\/div>\n<\/div>\n","protected":false},"excerpt":{"rendered":"<p>Look and feel like your authentic self in every meeting with Brio 500. Whether the lighting in your space is too dim or too bright, Brio 500 auto-corrects so others can see you clearly. Auto-framing centers the camera on you, allowing you to stand and move during meetings. Noise-reducing mics make your voice sound natural. [&#8230;]\n","protected":false},"featured_media":192175,"template":"","meta":{"inline_featured_image":false},"product_cat":[17211],"product_tag":[],"yoast_head":"<!-- This site is optimized with the Yoast SEO Premium plugin v23.0 (Yoast SEO v23.0) - https:\/\/yoast.com\/wordpress\/plugins\/seo\/ -->\n<title>Logitech Brio 500 webcam 4 MP 1920 x 1080 pixels USB-C Graphite, hea hinnaga, osta e-pood - Odav Print<\/title>\n<meta name=\"description\" content=\"Osta Logitech Brio 500 webcam 4 MP 1920 x 1080 pixels USB-C Graphite Odav Print \u260e +372 5911 9495 \u2714\ufe0f Parim hind Logitech Brio 500 webcam 4 MP 1920 x 1080 pixels USB-C Graphite jaoks \u26df Kiire kohaletoimetamine Eestis \u2b50 Garanteeritud\" \/>\n<meta name=\"robots\" content=\"index, follow, max-snippet:-1, max-image-preview:large, max-video-preview:-1\" \/>\n<link rel=\"canonical\" href=\"https:\/\/odavprint.ee\/et\/product\/logitech-brio-500-webcam-4-mp-1920-x-1080-pixels-usb-c-graphite\/\" \/>\n<meta property=\"og:locale\" content=\"et_EE\" \/>\n<meta property=\"og:type\" content=\"article\" \/>\n<meta property=\"og:title\" content=\"Logitech Brio 500 webcam 4 MP 1920 x 1080 pixels USB-C Graphite\" \/>\n<meta property=\"og:description\" content=\"Osta Logitech Brio 500 webcam 4 MP 1920 x 1080 pixels USB-C Graphite Odav Print \u260e +372 5911 9495 \u2714\ufe0f Parim hind Logitech Brio 500 webcam 4 MP 1920 x 1080 pixels USB-C Graphite jaoks \u26df Kiire kohaletoimetamine Eestis \u2b50 Garanteeritud\" \/>\n<meta property=\"og:url\" content=\"https:\/\/odavprint.ee\/et\/product\/logitech-brio-500-webcam-4-mp-1920-x-1080-pixels-usb-c-graphite\/\" \/>\n<meta property=\"og:site_name\" content=\"Odav Print\" \/>\n<meta property=\"og:image\" content=\"https:\/\/odavprint.ee\/wp-content\/uploads\/2023\/09\/192174_EqAL5azBd2EpvdQHRG76lNKKkV0dkIbviIC6mX2S.jpg\" \/>\n\t<meta property=\"og:image:width\" content=\"500\" \/>\n\t<meta property=\"og:image:height\" content=\"500\" \/>\n\t<meta property=\"og:image:type\" content=\"image\/jpeg\" \/>\n<meta name=\"twitter:card\" content=\"summary_large_image\" \/>\n<meta name=\"twitter:label1\" content=\"Price\" \/>\n\t<meta name=\"twitter:data1\" content=\"&euro;142.80\" \/>\n\t<meta name=\"twitter:label2\" content=\"Availability\" \/>\n\t<meta name=\"twitter:data2\" content=\"In stock\" \/>\n<script type=\"application\/ld+json\" class=\"yoast-schema-graph\">{\"@context\":\"https:\/\/schema.org\",\"@graph\":[{\"@type\":[\"WebPage\",\"ItemPage\"],\"@id\":\"https:\/\/odavprint.ee\/et\/product\/logitech-brio-500-webcam-4-mp-1920-x-1080-pixels-usb-c-graphite\/\",\"url\":\"https:\/\/odavprint.ee\/et\/product\/logitech-brio-500-webcam-4-mp-1920-x-1080-pixels-usb-c-graphite\/\",\"name\":\"Logitech Brio 500 webcam 4 MP 1920 x 1080 pixels USB-C Graphite, hea hinnaga, osta e-pood - Odav Print\",\"isPartOf\":{\"@id\":\"https:\/\/odavprint.ee\/et\/#website\"},\"primaryImageOfPage\":{\"@id\":\"https:\/\/odavprint.ee\/et\/product\/logitech-brio-500-webcam-4-mp-1920-x-1080-pixels-usb-c-graphite\/#primaryimage\"},\"image\":{\"@id\":\"https:\/\/odavprint.ee\/et\/product\/logitech-brio-500-webcam-4-mp-1920-x-1080-pixels-usb-c-graphite\/#primaryimage\"},\"thumbnailUrl\":\"https:\/\/odavprint.ee\/wp-content\/uploads\/2023\/09\/192174_EqAL5azBd2EpvdQHRG76lNKKkV0dkIbviIC6mX2S.jpg\",\"datePublished\":\"2023-09-04T13:28:49+00:00\",\"dateModified\":\"2023-09-04T13:28:49+00:00\",\"description\":\"Osta Logitech Brio 500 webcam 4 MP 1920 x 1080 pixels USB-C Graphite Odav Print \u260e +372 5911 9495 \u2714\ufe0f Parim hind Logitech Brio 500 webcam 4 MP 1920 x 1080 pixels USB-C Graphite jaoks \u26df Kiire kohaletoimetamine Eestis \u2b50 Garanteeritud\",\"breadcrumb\":{\"@id\":\"https:\/\/odavprint.ee\/et\/product\/logitech-brio-500-webcam-4-mp-1920-x-1080-pixels-usb-c-graphite\/#breadcrumb\"},\"inLanguage\":\"et\",\"potentialAction\":[{\"@type\":\"ReadAction\",\"target\":[\"https:\/\/odavprint.ee\/et\/product\/logitech-brio-500-webcam-4-mp-1920-x-1080-pixels-usb-c-graphite\/\"]}]},{\"@type\":\"ImageObject\",\"inLanguage\":\"et\",\"@id\":\"https:\/\/odavprint.ee\/et\/product\/logitech-brio-500-webcam-4-mp-1920-x-1080-pixels-usb-c-graphite\/#primaryimage\",\"url\":\"https:\/\/odavprint.ee\/wp-content\/uploads\/2023\/09\/192174_EqAL5azBd2EpvdQHRG76lNKKkV0dkIbviIC6mX2S.jpg\",\"contentUrl\":\"https:\/\/odavprint.ee\/wp-content\/uploads\/2023\/09\/192174_EqAL5azBd2EpvdQHRG76lNKKkV0dkIbviIC6mX2S.jpg\",\"width\":500,\"height\":500},{\"@type\":\"BreadcrumbList\",\"@id\":\"https:\/\/odavprint.ee\/et\/product\/logitech-brio-500-webcam-4-mp-1920-x-1080-pixels-usb-c-graphite\/#breadcrumb\",\"itemListElement\":[{\"@type\":\"ListItem\",\"position\":1,\"name\":\"Home\",\"item\":\"https:\/\/odavprint.ee\/et\/esileht\/\"},{\"@type\":\"ListItem\",\"position\":2,\"name\":\"E-pood\",\"item\":\"https:\/\/odavprint.ee\/et\/shop\/\"},{\"@type\":\"ListItem\",\"position\":3,\"name\":\"Logitech Brio 500 webcam 4 MP 1920 x 1080 pixels USB-C Graphite\"}]},{\"@type\":\"WebSite\",\"@id\":\"https:\/\/odavprint.ee\/et\/#website\",\"url\":\"https:\/\/odavprint.ee\/et\/\",\"name\":\"Odav Print\",\"description\":\"Just another WordPress site\",\"publisher\":{\"@id\":\"https:\/\/odavprint.ee\/et\/#organization\"},\"alternateName\":\"Kassettide, toonerite t\u00e4itmine ja m\u00fc\u00fck.\",\"potentialAction\":[{\"@type\":\"SearchAction\",\"target\":{\"@type\":\"EntryPoint\",\"urlTemplate\":\"https:\/\/odavprint.ee\/et\/?s={search_term_string}\"},\"query-input\":\"required name=search_term_string\"}],\"inLanguage\":\"et\"},{\"@type\":[\"Organization\",\"Place\"],\"@id\":\"https:\/\/odavprint.ee\/et\/#organization\",\"name\":\"Odav Print O\u00dc\",\"url\":\"https:\/\/odavprint.ee\/et\/\",\"logo\":{\"@id\":\"https:\/\/odavprint.ee\/et\/product\/logitech-brio-500-webcam-4-mp-1920-x-1080-pixels-usb-c-graphite\/#local-main-organization-logo\"},\"image\":{\"@id\":\"https:\/\/odavprint.ee\/et\/product\/logitech-brio-500-webcam-4-mp-1920-x-1080-pixels-usb-c-graphite\/#local-main-organization-logo\"},\"address\":{\"@id\":\"https:\/\/odavprint.ee\/et\/product\/logitech-brio-500-webcam-4-mp-1920-x-1080-pixels-usb-c-graphite\/#local-main-place-address\"},\"geo\":{\"@type\":\"GeoCoordinates\",\"latitude\":\"59.4306504\",\"longitude\":\"24.8095743\"},\"telephone\":[\"53836926\"],\"openingHoursSpecification\":[{\"@type\":\"OpeningHoursSpecification\",\"dayOfWeek\":[\"Monday\",\"Tuesday\",\"Wednesday\",\"Thursday\",\"Friday\",\"Saturday\",\"Sunday\"],\"opens\":\"09:00\",\"closes\":\"17:00\"}],\"email\":\"info@odavprint.eu\"},{\"@type\":\"PostalAddress\",\"@id\":\"https:\/\/odavprint.ee\/et\/product\/logitech-brio-500-webcam-4-mp-1920-x-1080-pixels-usb-c-graphite\/#local-main-place-address\",\"streetAddress\":\"Pae tn 28\",\"addressLocality\":\"Tallinn\",\"postalCode\":\"11415\",\"addressRegion\":\"Harjumaa\",\"addressCountry\":\"EE\"},{\"@type\":\"ImageObject\",\"inLanguage\":\"et\",\"@id\":\"https:\/\/odavprint.ee\/et\/product\/logitech-brio-500-webcam-4-mp-1920-x-1080-pixels-usb-c-graphite\/#local-main-organization-logo\",\"url\":\"https:\/\/odavprint.ee\/wp-content\/uploads\/2018\/10\/odavprint-logo-240.jpg\",\"contentUrl\":\"https:\/\/odavprint.ee\/wp-content\/uploads\/2018\/10\/odavprint-logo-240.jpg\",\"width\":240,\"height\":36,\"caption\":\"Odav Print O\u00dc\"}]}<\/script>\n<meta property=\"product:price:amount\" content=\"142.80\" \/>\n<meta property=\"product:price:currency\" content=\"EUR\" \/>\n<meta property=\"og:availability\" content=\"instock\" \/>\n<meta property=\"product:availability\" content=\"instock\" \/>\n<meta property=\"product:retailer_item_id\" content=\"960-001422\" \/>\n<meta property=\"product:condition\" content=\"new\" \/>\n<meta name=\"geo.placename\" content=\"Tallinn\" \/>\n<meta name=\"geo.position\" content=\"59.4306504;24.8095743\" \/>\n<meta name=\"geo.region\" content=\"Estonia\" \/>\n<!-- \/ Yoast SEO Premium plugin. -->","yoast_head_json":{"title":"Logitech Brio 500 webcam 4 MP 1920 x 1080 pixels USB-C Graphite, hea hinnaga, osta e-pood - Odav Print","description":"Osta Logitech Brio 500 webcam 4 MP 1920 x 1080 pixels USB-C Graphite Odav Print \u260e +372 5911 9495 \u2714\ufe0f Parim hind Logitech Brio 500 webcam 4 MP 1920 x 1080 pixels USB-C Graphite jaoks \u26df Kiire kohaletoimetamine Eestis \u2b50 Garanteeritud","robots":{"index":"index","follow":"follow","max-snippet":"max-snippet:-1","max-image-preview":"max-image-preview:large","max-video-preview":"max-video-preview:-1"},"canonical":"https:\/\/odavprint.ee\/et\/product\/logitech-brio-500-webcam-4-mp-1920-x-1080-pixels-usb-c-graphite\/","og_locale":"et_EE","og_type":"article","og_title":"Logitech Brio 500 webcam 4 MP 1920 x 1080 pixels USB-C Graphite","og_description":"Osta Logitech Brio 500 webcam 4 MP 1920 x 1080 pixels USB-C Graphite Odav Print \u260e +372 5911 9495 \u2714\ufe0f Parim hind Logitech Brio 500 webcam 4 MP 1920 x 1080 pixels USB-C Graphite jaoks \u26df Kiire kohaletoimetamine Eestis \u2b50 Garanteeritud","og_url":"https:\/\/odavprint.ee\/et\/product\/logitech-brio-500-webcam-4-mp-1920-x-1080-pixels-usb-c-graphite\/","og_site_name":"Odav Print","og_image":[{"width":500,"height":500,"url":"https:\/\/odavprint.ee\/wp-content\/uploads\/2023\/09\/192174_EqAL5azBd2EpvdQHRG76lNKKkV0dkIbviIC6mX2S.jpg","type":"image\/jpeg"}],"twitter_card":"summary_large_image","twitter_misc":{"Price":"&euro;142.80","Availability":"In stock"},"schema":{"@context":"https:\/\/schema.org","@graph":[{"@type":["WebPage","ItemPage"],"@id":"https:\/\/odavprint.ee\/et\/product\/logitech-brio-500-webcam-4-mp-1920-x-1080-pixels-usb-c-graphite\/","url":"https:\/\/odavprint.ee\/et\/product\/logitech-brio-500-webcam-4-mp-1920-x-1080-pixels-usb-c-graphite\/","name":"Logitech Brio 500 webcam 4 MP 1920 x 1080 pixels USB-C Graphite, hea hinnaga, osta e-pood - Odav Print","isPartOf":{"@id":"https:\/\/odavprint.ee\/et\/#website"},"primaryImageOfPage":{"@id":"https:\/\/odavprint.ee\/et\/product\/logitech-brio-500-webcam-4-mp-1920-x-1080-pixels-usb-c-graphite\/#primaryimage"},"image":{"@id":"https:\/\/odavprint.ee\/et\/product\/logitech-brio-500-webcam-4-mp-1920-x-1080-pixels-usb-c-graphite\/#primaryimage"},"thumbnailUrl":"https:\/\/odavprint.ee\/wp-content\/uploads\/2023\/09\/192174_EqAL5azBd2EpvdQHRG76lNKKkV0dkIbviIC6mX2S.jpg","datePublished":"2023-09-04T13:28:49+00:00","dateModified":"2023-09-04T13:28:49+00:00","description":"Osta Logitech Brio 500 webcam 4 MP 1920 x 1080 pixels USB-C Graphite Odav Print \u260e +372 5911 9495 \u2714\ufe0f Parim hind Logitech Brio 500 webcam 4 MP 1920 x 1080 pixels USB-C Graphite jaoks \u26df Kiire kohaletoimetamine Eestis \u2b50 Garanteeritud","breadcrumb":{"@id":"https:\/\/odavprint.ee\/et\/product\/logitech-brio-500-webcam-4-mp-1920-x-1080-pixels-usb-c-graphite\/#breadcrumb"},"inLanguage":"et","potentialAction":[{"@type":"ReadAction","target":["https:\/\/odavprint.ee\/et\/product\/logitech-brio-500-webcam-4-mp-1920-x-1080-pixels-usb-c-graphite\/"]}]},{"@type":"ImageObject","inLanguage":"et","@id":"https:\/\/odavprint.ee\/et\/product\/logitech-brio-500-webcam-4-mp-1920-x-1080-pixels-usb-c-graphite\/#primaryimage","url":"https:\/\/odavprint.ee\/wp-content\/uploads\/2023\/09\/192174_EqAL5azBd2EpvdQHRG76lNKKkV0dkIbviIC6mX2S.jpg","contentUrl":"https:\/\/odavprint.ee\/wp-content\/uploads\/2023\/09\/192174_EqAL5azBd2EpvdQHRG76lNKKkV0dkIbviIC6mX2S.jpg","width":500,"height":500},{"@type":"BreadcrumbList","@id":"https:\/\/odavprint.ee\/et\/product\/logitech-brio-500-webcam-4-mp-1920-x-1080-pixels-usb-c-graphite\/#breadcrumb","itemListElement":[{"@type":"ListItem","position":1,"name":"Home","item":"https:\/\/odavprint.ee\/et\/esileht\/"},{"@type":"ListItem","position":2,"name":"E-pood","item":"https:\/\/odavprint.ee\/et\/shop\/"},{"@type":"ListItem","position":3,"name":"Logitech Brio 500 webcam 4 MP 1920 x 1080 pixels USB-C Graphite"}]},{"@type":"WebSite","@id":"https:\/\/odavprint.ee\/et\/#website","url":"https:\/\/odavprint.ee\/et\/","name":"Odav Print","description":"Just another WordPress site","publisher":{"@id":"https:\/\/odavprint.ee\/et\/#organization"},"alternateName":"Kassettide, toonerite t\u00e4itmine ja m\u00fc\u00fck.","potentialAction":[{"@type":"SearchAction","target":{"@type":"EntryPoint","urlTemplate":"https:\/\/odavprint.ee\/et\/?s={search_term_string}"},"query-input":"required name=search_term_string"}],"inLanguage":"et"},{"@type":["Organization","Place"],"@id":"https:\/\/odavprint.ee\/et\/#organization","name":"Odav Print O\u00dc","url":"https:\/\/odavprint.ee\/et\/","logo":{"@id":"https:\/\/odavprint.ee\/et\/product\/logitech-brio-500-webcam-4-mp-1920-x-1080-pixels-usb-c-graphite\/#local-main-organization-logo"},"image":{"@id":"https:\/\/odavprint.ee\/et\/product\/logitech-brio-500-webcam-4-mp-1920-x-1080-pixels-usb-c-graphite\/#local-main-organization-logo"},"address":{"@id":"https:\/\/odavprint.ee\/et\/product\/logitech-brio-500-webcam-4-mp-1920-x-1080-pixels-usb-c-graphite\/#local-main-place-address"},"geo":{"@type":"GeoCoordinates","latitude":"59.4306504","longitude":"24.8095743"},"telephone":["53836926"],"openingHoursSpecification":[{"@type":"OpeningHoursSpecification","dayOfWeek":["Monday","Tuesday","Wednesday","Thursday","Friday","Saturday","Sunday"],"opens":"09:00","closes":"17:00"}],"email":"info@odavprint.eu"},{"@type":"PostalAddress","@id":"https:\/\/odavprint.ee\/et\/product\/logitech-brio-500-webcam-4-mp-1920-x-1080-pixels-usb-c-graphite\/#local-main-place-address","streetAddress":"Pae tn 28","addressLocality":"Tallinn","postalCode":"11415","addressRegion":"Harjumaa","addressCountry":"EE"},{"@type":"ImageObject","inLanguage":"et","@id":"https:\/\/odavprint.ee\/et\/product\/logitech-brio-500-webcam-4-mp-1920-x-1080-pixels-usb-c-graphite\/#local-main-organization-logo","url":"https:\/\/odavprint.ee\/wp-content\/uploads\/2018\/10\/odavprint-logo-240.jpg","contentUrl":"https:\/\/odavprint.ee\/wp-content\/uploads\/2018\/10\/odavprint-logo-240.jpg","width":240,"height":36,"caption":"Odav Print O\u00dc"}]},"product_price_amount":"142.80","product_price_currency":"EUR","og_availability":"instock","product_availability":"instock","product_retailer_item_id":"960-001422","product_condition":"new","geo.placename":"Tallinn","geo.position":{"lat":"59.4306504","long":"24.8095743"},"geo.region":"Estonia"},"_links":{"self":[{"href":"https:\/\/odavprint.ee\/et\/wp-json\/wp\/v2\/product\/192174"}],"collection":[{"href":"https:\/\/odavprint.ee\/et\/wp-json\/wp\/v2\/product"}],"about":[{"href":"https:\/\/odavprint.ee\/et\/wp-json\/wp\/v2\/types\/product"}],"wp:featuredmedia":[{"embeddable":true,"href":"https:\/\/odavprint.ee\/et\/wp-json\/wp\/v2\/media\/192175"}],"wp:attachment":[{"href":"https:\/\/odavprint.ee\/et\/wp-json\/wp\/v2\/media?parent=192174"}],"wp:term":[{"taxonomy":"product_cat","embeddable":true,"href":"https:\/\/odavprint.ee\/et\/wp-json\/wp\/v2\/product_cat?post=192174"},{"taxonomy":"product_tag","embeddable":true,"href":"https:\/\/odavprint.ee\/et\/wp-json\/wp\/v2\/product_tag?post=192174"}],"curies":[{"name":"wp","href":"https:\/\/api.w.org\/{rel}","templated":true}]}}