{"id":192309,"date":"2023-09-05T13:16:22","date_gmt":"2023-09-05T10:16:22","guid":{"rendered":"https:\/\/odavprint.ee\/product\/allergy-and-flu-anti-viral-3-in-1-hepa-filter-drum-for-leitz-trusens-z-3000-z-3500\/"},"modified":"2023-09-05T13:16:22","modified_gmt":"2023-09-05T10:16:22","slug":"allergy-and-flu-anti-viral-3-in-1-hepa-filter-drum-for-leitz-trusens-z-3000-z-3500","status":"publish","type":"product","link":"https:\/\/odavprint.ee\/et\/product\/allergy-and-flu-anti-viral-3-in-1-hepa-filter-drum-for-leitz-trusens-z-3000-z-3500\/","title":{"rendered":"Allergy and Flu Anti-viral 3-in-1 HEPA Filter Drum for Leitz TruSens Z-3000 \/ Z-3500"},"content":{"rendered":"<p><img loading=\"lazy\" decoding=\"async\" src=\"https:\/\/www.dptrade.lt\/Files\/Image\/TruSens\/CBT36780_ba_TruSens_COVID_message_700x250px_EN_v3_final.jpg\" width=\"700\" height=\"250\" style=\"font-size: 13.3333px;\" alt=\"\" \/><\/p>\n<p>\u00a0<\/p>\n<ul>\n<li>HEPA filter with anti-viral properties has an efficiency level of 99.97% at 0.3 micron<\/li>\n<li>360 degree filtration draws in air from all directions, collecting pollutants from around the room<\/li>\n<li>Change indicator light glows red on your air purifier when the filter needs to be replaced<\/li>\n<li>For best results, it\u2019s recommended to replace the Allergy and Flu HEPA filter drum every 12 months (depending on usage)<\/li>\n<li>20.87 x 21.2 cm<\/li>\n<li><b>Use with Z-3000 \/ Z-3500 Air Purifier<\/b><\/li>\n<li>Best for allergies and flu<\/li>\n<li>Pack includes: 1 x Mesh Prefilter, 1 x HEPA filter, 1 x Carbon filter<\/li>\n<li>Mesh Prefilter only, wipe clean<\/li>\n<\/ul>\n","protected":false},"excerpt":{"rendered":"<p>\u00a0 HEPA filter with anti-viral properties has an efficiency level of 99.97% at 0.3 micron 360 degree filtration draws in air from all directions, collecting pollutants from around the room Change indicator light glows red on your air purifier when the filter needs to be replaced For best results, it\u2019s recommended to replace the Allergy [&#8230;]\n","protected":false},"featured_media":192310,"template":"","meta":{"inline_featured_image":false},"product_cat":[17234],"product_tag":[],"yoast_head":"<!-- This site is optimized with the Yoast SEO Premium plugin v23.0 (Yoast SEO v23.0) - https:\/\/yoast.com\/wordpress\/plugins\/seo\/ -->\n<title>Allergy and Flu Anti-viral 3-in-1 HEPA Filter Drum for Leitz TruSens Z-3000 \/ Z-3500, hea hinnaga, osta e-pood - Odav Print<\/title>\n<meta name=\"description\" content=\"Osta Allergy and Flu Anti-viral 3-in-1 HEPA Filter Drum for Leitz TruSens Z-3000 \/ Z-3500 Odav Print \u260e +372 5911 9495 \u2714\ufe0f Parim hind Allergy and Flu Anti-viral 3-in-1 HEPA Filter Drum for Leitz TruSens Z-3000 \/ Z-3500 jaoks \u26df Kiire kohaletoimetamine Eestis \u2b50 Garanteeritud\" \/>\n<meta name=\"robots\" content=\"index, follow, max-snippet:-1, max-image-preview:large, max-video-preview:-1\" \/>\n<link rel=\"canonical\" href=\"https:\/\/odavprint.ee\/et\/product\/allergy-and-flu-anti-viral-3-in-1-hepa-filter-drum-for-leitz-trusens-z-3000-z-3500\/\" \/>\n<meta property=\"og:locale\" content=\"et_EE\" \/>\n<meta property=\"og:type\" content=\"article\" \/>\n<meta property=\"og:title\" content=\"Allergy and Flu Anti-viral 3-in-1 HEPA Filter Drum for Leitz TruSens Z-3000 \/ Z-3500\" \/>\n<meta property=\"og:description\" content=\"Osta Allergy and Flu Anti-viral 3-in-1 HEPA Filter Drum for Leitz TruSens Z-3000 \/ Z-3500 Odav Print \u260e +372 5911 9495 \u2714\ufe0f Parim hind Allergy and Flu Anti-viral 3-in-1 HEPA Filter Drum for Leitz TruSens Z-3000 \/ Z-3500 jaoks \u26df Kiire kohaletoimetamine Eestis \u2b50 Garanteeritud\" \/>\n<meta property=\"og:url\" content=\"https:\/\/odavprint.ee\/et\/product\/allergy-and-flu-anti-viral-3-in-1-hepa-filter-drum-for-leitz-trusens-z-3000-z-3500\/\" \/>\n<meta property=\"og:site_name\" content=\"Odav Print\" \/>\n<meta property=\"og:image\" content=\"https:\/\/odavprint.ee\/wp-content\/uploads\/2023\/09\/192309_2415119.jpg\" \/>\n\t<meta property=\"og:image:width\" content=\"397\" \/>\n\t<meta property=\"og:image:height\" content=\"500\" \/>\n\t<meta property=\"og:image:type\" content=\"image\/jpeg\" \/>\n<meta name=\"twitter:card\" content=\"summary_large_image\" \/>\n<meta name=\"twitter:label1\" content=\"Price\" \/>\n\t<meta name=\"twitter:data1\" content=\"&euro;81.40\" \/>\n\t<meta name=\"twitter:label2\" content=\"Availability\" \/>\n\t<meta name=\"twitter:data2\" content=\"Out of stock\" \/>\n<script type=\"application\/ld+json\" class=\"yoast-schema-graph\">{\"@context\":\"https:\/\/schema.org\",\"@graph\":[{\"@type\":[\"WebPage\",\"ItemPage\"],\"@id\":\"https:\/\/odavprint.ee\/et\/product\/allergy-and-flu-anti-viral-3-in-1-hepa-filter-drum-for-leitz-trusens-z-3000-z-3500\/\",\"url\":\"https:\/\/odavprint.ee\/et\/product\/allergy-and-flu-anti-viral-3-in-1-hepa-filter-drum-for-leitz-trusens-z-3000-z-3500\/\",\"name\":\"Allergy and Flu Anti-viral 3-in-1 HEPA Filter Drum for Leitz TruSens Z-3000 \/ Z-3500, hea hinnaga, osta e-pood - Odav Print\",\"isPartOf\":{\"@id\":\"https:\/\/odavprint.ee\/et\/#website\"},\"primaryImageOfPage\":{\"@id\":\"https:\/\/odavprint.ee\/et\/product\/allergy-and-flu-anti-viral-3-in-1-hepa-filter-drum-for-leitz-trusens-z-3000-z-3500\/#primaryimage\"},\"image\":{\"@id\":\"https:\/\/odavprint.ee\/et\/product\/allergy-and-flu-anti-viral-3-in-1-hepa-filter-drum-for-leitz-trusens-z-3000-z-3500\/#primaryimage\"},\"thumbnailUrl\":\"https:\/\/odavprint.ee\/wp-content\/uploads\/2023\/09\/192309_2415119.jpg\",\"datePublished\":\"2023-09-05T10:16:22+00:00\",\"dateModified\":\"2023-09-05T10:16:22+00:00\",\"description\":\"Osta Allergy and Flu Anti-viral 3-in-1 HEPA Filter Drum for Leitz TruSens Z-3000 \/ Z-3500 Odav Print \u260e +372 5911 9495 \u2714\ufe0f Parim hind Allergy and Flu Anti-viral 3-in-1 HEPA Filter Drum for Leitz TruSens Z-3000 \/ Z-3500 jaoks \u26df Kiire kohaletoimetamine Eestis \u2b50 Garanteeritud\",\"breadcrumb\":{\"@id\":\"https:\/\/odavprint.ee\/et\/product\/allergy-and-flu-anti-viral-3-in-1-hepa-filter-drum-for-leitz-trusens-z-3000-z-3500\/#breadcrumb\"},\"inLanguage\":\"et\",\"potentialAction\":[{\"@type\":\"ReadAction\",\"target\":[\"https:\/\/odavprint.ee\/et\/product\/allergy-and-flu-anti-viral-3-in-1-hepa-filter-drum-for-leitz-trusens-z-3000-z-3500\/\"]}]},{\"@type\":\"ImageObject\",\"inLanguage\":\"et\",\"@id\":\"https:\/\/odavprint.ee\/et\/product\/allergy-and-flu-anti-viral-3-in-1-hepa-filter-drum-for-leitz-trusens-z-3000-z-3500\/#primaryimage\",\"url\":\"https:\/\/odavprint.ee\/wp-content\/uploads\/2023\/09\/192309_2415119.jpg\",\"contentUrl\":\"https:\/\/odavprint.ee\/wp-content\/uploads\/2023\/09\/192309_2415119.jpg\",\"width\":397,\"height\":500},{\"@type\":\"BreadcrumbList\",\"@id\":\"https:\/\/odavprint.ee\/et\/product\/allergy-and-flu-anti-viral-3-in-1-hepa-filter-drum-for-leitz-trusens-z-3000-z-3500\/#breadcrumb\",\"itemListElement\":[{\"@type\":\"ListItem\",\"position\":1,\"name\":\"Home\",\"item\":\"https:\/\/odavprint.ee\/et\/esileht\/\"},{\"@type\":\"ListItem\",\"position\":2,\"name\":\"E-pood\",\"item\":\"https:\/\/odavprint.ee\/et\/shop\/\"},{\"@type\":\"ListItem\",\"position\":3,\"name\":\"Allergy and Flu Anti-viral 3-in-1 HEPA Filter Drum for Leitz TruSens Z-3000 \/ Z-3500\"}]},{\"@type\":\"WebSite\",\"@id\":\"https:\/\/odavprint.ee\/et\/#website\",\"url\":\"https:\/\/odavprint.ee\/et\/\",\"name\":\"Odav Print\",\"description\":\"Just another WordPress site\",\"publisher\":{\"@id\":\"https:\/\/odavprint.ee\/et\/#organization\"},\"alternateName\":\"Kassettide, toonerite t\u00e4itmine ja m\u00fc\u00fck.\",\"potentialAction\":[{\"@type\":\"SearchAction\",\"target\":{\"@type\":\"EntryPoint\",\"urlTemplate\":\"https:\/\/odavprint.ee\/et\/?s={search_term_string}\"},\"query-input\":\"required name=search_term_string\"}],\"inLanguage\":\"et\"},{\"@type\":[\"Organization\",\"Place\"],\"@id\":\"https:\/\/odavprint.ee\/et\/#organization\",\"name\":\"Odav Print O\u00dc\",\"url\":\"https:\/\/odavprint.ee\/et\/\",\"logo\":{\"@id\":\"https:\/\/odavprint.ee\/et\/product\/allergy-and-flu-anti-viral-3-in-1-hepa-filter-drum-for-leitz-trusens-z-3000-z-3500\/#local-main-organization-logo\"},\"image\":{\"@id\":\"https:\/\/odavprint.ee\/et\/product\/allergy-and-flu-anti-viral-3-in-1-hepa-filter-drum-for-leitz-trusens-z-3000-z-3500\/#local-main-organization-logo\"},\"address\":{\"@id\":\"https:\/\/odavprint.ee\/et\/product\/allergy-and-flu-anti-viral-3-in-1-hepa-filter-drum-for-leitz-trusens-z-3000-z-3500\/#local-main-place-address\"},\"geo\":{\"@type\":\"GeoCoordinates\",\"latitude\":\"59.4306504\",\"longitude\":\"24.8095743\"},\"telephone\":[\"53836926\"],\"openingHoursSpecification\":[{\"@type\":\"OpeningHoursSpecification\",\"dayOfWeek\":[\"Monday\",\"Tuesday\",\"Wednesday\",\"Thursday\",\"Friday\",\"Saturday\",\"Sunday\"],\"opens\":\"09:00\",\"closes\":\"17:00\"}],\"email\":\"info@odavprint.eu\"},{\"@type\":\"PostalAddress\",\"@id\":\"https:\/\/odavprint.ee\/et\/product\/allergy-and-flu-anti-viral-3-in-1-hepa-filter-drum-for-leitz-trusens-z-3000-z-3500\/#local-main-place-address\",\"streetAddress\":\"Pae tn 28\",\"addressLocality\":\"Tallinn\",\"postalCode\":\"11415\",\"addressRegion\":\"Harjumaa\",\"addressCountry\":\"EE\"},{\"@type\":\"ImageObject\",\"inLanguage\":\"et\",\"@id\":\"https:\/\/odavprint.ee\/et\/product\/allergy-and-flu-anti-viral-3-in-1-hepa-filter-drum-for-leitz-trusens-z-3000-z-3500\/#local-main-organization-logo\",\"url\":\"https:\/\/odavprint.ee\/wp-content\/uploads\/2018\/10\/odavprint-logo-240.jpg\",\"contentUrl\":\"https:\/\/odavprint.ee\/wp-content\/uploads\/2018\/10\/odavprint-logo-240.jpg\",\"width\":240,\"height\":36,\"caption\":\"Odav Print O\u00dc\"}]}<\/script>\n<meta property=\"product:price:amount\" content=\"81.40\" \/>\n<meta property=\"product:price:currency\" content=\"EUR\" \/>\n<meta property=\"og:availability\" content=\"out of stock\" \/>\n<meta property=\"product:availability\" content=\"out of stock\" \/>\n<meta property=\"product:retailer_item_id\" content=\"2415119EU\" \/>\n<meta property=\"product:condition\" content=\"new\" \/>\n<meta name=\"geo.placename\" content=\"Tallinn\" \/>\n<meta name=\"geo.position\" content=\"59.4306504;24.8095743\" \/>\n<meta name=\"geo.region\" content=\"Estonia\" \/>\n<!-- \/ Yoast SEO Premium plugin. -->","yoast_head_json":{"title":"Allergy and Flu Anti-viral 3-in-1 HEPA Filter Drum for Leitz TruSens Z-3000 \/ Z-3500, hea hinnaga, osta e-pood - Odav Print","description":"Osta Allergy and Flu Anti-viral 3-in-1 HEPA Filter Drum for Leitz TruSens Z-3000 \/ Z-3500 Odav Print \u260e +372 5911 9495 \u2714\ufe0f Parim hind Allergy and Flu Anti-viral 3-in-1 HEPA Filter Drum for Leitz TruSens Z-3000 \/ Z-3500 jaoks \u26df Kiire kohaletoimetamine Eestis \u2b50 Garanteeritud","robots":{"index":"index","follow":"follow","max-snippet":"max-snippet:-1","max-image-preview":"max-image-preview:large","max-video-preview":"max-video-preview:-1"},"canonical":"https:\/\/odavprint.ee\/et\/product\/allergy-and-flu-anti-viral-3-in-1-hepa-filter-drum-for-leitz-trusens-z-3000-z-3500\/","og_locale":"et_EE","og_type":"article","og_title":"Allergy and Flu Anti-viral 3-in-1 HEPA Filter Drum for Leitz TruSens Z-3000 \/ Z-3500","og_description":"Osta Allergy and Flu Anti-viral 3-in-1 HEPA Filter Drum for Leitz TruSens Z-3000 \/ Z-3500 Odav Print \u260e +372 5911 9495 \u2714\ufe0f Parim hind Allergy and Flu Anti-viral 3-in-1 HEPA Filter Drum for Leitz TruSens Z-3000 \/ Z-3500 jaoks \u26df Kiire kohaletoimetamine Eestis \u2b50 Garanteeritud","og_url":"https:\/\/odavprint.ee\/et\/product\/allergy-and-flu-anti-viral-3-in-1-hepa-filter-drum-for-leitz-trusens-z-3000-z-3500\/","og_site_name":"Odav Print","og_image":[{"width":397,"height":500,"url":"https:\/\/odavprint.ee\/wp-content\/uploads\/2023\/09\/192309_2415119.jpg","type":"image\/jpeg"}],"twitter_card":"summary_large_image","twitter_misc":{"Price":"&euro;81.40","Availability":"Out of stock"},"schema":{"@context":"https:\/\/schema.org","@graph":[{"@type":["WebPage","ItemPage"],"@id":"https:\/\/odavprint.ee\/et\/product\/allergy-and-flu-anti-viral-3-in-1-hepa-filter-drum-for-leitz-trusens-z-3000-z-3500\/","url":"https:\/\/odavprint.ee\/et\/product\/allergy-and-flu-anti-viral-3-in-1-hepa-filter-drum-for-leitz-trusens-z-3000-z-3500\/","name":"Allergy and Flu Anti-viral 3-in-1 HEPA Filter Drum for Leitz TruSens Z-3000 \/ Z-3500, hea hinnaga, osta e-pood - Odav Print","isPartOf":{"@id":"https:\/\/odavprint.ee\/et\/#website"},"primaryImageOfPage":{"@id":"https:\/\/odavprint.ee\/et\/product\/allergy-and-flu-anti-viral-3-in-1-hepa-filter-drum-for-leitz-trusens-z-3000-z-3500\/#primaryimage"},"image":{"@id":"https:\/\/odavprint.ee\/et\/product\/allergy-and-flu-anti-viral-3-in-1-hepa-filter-drum-for-leitz-trusens-z-3000-z-3500\/#primaryimage"},"thumbnailUrl":"https:\/\/odavprint.ee\/wp-content\/uploads\/2023\/09\/192309_2415119.jpg","datePublished":"2023-09-05T10:16:22+00:00","dateModified":"2023-09-05T10:16:22+00:00","description":"Osta Allergy and Flu Anti-viral 3-in-1 HEPA Filter Drum for Leitz TruSens Z-3000 \/ Z-3500 Odav Print \u260e +372 5911 9495 \u2714\ufe0f Parim hind Allergy and Flu Anti-viral 3-in-1 HEPA Filter Drum for Leitz TruSens Z-3000 \/ Z-3500 jaoks \u26df Kiire kohaletoimetamine Eestis \u2b50 Garanteeritud","breadcrumb":{"@id":"https:\/\/odavprint.ee\/et\/product\/allergy-and-flu-anti-viral-3-in-1-hepa-filter-drum-for-leitz-trusens-z-3000-z-3500\/#breadcrumb"},"inLanguage":"et","potentialAction":[{"@type":"ReadAction","target":["https:\/\/odavprint.ee\/et\/product\/allergy-and-flu-anti-viral-3-in-1-hepa-filter-drum-for-leitz-trusens-z-3000-z-3500\/"]}]},{"@type":"ImageObject","inLanguage":"et","@id":"https:\/\/odavprint.ee\/et\/product\/allergy-and-flu-anti-viral-3-in-1-hepa-filter-drum-for-leitz-trusens-z-3000-z-3500\/#primaryimage","url":"https:\/\/odavprint.ee\/wp-content\/uploads\/2023\/09\/192309_2415119.jpg","contentUrl":"https:\/\/odavprint.ee\/wp-content\/uploads\/2023\/09\/192309_2415119.jpg","width":397,"height":500},{"@type":"BreadcrumbList","@id":"https:\/\/odavprint.ee\/et\/product\/allergy-and-flu-anti-viral-3-in-1-hepa-filter-drum-for-leitz-trusens-z-3000-z-3500\/#breadcrumb","itemListElement":[{"@type":"ListItem","position":1,"name":"Home","item":"https:\/\/odavprint.ee\/et\/esileht\/"},{"@type":"ListItem","position":2,"name":"E-pood","item":"https:\/\/odavprint.ee\/et\/shop\/"},{"@type":"ListItem","position":3,"name":"Allergy and Flu Anti-viral 3-in-1 HEPA Filter Drum for Leitz TruSens Z-3000 \/ Z-3500"}]},{"@type":"WebSite","@id":"https:\/\/odavprint.ee\/et\/#website","url":"https:\/\/odavprint.ee\/et\/","name":"Odav Print","description":"Just another WordPress site","publisher":{"@id":"https:\/\/odavprint.ee\/et\/#organization"},"alternateName":"Kassettide, toonerite t\u00e4itmine ja m\u00fc\u00fck.","potentialAction":[{"@type":"SearchAction","target":{"@type":"EntryPoint","urlTemplate":"https:\/\/odavprint.ee\/et\/?s={search_term_string}"},"query-input":"required name=search_term_string"}],"inLanguage":"et"},{"@type":["Organization","Place"],"@id":"https:\/\/odavprint.ee\/et\/#organization","name":"Odav Print O\u00dc","url":"https:\/\/odavprint.ee\/et\/","logo":{"@id":"https:\/\/odavprint.ee\/et\/product\/allergy-and-flu-anti-viral-3-in-1-hepa-filter-drum-for-leitz-trusens-z-3000-z-3500\/#local-main-organization-logo"},"image":{"@id":"https:\/\/odavprint.ee\/et\/product\/allergy-and-flu-anti-viral-3-in-1-hepa-filter-drum-for-leitz-trusens-z-3000-z-3500\/#local-main-organization-logo"},"address":{"@id":"https:\/\/odavprint.ee\/et\/product\/allergy-and-flu-anti-viral-3-in-1-hepa-filter-drum-for-leitz-trusens-z-3000-z-3500\/#local-main-place-address"},"geo":{"@type":"GeoCoordinates","latitude":"59.4306504","longitude":"24.8095743"},"telephone":["53836926"],"openingHoursSpecification":[{"@type":"OpeningHoursSpecification","dayOfWeek":["Monday","Tuesday","Wednesday","Thursday","Friday","Saturday","Sunday"],"opens":"09:00","closes":"17:00"}],"email":"info@odavprint.eu"},{"@type":"PostalAddress","@id":"https:\/\/odavprint.ee\/et\/product\/allergy-and-flu-anti-viral-3-in-1-hepa-filter-drum-for-leitz-trusens-z-3000-z-3500\/#local-main-place-address","streetAddress":"Pae tn 28","addressLocality":"Tallinn","postalCode":"11415","addressRegion":"Harjumaa","addressCountry":"EE"},{"@type":"ImageObject","inLanguage":"et","@id":"https:\/\/odavprint.ee\/et\/product\/allergy-and-flu-anti-viral-3-in-1-hepa-filter-drum-for-leitz-trusens-z-3000-z-3500\/#local-main-organization-logo","url":"https:\/\/odavprint.ee\/wp-content\/uploads\/2018\/10\/odavprint-logo-240.jpg","contentUrl":"https:\/\/odavprint.ee\/wp-content\/uploads\/2018\/10\/odavprint-logo-240.jpg","width":240,"height":36,"caption":"Odav Print O\u00dc"}]},"product_price_amount":"81.40","product_price_currency":"EUR","og_availability":"out of stock","product_availability":"out of stock","product_retailer_item_id":"2415119EU","product_condition":"new","geo.placename":"Tallinn","geo.position":{"lat":"59.4306504","long":"24.8095743"},"geo.region":"Estonia"},"_links":{"self":[{"href":"https:\/\/odavprint.ee\/et\/wp-json\/wp\/v2\/product\/192309"}],"collection":[{"href":"https:\/\/odavprint.ee\/et\/wp-json\/wp\/v2\/product"}],"about":[{"href":"https:\/\/odavprint.ee\/et\/wp-json\/wp\/v2\/types\/product"}],"wp:featuredmedia":[{"embeddable":true,"href":"https:\/\/odavprint.ee\/et\/wp-json\/wp\/v2\/media\/192310"}],"wp:attachment":[{"href":"https:\/\/odavprint.ee\/et\/wp-json\/wp\/v2\/media?parent=192309"}],"wp:term":[{"taxonomy":"product_cat","embeddable":true,"href":"https:\/\/odavprint.ee\/et\/wp-json\/wp\/v2\/product_cat?post=192309"},{"taxonomy":"product_tag","embeddable":true,"href":"https:\/\/odavprint.ee\/et\/wp-json\/wp\/v2\/product_tag?post=192309"}],"curies":[{"name":"wp","href":"https:\/\/api.w.org\/{rel}","templated":true}]}}