{"id":192329,"date":"2023-09-05T13:18:37","date_gmt":"2023-09-05T10:18:37","guid":{"rendered":"https:\/\/odavprint.ee\/product\/shredder-rexel-momentum-extra-xp422-jam-free-cc-p4\/"},"modified":"2023-09-05T13:18:37","modified_gmt":"2023-09-05T10:18:37","slug":"shredder-rexel-momentum-extra-xp422-jam-free-cc-p4","status":"publish","type":"product","link":"https:\/\/odavprint.ee\/et\/product\/shredder-rexel-momentum-extra-xp422-jam-free-cc-p4\/","title":{"rendered":"Shredder Rexel Momentum Extra XP422+ Jam Free CC P4"},"content":{"rendered":"<ul>\n<li>Shreds up to 22x A4 sheets (80 gsm) at once.<\/li>\n<li>P-4 cross cut (4x35mm)<\/li>\n<li>Jam-free active sensing technology measures the number of sheets being fed in real-time to stop paper jams and misfeeds; indicated by a red LED on the control panel.<\/li>\n<li>This paper shredder will not operate until the number of sheets is reduced below or at the maximum sheet capacity.<\/li>\n<li>This heavy duty paper shredder also shreds credit cards, staples, paperclips and CD&#8217;s\/DVD&#8217;s.<\/li>\n<li>85L capacity pull out bin for easy emptying.<\/li>\n<li>Continuous run time with fan cooling and ECO mode to save power when not in use.<\/li>\n<li>Touch control panel<\/li>\n<li>55 dBA ultra-quiet noise level<\/li>\n<li>Infra red bin full sensor<\/li>\n<li>Manual reverse \/ forward feature<\/li>\n<li>2 year warranty, 2 year cutter warranty<\/li>\n<\/ul>\n","protected":false},"excerpt":{"rendered":"<p>Shreds up to 22x A4 sheets (80 gsm) at once. P-4 cross cut (4x35mm) Jam-free active sensing technology measures the number of sheets being fed in real-time to stop paper jams and misfeeds; indicated by a red LED on the control panel. This paper shredder will not operate until the number of sheets is reduced [&#8230;]\n","protected":false},"featured_media":192330,"template":"","meta":{"inline_featured_image":false},"product_cat":[17233],"product_tag":[],"yoast_head":"<!-- This site is optimized with the Yoast SEO Premium plugin v23.0 (Yoast SEO v23.0) - https:\/\/yoast.com\/wordpress\/plugins\/seo\/ -->\n<title>Shredder Rexel Momentum Extra XP422+ Jam Free CC P4, hea hinnaga, osta e-pood - Odav Print<\/title>\n<meta name=\"description\" content=\"Osta Shredder Rexel Momentum Extra XP422+ Jam Free CC P4 Odav Print \u260e +372 5911 9495 \u2714\ufe0f Parim hind Shredder Rexel Momentum Extra XP422+ Jam Free CC P4 jaoks \u26df Kiire kohaletoimetamine Eestis \u2b50 Garanteeritud\" \/>\n<meta name=\"robots\" content=\"index, follow, max-snippet:-1, max-image-preview:large, max-video-preview:-1\" \/>\n<link rel=\"canonical\" href=\"https:\/\/odavprint.ee\/et\/product\/shredder-rexel-momentum-extra-xp422-jam-free-cc-p4\/\" \/>\n<meta property=\"og:locale\" content=\"et_EE\" \/>\n<meta property=\"og:type\" content=\"article\" \/>\n<meta property=\"og:title\" content=\"Shredder Rexel Momentum Extra XP422+ Jam Free CC P4\" \/>\n<meta property=\"og:description\" content=\"Osta Shredder Rexel Momentum Extra XP422+ Jam Free CC P4 Odav Print \u260e +372 5911 9495 \u2714\ufe0f Parim hind Shredder Rexel Momentum Extra XP422+ Jam Free CC P4 jaoks \u26df Kiire kohaletoimetamine Eestis \u2b50 Garanteeritud\" \/>\n<meta property=\"og:url\" content=\"https:\/\/odavprint.ee\/et\/product\/shredder-rexel-momentum-extra-xp422-jam-free-cc-p4\/\" \/>\n<meta property=\"og:site_name\" content=\"Odav Print\" \/>\n<meta property=\"og:image\" content=\"https:\/\/odavprint.ee\/wp-content\/uploads\/2023\/09\/192329_ebkF84zDvZ4Fm6bkKgg95qcDuzAjvyfdgIo7HCPL.png\" \/>\n\t<meta property=\"og:image:width\" content=\"440\" \/>\n\t<meta property=\"og:image:height\" content=\"397\" \/>\n\t<meta property=\"og:image:type\" content=\"image\/png\" \/>\n<meta name=\"twitter:card\" content=\"summary_large_image\" \/>\n<meta name=\"twitter:label1\" content=\"Price\" \/>\n\t<meta name=\"twitter:data1\" content=\"&euro;1,157.20\" \/>\n\t<meta name=\"twitter:label2\" content=\"Availability\" \/>\n\t<meta name=\"twitter:data2\" content=\"Out of stock\" \/>\n<script type=\"application\/ld+json\" class=\"yoast-schema-graph\">{\"@context\":\"https:\/\/schema.org\",\"@graph\":[{\"@type\":[\"WebPage\",\"ItemPage\"],\"@id\":\"https:\/\/odavprint.ee\/et\/product\/shredder-rexel-momentum-extra-xp422-jam-free-cc-p4\/\",\"url\":\"https:\/\/odavprint.ee\/et\/product\/shredder-rexel-momentum-extra-xp422-jam-free-cc-p4\/\",\"name\":\"Shredder Rexel Momentum Extra XP422+ Jam Free CC P4, hea hinnaga, osta e-pood - Odav Print\",\"isPartOf\":{\"@id\":\"https:\/\/odavprint.ee\/et\/#website\"},\"primaryImageOfPage\":{\"@id\":\"https:\/\/odavprint.ee\/et\/product\/shredder-rexel-momentum-extra-xp422-jam-free-cc-p4\/#primaryimage\"},\"image\":{\"@id\":\"https:\/\/odavprint.ee\/et\/product\/shredder-rexel-momentum-extra-xp422-jam-free-cc-p4\/#primaryimage\"},\"thumbnailUrl\":\"https:\/\/odavprint.ee\/wp-content\/uploads\/2023\/09\/192329_ebkF84zDvZ4Fm6bkKgg95qcDuzAjvyfdgIo7HCPL.png\",\"datePublished\":\"2023-09-05T10:18:37+00:00\",\"dateModified\":\"2023-09-05T10:18:37+00:00\",\"description\":\"Osta Shredder Rexel Momentum Extra XP422+ Jam Free CC P4 Odav Print \u260e +372 5911 9495 \u2714\ufe0f Parim hind Shredder Rexel Momentum Extra XP422+ Jam Free CC P4 jaoks \u26df Kiire kohaletoimetamine Eestis \u2b50 Garanteeritud\",\"breadcrumb\":{\"@id\":\"https:\/\/odavprint.ee\/et\/product\/shredder-rexel-momentum-extra-xp422-jam-free-cc-p4\/#breadcrumb\"},\"inLanguage\":\"et\",\"potentialAction\":[{\"@type\":\"ReadAction\",\"target\":[\"https:\/\/odavprint.ee\/et\/product\/shredder-rexel-momentum-extra-xp422-jam-free-cc-p4\/\"]}]},{\"@type\":\"ImageObject\",\"inLanguage\":\"et\",\"@id\":\"https:\/\/odavprint.ee\/et\/product\/shredder-rexel-momentum-extra-xp422-jam-free-cc-p4\/#primaryimage\",\"url\":\"https:\/\/odavprint.ee\/wp-content\/uploads\/2023\/09\/192329_ebkF84zDvZ4Fm6bkKgg95qcDuzAjvyfdgIo7HCPL.png\",\"contentUrl\":\"https:\/\/odavprint.ee\/wp-content\/uploads\/2023\/09\/192329_ebkF84zDvZ4Fm6bkKgg95qcDuzAjvyfdgIo7HCPL.png\",\"width\":440,\"height\":397},{\"@type\":\"BreadcrumbList\",\"@id\":\"https:\/\/odavprint.ee\/et\/product\/shredder-rexel-momentum-extra-xp422-jam-free-cc-p4\/#breadcrumb\",\"itemListElement\":[{\"@type\":\"ListItem\",\"position\":1,\"name\":\"Home\",\"item\":\"https:\/\/odavprint.ee\/et\/esileht\/\"},{\"@type\":\"ListItem\",\"position\":2,\"name\":\"E-pood\",\"item\":\"https:\/\/odavprint.ee\/et\/shop\/\"},{\"@type\":\"ListItem\",\"position\":3,\"name\":\"Shredder Rexel Momentum Extra XP422+ Jam Free CC P4\"}]},{\"@type\":\"WebSite\",\"@id\":\"https:\/\/odavprint.ee\/et\/#website\",\"url\":\"https:\/\/odavprint.ee\/et\/\",\"name\":\"Odav Print\",\"description\":\"Just another WordPress site\",\"publisher\":{\"@id\":\"https:\/\/odavprint.ee\/et\/#organization\"},\"alternateName\":\"Kassettide, toonerite t\u00e4itmine ja m\u00fc\u00fck.\",\"potentialAction\":[{\"@type\":\"SearchAction\",\"target\":{\"@type\":\"EntryPoint\",\"urlTemplate\":\"https:\/\/odavprint.ee\/et\/?s={search_term_string}\"},\"query-input\":\"required name=search_term_string\"}],\"inLanguage\":\"et\"},{\"@type\":[\"Organization\",\"Place\"],\"@id\":\"https:\/\/odavprint.ee\/et\/#organization\",\"name\":\"Odav Print O\u00dc\",\"url\":\"https:\/\/odavprint.ee\/et\/\",\"logo\":{\"@id\":\"https:\/\/odavprint.ee\/et\/product\/shredder-rexel-momentum-extra-xp422-jam-free-cc-p4\/#local-main-organization-logo\"},\"image\":{\"@id\":\"https:\/\/odavprint.ee\/et\/product\/shredder-rexel-momentum-extra-xp422-jam-free-cc-p4\/#local-main-organization-logo\"},\"address\":{\"@id\":\"https:\/\/odavprint.ee\/et\/product\/shredder-rexel-momentum-extra-xp422-jam-free-cc-p4\/#local-main-place-address\"},\"geo\":{\"@type\":\"GeoCoordinates\",\"latitude\":\"59.4306504\",\"longitude\":\"24.8095743\"},\"telephone\":[\"53836926\"],\"openingHoursSpecification\":[{\"@type\":\"OpeningHoursSpecification\",\"dayOfWeek\":[\"Monday\",\"Tuesday\",\"Wednesday\",\"Thursday\",\"Friday\",\"Saturday\",\"Sunday\"],\"opens\":\"09:00\",\"closes\":\"17:00\"}],\"email\":\"info@odavprint.eu\"},{\"@type\":\"PostalAddress\",\"@id\":\"https:\/\/odavprint.ee\/et\/product\/shredder-rexel-momentum-extra-xp422-jam-free-cc-p4\/#local-main-place-address\",\"streetAddress\":\"Pae tn 28\",\"addressLocality\":\"Tallinn\",\"postalCode\":\"11415\",\"addressRegion\":\"Harjumaa\",\"addressCountry\":\"EE\"},{\"@type\":\"ImageObject\",\"inLanguage\":\"et\",\"@id\":\"https:\/\/odavprint.ee\/et\/product\/shredder-rexel-momentum-extra-xp422-jam-free-cc-p4\/#local-main-organization-logo\",\"url\":\"https:\/\/odavprint.ee\/wp-content\/uploads\/2018\/10\/odavprint-logo-240.jpg\",\"contentUrl\":\"https:\/\/odavprint.ee\/wp-content\/uploads\/2018\/10\/odavprint-logo-240.jpg\",\"width\":240,\"height\":36,\"caption\":\"Odav Print O\u00dc\"}]}<\/script>\n<meta property=\"product:price:amount\" content=\"1157.20\" \/>\n<meta property=\"product:price:currency\" content=\"EUR\" \/>\n<meta property=\"og:availability\" content=\"out of stock\" \/>\n<meta property=\"product:availability\" content=\"out of stock\" \/>\n<meta property=\"product:retailer_item_id\" content=\"2021422XEU\" \/>\n<meta property=\"product:condition\" content=\"new\" \/>\n<meta name=\"geo.placename\" content=\"Tallinn\" \/>\n<meta name=\"geo.position\" content=\"59.4306504;24.8095743\" \/>\n<meta name=\"geo.region\" content=\"Estonia\" \/>\n<!-- \/ Yoast SEO Premium plugin. -->","yoast_head_json":{"title":"Shredder Rexel Momentum Extra XP422+ Jam Free CC P4, hea hinnaga, osta e-pood - Odav Print","description":"Osta Shredder Rexel Momentum Extra XP422+ Jam Free CC P4 Odav Print \u260e +372 5911 9495 \u2714\ufe0f Parim hind Shredder Rexel Momentum Extra XP422+ Jam Free CC P4 jaoks \u26df Kiire kohaletoimetamine Eestis \u2b50 Garanteeritud","robots":{"index":"index","follow":"follow","max-snippet":"max-snippet:-1","max-image-preview":"max-image-preview:large","max-video-preview":"max-video-preview:-1"},"canonical":"https:\/\/odavprint.ee\/et\/product\/shredder-rexel-momentum-extra-xp422-jam-free-cc-p4\/","og_locale":"et_EE","og_type":"article","og_title":"Shredder Rexel Momentum Extra XP422+ Jam Free CC P4","og_description":"Osta Shredder Rexel Momentum Extra XP422+ Jam Free CC P4 Odav Print \u260e +372 5911 9495 \u2714\ufe0f Parim hind Shredder Rexel Momentum Extra XP422+ Jam Free CC P4 jaoks \u26df Kiire kohaletoimetamine Eestis \u2b50 Garanteeritud","og_url":"https:\/\/odavprint.ee\/et\/product\/shredder-rexel-momentum-extra-xp422-jam-free-cc-p4\/","og_site_name":"Odav Print","og_image":[{"width":440,"height":397,"url":"https:\/\/odavprint.ee\/wp-content\/uploads\/2023\/09\/192329_ebkF84zDvZ4Fm6bkKgg95qcDuzAjvyfdgIo7HCPL.png","type":"image\/png"}],"twitter_card":"summary_large_image","twitter_misc":{"Price":"&euro;1,157.20","Availability":"Out of stock"},"schema":{"@context":"https:\/\/schema.org","@graph":[{"@type":["WebPage","ItemPage"],"@id":"https:\/\/odavprint.ee\/et\/product\/shredder-rexel-momentum-extra-xp422-jam-free-cc-p4\/","url":"https:\/\/odavprint.ee\/et\/product\/shredder-rexel-momentum-extra-xp422-jam-free-cc-p4\/","name":"Shredder Rexel Momentum Extra XP422+ Jam Free CC P4, hea hinnaga, osta e-pood - Odav Print","isPartOf":{"@id":"https:\/\/odavprint.ee\/et\/#website"},"primaryImageOfPage":{"@id":"https:\/\/odavprint.ee\/et\/product\/shredder-rexel-momentum-extra-xp422-jam-free-cc-p4\/#primaryimage"},"image":{"@id":"https:\/\/odavprint.ee\/et\/product\/shredder-rexel-momentum-extra-xp422-jam-free-cc-p4\/#primaryimage"},"thumbnailUrl":"https:\/\/odavprint.ee\/wp-content\/uploads\/2023\/09\/192329_ebkF84zDvZ4Fm6bkKgg95qcDuzAjvyfdgIo7HCPL.png","datePublished":"2023-09-05T10:18:37+00:00","dateModified":"2023-09-05T10:18:37+00:00","description":"Osta Shredder Rexel Momentum Extra XP422+ Jam Free CC P4 Odav Print \u260e +372 5911 9495 \u2714\ufe0f Parim hind Shredder Rexel Momentum Extra XP422+ Jam Free CC P4 jaoks \u26df Kiire kohaletoimetamine Eestis \u2b50 Garanteeritud","breadcrumb":{"@id":"https:\/\/odavprint.ee\/et\/product\/shredder-rexel-momentum-extra-xp422-jam-free-cc-p4\/#breadcrumb"},"inLanguage":"et","potentialAction":[{"@type":"ReadAction","target":["https:\/\/odavprint.ee\/et\/product\/shredder-rexel-momentum-extra-xp422-jam-free-cc-p4\/"]}]},{"@type":"ImageObject","inLanguage":"et","@id":"https:\/\/odavprint.ee\/et\/product\/shredder-rexel-momentum-extra-xp422-jam-free-cc-p4\/#primaryimage","url":"https:\/\/odavprint.ee\/wp-content\/uploads\/2023\/09\/192329_ebkF84zDvZ4Fm6bkKgg95qcDuzAjvyfdgIo7HCPL.png","contentUrl":"https:\/\/odavprint.ee\/wp-content\/uploads\/2023\/09\/192329_ebkF84zDvZ4Fm6bkKgg95qcDuzAjvyfdgIo7HCPL.png","width":440,"height":397},{"@type":"BreadcrumbList","@id":"https:\/\/odavprint.ee\/et\/product\/shredder-rexel-momentum-extra-xp422-jam-free-cc-p4\/#breadcrumb","itemListElement":[{"@type":"ListItem","position":1,"name":"Home","item":"https:\/\/odavprint.ee\/et\/esileht\/"},{"@type":"ListItem","position":2,"name":"E-pood","item":"https:\/\/odavprint.ee\/et\/shop\/"},{"@type":"ListItem","position":3,"name":"Shredder Rexel Momentum Extra XP422+ Jam Free CC P4"}]},{"@type":"WebSite","@id":"https:\/\/odavprint.ee\/et\/#website","url":"https:\/\/odavprint.ee\/et\/","name":"Odav Print","description":"Just another WordPress site","publisher":{"@id":"https:\/\/odavprint.ee\/et\/#organization"},"alternateName":"Kassettide, toonerite t\u00e4itmine ja m\u00fc\u00fck.","potentialAction":[{"@type":"SearchAction","target":{"@type":"EntryPoint","urlTemplate":"https:\/\/odavprint.ee\/et\/?s={search_term_string}"},"query-input":"required name=search_term_string"}],"inLanguage":"et"},{"@type":["Organization","Place"],"@id":"https:\/\/odavprint.ee\/et\/#organization","name":"Odav Print O\u00dc","url":"https:\/\/odavprint.ee\/et\/","logo":{"@id":"https:\/\/odavprint.ee\/et\/product\/shredder-rexel-momentum-extra-xp422-jam-free-cc-p4\/#local-main-organization-logo"},"image":{"@id":"https:\/\/odavprint.ee\/et\/product\/shredder-rexel-momentum-extra-xp422-jam-free-cc-p4\/#local-main-organization-logo"},"address":{"@id":"https:\/\/odavprint.ee\/et\/product\/shredder-rexel-momentum-extra-xp422-jam-free-cc-p4\/#local-main-place-address"},"geo":{"@type":"GeoCoordinates","latitude":"59.4306504","longitude":"24.8095743"},"telephone":["53836926"],"openingHoursSpecification":[{"@type":"OpeningHoursSpecification","dayOfWeek":["Monday","Tuesday","Wednesday","Thursday","Friday","Saturday","Sunday"],"opens":"09:00","closes":"17:00"}],"email":"info@odavprint.eu"},{"@type":"PostalAddress","@id":"https:\/\/odavprint.ee\/et\/product\/shredder-rexel-momentum-extra-xp422-jam-free-cc-p4\/#local-main-place-address","streetAddress":"Pae tn 28","addressLocality":"Tallinn","postalCode":"11415","addressRegion":"Harjumaa","addressCountry":"EE"},{"@type":"ImageObject","inLanguage":"et","@id":"https:\/\/odavprint.ee\/et\/product\/shredder-rexel-momentum-extra-xp422-jam-free-cc-p4\/#local-main-organization-logo","url":"https:\/\/odavprint.ee\/wp-content\/uploads\/2018\/10\/odavprint-logo-240.jpg","contentUrl":"https:\/\/odavprint.ee\/wp-content\/uploads\/2018\/10\/odavprint-logo-240.jpg","width":240,"height":36,"caption":"Odav Print O\u00dc"}]},"product_price_amount":"1157.20","product_price_currency":"EUR","og_availability":"out of stock","product_availability":"out of stock","product_retailer_item_id":"2021422XEU","product_condition":"new","geo.placename":"Tallinn","geo.position":{"lat":"59.4306504","long":"24.8095743"},"geo.region":"Estonia"},"_links":{"self":[{"href":"https:\/\/odavprint.ee\/et\/wp-json\/wp\/v2\/product\/192329"}],"collection":[{"href":"https:\/\/odavprint.ee\/et\/wp-json\/wp\/v2\/product"}],"about":[{"href":"https:\/\/odavprint.ee\/et\/wp-json\/wp\/v2\/types\/product"}],"wp:featuredmedia":[{"embeddable":true,"href":"https:\/\/odavprint.ee\/et\/wp-json\/wp\/v2\/media\/192330"}],"wp:attachment":[{"href":"https:\/\/odavprint.ee\/et\/wp-json\/wp\/v2\/media?parent=192329"}],"wp:term":[{"taxonomy":"product_cat","embeddable":true,"href":"https:\/\/odavprint.ee\/et\/wp-json\/wp\/v2\/product_cat?post=192329"},{"taxonomy":"product_tag","embeddable":true,"href":"https:\/\/odavprint.ee\/et\/wp-json\/wp\/v2\/product_tag?post=192329"}],"curies":[{"name":"wp","href":"https:\/\/api.w.org\/{rel}","templated":true}]}}