{"id":192389,"date":"2023-09-05T13:27:50","date_gmt":"2023-09-05T10:27:50","guid":{"rendered":"https:\/\/odavprint.ee\/product\/laminating-machine-gbc-fusion-plus-7000l-a3\/"},"modified":"2023-09-05T13:27:50","modified_gmt":"2023-09-05T10:27:50","slug":"laminating-machine-gbc-fusion-plus-7000l-a3","status":"publish","type":"product","link":"https:\/\/odavprint.ee\/et\/product\/laminating-machine-gbc-fusion-plus-7000l-a3\/","title":{"rendered":"Laminating machine GBC Fusion Plus 7000L A3"},"content":{"rendered":"<p><span style=\"font-size: 11pt;\"><span style=\"font-family: Arial;\"><b>GBC Fusion Plus 7000L A3 Laminator<\/b><\/span><\/span><\/p>\n<p><span style=\"font-size: 11pt;\"><span style=\"font-family: Arial;\"><br type=\"_moz\" \/><br \/>\n<\/span><\/span><\/p>\n<p><span style=\"font-size: 11pt;\"><span style=\"font-family: Arial;\">Professional quality, accelerated productivity. Super-fast and easy to use, ideal for heavy use in the busy office or education environment. Next generation intelligent input sensor technology gauge the precise thickness of the pouch and contents and automatically adjusts throughput speed, with manual over-for non-standard media. Laminate using light-weight 2&#215;75 up to heavy weight 2&#215;250 micron thermal pouches . The result is a flawless finish.<\/span><\/span><\/p>\n<p>\u00a0<\/p>\n","protected":false},"excerpt":{"rendered":"<p>GBC Fusion Plus 7000L A3 Laminator Professional quality, accelerated productivity. Super-fast and easy to use, ideal for heavy use in the busy office or education environment. Next generation intelligent input sensor technology gauge the precise thickness of the pouch and contents and automatically adjusts throughput speed, with manual over-for non-standard media. Laminate using light-weight 2&#215;75 [&#8230;]\n","protected":false},"featured_media":192390,"template":"","meta":{"inline_featured_image":false},"product_cat":[17235],"product_tag":[],"yoast_head":"<!-- This site is optimized with the Yoast SEO Premium plugin v23.0 (Yoast SEO v23.0) - https:\/\/yoast.com\/wordpress\/plugins\/seo\/ -->\n<title>Laminating machine GBC Fusion Plus 7000L A3, hea hinnaga, osta e-pood - Odav Print<\/title>\n<meta name=\"description\" content=\"Osta Laminating machine GBC Fusion Plus 7000L A3 Odav Print \u260e +372 5911 9495 \u2714\ufe0f Parim hind Laminating machine GBC Fusion Plus 7000L A3 jaoks \u26df Kiire kohaletoimetamine Eestis \u2b50 Garanteeritud\" \/>\n<meta name=\"robots\" content=\"index, follow, max-snippet:-1, max-image-preview:large, max-video-preview:-1\" \/>\n<link rel=\"canonical\" href=\"https:\/\/odavprint.ee\/et\/product\/laminating-machine-gbc-fusion-plus-7000l-a3\/\" \/>\n<meta property=\"og:locale\" content=\"et_EE\" \/>\n<meta property=\"og:type\" content=\"article\" \/>\n<meta property=\"og:title\" content=\"Laminating machine GBC Fusion Plus 7000L A3\" \/>\n<meta property=\"og:description\" content=\"Osta Laminating machine GBC Fusion Plus 7000L A3 Odav Print \u260e +372 5911 9495 \u2714\ufe0f Parim hind Laminating machine GBC Fusion Plus 7000L A3 jaoks \u26df Kiire kohaletoimetamine Eestis \u2b50 Garanteeritud\" \/>\n<meta property=\"og:url\" content=\"https:\/\/odavprint.ee\/et\/product\/laminating-machine-gbc-fusion-plus-7000l-a3\/\" \/>\n<meta property=\"og:site_name\" content=\"Odav Print\" \/>\n<meta property=\"og:image\" content=\"https:\/\/odavprint.ee\/wp-content\/uploads\/2023\/09\/192389_desktop_8070d29345f9e0a584ad40d992d76d2e_440_4402133_1_a4fcbf4ef6580372fcff02e029bd6e6a.png\" \/>\n\t<meta property=\"og:image:width\" content=\"440\" \/>\n\t<meta property=\"og:image:height\" content=\"219\" \/>\n\t<meta property=\"og:image:type\" content=\"image\/png\" \/>\n<meta name=\"twitter:card\" content=\"summary_large_image\" \/>\n<meta name=\"twitter:label1\" content=\"Price\" \/>\n\t<meta name=\"twitter:data1\" content=\"&euro;539.70\" \/>\n\t<meta name=\"twitter:label2\" content=\"Availability\" \/>\n\t<meta name=\"twitter:data2\" content=\"Out of stock\" \/>\n<script type=\"application\/ld+json\" class=\"yoast-schema-graph\">{\"@context\":\"https:\/\/schema.org\",\"@graph\":[{\"@type\":[\"WebPage\",\"ItemPage\"],\"@id\":\"https:\/\/odavprint.ee\/et\/product\/laminating-machine-gbc-fusion-plus-7000l-a3\/\",\"url\":\"https:\/\/odavprint.ee\/et\/product\/laminating-machine-gbc-fusion-plus-7000l-a3\/\",\"name\":\"Laminating machine GBC Fusion Plus 7000L A3, hea hinnaga, osta e-pood - Odav Print\",\"isPartOf\":{\"@id\":\"https:\/\/odavprint.ee\/et\/#website\"},\"primaryImageOfPage\":{\"@id\":\"https:\/\/odavprint.ee\/et\/product\/laminating-machine-gbc-fusion-plus-7000l-a3\/#primaryimage\"},\"image\":{\"@id\":\"https:\/\/odavprint.ee\/et\/product\/laminating-machine-gbc-fusion-plus-7000l-a3\/#primaryimage\"},\"thumbnailUrl\":\"https:\/\/odavprint.ee\/wp-content\/uploads\/2023\/09\/192389_desktop_8070d29345f9e0a584ad40d992d76d2e_440_4402133_1_a4fcbf4ef6580372fcff02e029bd6e6a.png\",\"datePublished\":\"2023-09-05T10:27:50+00:00\",\"dateModified\":\"2023-09-05T10:27:50+00:00\",\"description\":\"Osta Laminating machine GBC Fusion Plus 7000L A3 Odav Print \u260e +372 5911 9495 \u2714\ufe0f Parim hind Laminating machine GBC Fusion Plus 7000L A3 jaoks \u26df Kiire kohaletoimetamine Eestis \u2b50 Garanteeritud\",\"breadcrumb\":{\"@id\":\"https:\/\/odavprint.ee\/et\/product\/laminating-machine-gbc-fusion-plus-7000l-a3\/#breadcrumb\"},\"inLanguage\":\"et\",\"potentialAction\":[{\"@type\":\"ReadAction\",\"target\":[\"https:\/\/odavprint.ee\/et\/product\/laminating-machine-gbc-fusion-plus-7000l-a3\/\"]}]},{\"@type\":\"ImageObject\",\"inLanguage\":\"et\",\"@id\":\"https:\/\/odavprint.ee\/et\/product\/laminating-machine-gbc-fusion-plus-7000l-a3\/#primaryimage\",\"url\":\"https:\/\/odavprint.ee\/wp-content\/uploads\/2023\/09\/192389_desktop_8070d29345f9e0a584ad40d992d76d2e_440_4402133_1_a4fcbf4ef6580372fcff02e029bd6e6a.png\",\"contentUrl\":\"https:\/\/odavprint.ee\/wp-content\/uploads\/2023\/09\/192389_desktop_8070d29345f9e0a584ad40d992d76d2e_440_4402133_1_a4fcbf4ef6580372fcff02e029bd6e6a.png\",\"width\":440,\"height\":219},{\"@type\":\"BreadcrumbList\",\"@id\":\"https:\/\/odavprint.ee\/et\/product\/laminating-machine-gbc-fusion-plus-7000l-a3\/#breadcrumb\",\"itemListElement\":[{\"@type\":\"ListItem\",\"position\":1,\"name\":\"Home\",\"item\":\"https:\/\/odavprint.ee\/et\/esileht\/\"},{\"@type\":\"ListItem\",\"position\":2,\"name\":\"E-pood\",\"item\":\"https:\/\/odavprint.ee\/et\/shop\/\"},{\"@type\":\"ListItem\",\"position\":3,\"name\":\"Laminating machine GBC Fusion Plus 7000L A3\"}]},{\"@type\":\"WebSite\",\"@id\":\"https:\/\/odavprint.ee\/et\/#website\",\"url\":\"https:\/\/odavprint.ee\/et\/\",\"name\":\"Odav Print\",\"description\":\"Just another WordPress site\",\"publisher\":{\"@id\":\"https:\/\/odavprint.ee\/et\/#organization\"},\"alternateName\":\"Kassettide, toonerite t\u00e4itmine ja m\u00fc\u00fck.\",\"potentialAction\":[{\"@type\":\"SearchAction\",\"target\":{\"@type\":\"EntryPoint\",\"urlTemplate\":\"https:\/\/odavprint.ee\/et\/?s={search_term_string}\"},\"query-input\":\"required name=search_term_string\"}],\"inLanguage\":\"et\"},{\"@type\":[\"Organization\",\"Place\"],\"@id\":\"https:\/\/odavprint.ee\/et\/#organization\",\"name\":\"Odav Print O\u00dc\",\"url\":\"https:\/\/odavprint.ee\/et\/\",\"logo\":{\"@id\":\"https:\/\/odavprint.ee\/et\/product\/laminating-machine-gbc-fusion-plus-7000l-a3\/#local-main-organization-logo\"},\"image\":{\"@id\":\"https:\/\/odavprint.ee\/et\/product\/laminating-machine-gbc-fusion-plus-7000l-a3\/#local-main-organization-logo\"},\"address\":{\"@id\":\"https:\/\/odavprint.ee\/et\/product\/laminating-machine-gbc-fusion-plus-7000l-a3\/#local-main-place-address\"},\"geo\":{\"@type\":\"GeoCoordinates\",\"latitude\":\"59.4306504\",\"longitude\":\"24.8095743\"},\"telephone\":[\"53836926\"],\"openingHoursSpecification\":[{\"@type\":\"OpeningHoursSpecification\",\"dayOfWeek\":[\"Monday\",\"Tuesday\",\"Wednesday\",\"Thursday\",\"Friday\",\"Saturday\",\"Sunday\"],\"opens\":\"09:00\",\"closes\":\"17:00\"}],\"email\":\"info@odavprint.eu\"},{\"@type\":\"PostalAddress\",\"@id\":\"https:\/\/odavprint.ee\/et\/product\/laminating-machine-gbc-fusion-plus-7000l-a3\/#local-main-place-address\",\"streetAddress\":\"Pae tn 28\",\"addressLocality\":\"Tallinn\",\"postalCode\":\"11415\",\"addressRegion\":\"Harjumaa\",\"addressCountry\":\"EE\"},{\"@type\":\"ImageObject\",\"inLanguage\":\"et\",\"@id\":\"https:\/\/odavprint.ee\/et\/product\/laminating-machine-gbc-fusion-plus-7000l-a3\/#local-main-organization-logo\",\"url\":\"https:\/\/odavprint.ee\/wp-content\/uploads\/2018\/10\/odavprint-logo-240.jpg\",\"contentUrl\":\"https:\/\/odavprint.ee\/wp-content\/uploads\/2018\/10\/odavprint-logo-240.jpg\",\"width\":240,\"height\":36,\"caption\":\"Odav Print O\u00dc\"}]}<\/script>\n<meta property=\"product:price:amount\" content=\"539.70\" \/>\n<meta property=\"product:price:currency\" content=\"EUR\" \/>\n<meta property=\"og:availability\" content=\"out of stock\" \/>\n<meta property=\"product:availability\" content=\"out of stock\" \/>\n<meta property=\"product:retailer_item_id\" content=\"4402133EU\" \/>\n<meta property=\"product:condition\" content=\"new\" \/>\n<meta name=\"geo.placename\" content=\"Tallinn\" \/>\n<meta name=\"geo.position\" content=\"59.4306504;24.8095743\" \/>\n<meta name=\"geo.region\" content=\"Estonia\" \/>\n<!-- \/ Yoast SEO Premium plugin. -->","yoast_head_json":{"title":"Laminating machine GBC Fusion Plus 7000L A3, hea hinnaga, osta e-pood - Odav Print","description":"Osta Laminating machine GBC Fusion Plus 7000L A3 Odav Print \u260e +372 5911 9495 \u2714\ufe0f Parim hind Laminating machine GBC Fusion Plus 7000L A3 jaoks \u26df Kiire kohaletoimetamine Eestis \u2b50 Garanteeritud","robots":{"index":"index","follow":"follow","max-snippet":"max-snippet:-1","max-image-preview":"max-image-preview:large","max-video-preview":"max-video-preview:-1"},"canonical":"https:\/\/odavprint.ee\/et\/product\/laminating-machine-gbc-fusion-plus-7000l-a3\/","og_locale":"et_EE","og_type":"article","og_title":"Laminating machine GBC Fusion Plus 7000L A3","og_description":"Osta Laminating machine GBC Fusion Plus 7000L A3 Odav Print \u260e +372 5911 9495 \u2714\ufe0f Parim hind Laminating machine GBC Fusion Plus 7000L A3 jaoks \u26df Kiire kohaletoimetamine Eestis \u2b50 Garanteeritud","og_url":"https:\/\/odavprint.ee\/et\/product\/laminating-machine-gbc-fusion-plus-7000l-a3\/","og_site_name":"Odav Print","og_image":[{"width":440,"height":219,"url":"https:\/\/odavprint.ee\/wp-content\/uploads\/2023\/09\/192389_desktop_8070d29345f9e0a584ad40d992d76d2e_440_4402133_1_a4fcbf4ef6580372fcff02e029bd6e6a.png","type":"image\/png"}],"twitter_card":"summary_large_image","twitter_misc":{"Price":"&euro;539.70","Availability":"Out of stock"},"schema":{"@context":"https:\/\/schema.org","@graph":[{"@type":["WebPage","ItemPage"],"@id":"https:\/\/odavprint.ee\/et\/product\/laminating-machine-gbc-fusion-plus-7000l-a3\/","url":"https:\/\/odavprint.ee\/et\/product\/laminating-machine-gbc-fusion-plus-7000l-a3\/","name":"Laminating machine GBC Fusion Plus 7000L A3, hea hinnaga, osta e-pood - Odav Print","isPartOf":{"@id":"https:\/\/odavprint.ee\/et\/#website"},"primaryImageOfPage":{"@id":"https:\/\/odavprint.ee\/et\/product\/laminating-machine-gbc-fusion-plus-7000l-a3\/#primaryimage"},"image":{"@id":"https:\/\/odavprint.ee\/et\/product\/laminating-machine-gbc-fusion-plus-7000l-a3\/#primaryimage"},"thumbnailUrl":"https:\/\/odavprint.ee\/wp-content\/uploads\/2023\/09\/192389_desktop_8070d29345f9e0a584ad40d992d76d2e_440_4402133_1_a4fcbf4ef6580372fcff02e029bd6e6a.png","datePublished":"2023-09-05T10:27:50+00:00","dateModified":"2023-09-05T10:27:50+00:00","description":"Osta Laminating machine GBC Fusion Plus 7000L A3 Odav Print \u260e +372 5911 9495 \u2714\ufe0f Parim hind Laminating machine GBC Fusion Plus 7000L A3 jaoks \u26df Kiire kohaletoimetamine Eestis \u2b50 Garanteeritud","breadcrumb":{"@id":"https:\/\/odavprint.ee\/et\/product\/laminating-machine-gbc-fusion-plus-7000l-a3\/#breadcrumb"},"inLanguage":"et","potentialAction":[{"@type":"ReadAction","target":["https:\/\/odavprint.ee\/et\/product\/laminating-machine-gbc-fusion-plus-7000l-a3\/"]}]},{"@type":"ImageObject","inLanguage":"et","@id":"https:\/\/odavprint.ee\/et\/product\/laminating-machine-gbc-fusion-plus-7000l-a3\/#primaryimage","url":"https:\/\/odavprint.ee\/wp-content\/uploads\/2023\/09\/192389_desktop_8070d29345f9e0a584ad40d992d76d2e_440_4402133_1_a4fcbf4ef6580372fcff02e029bd6e6a.png","contentUrl":"https:\/\/odavprint.ee\/wp-content\/uploads\/2023\/09\/192389_desktop_8070d29345f9e0a584ad40d992d76d2e_440_4402133_1_a4fcbf4ef6580372fcff02e029bd6e6a.png","width":440,"height":219},{"@type":"BreadcrumbList","@id":"https:\/\/odavprint.ee\/et\/product\/laminating-machine-gbc-fusion-plus-7000l-a3\/#breadcrumb","itemListElement":[{"@type":"ListItem","position":1,"name":"Home","item":"https:\/\/odavprint.ee\/et\/esileht\/"},{"@type":"ListItem","position":2,"name":"E-pood","item":"https:\/\/odavprint.ee\/et\/shop\/"},{"@type":"ListItem","position":3,"name":"Laminating machine GBC Fusion Plus 7000L A3"}]},{"@type":"WebSite","@id":"https:\/\/odavprint.ee\/et\/#website","url":"https:\/\/odavprint.ee\/et\/","name":"Odav Print","description":"Just another WordPress site","publisher":{"@id":"https:\/\/odavprint.ee\/et\/#organization"},"alternateName":"Kassettide, toonerite t\u00e4itmine ja m\u00fc\u00fck.","potentialAction":[{"@type":"SearchAction","target":{"@type":"EntryPoint","urlTemplate":"https:\/\/odavprint.ee\/et\/?s={search_term_string}"},"query-input":"required name=search_term_string"}],"inLanguage":"et"},{"@type":["Organization","Place"],"@id":"https:\/\/odavprint.ee\/et\/#organization","name":"Odav Print O\u00dc","url":"https:\/\/odavprint.ee\/et\/","logo":{"@id":"https:\/\/odavprint.ee\/et\/product\/laminating-machine-gbc-fusion-plus-7000l-a3\/#local-main-organization-logo"},"image":{"@id":"https:\/\/odavprint.ee\/et\/product\/laminating-machine-gbc-fusion-plus-7000l-a3\/#local-main-organization-logo"},"address":{"@id":"https:\/\/odavprint.ee\/et\/product\/laminating-machine-gbc-fusion-plus-7000l-a3\/#local-main-place-address"},"geo":{"@type":"GeoCoordinates","latitude":"59.4306504","longitude":"24.8095743"},"telephone":["53836926"],"openingHoursSpecification":[{"@type":"OpeningHoursSpecification","dayOfWeek":["Monday","Tuesday","Wednesday","Thursday","Friday","Saturday","Sunday"],"opens":"09:00","closes":"17:00"}],"email":"info@odavprint.eu"},{"@type":"PostalAddress","@id":"https:\/\/odavprint.ee\/et\/product\/laminating-machine-gbc-fusion-plus-7000l-a3\/#local-main-place-address","streetAddress":"Pae tn 28","addressLocality":"Tallinn","postalCode":"11415","addressRegion":"Harjumaa","addressCountry":"EE"},{"@type":"ImageObject","inLanguage":"et","@id":"https:\/\/odavprint.ee\/et\/product\/laminating-machine-gbc-fusion-plus-7000l-a3\/#local-main-organization-logo","url":"https:\/\/odavprint.ee\/wp-content\/uploads\/2018\/10\/odavprint-logo-240.jpg","contentUrl":"https:\/\/odavprint.ee\/wp-content\/uploads\/2018\/10\/odavprint-logo-240.jpg","width":240,"height":36,"caption":"Odav Print O\u00dc"}]},"product_price_amount":"539.70","product_price_currency":"EUR","og_availability":"out of stock","product_availability":"out of stock","product_retailer_item_id":"4402133EU","product_condition":"new","geo.placename":"Tallinn","geo.position":{"lat":"59.4306504","long":"24.8095743"},"geo.region":"Estonia"},"_links":{"self":[{"href":"https:\/\/odavprint.ee\/et\/wp-json\/wp\/v2\/product\/192389"}],"collection":[{"href":"https:\/\/odavprint.ee\/et\/wp-json\/wp\/v2\/product"}],"about":[{"href":"https:\/\/odavprint.ee\/et\/wp-json\/wp\/v2\/types\/product"}],"wp:featuredmedia":[{"embeddable":true,"href":"https:\/\/odavprint.ee\/et\/wp-json\/wp\/v2\/media\/192390"}],"wp:attachment":[{"href":"https:\/\/odavprint.ee\/et\/wp-json\/wp\/v2\/media?parent=192389"}],"wp:term":[{"taxonomy":"product_cat","embeddable":true,"href":"https:\/\/odavprint.ee\/et\/wp-json\/wp\/v2\/product_cat?post=192389"},{"taxonomy":"product_tag","embeddable":true,"href":"https:\/\/odavprint.ee\/et\/wp-json\/wp\/v2\/product_tag?post=192389"}],"curies":[{"name":"wp","href":"https:\/\/api.w.org\/{rel}","templated":true}]}}