{"id":192712,"date":"2023-09-05T15:04:48","date_gmt":"2023-09-05T12:04:48","guid":{"rendered":"https:\/\/odavprint.ee\/product\/leitz-precision-office-paper-cutter-a4-15-sheets\/"},"modified":"2023-09-05T15:04:48","modified_gmt":"2023-09-05T12:04:48","slug":"leitz-precision-office-paper-cutter-a4-15-sheets","status":"publish","type":"product","link":"https:\/\/odavprint.ee\/et\/product\/leitz-precision-office-paper-cutter-a4-15-sheets\/","title":{"rendered":"Leitz Precision Office Paper Cutter A4+, 15 sheets"},"content":{"rendered":"<p><iframe loading=\"lazy\" width=\"724\" height=\"410\" src=\"https:\/\/www.youtube.com\/embed\/WvqrRF6SiK8\" title=\"YouTube video player\" frameborder=\"0\" allow=\"accelerometer; autoplay; clipboard-write; encrypted-media; gyroscope; picture-in-picture\" allowfullscreen><\/iframe><\/p>\n<p>\u00a0<\/p>\n<p>The Leitz Precision Office A4+ Paper Cutter is perfect for general office use to cut through paper, labels, film, photos, laminates, card and mount board. This powerful and robust office paper cutter will effortlessly cut up to 15 sheets of A4 paper (80gsm) with speed and precision. Features unique EdgeGlow light technology which illuminates the cutting edge for greater visibility and maximum precision. The clear, manual paper clamp keeps the paper secure, while the ergonomic handle ensures comfortable and easy cutting. It is quick and easy to align the paper with the simple guidelines on the smooth, glass work surface. The secure blade safety guard gives total protection and the safety latch keeps the blade locked closed while not in use. With a high quality stainless steel blade, sturdy work surface and an extended 5 year guarantee, you have peace of mind that this A4+ paper cutter will provide accurate cutting for many years.<\/p>\n<p><b><br type=\"_moz\" \/><br \/>\n<\/b><\/p>\n<p><b>Features<\/b><\/p>\n<ul>\n<li>Powerful and robust A4+ paper cutter ideal for general office use<\/li>\n<li>The high-quality stainless-steel blade cuts up to 15 sheets of 80gsm paper or other materials such as labels, film, photos, laminates, card and mount board<\/li>\n<li>Unique EdgeGlow light illuminates the cutting edge for greater visibility and maximum precision<\/li>\n<li>Ergonomic handle ensure effortless and accurate results every time<\/li>\n<li>Clear manual paper clamp securely holds the paper in place<\/li>\n<li>Super smooth glass work surface with simple metric grid lines, angle guides and accurate measuring rules for easy paper alignment<\/li>\n<li>Sturdy plastic base with non-slip rubber feet for safety and stability<\/li>\n<li>Secure blade safety guard gives total protection while the safety latch keeps the blade locked closed when not in use<\/li>\n<li>High quality Leitz paper cutter with a 5-year hassle free guarantee (excludes normal wear parts &#038; consumables)<\/li>\n<\/ul>\n<p>\u00a0<\/p>\n","protected":false},"excerpt":{"rendered":"<p>\u00a0 The Leitz Precision Office A4+ Paper Cutter is perfect for general office use to cut through paper, labels, film, photos, laminates, card and mount board. This powerful and robust office paper cutter will effortlessly cut up to 15 sheets of A4 paper (80gsm) with speed and precision. Features unique EdgeGlow light technology which illuminates [&#8230;]\n","protected":false},"featured_media":192713,"template":"","meta":{"inline_featured_image":false},"product_cat":[17237],"product_tag":[],"yoast_head":"<!-- This site is optimized with the Yoast SEO Premium plugin v23.0 (Yoast SEO v23.0) - https:\/\/yoast.com\/wordpress\/plugins\/seo\/ -->\n<title>Leitz Precision Office Paper Cutter A4+, 15 sheets, hea hinnaga, osta e-pood - Odav Print<\/title>\n<meta name=\"description\" content=\"Osta Leitz Precision Office Paper Cutter A4+, 15 sheets Odav Print \u260e +372 5911 9495 \u2714\ufe0f Parim hind Leitz Precision Office Paper Cutter A4+, 15 sheets jaoks \u26df Kiire kohaletoimetamine Eestis \u2b50 Garanteeritud\" \/>\n<meta name=\"robots\" content=\"index, follow, max-snippet:-1, max-image-preview:large, max-video-preview:-1\" \/>\n<link rel=\"canonical\" href=\"https:\/\/odavprint.ee\/et\/product\/leitz-precision-office-paper-cutter-a4-15-sheets\/\" \/>\n<meta property=\"og:locale\" content=\"et_EE\" \/>\n<meta property=\"og:type\" content=\"article\" \/>\n<meta property=\"og:title\" content=\"Leitz Precision Office Paper Cutter A4+, 15 sheets\" \/>\n<meta property=\"og:description\" content=\"Osta Leitz Precision Office Paper Cutter A4+, 15 sheets Odav Print \u260e +372 5911 9495 \u2714\ufe0f Parim hind Leitz Precision Office Paper Cutter A4+, 15 sheets jaoks \u26df Kiire kohaletoimetamine Eestis \u2b50 Garanteeritud\" \/>\n<meta property=\"og:url\" content=\"https:\/\/odavprint.ee\/et\/product\/leitz-precision-office-paper-cutter-a4-15-sheets\/\" \/>\n<meta property=\"og:site_name\" content=\"Odav Print\" \/>\n<meta property=\"og:image\" content=\"https:\/\/odavprint.ee\/wp-content\/uploads\/2023\/09\/192712_desktop_f075b8bedbb158ae235d15d9311216fd_440_ll_90210000_v1_dbc9d07a677db6d0944ef696c051a61e.png\" \/>\n\t<meta property=\"og:image:width\" content=\"440\" \/>\n\t<meta property=\"og:image:height\" content=\"388\" \/>\n\t<meta property=\"og:image:type\" content=\"image\/png\" \/>\n<meta name=\"twitter:card\" content=\"summary_large_image\" \/>\n<meta name=\"twitter:label1\" content=\"Price\" \/>\n\t<meta name=\"twitter:data1\" content=\"&euro;104.60\" \/>\n\t<meta name=\"twitter:label2\" content=\"Availability\" \/>\n\t<meta name=\"twitter:data2\" content=\"In stock\" \/>\n<script type=\"application\/ld+json\" class=\"yoast-schema-graph\">{\"@context\":\"https:\/\/schema.org\",\"@graph\":[{\"@type\":[\"WebPage\",\"ItemPage\"],\"@id\":\"https:\/\/odavprint.ee\/et\/product\/leitz-precision-office-paper-cutter-a4-15-sheets\/\",\"url\":\"https:\/\/odavprint.ee\/et\/product\/leitz-precision-office-paper-cutter-a4-15-sheets\/\",\"name\":\"Leitz Precision Office Paper Cutter A4+, 15 sheets, hea hinnaga, osta e-pood - Odav Print\",\"isPartOf\":{\"@id\":\"https:\/\/odavprint.ee\/et\/#website\"},\"primaryImageOfPage\":{\"@id\":\"https:\/\/odavprint.ee\/et\/product\/leitz-precision-office-paper-cutter-a4-15-sheets\/#primaryimage\"},\"image\":{\"@id\":\"https:\/\/odavprint.ee\/et\/product\/leitz-precision-office-paper-cutter-a4-15-sheets\/#primaryimage\"},\"thumbnailUrl\":\"https:\/\/odavprint.ee\/wp-content\/uploads\/2023\/09\/192712_desktop_f075b8bedbb158ae235d15d9311216fd_440_ll_90210000_v1_dbc9d07a677db6d0944ef696c051a61e.png\",\"datePublished\":\"2023-09-05T12:04:48+00:00\",\"dateModified\":\"2023-09-05T12:04:48+00:00\",\"description\":\"Osta Leitz Precision Office Paper Cutter A4+, 15 sheets Odav Print \u260e +372 5911 9495 \u2714\ufe0f Parim hind Leitz Precision Office Paper Cutter A4+, 15 sheets jaoks \u26df Kiire kohaletoimetamine Eestis \u2b50 Garanteeritud\",\"breadcrumb\":{\"@id\":\"https:\/\/odavprint.ee\/et\/product\/leitz-precision-office-paper-cutter-a4-15-sheets\/#breadcrumb\"},\"inLanguage\":\"et\",\"potentialAction\":[{\"@type\":\"ReadAction\",\"target\":[\"https:\/\/odavprint.ee\/et\/product\/leitz-precision-office-paper-cutter-a4-15-sheets\/\"]}]},{\"@type\":\"ImageObject\",\"inLanguage\":\"et\",\"@id\":\"https:\/\/odavprint.ee\/et\/product\/leitz-precision-office-paper-cutter-a4-15-sheets\/#primaryimage\",\"url\":\"https:\/\/odavprint.ee\/wp-content\/uploads\/2023\/09\/192712_desktop_f075b8bedbb158ae235d15d9311216fd_440_ll_90210000_v1_dbc9d07a677db6d0944ef696c051a61e.png\",\"contentUrl\":\"https:\/\/odavprint.ee\/wp-content\/uploads\/2023\/09\/192712_desktop_f075b8bedbb158ae235d15d9311216fd_440_ll_90210000_v1_dbc9d07a677db6d0944ef696c051a61e.png\",\"width\":440,\"height\":388},{\"@type\":\"BreadcrumbList\",\"@id\":\"https:\/\/odavprint.ee\/et\/product\/leitz-precision-office-paper-cutter-a4-15-sheets\/#breadcrumb\",\"itemListElement\":[{\"@type\":\"ListItem\",\"position\":1,\"name\":\"Home\",\"item\":\"https:\/\/odavprint.ee\/et\/esileht\/\"},{\"@type\":\"ListItem\",\"position\":2,\"name\":\"E-pood\",\"item\":\"https:\/\/odavprint.ee\/et\/shop\/\"},{\"@type\":\"ListItem\",\"position\":3,\"name\":\"Leitz Precision Office Paper Cutter A4+, 15 sheets\"}]},{\"@type\":\"WebSite\",\"@id\":\"https:\/\/odavprint.ee\/et\/#website\",\"url\":\"https:\/\/odavprint.ee\/et\/\",\"name\":\"Odav Print\",\"description\":\"Just another WordPress site\",\"publisher\":{\"@id\":\"https:\/\/odavprint.ee\/et\/#organization\"},\"alternateName\":\"Kassettide, toonerite t\u00e4itmine ja m\u00fc\u00fck.\",\"potentialAction\":[{\"@type\":\"SearchAction\",\"target\":{\"@type\":\"EntryPoint\",\"urlTemplate\":\"https:\/\/odavprint.ee\/et\/?s={search_term_string}\"},\"query-input\":\"required name=search_term_string\"}],\"inLanguage\":\"et\"},{\"@type\":[\"Organization\",\"Place\"],\"@id\":\"https:\/\/odavprint.ee\/et\/#organization\",\"name\":\"Odav Print O\u00dc\",\"url\":\"https:\/\/odavprint.ee\/et\/\",\"logo\":{\"@id\":\"https:\/\/odavprint.ee\/et\/product\/leitz-precision-office-paper-cutter-a4-15-sheets\/#local-main-organization-logo\"},\"image\":{\"@id\":\"https:\/\/odavprint.ee\/et\/product\/leitz-precision-office-paper-cutter-a4-15-sheets\/#local-main-organization-logo\"},\"address\":{\"@id\":\"https:\/\/odavprint.ee\/et\/product\/leitz-precision-office-paper-cutter-a4-15-sheets\/#local-main-place-address\"},\"geo\":{\"@type\":\"GeoCoordinates\",\"latitude\":\"59.4306504\",\"longitude\":\"24.8095743\"},\"telephone\":[\"53836926\"],\"openingHoursSpecification\":[{\"@type\":\"OpeningHoursSpecification\",\"dayOfWeek\":[\"Monday\",\"Tuesday\",\"Wednesday\",\"Thursday\",\"Friday\",\"Saturday\",\"Sunday\"],\"opens\":\"09:00\",\"closes\":\"17:00\"}],\"email\":\"info@odavprint.eu\"},{\"@type\":\"PostalAddress\",\"@id\":\"https:\/\/odavprint.ee\/et\/product\/leitz-precision-office-paper-cutter-a4-15-sheets\/#local-main-place-address\",\"streetAddress\":\"Pae tn 28\",\"addressLocality\":\"Tallinn\",\"postalCode\":\"11415\",\"addressRegion\":\"Harjumaa\",\"addressCountry\":\"EE\"},{\"@type\":\"ImageObject\",\"inLanguage\":\"et\",\"@id\":\"https:\/\/odavprint.ee\/et\/product\/leitz-precision-office-paper-cutter-a4-15-sheets\/#local-main-organization-logo\",\"url\":\"https:\/\/odavprint.ee\/wp-content\/uploads\/2018\/10\/odavprint-logo-240.jpg\",\"contentUrl\":\"https:\/\/odavprint.ee\/wp-content\/uploads\/2018\/10\/odavprint-logo-240.jpg\",\"width\":240,\"height\":36,\"caption\":\"Odav Print O\u00dc\"}]}<\/script>\n<meta property=\"product:price:amount\" content=\"104.60\" \/>\n<meta property=\"product:price:currency\" content=\"EUR\" \/>\n<meta property=\"og:availability\" content=\"instock\" \/>\n<meta property=\"product:availability\" content=\"instock\" \/>\n<meta property=\"product:retailer_item_id\" content=\"9021-00-00\" \/>\n<meta property=\"product:condition\" content=\"new\" \/>\n<meta name=\"geo.placename\" content=\"Tallinn\" \/>\n<meta name=\"geo.position\" content=\"59.4306504;24.8095743\" \/>\n<meta name=\"geo.region\" content=\"Estonia\" \/>\n<!-- \/ Yoast SEO Premium plugin. -->","yoast_head_json":{"title":"Leitz Precision Office Paper Cutter A4+, 15 sheets, hea hinnaga, osta e-pood - Odav Print","description":"Osta Leitz Precision Office Paper Cutter A4+, 15 sheets Odav Print \u260e +372 5911 9495 \u2714\ufe0f Parim hind Leitz Precision Office Paper Cutter A4+, 15 sheets jaoks \u26df Kiire kohaletoimetamine Eestis \u2b50 Garanteeritud","robots":{"index":"index","follow":"follow","max-snippet":"max-snippet:-1","max-image-preview":"max-image-preview:large","max-video-preview":"max-video-preview:-1"},"canonical":"https:\/\/odavprint.ee\/et\/product\/leitz-precision-office-paper-cutter-a4-15-sheets\/","og_locale":"et_EE","og_type":"article","og_title":"Leitz Precision Office Paper Cutter A4+, 15 sheets","og_description":"Osta Leitz Precision Office Paper Cutter A4+, 15 sheets Odav Print \u260e +372 5911 9495 \u2714\ufe0f Parim hind Leitz Precision Office Paper Cutter A4+, 15 sheets jaoks \u26df Kiire kohaletoimetamine Eestis \u2b50 Garanteeritud","og_url":"https:\/\/odavprint.ee\/et\/product\/leitz-precision-office-paper-cutter-a4-15-sheets\/","og_site_name":"Odav Print","og_image":[{"width":440,"height":388,"url":"https:\/\/odavprint.ee\/wp-content\/uploads\/2023\/09\/192712_desktop_f075b8bedbb158ae235d15d9311216fd_440_ll_90210000_v1_dbc9d07a677db6d0944ef696c051a61e.png","type":"image\/png"}],"twitter_card":"summary_large_image","twitter_misc":{"Price":"&euro;104.60","Availability":"In stock"},"schema":{"@context":"https:\/\/schema.org","@graph":[{"@type":["WebPage","ItemPage"],"@id":"https:\/\/odavprint.ee\/et\/product\/leitz-precision-office-paper-cutter-a4-15-sheets\/","url":"https:\/\/odavprint.ee\/et\/product\/leitz-precision-office-paper-cutter-a4-15-sheets\/","name":"Leitz Precision Office Paper Cutter A4+, 15 sheets, hea hinnaga, osta e-pood - Odav Print","isPartOf":{"@id":"https:\/\/odavprint.ee\/et\/#website"},"primaryImageOfPage":{"@id":"https:\/\/odavprint.ee\/et\/product\/leitz-precision-office-paper-cutter-a4-15-sheets\/#primaryimage"},"image":{"@id":"https:\/\/odavprint.ee\/et\/product\/leitz-precision-office-paper-cutter-a4-15-sheets\/#primaryimage"},"thumbnailUrl":"https:\/\/odavprint.ee\/wp-content\/uploads\/2023\/09\/192712_desktop_f075b8bedbb158ae235d15d9311216fd_440_ll_90210000_v1_dbc9d07a677db6d0944ef696c051a61e.png","datePublished":"2023-09-05T12:04:48+00:00","dateModified":"2023-09-05T12:04:48+00:00","description":"Osta Leitz Precision Office Paper Cutter A4+, 15 sheets Odav Print \u260e +372 5911 9495 \u2714\ufe0f Parim hind Leitz Precision Office Paper Cutter A4+, 15 sheets jaoks \u26df Kiire kohaletoimetamine Eestis \u2b50 Garanteeritud","breadcrumb":{"@id":"https:\/\/odavprint.ee\/et\/product\/leitz-precision-office-paper-cutter-a4-15-sheets\/#breadcrumb"},"inLanguage":"et","potentialAction":[{"@type":"ReadAction","target":["https:\/\/odavprint.ee\/et\/product\/leitz-precision-office-paper-cutter-a4-15-sheets\/"]}]},{"@type":"ImageObject","inLanguage":"et","@id":"https:\/\/odavprint.ee\/et\/product\/leitz-precision-office-paper-cutter-a4-15-sheets\/#primaryimage","url":"https:\/\/odavprint.ee\/wp-content\/uploads\/2023\/09\/192712_desktop_f075b8bedbb158ae235d15d9311216fd_440_ll_90210000_v1_dbc9d07a677db6d0944ef696c051a61e.png","contentUrl":"https:\/\/odavprint.ee\/wp-content\/uploads\/2023\/09\/192712_desktop_f075b8bedbb158ae235d15d9311216fd_440_ll_90210000_v1_dbc9d07a677db6d0944ef696c051a61e.png","width":440,"height":388},{"@type":"BreadcrumbList","@id":"https:\/\/odavprint.ee\/et\/product\/leitz-precision-office-paper-cutter-a4-15-sheets\/#breadcrumb","itemListElement":[{"@type":"ListItem","position":1,"name":"Home","item":"https:\/\/odavprint.ee\/et\/esileht\/"},{"@type":"ListItem","position":2,"name":"E-pood","item":"https:\/\/odavprint.ee\/et\/shop\/"},{"@type":"ListItem","position":3,"name":"Leitz Precision Office Paper Cutter A4+, 15 sheets"}]},{"@type":"WebSite","@id":"https:\/\/odavprint.ee\/et\/#website","url":"https:\/\/odavprint.ee\/et\/","name":"Odav Print","description":"Just another WordPress site","publisher":{"@id":"https:\/\/odavprint.ee\/et\/#organization"},"alternateName":"Kassettide, toonerite t\u00e4itmine ja m\u00fc\u00fck.","potentialAction":[{"@type":"SearchAction","target":{"@type":"EntryPoint","urlTemplate":"https:\/\/odavprint.ee\/et\/?s={search_term_string}"},"query-input":"required name=search_term_string"}],"inLanguage":"et"},{"@type":["Organization","Place"],"@id":"https:\/\/odavprint.ee\/et\/#organization","name":"Odav Print O\u00dc","url":"https:\/\/odavprint.ee\/et\/","logo":{"@id":"https:\/\/odavprint.ee\/et\/product\/leitz-precision-office-paper-cutter-a4-15-sheets\/#local-main-organization-logo"},"image":{"@id":"https:\/\/odavprint.ee\/et\/product\/leitz-precision-office-paper-cutter-a4-15-sheets\/#local-main-organization-logo"},"address":{"@id":"https:\/\/odavprint.ee\/et\/product\/leitz-precision-office-paper-cutter-a4-15-sheets\/#local-main-place-address"},"geo":{"@type":"GeoCoordinates","latitude":"59.4306504","longitude":"24.8095743"},"telephone":["53836926"],"openingHoursSpecification":[{"@type":"OpeningHoursSpecification","dayOfWeek":["Monday","Tuesday","Wednesday","Thursday","Friday","Saturday","Sunday"],"opens":"09:00","closes":"17:00"}],"email":"info@odavprint.eu"},{"@type":"PostalAddress","@id":"https:\/\/odavprint.ee\/et\/product\/leitz-precision-office-paper-cutter-a4-15-sheets\/#local-main-place-address","streetAddress":"Pae tn 28","addressLocality":"Tallinn","postalCode":"11415","addressRegion":"Harjumaa","addressCountry":"EE"},{"@type":"ImageObject","inLanguage":"et","@id":"https:\/\/odavprint.ee\/et\/product\/leitz-precision-office-paper-cutter-a4-15-sheets\/#local-main-organization-logo","url":"https:\/\/odavprint.ee\/wp-content\/uploads\/2018\/10\/odavprint-logo-240.jpg","contentUrl":"https:\/\/odavprint.ee\/wp-content\/uploads\/2018\/10\/odavprint-logo-240.jpg","width":240,"height":36,"caption":"Odav Print O\u00dc"}]},"product_price_amount":"104.60","product_price_currency":"EUR","og_availability":"instock","product_availability":"instock","product_retailer_item_id":"9021-00-00","product_condition":"new","geo.placename":"Tallinn","geo.position":{"lat":"59.4306504","long":"24.8095743"},"geo.region":"Estonia"},"_links":{"self":[{"href":"https:\/\/odavprint.ee\/et\/wp-json\/wp\/v2\/product\/192712"}],"collection":[{"href":"https:\/\/odavprint.ee\/et\/wp-json\/wp\/v2\/product"}],"about":[{"href":"https:\/\/odavprint.ee\/et\/wp-json\/wp\/v2\/types\/product"}],"wp:featuredmedia":[{"embeddable":true,"href":"https:\/\/odavprint.ee\/et\/wp-json\/wp\/v2\/media\/192713"}],"wp:attachment":[{"href":"https:\/\/odavprint.ee\/et\/wp-json\/wp\/v2\/media?parent=192712"}],"wp:term":[{"taxonomy":"product_cat","embeddable":true,"href":"https:\/\/odavprint.ee\/et\/wp-json\/wp\/v2\/product_cat?post=192712"},{"taxonomy":"product_tag","embeddable":true,"href":"https:\/\/odavprint.ee\/et\/wp-json\/wp\/v2\/product_tag?post=192712"}],"curies":[{"name":"wp","href":"https:\/\/api.w.org\/{rel}","templated":true}]}}