{"id":193691,"date":"2023-09-06T15:28:46","date_gmt":"2023-09-06T12:28:46","guid":{"rendered":"https:\/\/odavprint.ee\/product\/bic-permanent-marker-eco-2000-green-1-pcs-000026\/"},"modified":"2023-09-06T15:28:46","modified_gmt":"2023-09-06T12:28:46","slug":"bic-permanent-marker-eco-2000-green-1-pcs-000026","status":"publish","type":"product","link":"https:\/\/odavprint.ee\/et\/product\/bic-permanent-marker-eco-2000-green-1-pcs-000026\/","title":{"rendered":"BIC permanent MARKER ECO 2000 green, 1 pcs. 000026"},"content":{"rendered":"<p>Permanent marker with alcohol &#8211; based ink. Versatile for paper, cardboard, plastics and textiles. Made from 51% recycled materials. Extra long usage: will not dry out uncapped  left for one month, also big ink container  ensures writing up to 1 kilometer. Extra quick drying after applying on surface. Excellent writing on paper, cardboard, plastics and textiles. Resistant tip, low odor. Acrylic 4,95 mm bullet tip gives line width of 1,7 mm. Alcohol based ink. <\/p>\n","protected":false},"excerpt":{"rendered":"<p>Permanent marker with alcohol &#8211; based ink. Versatile for paper, cardboard, plastics and textiles. Made from 51% recycled materials. Extra long usage: will not dry out uncapped left for one month, also big ink container ensures writing up to 1 kilometer. Extra quick drying after applying on surface. Excellent writing on paper, cardboard, plastics and [&#8230;]\n","protected":false},"featured_media":193692,"template":"","meta":{"inline_featured_image":false},"product_cat":[14825],"product_tag":[],"yoast_head":"<!-- This site is optimized with the Yoast SEO Premium plugin v23.0 (Yoast SEO v23.0) - https:\/\/yoast.com\/wordpress\/plugins\/seo\/ -->\n<title>BIC permanent MARKER ECO 2000 green, 1 pcs. 000026, hea hinnaga, osta e-pood - Odav Print<\/title>\n<meta name=\"description\" content=\"Osta BIC permanent MARKER ECO 2000 green, 1 pcs. 000026 Odav Print \u260e +372 5911 9495 \u2714\ufe0f Parim hind BIC permanent MARKER ECO 2000 green, 1 pcs. 000026 jaoks \u26df Kiire kohaletoimetamine Eestis \u2b50 Garanteeritud\" \/>\n<meta name=\"robots\" content=\"index, follow, max-snippet:-1, max-image-preview:large, max-video-preview:-1\" \/>\n<link rel=\"canonical\" href=\"https:\/\/odavprint.ee\/et\/product\/bic-permanent-marker-eco-2000-green-1-pcs-000026\/\" \/>\n<meta property=\"og:locale\" content=\"et_EE\" \/>\n<meta property=\"og:type\" content=\"article\" \/>\n<meta property=\"og:title\" content=\"BIC permanent MARKER ECO 2000 green, 1 pcs. 000026\" \/>\n<meta property=\"og:description\" content=\"Osta BIC permanent MARKER ECO 2000 green, 1 pcs. 000026 Odav Print \u260e +372 5911 9495 \u2714\ufe0f Parim hind BIC permanent MARKER ECO 2000 green, 1 pcs. 000026 jaoks \u26df Kiire kohaletoimetamine Eestis \u2b50 Garanteeritud\" \/>\n<meta property=\"og:url\" content=\"https:\/\/odavprint.ee\/et\/product\/bic-permanent-marker-eco-2000-green-1-pcs-000026\/\" \/>\n<meta property=\"og:site_name\" content=\"Odav Print\" \/>\n<meta property=\"og:image\" content=\"https:\/\/odavprint.ee\/wp-content\/uploads\/2023\/09\/193691_screenshot_1.jpg\" \/>\n\t<meta property=\"og:image:width\" content=\"266\" \/>\n\t<meta property=\"og:image:height\" content=\"102\" \/>\n\t<meta property=\"og:image:type\" content=\"image\/jpeg\" \/>\n<meta name=\"twitter:card\" content=\"summary_large_image\" \/>\n<meta name=\"twitter:label1\" content=\"Price\" \/>\n\t<meta name=\"twitter:data1\" content=\"&euro;2.10\" \/>\n\t<meta name=\"twitter:label2\" content=\"Availability\" \/>\n\t<meta name=\"twitter:data2\" content=\"In stock\" \/>\n<script type=\"application\/ld+json\" class=\"yoast-schema-graph\">{\"@context\":\"https:\/\/schema.org\",\"@graph\":[{\"@type\":[\"WebPage\",\"ItemPage\"],\"@id\":\"https:\/\/odavprint.ee\/et\/product\/bic-permanent-marker-eco-2000-green-1-pcs-000026\/\",\"url\":\"https:\/\/odavprint.ee\/et\/product\/bic-permanent-marker-eco-2000-green-1-pcs-000026\/\",\"name\":\"BIC permanent MARKER ECO 2000 green, 1 pcs. 000026, hea hinnaga, osta e-pood - Odav Print\",\"isPartOf\":{\"@id\":\"https:\/\/odavprint.ee\/et\/#website\"},\"primaryImageOfPage\":{\"@id\":\"https:\/\/odavprint.ee\/et\/product\/bic-permanent-marker-eco-2000-green-1-pcs-000026\/#primaryimage\"},\"image\":{\"@id\":\"https:\/\/odavprint.ee\/et\/product\/bic-permanent-marker-eco-2000-green-1-pcs-000026\/#primaryimage\"},\"thumbnailUrl\":\"https:\/\/odavprint.ee\/wp-content\/uploads\/2023\/09\/193691_screenshot_1.jpg\",\"datePublished\":\"2023-09-06T12:28:46+00:00\",\"dateModified\":\"2023-09-06T12:28:46+00:00\",\"description\":\"Osta BIC permanent MARKER ECO 2000 green, 1 pcs. 000026 Odav Print \u260e +372 5911 9495 \u2714\ufe0f Parim hind BIC permanent MARKER ECO 2000 green, 1 pcs. 000026 jaoks \u26df Kiire kohaletoimetamine Eestis \u2b50 Garanteeritud\",\"breadcrumb\":{\"@id\":\"https:\/\/odavprint.ee\/et\/product\/bic-permanent-marker-eco-2000-green-1-pcs-000026\/#breadcrumb\"},\"inLanguage\":\"et\",\"potentialAction\":[{\"@type\":\"ReadAction\",\"target\":[\"https:\/\/odavprint.ee\/et\/product\/bic-permanent-marker-eco-2000-green-1-pcs-000026\/\"]}]},{\"@type\":\"ImageObject\",\"inLanguage\":\"et\",\"@id\":\"https:\/\/odavprint.ee\/et\/product\/bic-permanent-marker-eco-2000-green-1-pcs-000026\/#primaryimage\",\"url\":\"https:\/\/odavprint.ee\/wp-content\/uploads\/2023\/09\/193691_screenshot_1.jpg\",\"contentUrl\":\"https:\/\/odavprint.ee\/wp-content\/uploads\/2023\/09\/193691_screenshot_1.jpg\",\"width\":266,\"height\":102},{\"@type\":\"BreadcrumbList\",\"@id\":\"https:\/\/odavprint.ee\/et\/product\/bic-permanent-marker-eco-2000-green-1-pcs-000026\/#breadcrumb\",\"itemListElement\":[{\"@type\":\"ListItem\",\"position\":1,\"name\":\"Home\",\"item\":\"https:\/\/odavprint.ee\/et\/esileht\/\"},{\"@type\":\"ListItem\",\"position\":2,\"name\":\"E-pood\",\"item\":\"https:\/\/odavprint.ee\/et\/shop\/\"},{\"@type\":\"ListItem\",\"position\":3,\"name\":\"BIC permanent MARKER ECO 2000 green, 1 pcs. 000026\"}]},{\"@type\":\"WebSite\",\"@id\":\"https:\/\/odavprint.ee\/et\/#website\",\"url\":\"https:\/\/odavprint.ee\/et\/\",\"name\":\"Odav Print\",\"description\":\"Just another WordPress site\",\"publisher\":{\"@id\":\"https:\/\/odavprint.ee\/et\/#organization\"},\"alternateName\":\"Kassettide, toonerite t\u00e4itmine ja m\u00fc\u00fck.\",\"potentialAction\":[{\"@type\":\"SearchAction\",\"target\":{\"@type\":\"EntryPoint\",\"urlTemplate\":\"https:\/\/odavprint.ee\/et\/?s={search_term_string}\"},\"query-input\":\"required name=search_term_string\"}],\"inLanguage\":\"et\"},{\"@type\":[\"Organization\",\"Place\"],\"@id\":\"https:\/\/odavprint.ee\/et\/#organization\",\"name\":\"Odav Print O\u00dc\",\"url\":\"https:\/\/odavprint.ee\/et\/\",\"logo\":{\"@id\":\"https:\/\/odavprint.ee\/et\/product\/bic-permanent-marker-eco-2000-green-1-pcs-000026\/#local-main-organization-logo\"},\"image\":{\"@id\":\"https:\/\/odavprint.ee\/et\/product\/bic-permanent-marker-eco-2000-green-1-pcs-000026\/#local-main-organization-logo\"},\"address\":{\"@id\":\"https:\/\/odavprint.ee\/et\/product\/bic-permanent-marker-eco-2000-green-1-pcs-000026\/#local-main-place-address\"},\"geo\":{\"@type\":\"GeoCoordinates\",\"latitude\":\"59.4306504\",\"longitude\":\"24.8095743\"},\"telephone\":[\"53836926\"],\"openingHoursSpecification\":[{\"@type\":\"OpeningHoursSpecification\",\"dayOfWeek\":[\"Monday\",\"Tuesday\",\"Wednesday\",\"Thursday\",\"Friday\",\"Saturday\",\"Sunday\"],\"opens\":\"09:00\",\"closes\":\"17:00\"}],\"email\":\"info@odavprint.eu\"},{\"@type\":\"PostalAddress\",\"@id\":\"https:\/\/odavprint.ee\/et\/product\/bic-permanent-marker-eco-2000-green-1-pcs-000026\/#local-main-place-address\",\"streetAddress\":\"Pae tn 28\",\"addressLocality\":\"Tallinn\",\"postalCode\":\"11415\",\"addressRegion\":\"Harjumaa\",\"addressCountry\":\"EE\"},{\"@type\":\"ImageObject\",\"inLanguage\":\"et\",\"@id\":\"https:\/\/odavprint.ee\/et\/product\/bic-permanent-marker-eco-2000-green-1-pcs-000026\/#local-main-organization-logo\",\"url\":\"https:\/\/odavprint.ee\/wp-content\/uploads\/2018\/10\/odavprint-logo-240.jpg\",\"contentUrl\":\"https:\/\/odavprint.ee\/wp-content\/uploads\/2018\/10\/odavprint-logo-240.jpg\",\"width\":240,\"height\":36,\"caption\":\"Odav Print O\u00dc\"}]}<\/script>\n<meta property=\"product:price:amount\" content=\"2.10\" \/>\n<meta property=\"product:price:currency\" content=\"EUR\" \/>\n<meta property=\"og:availability\" content=\"instock\" \/>\n<meta property=\"product:availability\" content=\"instock\" \/>\n<meta property=\"product:retailer_item_id\" content=\"8209123-1\" \/>\n<meta property=\"product:condition\" content=\"new\" \/>\n<meta name=\"geo.placename\" content=\"Tallinn\" \/>\n<meta name=\"geo.position\" content=\"59.4306504;24.8095743\" \/>\n<meta name=\"geo.region\" content=\"Estonia\" \/>\n<!-- \/ Yoast SEO Premium plugin. -->","yoast_head_json":{"title":"BIC permanent MARKER ECO 2000 green, 1 pcs. 000026, hea hinnaga, osta e-pood - Odav Print","description":"Osta BIC permanent MARKER ECO 2000 green, 1 pcs. 000026 Odav Print \u260e +372 5911 9495 \u2714\ufe0f Parim hind BIC permanent MARKER ECO 2000 green, 1 pcs. 000026 jaoks \u26df Kiire kohaletoimetamine Eestis \u2b50 Garanteeritud","robots":{"index":"index","follow":"follow","max-snippet":"max-snippet:-1","max-image-preview":"max-image-preview:large","max-video-preview":"max-video-preview:-1"},"canonical":"https:\/\/odavprint.ee\/et\/product\/bic-permanent-marker-eco-2000-green-1-pcs-000026\/","og_locale":"et_EE","og_type":"article","og_title":"BIC permanent MARKER ECO 2000 green, 1 pcs. 000026","og_description":"Osta BIC permanent MARKER ECO 2000 green, 1 pcs. 000026 Odav Print \u260e +372 5911 9495 \u2714\ufe0f Parim hind BIC permanent MARKER ECO 2000 green, 1 pcs. 000026 jaoks \u26df Kiire kohaletoimetamine Eestis \u2b50 Garanteeritud","og_url":"https:\/\/odavprint.ee\/et\/product\/bic-permanent-marker-eco-2000-green-1-pcs-000026\/","og_site_name":"Odav Print","og_image":[{"width":266,"height":102,"url":"https:\/\/odavprint.ee\/wp-content\/uploads\/2023\/09\/193691_screenshot_1.jpg","type":"image\/jpeg"}],"twitter_card":"summary_large_image","twitter_misc":{"Price":"&euro;2.10","Availability":"In stock"},"schema":{"@context":"https:\/\/schema.org","@graph":[{"@type":["WebPage","ItemPage"],"@id":"https:\/\/odavprint.ee\/et\/product\/bic-permanent-marker-eco-2000-green-1-pcs-000026\/","url":"https:\/\/odavprint.ee\/et\/product\/bic-permanent-marker-eco-2000-green-1-pcs-000026\/","name":"BIC permanent MARKER ECO 2000 green, 1 pcs. 000026, hea hinnaga, osta e-pood - Odav Print","isPartOf":{"@id":"https:\/\/odavprint.ee\/et\/#website"},"primaryImageOfPage":{"@id":"https:\/\/odavprint.ee\/et\/product\/bic-permanent-marker-eco-2000-green-1-pcs-000026\/#primaryimage"},"image":{"@id":"https:\/\/odavprint.ee\/et\/product\/bic-permanent-marker-eco-2000-green-1-pcs-000026\/#primaryimage"},"thumbnailUrl":"https:\/\/odavprint.ee\/wp-content\/uploads\/2023\/09\/193691_screenshot_1.jpg","datePublished":"2023-09-06T12:28:46+00:00","dateModified":"2023-09-06T12:28:46+00:00","description":"Osta BIC permanent MARKER ECO 2000 green, 1 pcs. 000026 Odav Print \u260e +372 5911 9495 \u2714\ufe0f Parim hind BIC permanent MARKER ECO 2000 green, 1 pcs. 000026 jaoks \u26df Kiire kohaletoimetamine Eestis \u2b50 Garanteeritud","breadcrumb":{"@id":"https:\/\/odavprint.ee\/et\/product\/bic-permanent-marker-eco-2000-green-1-pcs-000026\/#breadcrumb"},"inLanguage":"et","potentialAction":[{"@type":"ReadAction","target":["https:\/\/odavprint.ee\/et\/product\/bic-permanent-marker-eco-2000-green-1-pcs-000026\/"]}]},{"@type":"ImageObject","inLanguage":"et","@id":"https:\/\/odavprint.ee\/et\/product\/bic-permanent-marker-eco-2000-green-1-pcs-000026\/#primaryimage","url":"https:\/\/odavprint.ee\/wp-content\/uploads\/2023\/09\/193691_screenshot_1.jpg","contentUrl":"https:\/\/odavprint.ee\/wp-content\/uploads\/2023\/09\/193691_screenshot_1.jpg","width":266,"height":102},{"@type":"BreadcrumbList","@id":"https:\/\/odavprint.ee\/et\/product\/bic-permanent-marker-eco-2000-green-1-pcs-000026\/#breadcrumb","itemListElement":[{"@type":"ListItem","position":1,"name":"Home","item":"https:\/\/odavprint.ee\/et\/esileht\/"},{"@type":"ListItem","position":2,"name":"E-pood","item":"https:\/\/odavprint.ee\/et\/shop\/"},{"@type":"ListItem","position":3,"name":"BIC permanent MARKER ECO 2000 green, 1 pcs. 000026"}]},{"@type":"WebSite","@id":"https:\/\/odavprint.ee\/et\/#website","url":"https:\/\/odavprint.ee\/et\/","name":"Odav Print","description":"Just another WordPress site","publisher":{"@id":"https:\/\/odavprint.ee\/et\/#organization"},"alternateName":"Kassettide, toonerite t\u00e4itmine ja m\u00fc\u00fck.","potentialAction":[{"@type":"SearchAction","target":{"@type":"EntryPoint","urlTemplate":"https:\/\/odavprint.ee\/et\/?s={search_term_string}"},"query-input":"required name=search_term_string"}],"inLanguage":"et"},{"@type":["Organization","Place"],"@id":"https:\/\/odavprint.ee\/et\/#organization","name":"Odav Print O\u00dc","url":"https:\/\/odavprint.ee\/et\/","logo":{"@id":"https:\/\/odavprint.ee\/et\/product\/bic-permanent-marker-eco-2000-green-1-pcs-000026\/#local-main-organization-logo"},"image":{"@id":"https:\/\/odavprint.ee\/et\/product\/bic-permanent-marker-eco-2000-green-1-pcs-000026\/#local-main-organization-logo"},"address":{"@id":"https:\/\/odavprint.ee\/et\/product\/bic-permanent-marker-eco-2000-green-1-pcs-000026\/#local-main-place-address"},"geo":{"@type":"GeoCoordinates","latitude":"59.4306504","longitude":"24.8095743"},"telephone":["53836926"],"openingHoursSpecification":[{"@type":"OpeningHoursSpecification","dayOfWeek":["Monday","Tuesday","Wednesday","Thursday","Friday","Saturday","Sunday"],"opens":"09:00","closes":"17:00"}],"email":"info@odavprint.eu"},{"@type":"PostalAddress","@id":"https:\/\/odavprint.ee\/et\/product\/bic-permanent-marker-eco-2000-green-1-pcs-000026\/#local-main-place-address","streetAddress":"Pae tn 28","addressLocality":"Tallinn","postalCode":"11415","addressRegion":"Harjumaa","addressCountry":"EE"},{"@type":"ImageObject","inLanguage":"et","@id":"https:\/\/odavprint.ee\/et\/product\/bic-permanent-marker-eco-2000-green-1-pcs-000026\/#local-main-organization-logo","url":"https:\/\/odavprint.ee\/wp-content\/uploads\/2018\/10\/odavprint-logo-240.jpg","contentUrl":"https:\/\/odavprint.ee\/wp-content\/uploads\/2018\/10\/odavprint-logo-240.jpg","width":240,"height":36,"caption":"Odav Print O\u00dc"}]},"product_price_amount":"2.10","product_price_currency":"EUR","og_availability":"instock","product_availability":"instock","product_retailer_item_id":"8209123-1","product_condition":"new","geo.placename":"Tallinn","geo.position":{"lat":"59.4306504","long":"24.8095743"},"geo.region":"Estonia"},"_links":{"self":[{"href":"https:\/\/odavprint.ee\/et\/wp-json\/wp\/v2\/product\/193691"}],"collection":[{"href":"https:\/\/odavprint.ee\/et\/wp-json\/wp\/v2\/product"}],"about":[{"href":"https:\/\/odavprint.ee\/et\/wp-json\/wp\/v2\/types\/product"}],"wp:featuredmedia":[{"embeddable":true,"href":"https:\/\/odavprint.ee\/et\/wp-json\/wp\/v2\/media\/193692"}],"wp:attachment":[{"href":"https:\/\/odavprint.ee\/et\/wp-json\/wp\/v2\/media?parent=193691"}],"wp:term":[{"taxonomy":"product_cat","embeddable":true,"href":"https:\/\/odavprint.ee\/et\/wp-json\/wp\/v2\/product_cat?post=193691"},{"taxonomy":"product_tag","embeddable":true,"href":"https:\/\/odavprint.ee\/et\/wp-json\/wp\/v2\/product_tag?post=193691"}],"curies":[{"name":"wp","href":"https:\/\/api.w.org\/{rel}","templated":true}]}}