{"id":194132,"date":"2023-09-06T15:57:31","date_gmt":"2023-09-06T12:57:31","guid":{"rendered":"https:\/\/odavprint.ee\/product\/bic-permanent-marker-eco-2300-bl4-eu-set-4-colours-023041\/"},"modified":"2023-09-06T15:57:31","modified_gmt":"2023-09-06T12:57:31","slug":"bic-permanent-marker-eco-2300-bl4-eu-set-4-colours-023041","status":"publish","type":"product","link":"https:\/\/odavprint.ee\/et\/product\/bic-permanent-marker-eco-2300-bl4-eu-set-4-colours-023041\/","title":{"rendered":"BIC permanent MARKER ECO 2300 BL4 EU, Set 4 colours 023041"},"content":{"rendered":"<p>Fluorescent water &#8211; based ink highlighter with flex tip. Will not dry up if left uncapped to 24 hours. Flexible brush tip that allows to control the width of your highlights. Provides smooth, easy highlighting or underlining for small, medium and large text. Very bright colours that will not bleed through the paper.<\/p>\n","protected":false},"excerpt":{"rendered":"<p>Fluorescent water &#8211; based ink highlighter with flex tip. Will not dry up if left uncapped to 24 hours. Flexible brush tip that allows to control the width of your highlights. Provides smooth, easy highlighting or underlining for small, medium and large text. Very bright colours that will not bleed through the paper.<\/p>\n","protected":false},"featured_media":194133,"template":"","meta":{"inline_featured_image":false},"product_cat":[14825],"product_tag":[],"yoast_head":"<!-- This site is optimized with the Yoast SEO Premium plugin v23.0 (Yoast SEO v23.0) - https:\/\/yoast.com\/wordpress\/plugins\/seo\/ -->\n<title>BIC permanent MARKER ECO 2300 BL4 EU, Set 4 colours 023041, hea hinnaga, osta e-pood - Odav Print<\/title>\n<meta name=\"description\" content=\"Osta BIC permanent MARKER ECO 2300 BL4 EU, Set 4 colours 023041 Odav Print \u260e +372 5911 9495 \u2714\ufe0f Parim hind BIC permanent MARKER ECO 2300 BL4 EU, Set 4 colours 023041 jaoks \u26df Kiire kohaletoimetamine Eestis \u2b50 Garanteeritud\" \/>\n<meta name=\"robots\" content=\"index, follow, max-snippet:-1, max-image-preview:large, max-video-preview:-1\" \/>\n<link rel=\"canonical\" href=\"https:\/\/odavprint.ee\/et\/product\/bic-permanent-marker-eco-2300-bl4-eu-set-4-colours-023041\/\" \/>\n<meta property=\"og:locale\" content=\"et_EE\" \/>\n<meta property=\"og:type\" content=\"article\" \/>\n<meta property=\"og:title\" content=\"BIC permanent MARKER ECO 2300 BL4 EU, Set 4 colours 023041\" \/>\n<meta property=\"og:description\" content=\"Osta BIC permanent MARKER ECO 2300 BL4 EU, Set 4 colours 023041 Odav Print \u260e +372 5911 9495 \u2714\ufe0f Parim hind BIC permanent MARKER ECO 2300 BL4 EU, Set 4 colours 023041 jaoks \u26df Kiire kohaletoimetamine Eestis \u2b50 Garanteeritud\" \/>\n<meta property=\"og:url\" content=\"https:\/\/odavprint.ee\/et\/product\/bic-permanent-marker-eco-2300-bl4-eu-set-4-colours-023041\/\" \/>\n<meta property=\"og:site_name\" content=\"Odav Print\" \/>\n<meta property=\"og:image\" content=\"https:\/\/odavprint.ee\/wp-content\/uploads\/2023\/09\/194132_8803251_marker_eco_2300_bl4_ast_eu.png\" \/>\n\t<meta property=\"og:image:width\" content=\"255\" \/>\n\t<meta property=\"og:image:height\" content=\"500\" \/>\n\t<meta property=\"og:image:type\" content=\"image\/png\" \/>\n<meta name=\"twitter:card\" content=\"summary_large_image\" \/>\n<meta name=\"twitter:label1\" content=\"Price\" \/>\n\t<meta name=\"twitter:data1\" content=\"&euro;5.60\" \/>\n\t<meta name=\"twitter:label2\" content=\"Availability\" \/>\n\t<meta name=\"twitter:data2\" content=\"Out of stock\" \/>\n<script type=\"application\/ld+json\" class=\"yoast-schema-graph\">{\"@context\":\"https:\/\/schema.org\",\"@graph\":[{\"@type\":[\"WebPage\",\"ItemPage\"],\"@id\":\"https:\/\/odavprint.ee\/et\/product\/bic-permanent-marker-eco-2300-bl4-eu-set-4-colours-023041\/\",\"url\":\"https:\/\/odavprint.ee\/et\/product\/bic-permanent-marker-eco-2300-bl4-eu-set-4-colours-023041\/\",\"name\":\"BIC permanent MARKER ECO 2300 BL4 EU, Set 4 colours 023041, hea hinnaga, osta e-pood - Odav Print\",\"isPartOf\":{\"@id\":\"https:\/\/odavprint.ee\/et\/#website\"},\"primaryImageOfPage\":{\"@id\":\"https:\/\/odavprint.ee\/et\/product\/bic-permanent-marker-eco-2300-bl4-eu-set-4-colours-023041\/#primaryimage\"},\"image\":{\"@id\":\"https:\/\/odavprint.ee\/et\/product\/bic-permanent-marker-eco-2300-bl4-eu-set-4-colours-023041\/#primaryimage\"},\"thumbnailUrl\":\"https:\/\/odavprint.ee\/wp-content\/uploads\/2023\/09\/194132_8803251_marker_eco_2300_bl4_ast_eu.png\",\"datePublished\":\"2023-09-06T12:57:31+00:00\",\"dateModified\":\"2023-09-06T12:57:31+00:00\",\"description\":\"Osta BIC permanent MARKER ECO 2300 BL4 EU, Set 4 colours 023041 Odav Print \u260e +372 5911 9495 \u2714\ufe0f Parim hind BIC permanent MARKER ECO 2300 BL4 EU, Set 4 colours 023041 jaoks \u26df Kiire kohaletoimetamine Eestis \u2b50 Garanteeritud\",\"breadcrumb\":{\"@id\":\"https:\/\/odavprint.ee\/et\/product\/bic-permanent-marker-eco-2300-bl4-eu-set-4-colours-023041\/#breadcrumb\"},\"inLanguage\":\"et\",\"potentialAction\":[{\"@type\":\"ReadAction\",\"target\":[\"https:\/\/odavprint.ee\/et\/product\/bic-permanent-marker-eco-2300-bl4-eu-set-4-colours-023041\/\"]}]},{\"@type\":\"ImageObject\",\"inLanguage\":\"et\",\"@id\":\"https:\/\/odavprint.ee\/et\/product\/bic-permanent-marker-eco-2300-bl4-eu-set-4-colours-023041\/#primaryimage\",\"url\":\"https:\/\/odavprint.ee\/wp-content\/uploads\/2023\/09\/194132_8803251_marker_eco_2300_bl4_ast_eu.png\",\"contentUrl\":\"https:\/\/odavprint.ee\/wp-content\/uploads\/2023\/09\/194132_8803251_marker_eco_2300_bl4_ast_eu.png\",\"width\":255,\"height\":500},{\"@type\":\"BreadcrumbList\",\"@id\":\"https:\/\/odavprint.ee\/et\/product\/bic-permanent-marker-eco-2300-bl4-eu-set-4-colours-023041\/#breadcrumb\",\"itemListElement\":[{\"@type\":\"ListItem\",\"position\":1,\"name\":\"Home\",\"item\":\"https:\/\/odavprint.ee\/et\/esileht\/\"},{\"@type\":\"ListItem\",\"position\":2,\"name\":\"E-pood\",\"item\":\"https:\/\/odavprint.ee\/et\/shop\/\"},{\"@type\":\"ListItem\",\"position\":3,\"name\":\"BIC permanent MARKER ECO 2300 BL4 EU, Set 4 colours 023041\"}]},{\"@type\":\"WebSite\",\"@id\":\"https:\/\/odavprint.ee\/et\/#website\",\"url\":\"https:\/\/odavprint.ee\/et\/\",\"name\":\"Odav Print\",\"description\":\"Just another WordPress site\",\"publisher\":{\"@id\":\"https:\/\/odavprint.ee\/et\/#organization\"},\"alternateName\":\"Kassettide, toonerite t\u00e4itmine ja m\u00fc\u00fck.\",\"potentialAction\":[{\"@type\":\"SearchAction\",\"target\":{\"@type\":\"EntryPoint\",\"urlTemplate\":\"https:\/\/odavprint.ee\/et\/?s={search_term_string}\"},\"query-input\":\"required name=search_term_string\"}],\"inLanguage\":\"et\"},{\"@type\":[\"Organization\",\"Place\"],\"@id\":\"https:\/\/odavprint.ee\/et\/#organization\",\"name\":\"Odav Print O\u00dc\",\"url\":\"https:\/\/odavprint.ee\/et\/\",\"logo\":{\"@id\":\"https:\/\/odavprint.ee\/et\/product\/bic-permanent-marker-eco-2300-bl4-eu-set-4-colours-023041\/#local-main-organization-logo\"},\"image\":{\"@id\":\"https:\/\/odavprint.ee\/et\/product\/bic-permanent-marker-eco-2300-bl4-eu-set-4-colours-023041\/#local-main-organization-logo\"},\"address\":{\"@id\":\"https:\/\/odavprint.ee\/et\/product\/bic-permanent-marker-eco-2300-bl4-eu-set-4-colours-023041\/#local-main-place-address\"},\"geo\":{\"@type\":\"GeoCoordinates\",\"latitude\":\"59.4306504\",\"longitude\":\"24.8095743\"},\"telephone\":[\"53836926\"],\"openingHoursSpecification\":[{\"@type\":\"OpeningHoursSpecification\",\"dayOfWeek\":[\"Monday\",\"Tuesday\",\"Wednesday\",\"Thursday\",\"Friday\",\"Saturday\",\"Sunday\"],\"opens\":\"09:00\",\"closes\":\"17:00\"}],\"email\":\"info@odavprint.eu\"},{\"@type\":\"PostalAddress\",\"@id\":\"https:\/\/odavprint.ee\/et\/product\/bic-permanent-marker-eco-2300-bl4-eu-set-4-colours-023041\/#local-main-place-address\",\"streetAddress\":\"Pae tn 28\",\"addressLocality\":\"Tallinn\",\"postalCode\":\"11415\",\"addressRegion\":\"Harjumaa\",\"addressCountry\":\"EE\"},{\"@type\":\"ImageObject\",\"inLanguage\":\"et\",\"@id\":\"https:\/\/odavprint.ee\/et\/product\/bic-permanent-marker-eco-2300-bl4-eu-set-4-colours-023041\/#local-main-organization-logo\",\"url\":\"https:\/\/odavprint.ee\/wp-content\/uploads\/2018\/10\/odavprint-logo-240.jpg\",\"contentUrl\":\"https:\/\/odavprint.ee\/wp-content\/uploads\/2018\/10\/odavprint-logo-240.jpg\",\"width\":240,\"height\":36,\"caption\":\"Odav Print O\u00dc\"}]}<\/script>\n<meta property=\"product:price:amount\" content=\"5.60\" \/>\n<meta property=\"product:price:currency\" content=\"EUR\" \/>\n<meta property=\"og:availability\" content=\"out of stock\" \/>\n<meta property=\"product:availability\" content=\"out of stock\" \/>\n<meta property=\"product:retailer_item_id\" content=\"8803251\" \/>\n<meta property=\"product:condition\" content=\"new\" \/>\n<meta name=\"geo.placename\" content=\"Tallinn\" \/>\n<meta name=\"geo.position\" content=\"59.4306504;24.8095743\" \/>\n<meta name=\"geo.region\" content=\"Estonia\" \/>\n<!-- \/ Yoast SEO Premium plugin. -->","yoast_head_json":{"title":"BIC permanent MARKER ECO 2300 BL4 EU, Set 4 colours 023041, hea hinnaga, osta e-pood - Odav Print","description":"Osta BIC permanent MARKER ECO 2300 BL4 EU, Set 4 colours 023041 Odav Print \u260e +372 5911 9495 \u2714\ufe0f Parim hind BIC permanent MARKER ECO 2300 BL4 EU, Set 4 colours 023041 jaoks \u26df Kiire kohaletoimetamine Eestis \u2b50 Garanteeritud","robots":{"index":"index","follow":"follow","max-snippet":"max-snippet:-1","max-image-preview":"max-image-preview:large","max-video-preview":"max-video-preview:-1"},"canonical":"https:\/\/odavprint.ee\/et\/product\/bic-permanent-marker-eco-2300-bl4-eu-set-4-colours-023041\/","og_locale":"et_EE","og_type":"article","og_title":"BIC permanent MARKER ECO 2300 BL4 EU, Set 4 colours 023041","og_description":"Osta BIC permanent MARKER ECO 2300 BL4 EU, Set 4 colours 023041 Odav Print \u260e +372 5911 9495 \u2714\ufe0f Parim hind BIC permanent MARKER ECO 2300 BL4 EU, Set 4 colours 023041 jaoks \u26df Kiire kohaletoimetamine Eestis \u2b50 Garanteeritud","og_url":"https:\/\/odavprint.ee\/et\/product\/bic-permanent-marker-eco-2300-bl4-eu-set-4-colours-023041\/","og_site_name":"Odav Print","og_image":[{"width":255,"height":500,"url":"https:\/\/odavprint.ee\/wp-content\/uploads\/2023\/09\/194132_8803251_marker_eco_2300_bl4_ast_eu.png","type":"image\/png"}],"twitter_card":"summary_large_image","twitter_misc":{"Price":"&euro;5.60","Availability":"Out of stock"},"schema":{"@context":"https:\/\/schema.org","@graph":[{"@type":["WebPage","ItemPage"],"@id":"https:\/\/odavprint.ee\/et\/product\/bic-permanent-marker-eco-2300-bl4-eu-set-4-colours-023041\/","url":"https:\/\/odavprint.ee\/et\/product\/bic-permanent-marker-eco-2300-bl4-eu-set-4-colours-023041\/","name":"BIC permanent MARKER ECO 2300 BL4 EU, Set 4 colours 023041, hea hinnaga, osta e-pood - Odav Print","isPartOf":{"@id":"https:\/\/odavprint.ee\/et\/#website"},"primaryImageOfPage":{"@id":"https:\/\/odavprint.ee\/et\/product\/bic-permanent-marker-eco-2300-bl4-eu-set-4-colours-023041\/#primaryimage"},"image":{"@id":"https:\/\/odavprint.ee\/et\/product\/bic-permanent-marker-eco-2300-bl4-eu-set-4-colours-023041\/#primaryimage"},"thumbnailUrl":"https:\/\/odavprint.ee\/wp-content\/uploads\/2023\/09\/194132_8803251_marker_eco_2300_bl4_ast_eu.png","datePublished":"2023-09-06T12:57:31+00:00","dateModified":"2023-09-06T12:57:31+00:00","description":"Osta BIC permanent MARKER ECO 2300 BL4 EU, Set 4 colours 023041 Odav Print \u260e +372 5911 9495 \u2714\ufe0f Parim hind BIC permanent MARKER ECO 2300 BL4 EU, Set 4 colours 023041 jaoks \u26df Kiire kohaletoimetamine Eestis \u2b50 Garanteeritud","breadcrumb":{"@id":"https:\/\/odavprint.ee\/et\/product\/bic-permanent-marker-eco-2300-bl4-eu-set-4-colours-023041\/#breadcrumb"},"inLanguage":"et","potentialAction":[{"@type":"ReadAction","target":["https:\/\/odavprint.ee\/et\/product\/bic-permanent-marker-eco-2300-bl4-eu-set-4-colours-023041\/"]}]},{"@type":"ImageObject","inLanguage":"et","@id":"https:\/\/odavprint.ee\/et\/product\/bic-permanent-marker-eco-2300-bl4-eu-set-4-colours-023041\/#primaryimage","url":"https:\/\/odavprint.ee\/wp-content\/uploads\/2023\/09\/194132_8803251_marker_eco_2300_bl4_ast_eu.png","contentUrl":"https:\/\/odavprint.ee\/wp-content\/uploads\/2023\/09\/194132_8803251_marker_eco_2300_bl4_ast_eu.png","width":255,"height":500},{"@type":"BreadcrumbList","@id":"https:\/\/odavprint.ee\/et\/product\/bic-permanent-marker-eco-2300-bl4-eu-set-4-colours-023041\/#breadcrumb","itemListElement":[{"@type":"ListItem","position":1,"name":"Home","item":"https:\/\/odavprint.ee\/et\/esileht\/"},{"@type":"ListItem","position":2,"name":"E-pood","item":"https:\/\/odavprint.ee\/et\/shop\/"},{"@type":"ListItem","position":3,"name":"BIC permanent MARKER ECO 2300 BL4 EU, Set 4 colours 023041"}]},{"@type":"WebSite","@id":"https:\/\/odavprint.ee\/et\/#website","url":"https:\/\/odavprint.ee\/et\/","name":"Odav Print","description":"Just another WordPress site","publisher":{"@id":"https:\/\/odavprint.ee\/et\/#organization"},"alternateName":"Kassettide, toonerite t\u00e4itmine ja m\u00fc\u00fck.","potentialAction":[{"@type":"SearchAction","target":{"@type":"EntryPoint","urlTemplate":"https:\/\/odavprint.ee\/et\/?s={search_term_string}"},"query-input":"required name=search_term_string"}],"inLanguage":"et"},{"@type":["Organization","Place"],"@id":"https:\/\/odavprint.ee\/et\/#organization","name":"Odav Print O\u00dc","url":"https:\/\/odavprint.ee\/et\/","logo":{"@id":"https:\/\/odavprint.ee\/et\/product\/bic-permanent-marker-eco-2300-bl4-eu-set-4-colours-023041\/#local-main-organization-logo"},"image":{"@id":"https:\/\/odavprint.ee\/et\/product\/bic-permanent-marker-eco-2300-bl4-eu-set-4-colours-023041\/#local-main-organization-logo"},"address":{"@id":"https:\/\/odavprint.ee\/et\/product\/bic-permanent-marker-eco-2300-bl4-eu-set-4-colours-023041\/#local-main-place-address"},"geo":{"@type":"GeoCoordinates","latitude":"59.4306504","longitude":"24.8095743"},"telephone":["53836926"],"openingHoursSpecification":[{"@type":"OpeningHoursSpecification","dayOfWeek":["Monday","Tuesday","Wednesday","Thursday","Friday","Saturday","Sunday"],"opens":"09:00","closes":"17:00"}],"email":"info@odavprint.eu"},{"@type":"PostalAddress","@id":"https:\/\/odavprint.ee\/et\/product\/bic-permanent-marker-eco-2300-bl4-eu-set-4-colours-023041\/#local-main-place-address","streetAddress":"Pae tn 28","addressLocality":"Tallinn","postalCode":"11415","addressRegion":"Harjumaa","addressCountry":"EE"},{"@type":"ImageObject","inLanguage":"et","@id":"https:\/\/odavprint.ee\/et\/product\/bic-permanent-marker-eco-2300-bl4-eu-set-4-colours-023041\/#local-main-organization-logo","url":"https:\/\/odavprint.ee\/wp-content\/uploads\/2018\/10\/odavprint-logo-240.jpg","contentUrl":"https:\/\/odavprint.ee\/wp-content\/uploads\/2018\/10\/odavprint-logo-240.jpg","width":240,"height":36,"caption":"Odav Print O\u00dc"}]},"product_price_amount":"5.60","product_price_currency":"EUR","og_availability":"out of stock","product_availability":"out of stock","product_retailer_item_id":"8803251","product_condition":"new","geo.placename":"Tallinn","geo.position":{"lat":"59.4306504","long":"24.8095743"},"geo.region":"Estonia"},"_links":{"self":[{"href":"https:\/\/odavprint.ee\/et\/wp-json\/wp\/v2\/product\/194132"}],"collection":[{"href":"https:\/\/odavprint.ee\/et\/wp-json\/wp\/v2\/product"}],"about":[{"href":"https:\/\/odavprint.ee\/et\/wp-json\/wp\/v2\/types\/product"}],"wp:featuredmedia":[{"embeddable":true,"href":"https:\/\/odavprint.ee\/et\/wp-json\/wp\/v2\/media\/194133"}],"wp:attachment":[{"href":"https:\/\/odavprint.ee\/et\/wp-json\/wp\/v2\/media?parent=194132"}],"wp:term":[{"taxonomy":"product_cat","embeddable":true,"href":"https:\/\/odavprint.ee\/et\/wp-json\/wp\/v2\/product_cat?post=194132"},{"taxonomy":"product_tag","embeddable":true,"href":"https:\/\/odavprint.ee\/et\/wp-json\/wp\/v2\/product_tag?post=194132"}],"curies":[{"name":"wp","href":"https:\/\/api.w.org\/{rel}","templated":true}]}}