{"id":194407,"date":"2023-09-06T16:04:30","date_gmt":"2023-09-06T13:04:30","guid":{"rendered":"https:\/\/odavprint.ee\/product\/bic-pencils-evolution-fluo-hb-set-4-pcs-446199\/"},"modified":"2024-01-15T22:30:30","modified_gmt":"2024-01-15T20:30:30","slug":"bic-pencils-evolution-fluo-hb-set-4-pcs-446199","status":"publish","type":"product","link":"https:\/\/odavprint.ee\/et\/product\/bic-pencils-evolution-fluo-hb-set-4-pcs-446199\/","title":{"rendered":"BIC pencils EVOLUTION FLUO, HB, Set 4 pcs. 446199"},"content":{"rendered":"<p>Ultra resistant graphite pencil: modern colors. Colored wood &#8211; free resin pencil available in 4 fluo barrel colors. Hexagonal graphite barrel. Chew resistant, does not splinter when broken. Ultra resistant HB lead, does not break when fall down. In case of fracture does not leave splinters \u2013 safe to use for children, no danger to harm hands with wooden splinters.<\/p>\n","protected":false},"excerpt":{"rendered":"<p>Ultra resistant graphite pencil: modern colors. Colored wood &#8211; free resin pencil available in 4 fluo barrel colors. Hexagonal graphite barrel. Chew resistant, does not splinter when broken. Ultra resistant HB lead, does not break when fall down. In case of fracture does not leave splinters \u2013 safe to use for children, no danger to [&#8230;]\n","protected":false},"featured_media":194408,"template":"","meta":{"inline_featured_image":false},"product_cat":[39137],"product_tag":[],"yoast_head":"<!-- This site is optimized with the Yoast SEO Premium plugin v23.0 (Yoast SEO v23.0) - https:\/\/yoast.com\/wordpress\/plugins\/seo\/ -->\n<title>BIC pencils EVOLUTION FLUO, HB, Set 4 pcs. 446199, hea hinnaga, osta e-pood - Odav Print<\/title>\n<meta name=\"description\" content=\"Osta BIC pencils EVOLUTION FLUO, HB, Set 4 pcs. 446199 Odav Print \u260e +372 5911 9495 \u2714\ufe0f Parim hind BIC pencils EVOLUTION FLUO, HB, Set 4 pcs. 446199 jaoks \u26df Kiire kohaletoimetamine Eestis \u2b50 Garanteeritud\" \/>\n<meta name=\"robots\" content=\"index, follow, max-snippet:-1, max-image-preview:large, max-video-preview:-1\" \/>\n<link rel=\"canonical\" href=\"https:\/\/odavprint.ee\/et\/product\/bic-pencils-evolution-fluo-hb-set-4-pcs-446199\/\" \/>\n<meta property=\"og:locale\" content=\"et_EE\" \/>\n<meta property=\"og:type\" content=\"article\" \/>\n<meta property=\"og:title\" content=\"BIC pencils EVOLUTION FLUO, HB, Set 4 pcs. 446199\" \/>\n<meta property=\"og:description\" content=\"Osta BIC pencils EVOLUTION FLUO, HB, Set 4 pcs. 446199 Odav Print \u260e +372 5911 9495 \u2714\ufe0f Parim hind BIC pencils EVOLUTION FLUO, HB, Set 4 pcs. 446199 jaoks \u26df Kiire kohaletoimetamine Eestis \u2b50 Garanteeritud\" \/>\n<meta property=\"og:url\" content=\"https:\/\/odavprint.ee\/et\/product\/bic-pencils-evolution-fluo-hb-set-4-pcs-446199\/\" \/>\n<meta property=\"og:site_name\" content=\"Odav Print\" \/>\n<meta property=\"article:modified_time\" content=\"2024-01-15T20:30:30+00:00\" \/>\n<meta property=\"og:image\" content=\"https:\/\/odavprint.ee\/wp-content\/uploads\/2023\/09\/194407_2.jpg\" \/>\n\t<meta property=\"og:image:width\" content=\"500\" \/>\n\t<meta property=\"og:image:height\" content=\"500\" \/>\n\t<meta property=\"og:image:type\" content=\"image\/jpeg\" \/>\n<meta name=\"twitter:card\" content=\"summary_large_image\" \/>\n<meta name=\"twitter:label1\" content=\"Price\" \/>\n\t<meta name=\"twitter:data1\" content=\"&euro;2.10\" \/>\n\t<meta name=\"twitter:label2\" content=\"Availability\" \/>\n\t<meta name=\"twitter:data2\" content=\"Out of stock\" \/>\n<script type=\"application\/ld+json\" class=\"yoast-schema-graph\">{\"@context\":\"https:\/\/schema.org\",\"@graph\":[{\"@type\":[\"WebPage\",\"ItemPage\"],\"@id\":\"https:\/\/odavprint.ee\/et\/product\/bic-pencils-evolution-fluo-hb-set-4-pcs-446199\/\",\"url\":\"https:\/\/odavprint.ee\/et\/product\/bic-pencils-evolution-fluo-hb-set-4-pcs-446199\/\",\"name\":\"BIC pencils EVOLUTION FLUO, HB, Set 4 pcs. 446199, hea hinnaga, osta e-pood - Odav Print\",\"isPartOf\":{\"@id\":\"https:\/\/odavprint.ee\/et\/#website\"},\"primaryImageOfPage\":{\"@id\":\"https:\/\/odavprint.ee\/et\/product\/bic-pencils-evolution-fluo-hb-set-4-pcs-446199\/#primaryimage\"},\"image\":{\"@id\":\"https:\/\/odavprint.ee\/et\/product\/bic-pencils-evolution-fluo-hb-set-4-pcs-446199\/#primaryimage\"},\"thumbnailUrl\":\"https:\/\/odavprint.ee\/wp-content\/uploads\/2023\/09\/194407_2.jpg\",\"datePublished\":\"2023-09-06T13:04:30+00:00\",\"dateModified\":\"2024-01-15T20:30:30+00:00\",\"description\":\"Osta BIC pencils EVOLUTION FLUO, HB, Set 4 pcs. 446199 Odav Print \u260e +372 5911 9495 \u2714\ufe0f Parim hind BIC pencils EVOLUTION FLUO, HB, Set 4 pcs. 446199 jaoks \u26df Kiire kohaletoimetamine Eestis \u2b50 Garanteeritud\",\"breadcrumb\":{\"@id\":\"https:\/\/odavprint.ee\/et\/product\/bic-pencils-evolution-fluo-hb-set-4-pcs-446199\/#breadcrumb\"},\"inLanguage\":\"et\",\"potentialAction\":[{\"@type\":\"ReadAction\",\"target\":[\"https:\/\/odavprint.ee\/et\/product\/bic-pencils-evolution-fluo-hb-set-4-pcs-446199\/\"]}]},{\"@type\":\"ImageObject\",\"inLanguage\":\"et\",\"@id\":\"https:\/\/odavprint.ee\/et\/product\/bic-pencils-evolution-fluo-hb-set-4-pcs-446199\/#primaryimage\",\"url\":\"https:\/\/odavprint.ee\/wp-content\/uploads\/2023\/09\/194407_2.jpg\",\"contentUrl\":\"https:\/\/odavprint.ee\/wp-content\/uploads\/2023\/09\/194407_2.jpg\",\"width\":500,\"height\":500},{\"@type\":\"BreadcrumbList\",\"@id\":\"https:\/\/odavprint.ee\/et\/product\/bic-pencils-evolution-fluo-hb-set-4-pcs-446199\/#breadcrumb\",\"itemListElement\":[{\"@type\":\"ListItem\",\"position\":1,\"name\":\"Home\",\"item\":\"https:\/\/odavprint.ee\/et\/esileht\/\"},{\"@type\":\"ListItem\",\"position\":2,\"name\":\"E-pood\",\"item\":\"https:\/\/odavprint.ee\/et\/shop\/\"},{\"@type\":\"ListItem\",\"position\":3,\"name\":\"BIC pencils EVOLUTION FLUO, HB, Set 4 pcs. 446199\"}]},{\"@type\":\"WebSite\",\"@id\":\"https:\/\/odavprint.ee\/et\/#website\",\"url\":\"https:\/\/odavprint.ee\/et\/\",\"name\":\"Odav Print\",\"description\":\"Just another WordPress site\",\"publisher\":{\"@id\":\"https:\/\/odavprint.ee\/et\/#organization\"},\"alternateName\":\"Kassettide, toonerite t\u00e4itmine ja m\u00fc\u00fck.\",\"potentialAction\":[{\"@type\":\"SearchAction\",\"target\":{\"@type\":\"EntryPoint\",\"urlTemplate\":\"https:\/\/odavprint.ee\/et\/?s={search_term_string}\"},\"query-input\":\"required name=search_term_string\"}],\"inLanguage\":\"et\"},{\"@type\":[\"Organization\",\"Place\"],\"@id\":\"https:\/\/odavprint.ee\/et\/#organization\",\"name\":\"Odav Print O\u00dc\",\"url\":\"https:\/\/odavprint.ee\/et\/\",\"logo\":{\"@id\":\"https:\/\/odavprint.ee\/et\/product\/bic-pencils-evolution-fluo-hb-set-4-pcs-446199\/#local-main-organization-logo\"},\"image\":{\"@id\":\"https:\/\/odavprint.ee\/et\/product\/bic-pencils-evolution-fluo-hb-set-4-pcs-446199\/#local-main-organization-logo\"},\"address\":{\"@id\":\"https:\/\/odavprint.ee\/et\/product\/bic-pencils-evolution-fluo-hb-set-4-pcs-446199\/#local-main-place-address\"},\"geo\":{\"@type\":\"GeoCoordinates\",\"latitude\":\"59.4306504\",\"longitude\":\"24.8095743\"},\"telephone\":[\"53836926\"],\"openingHoursSpecification\":[{\"@type\":\"OpeningHoursSpecification\",\"dayOfWeek\":[\"Monday\",\"Tuesday\",\"Wednesday\",\"Thursday\",\"Friday\",\"Saturday\",\"Sunday\"],\"opens\":\"09:00\",\"closes\":\"17:00\"}],\"email\":\"info@odavprint.eu\"},{\"@type\":\"PostalAddress\",\"@id\":\"https:\/\/odavprint.ee\/et\/product\/bic-pencils-evolution-fluo-hb-set-4-pcs-446199\/#local-main-place-address\",\"streetAddress\":\"Pae tn 28\",\"addressLocality\":\"Tallinn\",\"postalCode\":\"11415\",\"addressRegion\":\"Harjumaa\",\"addressCountry\":\"EE\"},{\"@type\":\"ImageObject\",\"inLanguage\":\"et\",\"@id\":\"https:\/\/odavprint.ee\/et\/product\/bic-pencils-evolution-fluo-hb-set-4-pcs-446199\/#local-main-organization-logo\",\"url\":\"https:\/\/odavprint.ee\/wp-content\/uploads\/2018\/10\/odavprint-logo-240.jpg\",\"contentUrl\":\"https:\/\/odavprint.ee\/wp-content\/uploads\/2018\/10\/odavprint-logo-240.jpg\",\"width\":240,\"height\":36,\"caption\":\"Odav Print O\u00dc\"}]}<\/script>\n<meta property=\"product:price:amount\" content=\"2.10\" \/>\n<meta property=\"product:price:currency\" content=\"EUR\" \/>\n<meta property=\"og:availability\" content=\"out of stock\" \/>\n<meta property=\"product:availability\" content=\"out of stock\" \/>\n<meta property=\"product:retailer_item_id\" content=\"940758\" \/>\n<meta property=\"product:condition\" content=\"new\" \/>\n<meta name=\"geo.placename\" content=\"Tallinn\" \/>\n<meta name=\"geo.position\" content=\"59.4306504;24.8095743\" \/>\n<meta name=\"geo.region\" content=\"Estonia\" \/>\n<!-- \/ Yoast SEO Premium plugin. -->","yoast_head_json":{"title":"BIC pencils EVOLUTION FLUO, HB, Set 4 pcs. 446199, hea hinnaga, osta e-pood - Odav Print","description":"Osta BIC pencils EVOLUTION FLUO, HB, Set 4 pcs. 446199 Odav Print \u260e +372 5911 9495 \u2714\ufe0f Parim hind BIC pencils EVOLUTION FLUO, HB, Set 4 pcs. 446199 jaoks \u26df Kiire kohaletoimetamine Eestis \u2b50 Garanteeritud","robots":{"index":"index","follow":"follow","max-snippet":"max-snippet:-1","max-image-preview":"max-image-preview:large","max-video-preview":"max-video-preview:-1"},"canonical":"https:\/\/odavprint.ee\/et\/product\/bic-pencils-evolution-fluo-hb-set-4-pcs-446199\/","og_locale":"et_EE","og_type":"article","og_title":"BIC pencils EVOLUTION FLUO, HB, Set 4 pcs. 446199","og_description":"Osta BIC pencils EVOLUTION FLUO, HB, Set 4 pcs. 446199 Odav Print \u260e +372 5911 9495 \u2714\ufe0f Parim hind BIC pencils EVOLUTION FLUO, HB, Set 4 pcs. 446199 jaoks \u26df Kiire kohaletoimetamine Eestis \u2b50 Garanteeritud","og_url":"https:\/\/odavprint.ee\/et\/product\/bic-pencils-evolution-fluo-hb-set-4-pcs-446199\/","og_site_name":"Odav Print","article_modified_time":"2024-01-15T20:30:30+00:00","og_image":[{"width":500,"height":500,"url":"https:\/\/odavprint.ee\/wp-content\/uploads\/2023\/09\/194407_2.jpg","type":"image\/jpeg"}],"twitter_card":"summary_large_image","twitter_misc":{"Price":"&euro;2.10","Availability":"Out of stock"},"schema":{"@context":"https:\/\/schema.org","@graph":[{"@type":["WebPage","ItemPage"],"@id":"https:\/\/odavprint.ee\/et\/product\/bic-pencils-evolution-fluo-hb-set-4-pcs-446199\/","url":"https:\/\/odavprint.ee\/et\/product\/bic-pencils-evolution-fluo-hb-set-4-pcs-446199\/","name":"BIC pencils EVOLUTION FLUO, HB, Set 4 pcs. 446199, hea hinnaga, osta e-pood - Odav Print","isPartOf":{"@id":"https:\/\/odavprint.ee\/et\/#website"},"primaryImageOfPage":{"@id":"https:\/\/odavprint.ee\/et\/product\/bic-pencils-evolution-fluo-hb-set-4-pcs-446199\/#primaryimage"},"image":{"@id":"https:\/\/odavprint.ee\/et\/product\/bic-pencils-evolution-fluo-hb-set-4-pcs-446199\/#primaryimage"},"thumbnailUrl":"https:\/\/odavprint.ee\/wp-content\/uploads\/2023\/09\/194407_2.jpg","datePublished":"2023-09-06T13:04:30+00:00","dateModified":"2024-01-15T20:30:30+00:00","description":"Osta BIC pencils EVOLUTION FLUO, HB, Set 4 pcs. 446199 Odav Print \u260e +372 5911 9495 \u2714\ufe0f Parim hind BIC pencils EVOLUTION FLUO, HB, Set 4 pcs. 446199 jaoks \u26df Kiire kohaletoimetamine Eestis \u2b50 Garanteeritud","breadcrumb":{"@id":"https:\/\/odavprint.ee\/et\/product\/bic-pencils-evolution-fluo-hb-set-4-pcs-446199\/#breadcrumb"},"inLanguage":"et","potentialAction":[{"@type":"ReadAction","target":["https:\/\/odavprint.ee\/et\/product\/bic-pencils-evolution-fluo-hb-set-4-pcs-446199\/"]}]},{"@type":"ImageObject","inLanguage":"et","@id":"https:\/\/odavprint.ee\/et\/product\/bic-pencils-evolution-fluo-hb-set-4-pcs-446199\/#primaryimage","url":"https:\/\/odavprint.ee\/wp-content\/uploads\/2023\/09\/194407_2.jpg","contentUrl":"https:\/\/odavprint.ee\/wp-content\/uploads\/2023\/09\/194407_2.jpg","width":500,"height":500},{"@type":"BreadcrumbList","@id":"https:\/\/odavprint.ee\/et\/product\/bic-pencils-evolution-fluo-hb-set-4-pcs-446199\/#breadcrumb","itemListElement":[{"@type":"ListItem","position":1,"name":"Home","item":"https:\/\/odavprint.ee\/et\/esileht\/"},{"@type":"ListItem","position":2,"name":"E-pood","item":"https:\/\/odavprint.ee\/et\/shop\/"},{"@type":"ListItem","position":3,"name":"BIC pencils EVOLUTION FLUO, HB, Set 4 pcs. 446199"}]},{"@type":"WebSite","@id":"https:\/\/odavprint.ee\/et\/#website","url":"https:\/\/odavprint.ee\/et\/","name":"Odav Print","description":"Just another WordPress site","publisher":{"@id":"https:\/\/odavprint.ee\/et\/#organization"},"alternateName":"Kassettide, toonerite t\u00e4itmine ja m\u00fc\u00fck.","potentialAction":[{"@type":"SearchAction","target":{"@type":"EntryPoint","urlTemplate":"https:\/\/odavprint.ee\/et\/?s={search_term_string}"},"query-input":"required name=search_term_string"}],"inLanguage":"et"},{"@type":["Organization","Place"],"@id":"https:\/\/odavprint.ee\/et\/#organization","name":"Odav Print O\u00dc","url":"https:\/\/odavprint.ee\/et\/","logo":{"@id":"https:\/\/odavprint.ee\/et\/product\/bic-pencils-evolution-fluo-hb-set-4-pcs-446199\/#local-main-organization-logo"},"image":{"@id":"https:\/\/odavprint.ee\/et\/product\/bic-pencils-evolution-fluo-hb-set-4-pcs-446199\/#local-main-organization-logo"},"address":{"@id":"https:\/\/odavprint.ee\/et\/product\/bic-pencils-evolution-fluo-hb-set-4-pcs-446199\/#local-main-place-address"},"geo":{"@type":"GeoCoordinates","latitude":"59.4306504","longitude":"24.8095743"},"telephone":["53836926"],"openingHoursSpecification":[{"@type":"OpeningHoursSpecification","dayOfWeek":["Monday","Tuesday","Wednesday","Thursday","Friday","Saturday","Sunday"],"opens":"09:00","closes":"17:00"}],"email":"info@odavprint.eu"},{"@type":"PostalAddress","@id":"https:\/\/odavprint.ee\/et\/product\/bic-pencils-evolution-fluo-hb-set-4-pcs-446199\/#local-main-place-address","streetAddress":"Pae tn 28","addressLocality":"Tallinn","postalCode":"11415","addressRegion":"Harjumaa","addressCountry":"EE"},{"@type":"ImageObject","inLanguage":"et","@id":"https:\/\/odavprint.ee\/et\/product\/bic-pencils-evolution-fluo-hb-set-4-pcs-446199\/#local-main-organization-logo","url":"https:\/\/odavprint.ee\/wp-content\/uploads\/2018\/10\/odavprint-logo-240.jpg","contentUrl":"https:\/\/odavprint.ee\/wp-content\/uploads\/2018\/10\/odavprint-logo-240.jpg","width":240,"height":36,"caption":"Odav Print O\u00dc"}]},"product_price_amount":"2.10","product_price_currency":"EUR","og_availability":"out of stock","product_availability":"out of stock","product_retailer_item_id":"940758","product_condition":"new","geo.placename":"Tallinn","geo.position":{"lat":"59.4306504","long":"24.8095743"},"geo.region":"Estonia"},"_links":{"self":[{"href":"https:\/\/odavprint.ee\/et\/wp-json\/wp\/v2\/product\/194407"}],"collection":[{"href":"https:\/\/odavprint.ee\/et\/wp-json\/wp\/v2\/product"}],"about":[{"href":"https:\/\/odavprint.ee\/et\/wp-json\/wp\/v2\/types\/product"}],"wp:featuredmedia":[{"embeddable":true,"href":"https:\/\/odavprint.ee\/et\/wp-json\/wp\/v2\/media\/194408"}],"wp:attachment":[{"href":"https:\/\/odavprint.ee\/et\/wp-json\/wp\/v2\/media?parent=194407"}],"wp:term":[{"taxonomy":"product_cat","embeddable":true,"href":"https:\/\/odavprint.ee\/et\/wp-json\/wp\/v2\/product_cat?post=194407"},{"taxonomy":"product_tag","embeddable":true,"href":"https:\/\/odavprint.ee\/et\/wp-json\/wp\/v2\/product_tag?post=194407"}],"curies":[{"name":"wp","href":"https:\/\/api.w.org\/{rel}","templated":true}]}}