{"id":194412,"date":"2023-09-06T16:04:31","date_gmt":"2023-09-06T13:04:31","guid":{"rendered":"https:\/\/odavprint.ee\/product\/bic-permanent-marking-set-2-pcs-gold-and-silver-302259\/"},"modified":"2023-09-06T16:04:31","modified_gmt":"2023-09-06T13:04:31","slug":"bic-permanent-marking-set-2-pcs-gold-and-silver-302259","status":"publish","type":"product","link":"https:\/\/odavprint.ee\/et\/product\/bic-permanent-marking-set-2-pcs-gold-and-silver-302259\/","title":{"rendered":"BIC Permanent MARKING set 2 pcs. gold and silver 302259"},"content":{"rendered":"<p>Permanent, water &#8211; based marker with metallic effect. Permanent water &#8211; based higlighter. Ideal for arts and crafts. Water based. Writes on most surfaces, such as metal, paper, plastic, photos.<br \/>\nRubber grip for comfort and control. Medium 1,8 mm tip gives line width of 0,8 mm. <\/p>\n","protected":false},"excerpt":{"rendered":"<p>Permanent, water &#8211; based marker with metallic effect. Permanent water &#8211; based higlighter. Ideal for arts and crafts. Water based. Writes on most surfaces, such as metal, paper, plastic, photos. Rubber grip for comfort and control. Medium 1,8 mm tip gives line width of 0,8 mm.<\/p>\n","protected":false},"featured_media":194413,"template":"","meta":{"inline_featured_image":false},"product_cat":[14825],"product_tag":[],"yoast_head":"<!-- This site is optimized with the Yoast SEO Premium plugin v23.0 (Yoast SEO v23.0) - https:\/\/yoast.com\/wordpress\/plugins\/seo\/ -->\n<title>BIC Permanent MARKING set 2 pcs. gold and silver 302259, hea hinnaga, osta e-pood - Odav Print<\/title>\n<meta name=\"description\" content=\"Osta BIC Permanent MARKING set 2 pcs. gold and silver 302259 Odav Print \u260e +372 5911 9495 \u2714\ufe0f Parim hind BIC Permanent MARKING set 2 pcs. gold and silver 302259 jaoks \u26df Kiire kohaletoimetamine Eestis \u2b50 Garanteeritud\" \/>\n<meta name=\"robots\" content=\"index, follow, max-snippet:-1, max-image-preview:large, max-video-preview:-1\" \/>\n<link rel=\"canonical\" href=\"https:\/\/odavprint.ee\/et\/product\/bic-permanent-marking-set-2-pcs-gold-and-silver-302259\/\" \/>\n<meta property=\"og:locale\" content=\"et_EE\" \/>\n<meta property=\"og:type\" content=\"article\" \/>\n<meta property=\"og:title\" content=\"BIC Permanent MARKING set 2 pcs. gold and silver 302259\" \/>\n<meta property=\"og:description\" content=\"Osta BIC Permanent MARKING set 2 pcs. gold and silver 302259 Odav Print \u260e +372 5911 9495 \u2714\ufe0f Parim hind BIC Permanent MARKING set 2 pcs. gold and silver 302259 jaoks \u26df Kiire kohaletoimetamine Eestis \u2b50 Garanteeritud\" \/>\n<meta property=\"og:url\" content=\"https:\/\/odavprint.ee\/et\/product\/bic-permanent-marking-set-2-pcs-gold-and-silver-302259\/\" \/>\n<meta property=\"og:site_name\" content=\"Odav Print\" \/>\n<meta property=\"og:image\" content=\"https:\/\/odavprint.ee\/wp-content\/uploads\/2023\/09\/194412_bic_permanent_marking_gold_silver_900340.jpg\" \/>\n\t<meta property=\"og:image:width\" content=\"500\" \/>\n\t<meta property=\"og:image:height\" content=\"500\" \/>\n\t<meta property=\"og:image:type\" content=\"image\/jpeg\" \/>\n<meta name=\"twitter:card\" content=\"summary_large_image\" \/>\n<meta name=\"twitter:label1\" content=\"Price\" \/>\n\t<meta name=\"twitter:data1\" content=\"&euro;4.10\" \/>\n\t<meta name=\"twitter:label2\" content=\"Availability\" \/>\n\t<meta name=\"twitter:data2\" content=\"In stock\" \/>\n<script type=\"application\/ld+json\" class=\"yoast-schema-graph\">{\"@context\":\"https:\/\/schema.org\",\"@graph\":[{\"@type\":[\"WebPage\",\"ItemPage\"],\"@id\":\"https:\/\/odavprint.ee\/et\/product\/bic-permanent-marking-set-2-pcs-gold-and-silver-302259\/\",\"url\":\"https:\/\/odavprint.ee\/et\/product\/bic-permanent-marking-set-2-pcs-gold-and-silver-302259\/\",\"name\":\"BIC Permanent MARKING set 2 pcs. gold and silver 302259, hea hinnaga, osta e-pood - Odav Print\",\"isPartOf\":{\"@id\":\"https:\/\/odavprint.ee\/et\/#website\"},\"primaryImageOfPage\":{\"@id\":\"https:\/\/odavprint.ee\/et\/product\/bic-permanent-marking-set-2-pcs-gold-and-silver-302259\/#primaryimage\"},\"image\":{\"@id\":\"https:\/\/odavprint.ee\/et\/product\/bic-permanent-marking-set-2-pcs-gold-and-silver-302259\/#primaryimage\"},\"thumbnailUrl\":\"https:\/\/odavprint.ee\/wp-content\/uploads\/2023\/09\/194412_bic_permanent_marking_gold_silver_900340.jpg\",\"datePublished\":\"2023-09-06T13:04:31+00:00\",\"dateModified\":\"2023-09-06T13:04:31+00:00\",\"description\":\"Osta BIC Permanent MARKING set 2 pcs. gold and silver 302259 Odav Print \u260e +372 5911 9495 \u2714\ufe0f Parim hind BIC Permanent MARKING set 2 pcs. gold and silver 302259 jaoks \u26df Kiire kohaletoimetamine Eestis \u2b50 Garanteeritud\",\"breadcrumb\":{\"@id\":\"https:\/\/odavprint.ee\/et\/product\/bic-permanent-marking-set-2-pcs-gold-and-silver-302259\/#breadcrumb\"},\"inLanguage\":\"et\",\"potentialAction\":[{\"@type\":\"ReadAction\",\"target\":[\"https:\/\/odavprint.ee\/et\/product\/bic-permanent-marking-set-2-pcs-gold-and-silver-302259\/\"]}]},{\"@type\":\"ImageObject\",\"inLanguage\":\"et\",\"@id\":\"https:\/\/odavprint.ee\/et\/product\/bic-permanent-marking-set-2-pcs-gold-and-silver-302259\/#primaryimage\",\"url\":\"https:\/\/odavprint.ee\/wp-content\/uploads\/2023\/09\/194412_bic_permanent_marking_gold_silver_900340.jpg\",\"contentUrl\":\"https:\/\/odavprint.ee\/wp-content\/uploads\/2023\/09\/194412_bic_permanent_marking_gold_silver_900340.jpg\",\"width\":500,\"height\":500},{\"@type\":\"BreadcrumbList\",\"@id\":\"https:\/\/odavprint.ee\/et\/product\/bic-permanent-marking-set-2-pcs-gold-and-silver-302259\/#breadcrumb\",\"itemListElement\":[{\"@type\":\"ListItem\",\"position\":1,\"name\":\"Home\",\"item\":\"https:\/\/odavprint.ee\/et\/esileht\/\"},{\"@type\":\"ListItem\",\"position\":2,\"name\":\"E-pood\",\"item\":\"https:\/\/odavprint.ee\/et\/shop\/\"},{\"@type\":\"ListItem\",\"position\":3,\"name\":\"BIC Permanent MARKING set 2 pcs. gold and silver 302259\"}]},{\"@type\":\"WebSite\",\"@id\":\"https:\/\/odavprint.ee\/et\/#website\",\"url\":\"https:\/\/odavprint.ee\/et\/\",\"name\":\"Odav Print\",\"description\":\"Just another WordPress site\",\"publisher\":{\"@id\":\"https:\/\/odavprint.ee\/et\/#organization\"},\"alternateName\":\"Kassettide, toonerite t\u00e4itmine ja m\u00fc\u00fck.\",\"potentialAction\":[{\"@type\":\"SearchAction\",\"target\":{\"@type\":\"EntryPoint\",\"urlTemplate\":\"https:\/\/odavprint.ee\/et\/?s={search_term_string}\"},\"query-input\":\"required name=search_term_string\"}],\"inLanguage\":\"et\"},{\"@type\":[\"Organization\",\"Place\"],\"@id\":\"https:\/\/odavprint.ee\/et\/#organization\",\"name\":\"Odav Print O\u00dc\",\"url\":\"https:\/\/odavprint.ee\/et\/\",\"logo\":{\"@id\":\"https:\/\/odavprint.ee\/et\/product\/bic-permanent-marking-set-2-pcs-gold-and-silver-302259\/#local-main-organization-logo\"},\"image\":{\"@id\":\"https:\/\/odavprint.ee\/et\/product\/bic-permanent-marking-set-2-pcs-gold-and-silver-302259\/#local-main-organization-logo\"},\"address\":{\"@id\":\"https:\/\/odavprint.ee\/et\/product\/bic-permanent-marking-set-2-pcs-gold-and-silver-302259\/#local-main-place-address\"},\"geo\":{\"@type\":\"GeoCoordinates\",\"latitude\":\"59.4306504\",\"longitude\":\"24.8095743\"},\"telephone\":[\"53836926\"],\"openingHoursSpecification\":[{\"@type\":\"OpeningHoursSpecification\",\"dayOfWeek\":[\"Monday\",\"Tuesday\",\"Wednesday\",\"Thursday\",\"Friday\",\"Saturday\",\"Sunday\"],\"opens\":\"09:00\",\"closes\":\"17:00\"}],\"email\":\"info@odavprint.eu\"},{\"@type\":\"PostalAddress\",\"@id\":\"https:\/\/odavprint.ee\/et\/product\/bic-permanent-marking-set-2-pcs-gold-and-silver-302259\/#local-main-place-address\",\"streetAddress\":\"Pae tn 28\",\"addressLocality\":\"Tallinn\",\"postalCode\":\"11415\",\"addressRegion\":\"Harjumaa\",\"addressCountry\":\"EE\"},{\"@type\":\"ImageObject\",\"inLanguage\":\"et\",\"@id\":\"https:\/\/odavprint.ee\/et\/product\/bic-permanent-marking-set-2-pcs-gold-and-silver-302259\/#local-main-organization-logo\",\"url\":\"https:\/\/odavprint.ee\/wp-content\/uploads\/2018\/10\/odavprint-logo-240.jpg\",\"contentUrl\":\"https:\/\/odavprint.ee\/wp-content\/uploads\/2018\/10\/odavprint-logo-240.jpg\",\"width\":240,\"height\":36,\"caption\":\"Odav Print O\u00dc\"}]}<\/script>\n<meta property=\"product:price:amount\" content=\"4.10\" \/>\n<meta property=\"product:price:currency\" content=\"EUR\" \/>\n<meta property=\"og:availability\" content=\"instock\" \/>\n<meta property=\"product:availability\" content=\"instock\" \/>\n<meta property=\"product:retailer_item_id\" content=\"900340\" \/>\n<meta property=\"product:condition\" content=\"new\" \/>\n<meta name=\"geo.placename\" content=\"Tallinn\" \/>\n<meta name=\"geo.position\" content=\"59.4306504;24.8095743\" \/>\n<meta name=\"geo.region\" content=\"Estonia\" \/>\n<!-- \/ Yoast SEO Premium plugin. -->","yoast_head_json":{"title":"BIC Permanent MARKING set 2 pcs. gold and silver 302259, hea hinnaga, osta e-pood - Odav Print","description":"Osta BIC Permanent MARKING set 2 pcs. gold and silver 302259 Odav Print \u260e +372 5911 9495 \u2714\ufe0f Parim hind BIC Permanent MARKING set 2 pcs. gold and silver 302259 jaoks \u26df Kiire kohaletoimetamine Eestis \u2b50 Garanteeritud","robots":{"index":"index","follow":"follow","max-snippet":"max-snippet:-1","max-image-preview":"max-image-preview:large","max-video-preview":"max-video-preview:-1"},"canonical":"https:\/\/odavprint.ee\/et\/product\/bic-permanent-marking-set-2-pcs-gold-and-silver-302259\/","og_locale":"et_EE","og_type":"article","og_title":"BIC Permanent MARKING set 2 pcs. gold and silver 302259","og_description":"Osta BIC Permanent MARKING set 2 pcs. gold and silver 302259 Odav Print \u260e +372 5911 9495 \u2714\ufe0f Parim hind BIC Permanent MARKING set 2 pcs. gold and silver 302259 jaoks \u26df Kiire kohaletoimetamine Eestis \u2b50 Garanteeritud","og_url":"https:\/\/odavprint.ee\/et\/product\/bic-permanent-marking-set-2-pcs-gold-and-silver-302259\/","og_site_name":"Odav Print","og_image":[{"width":500,"height":500,"url":"https:\/\/odavprint.ee\/wp-content\/uploads\/2023\/09\/194412_bic_permanent_marking_gold_silver_900340.jpg","type":"image\/jpeg"}],"twitter_card":"summary_large_image","twitter_misc":{"Price":"&euro;4.10","Availability":"In stock"},"schema":{"@context":"https:\/\/schema.org","@graph":[{"@type":["WebPage","ItemPage"],"@id":"https:\/\/odavprint.ee\/et\/product\/bic-permanent-marking-set-2-pcs-gold-and-silver-302259\/","url":"https:\/\/odavprint.ee\/et\/product\/bic-permanent-marking-set-2-pcs-gold-and-silver-302259\/","name":"BIC Permanent MARKING set 2 pcs. gold and silver 302259, hea hinnaga, osta e-pood - Odav Print","isPartOf":{"@id":"https:\/\/odavprint.ee\/et\/#website"},"primaryImageOfPage":{"@id":"https:\/\/odavprint.ee\/et\/product\/bic-permanent-marking-set-2-pcs-gold-and-silver-302259\/#primaryimage"},"image":{"@id":"https:\/\/odavprint.ee\/et\/product\/bic-permanent-marking-set-2-pcs-gold-and-silver-302259\/#primaryimage"},"thumbnailUrl":"https:\/\/odavprint.ee\/wp-content\/uploads\/2023\/09\/194412_bic_permanent_marking_gold_silver_900340.jpg","datePublished":"2023-09-06T13:04:31+00:00","dateModified":"2023-09-06T13:04:31+00:00","description":"Osta BIC Permanent MARKING set 2 pcs. gold and silver 302259 Odav Print \u260e +372 5911 9495 \u2714\ufe0f Parim hind BIC Permanent MARKING set 2 pcs. gold and silver 302259 jaoks \u26df Kiire kohaletoimetamine Eestis \u2b50 Garanteeritud","breadcrumb":{"@id":"https:\/\/odavprint.ee\/et\/product\/bic-permanent-marking-set-2-pcs-gold-and-silver-302259\/#breadcrumb"},"inLanguage":"et","potentialAction":[{"@type":"ReadAction","target":["https:\/\/odavprint.ee\/et\/product\/bic-permanent-marking-set-2-pcs-gold-and-silver-302259\/"]}]},{"@type":"ImageObject","inLanguage":"et","@id":"https:\/\/odavprint.ee\/et\/product\/bic-permanent-marking-set-2-pcs-gold-and-silver-302259\/#primaryimage","url":"https:\/\/odavprint.ee\/wp-content\/uploads\/2023\/09\/194412_bic_permanent_marking_gold_silver_900340.jpg","contentUrl":"https:\/\/odavprint.ee\/wp-content\/uploads\/2023\/09\/194412_bic_permanent_marking_gold_silver_900340.jpg","width":500,"height":500},{"@type":"BreadcrumbList","@id":"https:\/\/odavprint.ee\/et\/product\/bic-permanent-marking-set-2-pcs-gold-and-silver-302259\/#breadcrumb","itemListElement":[{"@type":"ListItem","position":1,"name":"Home","item":"https:\/\/odavprint.ee\/et\/esileht\/"},{"@type":"ListItem","position":2,"name":"E-pood","item":"https:\/\/odavprint.ee\/et\/shop\/"},{"@type":"ListItem","position":3,"name":"BIC Permanent MARKING set 2 pcs. gold and silver 302259"}]},{"@type":"WebSite","@id":"https:\/\/odavprint.ee\/et\/#website","url":"https:\/\/odavprint.ee\/et\/","name":"Odav Print","description":"Just another WordPress site","publisher":{"@id":"https:\/\/odavprint.ee\/et\/#organization"},"alternateName":"Kassettide, toonerite t\u00e4itmine ja m\u00fc\u00fck.","potentialAction":[{"@type":"SearchAction","target":{"@type":"EntryPoint","urlTemplate":"https:\/\/odavprint.ee\/et\/?s={search_term_string}"},"query-input":"required name=search_term_string"}],"inLanguage":"et"},{"@type":["Organization","Place"],"@id":"https:\/\/odavprint.ee\/et\/#organization","name":"Odav Print O\u00dc","url":"https:\/\/odavprint.ee\/et\/","logo":{"@id":"https:\/\/odavprint.ee\/et\/product\/bic-permanent-marking-set-2-pcs-gold-and-silver-302259\/#local-main-organization-logo"},"image":{"@id":"https:\/\/odavprint.ee\/et\/product\/bic-permanent-marking-set-2-pcs-gold-and-silver-302259\/#local-main-organization-logo"},"address":{"@id":"https:\/\/odavprint.ee\/et\/product\/bic-permanent-marking-set-2-pcs-gold-and-silver-302259\/#local-main-place-address"},"geo":{"@type":"GeoCoordinates","latitude":"59.4306504","longitude":"24.8095743"},"telephone":["53836926"],"openingHoursSpecification":[{"@type":"OpeningHoursSpecification","dayOfWeek":["Monday","Tuesday","Wednesday","Thursday","Friday","Saturday","Sunday"],"opens":"09:00","closes":"17:00"}],"email":"info@odavprint.eu"},{"@type":"PostalAddress","@id":"https:\/\/odavprint.ee\/et\/product\/bic-permanent-marking-set-2-pcs-gold-and-silver-302259\/#local-main-place-address","streetAddress":"Pae tn 28","addressLocality":"Tallinn","postalCode":"11415","addressRegion":"Harjumaa","addressCountry":"EE"},{"@type":"ImageObject","inLanguage":"et","@id":"https:\/\/odavprint.ee\/et\/product\/bic-permanent-marking-set-2-pcs-gold-and-silver-302259\/#local-main-organization-logo","url":"https:\/\/odavprint.ee\/wp-content\/uploads\/2018\/10\/odavprint-logo-240.jpg","contentUrl":"https:\/\/odavprint.ee\/wp-content\/uploads\/2018\/10\/odavprint-logo-240.jpg","width":240,"height":36,"caption":"Odav Print O\u00dc"}]},"product_price_amount":"4.10","product_price_currency":"EUR","og_availability":"instock","product_availability":"instock","product_retailer_item_id":"900340","product_condition":"new","geo.placename":"Tallinn","geo.position":{"lat":"59.4306504","long":"24.8095743"},"geo.region":"Estonia"},"_links":{"self":[{"href":"https:\/\/odavprint.ee\/et\/wp-json\/wp\/v2\/product\/194412"}],"collection":[{"href":"https:\/\/odavprint.ee\/et\/wp-json\/wp\/v2\/product"}],"about":[{"href":"https:\/\/odavprint.ee\/et\/wp-json\/wp\/v2\/types\/product"}],"wp:featuredmedia":[{"embeddable":true,"href":"https:\/\/odavprint.ee\/et\/wp-json\/wp\/v2\/media\/194413"}],"wp:attachment":[{"href":"https:\/\/odavprint.ee\/et\/wp-json\/wp\/v2\/media?parent=194412"}],"wp:term":[{"taxonomy":"product_cat","embeddable":true,"href":"https:\/\/odavprint.ee\/et\/wp-json\/wp\/v2\/product_cat?post=194412"},{"taxonomy":"product_tag","embeddable":true,"href":"https:\/\/odavprint.ee\/et\/wp-json\/wp\/v2\/product_tag?post=194412"}],"curies":[{"name":"wp","href":"https:\/\/api.w.org\/{rel}","templated":true}]}}