{"id":194952,"date":"2023-09-06T17:02:35","date_gmt":"2023-09-06T14:02:35","guid":{"rendered":"https:\/\/odavprint.ee\/product\/colorino-kids-mix-poster-paints-metallic-glowing-neon-glitter\/"},"modified":"2023-09-06T17:02:35","modified_gmt":"2023-09-06T14:02:35","slug":"colorino-kids-mix-poster-paints-metallic-glowing-neon-glitter","status":"publish","type":"product","link":"https:\/\/odavprint.ee\/et\/product\/colorino-kids-mix-poster-paints-metallic-glowing-neon-glitter\/","title":{"rendered":"Colorino Kids Mix poster paints (metallic, glowing, neon , glitter)"},"content":{"rendered":"<p>Excellent covering water-soluble paints in 12 intense colours. The set includes two paints glowing at night! Thanks to velvety consistency paint, they spread perfectly on the painted surface.The colours can be easily mixed, allowing you to expand the available range of colours.They are suitable for painting on various surfaces, such as: paper, cardboard, wood, ceramics.Non-toxic.They have the necessary attestations and certificates.<\/p>\n","protected":false},"excerpt":{"rendered":"<p>Excellent covering water-soluble paints in 12 intense colours. The set includes two paints glowing at night! Thanks to velvety consistency paint, they spread perfectly on the painted surface.The colours can be easily mixed, allowing you to expand the available range of colours.They are suitable for painting on various surfaces, such as: paper, cardboard, wood, ceramics.Non-toxic.They [&#8230;]\n","protected":false},"featured_media":194953,"template":"","meta":{"inline_featured_image":false},"product_cat":[17185],"product_tag":[],"yoast_head":"<!-- This site is optimized with the Yoast SEO Premium plugin v23.0 (Yoast SEO v23.0) - https:\/\/yoast.com\/wordpress\/plugins\/seo\/ -->\n<title>Colorino Kids Mix poster paints (metallic, glowing, neon , glitter), hea hinnaga, osta e-pood - Odav Print<\/title>\n<meta name=\"description\" content=\"Osta Colorino Kids Mix poster paints (metallic, glowing, neon , glitter) Odav Print \u260e +372 5911 9495 \u2714\ufe0f Parim hind Colorino Kids Mix poster paints (metallic, glowing, neon , glitter) jaoks \u26df Kiire kohaletoimetamine Eestis \u2b50 Garanteeritud\" \/>\n<meta name=\"robots\" content=\"index, follow, max-snippet:-1, max-image-preview:large, max-video-preview:-1\" \/>\n<link rel=\"canonical\" href=\"https:\/\/odavprint.ee\/et\/product\/colorino-kids-mix-poster-paints-metallic-glowing-neon-glitter\/\" \/>\n<meta property=\"og:locale\" content=\"et_EE\" \/>\n<meta property=\"og:type\" content=\"article\" \/>\n<meta property=\"og:title\" content=\"Colorino Kids Mix poster paints (metallic, glowing, neon , glitter)\" \/>\n<meta property=\"og:description\" content=\"Osta Colorino Kids Mix poster paints (metallic, glowing, neon , glitter) Odav Print \u260e +372 5911 9495 \u2714\ufe0f Parim hind Colorino Kids Mix poster paints (metallic, glowing, neon , glitter) jaoks \u26df Kiire kohaletoimetamine Eestis \u2b50 Garanteeritud\" \/>\n<meta property=\"og:url\" content=\"https:\/\/odavprint.ee\/et\/product\/colorino-kids-mix-poster-paints-metallic-glowing-neon-glitter\/\" \/>\n<meta property=\"og:site_name\" content=\"Odav Print\" \/>\n<meta property=\"og:image\" content=\"https:\/\/odavprint.ee\/wp-content\/uploads\/2023\/09\/194952_eng_pl_poster_paints_20_ml_12_colours_mix_colorino_kids_42611ptr_23364_1.jpg\" \/>\n\t<meta property=\"og:image:width\" content=\"500\" \/>\n\t<meta property=\"og:image:height\" content=\"500\" \/>\n\t<meta property=\"og:image:type\" content=\"image\/jpeg\" \/>\n<meta name=\"twitter:card\" content=\"summary_large_image\" \/>\n<meta name=\"twitter:label1\" content=\"Price\" \/>\n\t<meta name=\"twitter:data1\" content=\"&euro;9.20\" \/>\n\t<meta name=\"twitter:label2\" content=\"Availability\" \/>\n\t<meta name=\"twitter:data2\" content=\"In stock\" \/>\n<script type=\"application\/ld+json\" class=\"yoast-schema-graph\">{\"@context\":\"https:\/\/schema.org\",\"@graph\":[{\"@type\":[\"WebPage\",\"ItemPage\"],\"@id\":\"https:\/\/odavprint.ee\/et\/product\/colorino-kids-mix-poster-paints-metallic-glowing-neon-glitter\/\",\"url\":\"https:\/\/odavprint.ee\/et\/product\/colorino-kids-mix-poster-paints-metallic-glowing-neon-glitter\/\",\"name\":\"Colorino Kids Mix poster paints (metallic, glowing, neon , glitter), hea hinnaga, osta e-pood - Odav Print\",\"isPartOf\":{\"@id\":\"https:\/\/odavprint.ee\/et\/#website\"},\"primaryImageOfPage\":{\"@id\":\"https:\/\/odavprint.ee\/et\/product\/colorino-kids-mix-poster-paints-metallic-glowing-neon-glitter\/#primaryimage\"},\"image\":{\"@id\":\"https:\/\/odavprint.ee\/et\/product\/colorino-kids-mix-poster-paints-metallic-glowing-neon-glitter\/#primaryimage\"},\"thumbnailUrl\":\"https:\/\/odavprint.ee\/wp-content\/uploads\/2023\/09\/194952_eng_pl_poster_paints_20_ml_12_colours_mix_colorino_kids_42611ptr_23364_1.jpg\",\"datePublished\":\"2023-09-06T14:02:35+00:00\",\"dateModified\":\"2023-09-06T14:02:35+00:00\",\"description\":\"Osta Colorino Kids Mix poster paints (metallic, glowing, neon , glitter) Odav Print \u260e +372 5911 9495 \u2714\ufe0f Parim hind Colorino Kids Mix poster paints (metallic, glowing, neon , glitter) jaoks \u26df Kiire kohaletoimetamine Eestis \u2b50 Garanteeritud\",\"breadcrumb\":{\"@id\":\"https:\/\/odavprint.ee\/et\/product\/colorino-kids-mix-poster-paints-metallic-glowing-neon-glitter\/#breadcrumb\"},\"inLanguage\":\"et\",\"potentialAction\":[{\"@type\":\"ReadAction\",\"target\":[\"https:\/\/odavprint.ee\/et\/product\/colorino-kids-mix-poster-paints-metallic-glowing-neon-glitter\/\"]}]},{\"@type\":\"ImageObject\",\"inLanguage\":\"et\",\"@id\":\"https:\/\/odavprint.ee\/et\/product\/colorino-kids-mix-poster-paints-metallic-glowing-neon-glitter\/#primaryimage\",\"url\":\"https:\/\/odavprint.ee\/wp-content\/uploads\/2023\/09\/194952_eng_pl_poster_paints_20_ml_12_colours_mix_colorino_kids_42611ptr_23364_1.jpg\",\"contentUrl\":\"https:\/\/odavprint.ee\/wp-content\/uploads\/2023\/09\/194952_eng_pl_poster_paints_20_ml_12_colours_mix_colorino_kids_42611ptr_23364_1.jpg\",\"width\":500,\"height\":500},{\"@type\":\"BreadcrumbList\",\"@id\":\"https:\/\/odavprint.ee\/et\/product\/colorino-kids-mix-poster-paints-metallic-glowing-neon-glitter\/#breadcrumb\",\"itemListElement\":[{\"@type\":\"ListItem\",\"position\":1,\"name\":\"Home\",\"item\":\"https:\/\/odavprint.ee\/et\/esileht\/\"},{\"@type\":\"ListItem\",\"position\":2,\"name\":\"E-pood\",\"item\":\"https:\/\/odavprint.ee\/et\/shop\/\"},{\"@type\":\"ListItem\",\"position\":3,\"name\":\"Colorino Kids Mix poster paints (metallic, glowing, neon , glitter)\"}]},{\"@type\":\"WebSite\",\"@id\":\"https:\/\/odavprint.ee\/et\/#website\",\"url\":\"https:\/\/odavprint.ee\/et\/\",\"name\":\"Odav Print\",\"description\":\"Just another WordPress site\",\"publisher\":{\"@id\":\"https:\/\/odavprint.ee\/et\/#organization\"},\"alternateName\":\"Kassettide, toonerite t\u00e4itmine ja m\u00fc\u00fck.\",\"potentialAction\":[{\"@type\":\"SearchAction\",\"target\":{\"@type\":\"EntryPoint\",\"urlTemplate\":\"https:\/\/odavprint.ee\/et\/?s={search_term_string}\"},\"query-input\":\"required name=search_term_string\"}],\"inLanguage\":\"et\"},{\"@type\":[\"Organization\",\"Place\"],\"@id\":\"https:\/\/odavprint.ee\/et\/#organization\",\"name\":\"Odav Print O\u00dc\",\"url\":\"https:\/\/odavprint.ee\/et\/\",\"logo\":{\"@id\":\"https:\/\/odavprint.ee\/et\/product\/colorino-kids-mix-poster-paints-metallic-glowing-neon-glitter\/#local-main-organization-logo\"},\"image\":{\"@id\":\"https:\/\/odavprint.ee\/et\/product\/colorino-kids-mix-poster-paints-metallic-glowing-neon-glitter\/#local-main-organization-logo\"},\"address\":{\"@id\":\"https:\/\/odavprint.ee\/et\/product\/colorino-kids-mix-poster-paints-metallic-glowing-neon-glitter\/#local-main-place-address\"},\"geo\":{\"@type\":\"GeoCoordinates\",\"latitude\":\"59.4306504\",\"longitude\":\"24.8095743\"},\"telephone\":[\"53836926\"],\"openingHoursSpecification\":[{\"@type\":\"OpeningHoursSpecification\",\"dayOfWeek\":[\"Monday\",\"Tuesday\",\"Wednesday\",\"Thursday\",\"Friday\",\"Saturday\",\"Sunday\"],\"opens\":\"09:00\",\"closes\":\"17:00\"}],\"email\":\"info@odavprint.eu\"},{\"@type\":\"PostalAddress\",\"@id\":\"https:\/\/odavprint.ee\/et\/product\/colorino-kids-mix-poster-paints-metallic-glowing-neon-glitter\/#local-main-place-address\",\"streetAddress\":\"Pae tn 28\",\"addressLocality\":\"Tallinn\",\"postalCode\":\"11415\",\"addressRegion\":\"Harjumaa\",\"addressCountry\":\"EE\"},{\"@type\":\"ImageObject\",\"inLanguage\":\"et\",\"@id\":\"https:\/\/odavprint.ee\/et\/product\/colorino-kids-mix-poster-paints-metallic-glowing-neon-glitter\/#local-main-organization-logo\",\"url\":\"https:\/\/odavprint.ee\/wp-content\/uploads\/2018\/10\/odavprint-logo-240.jpg\",\"contentUrl\":\"https:\/\/odavprint.ee\/wp-content\/uploads\/2018\/10\/odavprint-logo-240.jpg\",\"width\":240,\"height\":36,\"caption\":\"Odav Print O\u00dc\"}]}<\/script>\n<meta property=\"product:price:amount\" content=\"9.20\" \/>\n<meta property=\"product:price:currency\" content=\"EUR\" \/>\n<meta property=\"og:availability\" content=\"instock\" \/>\n<meta property=\"product:availability\" content=\"instock\" \/>\n<meta property=\"product:retailer_item_id\" content=\"42611PTR\" \/>\n<meta property=\"product:condition\" content=\"new\" \/>\n<meta name=\"geo.placename\" content=\"Tallinn\" \/>\n<meta name=\"geo.position\" content=\"59.4306504;24.8095743\" \/>\n<meta name=\"geo.region\" content=\"Estonia\" \/>\n<!-- \/ Yoast SEO Premium plugin. -->","yoast_head_json":{"title":"Colorino Kids Mix poster paints (metallic, glowing, neon , glitter), hea hinnaga, osta e-pood - Odav Print","description":"Osta Colorino Kids Mix poster paints (metallic, glowing, neon , glitter) Odav Print \u260e +372 5911 9495 \u2714\ufe0f Parim hind Colorino Kids Mix poster paints (metallic, glowing, neon , glitter) jaoks \u26df Kiire kohaletoimetamine Eestis \u2b50 Garanteeritud","robots":{"index":"index","follow":"follow","max-snippet":"max-snippet:-1","max-image-preview":"max-image-preview:large","max-video-preview":"max-video-preview:-1"},"canonical":"https:\/\/odavprint.ee\/et\/product\/colorino-kids-mix-poster-paints-metallic-glowing-neon-glitter\/","og_locale":"et_EE","og_type":"article","og_title":"Colorino Kids Mix poster paints (metallic, glowing, neon , glitter)","og_description":"Osta Colorino Kids Mix poster paints (metallic, glowing, neon , glitter) Odav Print \u260e +372 5911 9495 \u2714\ufe0f Parim hind Colorino Kids Mix poster paints (metallic, glowing, neon , glitter) jaoks \u26df Kiire kohaletoimetamine Eestis \u2b50 Garanteeritud","og_url":"https:\/\/odavprint.ee\/et\/product\/colorino-kids-mix-poster-paints-metallic-glowing-neon-glitter\/","og_site_name":"Odav Print","og_image":[{"width":500,"height":500,"url":"https:\/\/odavprint.ee\/wp-content\/uploads\/2023\/09\/194952_eng_pl_poster_paints_20_ml_12_colours_mix_colorino_kids_42611ptr_23364_1.jpg","type":"image\/jpeg"}],"twitter_card":"summary_large_image","twitter_misc":{"Price":"&euro;9.20","Availability":"In stock"},"schema":{"@context":"https:\/\/schema.org","@graph":[{"@type":["WebPage","ItemPage"],"@id":"https:\/\/odavprint.ee\/et\/product\/colorino-kids-mix-poster-paints-metallic-glowing-neon-glitter\/","url":"https:\/\/odavprint.ee\/et\/product\/colorino-kids-mix-poster-paints-metallic-glowing-neon-glitter\/","name":"Colorino Kids Mix poster paints (metallic, glowing, neon , glitter), hea hinnaga, osta e-pood - Odav Print","isPartOf":{"@id":"https:\/\/odavprint.ee\/et\/#website"},"primaryImageOfPage":{"@id":"https:\/\/odavprint.ee\/et\/product\/colorino-kids-mix-poster-paints-metallic-glowing-neon-glitter\/#primaryimage"},"image":{"@id":"https:\/\/odavprint.ee\/et\/product\/colorino-kids-mix-poster-paints-metallic-glowing-neon-glitter\/#primaryimage"},"thumbnailUrl":"https:\/\/odavprint.ee\/wp-content\/uploads\/2023\/09\/194952_eng_pl_poster_paints_20_ml_12_colours_mix_colorino_kids_42611ptr_23364_1.jpg","datePublished":"2023-09-06T14:02:35+00:00","dateModified":"2023-09-06T14:02:35+00:00","description":"Osta Colorino Kids Mix poster paints (metallic, glowing, neon , glitter) Odav Print \u260e +372 5911 9495 \u2714\ufe0f Parim hind Colorino Kids Mix poster paints (metallic, glowing, neon , glitter) jaoks \u26df Kiire kohaletoimetamine Eestis \u2b50 Garanteeritud","breadcrumb":{"@id":"https:\/\/odavprint.ee\/et\/product\/colorino-kids-mix-poster-paints-metallic-glowing-neon-glitter\/#breadcrumb"},"inLanguage":"et","potentialAction":[{"@type":"ReadAction","target":["https:\/\/odavprint.ee\/et\/product\/colorino-kids-mix-poster-paints-metallic-glowing-neon-glitter\/"]}]},{"@type":"ImageObject","inLanguage":"et","@id":"https:\/\/odavprint.ee\/et\/product\/colorino-kids-mix-poster-paints-metallic-glowing-neon-glitter\/#primaryimage","url":"https:\/\/odavprint.ee\/wp-content\/uploads\/2023\/09\/194952_eng_pl_poster_paints_20_ml_12_colours_mix_colorino_kids_42611ptr_23364_1.jpg","contentUrl":"https:\/\/odavprint.ee\/wp-content\/uploads\/2023\/09\/194952_eng_pl_poster_paints_20_ml_12_colours_mix_colorino_kids_42611ptr_23364_1.jpg","width":500,"height":500},{"@type":"BreadcrumbList","@id":"https:\/\/odavprint.ee\/et\/product\/colorino-kids-mix-poster-paints-metallic-glowing-neon-glitter\/#breadcrumb","itemListElement":[{"@type":"ListItem","position":1,"name":"Home","item":"https:\/\/odavprint.ee\/et\/esileht\/"},{"@type":"ListItem","position":2,"name":"E-pood","item":"https:\/\/odavprint.ee\/et\/shop\/"},{"@type":"ListItem","position":3,"name":"Colorino Kids Mix poster paints (metallic, glowing, neon , glitter)"}]},{"@type":"WebSite","@id":"https:\/\/odavprint.ee\/et\/#website","url":"https:\/\/odavprint.ee\/et\/","name":"Odav Print","description":"Just another WordPress site","publisher":{"@id":"https:\/\/odavprint.ee\/et\/#organization"},"alternateName":"Kassettide, toonerite t\u00e4itmine ja m\u00fc\u00fck.","potentialAction":[{"@type":"SearchAction","target":{"@type":"EntryPoint","urlTemplate":"https:\/\/odavprint.ee\/et\/?s={search_term_string}"},"query-input":"required name=search_term_string"}],"inLanguage":"et"},{"@type":["Organization","Place"],"@id":"https:\/\/odavprint.ee\/et\/#organization","name":"Odav Print O\u00dc","url":"https:\/\/odavprint.ee\/et\/","logo":{"@id":"https:\/\/odavprint.ee\/et\/product\/colorino-kids-mix-poster-paints-metallic-glowing-neon-glitter\/#local-main-organization-logo"},"image":{"@id":"https:\/\/odavprint.ee\/et\/product\/colorino-kids-mix-poster-paints-metallic-glowing-neon-glitter\/#local-main-organization-logo"},"address":{"@id":"https:\/\/odavprint.ee\/et\/product\/colorino-kids-mix-poster-paints-metallic-glowing-neon-glitter\/#local-main-place-address"},"geo":{"@type":"GeoCoordinates","latitude":"59.4306504","longitude":"24.8095743"},"telephone":["53836926"],"openingHoursSpecification":[{"@type":"OpeningHoursSpecification","dayOfWeek":["Monday","Tuesday","Wednesday","Thursday","Friday","Saturday","Sunday"],"opens":"09:00","closes":"17:00"}],"email":"info@odavprint.eu"},{"@type":"PostalAddress","@id":"https:\/\/odavprint.ee\/et\/product\/colorino-kids-mix-poster-paints-metallic-glowing-neon-glitter\/#local-main-place-address","streetAddress":"Pae tn 28","addressLocality":"Tallinn","postalCode":"11415","addressRegion":"Harjumaa","addressCountry":"EE"},{"@type":"ImageObject","inLanguage":"et","@id":"https:\/\/odavprint.ee\/et\/product\/colorino-kids-mix-poster-paints-metallic-glowing-neon-glitter\/#local-main-organization-logo","url":"https:\/\/odavprint.ee\/wp-content\/uploads\/2018\/10\/odavprint-logo-240.jpg","contentUrl":"https:\/\/odavprint.ee\/wp-content\/uploads\/2018\/10\/odavprint-logo-240.jpg","width":240,"height":36,"caption":"Odav Print O\u00dc"}]},"product_price_amount":"9.20","product_price_currency":"EUR","og_availability":"instock","product_availability":"instock","product_retailer_item_id":"42611PTR","product_condition":"new","geo.placename":"Tallinn","geo.position":{"lat":"59.4306504","long":"24.8095743"},"geo.region":"Estonia"},"_links":{"self":[{"href":"https:\/\/odavprint.ee\/et\/wp-json\/wp\/v2\/product\/194952"}],"collection":[{"href":"https:\/\/odavprint.ee\/et\/wp-json\/wp\/v2\/product"}],"about":[{"href":"https:\/\/odavprint.ee\/et\/wp-json\/wp\/v2\/types\/product"}],"wp:featuredmedia":[{"embeddable":true,"href":"https:\/\/odavprint.ee\/et\/wp-json\/wp\/v2\/media\/194953"}],"wp:attachment":[{"href":"https:\/\/odavprint.ee\/et\/wp-json\/wp\/v2\/media?parent=194952"}],"wp:term":[{"taxonomy":"product_cat","embeddable":true,"href":"https:\/\/odavprint.ee\/et\/wp-json\/wp\/v2\/product_cat?post=194952"},{"taxonomy":"product_tag","embeddable":true,"href":"https:\/\/odavprint.ee\/et\/wp-json\/wp\/v2\/product_tag?post=194952"}],"curies":[{"name":"wp","href":"https:\/\/api.w.org\/{rel}","templated":true}]}}