{"id":195052,"date":"2023-09-06T17:02:50","date_gmt":"2023-09-06T14:02:50","guid":{"rendered":"https:\/\/odavprint.ee\/product\/colorino-pastel-poster-paints-20-ml-12-colours\/"},"modified":"2023-09-06T17:02:51","modified_gmt":"2023-09-06T14:02:51","slug":"colorino-pastel-poster-paints-20-ml-12-colours","status":"publish","type":"product","link":"https:\/\/odavprint.ee\/et\/product\/colorino-pastel-poster-paints-20-ml-12-colours\/","title":{"rendered":"Colorino Pastel Poster paints 20 ml 12 colours"},"content":{"rendered":"<p>\u00a0Water-soluble paints in 12 lovely pastel colors. Thanks to velvety consistency paints perfectly spread on the painted surface. The colors can be easily mixed, which allows you to expand the available color palette. Suitable for painting on various surfaces such as: paper, cardboard, wood, ceramics. Non-toxic. They have the necessary approvals and certificates.<\/p>\n<ul>\n<li>Pastel colors,<\/li>\n<li>washable with water.<\/li>\n<li>non-toxic.<\/li>\n<\/ul>\n","protected":false},"excerpt":{"rendered":"<p>\u00a0Water-soluble paints in 12 lovely pastel colors. Thanks to velvety consistency paints perfectly spread on the painted surface. The colors can be easily mixed, which allows you to expand the available color palette. Suitable for painting on various surfaces such as: paper, cardboard, wood, ceramics. Non-toxic. They have the necessary approvals and certificates. Pastel colors, [&#8230;]\n","protected":false},"featured_media":195053,"template":"","meta":{"inline_featured_image":false},"product_cat":[17185],"product_tag":[],"yoast_head":"<!-- This site is optimized with the Yoast SEO Premium plugin v23.0 (Yoast SEO v23.0) - https:\/\/yoast.com\/wordpress\/plugins\/seo\/ -->\n<title>Colorino Pastel Poster paints 20 ml 12 colours, hea hinnaga, osta e-pood - Odav Print<\/title>\n<meta name=\"description\" content=\"Osta Colorino Pastel Poster paints 20 ml 12 colours Odav Print \u260e +372 5911 9495 \u2714\ufe0f Parim hind Colorino Pastel Poster paints 20 ml 12 colours jaoks \u26df Kiire kohaletoimetamine Eestis \u2b50 Garanteeritud\" \/>\n<meta name=\"robots\" content=\"index, follow, max-snippet:-1, max-image-preview:large, max-video-preview:-1\" \/>\n<link rel=\"canonical\" href=\"https:\/\/odavprint.ee\/et\/product\/colorino-pastel-poster-paints-20-ml-12-colours\/\" \/>\n<meta property=\"og:locale\" content=\"et_EE\" \/>\n<meta property=\"og:type\" content=\"article\" \/>\n<meta property=\"og:title\" content=\"Colorino Pastel Poster paints 20 ml 12 colours\" \/>\n<meta property=\"og:description\" content=\"Osta Colorino Pastel Poster paints 20 ml 12 colours Odav Print \u260e +372 5911 9495 \u2714\ufe0f Parim hind Colorino Pastel Poster paints 20 ml 12 colours jaoks \u26df Kiire kohaletoimetamine Eestis \u2b50 Garanteeritud\" \/>\n<meta property=\"og:url\" content=\"https:\/\/odavprint.ee\/et\/product\/colorino-pastel-poster-paints-20-ml-12-colours\/\" \/>\n<meta property=\"og:site_name\" content=\"Odav Print\" \/>\n<meta property=\"article:modified_time\" content=\"2023-09-06T14:02:51+00:00\" \/>\n<meta property=\"og:image\" content=\"https:\/\/odavprint.ee\/wp-content\/uploads\/2023\/09\/195052_5ace56e30adf27b46d822cc92bfe9e13.png\" \/>\n\t<meta property=\"og:image:width\" content=\"800\" \/>\n\t<meta property=\"og:image:height\" content=\"286\" \/>\n\t<meta property=\"og:image:type\" content=\"image\/png\" \/>\n<meta name=\"twitter:card\" content=\"summary_large_image\" \/>\n<meta name=\"twitter:label1\" content=\"Price\" \/>\n\t<meta name=\"twitter:data1\" content=\"&euro;6.60\" \/>\n\t<meta name=\"twitter:label2\" content=\"Availability\" \/>\n\t<meta name=\"twitter:data2\" content=\"In stock\" \/>\n<script type=\"application\/ld+json\" class=\"yoast-schema-graph\">{\"@context\":\"https:\/\/schema.org\",\"@graph\":[{\"@type\":[\"WebPage\",\"ItemPage\"],\"@id\":\"https:\/\/odavprint.ee\/et\/product\/colorino-pastel-poster-paints-20-ml-12-colours\/\",\"url\":\"https:\/\/odavprint.ee\/et\/product\/colorino-pastel-poster-paints-20-ml-12-colours\/\",\"name\":\"Colorino Pastel Poster paints 20 ml 12 colours, hea hinnaga, osta e-pood - Odav Print\",\"isPartOf\":{\"@id\":\"https:\/\/odavprint.ee\/et\/#website\"},\"primaryImageOfPage\":{\"@id\":\"https:\/\/odavprint.ee\/et\/product\/colorino-pastel-poster-paints-20-ml-12-colours\/#primaryimage\"},\"image\":{\"@id\":\"https:\/\/odavprint.ee\/et\/product\/colorino-pastel-poster-paints-20-ml-12-colours\/#primaryimage\"},\"thumbnailUrl\":\"https:\/\/odavprint.ee\/wp-content\/uploads\/2023\/09\/195052_5ace56e30adf27b46d822cc92bfe9e13.png\",\"datePublished\":\"2023-09-06T14:02:50+00:00\",\"dateModified\":\"2023-09-06T14:02:51+00:00\",\"description\":\"Osta Colorino Pastel Poster paints 20 ml 12 colours Odav Print \u260e +372 5911 9495 \u2714\ufe0f Parim hind Colorino Pastel Poster paints 20 ml 12 colours jaoks \u26df Kiire kohaletoimetamine Eestis \u2b50 Garanteeritud\",\"breadcrumb\":{\"@id\":\"https:\/\/odavprint.ee\/et\/product\/colorino-pastel-poster-paints-20-ml-12-colours\/#breadcrumb\"},\"inLanguage\":\"et\",\"potentialAction\":[{\"@type\":\"ReadAction\",\"target\":[\"https:\/\/odavprint.ee\/et\/product\/colorino-pastel-poster-paints-20-ml-12-colours\/\"]}]},{\"@type\":\"ImageObject\",\"inLanguage\":\"et\",\"@id\":\"https:\/\/odavprint.ee\/et\/product\/colorino-pastel-poster-paints-20-ml-12-colours\/#primaryimage\",\"url\":\"https:\/\/odavprint.ee\/wp-content\/uploads\/2023\/09\/195052_5ace56e30adf27b46d822cc92bfe9e13.png\",\"contentUrl\":\"https:\/\/odavprint.ee\/wp-content\/uploads\/2023\/09\/195052_5ace56e30adf27b46d822cc92bfe9e13.png\",\"width\":800,\"height\":286},{\"@type\":\"BreadcrumbList\",\"@id\":\"https:\/\/odavprint.ee\/et\/product\/colorino-pastel-poster-paints-20-ml-12-colours\/#breadcrumb\",\"itemListElement\":[{\"@type\":\"ListItem\",\"position\":1,\"name\":\"Home\",\"item\":\"https:\/\/odavprint.ee\/et\/esileht\/\"},{\"@type\":\"ListItem\",\"position\":2,\"name\":\"E-pood\",\"item\":\"https:\/\/odavprint.ee\/et\/shop\/\"},{\"@type\":\"ListItem\",\"position\":3,\"name\":\"Colorino Pastel Poster paints 20 ml 12 colours\"}]},{\"@type\":\"WebSite\",\"@id\":\"https:\/\/odavprint.ee\/et\/#website\",\"url\":\"https:\/\/odavprint.ee\/et\/\",\"name\":\"Odav Print\",\"description\":\"Just another WordPress site\",\"publisher\":{\"@id\":\"https:\/\/odavprint.ee\/et\/#organization\"},\"alternateName\":\"Kassettide, toonerite t\u00e4itmine ja m\u00fc\u00fck.\",\"potentialAction\":[{\"@type\":\"SearchAction\",\"target\":{\"@type\":\"EntryPoint\",\"urlTemplate\":\"https:\/\/odavprint.ee\/et\/?s={search_term_string}\"},\"query-input\":\"required name=search_term_string\"}],\"inLanguage\":\"et\"},{\"@type\":[\"Organization\",\"Place\"],\"@id\":\"https:\/\/odavprint.ee\/et\/#organization\",\"name\":\"Odav Print O\u00dc\",\"url\":\"https:\/\/odavprint.ee\/et\/\",\"logo\":{\"@id\":\"https:\/\/odavprint.ee\/et\/product\/colorino-pastel-poster-paints-20-ml-12-colours\/#local-main-organization-logo\"},\"image\":{\"@id\":\"https:\/\/odavprint.ee\/et\/product\/colorino-pastel-poster-paints-20-ml-12-colours\/#local-main-organization-logo\"},\"address\":{\"@id\":\"https:\/\/odavprint.ee\/et\/product\/colorino-pastel-poster-paints-20-ml-12-colours\/#local-main-place-address\"},\"geo\":{\"@type\":\"GeoCoordinates\",\"latitude\":\"59.4306504\",\"longitude\":\"24.8095743\"},\"telephone\":[\"53836926\"],\"openingHoursSpecification\":[{\"@type\":\"OpeningHoursSpecification\",\"dayOfWeek\":[\"Monday\",\"Tuesday\",\"Wednesday\",\"Thursday\",\"Friday\",\"Saturday\",\"Sunday\"],\"opens\":\"09:00\",\"closes\":\"17:00\"}],\"email\":\"info@odavprint.eu\"},{\"@type\":\"PostalAddress\",\"@id\":\"https:\/\/odavprint.ee\/et\/product\/colorino-pastel-poster-paints-20-ml-12-colours\/#local-main-place-address\",\"streetAddress\":\"Pae tn 28\",\"addressLocality\":\"Tallinn\",\"postalCode\":\"11415\",\"addressRegion\":\"Harjumaa\",\"addressCountry\":\"EE\"},{\"@type\":\"ImageObject\",\"inLanguage\":\"et\",\"@id\":\"https:\/\/odavprint.ee\/et\/product\/colorino-pastel-poster-paints-20-ml-12-colours\/#local-main-organization-logo\",\"url\":\"https:\/\/odavprint.ee\/wp-content\/uploads\/2018\/10\/odavprint-logo-240.jpg\",\"contentUrl\":\"https:\/\/odavprint.ee\/wp-content\/uploads\/2018\/10\/odavprint-logo-240.jpg\",\"width\":240,\"height\":36,\"caption\":\"Odav Print O\u00dc\"}]}<\/script>\n<meta property=\"product:price:amount\" content=\"6.60\" \/>\n<meta property=\"product:price:currency\" content=\"EUR\" \/>\n<meta property=\"og:availability\" content=\"instock\" \/>\n<meta property=\"product:availability\" content=\"instock\" \/>\n<meta property=\"product:retailer_item_id\" content=\"87812PTR\" \/>\n<meta property=\"product:condition\" content=\"new\" \/>\n<meta name=\"geo.placename\" content=\"Tallinn\" \/>\n<meta name=\"geo.position\" content=\"59.4306504;24.8095743\" \/>\n<meta name=\"geo.region\" content=\"Estonia\" \/>\n<!-- \/ Yoast SEO Premium plugin. -->","yoast_head_json":{"title":"Colorino Pastel Poster paints 20 ml 12 colours, hea hinnaga, osta e-pood - Odav Print","description":"Osta Colorino Pastel Poster paints 20 ml 12 colours Odav Print \u260e +372 5911 9495 \u2714\ufe0f Parim hind Colorino Pastel Poster paints 20 ml 12 colours jaoks \u26df Kiire kohaletoimetamine Eestis \u2b50 Garanteeritud","robots":{"index":"index","follow":"follow","max-snippet":"max-snippet:-1","max-image-preview":"max-image-preview:large","max-video-preview":"max-video-preview:-1"},"canonical":"https:\/\/odavprint.ee\/et\/product\/colorino-pastel-poster-paints-20-ml-12-colours\/","og_locale":"et_EE","og_type":"article","og_title":"Colorino Pastel Poster paints 20 ml 12 colours","og_description":"Osta Colorino Pastel Poster paints 20 ml 12 colours Odav Print \u260e +372 5911 9495 \u2714\ufe0f Parim hind Colorino Pastel Poster paints 20 ml 12 colours jaoks \u26df Kiire kohaletoimetamine Eestis \u2b50 Garanteeritud","og_url":"https:\/\/odavprint.ee\/et\/product\/colorino-pastel-poster-paints-20-ml-12-colours\/","og_site_name":"Odav Print","article_modified_time":"2023-09-06T14:02:51+00:00","og_image":[{"width":800,"height":286,"url":"https:\/\/odavprint.ee\/wp-content\/uploads\/2023\/09\/195052_5ace56e30adf27b46d822cc92bfe9e13.png","type":"image\/png"}],"twitter_card":"summary_large_image","twitter_misc":{"Price":"&euro;6.60","Availability":"In stock"},"schema":{"@context":"https:\/\/schema.org","@graph":[{"@type":["WebPage","ItemPage"],"@id":"https:\/\/odavprint.ee\/et\/product\/colorino-pastel-poster-paints-20-ml-12-colours\/","url":"https:\/\/odavprint.ee\/et\/product\/colorino-pastel-poster-paints-20-ml-12-colours\/","name":"Colorino Pastel Poster paints 20 ml 12 colours, hea hinnaga, osta e-pood - Odav Print","isPartOf":{"@id":"https:\/\/odavprint.ee\/et\/#website"},"primaryImageOfPage":{"@id":"https:\/\/odavprint.ee\/et\/product\/colorino-pastel-poster-paints-20-ml-12-colours\/#primaryimage"},"image":{"@id":"https:\/\/odavprint.ee\/et\/product\/colorino-pastel-poster-paints-20-ml-12-colours\/#primaryimage"},"thumbnailUrl":"https:\/\/odavprint.ee\/wp-content\/uploads\/2023\/09\/195052_5ace56e30adf27b46d822cc92bfe9e13.png","datePublished":"2023-09-06T14:02:50+00:00","dateModified":"2023-09-06T14:02:51+00:00","description":"Osta Colorino Pastel Poster paints 20 ml 12 colours Odav Print \u260e +372 5911 9495 \u2714\ufe0f Parim hind Colorino Pastel Poster paints 20 ml 12 colours jaoks \u26df Kiire kohaletoimetamine Eestis \u2b50 Garanteeritud","breadcrumb":{"@id":"https:\/\/odavprint.ee\/et\/product\/colorino-pastel-poster-paints-20-ml-12-colours\/#breadcrumb"},"inLanguage":"et","potentialAction":[{"@type":"ReadAction","target":["https:\/\/odavprint.ee\/et\/product\/colorino-pastel-poster-paints-20-ml-12-colours\/"]}]},{"@type":"ImageObject","inLanguage":"et","@id":"https:\/\/odavprint.ee\/et\/product\/colorino-pastel-poster-paints-20-ml-12-colours\/#primaryimage","url":"https:\/\/odavprint.ee\/wp-content\/uploads\/2023\/09\/195052_5ace56e30adf27b46d822cc92bfe9e13.png","contentUrl":"https:\/\/odavprint.ee\/wp-content\/uploads\/2023\/09\/195052_5ace56e30adf27b46d822cc92bfe9e13.png","width":800,"height":286},{"@type":"BreadcrumbList","@id":"https:\/\/odavprint.ee\/et\/product\/colorino-pastel-poster-paints-20-ml-12-colours\/#breadcrumb","itemListElement":[{"@type":"ListItem","position":1,"name":"Home","item":"https:\/\/odavprint.ee\/et\/esileht\/"},{"@type":"ListItem","position":2,"name":"E-pood","item":"https:\/\/odavprint.ee\/et\/shop\/"},{"@type":"ListItem","position":3,"name":"Colorino Pastel Poster paints 20 ml 12 colours"}]},{"@type":"WebSite","@id":"https:\/\/odavprint.ee\/et\/#website","url":"https:\/\/odavprint.ee\/et\/","name":"Odav Print","description":"Just another WordPress site","publisher":{"@id":"https:\/\/odavprint.ee\/et\/#organization"},"alternateName":"Kassettide, toonerite t\u00e4itmine ja m\u00fc\u00fck.","potentialAction":[{"@type":"SearchAction","target":{"@type":"EntryPoint","urlTemplate":"https:\/\/odavprint.ee\/et\/?s={search_term_string}"},"query-input":"required name=search_term_string"}],"inLanguage":"et"},{"@type":["Organization","Place"],"@id":"https:\/\/odavprint.ee\/et\/#organization","name":"Odav Print O\u00dc","url":"https:\/\/odavprint.ee\/et\/","logo":{"@id":"https:\/\/odavprint.ee\/et\/product\/colorino-pastel-poster-paints-20-ml-12-colours\/#local-main-organization-logo"},"image":{"@id":"https:\/\/odavprint.ee\/et\/product\/colorino-pastel-poster-paints-20-ml-12-colours\/#local-main-organization-logo"},"address":{"@id":"https:\/\/odavprint.ee\/et\/product\/colorino-pastel-poster-paints-20-ml-12-colours\/#local-main-place-address"},"geo":{"@type":"GeoCoordinates","latitude":"59.4306504","longitude":"24.8095743"},"telephone":["53836926"],"openingHoursSpecification":[{"@type":"OpeningHoursSpecification","dayOfWeek":["Monday","Tuesday","Wednesday","Thursday","Friday","Saturday","Sunday"],"opens":"09:00","closes":"17:00"}],"email":"info@odavprint.eu"},{"@type":"PostalAddress","@id":"https:\/\/odavprint.ee\/et\/product\/colorino-pastel-poster-paints-20-ml-12-colours\/#local-main-place-address","streetAddress":"Pae tn 28","addressLocality":"Tallinn","postalCode":"11415","addressRegion":"Harjumaa","addressCountry":"EE"},{"@type":"ImageObject","inLanguage":"et","@id":"https:\/\/odavprint.ee\/et\/product\/colorino-pastel-poster-paints-20-ml-12-colours\/#local-main-organization-logo","url":"https:\/\/odavprint.ee\/wp-content\/uploads\/2018\/10\/odavprint-logo-240.jpg","contentUrl":"https:\/\/odavprint.ee\/wp-content\/uploads\/2018\/10\/odavprint-logo-240.jpg","width":240,"height":36,"caption":"Odav Print O\u00dc"}]},"product_price_amount":"6.60","product_price_currency":"EUR","og_availability":"instock","product_availability":"instock","product_retailer_item_id":"87812PTR","product_condition":"new","geo.placename":"Tallinn","geo.position":{"lat":"59.4306504","long":"24.8095743"},"geo.region":"Estonia"},"_links":{"self":[{"href":"https:\/\/odavprint.ee\/et\/wp-json\/wp\/v2\/product\/195052"}],"collection":[{"href":"https:\/\/odavprint.ee\/et\/wp-json\/wp\/v2\/product"}],"about":[{"href":"https:\/\/odavprint.ee\/et\/wp-json\/wp\/v2\/types\/product"}],"wp:featuredmedia":[{"embeddable":true,"href":"https:\/\/odavprint.ee\/et\/wp-json\/wp\/v2\/media\/195053"}],"wp:attachment":[{"href":"https:\/\/odavprint.ee\/et\/wp-json\/wp\/v2\/media?parent=195052"}],"wp:term":[{"taxonomy":"product_cat","embeddable":true,"href":"https:\/\/odavprint.ee\/et\/wp-json\/wp\/v2\/product_cat?post=195052"},{"taxonomy":"product_tag","embeddable":true,"href":"https:\/\/odavprint.ee\/et\/wp-json\/wp\/v2\/product_tag?post=195052"}],"curies":[{"name":"wp","href":"https:\/\/api.w.org\/{rel}","templated":true}]}}