{"id":196825,"date":"2023-09-08T15:53:57","date_gmt":"2023-09-08T12:53:57","guid":{"rendered":"https:\/\/odavprint.ee\/product\/lever-arch-file-pp-a4-70mm-green-fo20032\/"},"modified":"2023-09-08T15:53:58","modified_gmt":"2023-09-08T12:53:58","slug":"lever-arch-file-pp-a4-70mm-green-fo20032","status":"publish","type":"product","link":"https:\/\/odavprint.ee\/et\/product\/lever-arch-file-pp-a4-70mm-green-fo20032\/","title":{"rendered":"Lever arch file PP A4 70mm green FO20032"},"content":{"rendered":"<p>\u00a0Lever arch file Forpus PREMIER, A4\/70 mm, standart, green<br \/>\n\u2022 Manufactured from heavy board, covered with polypropylene on both sides..<br \/>\n\u2022 Thumb hole and spine label.<br \/>\n\u2022 Metal shoes for added durability.<br \/>\n\u2022 Spotted covers to ensure parallel closure.<br \/>\n\u2022 Replacement spine label available.<br \/>\n\u2022 In the box: 10 psc.<\/p>\n","protected":false},"excerpt":{"rendered":"<p>\u00a0Lever arch file Forpus PREMIER, A4\/70 mm, standart, green \u2022 Manufactured from heavy board, covered with polypropylene on both sides.. \u2022 Thumb hole and spine label. \u2022 Metal shoes for added durability. \u2022 Spotted covers to ensure parallel closure. \u2022 Replacement spine label available. \u2022 In the box: 10 psc.<\/p>\n","protected":false},"featured_media":196826,"template":"","meta":{"inline_featured_image":false},"product_cat":[17180],"product_tag":[],"yoast_head":"<!-- This site is optimized with the Yoast SEO Premium plugin v23.0 (Yoast SEO v23.0) - https:\/\/yoast.com\/wordpress\/plugins\/seo\/ -->\n<title>Lever arch file PP A4 70mm green FO20032, hea hinnaga, osta e-pood - Odav Print<\/title>\n<meta name=\"description\" content=\"Osta Lever arch file PP A4 70mm green FO20032 Odav Print \u260e +372 5911 9495 \u2714\ufe0f Parim hind Lever arch file PP A4 70mm green FO20032 jaoks \u26df Kiire kohaletoimetamine Eestis \u2b50 Garanteeritud\" \/>\n<meta name=\"robots\" content=\"index, follow, max-snippet:-1, max-image-preview:large, max-video-preview:-1\" \/>\n<link rel=\"canonical\" href=\"https:\/\/odavprint.ee\/et\/product\/lever-arch-file-pp-a4-70mm-green-fo20032\/\" \/>\n<meta property=\"og:locale\" content=\"et_EE\" \/>\n<meta property=\"og:type\" content=\"article\" \/>\n<meta property=\"og:title\" content=\"Lever arch file PP A4 70mm green FO20032\" \/>\n<meta property=\"og:description\" content=\"Osta Lever arch file PP A4 70mm green FO20032 Odav Print \u260e +372 5911 9495 \u2714\ufe0f Parim hind Lever arch file PP A4 70mm green FO20032 jaoks \u26df Kiire kohaletoimetamine Eestis \u2b50 Garanteeritud\" \/>\n<meta property=\"og:url\" content=\"https:\/\/odavprint.ee\/et\/product\/lever-arch-file-pp-a4-70mm-green-fo20032\/\" \/>\n<meta property=\"og:site_name\" content=\"Odav Print\" \/>\n<meta property=\"article:modified_time\" content=\"2023-09-08T12:53:58+00:00\" \/>\n<meta property=\"og:image\" content=\"https:\/\/odavprint.ee\/wp-content\/uploads\/2023\/09\/196825_BeLGqV7dw0mRYXOArVn0QIx1kxZqHjLzJkfNFutH.jpg\" \/>\n\t<meta property=\"og:image:width\" content=\"500\" \/>\n\t<meta property=\"og:image:height\" content=\"500\" \/>\n\t<meta property=\"og:image:type\" content=\"image\/jpeg\" \/>\n<meta name=\"twitter:card\" content=\"summary_large_image\" \/>\n<meta name=\"twitter:label1\" content=\"Price\" \/>\n\t<meta name=\"twitter:data1\" content=\"&euro;3.80\" \/>\n\t<meta name=\"twitter:label2\" content=\"Availability\" \/>\n\t<meta name=\"twitter:data2\" content=\"In stock\" \/>\n<script type=\"application\/ld+json\" class=\"yoast-schema-graph\">{\"@context\":\"https:\/\/schema.org\",\"@graph\":[{\"@type\":[\"WebPage\",\"ItemPage\"],\"@id\":\"https:\/\/odavprint.ee\/et\/product\/lever-arch-file-pp-a4-70mm-green-fo20032\/\",\"url\":\"https:\/\/odavprint.ee\/et\/product\/lever-arch-file-pp-a4-70mm-green-fo20032\/\",\"name\":\"Lever arch file PP A4 70mm green FO20032, hea hinnaga, osta e-pood - Odav Print\",\"isPartOf\":{\"@id\":\"https:\/\/odavprint.ee\/et\/#website\"},\"primaryImageOfPage\":{\"@id\":\"https:\/\/odavprint.ee\/et\/product\/lever-arch-file-pp-a4-70mm-green-fo20032\/#primaryimage\"},\"image\":{\"@id\":\"https:\/\/odavprint.ee\/et\/product\/lever-arch-file-pp-a4-70mm-green-fo20032\/#primaryimage\"},\"thumbnailUrl\":\"https:\/\/odavprint.ee\/wp-content\/uploads\/2023\/09\/196825_BeLGqV7dw0mRYXOArVn0QIx1kxZqHjLzJkfNFutH.jpg\",\"datePublished\":\"2023-09-08T12:53:57+00:00\",\"dateModified\":\"2023-09-08T12:53:58+00:00\",\"description\":\"Osta Lever arch file PP A4 70mm green FO20032 Odav Print \u260e +372 5911 9495 \u2714\ufe0f Parim hind Lever arch file PP A4 70mm green FO20032 jaoks \u26df Kiire kohaletoimetamine Eestis \u2b50 Garanteeritud\",\"breadcrumb\":{\"@id\":\"https:\/\/odavprint.ee\/et\/product\/lever-arch-file-pp-a4-70mm-green-fo20032\/#breadcrumb\"},\"inLanguage\":\"et\",\"potentialAction\":[{\"@type\":\"ReadAction\",\"target\":[\"https:\/\/odavprint.ee\/et\/product\/lever-arch-file-pp-a4-70mm-green-fo20032\/\"]}]},{\"@type\":\"ImageObject\",\"inLanguage\":\"et\",\"@id\":\"https:\/\/odavprint.ee\/et\/product\/lever-arch-file-pp-a4-70mm-green-fo20032\/#primaryimage\",\"url\":\"https:\/\/odavprint.ee\/wp-content\/uploads\/2023\/09\/196825_BeLGqV7dw0mRYXOArVn0QIx1kxZqHjLzJkfNFutH.jpg\",\"contentUrl\":\"https:\/\/odavprint.ee\/wp-content\/uploads\/2023\/09\/196825_BeLGqV7dw0mRYXOArVn0QIx1kxZqHjLzJkfNFutH.jpg\",\"width\":500,\"height\":500},{\"@type\":\"BreadcrumbList\",\"@id\":\"https:\/\/odavprint.ee\/et\/product\/lever-arch-file-pp-a4-70mm-green-fo20032\/#breadcrumb\",\"itemListElement\":[{\"@type\":\"ListItem\",\"position\":1,\"name\":\"Home\",\"item\":\"https:\/\/odavprint.ee\/et\/esileht\/\"},{\"@type\":\"ListItem\",\"position\":2,\"name\":\"E-pood\",\"item\":\"https:\/\/odavprint.ee\/et\/shop\/\"},{\"@type\":\"ListItem\",\"position\":3,\"name\":\"Lever arch file PP A4 70mm green FO20032\"}]},{\"@type\":\"WebSite\",\"@id\":\"https:\/\/odavprint.ee\/et\/#website\",\"url\":\"https:\/\/odavprint.ee\/et\/\",\"name\":\"Odav Print\",\"description\":\"Just another WordPress site\",\"publisher\":{\"@id\":\"https:\/\/odavprint.ee\/et\/#organization\"},\"alternateName\":\"Kassettide, toonerite t\u00e4itmine ja m\u00fc\u00fck.\",\"potentialAction\":[{\"@type\":\"SearchAction\",\"target\":{\"@type\":\"EntryPoint\",\"urlTemplate\":\"https:\/\/odavprint.ee\/et\/?s={search_term_string}\"},\"query-input\":\"required name=search_term_string\"}],\"inLanguage\":\"et\"},{\"@type\":[\"Organization\",\"Place\"],\"@id\":\"https:\/\/odavprint.ee\/et\/#organization\",\"name\":\"Odav Print O\u00dc\",\"url\":\"https:\/\/odavprint.ee\/et\/\",\"logo\":{\"@id\":\"https:\/\/odavprint.ee\/et\/product\/lever-arch-file-pp-a4-70mm-green-fo20032\/#local-main-organization-logo\"},\"image\":{\"@id\":\"https:\/\/odavprint.ee\/et\/product\/lever-arch-file-pp-a4-70mm-green-fo20032\/#local-main-organization-logo\"},\"address\":{\"@id\":\"https:\/\/odavprint.ee\/et\/product\/lever-arch-file-pp-a4-70mm-green-fo20032\/#local-main-place-address\"},\"geo\":{\"@type\":\"GeoCoordinates\",\"latitude\":\"59.4306504\",\"longitude\":\"24.8095743\"},\"telephone\":[\"53836926\"],\"openingHoursSpecification\":[{\"@type\":\"OpeningHoursSpecification\",\"dayOfWeek\":[\"Monday\",\"Tuesday\",\"Wednesday\",\"Thursday\",\"Friday\",\"Saturday\",\"Sunday\"],\"opens\":\"09:00\",\"closes\":\"17:00\"}],\"email\":\"info@odavprint.eu\"},{\"@type\":\"PostalAddress\",\"@id\":\"https:\/\/odavprint.ee\/et\/product\/lever-arch-file-pp-a4-70mm-green-fo20032\/#local-main-place-address\",\"streetAddress\":\"Pae tn 28\",\"addressLocality\":\"Tallinn\",\"postalCode\":\"11415\",\"addressRegion\":\"Harjumaa\",\"addressCountry\":\"EE\"},{\"@type\":\"ImageObject\",\"inLanguage\":\"et\",\"@id\":\"https:\/\/odavprint.ee\/et\/product\/lever-arch-file-pp-a4-70mm-green-fo20032\/#local-main-organization-logo\",\"url\":\"https:\/\/odavprint.ee\/wp-content\/uploads\/2018\/10\/odavprint-logo-240.jpg\",\"contentUrl\":\"https:\/\/odavprint.ee\/wp-content\/uploads\/2018\/10\/odavprint-logo-240.jpg\",\"width\":240,\"height\":36,\"caption\":\"Odav Print O\u00dc\"}]}<\/script>\n<meta property=\"product:price:amount\" content=\"3.80\" \/>\n<meta property=\"product:price:currency\" content=\"EUR\" \/>\n<meta property=\"og:availability\" content=\"instock\" \/>\n<meta property=\"product:availability\" content=\"instock\" \/>\n<meta property=\"product:retailer_item_id\" content=\"FO20158;FO20075\" \/>\n<meta property=\"product:condition\" content=\"new\" \/>\n<meta name=\"geo.placename\" content=\"Tallinn\" \/>\n<meta name=\"geo.position\" content=\"59.4306504;24.8095743\" \/>\n<meta name=\"geo.region\" content=\"Estonia\" \/>\n<!-- \/ Yoast SEO Premium plugin. -->","yoast_head_json":{"title":"Lever arch file PP A4 70mm green FO20032, hea hinnaga, osta e-pood - Odav Print","description":"Osta Lever arch file PP A4 70mm green FO20032 Odav Print \u260e +372 5911 9495 \u2714\ufe0f Parim hind Lever arch file PP A4 70mm green FO20032 jaoks \u26df Kiire kohaletoimetamine Eestis \u2b50 Garanteeritud","robots":{"index":"index","follow":"follow","max-snippet":"max-snippet:-1","max-image-preview":"max-image-preview:large","max-video-preview":"max-video-preview:-1"},"canonical":"https:\/\/odavprint.ee\/et\/product\/lever-arch-file-pp-a4-70mm-green-fo20032\/","og_locale":"et_EE","og_type":"article","og_title":"Lever arch file PP A4 70mm green FO20032","og_description":"Osta Lever arch file PP A4 70mm green FO20032 Odav Print \u260e +372 5911 9495 \u2714\ufe0f Parim hind Lever arch file PP A4 70mm green FO20032 jaoks \u26df Kiire kohaletoimetamine Eestis \u2b50 Garanteeritud","og_url":"https:\/\/odavprint.ee\/et\/product\/lever-arch-file-pp-a4-70mm-green-fo20032\/","og_site_name":"Odav Print","article_modified_time":"2023-09-08T12:53:58+00:00","og_image":[{"width":500,"height":500,"url":"https:\/\/odavprint.ee\/wp-content\/uploads\/2023\/09\/196825_BeLGqV7dw0mRYXOArVn0QIx1kxZqHjLzJkfNFutH.jpg","type":"image\/jpeg"}],"twitter_card":"summary_large_image","twitter_misc":{"Price":"&euro;3.80","Availability":"In stock"},"schema":{"@context":"https:\/\/schema.org","@graph":[{"@type":["WebPage","ItemPage"],"@id":"https:\/\/odavprint.ee\/et\/product\/lever-arch-file-pp-a4-70mm-green-fo20032\/","url":"https:\/\/odavprint.ee\/et\/product\/lever-arch-file-pp-a4-70mm-green-fo20032\/","name":"Lever arch file PP A4 70mm green FO20032, hea hinnaga, osta e-pood - Odav Print","isPartOf":{"@id":"https:\/\/odavprint.ee\/et\/#website"},"primaryImageOfPage":{"@id":"https:\/\/odavprint.ee\/et\/product\/lever-arch-file-pp-a4-70mm-green-fo20032\/#primaryimage"},"image":{"@id":"https:\/\/odavprint.ee\/et\/product\/lever-arch-file-pp-a4-70mm-green-fo20032\/#primaryimage"},"thumbnailUrl":"https:\/\/odavprint.ee\/wp-content\/uploads\/2023\/09\/196825_BeLGqV7dw0mRYXOArVn0QIx1kxZqHjLzJkfNFutH.jpg","datePublished":"2023-09-08T12:53:57+00:00","dateModified":"2023-09-08T12:53:58+00:00","description":"Osta Lever arch file PP A4 70mm green FO20032 Odav Print \u260e +372 5911 9495 \u2714\ufe0f Parim hind Lever arch file PP A4 70mm green FO20032 jaoks \u26df Kiire kohaletoimetamine Eestis \u2b50 Garanteeritud","breadcrumb":{"@id":"https:\/\/odavprint.ee\/et\/product\/lever-arch-file-pp-a4-70mm-green-fo20032\/#breadcrumb"},"inLanguage":"et","potentialAction":[{"@type":"ReadAction","target":["https:\/\/odavprint.ee\/et\/product\/lever-arch-file-pp-a4-70mm-green-fo20032\/"]}]},{"@type":"ImageObject","inLanguage":"et","@id":"https:\/\/odavprint.ee\/et\/product\/lever-arch-file-pp-a4-70mm-green-fo20032\/#primaryimage","url":"https:\/\/odavprint.ee\/wp-content\/uploads\/2023\/09\/196825_BeLGqV7dw0mRYXOArVn0QIx1kxZqHjLzJkfNFutH.jpg","contentUrl":"https:\/\/odavprint.ee\/wp-content\/uploads\/2023\/09\/196825_BeLGqV7dw0mRYXOArVn0QIx1kxZqHjLzJkfNFutH.jpg","width":500,"height":500},{"@type":"BreadcrumbList","@id":"https:\/\/odavprint.ee\/et\/product\/lever-arch-file-pp-a4-70mm-green-fo20032\/#breadcrumb","itemListElement":[{"@type":"ListItem","position":1,"name":"Home","item":"https:\/\/odavprint.ee\/et\/esileht\/"},{"@type":"ListItem","position":2,"name":"E-pood","item":"https:\/\/odavprint.ee\/et\/shop\/"},{"@type":"ListItem","position":3,"name":"Lever arch file PP A4 70mm green FO20032"}]},{"@type":"WebSite","@id":"https:\/\/odavprint.ee\/et\/#website","url":"https:\/\/odavprint.ee\/et\/","name":"Odav Print","description":"Just another WordPress site","publisher":{"@id":"https:\/\/odavprint.ee\/et\/#organization"},"alternateName":"Kassettide, toonerite t\u00e4itmine ja m\u00fc\u00fck.","potentialAction":[{"@type":"SearchAction","target":{"@type":"EntryPoint","urlTemplate":"https:\/\/odavprint.ee\/et\/?s={search_term_string}"},"query-input":"required name=search_term_string"}],"inLanguage":"et"},{"@type":["Organization","Place"],"@id":"https:\/\/odavprint.ee\/et\/#organization","name":"Odav Print O\u00dc","url":"https:\/\/odavprint.ee\/et\/","logo":{"@id":"https:\/\/odavprint.ee\/et\/product\/lever-arch-file-pp-a4-70mm-green-fo20032\/#local-main-organization-logo"},"image":{"@id":"https:\/\/odavprint.ee\/et\/product\/lever-arch-file-pp-a4-70mm-green-fo20032\/#local-main-organization-logo"},"address":{"@id":"https:\/\/odavprint.ee\/et\/product\/lever-arch-file-pp-a4-70mm-green-fo20032\/#local-main-place-address"},"geo":{"@type":"GeoCoordinates","latitude":"59.4306504","longitude":"24.8095743"},"telephone":["53836926"],"openingHoursSpecification":[{"@type":"OpeningHoursSpecification","dayOfWeek":["Monday","Tuesday","Wednesday","Thursday","Friday","Saturday","Sunday"],"opens":"09:00","closes":"17:00"}],"email":"info@odavprint.eu"},{"@type":"PostalAddress","@id":"https:\/\/odavprint.ee\/et\/product\/lever-arch-file-pp-a4-70mm-green-fo20032\/#local-main-place-address","streetAddress":"Pae tn 28","addressLocality":"Tallinn","postalCode":"11415","addressRegion":"Harjumaa","addressCountry":"EE"},{"@type":"ImageObject","inLanguage":"et","@id":"https:\/\/odavprint.ee\/et\/product\/lever-arch-file-pp-a4-70mm-green-fo20032\/#local-main-organization-logo","url":"https:\/\/odavprint.ee\/wp-content\/uploads\/2018\/10\/odavprint-logo-240.jpg","contentUrl":"https:\/\/odavprint.ee\/wp-content\/uploads\/2018\/10\/odavprint-logo-240.jpg","width":240,"height":36,"caption":"Odav Print O\u00dc"}]},"product_price_amount":"3.80","product_price_currency":"EUR","og_availability":"instock","product_availability":"instock","product_retailer_item_id":"FO20158;FO20075","product_condition":"new","geo.placename":"Tallinn","geo.position":{"lat":"59.4306504","long":"24.8095743"},"geo.region":"Estonia"},"_links":{"self":[{"href":"https:\/\/odavprint.ee\/et\/wp-json\/wp\/v2\/product\/196825"}],"collection":[{"href":"https:\/\/odavprint.ee\/et\/wp-json\/wp\/v2\/product"}],"about":[{"href":"https:\/\/odavprint.ee\/et\/wp-json\/wp\/v2\/types\/product"}],"wp:featuredmedia":[{"embeddable":true,"href":"https:\/\/odavprint.ee\/et\/wp-json\/wp\/v2\/media\/196826"}],"wp:attachment":[{"href":"https:\/\/odavprint.ee\/et\/wp-json\/wp\/v2\/media?parent=196825"}],"wp:term":[{"taxonomy":"product_cat","embeddable":true,"href":"https:\/\/odavprint.ee\/et\/wp-json\/wp\/v2\/product_cat?post=196825"},{"taxonomy":"product_tag","embeddable":true,"href":"https:\/\/odavprint.ee\/et\/wp-json\/wp\/v2\/product_tag?post=196825"}],"curies":[{"name":"wp","href":"https:\/\/api.w.org\/{rel}","templated":true}]}}