{"id":197336,"date":"2023-09-11T15:49:47","date_gmt":"2023-09-11T12:49:47","guid":{"rendered":"https:\/\/odavprint.ee\/product\/projection-screen-nobo-wall-or-ceiling-mounted-1500x1138mm-43\/"},"modified":"2023-09-11T16:07:26","modified_gmt":"2023-09-11T13:07:26","slug":"projection-screen-nobo-wall-or-ceiling-mounted-1500x1138mm-43","status":"publish","type":"product","link":"https:\/\/odavprint.ee\/et\/product\/projection-screen-nobo-wall-or-ceiling-mounted-1500x1138mm-43\/","title":{"rendered":"Projection Screen Nobo Wall or Ceiling Mounted 1500x1138mm 4:3"},"content":{"rendered":"<p>The brilliant matt white surface of this screen provides a sharp, detailed image that can be easily viewed by everyone in the audience. The screen can be easily retracted into its housing to protect from damage or to store when not in use. With the optional extension brackets, the screen can be mounted over a whiteboard or tilted towards the audience. 1500x1138mm. Can be mounted to either a wall or ceiling.<\/p>\n","protected":false},"excerpt":{"rendered":"<p>The brilliant matt white surface of this screen provides a sharp, detailed image that can be easily viewed by everyone in the audience. The screen can be easily retracted into its housing to protect from damage or to store when not in use. With the optional extension brackets, the screen can be mounted over a [&#8230;]\n","protected":false},"featured_media":197337,"template":"","meta":{"inline_featured_image":false},"product_cat":[17186],"product_tag":[],"yoast_head":"<!-- This site is optimized with the Yoast SEO Premium plugin v23.0 (Yoast SEO v23.0) - https:\/\/yoast.com\/wordpress\/plugins\/seo\/ -->\n<title>Projection Screen Nobo Wall or Ceiling Mounted 1500x1138mm 4:3, hea hinnaga, osta e-pood - Odav Print<\/title>\n<meta name=\"description\" content=\"Osta Projection Screen Nobo Wall or Ceiling Mounted 1500x1138mm 4:3 Odav Print \u260e +372 5911 9495 \u2714\ufe0f Parim hind Projection Screen Nobo Wall or Ceiling Mounted 1500x1138mm 4:3 jaoks \u26df Kiire kohaletoimetamine Eestis \u2b50 Garanteeritud\" \/>\n<meta name=\"robots\" content=\"index, follow, max-snippet:-1, max-image-preview:large, max-video-preview:-1\" \/>\n<link rel=\"canonical\" href=\"https:\/\/odavprint.ee\/et\/product\/projection-screen-nobo-wall-or-ceiling-mounted-1500x1138mm-43\/\" \/>\n<meta property=\"og:locale\" content=\"et_EE\" \/>\n<meta property=\"og:type\" content=\"article\" \/>\n<meta property=\"og:title\" content=\"Projection Screen Nobo Wall or Ceiling Mounted 1500x1138mm 4:3\" \/>\n<meta property=\"og:description\" content=\"Osta Projection Screen Nobo Wall or Ceiling Mounted 1500x1138mm 4:3 Odav Print \u260e +372 5911 9495 \u2714\ufe0f Parim hind Projection Screen Nobo Wall or Ceiling Mounted 1500x1138mm 4:3 jaoks \u26df Kiire kohaletoimetamine Eestis \u2b50 Garanteeritud\" \/>\n<meta property=\"og:url\" content=\"https:\/\/odavprint.ee\/et\/product\/projection-screen-nobo-wall-or-ceiling-mounted-1500x1138mm-43\/\" \/>\n<meta property=\"og:site_name\" content=\"Odav Print\" \/>\n<meta property=\"article:modified_time\" content=\"2023-09-11T13:07:26+00:00\" \/>\n<meta property=\"og:image\" content=\"https:\/\/odavprint.ee\/wp-content\/uploads\/2023\/09\/197336_1902391.jpg\" \/>\n\t<meta property=\"og:image:width\" content=\"500\" \/>\n\t<meta property=\"og:image:height\" content=\"500\" \/>\n\t<meta property=\"og:image:type\" content=\"image\/jpeg\" \/>\n<meta name=\"twitter:card\" content=\"summary_large_image\" \/>\n<meta name=\"twitter:label1\" content=\"Price\" \/>\n\t<meta name=\"twitter:data1\" content=\"&euro;91.50\" \/>\n\t<meta name=\"twitter:label2\" content=\"Availability\" \/>\n\t<meta name=\"twitter:data2\" content=\"Out of stock\" \/>\n<script type=\"application\/ld+json\" class=\"yoast-schema-graph\">{\"@context\":\"https:\/\/schema.org\",\"@graph\":[{\"@type\":[\"WebPage\",\"ItemPage\"],\"@id\":\"https:\/\/odavprint.ee\/et\/product\/projection-screen-nobo-wall-or-ceiling-mounted-1500x1138mm-43\/\",\"url\":\"https:\/\/odavprint.ee\/et\/product\/projection-screen-nobo-wall-or-ceiling-mounted-1500x1138mm-43\/\",\"name\":\"Projection Screen Nobo Wall or Ceiling Mounted 1500x1138mm 4:3, hea hinnaga, osta e-pood - Odav Print\",\"isPartOf\":{\"@id\":\"https:\/\/odavprint.ee\/et\/#website\"},\"primaryImageOfPage\":{\"@id\":\"https:\/\/odavprint.ee\/et\/product\/projection-screen-nobo-wall-or-ceiling-mounted-1500x1138mm-43\/#primaryimage\"},\"image\":{\"@id\":\"https:\/\/odavprint.ee\/et\/product\/projection-screen-nobo-wall-or-ceiling-mounted-1500x1138mm-43\/#primaryimage\"},\"thumbnailUrl\":\"https:\/\/odavprint.ee\/wp-content\/uploads\/2023\/09\/197336_1902391.jpg\",\"datePublished\":\"2023-09-11T12:49:47+00:00\",\"dateModified\":\"2023-09-11T13:07:26+00:00\",\"description\":\"Osta Projection Screen Nobo Wall or Ceiling Mounted 1500x1138mm 4:3 Odav Print \u260e +372 5911 9495 \u2714\ufe0f Parim hind Projection Screen Nobo Wall or Ceiling Mounted 1500x1138mm 4:3 jaoks \u26df Kiire kohaletoimetamine Eestis \u2b50 Garanteeritud\",\"breadcrumb\":{\"@id\":\"https:\/\/odavprint.ee\/et\/product\/projection-screen-nobo-wall-or-ceiling-mounted-1500x1138mm-43\/#breadcrumb\"},\"inLanguage\":\"et\",\"potentialAction\":[{\"@type\":\"ReadAction\",\"target\":[\"https:\/\/odavprint.ee\/et\/product\/projection-screen-nobo-wall-or-ceiling-mounted-1500x1138mm-43\/\"]}]},{\"@type\":\"ImageObject\",\"inLanguage\":\"et\",\"@id\":\"https:\/\/odavprint.ee\/et\/product\/projection-screen-nobo-wall-or-ceiling-mounted-1500x1138mm-43\/#primaryimage\",\"url\":\"https:\/\/odavprint.ee\/wp-content\/uploads\/2023\/09\/197336_1902391.jpg\",\"contentUrl\":\"https:\/\/odavprint.ee\/wp-content\/uploads\/2023\/09\/197336_1902391.jpg\",\"width\":500,\"height\":500},{\"@type\":\"BreadcrumbList\",\"@id\":\"https:\/\/odavprint.ee\/et\/product\/projection-screen-nobo-wall-or-ceiling-mounted-1500x1138mm-43\/#breadcrumb\",\"itemListElement\":[{\"@type\":\"ListItem\",\"position\":1,\"name\":\"Home\",\"item\":\"https:\/\/odavprint.ee\/et\/esileht\/\"},{\"@type\":\"ListItem\",\"position\":2,\"name\":\"E-pood\",\"item\":\"https:\/\/odavprint.ee\/et\/shop\/\"},{\"@type\":\"ListItem\",\"position\":3,\"name\":\"Projection Screen Nobo Wall or Ceiling Mounted 1500x1138mm 4:3\"}]},{\"@type\":\"WebSite\",\"@id\":\"https:\/\/odavprint.ee\/et\/#website\",\"url\":\"https:\/\/odavprint.ee\/et\/\",\"name\":\"Odav Print\",\"description\":\"Just another WordPress site\",\"publisher\":{\"@id\":\"https:\/\/odavprint.ee\/et\/#organization\"},\"alternateName\":\"Kassettide, toonerite t\u00e4itmine ja m\u00fc\u00fck.\",\"potentialAction\":[{\"@type\":\"SearchAction\",\"target\":{\"@type\":\"EntryPoint\",\"urlTemplate\":\"https:\/\/odavprint.ee\/et\/?s={search_term_string}\"},\"query-input\":\"required name=search_term_string\"}],\"inLanguage\":\"et\"},{\"@type\":[\"Organization\",\"Place\"],\"@id\":\"https:\/\/odavprint.ee\/et\/#organization\",\"name\":\"Odav Print O\u00dc\",\"url\":\"https:\/\/odavprint.ee\/et\/\",\"logo\":{\"@id\":\"https:\/\/odavprint.ee\/et\/product\/projection-screen-nobo-wall-or-ceiling-mounted-1500x1138mm-43\/#local-main-organization-logo\"},\"image\":{\"@id\":\"https:\/\/odavprint.ee\/et\/product\/projection-screen-nobo-wall-or-ceiling-mounted-1500x1138mm-43\/#local-main-organization-logo\"},\"address\":{\"@id\":\"https:\/\/odavprint.ee\/et\/product\/projection-screen-nobo-wall-or-ceiling-mounted-1500x1138mm-43\/#local-main-place-address\"},\"geo\":{\"@type\":\"GeoCoordinates\",\"latitude\":\"59.4306504\",\"longitude\":\"24.8095743\"},\"telephone\":[\"53836926\"],\"openingHoursSpecification\":[{\"@type\":\"OpeningHoursSpecification\",\"dayOfWeek\":[\"Monday\",\"Tuesday\",\"Wednesday\",\"Thursday\",\"Friday\",\"Saturday\",\"Sunday\"],\"opens\":\"09:00\",\"closes\":\"17:00\"}],\"email\":\"info@odavprint.eu\"},{\"@type\":\"PostalAddress\",\"@id\":\"https:\/\/odavprint.ee\/et\/product\/projection-screen-nobo-wall-or-ceiling-mounted-1500x1138mm-43\/#local-main-place-address\",\"streetAddress\":\"Pae tn 28\",\"addressLocality\":\"Tallinn\",\"postalCode\":\"11415\",\"addressRegion\":\"Harjumaa\",\"addressCountry\":\"EE\"},{\"@type\":\"ImageObject\",\"inLanguage\":\"et\",\"@id\":\"https:\/\/odavprint.ee\/et\/product\/projection-screen-nobo-wall-or-ceiling-mounted-1500x1138mm-43\/#local-main-organization-logo\",\"url\":\"https:\/\/odavprint.ee\/wp-content\/uploads\/2018\/10\/odavprint-logo-240.jpg\",\"contentUrl\":\"https:\/\/odavprint.ee\/wp-content\/uploads\/2018\/10\/odavprint-logo-240.jpg\",\"width\":240,\"height\":36,\"caption\":\"Odav Print O\u00dc\"}]}<\/script>\n<meta property=\"product:price:amount\" content=\"91.50\" \/>\n<meta property=\"product:price:currency\" content=\"EUR\" \/>\n<meta property=\"og:availability\" content=\"out of stock\" \/>\n<meta property=\"product:availability\" content=\"out of stock\" \/>\n<meta property=\"product:retailer_item_id\" content=\"1902391\" \/>\n<meta property=\"product:condition\" content=\"new\" \/>\n<meta name=\"geo.placename\" content=\"Tallinn\" \/>\n<meta name=\"geo.position\" content=\"59.4306504;24.8095743\" \/>\n<meta name=\"geo.region\" content=\"Estonia\" \/>\n<!-- \/ Yoast SEO Premium plugin. -->","yoast_head_json":{"title":"Projection Screen Nobo Wall or Ceiling Mounted 1500x1138mm 4:3, hea hinnaga, osta e-pood - Odav Print","description":"Osta Projection Screen Nobo Wall or Ceiling Mounted 1500x1138mm 4:3 Odav Print \u260e +372 5911 9495 \u2714\ufe0f Parim hind Projection Screen Nobo Wall or Ceiling Mounted 1500x1138mm 4:3 jaoks \u26df Kiire kohaletoimetamine Eestis \u2b50 Garanteeritud","robots":{"index":"index","follow":"follow","max-snippet":"max-snippet:-1","max-image-preview":"max-image-preview:large","max-video-preview":"max-video-preview:-1"},"canonical":"https:\/\/odavprint.ee\/et\/product\/projection-screen-nobo-wall-or-ceiling-mounted-1500x1138mm-43\/","og_locale":"et_EE","og_type":"article","og_title":"Projection Screen Nobo Wall or Ceiling Mounted 1500x1138mm 4:3","og_description":"Osta Projection Screen Nobo Wall or Ceiling Mounted 1500x1138mm 4:3 Odav Print \u260e +372 5911 9495 \u2714\ufe0f Parim hind Projection Screen Nobo Wall or Ceiling Mounted 1500x1138mm 4:3 jaoks \u26df Kiire kohaletoimetamine Eestis \u2b50 Garanteeritud","og_url":"https:\/\/odavprint.ee\/et\/product\/projection-screen-nobo-wall-or-ceiling-mounted-1500x1138mm-43\/","og_site_name":"Odav Print","article_modified_time":"2023-09-11T13:07:26+00:00","og_image":[{"width":500,"height":500,"url":"https:\/\/odavprint.ee\/wp-content\/uploads\/2023\/09\/197336_1902391.jpg","type":"image\/jpeg"}],"twitter_card":"summary_large_image","twitter_misc":{"Price":"&euro;91.50","Availability":"Out of stock"},"schema":{"@context":"https:\/\/schema.org","@graph":[{"@type":["WebPage","ItemPage"],"@id":"https:\/\/odavprint.ee\/et\/product\/projection-screen-nobo-wall-or-ceiling-mounted-1500x1138mm-43\/","url":"https:\/\/odavprint.ee\/et\/product\/projection-screen-nobo-wall-or-ceiling-mounted-1500x1138mm-43\/","name":"Projection Screen Nobo Wall or Ceiling Mounted 1500x1138mm 4:3, hea hinnaga, osta e-pood - Odav Print","isPartOf":{"@id":"https:\/\/odavprint.ee\/et\/#website"},"primaryImageOfPage":{"@id":"https:\/\/odavprint.ee\/et\/product\/projection-screen-nobo-wall-or-ceiling-mounted-1500x1138mm-43\/#primaryimage"},"image":{"@id":"https:\/\/odavprint.ee\/et\/product\/projection-screen-nobo-wall-or-ceiling-mounted-1500x1138mm-43\/#primaryimage"},"thumbnailUrl":"https:\/\/odavprint.ee\/wp-content\/uploads\/2023\/09\/197336_1902391.jpg","datePublished":"2023-09-11T12:49:47+00:00","dateModified":"2023-09-11T13:07:26+00:00","description":"Osta Projection Screen Nobo Wall or Ceiling Mounted 1500x1138mm 4:3 Odav Print \u260e +372 5911 9495 \u2714\ufe0f Parim hind Projection Screen Nobo Wall or Ceiling Mounted 1500x1138mm 4:3 jaoks \u26df Kiire kohaletoimetamine Eestis \u2b50 Garanteeritud","breadcrumb":{"@id":"https:\/\/odavprint.ee\/et\/product\/projection-screen-nobo-wall-or-ceiling-mounted-1500x1138mm-43\/#breadcrumb"},"inLanguage":"et","potentialAction":[{"@type":"ReadAction","target":["https:\/\/odavprint.ee\/et\/product\/projection-screen-nobo-wall-or-ceiling-mounted-1500x1138mm-43\/"]}]},{"@type":"ImageObject","inLanguage":"et","@id":"https:\/\/odavprint.ee\/et\/product\/projection-screen-nobo-wall-or-ceiling-mounted-1500x1138mm-43\/#primaryimage","url":"https:\/\/odavprint.ee\/wp-content\/uploads\/2023\/09\/197336_1902391.jpg","contentUrl":"https:\/\/odavprint.ee\/wp-content\/uploads\/2023\/09\/197336_1902391.jpg","width":500,"height":500},{"@type":"BreadcrumbList","@id":"https:\/\/odavprint.ee\/et\/product\/projection-screen-nobo-wall-or-ceiling-mounted-1500x1138mm-43\/#breadcrumb","itemListElement":[{"@type":"ListItem","position":1,"name":"Home","item":"https:\/\/odavprint.ee\/et\/esileht\/"},{"@type":"ListItem","position":2,"name":"E-pood","item":"https:\/\/odavprint.ee\/et\/shop\/"},{"@type":"ListItem","position":3,"name":"Projection Screen Nobo Wall or Ceiling Mounted 1500x1138mm 4:3"}]},{"@type":"WebSite","@id":"https:\/\/odavprint.ee\/et\/#website","url":"https:\/\/odavprint.ee\/et\/","name":"Odav Print","description":"Just another WordPress site","publisher":{"@id":"https:\/\/odavprint.ee\/et\/#organization"},"alternateName":"Kassettide, toonerite t\u00e4itmine ja m\u00fc\u00fck.","potentialAction":[{"@type":"SearchAction","target":{"@type":"EntryPoint","urlTemplate":"https:\/\/odavprint.ee\/et\/?s={search_term_string}"},"query-input":"required name=search_term_string"}],"inLanguage":"et"},{"@type":["Organization","Place"],"@id":"https:\/\/odavprint.ee\/et\/#organization","name":"Odav Print O\u00dc","url":"https:\/\/odavprint.ee\/et\/","logo":{"@id":"https:\/\/odavprint.ee\/et\/product\/projection-screen-nobo-wall-or-ceiling-mounted-1500x1138mm-43\/#local-main-organization-logo"},"image":{"@id":"https:\/\/odavprint.ee\/et\/product\/projection-screen-nobo-wall-or-ceiling-mounted-1500x1138mm-43\/#local-main-organization-logo"},"address":{"@id":"https:\/\/odavprint.ee\/et\/product\/projection-screen-nobo-wall-or-ceiling-mounted-1500x1138mm-43\/#local-main-place-address"},"geo":{"@type":"GeoCoordinates","latitude":"59.4306504","longitude":"24.8095743"},"telephone":["53836926"],"openingHoursSpecification":[{"@type":"OpeningHoursSpecification","dayOfWeek":["Monday","Tuesday","Wednesday","Thursday","Friday","Saturday","Sunday"],"opens":"09:00","closes":"17:00"}],"email":"info@odavprint.eu"},{"@type":"PostalAddress","@id":"https:\/\/odavprint.ee\/et\/product\/projection-screen-nobo-wall-or-ceiling-mounted-1500x1138mm-43\/#local-main-place-address","streetAddress":"Pae tn 28","addressLocality":"Tallinn","postalCode":"11415","addressRegion":"Harjumaa","addressCountry":"EE"},{"@type":"ImageObject","inLanguage":"et","@id":"https:\/\/odavprint.ee\/et\/product\/projection-screen-nobo-wall-or-ceiling-mounted-1500x1138mm-43\/#local-main-organization-logo","url":"https:\/\/odavprint.ee\/wp-content\/uploads\/2018\/10\/odavprint-logo-240.jpg","contentUrl":"https:\/\/odavprint.ee\/wp-content\/uploads\/2018\/10\/odavprint-logo-240.jpg","width":240,"height":36,"caption":"Odav Print O\u00dc"}]},"product_price_amount":"91.50","product_price_currency":"EUR","og_availability":"out of stock","product_availability":"out of stock","product_retailer_item_id":"1902391","product_condition":"new","geo.placename":"Tallinn","geo.position":{"lat":"59.4306504","long":"24.8095743"},"geo.region":"Estonia"},"_links":{"self":[{"href":"https:\/\/odavprint.ee\/et\/wp-json\/wp\/v2\/product\/197336"}],"collection":[{"href":"https:\/\/odavprint.ee\/et\/wp-json\/wp\/v2\/product"}],"about":[{"href":"https:\/\/odavprint.ee\/et\/wp-json\/wp\/v2\/types\/product"}],"wp:featuredmedia":[{"embeddable":true,"href":"https:\/\/odavprint.ee\/et\/wp-json\/wp\/v2\/media\/197337"}],"wp:attachment":[{"href":"https:\/\/odavprint.ee\/et\/wp-json\/wp\/v2\/media?parent=197336"}],"wp:term":[{"taxonomy":"product_cat","embeddable":true,"href":"https:\/\/odavprint.ee\/et\/wp-json\/wp\/v2\/product_cat?post=197336"},{"taxonomy":"product_tag","embeddable":true,"href":"https:\/\/odavprint.ee\/et\/wp-json\/wp\/v2\/product_tag?post=197336"}],"curies":[{"name":"wp","href":"https:\/\/api.w.org\/{rel}","templated":true}]}}