{"id":198123,"date":"2023-09-12T15:41:09","date_gmt":"2023-09-12T12:41:09","guid":{"rendered":"https:\/\/odavprint.ee\/product\/bic-shaving-heads-hybrid-3-flex-sensitive-4-pcs\/"},"modified":"2023-09-12T15:41:09","modified_gmt":"2023-09-12T12:41:09","slug":"bic-shaving-heads-hybrid-3-flex-sensitive-4-pcs","status":"publish","type":"product","link":"https:\/\/odavprint.ee\/et\/product\/bic-shaving-heads-hybrid-3-flex-sensitive-4-pcs\/","title":{"rendered":"BIC Shaving heads HYBRID 3 FLEX SENSITIVE (4 pcs)"},"content":{"rendered":"<p>Shaving heads with three independent NANO technology, spring mounted moveable blades technology blades. Individually adjust to the contours of the face for an extra smooth shave, to the contours of the face. Symetric pivoting head follows the contours of the face. Lubricanting strip With Aloe Vera &#038; Vitamin E for great smoothness.  Pack contsist of eight razor heads.<\/p>\n","protected":false},"excerpt":{"rendered":"<p>Shaving heads with three independent NANO technology, spring mounted moveable blades technology blades. Individually adjust to the contours of the face for an extra smooth shave, to the contours of the face. Symetric pivoting head follows the contours of the face. Lubricanting strip With Aloe Vera &#038; Vitamin E for great smoothness. Pack contsist of [&#8230;]\n","protected":false},"featured_media":198124,"template":"","meta":{"inline_featured_image":false},"product_cat":[17246],"product_tag":[],"yoast_head":"<!-- This site is optimized with the Yoast SEO Premium plugin v23.0 (Yoast SEO v23.0) - https:\/\/yoast.com\/wordpress\/plugins\/seo\/ -->\n<title>BIC Shaving heads HYBRID 3 FLEX SENSITIVE (4 pcs), hea hinnaga, osta e-pood - Odav Print<\/title>\n<meta name=\"description\" content=\"Osta BIC Shaving heads HYBRID 3 FLEX SENSITIVE (4 pcs) Odav Print \u260e +372 5911 9495 \u2714\ufe0f Parim hind BIC Shaving heads HYBRID 3 FLEX SENSITIVE (4 pcs) jaoks \u26df Kiire kohaletoimetamine Eestis \u2b50 Garanteeritud\" \/>\n<meta name=\"robots\" content=\"index, follow, max-snippet:-1, max-image-preview:large, max-video-preview:-1\" \/>\n<link rel=\"canonical\" href=\"https:\/\/odavprint.ee\/et\/product\/bic-shaving-heads-hybrid-3-flex-sensitive-4-pcs\/\" \/>\n<meta property=\"og:locale\" content=\"et_EE\" \/>\n<meta property=\"og:type\" content=\"article\" \/>\n<meta property=\"og:title\" content=\"BIC Shaving heads HYBRID 3 FLEX SENSITIVE (4 pcs)\" \/>\n<meta property=\"og:description\" content=\"Osta BIC Shaving heads HYBRID 3 FLEX SENSITIVE (4 pcs) Odav Print \u260e +372 5911 9495 \u2714\ufe0f Parim hind BIC Shaving heads HYBRID 3 FLEX SENSITIVE (4 pcs) jaoks \u26df Kiire kohaletoimetamine Eestis \u2b50 Garanteeritud\" \/>\n<meta property=\"og:url\" content=\"https:\/\/odavprint.ee\/et\/product\/bic-shaving-heads-hybrid-3-flex-sensitive-4-pcs\/\" \/>\n<meta property=\"og:site_name\" content=\"Odav Print\" \/>\n<meta property=\"og:image\" content=\"https:\/\/odavprint.ee\/wp-content\/uploads\/2023\/09\/198123_921177_3086123644878.png\" \/>\n\t<meta property=\"og:image:width\" content=\"391\" \/>\n\t<meta property=\"og:image:height\" content=\"500\" \/>\n\t<meta property=\"og:image:type\" content=\"image\/png\" \/>\n<meta name=\"twitter:card\" content=\"summary_large_image\" \/>\n<meta name=\"twitter:label1\" content=\"Price\" \/>\n\t<meta name=\"twitter:data1\" content=\"&euro;5.00\" \/>\n\t<meta name=\"twitter:label2\" content=\"Availability\" \/>\n\t<meta name=\"twitter:data2\" content=\"Out of stock\" \/>\n<script type=\"application\/ld+json\" class=\"yoast-schema-graph\">{\"@context\":\"https:\/\/schema.org\",\"@graph\":[{\"@type\":[\"WebPage\",\"ItemPage\"],\"@id\":\"https:\/\/odavprint.ee\/et\/product\/bic-shaving-heads-hybrid-3-flex-sensitive-4-pcs\/\",\"url\":\"https:\/\/odavprint.ee\/et\/product\/bic-shaving-heads-hybrid-3-flex-sensitive-4-pcs\/\",\"name\":\"BIC Shaving heads HYBRID 3 FLEX SENSITIVE (4 pcs), hea hinnaga, osta e-pood - Odav Print\",\"isPartOf\":{\"@id\":\"https:\/\/odavprint.ee\/et\/#website\"},\"primaryImageOfPage\":{\"@id\":\"https:\/\/odavprint.ee\/et\/product\/bic-shaving-heads-hybrid-3-flex-sensitive-4-pcs\/#primaryimage\"},\"image\":{\"@id\":\"https:\/\/odavprint.ee\/et\/product\/bic-shaving-heads-hybrid-3-flex-sensitive-4-pcs\/#primaryimage\"},\"thumbnailUrl\":\"https:\/\/odavprint.ee\/wp-content\/uploads\/2023\/09\/198123_921177_3086123644878.png\",\"datePublished\":\"2023-09-12T12:41:09+00:00\",\"dateModified\":\"2023-09-12T12:41:09+00:00\",\"description\":\"Osta BIC Shaving heads HYBRID 3 FLEX SENSITIVE (4 pcs) Odav Print \u260e +372 5911 9495 \u2714\ufe0f Parim hind BIC Shaving heads HYBRID 3 FLEX SENSITIVE (4 pcs) jaoks \u26df Kiire kohaletoimetamine Eestis \u2b50 Garanteeritud\",\"breadcrumb\":{\"@id\":\"https:\/\/odavprint.ee\/et\/product\/bic-shaving-heads-hybrid-3-flex-sensitive-4-pcs\/#breadcrumb\"},\"inLanguage\":\"et\",\"potentialAction\":[{\"@type\":\"ReadAction\",\"target\":[\"https:\/\/odavprint.ee\/et\/product\/bic-shaving-heads-hybrid-3-flex-sensitive-4-pcs\/\"]}]},{\"@type\":\"ImageObject\",\"inLanguage\":\"et\",\"@id\":\"https:\/\/odavprint.ee\/et\/product\/bic-shaving-heads-hybrid-3-flex-sensitive-4-pcs\/#primaryimage\",\"url\":\"https:\/\/odavprint.ee\/wp-content\/uploads\/2023\/09\/198123_921177_3086123644878.png\",\"contentUrl\":\"https:\/\/odavprint.ee\/wp-content\/uploads\/2023\/09\/198123_921177_3086123644878.png\",\"width\":391,\"height\":500},{\"@type\":\"BreadcrumbList\",\"@id\":\"https:\/\/odavprint.ee\/et\/product\/bic-shaving-heads-hybrid-3-flex-sensitive-4-pcs\/#breadcrumb\",\"itemListElement\":[{\"@type\":\"ListItem\",\"position\":1,\"name\":\"Home\",\"item\":\"https:\/\/odavprint.ee\/et\/esileht\/\"},{\"@type\":\"ListItem\",\"position\":2,\"name\":\"E-pood\",\"item\":\"https:\/\/odavprint.ee\/et\/shop\/\"},{\"@type\":\"ListItem\",\"position\":3,\"name\":\"BIC Shaving heads HYBRID 3 FLEX SENSITIVE (4 pcs)\"}]},{\"@type\":\"WebSite\",\"@id\":\"https:\/\/odavprint.ee\/et\/#website\",\"url\":\"https:\/\/odavprint.ee\/et\/\",\"name\":\"Odav Print\",\"description\":\"Just another WordPress site\",\"publisher\":{\"@id\":\"https:\/\/odavprint.ee\/et\/#organization\"},\"alternateName\":\"Kassettide, toonerite t\u00e4itmine ja m\u00fc\u00fck.\",\"potentialAction\":[{\"@type\":\"SearchAction\",\"target\":{\"@type\":\"EntryPoint\",\"urlTemplate\":\"https:\/\/odavprint.ee\/et\/?s={search_term_string}\"},\"query-input\":\"required name=search_term_string\"}],\"inLanguage\":\"et\"},{\"@type\":[\"Organization\",\"Place\"],\"@id\":\"https:\/\/odavprint.ee\/et\/#organization\",\"name\":\"Odav Print O\u00dc\",\"url\":\"https:\/\/odavprint.ee\/et\/\",\"logo\":{\"@id\":\"https:\/\/odavprint.ee\/et\/product\/bic-shaving-heads-hybrid-3-flex-sensitive-4-pcs\/#local-main-organization-logo\"},\"image\":{\"@id\":\"https:\/\/odavprint.ee\/et\/product\/bic-shaving-heads-hybrid-3-flex-sensitive-4-pcs\/#local-main-organization-logo\"},\"address\":{\"@id\":\"https:\/\/odavprint.ee\/et\/product\/bic-shaving-heads-hybrid-3-flex-sensitive-4-pcs\/#local-main-place-address\"},\"geo\":{\"@type\":\"GeoCoordinates\",\"latitude\":\"59.4306504\",\"longitude\":\"24.8095743\"},\"telephone\":[\"53836926\"],\"openingHoursSpecification\":[{\"@type\":\"OpeningHoursSpecification\",\"dayOfWeek\":[\"Monday\",\"Tuesday\",\"Wednesday\",\"Thursday\",\"Friday\",\"Saturday\",\"Sunday\"],\"opens\":\"09:00\",\"closes\":\"17:00\"}],\"email\":\"info@odavprint.eu\"},{\"@type\":\"PostalAddress\",\"@id\":\"https:\/\/odavprint.ee\/et\/product\/bic-shaving-heads-hybrid-3-flex-sensitive-4-pcs\/#local-main-place-address\",\"streetAddress\":\"Pae tn 28\",\"addressLocality\":\"Tallinn\",\"postalCode\":\"11415\",\"addressRegion\":\"Harjumaa\",\"addressCountry\":\"EE\"},{\"@type\":\"ImageObject\",\"inLanguage\":\"et\",\"@id\":\"https:\/\/odavprint.ee\/et\/product\/bic-shaving-heads-hybrid-3-flex-sensitive-4-pcs\/#local-main-organization-logo\",\"url\":\"https:\/\/odavprint.ee\/wp-content\/uploads\/2018\/10\/odavprint-logo-240.jpg\",\"contentUrl\":\"https:\/\/odavprint.ee\/wp-content\/uploads\/2018\/10\/odavprint-logo-240.jpg\",\"width\":240,\"height\":36,\"caption\":\"Odav Print O\u00dc\"}]}<\/script>\n<meta property=\"product:price:amount\" content=\"5.00\" \/>\n<meta property=\"product:price:currency\" content=\"EUR\" \/>\n<meta property=\"og:availability\" content=\"out of stock\" \/>\n<meta property=\"product:availability\" content=\"out of stock\" \/>\n<meta property=\"product:retailer_item_id\" content=\"921177\" \/>\n<meta property=\"product:condition\" content=\"new\" \/>\n<meta name=\"geo.placename\" content=\"Tallinn\" \/>\n<meta name=\"geo.position\" content=\"59.4306504;24.8095743\" \/>\n<meta name=\"geo.region\" content=\"Estonia\" \/>\n<!-- \/ Yoast SEO Premium plugin. -->","yoast_head_json":{"title":"BIC Shaving heads HYBRID 3 FLEX SENSITIVE (4 pcs), hea hinnaga, osta e-pood - Odav Print","description":"Osta BIC Shaving heads HYBRID 3 FLEX SENSITIVE (4 pcs) Odav Print \u260e +372 5911 9495 \u2714\ufe0f Parim hind BIC Shaving heads HYBRID 3 FLEX SENSITIVE (4 pcs) jaoks \u26df Kiire kohaletoimetamine Eestis \u2b50 Garanteeritud","robots":{"index":"index","follow":"follow","max-snippet":"max-snippet:-1","max-image-preview":"max-image-preview:large","max-video-preview":"max-video-preview:-1"},"canonical":"https:\/\/odavprint.ee\/et\/product\/bic-shaving-heads-hybrid-3-flex-sensitive-4-pcs\/","og_locale":"et_EE","og_type":"article","og_title":"BIC Shaving heads HYBRID 3 FLEX SENSITIVE (4 pcs)","og_description":"Osta BIC Shaving heads HYBRID 3 FLEX SENSITIVE (4 pcs) Odav Print \u260e +372 5911 9495 \u2714\ufe0f Parim hind BIC Shaving heads HYBRID 3 FLEX SENSITIVE (4 pcs) jaoks \u26df Kiire kohaletoimetamine Eestis \u2b50 Garanteeritud","og_url":"https:\/\/odavprint.ee\/et\/product\/bic-shaving-heads-hybrid-3-flex-sensitive-4-pcs\/","og_site_name":"Odav Print","og_image":[{"width":391,"height":500,"url":"https:\/\/odavprint.ee\/wp-content\/uploads\/2023\/09\/198123_921177_3086123644878.png","type":"image\/png"}],"twitter_card":"summary_large_image","twitter_misc":{"Price":"&euro;5.00","Availability":"Out of stock"},"schema":{"@context":"https:\/\/schema.org","@graph":[{"@type":["WebPage","ItemPage"],"@id":"https:\/\/odavprint.ee\/et\/product\/bic-shaving-heads-hybrid-3-flex-sensitive-4-pcs\/","url":"https:\/\/odavprint.ee\/et\/product\/bic-shaving-heads-hybrid-3-flex-sensitive-4-pcs\/","name":"BIC Shaving heads HYBRID 3 FLEX SENSITIVE (4 pcs), hea hinnaga, osta e-pood - Odav Print","isPartOf":{"@id":"https:\/\/odavprint.ee\/et\/#website"},"primaryImageOfPage":{"@id":"https:\/\/odavprint.ee\/et\/product\/bic-shaving-heads-hybrid-3-flex-sensitive-4-pcs\/#primaryimage"},"image":{"@id":"https:\/\/odavprint.ee\/et\/product\/bic-shaving-heads-hybrid-3-flex-sensitive-4-pcs\/#primaryimage"},"thumbnailUrl":"https:\/\/odavprint.ee\/wp-content\/uploads\/2023\/09\/198123_921177_3086123644878.png","datePublished":"2023-09-12T12:41:09+00:00","dateModified":"2023-09-12T12:41:09+00:00","description":"Osta BIC Shaving heads HYBRID 3 FLEX SENSITIVE (4 pcs) Odav Print \u260e +372 5911 9495 \u2714\ufe0f Parim hind BIC Shaving heads HYBRID 3 FLEX SENSITIVE (4 pcs) jaoks \u26df Kiire kohaletoimetamine Eestis \u2b50 Garanteeritud","breadcrumb":{"@id":"https:\/\/odavprint.ee\/et\/product\/bic-shaving-heads-hybrid-3-flex-sensitive-4-pcs\/#breadcrumb"},"inLanguage":"et","potentialAction":[{"@type":"ReadAction","target":["https:\/\/odavprint.ee\/et\/product\/bic-shaving-heads-hybrid-3-flex-sensitive-4-pcs\/"]}]},{"@type":"ImageObject","inLanguage":"et","@id":"https:\/\/odavprint.ee\/et\/product\/bic-shaving-heads-hybrid-3-flex-sensitive-4-pcs\/#primaryimage","url":"https:\/\/odavprint.ee\/wp-content\/uploads\/2023\/09\/198123_921177_3086123644878.png","contentUrl":"https:\/\/odavprint.ee\/wp-content\/uploads\/2023\/09\/198123_921177_3086123644878.png","width":391,"height":500},{"@type":"BreadcrumbList","@id":"https:\/\/odavprint.ee\/et\/product\/bic-shaving-heads-hybrid-3-flex-sensitive-4-pcs\/#breadcrumb","itemListElement":[{"@type":"ListItem","position":1,"name":"Home","item":"https:\/\/odavprint.ee\/et\/esileht\/"},{"@type":"ListItem","position":2,"name":"E-pood","item":"https:\/\/odavprint.ee\/et\/shop\/"},{"@type":"ListItem","position":3,"name":"BIC Shaving heads HYBRID 3 FLEX SENSITIVE (4 pcs)"}]},{"@type":"WebSite","@id":"https:\/\/odavprint.ee\/et\/#website","url":"https:\/\/odavprint.ee\/et\/","name":"Odav Print","description":"Just another WordPress site","publisher":{"@id":"https:\/\/odavprint.ee\/et\/#organization"},"alternateName":"Kassettide, toonerite t\u00e4itmine ja m\u00fc\u00fck.","potentialAction":[{"@type":"SearchAction","target":{"@type":"EntryPoint","urlTemplate":"https:\/\/odavprint.ee\/et\/?s={search_term_string}"},"query-input":"required name=search_term_string"}],"inLanguage":"et"},{"@type":["Organization","Place"],"@id":"https:\/\/odavprint.ee\/et\/#organization","name":"Odav Print O\u00dc","url":"https:\/\/odavprint.ee\/et\/","logo":{"@id":"https:\/\/odavprint.ee\/et\/product\/bic-shaving-heads-hybrid-3-flex-sensitive-4-pcs\/#local-main-organization-logo"},"image":{"@id":"https:\/\/odavprint.ee\/et\/product\/bic-shaving-heads-hybrid-3-flex-sensitive-4-pcs\/#local-main-organization-logo"},"address":{"@id":"https:\/\/odavprint.ee\/et\/product\/bic-shaving-heads-hybrid-3-flex-sensitive-4-pcs\/#local-main-place-address"},"geo":{"@type":"GeoCoordinates","latitude":"59.4306504","longitude":"24.8095743"},"telephone":["53836926"],"openingHoursSpecification":[{"@type":"OpeningHoursSpecification","dayOfWeek":["Monday","Tuesday","Wednesday","Thursday","Friday","Saturday","Sunday"],"opens":"09:00","closes":"17:00"}],"email":"info@odavprint.eu"},{"@type":"PostalAddress","@id":"https:\/\/odavprint.ee\/et\/product\/bic-shaving-heads-hybrid-3-flex-sensitive-4-pcs\/#local-main-place-address","streetAddress":"Pae tn 28","addressLocality":"Tallinn","postalCode":"11415","addressRegion":"Harjumaa","addressCountry":"EE"},{"@type":"ImageObject","inLanguage":"et","@id":"https:\/\/odavprint.ee\/et\/product\/bic-shaving-heads-hybrid-3-flex-sensitive-4-pcs\/#local-main-organization-logo","url":"https:\/\/odavprint.ee\/wp-content\/uploads\/2018\/10\/odavprint-logo-240.jpg","contentUrl":"https:\/\/odavprint.ee\/wp-content\/uploads\/2018\/10\/odavprint-logo-240.jpg","width":240,"height":36,"caption":"Odav Print O\u00dc"}]},"product_price_amount":"5.00","product_price_currency":"EUR","og_availability":"out of stock","product_availability":"out of stock","product_retailer_item_id":"921177","product_condition":"new","geo.placename":"Tallinn","geo.position":{"lat":"59.4306504","long":"24.8095743"},"geo.region":"Estonia"},"_links":{"self":[{"href":"https:\/\/odavprint.ee\/et\/wp-json\/wp\/v2\/product\/198123"}],"collection":[{"href":"https:\/\/odavprint.ee\/et\/wp-json\/wp\/v2\/product"}],"about":[{"href":"https:\/\/odavprint.ee\/et\/wp-json\/wp\/v2\/types\/product"}],"wp:featuredmedia":[{"embeddable":true,"href":"https:\/\/odavprint.ee\/et\/wp-json\/wp\/v2\/media\/198124"}],"wp:attachment":[{"href":"https:\/\/odavprint.ee\/et\/wp-json\/wp\/v2\/media?parent=198123"}],"wp:term":[{"taxonomy":"product_cat","embeddable":true,"href":"https:\/\/odavprint.ee\/et\/wp-json\/wp\/v2\/product_cat?post=198123"},{"taxonomy":"product_tag","embeddable":true,"href":"https:\/\/odavprint.ee\/et\/wp-json\/wp\/v2\/product_tag?post=198123"}],"curies":[{"name":"wp","href":"https:\/\/api.w.org\/{rel}","templated":true}]}}