{"id":198702,"date":"2023-09-13T13:38:49","date_gmt":"2023-09-13T10:38:49","guid":{"rendered":"https:\/\/odavprint.ee\/product\/massage-gun-yesoul-mg11\/"},"modified":"2023-09-13T13:56:34","modified_gmt":"2023-09-13T10:56:34","slug":"massage-gun-yesoul-mg11","status":"publish","type":"product","link":"https:\/\/odavprint.ee\/et\/product\/massage-gun-yesoul-mg11\/","title":{"rendered":"Massage Gun YESOUL MG11"},"content":{"rendered":"<p><b>YESOUL Monica MG11, muscle massage gun in blue with powerful brushless motor and 4 silicone heads<\/b><br \/>\nMassage gun &#8211; Recommended daily use of 10 minutes &#8211; 3000 RPM\/min brushless motor &#8211; 3 power levels &#8211; 4 silicone heads &#8211; Long life battery &#8211; Cooling grid &#8211; Lightweight and compact design<\/p>\n<p>Too much pain and muscle stiffness at the end of your high intensity exercises? Then what you need is a YESOUL Monica MG11 Massage Gun, with 4 silicone heads for different muscle groups and 3 speed settings.<\/p>\n<p>Interesting&#8230; isn\u2019t it? Well, read on, we\u2019ll tell you all about the YESOUL Monica MG11 in blue. Here, at Powerplanetonline.<\/p>\n<p>\u00a0<\/p>\n<p><b>Muscle pain after exercise? Give yourself a 10 minute massage!<\/b><b><br \/>\n<\/b>If you have not exercised in a long time, have taken up a new sport or have increased the intensity of the activity you already do, it is quite likely that you will feel a lot of muscle pain a few hours later. The typical &#8220;my whole body hurts&#8221;, basically.<\/p>\n<p>Don\u2019t worry, you don\u2019t have to give up the idea of getting in shape. This muscle massage gun provides the solution you are looking for, as it performs a high frequency vibration, deeply stimulating the fascia and releasing the muscle knots in order to break all that tension and muscle stiffness.<\/p>\n<p>A daily 10-minute massage with your YESOUL Monica MG11 is all it takes to relieve your pain and muscle fatigue. Once that time has passed, the device will turn off automatically.<\/p>\n<p><b>Powerful motor of up to 3000rpm<\/b><br \/>\nThe YESOUL Monica MG11 will be able to do this thanks to the equipment of a super quiet motor of up to 3000 rpm, more than enough power to stimulate muscle groups with a depth of up to 7 mm, as well as to quickly neutralize the lactic acid produced after sports activity (that annoying &#8220;stiffness&#8221;).<\/p>\n<p>\u00a0<\/p>\n<p><b>3 speed settings<\/b><br \/>\nBut you may need some thing different depending on the situation&#8230; That\u2019s why YESOUL allows you to adapt the power of its Monica MG11 massage gun to what you need thanks to its 3 speed settings, from muscle activation to deep massage. You choose!<\/p>\n<p>\u00a0<\/p>\n<p><b>4 heads for each muscle group<\/b><br \/>\nIn addition, the YESOUL Monica MG11 includes 4 silicone heads for you to use on different parts of the body. On the one hand, you have the round head for massaging the back, arms, thighs, calves and other large muscles; the U-shaped head for massaging the neck and both sides of the spine; the flat head for relaxing different muscle areas of the body; and the bullet-shaped  head for massaging the palms of the hands and feet soles.<\/p>\n<p>\u00a0<\/p>\n<p><b>Long battery life<\/b><br \/>\nOn the other hand, thanks to its large 2400 mAh battery, you will never be left halfway through a massage. It is capable of providing up to 1 month of use without having to charge.<\/p>\n<p>\u00a0<\/p>\n<p><b>Ergonomic grip and colorful, lightweight design<\/b><br \/>\nBut the first thing that will catch our attention will be its pistol shape, which facilitates the grip while you use it, with a resistant body made of ABS + PC, a colorful design (in this case, blue) and a cooling system with a grid. In addition, thanks to its light weight (380 g) and small size, you can comfortably carry it wherever you go.<\/p>\n","protected":false},"excerpt":{"rendered":"<p>YESOUL Monica MG11, muscle massage gun in blue with powerful brushless motor and 4 silicone heads Massage gun &#8211; Recommended daily use of 10 minutes &#8211; 3000 RPM\/min brushless motor &#8211; 3 power levels &#8211; 4 silicone heads &#8211; Long life battery &#8211; Cooling grid &#8211; Lightweight and compact design Too much pain and muscle [&#8230;]\n","protected":false},"featured_media":198703,"template":"","meta":{"inline_featured_image":false},"product_cat":[37999],"product_tag":[],"yoast_head":"<!-- This site is optimized with the Yoast SEO Premium plugin v23.0 (Yoast SEO v23.0) - https:\/\/yoast.com\/wordpress\/plugins\/seo\/ -->\n<title>Massage Gun YESOUL MG11, hea hinnaga, osta e-pood - Odav Print<\/title>\n<meta name=\"description\" content=\"Osta Massage Gun YESOUL MG11 Odav Print \u260e +372 5911 9495 \u2714\ufe0f Parim hind Massage Gun YESOUL MG11 jaoks \u26df Kiire kohaletoimetamine Eestis \u2b50 Garanteeritud\" \/>\n<meta name=\"robots\" content=\"index, follow, max-snippet:-1, max-image-preview:large, max-video-preview:-1\" \/>\n<link rel=\"canonical\" href=\"https:\/\/odavprint.ee\/et\/product\/massage-gun-yesoul-mg11\/\" \/>\n<meta property=\"og:locale\" content=\"et_EE\" \/>\n<meta property=\"og:type\" content=\"article\" \/>\n<meta property=\"og:title\" content=\"Massage Gun YESOUL MG11\" \/>\n<meta property=\"og:description\" content=\"Osta Massage Gun YESOUL MG11 Odav Print \u260e +372 5911 9495 \u2714\ufe0f Parim hind Massage Gun YESOUL MG11 jaoks \u26df Kiire kohaletoimetamine Eestis \u2b50 Garanteeritud\" \/>\n<meta property=\"og:url\" content=\"https:\/\/odavprint.ee\/et\/product\/massage-gun-yesoul-mg11\/\" \/>\n<meta property=\"og:site_name\" content=\"Odav Print\" \/>\n<meta property=\"article:modified_time\" content=\"2023-09-13T10:56:34+00:00\" \/>\n<meta property=\"og:image\" content=\"https:\/\/odavprint.ee\/wp-content\/uploads\/2023\/09\/198702_pistola_de_masaje_yesoul_monica_mg11_verde_01_l.jpg\" \/>\n\t<meta property=\"og:image:width\" content=\"500\" \/>\n\t<meta property=\"og:image:height\" content=\"500\" \/>\n\t<meta property=\"og:image:type\" content=\"image\/jpeg\" \/>\n<meta name=\"twitter:card\" content=\"summary_large_image\" \/>\n<meta name=\"twitter:label1\" content=\"Price\" \/>\n\t<meta name=\"twitter:data1\" content=\"&euro;60.80\" \/>\n\t<meta name=\"twitter:label2\" content=\"Availability\" \/>\n\t<meta name=\"twitter:data2\" content=\"Out of stock\" \/>\n<script type=\"application\/ld+json\" class=\"yoast-schema-graph\">{\"@context\":\"https:\/\/schema.org\",\"@graph\":[{\"@type\":[\"WebPage\",\"ItemPage\"],\"@id\":\"https:\/\/odavprint.ee\/et\/product\/massage-gun-yesoul-mg11\/\",\"url\":\"https:\/\/odavprint.ee\/et\/product\/massage-gun-yesoul-mg11\/\",\"name\":\"Massage Gun YESOUL MG11, hea hinnaga, osta e-pood - Odav Print\",\"isPartOf\":{\"@id\":\"https:\/\/odavprint.ee\/et\/#website\"},\"primaryImageOfPage\":{\"@id\":\"https:\/\/odavprint.ee\/et\/product\/massage-gun-yesoul-mg11\/#primaryimage\"},\"image\":{\"@id\":\"https:\/\/odavprint.ee\/et\/product\/massage-gun-yesoul-mg11\/#primaryimage\"},\"thumbnailUrl\":\"https:\/\/odavprint.ee\/wp-content\/uploads\/2023\/09\/198702_pistola_de_masaje_yesoul_monica_mg11_verde_01_l.jpg\",\"datePublished\":\"2023-09-13T10:38:49+00:00\",\"dateModified\":\"2023-09-13T10:56:34+00:00\",\"description\":\"Osta Massage Gun YESOUL MG11 Odav Print \u260e +372 5911 9495 \u2714\ufe0f Parim hind Massage Gun YESOUL MG11 jaoks \u26df Kiire kohaletoimetamine Eestis \u2b50 Garanteeritud\",\"breadcrumb\":{\"@id\":\"https:\/\/odavprint.ee\/et\/product\/massage-gun-yesoul-mg11\/#breadcrumb\"},\"inLanguage\":\"et\",\"potentialAction\":[{\"@type\":\"ReadAction\",\"target\":[\"https:\/\/odavprint.ee\/et\/product\/massage-gun-yesoul-mg11\/\"]}]},{\"@type\":\"ImageObject\",\"inLanguage\":\"et\",\"@id\":\"https:\/\/odavprint.ee\/et\/product\/massage-gun-yesoul-mg11\/#primaryimage\",\"url\":\"https:\/\/odavprint.ee\/wp-content\/uploads\/2023\/09\/198702_pistola_de_masaje_yesoul_monica_mg11_verde_01_l.jpg\",\"contentUrl\":\"https:\/\/odavprint.ee\/wp-content\/uploads\/2023\/09\/198702_pistola_de_masaje_yesoul_monica_mg11_verde_01_l.jpg\",\"width\":500,\"height\":500},{\"@type\":\"BreadcrumbList\",\"@id\":\"https:\/\/odavprint.ee\/et\/product\/massage-gun-yesoul-mg11\/#breadcrumb\",\"itemListElement\":[{\"@type\":\"ListItem\",\"position\":1,\"name\":\"Home\",\"item\":\"https:\/\/odavprint.ee\/et\/esileht\/\"},{\"@type\":\"ListItem\",\"position\":2,\"name\":\"E-pood\",\"item\":\"https:\/\/odavprint.ee\/et\/shop\/\"},{\"@type\":\"ListItem\",\"position\":3,\"name\":\"Massage Gun YESOUL MG11\"}]},{\"@type\":\"WebSite\",\"@id\":\"https:\/\/odavprint.ee\/et\/#website\",\"url\":\"https:\/\/odavprint.ee\/et\/\",\"name\":\"Odav Print\",\"description\":\"Just another WordPress site\",\"publisher\":{\"@id\":\"https:\/\/odavprint.ee\/et\/#organization\"},\"alternateName\":\"Kassettide, toonerite t\u00e4itmine ja m\u00fc\u00fck.\",\"potentialAction\":[{\"@type\":\"SearchAction\",\"target\":{\"@type\":\"EntryPoint\",\"urlTemplate\":\"https:\/\/odavprint.ee\/et\/?s={search_term_string}\"},\"query-input\":\"required name=search_term_string\"}],\"inLanguage\":\"et\"},{\"@type\":[\"Organization\",\"Place\"],\"@id\":\"https:\/\/odavprint.ee\/et\/#organization\",\"name\":\"Odav Print O\u00dc\",\"url\":\"https:\/\/odavprint.ee\/et\/\",\"logo\":{\"@id\":\"https:\/\/odavprint.ee\/et\/product\/massage-gun-yesoul-mg11\/#local-main-organization-logo\"},\"image\":{\"@id\":\"https:\/\/odavprint.ee\/et\/product\/massage-gun-yesoul-mg11\/#local-main-organization-logo\"},\"address\":{\"@id\":\"https:\/\/odavprint.ee\/et\/product\/massage-gun-yesoul-mg11\/#local-main-place-address\"},\"geo\":{\"@type\":\"GeoCoordinates\",\"latitude\":\"59.4306504\",\"longitude\":\"24.8095743\"},\"telephone\":[\"53836926\"],\"openingHoursSpecification\":[{\"@type\":\"OpeningHoursSpecification\",\"dayOfWeek\":[\"Monday\",\"Tuesday\",\"Wednesday\",\"Thursday\",\"Friday\",\"Saturday\",\"Sunday\"],\"opens\":\"09:00\",\"closes\":\"17:00\"}],\"email\":\"info@odavprint.eu\"},{\"@type\":\"PostalAddress\",\"@id\":\"https:\/\/odavprint.ee\/et\/product\/massage-gun-yesoul-mg11\/#local-main-place-address\",\"streetAddress\":\"Pae tn 28\",\"addressLocality\":\"Tallinn\",\"postalCode\":\"11415\",\"addressRegion\":\"Harjumaa\",\"addressCountry\":\"EE\"},{\"@type\":\"ImageObject\",\"inLanguage\":\"et\",\"@id\":\"https:\/\/odavprint.ee\/et\/product\/massage-gun-yesoul-mg11\/#local-main-organization-logo\",\"url\":\"https:\/\/odavprint.ee\/wp-content\/uploads\/2018\/10\/odavprint-logo-240.jpg\",\"contentUrl\":\"https:\/\/odavprint.ee\/wp-content\/uploads\/2018\/10\/odavprint-logo-240.jpg\",\"width\":240,\"height\":36,\"caption\":\"Odav Print O\u00dc\"}]}<\/script>\n<meta property=\"product:price:amount\" content=\"60.80\" \/>\n<meta property=\"product:price:currency\" content=\"EUR\" \/>\n<meta property=\"og:availability\" content=\"out of stock\" \/>\n<meta property=\"product:availability\" content=\"out of stock\" \/>\n<meta property=\"product:retailer_item_id\" content=\"MG11\" \/>\n<meta property=\"product:condition\" content=\"new\" \/>\n<meta name=\"geo.placename\" content=\"Tallinn\" \/>\n<meta name=\"geo.position\" content=\"59.4306504;24.8095743\" \/>\n<meta name=\"geo.region\" content=\"Estonia\" \/>\n<!-- \/ Yoast SEO Premium plugin. -->","yoast_head_json":{"title":"Massage Gun YESOUL MG11, hea hinnaga, osta e-pood - Odav Print","description":"Osta Massage Gun YESOUL MG11 Odav Print \u260e +372 5911 9495 \u2714\ufe0f Parim hind Massage Gun YESOUL MG11 jaoks \u26df Kiire kohaletoimetamine Eestis \u2b50 Garanteeritud","robots":{"index":"index","follow":"follow","max-snippet":"max-snippet:-1","max-image-preview":"max-image-preview:large","max-video-preview":"max-video-preview:-1"},"canonical":"https:\/\/odavprint.ee\/et\/product\/massage-gun-yesoul-mg11\/","og_locale":"et_EE","og_type":"article","og_title":"Massage Gun YESOUL MG11","og_description":"Osta Massage Gun YESOUL MG11 Odav Print \u260e +372 5911 9495 \u2714\ufe0f Parim hind Massage Gun YESOUL MG11 jaoks \u26df Kiire kohaletoimetamine Eestis \u2b50 Garanteeritud","og_url":"https:\/\/odavprint.ee\/et\/product\/massage-gun-yesoul-mg11\/","og_site_name":"Odav Print","article_modified_time":"2023-09-13T10:56:34+00:00","og_image":[{"width":500,"height":500,"url":"https:\/\/odavprint.ee\/wp-content\/uploads\/2023\/09\/198702_pistola_de_masaje_yesoul_monica_mg11_verde_01_l.jpg","type":"image\/jpeg"}],"twitter_card":"summary_large_image","twitter_misc":{"Price":"&euro;60.80","Availability":"Out of stock"},"schema":{"@context":"https:\/\/schema.org","@graph":[{"@type":["WebPage","ItemPage"],"@id":"https:\/\/odavprint.ee\/et\/product\/massage-gun-yesoul-mg11\/","url":"https:\/\/odavprint.ee\/et\/product\/massage-gun-yesoul-mg11\/","name":"Massage Gun YESOUL MG11, hea hinnaga, osta e-pood - Odav Print","isPartOf":{"@id":"https:\/\/odavprint.ee\/et\/#website"},"primaryImageOfPage":{"@id":"https:\/\/odavprint.ee\/et\/product\/massage-gun-yesoul-mg11\/#primaryimage"},"image":{"@id":"https:\/\/odavprint.ee\/et\/product\/massage-gun-yesoul-mg11\/#primaryimage"},"thumbnailUrl":"https:\/\/odavprint.ee\/wp-content\/uploads\/2023\/09\/198702_pistola_de_masaje_yesoul_monica_mg11_verde_01_l.jpg","datePublished":"2023-09-13T10:38:49+00:00","dateModified":"2023-09-13T10:56:34+00:00","description":"Osta Massage Gun YESOUL MG11 Odav Print \u260e +372 5911 9495 \u2714\ufe0f Parim hind Massage Gun YESOUL MG11 jaoks \u26df Kiire kohaletoimetamine Eestis \u2b50 Garanteeritud","breadcrumb":{"@id":"https:\/\/odavprint.ee\/et\/product\/massage-gun-yesoul-mg11\/#breadcrumb"},"inLanguage":"et","potentialAction":[{"@type":"ReadAction","target":["https:\/\/odavprint.ee\/et\/product\/massage-gun-yesoul-mg11\/"]}]},{"@type":"ImageObject","inLanguage":"et","@id":"https:\/\/odavprint.ee\/et\/product\/massage-gun-yesoul-mg11\/#primaryimage","url":"https:\/\/odavprint.ee\/wp-content\/uploads\/2023\/09\/198702_pistola_de_masaje_yesoul_monica_mg11_verde_01_l.jpg","contentUrl":"https:\/\/odavprint.ee\/wp-content\/uploads\/2023\/09\/198702_pistola_de_masaje_yesoul_monica_mg11_verde_01_l.jpg","width":500,"height":500},{"@type":"BreadcrumbList","@id":"https:\/\/odavprint.ee\/et\/product\/massage-gun-yesoul-mg11\/#breadcrumb","itemListElement":[{"@type":"ListItem","position":1,"name":"Home","item":"https:\/\/odavprint.ee\/et\/esileht\/"},{"@type":"ListItem","position":2,"name":"E-pood","item":"https:\/\/odavprint.ee\/et\/shop\/"},{"@type":"ListItem","position":3,"name":"Massage Gun YESOUL MG11"}]},{"@type":"WebSite","@id":"https:\/\/odavprint.ee\/et\/#website","url":"https:\/\/odavprint.ee\/et\/","name":"Odav Print","description":"Just another WordPress site","publisher":{"@id":"https:\/\/odavprint.ee\/et\/#organization"},"alternateName":"Kassettide, toonerite t\u00e4itmine ja m\u00fc\u00fck.","potentialAction":[{"@type":"SearchAction","target":{"@type":"EntryPoint","urlTemplate":"https:\/\/odavprint.ee\/et\/?s={search_term_string}"},"query-input":"required name=search_term_string"}],"inLanguage":"et"},{"@type":["Organization","Place"],"@id":"https:\/\/odavprint.ee\/et\/#organization","name":"Odav Print O\u00dc","url":"https:\/\/odavprint.ee\/et\/","logo":{"@id":"https:\/\/odavprint.ee\/et\/product\/massage-gun-yesoul-mg11\/#local-main-organization-logo"},"image":{"@id":"https:\/\/odavprint.ee\/et\/product\/massage-gun-yesoul-mg11\/#local-main-organization-logo"},"address":{"@id":"https:\/\/odavprint.ee\/et\/product\/massage-gun-yesoul-mg11\/#local-main-place-address"},"geo":{"@type":"GeoCoordinates","latitude":"59.4306504","longitude":"24.8095743"},"telephone":["53836926"],"openingHoursSpecification":[{"@type":"OpeningHoursSpecification","dayOfWeek":["Monday","Tuesday","Wednesday","Thursday","Friday","Saturday","Sunday"],"opens":"09:00","closes":"17:00"}],"email":"info@odavprint.eu"},{"@type":"PostalAddress","@id":"https:\/\/odavprint.ee\/et\/product\/massage-gun-yesoul-mg11\/#local-main-place-address","streetAddress":"Pae tn 28","addressLocality":"Tallinn","postalCode":"11415","addressRegion":"Harjumaa","addressCountry":"EE"},{"@type":"ImageObject","inLanguage":"et","@id":"https:\/\/odavprint.ee\/et\/product\/massage-gun-yesoul-mg11\/#local-main-organization-logo","url":"https:\/\/odavprint.ee\/wp-content\/uploads\/2018\/10\/odavprint-logo-240.jpg","contentUrl":"https:\/\/odavprint.ee\/wp-content\/uploads\/2018\/10\/odavprint-logo-240.jpg","width":240,"height":36,"caption":"Odav Print O\u00dc"}]},"product_price_amount":"60.80","product_price_currency":"EUR","og_availability":"out of stock","product_availability":"out of stock","product_retailer_item_id":"MG11","product_condition":"new","geo.placename":"Tallinn","geo.position":{"lat":"59.4306504","long":"24.8095743"},"geo.region":"Estonia"},"_links":{"self":[{"href":"https:\/\/odavprint.ee\/et\/wp-json\/wp\/v2\/product\/198702"}],"collection":[{"href":"https:\/\/odavprint.ee\/et\/wp-json\/wp\/v2\/product"}],"about":[{"href":"https:\/\/odavprint.ee\/et\/wp-json\/wp\/v2\/types\/product"}],"wp:featuredmedia":[{"embeddable":true,"href":"https:\/\/odavprint.ee\/et\/wp-json\/wp\/v2\/media\/198703"}],"wp:attachment":[{"href":"https:\/\/odavprint.ee\/et\/wp-json\/wp\/v2\/media?parent=198702"}],"wp:term":[{"taxonomy":"product_cat","embeddable":true,"href":"https:\/\/odavprint.ee\/et\/wp-json\/wp\/v2\/product_cat?post=198702"},{"taxonomy":"product_tag","embeddable":true,"href":"https:\/\/odavprint.ee\/et\/wp-json\/wp\/v2\/product_tag?post=198702"}],"curies":[{"name":"wp","href":"https:\/\/api.w.org\/{rel}","templated":true}]}}