{"id":198707,"date":"2023-09-13T13:38:50","date_gmt":"2023-09-13T10:38:50","guid":{"rendered":"https:\/\/odavprint.ee\/product\/neck-massage-pillow-rp-r1s\/"},"modified":"2023-09-13T13:56:27","modified_gmt":"2023-09-13T10:56:27","slug":"neck-massage-pillow-rp-r1s","status":"publish","type":"product","link":"https:\/\/odavprint.ee\/et\/product\/neck-massage-pillow-rp-r1s\/","title":{"rendered":"Neck Massage Pillow (RP-R1S)"},"content":{"rendered":"<p>\u00a0<img decoding=\"async\" src=\"https:\/\/ae01.alicdn.com\/kf\/S9898c3770cbf4342b1de3c871785e7fbQ.jpg?width=1000&#038;height=1927&#038;hash=2927\" style=\"box-sizing: border-box; -webkit-tap-highlight-color: transparent; outline: 0px; vertical-align: middle; border: 0px; margin: 0px; padding: 0px; max-width: 100%; font-family: \"Open Sans\", Roboto, Arial, Helvetica, sans-serif, SimSun; font-size: 14px;\" alt=\"\" \/><img decoding=\"async\" src=\"https:\/\/ae01.alicdn.com\/kf\/S57829893d9624a76b199fc163ef21566T.jpg?width=1000&#038;height=2389&#038;hash=3389\" style=\"box-sizing: border-box; -webkit-tap-highlight-color: transparent; outline: 0px; vertical-align: middle; border: 0px; margin: 0px; padding: 0px; max-width: 100%; font-family: \"Open Sans\", Roboto, Arial, Helvetica, sans-serif, SimSun; font-size: 14px;\" alt=\"\" \/><img decoding=\"async\" src=\"https:\/\/ae01.alicdn.com\/kf\/S95fb5f4dd7e84980bcd4a2b2096e8149B.jpg?width=1000&#038;height=2345&#038;hash=3345\" style=\"box-sizing: border-box; -webkit-tap-highlight-color: transparent; outline: 0px; vertical-align: middle; border: 0px; margin: 0px; padding: 0px; max-width: 100%; font-family: \"Open Sans\", Roboto, Arial, Helvetica, sans-serif, SimSun; font-size: 14px;\" alt=\"\" \/><img decoding=\"async\" src=\"https:\/\/ae01.alicdn.com\/kf\/Se51c30bcfe7c4a9c944247db2c8943c2e.jpg?width=1000&#038;height=2594&#038;hash=3594\" style=\"box-sizing: border-box; -webkit-tap-highlight-color: transparent; outline: 0px; vertical-align: middle; border: 0px; margin: 0px; padding: 0px; max-width: 100%; font-family: \"Open Sans\", Roboto, Arial, Helvetica, sans-serif, SimSun; font-size: 14px;\" alt=\"\" \/><img decoding=\"async\" src=\"https:\/\/ae01.alicdn.com\/kf\/Sb3c74be0e18f41afbe3e46a53fff31deG.jpg?width=1000&#038;height=2857&#038;hash=3857\" style=\"box-sizing: border-box; -webkit-tap-highlight-color: transparent; outline: 0px; vertical-align: middle; border: 0px; margin: 0px; padding: 0px; max-width: 100%; font-family: \"Open Sans\", Roboto, Arial, Helvetica, sans-serif, SimSun; font-size: 14px;\" alt=\"\" \/><img decoding=\"async\" src=\"https:\/\/ae01.alicdn.com\/kf\/S1cba72a2dbc544eaaa302d58b6a276c5H.jpg?width=1000&#038;height=2729&#038;hash=3729\" style=\"box-sizing: border-box; -webkit-tap-highlight-color: transparent; outline: 0px; vertical-align: middle; border: 0px; margin: 0px; padding: 0px; max-width: 100%; font-family: \"Open Sans\", Roboto, Arial, Helvetica, sans-serif, SimSun; font-size: 14px;\" alt=\"\" \/><img decoding=\"async\" src=\"https:\/\/ae01.alicdn.com\/kf\/Sbce441f81e384f80b4bdc36e32ebee07r.jpg?width=1000&#038;height=1672&#038;hash=2672\" style=\"box-sizing: border-box; -webkit-tap-highlight-color: transparent; outline: 0px; vertical-align: middle; border: 0px; margin: 0px; padding: 0px; max-width: 100%; font-family: \"Open Sans\", Roboto, Arial, Helvetica, sans-serif, SimSun; font-size: 14px;\" alt=\"\" \/><img decoding=\"async\" src=\"https:\/\/ae01.alicdn.com\/kf\/S127da37bc3624ab58acba2fa61ebb4ef1.jpg?width=1000&#038;height=1418&#038;hash=2418\" style=\"box-sizing: border-box; -webkit-tap-highlight-color: transparent; outline: 0px; vertical-align: middle; border: 0px; margin: 0px; padding: 0px; max-width: 100%; font-family: \"Open Sans\", Roboto, Arial, Helvetica, sans-serif, SimSun; font-size: 14px;\" alt=\"\" \/><img decoding=\"async\" src=\"https:\/\/ae01.alicdn.com\/kf\/S2db8025d46c94880823fd6d5b52d45014.jpg?width=1000&#038;height=1672&#038;hash=2672\" style=\"box-sizing: border-box; -webkit-tap-highlight-color: transparent; outline: 0px; vertical-align: middle; border: 0px; margin: 0px; padding: 0px; max-width: 100%; font-family: \"Open Sans\", Roboto, Arial, Helvetica, sans-serif, SimSun; font-size: 14px;\" alt=\"\" \/><img decoding=\"async\" src=\"https:\/\/ae01.alicdn.com\/kf\/S190e5e46d019431d8a374d04a688d9cfP.jpg?width=1000&#038;height=1243&#038;hash=2243\" style=\"box-sizing: border-box; -webkit-tap-highlight-color: transparent; outline: 0px; vertical-align: middle; border: 0px; margin: 0px; padding: 0px; max-width: 100%; font-family: \"Open Sans\", Roboto, Arial, Helvetica, sans-serif, SimSun; font-size: 14px;\" alt=\"\" \/><img decoding=\"async\" src=\"https:\/\/ae01.alicdn.com\/kf\/Sabfc6279ce0f4a349868d069cb75bf63a.jpg?width=1000&#038;height=1387&#038;hash=2387\" style=\"box-sizing: border-box; -webkit-tap-highlight-color: transparent; outline: 0px; vertical-align: middle; border: 0px; margin: 0px; padding: 0px; max-width: 100%; font-family: \"Open Sans\", Roboto, Arial, Helvetica, sans-serif, SimSun; font-size: 14px;\" alt=\"\" \/><img decoding=\"async\" src=\"https:\/\/ae01.alicdn.com\/kf\/Sc9a39243a3a24e0296737c454074106ac.jpg?width=1000&#038;height=1499&#038;hash=2499\" style=\"box-sizing: border-box; -webkit-tap-highlight-color: transparent; outline: 0px; vertical-align: middle; border: 0px; margin: 0px; padding: 0px; max-width: 100%; font-family: \"Open Sans\", Roboto, Arial, Helvetica, sans-serif, SimSun; font-size: 14px;\" alt=\"\" \/><img decoding=\"async\" src=\"https:\/\/ae01.alicdn.com\/kf\/S97e629ba01674356bba09a534557d2abL.jpg?width=1000&#038;height=1616&#038;hash=2616\" style=\"box-sizing: border-box; -webkit-tap-highlight-color: transparent; outline: 0px; vertical-align: middle; border: 0px; margin: 0px; padding: 0px; max-width: 100%; font-family: \"Open Sans\", Roboto, Arial, Helvetica, sans-serif, SimSun; font-size: 14px;\" alt=\"\" \/><img decoding=\"async\" src=\"https:\/\/ae01.alicdn.com\/kf\/S2604ff15816f401b97692070a6f41f87q.jpg?width=1000&#038;height=2747&#038;hash=3747\" style=\"box-sizing: border-box; -webkit-tap-highlight-color: transparent; outline: 0px; vertical-align: middle; border: 0px; margin: 0px; padding: 0px; max-width: 100%; font-family: \"Open Sans\", Roboto, Arial, Helvetica, sans-serif, SimSun; font-size: 14px;\" alt=\"\" \/><img decoding=\"async\" src=\"https:\/\/ae01.alicdn.com\/kf\/Sa4ce30ef75e14a1dbf27fa4a204e0258p.jpg?width=1000&#038;height=1453&#038;hash=2453\" style=\"box-sizing: border-box; -webkit-tap-highlight-color: transparent; outline: 0px; vertical-align: middle; border: 0px; margin: 0px; padding: 0px; max-width: 100%; font-family: \"Open Sans\", Roboto, Arial, Helvetica, sans-serif, SimSun; font-size: 14px;\" alt=\"\" \/><\/p>\n","protected":false},"excerpt":{"rendered":"<p>\u00a0<\/p>\n","protected":false},"featured_media":198708,"template":"","meta":{"inline_featured_image":false},"product_cat":[37999],"product_tag":[],"yoast_head":"<!-- This site is optimized with the Yoast SEO Premium plugin v23.0 (Yoast SEO v23.0) - https:\/\/yoast.com\/wordpress\/plugins\/seo\/ -->\n<title>Neck Massage Pillow (RP-R1S), hea hinnaga, osta e-pood - Odav Print<\/title>\n<meta name=\"description\" content=\"Osta Neck Massage Pillow (RP-R1S) Odav Print \u260e +372 5911 9495 \u2714\ufe0f Parim hind Neck Massage Pillow (RP-R1S) jaoks \u26df Kiire kohaletoimetamine Eestis \u2b50 Garanteeritud\" \/>\n<meta name=\"robots\" content=\"index, follow, max-snippet:-1, max-image-preview:large, max-video-preview:-1\" \/>\n<link rel=\"canonical\" href=\"https:\/\/odavprint.ee\/et\/product\/neck-massage-pillow-rp-r1s\/\" \/>\n<meta property=\"og:locale\" content=\"et_EE\" \/>\n<meta property=\"og:type\" content=\"article\" \/>\n<meta property=\"og:title\" content=\"Neck Massage Pillow (RP-R1S)\" \/>\n<meta property=\"og:description\" content=\"Osta Neck Massage Pillow (RP-R1S) Odav Print \u260e +372 5911 9495 \u2714\ufe0f Parim hind Neck Massage Pillow (RP-R1S) jaoks \u26df Kiire kohaletoimetamine Eestis \u2b50 Garanteeritud\" \/>\n<meta property=\"og:url\" content=\"https:\/\/odavprint.ee\/et\/product\/neck-massage-pillow-rp-r1s\/\" \/>\n<meta property=\"og:site_name\" content=\"Odav Print\" \/>\n<meta property=\"article:modified_time\" content=\"2023-09-13T10:56:27+00:00\" \/>\n<meta property=\"og:image\" content=\"https:\/\/odavprint.ee\/wp-content\/uploads\/2023\/09\/198707_02_20327_1644169088.jpg\" \/>\n\t<meta property=\"og:image:width\" content=\"500\" \/>\n\t<meta property=\"og:image:height\" content=\"500\" \/>\n\t<meta property=\"og:image:type\" content=\"image\/jpeg\" \/>\n<meta name=\"twitter:card\" content=\"summary_large_image\" \/>\n<meta name=\"twitter:label1\" content=\"Price\" \/>\n\t<meta name=\"twitter:data1\" content=\"&euro;39.10\" \/>\n\t<meta name=\"twitter:label2\" content=\"Availability\" \/>\n\t<meta name=\"twitter:data2\" content=\"Out of stock\" \/>\n<script type=\"application\/ld+json\" class=\"yoast-schema-graph\">{\"@context\":\"https:\/\/schema.org\",\"@graph\":[{\"@type\":[\"WebPage\",\"ItemPage\"],\"@id\":\"https:\/\/odavprint.ee\/et\/product\/neck-massage-pillow-rp-r1s\/\",\"url\":\"https:\/\/odavprint.ee\/et\/product\/neck-massage-pillow-rp-r1s\/\",\"name\":\"Neck Massage Pillow (RP-R1S), hea hinnaga, osta e-pood - Odav Print\",\"isPartOf\":{\"@id\":\"https:\/\/odavprint.ee\/et\/#website\"},\"primaryImageOfPage\":{\"@id\":\"https:\/\/odavprint.ee\/et\/product\/neck-massage-pillow-rp-r1s\/#primaryimage\"},\"image\":{\"@id\":\"https:\/\/odavprint.ee\/et\/product\/neck-massage-pillow-rp-r1s\/#primaryimage\"},\"thumbnailUrl\":\"https:\/\/odavprint.ee\/wp-content\/uploads\/2023\/09\/198707_02_20327_1644169088.jpg\",\"datePublished\":\"2023-09-13T10:38:50+00:00\",\"dateModified\":\"2023-09-13T10:56:27+00:00\",\"description\":\"Osta Neck Massage Pillow (RP-R1S) Odav Print \u260e +372 5911 9495 \u2714\ufe0f Parim hind Neck Massage Pillow (RP-R1S) jaoks \u26df Kiire kohaletoimetamine Eestis \u2b50 Garanteeritud\",\"breadcrumb\":{\"@id\":\"https:\/\/odavprint.ee\/et\/product\/neck-massage-pillow-rp-r1s\/#breadcrumb\"},\"inLanguage\":\"et\",\"potentialAction\":[{\"@type\":\"ReadAction\",\"target\":[\"https:\/\/odavprint.ee\/et\/product\/neck-massage-pillow-rp-r1s\/\"]}]},{\"@type\":\"ImageObject\",\"inLanguage\":\"et\",\"@id\":\"https:\/\/odavprint.ee\/et\/product\/neck-massage-pillow-rp-r1s\/#primaryimage\",\"url\":\"https:\/\/odavprint.ee\/wp-content\/uploads\/2023\/09\/198707_02_20327_1644169088.jpg\",\"contentUrl\":\"https:\/\/odavprint.ee\/wp-content\/uploads\/2023\/09\/198707_02_20327_1644169088.jpg\",\"width\":500,\"height\":500},{\"@type\":\"BreadcrumbList\",\"@id\":\"https:\/\/odavprint.ee\/et\/product\/neck-massage-pillow-rp-r1s\/#breadcrumb\",\"itemListElement\":[{\"@type\":\"ListItem\",\"position\":1,\"name\":\"Home\",\"item\":\"https:\/\/odavprint.ee\/et\/esileht\/\"},{\"@type\":\"ListItem\",\"position\":2,\"name\":\"E-pood\",\"item\":\"https:\/\/odavprint.ee\/et\/shop\/\"},{\"@type\":\"ListItem\",\"position\":3,\"name\":\"Neck Massage Pillow (RP-R1S)\"}]},{\"@type\":\"WebSite\",\"@id\":\"https:\/\/odavprint.ee\/et\/#website\",\"url\":\"https:\/\/odavprint.ee\/et\/\",\"name\":\"Odav Print\",\"description\":\"Just another WordPress site\",\"publisher\":{\"@id\":\"https:\/\/odavprint.ee\/et\/#organization\"},\"alternateName\":\"Kassettide, toonerite t\u00e4itmine ja m\u00fc\u00fck.\",\"potentialAction\":[{\"@type\":\"SearchAction\",\"target\":{\"@type\":\"EntryPoint\",\"urlTemplate\":\"https:\/\/odavprint.ee\/et\/?s={search_term_string}\"},\"query-input\":\"required name=search_term_string\"}],\"inLanguage\":\"et\"},{\"@type\":[\"Organization\",\"Place\"],\"@id\":\"https:\/\/odavprint.ee\/et\/#organization\",\"name\":\"Odav Print O\u00dc\",\"url\":\"https:\/\/odavprint.ee\/et\/\",\"logo\":{\"@id\":\"https:\/\/odavprint.ee\/et\/product\/neck-massage-pillow-rp-r1s\/#local-main-organization-logo\"},\"image\":{\"@id\":\"https:\/\/odavprint.ee\/et\/product\/neck-massage-pillow-rp-r1s\/#local-main-organization-logo\"},\"address\":{\"@id\":\"https:\/\/odavprint.ee\/et\/product\/neck-massage-pillow-rp-r1s\/#local-main-place-address\"},\"geo\":{\"@type\":\"GeoCoordinates\",\"latitude\":\"59.4306504\",\"longitude\":\"24.8095743\"},\"telephone\":[\"53836926\"],\"openingHoursSpecification\":[{\"@type\":\"OpeningHoursSpecification\",\"dayOfWeek\":[\"Monday\",\"Tuesday\",\"Wednesday\",\"Thursday\",\"Friday\",\"Saturday\",\"Sunday\"],\"opens\":\"09:00\",\"closes\":\"17:00\"}],\"email\":\"info@odavprint.eu\"},{\"@type\":\"PostalAddress\",\"@id\":\"https:\/\/odavprint.ee\/et\/product\/neck-massage-pillow-rp-r1s\/#local-main-place-address\",\"streetAddress\":\"Pae tn 28\",\"addressLocality\":\"Tallinn\",\"postalCode\":\"11415\",\"addressRegion\":\"Harjumaa\",\"addressCountry\":\"EE\"},{\"@type\":\"ImageObject\",\"inLanguage\":\"et\",\"@id\":\"https:\/\/odavprint.ee\/et\/product\/neck-massage-pillow-rp-r1s\/#local-main-organization-logo\",\"url\":\"https:\/\/odavprint.ee\/wp-content\/uploads\/2018\/10\/odavprint-logo-240.jpg\",\"contentUrl\":\"https:\/\/odavprint.ee\/wp-content\/uploads\/2018\/10\/odavprint-logo-240.jpg\",\"width\":240,\"height\":36,\"caption\":\"Odav Print O\u00dc\"}]}<\/script>\n<meta property=\"product:price:amount\" content=\"39.10\" \/>\n<meta property=\"product:price:currency\" content=\"EUR\" \/>\n<meta property=\"og:availability\" content=\"out of stock\" \/>\n<meta property=\"product:availability\" content=\"out of stock\" \/>\n<meta property=\"product:retailer_item_id\" content=\"RP-R1S\" \/>\n<meta property=\"product:condition\" content=\"new\" \/>\n<meta name=\"geo.placename\" content=\"Tallinn\" \/>\n<meta name=\"geo.position\" content=\"59.4306504;24.8095743\" \/>\n<meta name=\"geo.region\" content=\"Estonia\" \/>\n<!-- \/ Yoast SEO Premium plugin. -->","yoast_head_json":{"title":"Neck Massage Pillow (RP-R1S), hea hinnaga, osta e-pood - Odav Print","description":"Osta Neck Massage Pillow (RP-R1S) Odav Print \u260e +372 5911 9495 \u2714\ufe0f Parim hind Neck Massage Pillow (RP-R1S) jaoks \u26df Kiire kohaletoimetamine Eestis \u2b50 Garanteeritud","robots":{"index":"index","follow":"follow","max-snippet":"max-snippet:-1","max-image-preview":"max-image-preview:large","max-video-preview":"max-video-preview:-1"},"canonical":"https:\/\/odavprint.ee\/et\/product\/neck-massage-pillow-rp-r1s\/","og_locale":"et_EE","og_type":"article","og_title":"Neck Massage Pillow (RP-R1S)","og_description":"Osta Neck Massage Pillow (RP-R1S) Odav Print \u260e +372 5911 9495 \u2714\ufe0f Parim hind Neck Massage Pillow (RP-R1S) jaoks \u26df Kiire kohaletoimetamine Eestis \u2b50 Garanteeritud","og_url":"https:\/\/odavprint.ee\/et\/product\/neck-massage-pillow-rp-r1s\/","og_site_name":"Odav Print","article_modified_time":"2023-09-13T10:56:27+00:00","og_image":[{"width":500,"height":500,"url":"https:\/\/odavprint.ee\/wp-content\/uploads\/2023\/09\/198707_02_20327_1644169088.jpg","type":"image\/jpeg"}],"twitter_card":"summary_large_image","twitter_misc":{"Price":"&euro;39.10","Availability":"Out of stock"},"schema":{"@context":"https:\/\/schema.org","@graph":[{"@type":["WebPage","ItemPage"],"@id":"https:\/\/odavprint.ee\/et\/product\/neck-massage-pillow-rp-r1s\/","url":"https:\/\/odavprint.ee\/et\/product\/neck-massage-pillow-rp-r1s\/","name":"Neck Massage Pillow (RP-R1S), hea hinnaga, osta e-pood - Odav Print","isPartOf":{"@id":"https:\/\/odavprint.ee\/et\/#website"},"primaryImageOfPage":{"@id":"https:\/\/odavprint.ee\/et\/product\/neck-massage-pillow-rp-r1s\/#primaryimage"},"image":{"@id":"https:\/\/odavprint.ee\/et\/product\/neck-massage-pillow-rp-r1s\/#primaryimage"},"thumbnailUrl":"https:\/\/odavprint.ee\/wp-content\/uploads\/2023\/09\/198707_02_20327_1644169088.jpg","datePublished":"2023-09-13T10:38:50+00:00","dateModified":"2023-09-13T10:56:27+00:00","description":"Osta Neck Massage Pillow (RP-R1S) Odav Print \u260e +372 5911 9495 \u2714\ufe0f Parim hind Neck Massage Pillow (RP-R1S) jaoks \u26df Kiire kohaletoimetamine Eestis \u2b50 Garanteeritud","breadcrumb":{"@id":"https:\/\/odavprint.ee\/et\/product\/neck-massage-pillow-rp-r1s\/#breadcrumb"},"inLanguage":"et","potentialAction":[{"@type":"ReadAction","target":["https:\/\/odavprint.ee\/et\/product\/neck-massage-pillow-rp-r1s\/"]}]},{"@type":"ImageObject","inLanguage":"et","@id":"https:\/\/odavprint.ee\/et\/product\/neck-massage-pillow-rp-r1s\/#primaryimage","url":"https:\/\/odavprint.ee\/wp-content\/uploads\/2023\/09\/198707_02_20327_1644169088.jpg","contentUrl":"https:\/\/odavprint.ee\/wp-content\/uploads\/2023\/09\/198707_02_20327_1644169088.jpg","width":500,"height":500},{"@type":"BreadcrumbList","@id":"https:\/\/odavprint.ee\/et\/product\/neck-massage-pillow-rp-r1s\/#breadcrumb","itemListElement":[{"@type":"ListItem","position":1,"name":"Home","item":"https:\/\/odavprint.ee\/et\/esileht\/"},{"@type":"ListItem","position":2,"name":"E-pood","item":"https:\/\/odavprint.ee\/et\/shop\/"},{"@type":"ListItem","position":3,"name":"Neck Massage Pillow (RP-R1S)"}]},{"@type":"WebSite","@id":"https:\/\/odavprint.ee\/et\/#website","url":"https:\/\/odavprint.ee\/et\/","name":"Odav Print","description":"Just another WordPress site","publisher":{"@id":"https:\/\/odavprint.ee\/et\/#organization"},"alternateName":"Kassettide, toonerite t\u00e4itmine ja m\u00fc\u00fck.","potentialAction":[{"@type":"SearchAction","target":{"@type":"EntryPoint","urlTemplate":"https:\/\/odavprint.ee\/et\/?s={search_term_string}"},"query-input":"required name=search_term_string"}],"inLanguage":"et"},{"@type":["Organization","Place"],"@id":"https:\/\/odavprint.ee\/et\/#organization","name":"Odav Print O\u00dc","url":"https:\/\/odavprint.ee\/et\/","logo":{"@id":"https:\/\/odavprint.ee\/et\/product\/neck-massage-pillow-rp-r1s\/#local-main-organization-logo"},"image":{"@id":"https:\/\/odavprint.ee\/et\/product\/neck-massage-pillow-rp-r1s\/#local-main-organization-logo"},"address":{"@id":"https:\/\/odavprint.ee\/et\/product\/neck-massage-pillow-rp-r1s\/#local-main-place-address"},"geo":{"@type":"GeoCoordinates","latitude":"59.4306504","longitude":"24.8095743"},"telephone":["53836926"],"openingHoursSpecification":[{"@type":"OpeningHoursSpecification","dayOfWeek":["Monday","Tuesday","Wednesday","Thursday","Friday","Saturday","Sunday"],"opens":"09:00","closes":"17:00"}],"email":"info@odavprint.eu"},{"@type":"PostalAddress","@id":"https:\/\/odavprint.ee\/et\/product\/neck-massage-pillow-rp-r1s\/#local-main-place-address","streetAddress":"Pae tn 28","addressLocality":"Tallinn","postalCode":"11415","addressRegion":"Harjumaa","addressCountry":"EE"},{"@type":"ImageObject","inLanguage":"et","@id":"https:\/\/odavprint.ee\/et\/product\/neck-massage-pillow-rp-r1s\/#local-main-organization-logo","url":"https:\/\/odavprint.ee\/wp-content\/uploads\/2018\/10\/odavprint-logo-240.jpg","contentUrl":"https:\/\/odavprint.ee\/wp-content\/uploads\/2018\/10\/odavprint-logo-240.jpg","width":240,"height":36,"caption":"Odav Print O\u00dc"}]},"product_price_amount":"39.10","product_price_currency":"EUR","og_availability":"out of stock","product_availability":"out of stock","product_retailer_item_id":"RP-R1S","product_condition":"new","geo.placename":"Tallinn","geo.position":{"lat":"59.4306504","long":"24.8095743"},"geo.region":"Estonia"},"_links":{"self":[{"href":"https:\/\/odavprint.ee\/et\/wp-json\/wp\/v2\/product\/198707"}],"collection":[{"href":"https:\/\/odavprint.ee\/et\/wp-json\/wp\/v2\/product"}],"about":[{"href":"https:\/\/odavprint.ee\/et\/wp-json\/wp\/v2\/types\/product"}],"wp:featuredmedia":[{"embeddable":true,"href":"https:\/\/odavprint.ee\/et\/wp-json\/wp\/v2\/media\/198708"}],"wp:attachment":[{"href":"https:\/\/odavprint.ee\/et\/wp-json\/wp\/v2\/media?parent=198707"}],"wp:term":[{"taxonomy":"product_cat","embeddable":true,"href":"https:\/\/odavprint.ee\/et\/wp-json\/wp\/v2\/product_cat?post=198707"},{"taxonomy":"product_tag","embeddable":true,"href":"https:\/\/odavprint.ee\/et\/wp-json\/wp\/v2\/product_tag?post=198707"}],"curies":[{"name":"wp","href":"https:\/\/api.w.org\/{rel}","templated":true}]}}