{"id":20480,"date":"2019-07-18T11:20:34","date_gmt":"2019-07-18T08:20:34","guid":{"rendered":"https:\/\/odavprint.ee\/?post_type=product&#038;p=20480"},"modified":"2019-07-18T11:20:35","modified_gmt":"2019-07-18T08:20:35","slug":"originaal-komplekt-ricoh-spc-310-406348-49-50-51-bk-c-m-y","status":"publish","type":"product","link":"https:\/\/odavprint.ee\/et\/product\/originaal-komplekt-ricoh-spc-310-406348-49-50-51-bk-c-m-y\/","title":{"rendered":"Originaal komplekt Ricoh SPC 310 406348\/49\/50\/51 (BK\/C\/M\/Y)"},"content":{"rendered":"<p>Ricoh Aficio SPC231N<\/p>\n<p>Ricoh Aficio SPC231SF<\/p>\n<p>Ricoh Aficio SPC232DN<\/p>\n<p>Ricoh Aficio SPC232SF<\/p>\n<p>Ricoh Aficio SPC242DN<\/p>\n<p>Ricoh Aficio SPC242SF<\/p>\n<p>Ricoh Aficio SPC310<\/p>\n<p>Ricoh Aficio SPC311N<\/p>\n<p>Ricoh Aficio SPC312DN<\/p>\n<p>Ricoh Aficio SPC320DN<\/p>\n<p>Ricoh SP C320DN<\/p>\n<p>Ricoh SP C340DN<\/p>\n<p>Ricoh SP C342DN<\/p>\n","protected":false},"excerpt":{"rendered":"<p>Ricoh Aficio SPC231N Ricoh Aficio SPC231SF Ricoh Aficio SPC232DN Ricoh Aficio SPC232SF Ricoh Aficio SPC242DN Ricoh Aficio SPC242SF Ricoh Aficio SPC310 Ricoh Aficio SPC311N Ricoh Aficio SPC312DN Ricoh Aficio SPC320DN Ricoh SP C320DN Ricoh SP C340DN Ricoh SP C342DN<\/p>\n","protected":false},"featured_media":20481,"template":"","meta":{"inline_featured_image":false},"product_cat":[12832],"product_tag":[],"yoast_head":"<!-- This site is optimized with the Yoast SEO Premium plugin v23.0 (Yoast SEO v23.0) - https:\/\/yoast.com\/wordpress\/plugins\/seo\/ -->\n<title>Originaal komplekt Ricoh SPC 310 406348\/49\/50\/51 (BK\/C\/M\/Y), hea hinnaga, osta e-pood - Odav Print<\/title>\n<meta name=\"description\" content=\"Osta Originaal komplekt Ricoh SPC 310 406348\/49\/50\/51 (BK\/C\/M\/Y) Odav Print \u260e +372 5911 9495 \u2714\ufe0f Parim hind Originaal komplekt Ricoh SPC 310 406348\/49\/50\/51 (BK\/C\/M\/Y) jaoks \u26df Kiire kohaletoimetamine Eestis \u2b50 Garanteeritud\" \/>\n<meta name=\"robots\" content=\"index, follow, max-snippet:-1, max-image-preview:large, max-video-preview:-1\" \/>\n<link rel=\"canonical\" href=\"https:\/\/odavprint.ee\/et\/product\/originaal-komplekt-ricoh-spc-310-406348-49-50-51-bk-c-m-y\/\" \/>\n<meta property=\"og:locale\" content=\"et_EE\" \/>\n<meta property=\"og:type\" content=\"article\" \/>\n<meta property=\"og:title\" content=\"Originaal komplekt Ricoh SPC 310 406348\/49\/50\/51 (BK\/C\/M\/Y)\" \/>\n<meta property=\"og:description\" content=\"Osta Originaal komplekt Ricoh SPC 310 406348\/49\/50\/51 (BK\/C\/M\/Y) Odav Print \u260e +372 5911 9495 \u2714\ufe0f Parim hind Originaal komplekt Ricoh SPC 310 406348\/49\/50\/51 (BK\/C\/M\/Y) jaoks \u26df Kiire kohaletoimetamine Eestis \u2b50 Garanteeritud\" \/>\n<meta property=\"og:url\" content=\"https:\/\/odavprint.ee\/et\/product\/originaal-komplekt-ricoh-spc-310-406348-49-50-51-bk-c-m-y\/\" \/>\n<meta property=\"og:site_name\" content=\"Odav Print\" \/>\n<meta property=\"article:modified_time\" content=\"2019-07-18T08:20:35+00:00\" \/>\n<meta property=\"og:image\" content=\"https:\/\/odavprint.ee\/wp-content\/uploads\/2019\/07\/RICOH310SET.jpg\" \/>\n\t<meta property=\"og:image:width\" content=\"280\" \/>\n\t<meta property=\"og:image:height\" content=\"301\" \/>\n\t<meta property=\"og:image:type\" content=\"image\/jpeg\" \/>\n<meta name=\"twitter:card\" content=\"summary_large_image\" \/>\n<meta name=\"twitter:label1\" content=\"Price\" \/>\n\t<meta name=\"twitter:data1\" content=\"&euro;348.10\" \/>\n\t<meta name=\"twitter:label2\" content=\"Availability\" \/>\n\t<meta name=\"twitter:data2\" content=\"In stock\" \/>\n<script type=\"application\/ld+json\" class=\"yoast-schema-graph\">{\"@context\":\"https:\/\/schema.org\",\"@graph\":[{\"@type\":[\"WebPage\",\"ItemPage\"],\"@id\":\"https:\/\/odavprint.ee\/et\/product\/originaal-komplekt-ricoh-spc-310-406348-49-50-51-bk-c-m-y\/\",\"url\":\"https:\/\/odavprint.ee\/et\/product\/originaal-komplekt-ricoh-spc-310-406348-49-50-51-bk-c-m-y\/\",\"name\":\"Originaal komplekt Ricoh SPC 310 406348\/49\/50\/51 (BK\/C\/M\/Y), hea hinnaga, osta e-pood - Odav Print\",\"isPartOf\":{\"@id\":\"https:\/\/odavprint.ee\/et\/#website\"},\"primaryImageOfPage\":{\"@id\":\"https:\/\/odavprint.ee\/et\/product\/originaal-komplekt-ricoh-spc-310-406348-49-50-51-bk-c-m-y\/#primaryimage\"},\"image\":{\"@id\":\"https:\/\/odavprint.ee\/et\/product\/originaal-komplekt-ricoh-spc-310-406348-49-50-51-bk-c-m-y\/#primaryimage\"},\"thumbnailUrl\":\"https:\/\/odavprint.ee\/wp-content\/uploads\/2019\/07\/RICOH310SET.jpg\",\"datePublished\":\"2019-07-18T08:20:34+00:00\",\"dateModified\":\"2019-07-18T08:20:35+00:00\",\"description\":\"Osta Originaal komplekt Ricoh SPC 310 406348\/49\/50\/51 (BK\/C\/M\/Y) Odav Print \u260e +372 5911 9495 \u2714\ufe0f Parim hind Originaal komplekt Ricoh SPC 310 406348\/49\/50\/51 (BK\/C\/M\/Y) jaoks \u26df Kiire kohaletoimetamine Eestis \u2b50 Garanteeritud\",\"breadcrumb\":{\"@id\":\"https:\/\/odavprint.ee\/et\/product\/originaal-komplekt-ricoh-spc-310-406348-49-50-51-bk-c-m-y\/#breadcrumb\"},\"inLanguage\":\"et\",\"potentialAction\":[{\"@type\":\"ReadAction\",\"target\":[\"https:\/\/odavprint.ee\/et\/product\/originaal-komplekt-ricoh-spc-310-406348-49-50-51-bk-c-m-y\/\"]}]},{\"@type\":\"ImageObject\",\"inLanguage\":\"et\",\"@id\":\"https:\/\/odavprint.ee\/et\/product\/originaal-komplekt-ricoh-spc-310-406348-49-50-51-bk-c-m-y\/#primaryimage\",\"url\":\"https:\/\/odavprint.ee\/wp-content\/uploads\/2019\/07\/RICOH310SET.jpg\",\"contentUrl\":\"https:\/\/odavprint.ee\/wp-content\/uploads\/2019\/07\/RICOH310SET.jpg\",\"width\":280,\"height\":301},{\"@type\":\"BreadcrumbList\",\"@id\":\"https:\/\/odavprint.ee\/et\/product\/originaal-komplekt-ricoh-spc-310-406348-49-50-51-bk-c-m-y\/#breadcrumb\",\"itemListElement\":[{\"@type\":\"ListItem\",\"position\":1,\"name\":\"Home\",\"item\":\"https:\/\/odavprint.ee\/et\/esileht\/\"},{\"@type\":\"ListItem\",\"position\":2,\"name\":\"E-pood\",\"item\":\"https:\/\/odavprint.ee\/et\/shop\/\"},{\"@type\":\"ListItem\",\"position\":3,\"name\":\"Originaal komplekt Ricoh SPC 310 406348\/49\/50\/51 (BK\/C\/M\/Y)\"}]},{\"@type\":\"WebSite\",\"@id\":\"https:\/\/odavprint.ee\/et\/#website\",\"url\":\"https:\/\/odavprint.ee\/et\/\",\"name\":\"Odav Print\",\"description\":\"Just another WordPress site\",\"publisher\":{\"@id\":\"https:\/\/odavprint.ee\/et\/#organization\"},\"alternateName\":\"Kassettide, toonerite t\u00e4itmine ja m\u00fc\u00fck.\",\"potentialAction\":[{\"@type\":\"SearchAction\",\"target\":{\"@type\":\"EntryPoint\",\"urlTemplate\":\"https:\/\/odavprint.ee\/et\/?s={search_term_string}\"},\"query-input\":\"required name=search_term_string\"}],\"inLanguage\":\"et\"},{\"@type\":[\"Organization\",\"Place\"],\"@id\":\"https:\/\/odavprint.ee\/et\/#organization\",\"name\":\"Odav Print O\u00dc\",\"url\":\"https:\/\/odavprint.ee\/et\/\",\"logo\":{\"@id\":\"https:\/\/odavprint.ee\/et\/product\/originaal-komplekt-ricoh-spc-310-406348-49-50-51-bk-c-m-y\/#local-main-organization-logo\"},\"image\":{\"@id\":\"https:\/\/odavprint.ee\/et\/product\/originaal-komplekt-ricoh-spc-310-406348-49-50-51-bk-c-m-y\/#local-main-organization-logo\"},\"address\":{\"@id\":\"https:\/\/odavprint.ee\/et\/product\/originaal-komplekt-ricoh-spc-310-406348-49-50-51-bk-c-m-y\/#local-main-place-address\"},\"geo\":{\"@type\":\"GeoCoordinates\",\"latitude\":\"59.4306504\",\"longitude\":\"24.8095743\"},\"telephone\":[\"53836926\"],\"openingHoursSpecification\":[{\"@type\":\"OpeningHoursSpecification\",\"dayOfWeek\":[\"Monday\",\"Tuesday\",\"Wednesday\",\"Thursday\",\"Friday\",\"Saturday\",\"Sunday\"],\"opens\":\"09:00\",\"closes\":\"17:00\"}],\"email\":\"info@odavprint.eu\"},{\"@type\":\"PostalAddress\",\"@id\":\"https:\/\/odavprint.ee\/et\/product\/originaal-komplekt-ricoh-spc-310-406348-49-50-51-bk-c-m-y\/#local-main-place-address\",\"streetAddress\":\"Pae tn 28\",\"addressLocality\":\"Tallinn\",\"postalCode\":\"11415\",\"addressRegion\":\"Harjumaa\",\"addressCountry\":\"EE\"},{\"@type\":\"ImageObject\",\"inLanguage\":\"et\",\"@id\":\"https:\/\/odavprint.ee\/et\/product\/originaal-komplekt-ricoh-spc-310-406348-49-50-51-bk-c-m-y\/#local-main-organization-logo\",\"url\":\"https:\/\/odavprint.ee\/wp-content\/uploads\/2018\/10\/odavprint-logo-240.jpg\",\"contentUrl\":\"https:\/\/odavprint.ee\/wp-content\/uploads\/2018\/10\/odavprint-logo-240.jpg\",\"width\":240,\"height\":36,\"caption\":\"Odav Print O\u00dc\"}]}<\/script>\n<meta property=\"product:price:amount\" content=\"348.10\" \/>\n<meta property=\"product:price:currency\" content=\"EUR\" \/>\n<meta property=\"og:availability\" content=\"instock\" \/>\n<meta property=\"product:availability\" content=\"instock\" \/>\n<meta property=\"product:condition\" content=\"new\" \/>\n<meta name=\"geo.placename\" content=\"Tallinn\" \/>\n<meta name=\"geo.position\" content=\"59.4306504;24.8095743\" \/>\n<meta name=\"geo.region\" content=\"Estonia\" \/>\n<!-- \/ Yoast SEO Premium plugin. -->","yoast_head_json":{"title":"Originaal komplekt Ricoh SPC 310 406348\/49\/50\/51 (BK\/C\/M\/Y), hea hinnaga, osta e-pood - Odav Print","description":"Osta Originaal komplekt Ricoh SPC 310 406348\/49\/50\/51 (BK\/C\/M\/Y) Odav Print \u260e +372 5911 9495 \u2714\ufe0f Parim hind Originaal komplekt Ricoh SPC 310 406348\/49\/50\/51 (BK\/C\/M\/Y) jaoks \u26df Kiire kohaletoimetamine Eestis \u2b50 Garanteeritud","robots":{"index":"index","follow":"follow","max-snippet":"max-snippet:-1","max-image-preview":"max-image-preview:large","max-video-preview":"max-video-preview:-1"},"canonical":"https:\/\/odavprint.ee\/et\/product\/originaal-komplekt-ricoh-spc-310-406348-49-50-51-bk-c-m-y\/","og_locale":"et_EE","og_type":"article","og_title":"Originaal komplekt Ricoh SPC 310 406348\/49\/50\/51 (BK\/C\/M\/Y)","og_description":"Osta Originaal komplekt Ricoh SPC 310 406348\/49\/50\/51 (BK\/C\/M\/Y) Odav Print \u260e +372 5911 9495 \u2714\ufe0f Parim hind Originaal komplekt Ricoh SPC 310 406348\/49\/50\/51 (BK\/C\/M\/Y) jaoks \u26df Kiire kohaletoimetamine Eestis \u2b50 Garanteeritud","og_url":"https:\/\/odavprint.ee\/et\/product\/originaal-komplekt-ricoh-spc-310-406348-49-50-51-bk-c-m-y\/","og_site_name":"Odav Print","article_modified_time":"2019-07-18T08:20:35+00:00","og_image":[{"width":280,"height":301,"url":"https:\/\/odavprint.ee\/wp-content\/uploads\/2019\/07\/RICOH310SET.jpg","type":"image\/jpeg"}],"twitter_card":"summary_large_image","twitter_misc":{"Price":"&euro;348.10","Availability":"In stock"},"schema":{"@context":"https:\/\/schema.org","@graph":[{"@type":["WebPage","ItemPage"],"@id":"https:\/\/odavprint.ee\/et\/product\/originaal-komplekt-ricoh-spc-310-406348-49-50-51-bk-c-m-y\/","url":"https:\/\/odavprint.ee\/et\/product\/originaal-komplekt-ricoh-spc-310-406348-49-50-51-bk-c-m-y\/","name":"Originaal komplekt Ricoh SPC 310 406348\/49\/50\/51 (BK\/C\/M\/Y), hea hinnaga, osta e-pood - Odav Print","isPartOf":{"@id":"https:\/\/odavprint.ee\/et\/#website"},"primaryImageOfPage":{"@id":"https:\/\/odavprint.ee\/et\/product\/originaal-komplekt-ricoh-spc-310-406348-49-50-51-bk-c-m-y\/#primaryimage"},"image":{"@id":"https:\/\/odavprint.ee\/et\/product\/originaal-komplekt-ricoh-spc-310-406348-49-50-51-bk-c-m-y\/#primaryimage"},"thumbnailUrl":"https:\/\/odavprint.ee\/wp-content\/uploads\/2019\/07\/RICOH310SET.jpg","datePublished":"2019-07-18T08:20:34+00:00","dateModified":"2019-07-18T08:20:35+00:00","description":"Osta Originaal komplekt Ricoh SPC 310 406348\/49\/50\/51 (BK\/C\/M\/Y) Odav Print \u260e +372 5911 9495 \u2714\ufe0f Parim hind Originaal komplekt Ricoh SPC 310 406348\/49\/50\/51 (BK\/C\/M\/Y) jaoks \u26df Kiire kohaletoimetamine Eestis \u2b50 Garanteeritud","breadcrumb":{"@id":"https:\/\/odavprint.ee\/et\/product\/originaal-komplekt-ricoh-spc-310-406348-49-50-51-bk-c-m-y\/#breadcrumb"},"inLanguage":"et","potentialAction":[{"@type":"ReadAction","target":["https:\/\/odavprint.ee\/et\/product\/originaal-komplekt-ricoh-spc-310-406348-49-50-51-bk-c-m-y\/"]}]},{"@type":"ImageObject","inLanguage":"et","@id":"https:\/\/odavprint.ee\/et\/product\/originaal-komplekt-ricoh-spc-310-406348-49-50-51-bk-c-m-y\/#primaryimage","url":"https:\/\/odavprint.ee\/wp-content\/uploads\/2019\/07\/RICOH310SET.jpg","contentUrl":"https:\/\/odavprint.ee\/wp-content\/uploads\/2019\/07\/RICOH310SET.jpg","width":280,"height":301},{"@type":"BreadcrumbList","@id":"https:\/\/odavprint.ee\/et\/product\/originaal-komplekt-ricoh-spc-310-406348-49-50-51-bk-c-m-y\/#breadcrumb","itemListElement":[{"@type":"ListItem","position":1,"name":"Home","item":"https:\/\/odavprint.ee\/et\/esileht\/"},{"@type":"ListItem","position":2,"name":"E-pood","item":"https:\/\/odavprint.ee\/et\/shop\/"},{"@type":"ListItem","position":3,"name":"Originaal komplekt Ricoh SPC 310 406348\/49\/50\/51 (BK\/C\/M\/Y)"}]},{"@type":"WebSite","@id":"https:\/\/odavprint.ee\/et\/#website","url":"https:\/\/odavprint.ee\/et\/","name":"Odav Print","description":"Just another WordPress site","publisher":{"@id":"https:\/\/odavprint.ee\/et\/#organization"},"alternateName":"Kassettide, toonerite t\u00e4itmine ja m\u00fc\u00fck.","potentialAction":[{"@type":"SearchAction","target":{"@type":"EntryPoint","urlTemplate":"https:\/\/odavprint.ee\/et\/?s={search_term_string}"},"query-input":"required name=search_term_string"}],"inLanguage":"et"},{"@type":["Organization","Place"],"@id":"https:\/\/odavprint.ee\/et\/#organization","name":"Odav Print O\u00dc","url":"https:\/\/odavprint.ee\/et\/","logo":{"@id":"https:\/\/odavprint.ee\/et\/product\/originaal-komplekt-ricoh-spc-310-406348-49-50-51-bk-c-m-y\/#local-main-organization-logo"},"image":{"@id":"https:\/\/odavprint.ee\/et\/product\/originaal-komplekt-ricoh-spc-310-406348-49-50-51-bk-c-m-y\/#local-main-organization-logo"},"address":{"@id":"https:\/\/odavprint.ee\/et\/product\/originaal-komplekt-ricoh-spc-310-406348-49-50-51-bk-c-m-y\/#local-main-place-address"},"geo":{"@type":"GeoCoordinates","latitude":"59.4306504","longitude":"24.8095743"},"telephone":["53836926"],"openingHoursSpecification":[{"@type":"OpeningHoursSpecification","dayOfWeek":["Monday","Tuesday","Wednesday","Thursday","Friday","Saturday","Sunday"],"opens":"09:00","closes":"17:00"}],"email":"info@odavprint.eu"},{"@type":"PostalAddress","@id":"https:\/\/odavprint.ee\/et\/product\/originaal-komplekt-ricoh-spc-310-406348-49-50-51-bk-c-m-y\/#local-main-place-address","streetAddress":"Pae tn 28","addressLocality":"Tallinn","postalCode":"11415","addressRegion":"Harjumaa","addressCountry":"EE"},{"@type":"ImageObject","inLanguage":"et","@id":"https:\/\/odavprint.ee\/et\/product\/originaal-komplekt-ricoh-spc-310-406348-49-50-51-bk-c-m-y\/#local-main-organization-logo","url":"https:\/\/odavprint.ee\/wp-content\/uploads\/2018\/10\/odavprint-logo-240.jpg","contentUrl":"https:\/\/odavprint.ee\/wp-content\/uploads\/2018\/10\/odavprint-logo-240.jpg","width":240,"height":36,"caption":"Odav Print O\u00dc"}]},"product_price_amount":"348.10","product_price_currency":"EUR","og_availability":"instock","product_availability":"instock","product_condition":"new","geo.placename":"Tallinn","geo.position":{"lat":"59.4306504","long":"24.8095743"},"geo.region":"Estonia"},"_links":{"self":[{"href":"https:\/\/odavprint.ee\/et\/wp-json\/wp\/v2\/product\/20480"}],"collection":[{"href":"https:\/\/odavprint.ee\/et\/wp-json\/wp\/v2\/product"}],"about":[{"href":"https:\/\/odavprint.ee\/et\/wp-json\/wp\/v2\/types\/product"}],"wp:featuredmedia":[{"embeddable":true,"href":"https:\/\/odavprint.ee\/et\/wp-json\/wp\/v2\/media\/20481"}],"wp:attachment":[{"href":"https:\/\/odavprint.ee\/et\/wp-json\/wp\/v2\/media?parent=20480"}],"wp:term":[{"taxonomy":"product_cat","embeddable":true,"href":"https:\/\/odavprint.ee\/et\/wp-json\/wp\/v2\/product_cat?post=20480"},{"taxonomy":"product_tag","embeddable":true,"href":"https:\/\/odavprint.ee\/et\/wp-json\/wp\/v2\/product_tag?post=20480"}],"curies":[{"name":"wp","href":"https:\/\/api.w.org\/{rel}","templated":true}]}}