{"id":206143,"date":"2024-09-19T13:27:19","date_gmt":"2024-09-19T10:27:19","guid":{"rendered":"https:\/\/odavprint.ee\/?post_type=product&#038;p=206143"},"modified":"2025-03-12T15:19:19","modified_gmt":"2025-03-12T13:19:19","slug":"analoog-tintide-komplekt-hp-912xl-bk-c-m-y","status":"publish","type":"product","link":"https:\/\/odavprint.ee\/et\/product\/analoog-tintide-komplekt-hp-912xl-bk-c-m-y\/","title":{"rendered":"Analoog tintide komplekt HP 912XL (BK\/C\/M\/Y)"},"content":{"rendered":"<p>HP Officejet 8012<\/p>\n<p>HP Officejet 8014<\/p>\n<p>HP Officejet 8014e<\/p>\n<p>HP Officejet 8015<\/p>\n<p>HP Officejet 8015e<\/p>\n<p>HP Officejet 8017<\/p>\n<p>HP Officejet Pro 8010e<\/p>\n<p>HP Officejet Pro 8012e<\/p>\n<p>HP Officejet Pro 8020<\/p>\n<p>HP Officejet Pro 8022<\/p>\n<p>HP Officejet Pro 8022e<\/p>\n<p>HP Officejet Pro 8023<\/p>\n<p>HP Officejet Pro 8024<\/p>\n<p>HP Officejet Pro 8024e<\/p>\n<p>HP Officejet Pro 8025<\/p>\n<p>HP Officejet Pro 8025e<\/p>\n","protected":false},"excerpt":{"rendered":"<p>HP Officejet 8012 HP Officejet 8014 HP Officejet 8014e HP Officejet 8015 HP Officejet 8015e HP Officejet 8017 HP Officejet Pro 8010e HP Officejet Pro 8012e HP Officejet Pro 8020 HP Officejet Pro 8022 HP Officejet Pro 8022e HP Officejet Pro 8023 HP Officejet Pro 8024 HP Officejet Pro 8024e HP Officejet Pro 8025 HP [&#8230;]\n","protected":false},"featured_media":206157,"template":"","meta":{"inline_featured_image":false},"product_cat":[10770],"product_tag":[],"yoast_head":"<!-- This site is optimized with the Yoast SEO Premium plugin v23.0 (Yoast SEO v23.0) - https:\/\/yoast.com\/wordpress\/plugins\/seo\/ -->\n<title>Analoog tintide komplekt HP 912XL (BK\/C\/M\/Y), hea hinnaga, osta e-pood - Odav Print<\/title>\n<meta name=\"description\" content=\"Osta Analoog tintide komplekt HP 912XL (BK\/C\/M\/Y) Odav Print \u260e +372 5911 9495 \u2714\ufe0f Parim hind Analoog tintide komplekt HP 912XL (BK\/C\/M\/Y) jaoks \u26df Kiire kohaletoimetamine Eestis \u2b50 Garanteeritud\" \/>\n<meta name=\"robots\" content=\"index, follow, max-snippet:-1, max-image-preview:large, max-video-preview:-1\" \/>\n<link rel=\"canonical\" href=\"https:\/\/odavprint.ee\/et\/product\/analoog-tintide-komplekt-hp-912xl-bk-c-m-y\/\" \/>\n<meta property=\"og:locale\" content=\"et_EE\" \/>\n<meta property=\"og:type\" content=\"article\" \/>\n<meta property=\"og:title\" content=\"Analoog tintide komplekt HP 912XL (BK\/C\/M\/Y)\" \/>\n<meta property=\"og:description\" content=\"Osta Analoog tintide komplekt HP 912XL (BK\/C\/M\/Y) Odav Print \u260e +372 5911 9495 \u2714\ufe0f Parim hind Analoog tintide komplekt HP 912XL (BK\/C\/M\/Y) jaoks \u26df Kiire kohaletoimetamine Eestis \u2b50 Garanteeritud\" \/>\n<meta property=\"og:url\" content=\"https:\/\/odavprint.ee\/et\/product\/analoog-tintide-komplekt-hp-912xl-bk-c-m-y\/\" \/>\n<meta property=\"og:site_name\" content=\"Odav Print\" \/>\n<meta property=\"article:modified_time\" content=\"2025-03-12T13:19:19+00:00\" \/>\n<meta property=\"og:image\" content=\"https:\/\/odavprint.ee\/wp-content\/uploads\/2024\/09\/set-1.jpg\" \/>\n\t<meta property=\"og:image:width\" content=\"800\" \/>\n\t<meta property=\"og:image:height\" content=\"800\" \/>\n\t<meta property=\"og:image:type\" content=\"image\/jpeg\" \/>\n<meta name=\"twitter:card\" content=\"summary_large_image\" \/>\n<meta name=\"twitter:label1\" content=\"Price\" \/>\n\t<meta name=\"twitter:data1\" content=\"&euro;50.80\" \/>\n\t<meta name=\"twitter:label2\" content=\"Availability\" \/>\n\t<meta name=\"twitter:data2\" content=\"In stock\" \/>\n<script type=\"application\/ld+json\" class=\"yoast-schema-graph\">{\"@context\":\"https:\/\/schema.org\",\"@graph\":[{\"@type\":[\"WebPage\",\"ItemPage\"],\"@id\":\"https:\/\/odavprint.ee\/et\/product\/analoog-tintide-komplekt-hp-912xl-bk-c-m-y\/\",\"url\":\"https:\/\/odavprint.ee\/et\/product\/analoog-tintide-komplekt-hp-912xl-bk-c-m-y\/\",\"name\":\"Analoog tintide komplekt HP 912XL (BK\/C\/M\/Y), hea hinnaga, osta e-pood - Odav Print\",\"isPartOf\":{\"@id\":\"https:\/\/odavprint.ee\/et\/#website\"},\"primaryImageOfPage\":{\"@id\":\"https:\/\/odavprint.ee\/et\/product\/analoog-tintide-komplekt-hp-912xl-bk-c-m-y\/#primaryimage\"},\"image\":{\"@id\":\"https:\/\/odavprint.ee\/et\/product\/analoog-tintide-komplekt-hp-912xl-bk-c-m-y\/#primaryimage\"},\"thumbnailUrl\":\"https:\/\/odavprint.ee\/wp-content\/uploads\/2024\/09\/set-1.jpg\",\"datePublished\":\"2024-09-19T10:27:19+00:00\",\"dateModified\":\"2025-03-12T13:19:19+00:00\",\"description\":\"Osta Analoog tintide komplekt HP 912XL (BK\/C\/M\/Y) Odav Print \u260e +372 5911 9495 \u2714\ufe0f Parim hind Analoog tintide komplekt HP 912XL (BK\/C\/M\/Y) jaoks \u26df Kiire kohaletoimetamine Eestis \u2b50 Garanteeritud\",\"breadcrumb\":{\"@id\":\"https:\/\/odavprint.ee\/et\/product\/analoog-tintide-komplekt-hp-912xl-bk-c-m-y\/#breadcrumb\"},\"inLanguage\":\"et\",\"potentialAction\":[{\"@type\":\"ReadAction\",\"target\":[\"https:\/\/odavprint.ee\/et\/product\/analoog-tintide-komplekt-hp-912xl-bk-c-m-y\/\"]}]},{\"@type\":\"ImageObject\",\"inLanguage\":\"et\",\"@id\":\"https:\/\/odavprint.ee\/et\/product\/analoog-tintide-komplekt-hp-912xl-bk-c-m-y\/#primaryimage\",\"url\":\"https:\/\/odavprint.ee\/wp-content\/uploads\/2024\/09\/set-1.jpg\",\"contentUrl\":\"https:\/\/odavprint.ee\/wp-content\/uploads\/2024\/09\/set-1.jpg\",\"width\":800,\"height\":800},{\"@type\":\"BreadcrumbList\",\"@id\":\"https:\/\/odavprint.ee\/et\/product\/analoog-tintide-komplekt-hp-912xl-bk-c-m-y\/#breadcrumb\",\"itemListElement\":[{\"@type\":\"ListItem\",\"position\":1,\"name\":\"Home\",\"item\":\"https:\/\/odavprint.ee\/et\/esileht\/\"},{\"@type\":\"ListItem\",\"position\":2,\"name\":\"E-pood\",\"item\":\"https:\/\/odavprint.ee\/et\/shop\/\"},{\"@type\":\"ListItem\",\"position\":3,\"name\":\"Analoog tintide komplekt HP 912XL (BK\/C\/M\/Y)\"}]},{\"@type\":\"WebSite\",\"@id\":\"https:\/\/odavprint.ee\/et\/#website\",\"url\":\"https:\/\/odavprint.ee\/et\/\",\"name\":\"Odav Print\",\"description\":\"Just another WordPress site\",\"publisher\":{\"@id\":\"https:\/\/odavprint.ee\/et\/#organization\"},\"alternateName\":\"Kassettide, toonerite t\u00e4itmine ja m\u00fc\u00fck.\",\"potentialAction\":[{\"@type\":\"SearchAction\",\"target\":{\"@type\":\"EntryPoint\",\"urlTemplate\":\"https:\/\/odavprint.ee\/et\/?s={search_term_string}\"},\"query-input\":\"required name=search_term_string\"}],\"inLanguage\":\"et\"},{\"@type\":[\"Organization\",\"Place\"],\"@id\":\"https:\/\/odavprint.ee\/et\/#organization\",\"name\":\"Odav Print O\u00dc\",\"url\":\"https:\/\/odavprint.ee\/et\/\",\"logo\":{\"@id\":\"https:\/\/odavprint.ee\/et\/product\/analoog-tintide-komplekt-hp-912xl-bk-c-m-y\/#local-main-organization-logo\"},\"image\":{\"@id\":\"https:\/\/odavprint.ee\/et\/product\/analoog-tintide-komplekt-hp-912xl-bk-c-m-y\/#local-main-organization-logo\"},\"address\":{\"@id\":\"https:\/\/odavprint.ee\/et\/product\/analoog-tintide-komplekt-hp-912xl-bk-c-m-y\/#local-main-place-address\"},\"geo\":{\"@type\":\"GeoCoordinates\",\"latitude\":\"59.4306504\",\"longitude\":\"24.8095743\"},\"telephone\":[\"53836926\"],\"openingHoursSpecification\":[{\"@type\":\"OpeningHoursSpecification\",\"dayOfWeek\":[\"Monday\",\"Tuesday\",\"Wednesday\",\"Thursday\",\"Friday\",\"Saturday\",\"Sunday\"],\"opens\":\"09:00\",\"closes\":\"17:00\"}],\"email\":\"info@odavprint.eu\"},{\"@type\":\"PostalAddress\",\"@id\":\"https:\/\/odavprint.ee\/et\/product\/analoog-tintide-komplekt-hp-912xl-bk-c-m-y\/#local-main-place-address\",\"streetAddress\":\"Pae tn 28\",\"addressLocality\":\"Tallinn\",\"postalCode\":\"11415\",\"addressRegion\":\"Harjumaa\",\"addressCountry\":\"EE\"},{\"@type\":\"ImageObject\",\"inLanguage\":\"et\",\"@id\":\"https:\/\/odavprint.ee\/et\/product\/analoog-tintide-komplekt-hp-912xl-bk-c-m-y\/#local-main-organization-logo\",\"url\":\"https:\/\/odavprint.ee\/wp-content\/uploads\/2018\/10\/odavprint-logo-240.jpg\",\"contentUrl\":\"https:\/\/odavprint.ee\/wp-content\/uploads\/2018\/10\/odavprint-logo-240.jpg\",\"width\":240,\"height\":36,\"caption\":\"Odav Print O\u00dc\"}]}<\/script>\n<meta property=\"product:price:amount\" content=\"50.80\" \/>\n<meta property=\"product:price:currency\" content=\"EUR\" \/>\n<meta property=\"og:availability\" content=\"instock\" \/>\n<meta property=\"product:availability\" content=\"instock\" \/>\n<meta property=\"product:condition\" content=\"new\" \/>\n<meta name=\"geo.placename\" content=\"Tallinn\" \/>\n<meta name=\"geo.position\" content=\"59.4306504;24.8095743\" \/>\n<meta name=\"geo.region\" content=\"Estonia\" \/>\n<!-- \/ Yoast SEO Premium plugin. -->","yoast_head_json":{"title":"Analoog tintide komplekt HP 912XL (BK\/C\/M\/Y), hea hinnaga, osta e-pood - Odav Print","description":"Osta Analoog tintide komplekt HP 912XL (BK\/C\/M\/Y) Odav Print \u260e +372 5911 9495 \u2714\ufe0f Parim hind Analoog tintide komplekt HP 912XL (BK\/C\/M\/Y) jaoks \u26df Kiire kohaletoimetamine Eestis \u2b50 Garanteeritud","robots":{"index":"index","follow":"follow","max-snippet":"max-snippet:-1","max-image-preview":"max-image-preview:large","max-video-preview":"max-video-preview:-1"},"canonical":"https:\/\/odavprint.ee\/et\/product\/analoog-tintide-komplekt-hp-912xl-bk-c-m-y\/","og_locale":"et_EE","og_type":"article","og_title":"Analoog tintide komplekt HP 912XL (BK\/C\/M\/Y)","og_description":"Osta Analoog tintide komplekt HP 912XL (BK\/C\/M\/Y) Odav Print \u260e +372 5911 9495 \u2714\ufe0f Parim hind Analoog tintide komplekt HP 912XL (BK\/C\/M\/Y) jaoks \u26df Kiire kohaletoimetamine Eestis \u2b50 Garanteeritud","og_url":"https:\/\/odavprint.ee\/et\/product\/analoog-tintide-komplekt-hp-912xl-bk-c-m-y\/","og_site_name":"Odav Print","article_modified_time":"2025-03-12T13:19:19+00:00","og_image":[{"width":800,"height":800,"url":"https:\/\/odavprint.ee\/wp-content\/uploads\/2024\/09\/set-1.jpg","type":"image\/jpeg"}],"twitter_card":"summary_large_image","twitter_misc":{"Price":"&euro;50.80","Availability":"In stock"},"schema":{"@context":"https:\/\/schema.org","@graph":[{"@type":["WebPage","ItemPage"],"@id":"https:\/\/odavprint.ee\/et\/product\/analoog-tintide-komplekt-hp-912xl-bk-c-m-y\/","url":"https:\/\/odavprint.ee\/et\/product\/analoog-tintide-komplekt-hp-912xl-bk-c-m-y\/","name":"Analoog tintide komplekt HP 912XL (BK\/C\/M\/Y), hea hinnaga, osta e-pood - Odav Print","isPartOf":{"@id":"https:\/\/odavprint.ee\/et\/#website"},"primaryImageOfPage":{"@id":"https:\/\/odavprint.ee\/et\/product\/analoog-tintide-komplekt-hp-912xl-bk-c-m-y\/#primaryimage"},"image":{"@id":"https:\/\/odavprint.ee\/et\/product\/analoog-tintide-komplekt-hp-912xl-bk-c-m-y\/#primaryimage"},"thumbnailUrl":"https:\/\/odavprint.ee\/wp-content\/uploads\/2024\/09\/set-1.jpg","datePublished":"2024-09-19T10:27:19+00:00","dateModified":"2025-03-12T13:19:19+00:00","description":"Osta Analoog tintide komplekt HP 912XL (BK\/C\/M\/Y) Odav Print \u260e +372 5911 9495 \u2714\ufe0f Parim hind Analoog tintide komplekt HP 912XL (BK\/C\/M\/Y) jaoks \u26df Kiire kohaletoimetamine Eestis \u2b50 Garanteeritud","breadcrumb":{"@id":"https:\/\/odavprint.ee\/et\/product\/analoog-tintide-komplekt-hp-912xl-bk-c-m-y\/#breadcrumb"},"inLanguage":"et","potentialAction":[{"@type":"ReadAction","target":["https:\/\/odavprint.ee\/et\/product\/analoog-tintide-komplekt-hp-912xl-bk-c-m-y\/"]}]},{"@type":"ImageObject","inLanguage":"et","@id":"https:\/\/odavprint.ee\/et\/product\/analoog-tintide-komplekt-hp-912xl-bk-c-m-y\/#primaryimage","url":"https:\/\/odavprint.ee\/wp-content\/uploads\/2024\/09\/set-1.jpg","contentUrl":"https:\/\/odavprint.ee\/wp-content\/uploads\/2024\/09\/set-1.jpg","width":800,"height":800},{"@type":"BreadcrumbList","@id":"https:\/\/odavprint.ee\/et\/product\/analoog-tintide-komplekt-hp-912xl-bk-c-m-y\/#breadcrumb","itemListElement":[{"@type":"ListItem","position":1,"name":"Home","item":"https:\/\/odavprint.ee\/et\/esileht\/"},{"@type":"ListItem","position":2,"name":"E-pood","item":"https:\/\/odavprint.ee\/et\/shop\/"},{"@type":"ListItem","position":3,"name":"Analoog tintide komplekt HP 912XL (BK\/C\/M\/Y)"}]},{"@type":"WebSite","@id":"https:\/\/odavprint.ee\/et\/#website","url":"https:\/\/odavprint.ee\/et\/","name":"Odav Print","description":"Just another WordPress site","publisher":{"@id":"https:\/\/odavprint.ee\/et\/#organization"},"alternateName":"Kassettide, toonerite t\u00e4itmine ja m\u00fc\u00fck.","potentialAction":[{"@type":"SearchAction","target":{"@type":"EntryPoint","urlTemplate":"https:\/\/odavprint.ee\/et\/?s={search_term_string}"},"query-input":"required name=search_term_string"}],"inLanguage":"et"},{"@type":["Organization","Place"],"@id":"https:\/\/odavprint.ee\/et\/#organization","name":"Odav Print O\u00dc","url":"https:\/\/odavprint.ee\/et\/","logo":{"@id":"https:\/\/odavprint.ee\/et\/product\/analoog-tintide-komplekt-hp-912xl-bk-c-m-y\/#local-main-organization-logo"},"image":{"@id":"https:\/\/odavprint.ee\/et\/product\/analoog-tintide-komplekt-hp-912xl-bk-c-m-y\/#local-main-organization-logo"},"address":{"@id":"https:\/\/odavprint.ee\/et\/product\/analoog-tintide-komplekt-hp-912xl-bk-c-m-y\/#local-main-place-address"},"geo":{"@type":"GeoCoordinates","latitude":"59.4306504","longitude":"24.8095743"},"telephone":["53836926"],"openingHoursSpecification":[{"@type":"OpeningHoursSpecification","dayOfWeek":["Monday","Tuesday","Wednesday","Thursday","Friday","Saturday","Sunday"],"opens":"09:00","closes":"17:00"}],"email":"info@odavprint.eu"},{"@type":"PostalAddress","@id":"https:\/\/odavprint.ee\/et\/product\/analoog-tintide-komplekt-hp-912xl-bk-c-m-y\/#local-main-place-address","streetAddress":"Pae tn 28","addressLocality":"Tallinn","postalCode":"11415","addressRegion":"Harjumaa","addressCountry":"EE"},{"@type":"ImageObject","inLanguage":"et","@id":"https:\/\/odavprint.ee\/et\/product\/analoog-tintide-komplekt-hp-912xl-bk-c-m-y\/#local-main-organization-logo","url":"https:\/\/odavprint.ee\/wp-content\/uploads\/2018\/10\/odavprint-logo-240.jpg","contentUrl":"https:\/\/odavprint.ee\/wp-content\/uploads\/2018\/10\/odavprint-logo-240.jpg","width":240,"height":36,"caption":"Odav Print O\u00dc"}]},"product_price_amount":"50.80","product_price_currency":"EUR","og_availability":"instock","product_availability":"instock","product_condition":"new","geo.placename":"Tallinn","geo.position":{"lat":"59.4306504","long":"24.8095743"},"geo.region":"Estonia"},"_links":{"self":[{"href":"https:\/\/odavprint.ee\/et\/wp-json\/wp\/v2\/product\/206143"}],"collection":[{"href":"https:\/\/odavprint.ee\/et\/wp-json\/wp\/v2\/product"}],"about":[{"href":"https:\/\/odavprint.ee\/et\/wp-json\/wp\/v2\/types\/product"}],"wp:featuredmedia":[{"embeddable":true,"href":"https:\/\/odavprint.ee\/et\/wp-json\/wp\/v2\/media\/206157"}],"wp:attachment":[{"href":"https:\/\/odavprint.ee\/et\/wp-json\/wp\/v2\/media?parent=206143"}],"wp:term":[{"taxonomy":"product_cat","embeddable":true,"href":"https:\/\/odavprint.ee\/et\/wp-json\/wp\/v2\/product_cat?post=206143"},{"taxonomy":"product_tag","embeddable":true,"href":"https:\/\/odavprint.ee\/et\/wp-json\/wp\/v2\/product_tag?post=206143"}],"curies":[{"name":"wp","href":"https:\/\/api.w.org\/{rel}","templated":true}]}}