{"id":209040,"date":"2025-02-21T09:12:36","date_gmt":"2025-02-21T07:12:36","guid":{"rendered":"https:\/\/odavprint.ee\/?post_type=product&#038;p=209040"},"modified":"2025-02-25T14:33:08","modified_gmt":"2025-02-25T12:33:08","slug":"printimispea-hp-6za17ae-black","status":"publish","type":"product","link":"https:\/\/odavprint.ee\/et\/product\/printimispea-hp-6za17ae-black\/","title":{"rendered":"Printimispea HP 6ZA17AE Black"},"content":{"rendered":"<p>HP Smart Tank 500, 5100, 515, 530, 580, 7308<\/p>\n<p>HP Smart Tank 5105<\/p>\n<p>HP Smart Tank 5106<\/p>\n<p>HP Smart Tank 5107<\/p>\n<p>HP Smart Tank 555<\/p>\n<p>HP Smart Tank Plus 500<\/p>\n<p>HP Smart Tank Plus 550<\/p>\n<p>HP Smart Tank Plus 555<\/p>\n<p>HP Smart Tank Plus 559<\/p>\n<p>HP Smart Tank Plus 570<\/p>\n<p>HP Smart Tank Plus 600<\/p>\n<p>HP Smart Tank Plus 650<\/p>\n<p>HP Smart Tank Plus 655<\/p>\n<p>HP Smart Tank Wireless 450<\/p>\n<p>HP Smart Tank Wireless 455<\/p>\n<p>HP Smart Tank Wireless 457<\/p>\n<p>HP Tank 615<\/p>\n","protected":false},"excerpt":{"rendered":"<p>HP Smart Tank 500, 5100, 515, 530, 580, 7308 HP Smart Tank 5105 HP Smart Tank 5106 HP Smart Tank 5107 HP Smart Tank 555 HP Smart Tank Plus 500 HP Smart Tank Plus 550 HP Smart Tank Plus 555 HP Smart Tank Plus 559 HP Smart Tank Plus 570 HP Smart Tank Plus 600 [&#8230;]\n","protected":false},"featured_media":209044,"template":"","meta":{"inline_featured_image":false},"product_cat":[10770],"product_tag":[],"yoast_head":"<!-- This site is optimized with the Yoast SEO Premium plugin v23.0 (Yoast SEO v23.0) - https:\/\/yoast.com\/wordpress\/plugins\/seo\/ -->\n<title>Printimispea HP 6ZA17AE Black, hea hinnaga, osta e-pood - Odav Print<\/title>\n<meta name=\"description\" content=\"Osta Printimispea HP 6ZA17AE Black Odav Print \u260e +372 5911 9495 \u2714\ufe0f Parim hind Printimispea HP 6ZA17AE Black jaoks \u26df Kiire kohaletoimetamine Eestis \u2b50 Garanteeritud\" \/>\n<meta name=\"robots\" content=\"index, follow, max-snippet:-1, max-image-preview:large, max-video-preview:-1\" \/>\n<link rel=\"canonical\" href=\"https:\/\/odavprint.ee\/et\/product\/printimispea-hp-6za17ae-black\/\" \/>\n<meta property=\"og:locale\" content=\"et_EE\" \/>\n<meta property=\"og:type\" content=\"article\" \/>\n<meta property=\"og:title\" content=\"Printimispea HP 6ZA17AE Black\" \/>\n<meta property=\"og:description\" content=\"Osta Printimispea HP 6ZA17AE Black Odav Print \u260e +372 5911 9495 \u2714\ufe0f Parim hind Printimispea HP 6ZA17AE Black jaoks \u26df Kiire kohaletoimetamine Eestis \u2b50 Garanteeritud\" \/>\n<meta property=\"og:url\" content=\"https:\/\/odavprint.ee\/et\/product\/printimispea-hp-6za17ae-black\/\" \/>\n<meta property=\"og:site_name\" content=\"Odav Print\" \/>\n<meta property=\"article:modified_time\" content=\"2025-02-25T12:33:08+00:00\" \/>\n<meta property=\"og:image\" content=\"https:\/\/odavprint.ee\/wp-content\/uploads\/2025\/02\/bk.jpeg\" \/>\n\t<meta property=\"og:image:width\" content=\"638\" \/>\n\t<meta property=\"og:image:height\" content=\"700\" \/>\n\t<meta property=\"og:image:type\" content=\"image\/jpeg\" \/>\n<meta name=\"twitter:card\" content=\"summary_large_image\" \/>\n<meta name=\"twitter:label1\" content=\"Price\" \/>\n\t<meta name=\"twitter:data1\" content=\"&euro;34.70\" \/>\n\t<meta name=\"twitter:label2\" content=\"Availability\" \/>\n\t<meta name=\"twitter:data2\" content=\"In stock\" \/>\n<script type=\"application\/ld+json\" class=\"yoast-schema-graph\">{\"@context\":\"https:\/\/schema.org\",\"@graph\":[{\"@type\":[\"WebPage\",\"ItemPage\"],\"@id\":\"https:\/\/odavprint.ee\/et\/product\/printimispea-hp-6za17ae-black\/\",\"url\":\"https:\/\/odavprint.ee\/et\/product\/printimispea-hp-6za17ae-black\/\",\"name\":\"Printimispea HP 6ZA17AE Black, hea hinnaga, osta e-pood - Odav Print\",\"isPartOf\":{\"@id\":\"https:\/\/odavprint.ee\/et\/#website\"},\"primaryImageOfPage\":{\"@id\":\"https:\/\/odavprint.ee\/et\/product\/printimispea-hp-6za17ae-black\/#primaryimage\"},\"image\":{\"@id\":\"https:\/\/odavprint.ee\/et\/product\/printimispea-hp-6za17ae-black\/#primaryimage\"},\"thumbnailUrl\":\"https:\/\/odavprint.ee\/wp-content\/uploads\/2025\/02\/bk.jpeg\",\"datePublished\":\"2025-02-21T07:12:36+00:00\",\"dateModified\":\"2025-02-25T12:33:08+00:00\",\"description\":\"Osta Printimispea HP 6ZA17AE Black Odav Print \u260e +372 5911 9495 \u2714\ufe0f Parim hind Printimispea HP 6ZA17AE Black jaoks \u26df Kiire kohaletoimetamine Eestis \u2b50 Garanteeritud\",\"breadcrumb\":{\"@id\":\"https:\/\/odavprint.ee\/et\/product\/printimispea-hp-6za17ae-black\/#breadcrumb\"},\"inLanguage\":\"et\",\"potentialAction\":[{\"@type\":\"ReadAction\",\"target\":[\"https:\/\/odavprint.ee\/et\/product\/printimispea-hp-6za17ae-black\/\"]}]},{\"@type\":\"ImageObject\",\"inLanguage\":\"et\",\"@id\":\"https:\/\/odavprint.ee\/et\/product\/printimispea-hp-6za17ae-black\/#primaryimage\",\"url\":\"https:\/\/odavprint.ee\/wp-content\/uploads\/2025\/02\/bk.jpeg\",\"contentUrl\":\"https:\/\/odavprint.ee\/wp-content\/uploads\/2025\/02\/bk.jpeg\",\"width\":638,\"height\":700},{\"@type\":\"BreadcrumbList\",\"@id\":\"https:\/\/odavprint.ee\/et\/product\/printimispea-hp-6za17ae-black\/#breadcrumb\",\"itemListElement\":[{\"@type\":\"ListItem\",\"position\":1,\"name\":\"Home\",\"item\":\"https:\/\/odavprint.ee\/et\/esileht\/\"},{\"@type\":\"ListItem\",\"position\":2,\"name\":\"E-pood\",\"item\":\"https:\/\/odavprint.ee\/et\/shop\/\"},{\"@type\":\"ListItem\",\"position\":3,\"name\":\"Printimispea HP 6ZA17AE Black\"}]},{\"@type\":\"WebSite\",\"@id\":\"https:\/\/odavprint.ee\/et\/#website\",\"url\":\"https:\/\/odavprint.ee\/et\/\",\"name\":\"Odav Print\",\"description\":\"Just another WordPress site\",\"publisher\":{\"@id\":\"https:\/\/odavprint.ee\/et\/#organization\"},\"alternateName\":\"Kassettide, toonerite t\u00e4itmine ja m\u00fc\u00fck.\",\"potentialAction\":[{\"@type\":\"SearchAction\",\"target\":{\"@type\":\"EntryPoint\",\"urlTemplate\":\"https:\/\/odavprint.ee\/et\/?s={search_term_string}\"},\"query-input\":\"required name=search_term_string\"}],\"inLanguage\":\"et\"},{\"@type\":[\"Organization\",\"Place\"],\"@id\":\"https:\/\/odavprint.ee\/et\/#organization\",\"name\":\"Odav Print O\u00dc\",\"url\":\"https:\/\/odavprint.ee\/et\/\",\"logo\":{\"@id\":\"https:\/\/odavprint.ee\/et\/product\/printimispea-hp-6za17ae-black\/#local-main-organization-logo\"},\"image\":{\"@id\":\"https:\/\/odavprint.ee\/et\/product\/printimispea-hp-6za17ae-black\/#local-main-organization-logo\"},\"address\":{\"@id\":\"https:\/\/odavprint.ee\/et\/product\/printimispea-hp-6za17ae-black\/#local-main-place-address\"},\"geo\":{\"@type\":\"GeoCoordinates\",\"latitude\":\"59.4306504\",\"longitude\":\"24.8095743\"},\"telephone\":[\"53836926\"],\"openingHoursSpecification\":[{\"@type\":\"OpeningHoursSpecification\",\"dayOfWeek\":[\"Monday\",\"Tuesday\",\"Wednesday\",\"Thursday\",\"Friday\",\"Saturday\",\"Sunday\"],\"opens\":\"09:00\",\"closes\":\"17:00\"}],\"email\":\"info@odavprint.eu\"},{\"@type\":\"PostalAddress\",\"@id\":\"https:\/\/odavprint.ee\/et\/product\/printimispea-hp-6za17ae-black\/#local-main-place-address\",\"streetAddress\":\"Pae tn 28\",\"addressLocality\":\"Tallinn\",\"postalCode\":\"11415\",\"addressRegion\":\"Harjumaa\",\"addressCountry\":\"EE\"},{\"@type\":\"ImageObject\",\"inLanguage\":\"et\",\"@id\":\"https:\/\/odavprint.ee\/et\/product\/printimispea-hp-6za17ae-black\/#local-main-organization-logo\",\"url\":\"https:\/\/odavprint.ee\/wp-content\/uploads\/2018\/10\/odavprint-logo-240.jpg\",\"contentUrl\":\"https:\/\/odavprint.ee\/wp-content\/uploads\/2018\/10\/odavprint-logo-240.jpg\",\"width\":240,\"height\":36,\"caption\":\"Odav Print O\u00dc\"}]}<\/script>\n<meta property=\"product:price:amount\" content=\"34.70\" \/>\n<meta property=\"product:price:currency\" content=\"EUR\" \/>\n<meta property=\"og:availability\" content=\"instock\" \/>\n<meta property=\"product:availability\" content=\"instock\" \/>\n<meta property=\"product:condition\" content=\"new\" \/>\n<meta name=\"geo.placename\" content=\"Tallinn\" \/>\n<meta name=\"geo.position\" content=\"59.4306504;24.8095743\" \/>\n<meta name=\"geo.region\" content=\"Estonia\" \/>\n<!-- \/ Yoast SEO Premium plugin. -->","yoast_head_json":{"title":"Printimispea HP 6ZA17AE Black, hea hinnaga, osta e-pood - Odav Print","description":"Osta Printimispea HP 6ZA17AE Black Odav Print \u260e +372 5911 9495 \u2714\ufe0f Parim hind Printimispea HP 6ZA17AE Black jaoks \u26df Kiire kohaletoimetamine Eestis \u2b50 Garanteeritud","robots":{"index":"index","follow":"follow","max-snippet":"max-snippet:-1","max-image-preview":"max-image-preview:large","max-video-preview":"max-video-preview:-1"},"canonical":"https:\/\/odavprint.ee\/et\/product\/printimispea-hp-6za17ae-black\/","og_locale":"et_EE","og_type":"article","og_title":"Printimispea HP 6ZA17AE Black","og_description":"Osta Printimispea HP 6ZA17AE Black Odav Print \u260e +372 5911 9495 \u2714\ufe0f Parim hind Printimispea HP 6ZA17AE Black jaoks \u26df Kiire kohaletoimetamine Eestis \u2b50 Garanteeritud","og_url":"https:\/\/odavprint.ee\/et\/product\/printimispea-hp-6za17ae-black\/","og_site_name":"Odav Print","article_modified_time":"2025-02-25T12:33:08+00:00","og_image":[{"width":638,"height":700,"url":"https:\/\/odavprint.ee\/wp-content\/uploads\/2025\/02\/bk.jpeg","type":"image\/jpeg"}],"twitter_card":"summary_large_image","twitter_misc":{"Price":"&euro;34.70","Availability":"In stock"},"schema":{"@context":"https:\/\/schema.org","@graph":[{"@type":["WebPage","ItemPage"],"@id":"https:\/\/odavprint.ee\/et\/product\/printimispea-hp-6za17ae-black\/","url":"https:\/\/odavprint.ee\/et\/product\/printimispea-hp-6za17ae-black\/","name":"Printimispea HP 6ZA17AE Black, hea hinnaga, osta e-pood - Odav Print","isPartOf":{"@id":"https:\/\/odavprint.ee\/et\/#website"},"primaryImageOfPage":{"@id":"https:\/\/odavprint.ee\/et\/product\/printimispea-hp-6za17ae-black\/#primaryimage"},"image":{"@id":"https:\/\/odavprint.ee\/et\/product\/printimispea-hp-6za17ae-black\/#primaryimage"},"thumbnailUrl":"https:\/\/odavprint.ee\/wp-content\/uploads\/2025\/02\/bk.jpeg","datePublished":"2025-02-21T07:12:36+00:00","dateModified":"2025-02-25T12:33:08+00:00","description":"Osta Printimispea HP 6ZA17AE Black Odav Print \u260e +372 5911 9495 \u2714\ufe0f Parim hind Printimispea HP 6ZA17AE Black jaoks \u26df Kiire kohaletoimetamine Eestis \u2b50 Garanteeritud","breadcrumb":{"@id":"https:\/\/odavprint.ee\/et\/product\/printimispea-hp-6za17ae-black\/#breadcrumb"},"inLanguage":"et","potentialAction":[{"@type":"ReadAction","target":["https:\/\/odavprint.ee\/et\/product\/printimispea-hp-6za17ae-black\/"]}]},{"@type":"ImageObject","inLanguage":"et","@id":"https:\/\/odavprint.ee\/et\/product\/printimispea-hp-6za17ae-black\/#primaryimage","url":"https:\/\/odavprint.ee\/wp-content\/uploads\/2025\/02\/bk.jpeg","contentUrl":"https:\/\/odavprint.ee\/wp-content\/uploads\/2025\/02\/bk.jpeg","width":638,"height":700},{"@type":"BreadcrumbList","@id":"https:\/\/odavprint.ee\/et\/product\/printimispea-hp-6za17ae-black\/#breadcrumb","itemListElement":[{"@type":"ListItem","position":1,"name":"Home","item":"https:\/\/odavprint.ee\/et\/esileht\/"},{"@type":"ListItem","position":2,"name":"E-pood","item":"https:\/\/odavprint.ee\/et\/shop\/"},{"@type":"ListItem","position":3,"name":"Printimispea HP 6ZA17AE Black"}]},{"@type":"WebSite","@id":"https:\/\/odavprint.ee\/et\/#website","url":"https:\/\/odavprint.ee\/et\/","name":"Odav Print","description":"Just another WordPress site","publisher":{"@id":"https:\/\/odavprint.ee\/et\/#organization"},"alternateName":"Kassettide, toonerite t\u00e4itmine ja m\u00fc\u00fck.","potentialAction":[{"@type":"SearchAction","target":{"@type":"EntryPoint","urlTemplate":"https:\/\/odavprint.ee\/et\/?s={search_term_string}"},"query-input":"required name=search_term_string"}],"inLanguage":"et"},{"@type":["Organization","Place"],"@id":"https:\/\/odavprint.ee\/et\/#organization","name":"Odav Print O\u00dc","url":"https:\/\/odavprint.ee\/et\/","logo":{"@id":"https:\/\/odavprint.ee\/et\/product\/printimispea-hp-6za17ae-black\/#local-main-organization-logo"},"image":{"@id":"https:\/\/odavprint.ee\/et\/product\/printimispea-hp-6za17ae-black\/#local-main-organization-logo"},"address":{"@id":"https:\/\/odavprint.ee\/et\/product\/printimispea-hp-6za17ae-black\/#local-main-place-address"},"geo":{"@type":"GeoCoordinates","latitude":"59.4306504","longitude":"24.8095743"},"telephone":["53836926"],"openingHoursSpecification":[{"@type":"OpeningHoursSpecification","dayOfWeek":["Monday","Tuesday","Wednesday","Thursday","Friday","Saturday","Sunday"],"opens":"09:00","closes":"17:00"}],"email":"info@odavprint.eu"},{"@type":"PostalAddress","@id":"https:\/\/odavprint.ee\/et\/product\/printimispea-hp-6za17ae-black\/#local-main-place-address","streetAddress":"Pae tn 28","addressLocality":"Tallinn","postalCode":"11415","addressRegion":"Harjumaa","addressCountry":"EE"},{"@type":"ImageObject","inLanguage":"et","@id":"https:\/\/odavprint.ee\/et\/product\/printimispea-hp-6za17ae-black\/#local-main-organization-logo","url":"https:\/\/odavprint.ee\/wp-content\/uploads\/2018\/10\/odavprint-logo-240.jpg","contentUrl":"https:\/\/odavprint.ee\/wp-content\/uploads\/2018\/10\/odavprint-logo-240.jpg","width":240,"height":36,"caption":"Odav Print O\u00dc"}]},"product_price_amount":"34.70","product_price_currency":"EUR","og_availability":"instock","product_availability":"instock","product_condition":"new","geo.placename":"Tallinn","geo.position":{"lat":"59.4306504","long":"24.8095743"},"geo.region":"Estonia"},"_links":{"self":[{"href":"https:\/\/odavprint.ee\/et\/wp-json\/wp\/v2\/product\/209040"}],"collection":[{"href":"https:\/\/odavprint.ee\/et\/wp-json\/wp\/v2\/product"}],"about":[{"href":"https:\/\/odavprint.ee\/et\/wp-json\/wp\/v2\/types\/product"}],"wp:featuredmedia":[{"embeddable":true,"href":"https:\/\/odavprint.ee\/et\/wp-json\/wp\/v2\/media\/209044"}],"wp:attachment":[{"href":"https:\/\/odavprint.ee\/et\/wp-json\/wp\/v2\/media?parent=209040"}],"wp:term":[{"taxonomy":"product_cat","embeddable":true,"href":"https:\/\/odavprint.ee\/et\/wp-json\/wp\/v2\/product_cat?post=209040"},{"taxonomy":"product_tag","embeddable":true,"href":"https:\/\/odavprint.ee\/et\/wp-json\/wp\/v2\/product_tag?post=209040"}],"curies":[{"name":"wp","href":"https:\/\/api.w.org\/{rel}","templated":true}]}}