{"id":210895,"date":"2025-05-28T14:24:41","date_gmt":"2025-05-28T11:24:41","guid":{"rendered":"https:\/\/odavprint.ee\/?post_type=product&#038;p=210895"},"modified":"2025-05-28T14:24:42","modified_gmt":"2025-05-28T11:24:42","slug":"originaal-tintide-komplekt-hp-937-6c400ne-bk-c-m-y","status":"publish","type":"product","link":"https:\/\/odavprint.ee\/et\/product\/originaal-tintide-komplekt-hp-937-6c400ne-bk-c-m-y\/","title":{"rendered":"Originaal tintide komplekt HP 937 (6C400NE) (BK\/C\/M\/Y)"},"content":{"rendered":"<p>HP Officejet Pro 9110<\/p>\n<p>HP Officejet Pro 9110b<\/p>\n<p>HP Officejet Pro 9120<\/p>\n<p>HP Officejet Pro 9120b<\/p>\n<p>HP Officejet Pro 9120e<\/p>\n<p>HP Officejet Pro 9122e<\/p>\n<p>HP Officejet Pro 9125e<\/p>\n<p>HP Officejet Pro 9130<\/p>\n<p>HP Officejet Pro 9130b<\/p>\n<p>HP Officejet Pro 9132e<\/p>\n<p>HP Officejet Pro 9135e<\/p>\n<p>HP Officejet Pro 9720<\/p>\n<p>HP Officejet Pro 9720e<\/p>\n<p>HP Officejet Pro 9730<\/p>\n<p>HP Officejet Pro 9730e<\/p>\n","protected":false},"excerpt":{"rendered":"<p>HP Officejet Pro 9110 HP Officejet Pro 9110b HP Officejet Pro 9120 HP Officejet Pro 9120b HP Officejet Pro 9120e HP Officejet Pro 9122e HP Officejet Pro 9125e HP Officejet Pro 9130 HP Officejet Pro 9130b HP Officejet Pro 9132e HP Officejet Pro 9135e HP Officejet Pro 9720 HP Officejet Pro 9720e HP Officejet Pro [&#8230;]\n","protected":false},"featured_media":210908,"template":"","meta":{"inline_featured_image":false},"product_cat":[10770],"product_tag":[],"yoast_head":"<!-- This site is optimized with the Yoast SEO Premium plugin v23.0 (Yoast SEO v23.0) - https:\/\/yoast.com\/wordpress\/plugins\/seo\/ -->\n<title>Originaal tintide komplekt HP 937 (6C400NE) (BK\/C\/M\/Y), hea hinnaga, osta e-pood - Odav Print<\/title>\n<meta name=\"description\" content=\"Osta Originaal tintide komplekt HP 937 (6C400NE) (BK\/C\/M\/Y) Odav Print \u260e +372 5911 9495 \u2714\ufe0f Parim hind Originaal tintide komplekt HP 937 (6C400NE) (BK\/C\/M\/Y) jaoks \u26df Kiire kohaletoimetamine Eestis \u2b50 Garanteeritud\" \/>\n<meta name=\"robots\" content=\"index, follow, max-snippet:-1, max-image-preview:large, max-video-preview:-1\" \/>\n<link rel=\"canonical\" href=\"https:\/\/odavprint.ee\/et\/product\/originaal-tintide-komplekt-hp-937-6c400ne-bk-c-m-y\/\" \/>\n<meta property=\"og:locale\" content=\"et_EE\" \/>\n<meta property=\"og:type\" content=\"article\" \/>\n<meta property=\"og:title\" content=\"Originaal tintide komplekt HP 937 (6C400NE) (BK\/C\/M\/Y)\" \/>\n<meta property=\"og:description\" content=\"Osta Originaal tintide komplekt HP 937 (6C400NE) (BK\/C\/M\/Y) Odav Print \u260e +372 5911 9495 \u2714\ufe0f Parim hind Originaal tintide komplekt HP 937 (6C400NE) (BK\/C\/M\/Y) jaoks \u26df Kiire kohaletoimetamine Eestis \u2b50 Garanteeritud\" \/>\n<meta property=\"og:url\" content=\"https:\/\/odavprint.ee\/et\/product\/originaal-tintide-komplekt-hp-937-6c400ne-bk-c-m-y\/\" \/>\n<meta property=\"og:site_name\" content=\"Odav Print\" \/>\n<meta property=\"article:modified_time\" content=\"2025-05-28T11:24:42+00:00\" \/>\n<meta property=\"og:image\" content=\"https:\/\/odavprint.ee\/wp-content\/uploads\/2025\/05\/set.png\" \/>\n\t<meta property=\"og:image:width\" content=\"1000\" \/>\n\t<meta property=\"og:image:height\" content=\"1000\" \/>\n\t<meta property=\"og:image:type\" content=\"image\/png\" \/>\n<meta name=\"twitter:card\" content=\"summary_large_image\" \/>\n<meta name=\"twitter:label1\" content=\"Price\" \/>\n\t<meta name=\"twitter:data1\" content=\"&euro;136.20\" \/>\n\t<meta name=\"twitter:label2\" content=\"Availability\" \/>\n\t<meta name=\"twitter:data2\" content=\"In stock\" \/>\n<script type=\"application\/ld+json\" class=\"yoast-schema-graph\">{\"@context\":\"https:\/\/schema.org\",\"@graph\":[{\"@type\":[\"WebPage\",\"ItemPage\"],\"@id\":\"https:\/\/odavprint.ee\/et\/product\/originaal-tintide-komplekt-hp-937-6c400ne-bk-c-m-y\/\",\"url\":\"https:\/\/odavprint.ee\/et\/product\/originaal-tintide-komplekt-hp-937-6c400ne-bk-c-m-y\/\",\"name\":\"Originaal tintide komplekt HP 937 (6C400NE) (BK\/C\/M\/Y), hea hinnaga, osta e-pood - Odav Print\",\"isPartOf\":{\"@id\":\"https:\/\/odavprint.ee\/et\/#website\"},\"primaryImageOfPage\":{\"@id\":\"https:\/\/odavprint.ee\/et\/product\/originaal-tintide-komplekt-hp-937-6c400ne-bk-c-m-y\/#primaryimage\"},\"image\":{\"@id\":\"https:\/\/odavprint.ee\/et\/product\/originaal-tintide-komplekt-hp-937-6c400ne-bk-c-m-y\/#primaryimage\"},\"thumbnailUrl\":\"https:\/\/odavprint.ee\/wp-content\/uploads\/2025\/05\/set.png\",\"datePublished\":\"2025-05-28T11:24:41+00:00\",\"dateModified\":\"2025-05-28T11:24:42+00:00\",\"description\":\"Osta Originaal tintide komplekt HP 937 (6C400NE) (BK\/C\/M\/Y) Odav Print \u260e +372 5911 9495 \u2714\ufe0f Parim hind Originaal tintide komplekt HP 937 (6C400NE) (BK\/C\/M\/Y) jaoks \u26df Kiire kohaletoimetamine Eestis \u2b50 Garanteeritud\",\"breadcrumb\":{\"@id\":\"https:\/\/odavprint.ee\/et\/product\/originaal-tintide-komplekt-hp-937-6c400ne-bk-c-m-y\/#breadcrumb\"},\"inLanguage\":\"et\",\"potentialAction\":[{\"@type\":\"ReadAction\",\"target\":[\"https:\/\/odavprint.ee\/et\/product\/originaal-tintide-komplekt-hp-937-6c400ne-bk-c-m-y\/\"]}]},{\"@type\":\"ImageObject\",\"inLanguage\":\"et\",\"@id\":\"https:\/\/odavprint.ee\/et\/product\/originaal-tintide-komplekt-hp-937-6c400ne-bk-c-m-y\/#primaryimage\",\"url\":\"https:\/\/odavprint.ee\/wp-content\/uploads\/2025\/05\/set.png\",\"contentUrl\":\"https:\/\/odavprint.ee\/wp-content\/uploads\/2025\/05\/set.png\",\"width\":1000,\"height\":1000},{\"@type\":\"BreadcrumbList\",\"@id\":\"https:\/\/odavprint.ee\/et\/product\/originaal-tintide-komplekt-hp-937-6c400ne-bk-c-m-y\/#breadcrumb\",\"itemListElement\":[{\"@type\":\"ListItem\",\"position\":1,\"name\":\"Home\",\"item\":\"https:\/\/odavprint.ee\/et\/esileht\/\"},{\"@type\":\"ListItem\",\"position\":2,\"name\":\"E-pood\",\"item\":\"https:\/\/odavprint.ee\/et\/shop\/\"},{\"@type\":\"ListItem\",\"position\":3,\"name\":\"Originaal tintide komplekt HP 937 (6C400NE) (BK\/C\/M\/Y)\"}]},{\"@type\":\"WebSite\",\"@id\":\"https:\/\/odavprint.ee\/et\/#website\",\"url\":\"https:\/\/odavprint.ee\/et\/\",\"name\":\"Odav Print\",\"description\":\"Just another WordPress site\",\"publisher\":{\"@id\":\"https:\/\/odavprint.ee\/et\/#organization\"},\"alternateName\":\"Kassettide, toonerite t\u00e4itmine ja m\u00fc\u00fck.\",\"potentialAction\":[{\"@type\":\"SearchAction\",\"target\":{\"@type\":\"EntryPoint\",\"urlTemplate\":\"https:\/\/odavprint.ee\/et\/?s={search_term_string}\"},\"query-input\":\"required name=search_term_string\"}],\"inLanguage\":\"et\"},{\"@type\":[\"Organization\",\"Place\"],\"@id\":\"https:\/\/odavprint.ee\/et\/#organization\",\"name\":\"Odav Print O\u00dc\",\"url\":\"https:\/\/odavprint.ee\/et\/\",\"logo\":{\"@id\":\"https:\/\/odavprint.ee\/et\/product\/originaal-tintide-komplekt-hp-937-6c400ne-bk-c-m-y\/#local-main-organization-logo\"},\"image\":{\"@id\":\"https:\/\/odavprint.ee\/et\/product\/originaal-tintide-komplekt-hp-937-6c400ne-bk-c-m-y\/#local-main-organization-logo\"},\"address\":{\"@id\":\"https:\/\/odavprint.ee\/et\/product\/originaal-tintide-komplekt-hp-937-6c400ne-bk-c-m-y\/#local-main-place-address\"},\"geo\":{\"@type\":\"GeoCoordinates\",\"latitude\":\"59.4306504\",\"longitude\":\"24.8095743\"},\"telephone\":[\"53836926\"],\"openingHoursSpecification\":[{\"@type\":\"OpeningHoursSpecification\",\"dayOfWeek\":[\"Monday\",\"Tuesday\",\"Wednesday\",\"Thursday\",\"Friday\",\"Saturday\",\"Sunday\"],\"opens\":\"09:00\",\"closes\":\"17:00\"}],\"email\":\"info@odavprint.eu\"},{\"@type\":\"PostalAddress\",\"@id\":\"https:\/\/odavprint.ee\/et\/product\/originaal-tintide-komplekt-hp-937-6c400ne-bk-c-m-y\/#local-main-place-address\",\"streetAddress\":\"Pae tn 28\",\"addressLocality\":\"Tallinn\",\"postalCode\":\"11415\",\"addressRegion\":\"Harjumaa\",\"addressCountry\":\"EE\"},{\"@type\":\"ImageObject\",\"inLanguage\":\"et\",\"@id\":\"https:\/\/odavprint.ee\/et\/product\/originaal-tintide-komplekt-hp-937-6c400ne-bk-c-m-y\/#local-main-organization-logo\",\"url\":\"https:\/\/odavprint.ee\/wp-content\/uploads\/2018\/10\/odavprint-logo-240.jpg\",\"contentUrl\":\"https:\/\/odavprint.ee\/wp-content\/uploads\/2018\/10\/odavprint-logo-240.jpg\",\"width\":240,\"height\":36,\"caption\":\"Odav Print O\u00dc\"}]}<\/script>\n<meta property=\"product:price:amount\" content=\"136.20\" \/>\n<meta property=\"product:price:currency\" content=\"EUR\" \/>\n<meta property=\"og:availability\" content=\"instock\" \/>\n<meta property=\"product:availability\" content=\"instock\" \/>\n<meta property=\"product:condition\" content=\"new\" \/>\n<meta name=\"geo.placename\" content=\"Tallinn\" \/>\n<meta name=\"geo.position\" content=\"59.4306504;24.8095743\" \/>\n<meta name=\"geo.region\" content=\"Estonia\" \/>\n<!-- \/ Yoast SEO Premium plugin. -->","yoast_head_json":{"title":"Originaal tintide komplekt HP 937 (6C400NE) (BK\/C\/M\/Y), hea hinnaga, osta e-pood - Odav Print","description":"Osta Originaal tintide komplekt HP 937 (6C400NE) (BK\/C\/M\/Y) Odav Print \u260e +372 5911 9495 \u2714\ufe0f Parim hind Originaal tintide komplekt HP 937 (6C400NE) (BK\/C\/M\/Y) jaoks \u26df Kiire kohaletoimetamine Eestis \u2b50 Garanteeritud","robots":{"index":"index","follow":"follow","max-snippet":"max-snippet:-1","max-image-preview":"max-image-preview:large","max-video-preview":"max-video-preview:-1"},"canonical":"https:\/\/odavprint.ee\/et\/product\/originaal-tintide-komplekt-hp-937-6c400ne-bk-c-m-y\/","og_locale":"et_EE","og_type":"article","og_title":"Originaal tintide komplekt HP 937 (6C400NE) (BK\/C\/M\/Y)","og_description":"Osta Originaal tintide komplekt HP 937 (6C400NE) (BK\/C\/M\/Y) Odav Print \u260e +372 5911 9495 \u2714\ufe0f Parim hind Originaal tintide komplekt HP 937 (6C400NE) (BK\/C\/M\/Y) jaoks \u26df Kiire kohaletoimetamine Eestis \u2b50 Garanteeritud","og_url":"https:\/\/odavprint.ee\/et\/product\/originaal-tintide-komplekt-hp-937-6c400ne-bk-c-m-y\/","og_site_name":"Odav Print","article_modified_time":"2025-05-28T11:24:42+00:00","og_image":[{"width":1000,"height":1000,"url":"https:\/\/odavprint.ee\/wp-content\/uploads\/2025\/05\/set.png","type":"image\/png"}],"twitter_card":"summary_large_image","twitter_misc":{"Price":"&euro;136.20","Availability":"In stock"},"schema":{"@context":"https:\/\/schema.org","@graph":[{"@type":["WebPage","ItemPage"],"@id":"https:\/\/odavprint.ee\/et\/product\/originaal-tintide-komplekt-hp-937-6c400ne-bk-c-m-y\/","url":"https:\/\/odavprint.ee\/et\/product\/originaal-tintide-komplekt-hp-937-6c400ne-bk-c-m-y\/","name":"Originaal tintide komplekt HP 937 (6C400NE) (BK\/C\/M\/Y), hea hinnaga, osta e-pood - Odav Print","isPartOf":{"@id":"https:\/\/odavprint.ee\/et\/#website"},"primaryImageOfPage":{"@id":"https:\/\/odavprint.ee\/et\/product\/originaal-tintide-komplekt-hp-937-6c400ne-bk-c-m-y\/#primaryimage"},"image":{"@id":"https:\/\/odavprint.ee\/et\/product\/originaal-tintide-komplekt-hp-937-6c400ne-bk-c-m-y\/#primaryimage"},"thumbnailUrl":"https:\/\/odavprint.ee\/wp-content\/uploads\/2025\/05\/set.png","datePublished":"2025-05-28T11:24:41+00:00","dateModified":"2025-05-28T11:24:42+00:00","description":"Osta Originaal tintide komplekt HP 937 (6C400NE) (BK\/C\/M\/Y) Odav Print \u260e +372 5911 9495 \u2714\ufe0f Parim hind Originaal tintide komplekt HP 937 (6C400NE) (BK\/C\/M\/Y) jaoks \u26df Kiire kohaletoimetamine Eestis \u2b50 Garanteeritud","breadcrumb":{"@id":"https:\/\/odavprint.ee\/et\/product\/originaal-tintide-komplekt-hp-937-6c400ne-bk-c-m-y\/#breadcrumb"},"inLanguage":"et","potentialAction":[{"@type":"ReadAction","target":["https:\/\/odavprint.ee\/et\/product\/originaal-tintide-komplekt-hp-937-6c400ne-bk-c-m-y\/"]}]},{"@type":"ImageObject","inLanguage":"et","@id":"https:\/\/odavprint.ee\/et\/product\/originaal-tintide-komplekt-hp-937-6c400ne-bk-c-m-y\/#primaryimage","url":"https:\/\/odavprint.ee\/wp-content\/uploads\/2025\/05\/set.png","contentUrl":"https:\/\/odavprint.ee\/wp-content\/uploads\/2025\/05\/set.png","width":1000,"height":1000},{"@type":"BreadcrumbList","@id":"https:\/\/odavprint.ee\/et\/product\/originaal-tintide-komplekt-hp-937-6c400ne-bk-c-m-y\/#breadcrumb","itemListElement":[{"@type":"ListItem","position":1,"name":"Home","item":"https:\/\/odavprint.ee\/et\/esileht\/"},{"@type":"ListItem","position":2,"name":"E-pood","item":"https:\/\/odavprint.ee\/et\/shop\/"},{"@type":"ListItem","position":3,"name":"Originaal tintide komplekt HP 937 (6C400NE) (BK\/C\/M\/Y)"}]},{"@type":"WebSite","@id":"https:\/\/odavprint.ee\/et\/#website","url":"https:\/\/odavprint.ee\/et\/","name":"Odav Print","description":"Just another WordPress site","publisher":{"@id":"https:\/\/odavprint.ee\/et\/#organization"},"alternateName":"Kassettide, toonerite t\u00e4itmine ja m\u00fc\u00fck.","potentialAction":[{"@type":"SearchAction","target":{"@type":"EntryPoint","urlTemplate":"https:\/\/odavprint.ee\/et\/?s={search_term_string}"},"query-input":"required name=search_term_string"}],"inLanguage":"et"},{"@type":["Organization","Place"],"@id":"https:\/\/odavprint.ee\/et\/#organization","name":"Odav Print O\u00dc","url":"https:\/\/odavprint.ee\/et\/","logo":{"@id":"https:\/\/odavprint.ee\/et\/product\/originaal-tintide-komplekt-hp-937-6c400ne-bk-c-m-y\/#local-main-organization-logo"},"image":{"@id":"https:\/\/odavprint.ee\/et\/product\/originaal-tintide-komplekt-hp-937-6c400ne-bk-c-m-y\/#local-main-organization-logo"},"address":{"@id":"https:\/\/odavprint.ee\/et\/product\/originaal-tintide-komplekt-hp-937-6c400ne-bk-c-m-y\/#local-main-place-address"},"geo":{"@type":"GeoCoordinates","latitude":"59.4306504","longitude":"24.8095743"},"telephone":["53836926"],"openingHoursSpecification":[{"@type":"OpeningHoursSpecification","dayOfWeek":["Monday","Tuesday","Wednesday","Thursday","Friday","Saturday","Sunday"],"opens":"09:00","closes":"17:00"}],"email":"info@odavprint.eu"},{"@type":"PostalAddress","@id":"https:\/\/odavprint.ee\/et\/product\/originaal-tintide-komplekt-hp-937-6c400ne-bk-c-m-y\/#local-main-place-address","streetAddress":"Pae tn 28","addressLocality":"Tallinn","postalCode":"11415","addressRegion":"Harjumaa","addressCountry":"EE"},{"@type":"ImageObject","inLanguage":"et","@id":"https:\/\/odavprint.ee\/et\/product\/originaal-tintide-komplekt-hp-937-6c400ne-bk-c-m-y\/#local-main-organization-logo","url":"https:\/\/odavprint.ee\/wp-content\/uploads\/2018\/10\/odavprint-logo-240.jpg","contentUrl":"https:\/\/odavprint.ee\/wp-content\/uploads\/2018\/10\/odavprint-logo-240.jpg","width":240,"height":36,"caption":"Odav Print O\u00dc"}]},"product_price_amount":"136.20","product_price_currency":"EUR","og_availability":"instock","product_availability":"instock","product_condition":"new","geo.placename":"Tallinn","geo.position":{"lat":"59.4306504","long":"24.8095743"},"geo.region":"Estonia"},"_links":{"self":[{"href":"https:\/\/odavprint.ee\/et\/wp-json\/wp\/v2\/product\/210895"}],"collection":[{"href":"https:\/\/odavprint.ee\/et\/wp-json\/wp\/v2\/product"}],"about":[{"href":"https:\/\/odavprint.ee\/et\/wp-json\/wp\/v2\/types\/product"}],"wp:featuredmedia":[{"embeddable":true,"href":"https:\/\/odavprint.ee\/et\/wp-json\/wp\/v2\/media\/210908"}],"wp:attachment":[{"href":"https:\/\/odavprint.ee\/et\/wp-json\/wp\/v2\/media?parent=210895"}],"wp:term":[{"taxonomy":"product_cat","embeddable":true,"href":"https:\/\/odavprint.ee\/et\/wp-json\/wp\/v2\/product_cat?post=210895"},{"taxonomy":"product_tag","embeddable":true,"href":"https:\/\/odavprint.ee\/et\/wp-json\/wp\/v2\/product_tag?post=210895"}],"curies":[{"name":"wp","href":"https:\/\/api.w.org\/{rel}","templated":true}]}}