{"id":212456,"date":"2025-09-11T12:22:43","date_gmt":"2025-09-11T09:22:43","guid":{"rendered":"https:\/\/odavprint.ee\/?post_type=product&#038;p=212456"},"modified":"2025-09-11T12:22:46","modified_gmt":"2025-09-11T09:22:46","slug":"originaal-tintide-komplekt-canon-gi-590-gi590-bk-c-m-y","status":"publish","type":"product","link":"https:\/\/odavprint.ee\/et\/product\/originaal-tintide-komplekt-canon-gi-590-gi590-bk-c-m-y\/","title":{"rendered":"Originaal tintide komplekt Canon GI-590 \/ GI590 (BK\/C\/M\/Y)"},"content":{"rendered":"<p><strong>Suitable for use in:<\/strong><\/p>\n<p>Canon PIXMA G1500<br \/>\nCanon PIXMA G1500<br \/>\nCanon PIXMA G1500 Series<br \/>\nCanon PIXMA G1500 Series<br \/>\nCanon PIXMA G1501<br \/>\nCanon PIXMA G1501<br \/>\nCanon PIXMA G1510<br \/>\nCanon PIXMA G1510<br \/>\nCanon PIXMA G1515<br \/>\nCanon PIXMA G1515<br \/>\nCanon PIXMA G2500<br \/>\nCanon PIXMA G2500<br \/>\nCanon PIXMA G2500 Series<br \/>\nCanon PIXMA G2500 Series<br \/>\nCanon PIXMA G2501<br \/>\nCanon PIXMA G2501<br \/>\nCanon PIXMA G2510<br \/>\nCanon PIXMA G2510<br \/>\nCanon PIXMA G3500<br \/>\nCanon PIXMA G3500<br \/>\nCanon PIXMA G3500 Series<br \/>\nCanon PIXMA G3500 Series<br \/>\nCanon PIXMA G3501<br \/>\nCanon PIXMA G3501<br \/>\nCanon PIXMA G3510<br \/>\nCanon PIXMA G3510<br \/>\nCanon PIXMA G3515<br \/>\nCanon PIXMA G3515<br \/>\nCanon PIXMA G4400<br \/>\nCanon PIXMA G4400<br \/>\nCanon PIXMA G4400 Series<br \/>\nCanon PIXMA G4400 Series<br \/>\nCanon PIXMA G4411<br \/>\nCanon PIXMA G4411<br \/>\nCanon PIXMA G4500<br \/>\nCanon PIXMA G4500<br \/>\nCanon PIXMA G4500 Series<br \/>\nCanon PIXMA G4500 Series<br \/>\nCanon PIXMA G4510<br \/>\nCanon PIXMA G4510<br \/>\nCanon PIXMA G4511<br \/>\nCanon PIXMA G4511<br \/>\nCanon PIXMA G4515<br \/>\nCanon PIXMA G4515<\/p>\n","protected":false},"excerpt":{"rendered":"<p>Suitable for use in: Canon PIXMA G1500 Canon PIXMA G1500 Canon PIXMA G1500 Series Canon PIXMA G1500 Series Canon PIXMA G1501 Canon PIXMA G1501 Canon PIXMA G1510 Canon PIXMA G1510 Canon PIXMA G1515 Canon PIXMA G1515 Canon PIXMA G2500 Canon PIXMA G2500 Canon PIXMA G2500 Series Canon PIXMA G2500 Series Canon PIXMA G2501 Canon PIXMA [&#8230;]\n","protected":false},"featured_media":212457,"template":"","meta":{"inline_featured_image":false},"product_cat":[10770],"product_tag":[],"yoast_head":"<!-- This site is optimized with the Yoast SEO Premium plugin v23.0 (Yoast SEO v23.0) - https:\/\/yoast.com\/wordpress\/plugins\/seo\/ -->\n<title>Originaal tintide komplekt Canon GI-590 \/ GI590 (BK\/C\/M\/Y), hea hinnaga, osta e-pood - Odav Print<\/title>\n<meta name=\"description\" content=\"Osta Originaal tintide komplekt Canon GI-590 \/ GI590 (BK\/C\/M\/Y) Odav Print \u260e +372 5911 9495 \u2714\ufe0f Parim hind Originaal tintide komplekt Canon GI-590 \/ GI590 (BK\/C\/M\/Y) jaoks \u26df Kiire kohaletoimetamine Eestis \u2b50 Garanteeritud\" \/>\n<meta name=\"robots\" content=\"index, follow, max-snippet:-1, max-image-preview:large, max-video-preview:-1\" \/>\n<link rel=\"canonical\" href=\"https:\/\/odavprint.ee\/et\/product\/originaal-tintide-komplekt-canon-gi-590-gi590-bk-c-m-y\/\" \/>\n<meta property=\"og:locale\" content=\"et_EE\" \/>\n<meta property=\"og:type\" content=\"article\" \/>\n<meta property=\"og:title\" content=\"Originaal tintide komplekt Canon GI-590 \/ GI590 (BK\/C\/M\/Y)\" \/>\n<meta property=\"og:description\" content=\"Osta Originaal tintide komplekt Canon GI-590 \/ GI590 (BK\/C\/M\/Y) Odav Print \u260e +372 5911 9495 \u2714\ufe0f Parim hind Originaal tintide komplekt Canon GI-590 \/ GI590 (BK\/C\/M\/Y) jaoks \u26df Kiire kohaletoimetamine Eestis \u2b50 Garanteeritud\" \/>\n<meta property=\"og:url\" content=\"https:\/\/odavprint.ee\/et\/product\/originaal-tintide-komplekt-canon-gi-590-gi590-bk-c-m-y\/\" \/>\n<meta property=\"og:site_name\" content=\"Odav Print\" \/>\n<meta property=\"article:modified_time\" content=\"2025-09-11T09:22:46+00:00\" \/>\n<meta property=\"og:image\" content=\"https:\/\/odavprint.ee\/wp-content\/uploads\/2025\/09\/set-oem.jpg\" \/>\n\t<meta property=\"og:image:width\" content=\"450\" \/>\n\t<meta property=\"og:image:height\" content=\"450\" \/>\n\t<meta property=\"og:image:type\" content=\"image\/jpeg\" \/>\n<meta name=\"twitter:card\" content=\"summary_large_image\" \/>\n<meta name=\"twitter:label1\" content=\"Price\" \/>\n\t<meta name=\"twitter:data1\" content=\"&euro;66.00\" \/>\n\t<meta name=\"twitter:label2\" content=\"Availability\" \/>\n\t<meta name=\"twitter:data2\" content=\"In stock\" \/>\n<script type=\"application\/ld+json\" class=\"yoast-schema-graph\">{\"@context\":\"https:\/\/schema.org\",\"@graph\":[{\"@type\":[\"WebPage\",\"ItemPage\"],\"@id\":\"https:\/\/odavprint.ee\/et\/product\/originaal-tintide-komplekt-canon-gi-590-gi590-bk-c-m-y\/\",\"url\":\"https:\/\/odavprint.ee\/et\/product\/originaal-tintide-komplekt-canon-gi-590-gi590-bk-c-m-y\/\",\"name\":\"Originaal tintide komplekt Canon GI-590 \/ GI590 (BK\/C\/M\/Y), hea hinnaga, osta e-pood - Odav Print\",\"isPartOf\":{\"@id\":\"https:\/\/odavprint.ee\/et\/#website\"},\"primaryImageOfPage\":{\"@id\":\"https:\/\/odavprint.ee\/et\/product\/originaal-tintide-komplekt-canon-gi-590-gi590-bk-c-m-y\/#primaryimage\"},\"image\":{\"@id\":\"https:\/\/odavprint.ee\/et\/product\/originaal-tintide-komplekt-canon-gi-590-gi590-bk-c-m-y\/#primaryimage\"},\"thumbnailUrl\":\"https:\/\/odavprint.ee\/wp-content\/uploads\/2025\/09\/set-oem.jpg\",\"datePublished\":\"2025-09-11T09:22:43+00:00\",\"dateModified\":\"2025-09-11T09:22:46+00:00\",\"description\":\"Osta Originaal tintide komplekt Canon GI-590 \/ GI590 (BK\/C\/M\/Y) Odav Print \u260e +372 5911 9495 \u2714\ufe0f Parim hind Originaal tintide komplekt Canon GI-590 \/ GI590 (BK\/C\/M\/Y) jaoks \u26df Kiire kohaletoimetamine Eestis \u2b50 Garanteeritud\",\"breadcrumb\":{\"@id\":\"https:\/\/odavprint.ee\/et\/product\/originaal-tintide-komplekt-canon-gi-590-gi590-bk-c-m-y\/#breadcrumb\"},\"inLanguage\":\"et\",\"potentialAction\":[{\"@type\":\"ReadAction\",\"target\":[\"https:\/\/odavprint.ee\/et\/product\/originaal-tintide-komplekt-canon-gi-590-gi590-bk-c-m-y\/\"]}]},{\"@type\":\"ImageObject\",\"inLanguage\":\"et\",\"@id\":\"https:\/\/odavprint.ee\/et\/product\/originaal-tintide-komplekt-canon-gi-590-gi590-bk-c-m-y\/#primaryimage\",\"url\":\"https:\/\/odavprint.ee\/wp-content\/uploads\/2025\/09\/set-oem.jpg\",\"contentUrl\":\"https:\/\/odavprint.ee\/wp-content\/uploads\/2025\/09\/set-oem.jpg\",\"width\":450,\"height\":450},{\"@type\":\"BreadcrumbList\",\"@id\":\"https:\/\/odavprint.ee\/et\/product\/originaal-tintide-komplekt-canon-gi-590-gi590-bk-c-m-y\/#breadcrumb\",\"itemListElement\":[{\"@type\":\"ListItem\",\"position\":1,\"name\":\"Home\",\"item\":\"https:\/\/odavprint.ee\/et\/esileht\/\"},{\"@type\":\"ListItem\",\"position\":2,\"name\":\"E-pood\",\"item\":\"https:\/\/odavprint.ee\/et\/shop\/\"},{\"@type\":\"ListItem\",\"position\":3,\"name\":\"Originaal tintide komplekt Canon GI-590 \/ GI590 (BK\/C\/M\/Y)\"}]},{\"@type\":\"WebSite\",\"@id\":\"https:\/\/odavprint.ee\/et\/#website\",\"url\":\"https:\/\/odavprint.ee\/et\/\",\"name\":\"Odav Print\",\"description\":\"Just another WordPress site\",\"publisher\":{\"@id\":\"https:\/\/odavprint.ee\/et\/#organization\"},\"alternateName\":\"Kassettide, toonerite t\u00e4itmine ja m\u00fc\u00fck.\",\"potentialAction\":[{\"@type\":\"SearchAction\",\"target\":{\"@type\":\"EntryPoint\",\"urlTemplate\":\"https:\/\/odavprint.ee\/et\/?s={search_term_string}\"},\"query-input\":\"required name=search_term_string\"}],\"inLanguage\":\"et\"},{\"@type\":[\"Organization\",\"Place\"],\"@id\":\"https:\/\/odavprint.ee\/et\/#organization\",\"name\":\"Odav Print O\u00dc\",\"url\":\"https:\/\/odavprint.ee\/et\/\",\"logo\":{\"@id\":\"https:\/\/odavprint.ee\/et\/product\/originaal-tintide-komplekt-canon-gi-590-gi590-bk-c-m-y\/#local-main-organization-logo\"},\"image\":{\"@id\":\"https:\/\/odavprint.ee\/et\/product\/originaal-tintide-komplekt-canon-gi-590-gi590-bk-c-m-y\/#local-main-organization-logo\"},\"address\":{\"@id\":\"https:\/\/odavprint.ee\/et\/product\/originaal-tintide-komplekt-canon-gi-590-gi590-bk-c-m-y\/#local-main-place-address\"},\"geo\":{\"@type\":\"GeoCoordinates\",\"latitude\":\"59.4306504\",\"longitude\":\"24.8095743\"},\"telephone\":[\"53836926\"],\"openingHoursSpecification\":[{\"@type\":\"OpeningHoursSpecification\",\"dayOfWeek\":[\"Monday\",\"Tuesday\",\"Wednesday\",\"Thursday\",\"Friday\",\"Saturday\",\"Sunday\"],\"opens\":\"09:00\",\"closes\":\"17:00\"}],\"email\":\"info@odavprint.eu\"},{\"@type\":\"PostalAddress\",\"@id\":\"https:\/\/odavprint.ee\/et\/product\/originaal-tintide-komplekt-canon-gi-590-gi590-bk-c-m-y\/#local-main-place-address\",\"streetAddress\":\"Pae tn 28\",\"addressLocality\":\"Tallinn\",\"postalCode\":\"11415\",\"addressRegion\":\"Harjumaa\",\"addressCountry\":\"EE\"},{\"@type\":\"ImageObject\",\"inLanguage\":\"et\",\"@id\":\"https:\/\/odavprint.ee\/et\/product\/originaal-tintide-komplekt-canon-gi-590-gi590-bk-c-m-y\/#local-main-organization-logo\",\"url\":\"https:\/\/odavprint.ee\/wp-content\/uploads\/2018\/10\/odavprint-logo-240.jpg\",\"contentUrl\":\"https:\/\/odavprint.ee\/wp-content\/uploads\/2018\/10\/odavprint-logo-240.jpg\",\"width\":240,\"height\":36,\"caption\":\"Odav Print O\u00dc\"}]}<\/script>\n<meta property=\"product:price:amount\" content=\"66.00\" \/>\n<meta property=\"product:price:currency\" content=\"EUR\" \/>\n<meta property=\"og:availability\" content=\"instock\" \/>\n<meta property=\"product:availability\" content=\"instock\" \/>\n<meta property=\"product:condition\" content=\"new\" \/>\n<meta name=\"geo.placename\" content=\"Tallinn\" \/>\n<meta name=\"geo.position\" content=\"59.4306504;24.8095743\" \/>\n<meta name=\"geo.region\" content=\"Estonia\" \/>\n<!-- \/ Yoast SEO Premium plugin. -->","yoast_head_json":{"title":"Originaal tintide komplekt Canon GI-590 \/ GI590 (BK\/C\/M\/Y), hea hinnaga, osta e-pood - Odav Print","description":"Osta Originaal tintide komplekt Canon GI-590 \/ GI590 (BK\/C\/M\/Y) Odav Print \u260e +372 5911 9495 \u2714\ufe0f Parim hind Originaal tintide komplekt Canon GI-590 \/ GI590 (BK\/C\/M\/Y) jaoks \u26df Kiire kohaletoimetamine Eestis \u2b50 Garanteeritud","robots":{"index":"index","follow":"follow","max-snippet":"max-snippet:-1","max-image-preview":"max-image-preview:large","max-video-preview":"max-video-preview:-1"},"canonical":"https:\/\/odavprint.ee\/et\/product\/originaal-tintide-komplekt-canon-gi-590-gi590-bk-c-m-y\/","og_locale":"et_EE","og_type":"article","og_title":"Originaal tintide komplekt Canon GI-590 \/ GI590 (BK\/C\/M\/Y)","og_description":"Osta Originaal tintide komplekt Canon GI-590 \/ GI590 (BK\/C\/M\/Y) Odav Print \u260e +372 5911 9495 \u2714\ufe0f Parim hind Originaal tintide komplekt Canon GI-590 \/ GI590 (BK\/C\/M\/Y) jaoks \u26df Kiire kohaletoimetamine Eestis \u2b50 Garanteeritud","og_url":"https:\/\/odavprint.ee\/et\/product\/originaal-tintide-komplekt-canon-gi-590-gi590-bk-c-m-y\/","og_site_name":"Odav Print","article_modified_time":"2025-09-11T09:22:46+00:00","og_image":[{"width":450,"height":450,"url":"https:\/\/odavprint.ee\/wp-content\/uploads\/2025\/09\/set-oem.jpg","type":"image\/jpeg"}],"twitter_card":"summary_large_image","twitter_misc":{"Price":"&euro;66.00","Availability":"In stock"},"schema":{"@context":"https:\/\/schema.org","@graph":[{"@type":["WebPage","ItemPage"],"@id":"https:\/\/odavprint.ee\/et\/product\/originaal-tintide-komplekt-canon-gi-590-gi590-bk-c-m-y\/","url":"https:\/\/odavprint.ee\/et\/product\/originaal-tintide-komplekt-canon-gi-590-gi590-bk-c-m-y\/","name":"Originaal tintide komplekt Canon GI-590 \/ GI590 (BK\/C\/M\/Y), hea hinnaga, osta e-pood - Odav Print","isPartOf":{"@id":"https:\/\/odavprint.ee\/et\/#website"},"primaryImageOfPage":{"@id":"https:\/\/odavprint.ee\/et\/product\/originaal-tintide-komplekt-canon-gi-590-gi590-bk-c-m-y\/#primaryimage"},"image":{"@id":"https:\/\/odavprint.ee\/et\/product\/originaal-tintide-komplekt-canon-gi-590-gi590-bk-c-m-y\/#primaryimage"},"thumbnailUrl":"https:\/\/odavprint.ee\/wp-content\/uploads\/2025\/09\/set-oem.jpg","datePublished":"2025-09-11T09:22:43+00:00","dateModified":"2025-09-11T09:22:46+00:00","description":"Osta Originaal tintide komplekt Canon GI-590 \/ GI590 (BK\/C\/M\/Y) Odav Print \u260e +372 5911 9495 \u2714\ufe0f Parim hind Originaal tintide komplekt Canon GI-590 \/ GI590 (BK\/C\/M\/Y) jaoks \u26df Kiire kohaletoimetamine Eestis \u2b50 Garanteeritud","breadcrumb":{"@id":"https:\/\/odavprint.ee\/et\/product\/originaal-tintide-komplekt-canon-gi-590-gi590-bk-c-m-y\/#breadcrumb"},"inLanguage":"et","potentialAction":[{"@type":"ReadAction","target":["https:\/\/odavprint.ee\/et\/product\/originaal-tintide-komplekt-canon-gi-590-gi590-bk-c-m-y\/"]}]},{"@type":"ImageObject","inLanguage":"et","@id":"https:\/\/odavprint.ee\/et\/product\/originaal-tintide-komplekt-canon-gi-590-gi590-bk-c-m-y\/#primaryimage","url":"https:\/\/odavprint.ee\/wp-content\/uploads\/2025\/09\/set-oem.jpg","contentUrl":"https:\/\/odavprint.ee\/wp-content\/uploads\/2025\/09\/set-oem.jpg","width":450,"height":450},{"@type":"BreadcrumbList","@id":"https:\/\/odavprint.ee\/et\/product\/originaal-tintide-komplekt-canon-gi-590-gi590-bk-c-m-y\/#breadcrumb","itemListElement":[{"@type":"ListItem","position":1,"name":"Home","item":"https:\/\/odavprint.ee\/et\/esileht\/"},{"@type":"ListItem","position":2,"name":"E-pood","item":"https:\/\/odavprint.ee\/et\/shop\/"},{"@type":"ListItem","position":3,"name":"Originaal tintide komplekt Canon GI-590 \/ GI590 (BK\/C\/M\/Y)"}]},{"@type":"WebSite","@id":"https:\/\/odavprint.ee\/et\/#website","url":"https:\/\/odavprint.ee\/et\/","name":"Odav Print","description":"Just another WordPress site","publisher":{"@id":"https:\/\/odavprint.ee\/et\/#organization"},"alternateName":"Kassettide, toonerite t\u00e4itmine ja m\u00fc\u00fck.","potentialAction":[{"@type":"SearchAction","target":{"@type":"EntryPoint","urlTemplate":"https:\/\/odavprint.ee\/et\/?s={search_term_string}"},"query-input":"required name=search_term_string"}],"inLanguage":"et"},{"@type":["Organization","Place"],"@id":"https:\/\/odavprint.ee\/et\/#organization","name":"Odav Print O\u00dc","url":"https:\/\/odavprint.ee\/et\/","logo":{"@id":"https:\/\/odavprint.ee\/et\/product\/originaal-tintide-komplekt-canon-gi-590-gi590-bk-c-m-y\/#local-main-organization-logo"},"image":{"@id":"https:\/\/odavprint.ee\/et\/product\/originaal-tintide-komplekt-canon-gi-590-gi590-bk-c-m-y\/#local-main-organization-logo"},"address":{"@id":"https:\/\/odavprint.ee\/et\/product\/originaal-tintide-komplekt-canon-gi-590-gi590-bk-c-m-y\/#local-main-place-address"},"geo":{"@type":"GeoCoordinates","latitude":"59.4306504","longitude":"24.8095743"},"telephone":["53836926"],"openingHoursSpecification":[{"@type":"OpeningHoursSpecification","dayOfWeek":["Monday","Tuesday","Wednesday","Thursday","Friday","Saturday","Sunday"],"opens":"09:00","closes":"17:00"}],"email":"info@odavprint.eu"},{"@type":"PostalAddress","@id":"https:\/\/odavprint.ee\/et\/product\/originaal-tintide-komplekt-canon-gi-590-gi590-bk-c-m-y\/#local-main-place-address","streetAddress":"Pae tn 28","addressLocality":"Tallinn","postalCode":"11415","addressRegion":"Harjumaa","addressCountry":"EE"},{"@type":"ImageObject","inLanguage":"et","@id":"https:\/\/odavprint.ee\/et\/product\/originaal-tintide-komplekt-canon-gi-590-gi590-bk-c-m-y\/#local-main-organization-logo","url":"https:\/\/odavprint.ee\/wp-content\/uploads\/2018\/10\/odavprint-logo-240.jpg","contentUrl":"https:\/\/odavprint.ee\/wp-content\/uploads\/2018\/10\/odavprint-logo-240.jpg","width":240,"height":36,"caption":"Odav Print O\u00dc"}]},"product_price_amount":"66.00","product_price_currency":"EUR","og_availability":"instock","product_availability":"instock","product_condition":"new","geo.placename":"Tallinn","geo.position":{"lat":"59.4306504","long":"24.8095743"},"geo.region":"Estonia"},"_links":{"self":[{"href":"https:\/\/odavprint.ee\/et\/wp-json\/wp\/v2\/product\/212456"}],"collection":[{"href":"https:\/\/odavprint.ee\/et\/wp-json\/wp\/v2\/product"}],"about":[{"href":"https:\/\/odavprint.ee\/et\/wp-json\/wp\/v2\/types\/product"}],"wp:featuredmedia":[{"embeddable":true,"href":"https:\/\/odavprint.ee\/et\/wp-json\/wp\/v2\/media\/212457"}],"wp:attachment":[{"href":"https:\/\/odavprint.ee\/et\/wp-json\/wp\/v2\/media?parent=212456"}],"wp:term":[{"taxonomy":"product_cat","embeddable":true,"href":"https:\/\/odavprint.ee\/et\/wp-json\/wp\/v2\/product_cat?post=212456"},{"taxonomy":"product_tag","embeddable":true,"href":"https:\/\/odavprint.ee\/et\/wp-json\/wp\/v2\/product_tag?post=212456"}],"curies":[{"name":"wp","href":"https:\/\/api.w.org\/{rel}","templated":true}]}}