{"id":216398,"date":"2026-02-19T20:04:17","date_gmt":"2026-02-19T18:04:17","guid":{"rendered":"https:\/\/odavprint.ee\/?post_type=product&#038;p=216398"},"modified":"2026-03-02T18:17:18","modified_gmt":"2026-03-02T16:17:18","slug":"brother-tze-fx251-tzefx251-kleepkirjalint","status":"publish","type":"product","link":"https:\/\/odavprint.ee\/et\/product\/brother-tze-fx251-tzefx251-kleepkirjalint\/","title":{"rendered":"Brother TZe-FX251 TZeFX251 kleepkirjalint"},"content":{"rendered":"<p>For printers:<\/p>\n<ul>\n<li>Brother PT-2200<\/li>\n<li>Brother PT-2210<\/li>\n<li>Brother PT-2430PC<\/li>\n<li>Brother PT-2700<\/li>\n<li>Brother PT-2710<\/li>\n<li>Brother PT-2730<\/li>\n<li>Brother PT-2730VP<\/li>\n<li>Brother PT-3600<\/li>\n<li>Brother PT-9500PC<\/li>\n<li>Brother PT-9600<\/li>\n<li>Brother PT-9700PC<\/li>\n<li>Brother PT-9800PCN<\/li>\n<li>Brother PT-9800PCN<\/li>\n<li>Brother PT-D600<\/li>\n<li>Brother PT-D600VP<\/li>\n<li>Brother PT-D610BTVP<\/li>\n<li>Brother PT-D800W<\/li>\n<li>Brother PT-E500<\/li>\n<li>Brother PT-E550W<\/li>\n<li>Brother PT-E550WCM<\/li>\n<li>Brother PT-P700<\/li>\n<li>Brother PT-P750W<\/li>\n<li>Brother PT-P900<\/li>\n<li>Brother PT-P900W<\/li>\n<li>Brother PT-P910BT<\/li>\n<li>Brother PT-P950NW<\/li>\n<li>Brother PT9200DX<\/li>\n<li>Brother PT9400DX<\/li>\n<li>Brother RL700S<\/li>\n<li>Brother PT-1400<\/li>\n<li>Brother PT-1500<\/li>\n<li>Brother PT-1500PC<\/li>\n<li>Brother PT-1600<\/li>\n<li>Brother PT-1650<\/li>\n<li>Brother PT-2300<\/li>\n<li>Brother PT-2310<\/li>\n<li>Brother PT-2400<\/li>\n<li>Brother PT-2410<\/li>\n<li>Brother PT-2500PC<\/li>\n<li>Brother PT-2600<\/li>\n<li>Brother PT-2610<\/li>\n<li>Brother PT-30<\/li>\n<li>Brother PT-330<\/li>\n<li>Brother PT-35<\/li>\n<li>Brother PT-350<\/li>\n<li>Brother PT-3600<\/li>\n<li>Brother PT-4000<\/li>\n<li>Brother PT-520<\/li>\n<li>Brother PT-530<\/li>\n<li>Brother PT-540<\/li>\n<li>Brother PT-550<\/li>\n<li>Brother PT-580C<\/li>\n<li>Brother PT-7500<\/li>\n<li>Brother PT-7600<\/li>\n<li>Brother PT-8000<\/li>\n<li>Brother PT-9200DX<\/li>\n<li>Brother PT-9200PC<\/li>\n<li>Brother PT-9400<\/li>\n<li>Brother PT-9500PC<\/li>\n<li>Brother PT-9600<\/li>\n<li>Brother PT-E500VP<\/li>\n<li>Brother PT-E800W<\/li>\n<li>Brother PT-P750WVP<\/li>\n<li>Brother PT-PC<\/li>\n<li>Brother PT-XL<\/li>\n<\/ul>\n<p>Resurss: 24mm x 8<br \/>Color: Black on White<\/p>\n","protected":false},"excerpt":{"rendered":"<p>For printers: Brother PT-2200 Brother PT-2210 Brother PT-2430PC Brother PT-2700 Brother PT-2710 Brother PT-2730 Brother PT-2730VP Brother PT-3600 Brother PT-9500PC Brother PT-9600 Brother PT-9700PC Brother PT-9800PCN Brother PT-9800PCN Brother PT-D600 Brother PT-D600VP Brother PT-D610BTVP Brother PT-D800W Brother PT-E500 Brother PT-E550W Brother PT-E550WCM Brother PT-P700 Brother PT-P750W Brother PT-P900 Brother PT-P900W Brother PT-P910BT Brother PT-P950NW Brother [&#8230;]\n","protected":false},"featured_media":216399,"template":"","meta":{"inline_featured_image":false},"product_cat":[39148,39157,39158],"product_tag":[],"yoast_head":"<!-- This site is optimized with the Yoast SEO Premium plugin v23.0 (Yoast SEO v23.0) - https:\/\/yoast.com\/wordpress\/plugins\/seo\/ -->\n<title>Brother TZe-FX251 TZeFX251 kleepkirjalint, hea hinnaga, osta e-pood - Odav Print<\/title>\n<meta name=\"description\" content=\"Osta Brother TZe-FX251 TZeFX251 kleepkirjalint Odav Print \u260e +372 5911 9495 \u2714\ufe0f Parim hind Brother TZe-FX251 TZeFX251 kleepkirjalint jaoks \u26df Kiire kohaletoimetamine Eestis \u2b50 Garanteeritud\" \/>\n<meta name=\"robots\" content=\"index, follow, max-snippet:-1, max-image-preview:large, max-video-preview:-1\" \/>\n<link rel=\"canonical\" href=\"https:\/\/odavprint.ee\/et\/product\/brother-tze-fx251-tzefx251-kleepkirjalint\/\" \/>\n<meta property=\"og:locale\" content=\"et_EE\" \/>\n<meta property=\"og:type\" content=\"article\" \/>\n<meta property=\"og:title\" content=\"Brother TZe-FX251 TZeFX251 kleepkirjalint\" \/>\n<meta property=\"og:description\" content=\"Osta Brother TZe-FX251 TZeFX251 kleepkirjalint Odav Print \u260e +372 5911 9495 \u2714\ufe0f Parim hind Brother TZe-FX251 TZeFX251 kleepkirjalint jaoks \u26df Kiire kohaletoimetamine Eestis \u2b50 Garanteeritud\" \/>\n<meta property=\"og:url\" content=\"https:\/\/odavprint.ee\/et\/product\/brother-tze-fx251-tzefx251-kleepkirjalint\/\" \/>\n<meta property=\"og:site_name\" content=\"Odav Print\" \/>\n<meta property=\"article:modified_time\" content=\"2026-03-02T16:17:18+00:00\" \/>\n<meta name=\"twitter:card\" content=\"summary_large_image\" \/>\n<meta name=\"twitter:label1\" content=\"Price\" \/>\n\t<meta name=\"twitter:data1\" content=\"&euro;23.94\" \/>\n\t<meta name=\"twitter:label2\" content=\"Availability\" \/>\n\t<meta name=\"twitter:data2\" content=\"In stock\" \/>\n<script type=\"application\/ld+json\" class=\"yoast-schema-graph\">{\"@context\":\"https:\/\/schema.org\",\"@graph\":[{\"@type\":[\"WebPage\",\"ItemPage\"],\"@id\":\"https:\/\/odavprint.ee\/et\/product\/brother-tze-fx251-tzefx251-kleepkirjalint\/\",\"url\":\"https:\/\/odavprint.ee\/et\/product\/brother-tze-fx251-tzefx251-kleepkirjalint\/\",\"name\":\"Brother TZe-FX251 TZeFX251 kleepkirjalint, hea hinnaga, osta e-pood - Odav Print\",\"isPartOf\":{\"@id\":\"https:\/\/odavprint.ee\/et\/#website\"},\"primaryImageOfPage\":{\"@id\":\"https:\/\/odavprint.ee\/et\/product\/brother-tze-fx251-tzefx251-kleepkirjalint\/#primaryimage\"},\"image\":{\"@id\":\"https:\/\/odavprint.ee\/et\/product\/brother-tze-fx251-tzefx251-kleepkirjalint\/#primaryimage\"},\"thumbnailUrl\":\"https:\/\/odavprint.ee\/wp-content\/uploads\/2026\/02\/brother-tze-fx251-tzefx251-label-tape.jpg\",\"datePublished\":\"2026-02-19T18:04:17+00:00\",\"dateModified\":\"2026-03-02T16:17:18+00:00\",\"description\":\"Osta Brother TZe-FX251 TZeFX251 kleepkirjalint Odav Print \u260e +372 5911 9495 \u2714\ufe0f Parim hind Brother TZe-FX251 TZeFX251 kleepkirjalint jaoks \u26df Kiire kohaletoimetamine Eestis \u2b50 Garanteeritud\",\"breadcrumb\":{\"@id\":\"https:\/\/odavprint.ee\/et\/product\/brother-tze-fx251-tzefx251-kleepkirjalint\/#breadcrumb\"},\"inLanguage\":\"et\",\"potentialAction\":[{\"@type\":\"ReadAction\",\"target\":[\"https:\/\/odavprint.ee\/et\/product\/brother-tze-fx251-tzefx251-kleepkirjalint\/\"]}]},{\"@type\":\"ImageObject\",\"inLanguage\":\"et\",\"@id\":\"https:\/\/odavprint.ee\/et\/product\/brother-tze-fx251-tzefx251-kleepkirjalint\/#primaryimage\",\"url\":\"https:\/\/odavprint.ee\/wp-content\/uploads\/2026\/02\/brother-tze-fx251-tzefx251-label-tape.jpg\",\"contentUrl\":\"https:\/\/odavprint.ee\/wp-content\/uploads\/2026\/02\/brother-tze-fx251-tzefx251-label-tape.jpg\",\"width\":365,\"height\":600},{\"@type\":\"BreadcrumbList\",\"@id\":\"https:\/\/odavprint.ee\/et\/product\/brother-tze-fx251-tzefx251-kleepkirjalint\/#breadcrumb\",\"itemListElement\":[{\"@type\":\"ListItem\",\"position\":1,\"name\":\"Home\",\"item\":\"https:\/\/odavprint.ee\/et\/esileht\/\"},{\"@type\":\"ListItem\",\"position\":2,\"name\":\"E-pood\",\"item\":\"https:\/\/odavprint.ee\/et\/shop\/\"},{\"@type\":\"ListItem\",\"position\":3,\"name\":\"Brother TZe-FX251 TZeFX251 kleepkirjalint\"}]},{\"@type\":\"WebSite\",\"@id\":\"https:\/\/odavprint.ee\/et\/#website\",\"url\":\"https:\/\/odavprint.ee\/et\/\",\"name\":\"Odav Print\",\"description\":\"Just another WordPress site\",\"publisher\":{\"@id\":\"https:\/\/odavprint.ee\/et\/#organization\"},\"alternateName\":\"Kassettide, toonerite t\u00e4itmine ja m\u00fc\u00fck.\",\"potentialAction\":[{\"@type\":\"SearchAction\",\"target\":{\"@type\":\"EntryPoint\",\"urlTemplate\":\"https:\/\/odavprint.ee\/et\/?s={search_term_string}\"},\"query-input\":\"required name=search_term_string\"}],\"inLanguage\":\"et\"},{\"@type\":[\"Organization\",\"Place\"],\"@id\":\"https:\/\/odavprint.ee\/et\/#organization\",\"name\":\"Odav Print O\u00dc\",\"url\":\"https:\/\/odavprint.ee\/et\/\",\"logo\":{\"@id\":\"https:\/\/odavprint.ee\/et\/product\/brother-tze-fx251-tzefx251-kleepkirjalint\/#local-main-organization-logo\"},\"image\":{\"@id\":\"https:\/\/odavprint.ee\/et\/product\/brother-tze-fx251-tzefx251-kleepkirjalint\/#local-main-organization-logo\"},\"address\":{\"@id\":\"https:\/\/odavprint.ee\/et\/product\/brother-tze-fx251-tzefx251-kleepkirjalint\/#local-main-place-address\"},\"geo\":{\"@type\":\"GeoCoordinates\",\"latitude\":\"59.4306504\",\"longitude\":\"24.8095743\"},\"telephone\":[\"53836926\"],\"openingHoursSpecification\":[{\"@type\":\"OpeningHoursSpecification\",\"dayOfWeek\":[\"Monday\",\"Tuesday\",\"Wednesday\",\"Thursday\",\"Friday\",\"Saturday\",\"Sunday\"],\"opens\":\"09:00\",\"closes\":\"17:00\"}],\"email\":\"info@odavprint.eu\"},{\"@type\":\"PostalAddress\",\"@id\":\"https:\/\/odavprint.ee\/et\/product\/brother-tze-fx251-tzefx251-kleepkirjalint\/#local-main-place-address\",\"streetAddress\":\"Pae tn 28\",\"addressLocality\":\"Tallinn\",\"postalCode\":\"11415\",\"addressRegion\":\"Harjumaa\",\"addressCountry\":\"EE\"},{\"@type\":\"ImageObject\",\"inLanguage\":\"et\",\"@id\":\"https:\/\/odavprint.ee\/et\/product\/brother-tze-fx251-tzefx251-kleepkirjalint\/#local-main-organization-logo\",\"url\":\"https:\/\/odavprint.ee\/wp-content\/uploads\/2018\/10\/odavprint-logo-240.jpg\",\"contentUrl\":\"https:\/\/odavprint.ee\/wp-content\/uploads\/2018\/10\/odavprint-logo-240.jpg\",\"width\":240,\"height\":36,\"caption\":\"Odav Print O\u00dc\"}]}<\/script>\n<meta property=\"product:price:amount\" content=\"23.94\" \/>\n<meta property=\"product:price:currency\" content=\"EUR\" \/>\n<meta property=\"og:availability\" content=\"instock\" \/>\n<meta property=\"product:availability\" content=\"instock\" \/>\n<meta property=\"product:condition\" content=\"new\" \/>\n<meta name=\"geo.placename\" content=\"Tallinn\" \/>\n<meta name=\"geo.position\" content=\"59.4306504;24.8095743\" \/>\n<meta name=\"geo.region\" content=\"Estonia\" \/>\n<!-- \/ Yoast SEO Premium plugin. -->","yoast_head_json":{"title":"Brother TZe-FX251 TZeFX251 kleepkirjalint, hea hinnaga, osta e-pood - Odav Print","description":"Osta Brother TZe-FX251 TZeFX251 kleepkirjalint Odav Print \u260e +372 5911 9495 \u2714\ufe0f Parim hind Brother TZe-FX251 TZeFX251 kleepkirjalint jaoks \u26df Kiire kohaletoimetamine Eestis \u2b50 Garanteeritud","robots":{"index":"index","follow":"follow","max-snippet":"max-snippet:-1","max-image-preview":"max-image-preview:large","max-video-preview":"max-video-preview:-1"},"canonical":"https:\/\/odavprint.ee\/et\/product\/brother-tze-fx251-tzefx251-kleepkirjalint\/","og_locale":"et_EE","og_type":"article","og_title":"Brother TZe-FX251 TZeFX251 kleepkirjalint","og_description":"Osta Brother TZe-FX251 TZeFX251 kleepkirjalint Odav Print \u260e +372 5911 9495 \u2714\ufe0f Parim hind Brother TZe-FX251 TZeFX251 kleepkirjalint jaoks \u26df Kiire kohaletoimetamine Eestis \u2b50 Garanteeritud","og_url":"https:\/\/odavprint.ee\/et\/product\/brother-tze-fx251-tzefx251-kleepkirjalint\/","og_site_name":"Odav Print","article_modified_time":"2026-03-02T16:17:18+00:00","twitter_card":"summary_large_image","twitter_misc":{"Price":"&euro;23.94","Availability":"In stock"},"schema":{"@context":"https:\/\/schema.org","@graph":[{"@type":["WebPage","ItemPage"],"@id":"https:\/\/odavprint.ee\/et\/product\/brother-tze-fx251-tzefx251-kleepkirjalint\/","url":"https:\/\/odavprint.ee\/et\/product\/brother-tze-fx251-tzefx251-kleepkirjalint\/","name":"Brother TZe-FX251 TZeFX251 kleepkirjalint, hea hinnaga, osta e-pood - Odav Print","isPartOf":{"@id":"https:\/\/odavprint.ee\/et\/#website"},"primaryImageOfPage":{"@id":"https:\/\/odavprint.ee\/et\/product\/brother-tze-fx251-tzefx251-kleepkirjalint\/#primaryimage"},"image":{"@id":"https:\/\/odavprint.ee\/et\/product\/brother-tze-fx251-tzefx251-kleepkirjalint\/#primaryimage"},"thumbnailUrl":"https:\/\/odavprint.ee\/wp-content\/uploads\/2026\/02\/brother-tze-fx251-tzefx251-label-tape.jpg","datePublished":"2026-02-19T18:04:17+00:00","dateModified":"2026-03-02T16:17:18+00:00","description":"Osta Brother TZe-FX251 TZeFX251 kleepkirjalint Odav Print \u260e +372 5911 9495 \u2714\ufe0f Parim hind Brother TZe-FX251 TZeFX251 kleepkirjalint jaoks \u26df Kiire kohaletoimetamine Eestis \u2b50 Garanteeritud","breadcrumb":{"@id":"https:\/\/odavprint.ee\/et\/product\/brother-tze-fx251-tzefx251-kleepkirjalint\/#breadcrumb"},"inLanguage":"et","potentialAction":[{"@type":"ReadAction","target":["https:\/\/odavprint.ee\/et\/product\/brother-tze-fx251-tzefx251-kleepkirjalint\/"]}]},{"@type":"ImageObject","inLanguage":"et","@id":"https:\/\/odavprint.ee\/et\/product\/brother-tze-fx251-tzefx251-kleepkirjalint\/#primaryimage","url":"https:\/\/odavprint.ee\/wp-content\/uploads\/2026\/02\/brother-tze-fx251-tzefx251-label-tape.jpg","contentUrl":"https:\/\/odavprint.ee\/wp-content\/uploads\/2026\/02\/brother-tze-fx251-tzefx251-label-tape.jpg","width":365,"height":600},{"@type":"BreadcrumbList","@id":"https:\/\/odavprint.ee\/et\/product\/brother-tze-fx251-tzefx251-kleepkirjalint\/#breadcrumb","itemListElement":[{"@type":"ListItem","position":1,"name":"Home","item":"https:\/\/odavprint.ee\/et\/esileht\/"},{"@type":"ListItem","position":2,"name":"E-pood","item":"https:\/\/odavprint.ee\/et\/shop\/"},{"@type":"ListItem","position":3,"name":"Brother TZe-FX251 TZeFX251 kleepkirjalint"}]},{"@type":"WebSite","@id":"https:\/\/odavprint.ee\/et\/#website","url":"https:\/\/odavprint.ee\/et\/","name":"Odav Print","description":"Just another WordPress site","publisher":{"@id":"https:\/\/odavprint.ee\/et\/#organization"},"alternateName":"Kassettide, toonerite t\u00e4itmine ja m\u00fc\u00fck.","potentialAction":[{"@type":"SearchAction","target":{"@type":"EntryPoint","urlTemplate":"https:\/\/odavprint.ee\/et\/?s={search_term_string}"},"query-input":"required name=search_term_string"}],"inLanguage":"et"},{"@type":["Organization","Place"],"@id":"https:\/\/odavprint.ee\/et\/#organization","name":"Odav Print O\u00dc","url":"https:\/\/odavprint.ee\/et\/","logo":{"@id":"https:\/\/odavprint.ee\/et\/product\/brother-tze-fx251-tzefx251-kleepkirjalint\/#local-main-organization-logo"},"image":{"@id":"https:\/\/odavprint.ee\/et\/product\/brother-tze-fx251-tzefx251-kleepkirjalint\/#local-main-organization-logo"},"address":{"@id":"https:\/\/odavprint.ee\/et\/product\/brother-tze-fx251-tzefx251-kleepkirjalint\/#local-main-place-address"},"geo":{"@type":"GeoCoordinates","latitude":"59.4306504","longitude":"24.8095743"},"telephone":["53836926"],"openingHoursSpecification":[{"@type":"OpeningHoursSpecification","dayOfWeek":["Monday","Tuesday","Wednesday","Thursday","Friday","Saturday","Sunday"],"opens":"09:00","closes":"17:00"}],"email":"info@odavprint.eu"},{"@type":"PostalAddress","@id":"https:\/\/odavprint.ee\/et\/product\/brother-tze-fx251-tzefx251-kleepkirjalint\/#local-main-place-address","streetAddress":"Pae tn 28","addressLocality":"Tallinn","postalCode":"11415","addressRegion":"Harjumaa","addressCountry":"EE"},{"@type":"ImageObject","inLanguage":"et","@id":"https:\/\/odavprint.ee\/et\/product\/brother-tze-fx251-tzefx251-kleepkirjalint\/#local-main-organization-logo","url":"https:\/\/odavprint.ee\/wp-content\/uploads\/2018\/10\/odavprint-logo-240.jpg","contentUrl":"https:\/\/odavprint.ee\/wp-content\/uploads\/2018\/10\/odavprint-logo-240.jpg","width":240,"height":36,"caption":"Odav Print O\u00dc"}]},"product_price_amount":"23.94","product_price_currency":"EUR","og_availability":"instock","product_availability":"instock","product_condition":"new","geo.placename":"Tallinn","geo.position":{"lat":"59.4306504","long":"24.8095743"},"geo.region":"Estonia"},"_links":{"self":[{"href":"https:\/\/odavprint.ee\/et\/wp-json\/wp\/v2\/product\/216398"}],"collection":[{"href":"https:\/\/odavprint.ee\/et\/wp-json\/wp\/v2\/product"}],"about":[{"href":"https:\/\/odavprint.ee\/et\/wp-json\/wp\/v2\/types\/product"}],"wp:featuredmedia":[{"embeddable":true,"href":"https:\/\/odavprint.ee\/et\/wp-json\/wp\/v2\/media\/216399"}],"wp:attachment":[{"href":"https:\/\/odavprint.ee\/et\/wp-json\/wp\/v2\/media?parent=216398"}],"wp:term":[{"taxonomy":"product_cat","embeddable":true,"href":"https:\/\/odavprint.ee\/et\/wp-json\/wp\/v2\/product_cat?post=216398"},{"taxonomy":"product_tag","embeddable":true,"href":"https:\/\/odavprint.ee\/et\/wp-json\/wp\/v2\/product_tag?post=216398"}],"curies":[{"name":"wp","href":"https:\/\/api.w.org\/{rel}","templated":true}]}}