{"id":216927,"date":"2026-02-19T21:22:22","date_gmt":"2026-02-19T19:22:22","guid":{"rendered":"https:\/\/odavprint.ee\/?post_type=product&#038;p=216927"},"modified":"2026-04-24T04:53:02","modified_gmt":"2026-04-24T01:53:02","slug":"rull-kassaaparaadile-80mm-x-80mm-x-12mm-75-meetrit-komplekt-10-tk","status":"publish","type":"product","link":"https:\/\/odavprint.ee\/et\/product\/rull-kassaaparaadile-80mm-x-80mm-x-12mm-75-meetrit-komplekt-10-tk\/","title":{"rendered":"Rull kassaaparaadile 80mm x 80mm x 12mm 75 meetrit, komplekt 10 tk"},"content":{"rendered":"<p><strong>Printeritele:<\/strong><\/p>\n<p>Epson TM-T20II, Epson TM-T70, Metapace T-1, Metapace T-2, Metapace T-25, Metapace T-3, Metapace T-4, Sam4s, Unitouch, Axiohm 7167, Axiohm 7197, Axiohm A 630, Axiohm A 715, Axiohm A 716, Axiohm A 756, Axiohm A 758, Axiohm A 793, Axiohm A 794, Axiohm APOS Series, Axiohm ASTRIUM, Axiohm AX 7156, Axiohm AX 7193, Axiohm TE-LESTO NCR 2170 Thermo, Casio V-R200 , Casio V-R100, Citizen IDP-3221, Citizen PHU-131, Citizen PHU-331, Citizen PPU-231, Citizen PPU-700, Epson TM-H5000, Epson TM-H6000, Epson TM-L90, Epson TM-P60 , Epson TM-T5000, Epson TM-T80, Epson TM-T85, Epson TM-T88, Epson TM-T88II, Epson TM-T88III, Epson TM-T88IV, Epson TM-T88V, Epson TM-T90, Samsung SRP-300 , Samsung SRP-350, Star NCR7167, Star SCP-700 Series, Star SM-S220i, Star TSP-100 Series, Star TSP-1000 Series, Star TSP-200-24 Series, Star TSP-400 Series, Star TSP-400 Z, Star TSP-600 Series,Star TSP-700 Series, Star TSP-800 Series<\/p>\n<p><strong>M\u00f5\u00f5tmed:\u00a0<\/strong><strong>80<\/strong><strong>mm\u00a0<\/strong><strong>x 80<\/strong><strong>mm x 75m<\/strong><strong>, s\u00fcdamik &#8211; 12mm<\/strong><\/p>\n<p><strong>V\u00e4rv: valge<\/strong><\/p>\n","protected":false},"excerpt":{"rendered":"<p>Printeritele: Epson TM-T20II, Epson TM-T70, Metapace T-1, Metapace T-2, Metapace T-25, Metapace T-3, Metapace T-4, Sam4s, Unitouch, Axiohm 7167, Axiohm 7197, Axiohm A 630, Axiohm A 715, Axiohm A 716, Axiohm A 756, Axiohm A 758, Axiohm A 793, Axiohm A 794, Axiohm APOS Series, Axiohm ASTRIUM, Axiohm AX 7156, Axiohm AX 7193, Axiohm TE-LESTO [&#8230;]\n","protected":false},"featured_media":216928,"template":"","meta":{"inline_featured_image":false},"product_cat":[39148,39167],"product_tag":[],"yoast_head":"<!-- This site is optimized with the Yoast SEO Premium plugin v23.0 (Yoast SEO v23.0) - https:\/\/yoast.com\/wordpress\/plugins\/seo\/ -->\n<title>Rull kassaaparaadile 80mm x 80mm x 12mm 75 meetrit, komplekt 10 tk, hea hinnaga, osta e-pood - Odav Print<\/title>\n<meta name=\"description\" content=\"Osta Rull kassaaparaadile 80mm x 80mm x 12mm 75 meetrit, komplekt 10 tk Odav Print \u260e +372 5911 9495 \u2714\ufe0f Parim hind Rull kassaaparaadile 80mm x 80mm x 12mm 75 meetrit, komplekt 10 tk jaoks \u26df Kiire kohaletoimetamine Eestis \u2b50 Garanteeritud\" \/>\n<meta name=\"robots\" content=\"index, follow, max-snippet:-1, max-image-preview:large, max-video-preview:-1\" \/>\n<link rel=\"canonical\" href=\"https:\/\/odavprint.ee\/et\/product\/rull-kassaaparaadile-80mm-x-80mm-x-12mm-75-meetrit-komplekt-10-tk\/\" \/>\n<meta property=\"og:locale\" content=\"et_EE\" \/>\n<meta property=\"og:type\" content=\"article\" \/>\n<meta property=\"og:title\" content=\"Rull kassaaparaadile 80mm x 80mm x 12mm 75 meetrit, komplekt 10 tk\" \/>\n<meta property=\"og:description\" content=\"Osta Rull kassaaparaadile 80mm x 80mm x 12mm 75 meetrit, komplekt 10 tk Odav Print \u260e +372 5911 9495 \u2714\ufe0f Parim hind Rull kassaaparaadile 80mm x 80mm x 12mm 75 meetrit, komplekt 10 tk jaoks \u26df Kiire kohaletoimetamine Eestis \u2b50 Garanteeritud\" \/>\n<meta property=\"og:url\" content=\"https:\/\/odavprint.ee\/et\/product\/rull-kassaaparaadile-80mm-x-80mm-x-12mm-75-meetrit-komplekt-10-tk\/\" \/>\n<meta property=\"og:site_name\" content=\"Odav Print\" \/>\n<meta property=\"article:modified_time\" content=\"2026-04-24T01:53:02+00:00\" \/>\n<meta name=\"twitter:card\" content=\"summary_large_image\" \/>\n<meta name=\"twitter:label1\" content=\"Price\" \/>\n\t<meta name=\"twitter:data1\" content=\"&euro;16.85\" \/>\n\t<meta name=\"twitter:label2\" content=\"Availability\" \/>\n\t<meta name=\"twitter:data2\" content=\"In stock\" \/>\n<script type=\"application\/ld+json\" class=\"yoast-schema-graph\">{\"@context\":\"https:\/\/schema.org\",\"@graph\":[{\"@type\":[\"WebPage\",\"ItemPage\"],\"@id\":\"https:\/\/odavprint.ee\/et\/product\/rull-kassaaparaadile-80mm-x-80mm-x-12mm-75-meetrit-komplekt-10-tk\/\",\"url\":\"https:\/\/odavprint.ee\/et\/product\/rull-kassaaparaadile-80mm-x-80mm-x-12mm-75-meetrit-komplekt-10-tk\/\",\"name\":\"Rull kassaaparaadile 80mm x 80mm x 12mm 75 meetrit, komplekt 10 tk, hea hinnaga, osta e-pood - Odav Print\",\"isPartOf\":{\"@id\":\"https:\/\/odavprint.ee\/et\/#website\"},\"primaryImageOfPage\":{\"@id\":\"https:\/\/odavprint.ee\/et\/product\/rull-kassaaparaadile-80mm-x-80mm-x-12mm-75-meetrit-komplekt-10-tk\/#primaryimage\"},\"image\":{\"@id\":\"https:\/\/odavprint.ee\/et\/product\/rull-kassaaparaadile-80mm-x-80mm-x-12mm-75-meetrit-komplekt-10-tk\/#primaryimage\"},\"thumbnailUrl\":\"https:\/\/odavprint.ee\/wp-content\/uploads\/2026\/02\/cash-register-roll-80mm-x-80mm-x-12mm-75-meters-set-10-pcs.jpg\",\"datePublished\":\"2026-02-19T19:22:22+00:00\",\"dateModified\":\"2026-04-24T01:53:02+00:00\",\"description\":\"Osta Rull kassaaparaadile 80mm x 80mm x 12mm 75 meetrit, komplekt 10 tk Odav Print \u260e +372 5911 9495 \u2714\ufe0f Parim hind Rull kassaaparaadile 80mm x 80mm x 12mm 75 meetrit, komplekt 10 tk jaoks \u26df Kiire kohaletoimetamine Eestis \u2b50 Garanteeritud\",\"breadcrumb\":{\"@id\":\"https:\/\/odavprint.ee\/et\/product\/rull-kassaaparaadile-80mm-x-80mm-x-12mm-75-meetrit-komplekt-10-tk\/#breadcrumb\"},\"inLanguage\":\"et\",\"potentialAction\":[{\"@type\":\"ReadAction\",\"target\":[\"https:\/\/odavprint.ee\/et\/product\/rull-kassaaparaadile-80mm-x-80mm-x-12mm-75-meetrit-komplekt-10-tk\/\"]}]},{\"@type\":\"ImageObject\",\"inLanguage\":\"et\",\"@id\":\"https:\/\/odavprint.ee\/et\/product\/rull-kassaaparaadile-80mm-x-80mm-x-12mm-75-meetrit-komplekt-10-tk\/#primaryimage\",\"url\":\"https:\/\/odavprint.ee\/wp-content\/uploads\/2026\/02\/cash-register-roll-80mm-x-80mm-x-12mm-75-meters-set-10-pcs.jpg\",\"contentUrl\":\"https:\/\/odavprint.ee\/wp-content\/uploads\/2026\/02\/cash-register-roll-80mm-x-80mm-x-12mm-75-meters-set-10-pcs.jpg\",\"width\":2500,\"height\":2500},{\"@type\":\"BreadcrumbList\",\"@id\":\"https:\/\/odavprint.ee\/et\/product\/rull-kassaaparaadile-80mm-x-80mm-x-12mm-75-meetrit-komplekt-10-tk\/#breadcrumb\",\"itemListElement\":[{\"@type\":\"ListItem\",\"position\":1,\"name\":\"Home\",\"item\":\"https:\/\/odavprint.ee\/et\/esileht\/\"},{\"@type\":\"ListItem\",\"position\":2,\"name\":\"E-pood\",\"item\":\"https:\/\/odavprint.ee\/et\/shop\/\"},{\"@type\":\"ListItem\",\"position\":3,\"name\":\"Rull kassaaparaadile 80mm x 80mm x 12mm 75 meetrit, komplekt 10 tk\"}]},{\"@type\":\"WebSite\",\"@id\":\"https:\/\/odavprint.ee\/et\/#website\",\"url\":\"https:\/\/odavprint.ee\/et\/\",\"name\":\"Odav Print\",\"description\":\"Just another WordPress site\",\"publisher\":{\"@id\":\"https:\/\/odavprint.ee\/et\/#organization\"},\"alternateName\":\"Kassettide, toonerite t\u00e4itmine ja m\u00fc\u00fck.\",\"potentialAction\":[{\"@type\":\"SearchAction\",\"target\":{\"@type\":\"EntryPoint\",\"urlTemplate\":\"https:\/\/odavprint.ee\/et\/?s={search_term_string}\"},\"query-input\":\"required name=search_term_string\"}],\"inLanguage\":\"et\"},{\"@type\":[\"Organization\",\"Place\"],\"@id\":\"https:\/\/odavprint.ee\/et\/#organization\",\"name\":\"Odav Print O\u00dc\",\"url\":\"https:\/\/odavprint.ee\/et\/\",\"logo\":{\"@id\":\"https:\/\/odavprint.ee\/et\/product\/rull-kassaaparaadile-80mm-x-80mm-x-12mm-75-meetrit-komplekt-10-tk\/#local-main-organization-logo\"},\"image\":{\"@id\":\"https:\/\/odavprint.ee\/et\/product\/rull-kassaaparaadile-80mm-x-80mm-x-12mm-75-meetrit-komplekt-10-tk\/#local-main-organization-logo\"},\"address\":{\"@id\":\"https:\/\/odavprint.ee\/et\/product\/rull-kassaaparaadile-80mm-x-80mm-x-12mm-75-meetrit-komplekt-10-tk\/#local-main-place-address\"},\"geo\":{\"@type\":\"GeoCoordinates\",\"latitude\":\"59.4306504\",\"longitude\":\"24.8095743\"},\"telephone\":[\"53836926\"],\"openingHoursSpecification\":[{\"@type\":\"OpeningHoursSpecification\",\"dayOfWeek\":[\"Monday\",\"Tuesday\",\"Wednesday\",\"Thursday\",\"Friday\",\"Saturday\",\"Sunday\"],\"opens\":\"09:00\",\"closes\":\"17:00\"}],\"email\":\"info@odavprint.eu\"},{\"@type\":\"PostalAddress\",\"@id\":\"https:\/\/odavprint.ee\/et\/product\/rull-kassaaparaadile-80mm-x-80mm-x-12mm-75-meetrit-komplekt-10-tk\/#local-main-place-address\",\"streetAddress\":\"Pae tn 28\",\"addressLocality\":\"Tallinn\",\"postalCode\":\"11415\",\"addressRegion\":\"Harjumaa\",\"addressCountry\":\"EE\"},{\"@type\":\"ImageObject\",\"inLanguage\":\"et\",\"@id\":\"https:\/\/odavprint.ee\/et\/product\/rull-kassaaparaadile-80mm-x-80mm-x-12mm-75-meetrit-komplekt-10-tk\/#local-main-organization-logo\",\"url\":\"https:\/\/odavprint.ee\/wp-content\/uploads\/2018\/10\/odavprint-logo-240.jpg\",\"contentUrl\":\"https:\/\/odavprint.ee\/wp-content\/uploads\/2018\/10\/odavprint-logo-240.jpg\",\"width\":240,\"height\":36,\"caption\":\"Odav Print O\u00dc\"}]}<\/script>\n<meta property=\"product:price:amount\" content=\"16.85\" \/>\n<meta property=\"product:price:currency\" content=\"EUR\" \/>\n<meta property=\"og:availability\" content=\"instock\" \/>\n<meta property=\"product:availability\" content=\"instock\" \/>\n<meta property=\"product:condition\" content=\"new\" \/>\n<meta name=\"geo.placename\" content=\"Tallinn\" \/>\n<meta name=\"geo.position\" content=\"59.4306504;24.8095743\" \/>\n<meta name=\"geo.region\" content=\"Estonia\" \/>\n<!-- \/ Yoast SEO Premium plugin. -->","yoast_head_json":{"title":"Rull kassaaparaadile 80mm x 80mm x 12mm 75 meetrit, komplekt 10 tk, hea hinnaga, osta e-pood - Odav Print","description":"Osta Rull kassaaparaadile 80mm x 80mm x 12mm 75 meetrit, komplekt 10 tk Odav Print \u260e +372 5911 9495 \u2714\ufe0f Parim hind Rull kassaaparaadile 80mm x 80mm x 12mm 75 meetrit, komplekt 10 tk jaoks \u26df Kiire kohaletoimetamine Eestis \u2b50 Garanteeritud","robots":{"index":"index","follow":"follow","max-snippet":"max-snippet:-1","max-image-preview":"max-image-preview:large","max-video-preview":"max-video-preview:-1"},"canonical":"https:\/\/odavprint.ee\/et\/product\/rull-kassaaparaadile-80mm-x-80mm-x-12mm-75-meetrit-komplekt-10-tk\/","og_locale":"et_EE","og_type":"article","og_title":"Rull kassaaparaadile 80mm x 80mm x 12mm 75 meetrit, komplekt 10 tk","og_description":"Osta Rull kassaaparaadile 80mm x 80mm x 12mm 75 meetrit, komplekt 10 tk Odav Print \u260e +372 5911 9495 \u2714\ufe0f Parim hind Rull kassaaparaadile 80mm x 80mm x 12mm 75 meetrit, komplekt 10 tk jaoks \u26df Kiire kohaletoimetamine Eestis \u2b50 Garanteeritud","og_url":"https:\/\/odavprint.ee\/et\/product\/rull-kassaaparaadile-80mm-x-80mm-x-12mm-75-meetrit-komplekt-10-tk\/","og_site_name":"Odav Print","article_modified_time":"2026-04-24T01:53:02+00:00","twitter_card":"summary_large_image","twitter_misc":{"Price":"&euro;16.85","Availability":"In stock"},"schema":{"@context":"https:\/\/schema.org","@graph":[{"@type":["WebPage","ItemPage"],"@id":"https:\/\/odavprint.ee\/et\/product\/rull-kassaaparaadile-80mm-x-80mm-x-12mm-75-meetrit-komplekt-10-tk\/","url":"https:\/\/odavprint.ee\/et\/product\/rull-kassaaparaadile-80mm-x-80mm-x-12mm-75-meetrit-komplekt-10-tk\/","name":"Rull kassaaparaadile 80mm x 80mm x 12mm 75 meetrit, komplekt 10 tk, hea hinnaga, osta e-pood - Odav Print","isPartOf":{"@id":"https:\/\/odavprint.ee\/et\/#website"},"primaryImageOfPage":{"@id":"https:\/\/odavprint.ee\/et\/product\/rull-kassaaparaadile-80mm-x-80mm-x-12mm-75-meetrit-komplekt-10-tk\/#primaryimage"},"image":{"@id":"https:\/\/odavprint.ee\/et\/product\/rull-kassaaparaadile-80mm-x-80mm-x-12mm-75-meetrit-komplekt-10-tk\/#primaryimage"},"thumbnailUrl":"https:\/\/odavprint.ee\/wp-content\/uploads\/2026\/02\/cash-register-roll-80mm-x-80mm-x-12mm-75-meters-set-10-pcs.jpg","datePublished":"2026-02-19T19:22:22+00:00","dateModified":"2026-04-24T01:53:02+00:00","description":"Osta Rull kassaaparaadile 80mm x 80mm x 12mm 75 meetrit, komplekt 10 tk Odav Print \u260e +372 5911 9495 \u2714\ufe0f Parim hind Rull kassaaparaadile 80mm x 80mm x 12mm 75 meetrit, komplekt 10 tk jaoks \u26df Kiire kohaletoimetamine Eestis \u2b50 Garanteeritud","breadcrumb":{"@id":"https:\/\/odavprint.ee\/et\/product\/rull-kassaaparaadile-80mm-x-80mm-x-12mm-75-meetrit-komplekt-10-tk\/#breadcrumb"},"inLanguage":"et","potentialAction":[{"@type":"ReadAction","target":["https:\/\/odavprint.ee\/et\/product\/rull-kassaaparaadile-80mm-x-80mm-x-12mm-75-meetrit-komplekt-10-tk\/"]}]},{"@type":"ImageObject","inLanguage":"et","@id":"https:\/\/odavprint.ee\/et\/product\/rull-kassaaparaadile-80mm-x-80mm-x-12mm-75-meetrit-komplekt-10-tk\/#primaryimage","url":"https:\/\/odavprint.ee\/wp-content\/uploads\/2026\/02\/cash-register-roll-80mm-x-80mm-x-12mm-75-meters-set-10-pcs.jpg","contentUrl":"https:\/\/odavprint.ee\/wp-content\/uploads\/2026\/02\/cash-register-roll-80mm-x-80mm-x-12mm-75-meters-set-10-pcs.jpg","width":2500,"height":2500},{"@type":"BreadcrumbList","@id":"https:\/\/odavprint.ee\/et\/product\/rull-kassaaparaadile-80mm-x-80mm-x-12mm-75-meetrit-komplekt-10-tk\/#breadcrumb","itemListElement":[{"@type":"ListItem","position":1,"name":"Home","item":"https:\/\/odavprint.ee\/et\/esileht\/"},{"@type":"ListItem","position":2,"name":"E-pood","item":"https:\/\/odavprint.ee\/et\/shop\/"},{"@type":"ListItem","position":3,"name":"Rull kassaaparaadile 80mm x 80mm x 12mm 75 meetrit, komplekt 10 tk"}]},{"@type":"WebSite","@id":"https:\/\/odavprint.ee\/et\/#website","url":"https:\/\/odavprint.ee\/et\/","name":"Odav Print","description":"Just another WordPress site","publisher":{"@id":"https:\/\/odavprint.ee\/et\/#organization"},"alternateName":"Kassettide, toonerite t\u00e4itmine ja m\u00fc\u00fck.","potentialAction":[{"@type":"SearchAction","target":{"@type":"EntryPoint","urlTemplate":"https:\/\/odavprint.ee\/et\/?s={search_term_string}"},"query-input":"required name=search_term_string"}],"inLanguage":"et"},{"@type":["Organization","Place"],"@id":"https:\/\/odavprint.ee\/et\/#organization","name":"Odav Print O\u00dc","url":"https:\/\/odavprint.ee\/et\/","logo":{"@id":"https:\/\/odavprint.ee\/et\/product\/rull-kassaaparaadile-80mm-x-80mm-x-12mm-75-meetrit-komplekt-10-tk\/#local-main-organization-logo"},"image":{"@id":"https:\/\/odavprint.ee\/et\/product\/rull-kassaaparaadile-80mm-x-80mm-x-12mm-75-meetrit-komplekt-10-tk\/#local-main-organization-logo"},"address":{"@id":"https:\/\/odavprint.ee\/et\/product\/rull-kassaaparaadile-80mm-x-80mm-x-12mm-75-meetrit-komplekt-10-tk\/#local-main-place-address"},"geo":{"@type":"GeoCoordinates","latitude":"59.4306504","longitude":"24.8095743"},"telephone":["53836926"],"openingHoursSpecification":[{"@type":"OpeningHoursSpecification","dayOfWeek":["Monday","Tuesday","Wednesday","Thursday","Friday","Saturday","Sunday"],"opens":"09:00","closes":"17:00"}],"email":"info@odavprint.eu"},{"@type":"PostalAddress","@id":"https:\/\/odavprint.ee\/et\/product\/rull-kassaaparaadile-80mm-x-80mm-x-12mm-75-meetrit-komplekt-10-tk\/#local-main-place-address","streetAddress":"Pae tn 28","addressLocality":"Tallinn","postalCode":"11415","addressRegion":"Harjumaa","addressCountry":"EE"},{"@type":"ImageObject","inLanguage":"et","@id":"https:\/\/odavprint.ee\/et\/product\/rull-kassaaparaadile-80mm-x-80mm-x-12mm-75-meetrit-komplekt-10-tk\/#local-main-organization-logo","url":"https:\/\/odavprint.ee\/wp-content\/uploads\/2018\/10\/odavprint-logo-240.jpg","contentUrl":"https:\/\/odavprint.ee\/wp-content\/uploads\/2018\/10\/odavprint-logo-240.jpg","width":240,"height":36,"caption":"Odav Print O\u00dc"}]},"product_price_amount":"16.85","product_price_currency":"EUR","og_availability":"instock","product_availability":"instock","product_condition":"new","geo.placename":"Tallinn","geo.position":{"lat":"59.4306504","long":"24.8095743"},"geo.region":"Estonia"},"_links":{"self":[{"href":"https:\/\/odavprint.ee\/et\/wp-json\/wp\/v2\/product\/216927"}],"collection":[{"href":"https:\/\/odavprint.ee\/et\/wp-json\/wp\/v2\/product"}],"about":[{"href":"https:\/\/odavprint.ee\/et\/wp-json\/wp\/v2\/types\/product"}],"wp:featuredmedia":[{"embeddable":true,"href":"https:\/\/odavprint.ee\/et\/wp-json\/wp\/v2\/media\/216928"}],"wp:attachment":[{"href":"https:\/\/odavprint.ee\/et\/wp-json\/wp\/v2\/media?parent=216927"}],"wp:term":[{"taxonomy":"product_cat","embeddable":true,"href":"https:\/\/odavprint.ee\/et\/wp-json\/wp\/v2\/product_cat?post=216927"},{"taxonomy":"product_tag","embeddable":true,"href":"https:\/\/odavprint.ee\/et\/wp-json\/wp\/v2\/product_tag?post=216927"}],"curies":[{"name":"wp","href":"https:\/\/api.w.org\/{rel}","templated":true}]}}