{"id":217175,"date":"2026-02-19T21:58:35","date_gmt":"2026-02-19T19:58:35","guid":{"rendered":"https:\/\/odavprint.ee\/?post_type=product&#038;p=217175"},"modified":"2026-03-02T18:17:34","modified_gmt":"2026-03-02T16:17:34","slug":"gg-gg-td1200c-bk-usb-etiketiprinter","status":"publish","type":"product","link":"https:\/\/odavprint.ee\/et\/product\/gg-gg-td1200c-bk-usb-etiketiprinter\/","title":{"rendered":"G&#038;G GG-TD1200C-BK-USB etiketiprinter"},"content":{"rendered":"<table border=\"1\" cellpadding=\"8\" cellspacing=\"0\" style=\"border-collapse:collapse;font-family:Arial, sans-serif;font-size:14px;color:#000000;\">\n<thead>\n<tr>\n<th colspan=\"2\" style=\"background-color:#f2f2f2;\">P\u00f5hiomadused<\/th>\n<\/tr>\n<\/thead>\n<tbody>\n<tr>\n<td>Tootja<\/td>\n<td>G&amp;G<\/td>\n<\/tr>\n<tr>\n<td>Mudel<\/td>\n<td>GG-TD1200C<\/td>\n<\/tr>\n<tr>\n<td>Seadme t\u00fc\u00fcp<\/td>\n<td>Lauapealne termoprinter etikettidele<\/td>\n<\/tr>\n<tr>\n<td>Printimistehnoloogia<\/td>\n<td>Otsene termoprint \/ termosiirdeprint<\/td>\n<\/tr>\n<tr>\n<td>Maksimaalne printimislaius<\/td>\n<td>110 mm<\/td>\n<\/tr>\n<tr>\n<td>Printimisresolutsioon<\/td>\n<td>203 dpi<\/td>\n<\/tr>\n<tr>\n<td>Printimiskiirus<\/td>\n<td>2.52 mm\/sek<\/td>\n<\/tr>\n<tr>\n<td>Printimisv\u00e4rv<\/td>\n<td>Must-valge<\/td>\n<\/tr>\n<tr>\n<td>V\u00e4ljalaskekuup\u00e4ev<\/td>\n<td>3.06.2024<\/td>\n<\/tr>\n<\/tbody>\n<tbody>\n<tr>\n<th colspan=\"2\" style=\"background-color:#f2f2f2;\">Toetatud lindid ja kandjad<\/th>\n<\/tr>\n<\/tbody>\n<tbody>\n<tr>\n<td>Maksimaalne lindi l\u00e4bim\u00f5\u00f5t<\/td>\n<td>67 mm<\/td>\n<\/tr>\n<tr>\n<td>Maksimaalne lindi pikkus<\/td>\n<td>300 m<\/td>\n<\/tr>\n<tr>\n<td>Lindi laius<\/td>\n<td>30\u2013110 mm<\/td>\n<\/tr>\n<tr>\n<td>Lindi s\u00fcdamiku sisel\u00e4bim\u00f5\u00f5t<\/td>\n<td>25.4 mm<\/td>\n<\/tr>\n<tr>\n<td>Lindi kerimise t\u00fc\u00fcp<\/td>\n<td>V\u00e4line kerimine<\/td>\n<\/tr>\n<tr>\n<td>Maksimaalne kandjarulli l\u00e4bim\u00f5\u00f5t<\/td>\n<td>127 mm<\/td>\n<\/tr>\n<tr>\n<td>Kandja s\u00fcdamiku minimaalne sisel\u00e4bim\u00f5\u00f5t<\/td>\n<td>25 mm<\/td>\n<\/tr>\n<tr>\n<td>Kandja minimaalne laius<\/td>\n<td>20 mm<\/td>\n<\/tr>\n<tr>\n<td>Kandja maksimaalne laius<\/td>\n<td>120 mm<\/td>\n<\/tr>\n<tr>\n<td>Toetatud kandjat\u00fc\u00fcbid<\/td>\n<td>Pidev paber, vahega paber, volditud paber, musta m\u00e4rgiga paber<\/td>\n<\/tr>\n<\/tbody>\n<tbody>\n<tr>\n<th colspan=\"2\" style=\"background-color:#f2f2f2;\">Tarkvara ja printimisfunktsioonid<\/th>\n<\/tr>\n<\/tbody>\n<tbody>\n<tr>\n<td>Komplektisolev tarkvara<\/td>\n<td>Bartender (viimane versioon)<\/td>\n<\/tr>\n<tr>\n<td>Draiverid<\/td>\n<td>Windows OS<\/td>\n<\/tr>\n<tr>\n<td>Fondi tugi<\/td>\n<td>ASCII, hiina s\u00fcmbolid<\/td>\n<\/tr>\n<tr>\n<td>1D\/2D v\u00f6\u00f6tkoodid<\/td>\n<td>Code39, Code128, QR ja teised<\/td>\n<\/tr>\n<tr>\n<td>Graafilised vormingud<\/td>\n<td>BMP, PCX, BAS<\/td>\n<\/tr>\n<\/tbody>\n<tbody>\n<tr>\n<th colspan=\"2\" style=\"background-color:#f2f2f2;\">Kasutustingimused<\/th>\n<\/tr>\n<\/tbody>\n<tbody>\n<tr>\n<td>T\u00f6\u00f6temperatuur<\/td>\n<td>5\u201345\u00b0C<\/td>\n<\/tr>\n<tr>\n<td>T\u00f6\u00f6niiskus<\/td>\n<td>25%\u201385%<\/td>\n<\/tr>\n<tr>\n<td>S\u00e4ilitustemperatuur<\/td>\n<td>-10\u201350\u00b0C<\/td>\n<\/tr>\n<tr>\n<td>S\u00e4ilitusniiskus<\/td>\n<td>10%\u201390%<\/td>\n<\/tr>\n<\/tbody>\n<tbody>\n<tr>\n<th colspan=\"2\" style=\"background-color:#f2f2f2;\">Toide ja \u00fchenduvus<\/th>\n<\/tr>\n<\/tbody>\n<tbody>\n<tr>\n<td>Toitesisend<\/td>\n<td>AC 110V\/240V<\/td>\n<\/tr>\n<tr>\n<td>Toitev\u00e4ljund<\/td>\n<td>DC 24V \/ 2.5A<\/td>\n<\/tr>\n<tr>\n<td>\u00dchendused<\/td>\n<td>Bluetooth, USB 2.0<\/td>\n<\/tr>\n<\/tbody>\n<tbody>\n<tr>\n<th colspan=\"2\" style=\"background-color:#f2f2f2;\">Muu<\/th>\n<\/tr>\n<\/tbody>\n<tbody>\n<tr>\n<td>Kategooria<\/td>\n<td>Etiketiprinter<\/td>\n<\/tr>\n<tr>\n<td>Korpuse v\u00e4rv<\/td>\n<td>Valge<\/td>\n<\/tr>\n<tr>\n<td>Komplektatsioon<\/td>\n<td>1 seade<\/td>\n<\/tr>\n<tr>\n<td>Toote pikkus (vea t\u00f5ttu \u00e4ra n\u00e4idata)<\/td>\n<td>300000 mm \u2014 \u00e4ra arvesta<\/td>\n<\/tr>\n<\/tbody>\n<\/table>\n","protected":false},"excerpt":{"rendered":"<p>P\u00f5hiomadused Tootja G&amp;G Mudel GG-TD1200C Seadme t\u00fc\u00fcp Lauapealne termoprinter etikettidele Printimistehnoloogia Otsene termoprint \/ termosiirdeprint Maksimaalne printimislaius 110 mm Printimisresolutsioon 203 dpi Printimiskiirus 2.52 mm\/sek Printimisv\u00e4rv Must-valge V\u00e4ljalaskekuup\u00e4ev 3.06.2024 Toetatud lindid ja kandjad Maksimaalne lindi l\u00e4bim\u00f5\u00f5t 67 mm Maksimaalne lindi pikkus 300 m Lindi laius 30\u2013110 mm Lindi s\u00fcdamiku sisel\u00e4bim\u00f5\u00f5t 25.4 mm Lindi kerimise t\u00fc\u00fcp [&#8230;]\n","protected":false},"featured_media":217176,"template":"","meta":{"inline_featured_image":false},"product_cat":[39148,39163,39165],"product_tag":[],"yoast_head":"<!-- This site is optimized with the Yoast SEO Premium plugin v23.0 (Yoast SEO v23.0) - https:\/\/yoast.com\/wordpress\/plugins\/seo\/ -->\n<title>G&amp;G GG-TD1200C-BK-USB etiketiprinter, hea hinnaga, osta e-pood - Odav Print<\/title>\n<meta name=\"description\" content=\"Osta G&amp;G GG-TD1200C-BK-USB etiketiprinter Odav Print \u260e +372 5911 9495 \u2714\ufe0f Parim hind G&amp;G GG-TD1200C-BK-USB etiketiprinter jaoks \u26df Kiire kohaletoimetamine Eestis \u2b50 Garanteeritud\" \/>\n<meta name=\"robots\" content=\"index, follow, max-snippet:-1, max-image-preview:large, max-video-preview:-1\" \/>\n<link rel=\"canonical\" href=\"https:\/\/odavprint.ee\/et\/product\/gg-gg-td1200c-bk-usb-etiketiprinter\/\" \/>\n<meta property=\"og:locale\" content=\"et_EE\" \/>\n<meta property=\"og:type\" content=\"article\" \/>\n<meta property=\"og:title\" content=\"G&amp;G GG-TD1200C-BK-USB etiketiprinter\" \/>\n<meta property=\"og:description\" content=\"Osta G&amp;G GG-TD1200C-BK-USB etiketiprinter Odav Print \u260e +372 5911 9495 \u2714\ufe0f Parim hind G&amp;G GG-TD1200C-BK-USB etiketiprinter jaoks \u26df Kiire kohaletoimetamine Eestis \u2b50 Garanteeritud\" \/>\n<meta property=\"og:url\" content=\"https:\/\/odavprint.ee\/et\/product\/gg-gg-td1200c-bk-usb-etiketiprinter\/\" \/>\n<meta property=\"og:site_name\" content=\"Odav Print\" \/>\n<meta property=\"article:modified_time\" content=\"2026-03-02T16:17:34+00:00\" \/>\n<meta name=\"twitter:card\" content=\"summary_large_image\" \/>\n<meta name=\"twitter:label1\" content=\"Price\" \/>\n\t<meta name=\"twitter:data1\" content=\"&euro;195.00\" \/>\n\t<meta name=\"twitter:label2\" content=\"Availability\" \/>\n\t<meta name=\"twitter:data2\" content=\"In stock\" \/>\n<script type=\"application\/ld+json\" class=\"yoast-schema-graph\">{\"@context\":\"https:\/\/schema.org\",\"@graph\":[{\"@type\":[\"WebPage\",\"ItemPage\"],\"@id\":\"https:\/\/odavprint.ee\/et\/product\/gg-gg-td1200c-bk-usb-etiketiprinter\/\",\"url\":\"https:\/\/odavprint.ee\/et\/product\/gg-gg-td1200c-bk-usb-etiketiprinter\/\",\"name\":\"G&G GG-TD1200C-BK-USB etiketiprinter, hea hinnaga, osta e-pood - Odav Print\",\"isPartOf\":{\"@id\":\"https:\/\/odavprint.ee\/et\/#website\"},\"primaryImageOfPage\":{\"@id\":\"https:\/\/odavprint.ee\/et\/product\/gg-gg-td1200c-bk-usb-etiketiprinter\/#primaryimage\"},\"image\":{\"@id\":\"https:\/\/odavprint.ee\/et\/product\/gg-gg-td1200c-bk-usb-etiketiprinter\/#primaryimage\"},\"thumbnailUrl\":\"https:\/\/odavprint.ee\/wp-content\/uploads\/2026\/02\/gg-gg-td1200c-bk-usb-label-printer.jpg\",\"datePublished\":\"2026-02-19T19:58:35+00:00\",\"dateModified\":\"2026-03-02T16:17:34+00:00\",\"description\":\"Osta G&G GG-TD1200C-BK-USB etiketiprinter Odav Print \u260e +372 5911 9495 \u2714\ufe0f Parim hind G&G GG-TD1200C-BK-USB etiketiprinter jaoks \u26df Kiire kohaletoimetamine Eestis \u2b50 Garanteeritud\",\"breadcrumb\":{\"@id\":\"https:\/\/odavprint.ee\/et\/product\/gg-gg-td1200c-bk-usb-etiketiprinter\/#breadcrumb\"},\"inLanguage\":\"et\",\"potentialAction\":[{\"@type\":\"ReadAction\",\"target\":[\"https:\/\/odavprint.ee\/et\/product\/gg-gg-td1200c-bk-usb-etiketiprinter\/\"]}]},{\"@type\":\"ImageObject\",\"inLanguage\":\"et\",\"@id\":\"https:\/\/odavprint.ee\/et\/product\/gg-gg-td1200c-bk-usb-etiketiprinter\/#primaryimage\",\"url\":\"https:\/\/odavprint.ee\/wp-content\/uploads\/2026\/02\/gg-gg-td1200c-bk-usb-label-printer.jpg\",\"contentUrl\":\"https:\/\/odavprint.ee\/wp-content\/uploads\/2026\/02\/gg-gg-td1200c-bk-usb-label-printer.jpg\",\"width\":1329,\"height\":1200},{\"@type\":\"BreadcrumbList\",\"@id\":\"https:\/\/odavprint.ee\/et\/product\/gg-gg-td1200c-bk-usb-etiketiprinter\/#breadcrumb\",\"itemListElement\":[{\"@type\":\"ListItem\",\"position\":1,\"name\":\"Home\",\"item\":\"https:\/\/odavprint.ee\/et\/esileht\/\"},{\"@type\":\"ListItem\",\"position\":2,\"name\":\"E-pood\",\"item\":\"https:\/\/odavprint.ee\/et\/shop\/\"},{\"@type\":\"ListItem\",\"position\":3,\"name\":\"G&#038;G GG-TD1200C-BK-USB etiketiprinter\"}]},{\"@type\":\"WebSite\",\"@id\":\"https:\/\/odavprint.ee\/et\/#website\",\"url\":\"https:\/\/odavprint.ee\/et\/\",\"name\":\"Odav Print\",\"description\":\"Just another WordPress site\",\"publisher\":{\"@id\":\"https:\/\/odavprint.ee\/et\/#organization\"},\"alternateName\":\"Kassettide, toonerite t\u00e4itmine ja m\u00fc\u00fck.\",\"potentialAction\":[{\"@type\":\"SearchAction\",\"target\":{\"@type\":\"EntryPoint\",\"urlTemplate\":\"https:\/\/odavprint.ee\/et\/?s={search_term_string}\"},\"query-input\":\"required name=search_term_string\"}],\"inLanguage\":\"et\"},{\"@type\":[\"Organization\",\"Place\"],\"@id\":\"https:\/\/odavprint.ee\/et\/#organization\",\"name\":\"Odav Print O\u00dc\",\"url\":\"https:\/\/odavprint.ee\/et\/\",\"logo\":{\"@id\":\"https:\/\/odavprint.ee\/et\/product\/gg-gg-td1200c-bk-usb-etiketiprinter\/#local-main-organization-logo\"},\"image\":{\"@id\":\"https:\/\/odavprint.ee\/et\/product\/gg-gg-td1200c-bk-usb-etiketiprinter\/#local-main-organization-logo\"},\"address\":{\"@id\":\"https:\/\/odavprint.ee\/et\/product\/gg-gg-td1200c-bk-usb-etiketiprinter\/#local-main-place-address\"},\"geo\":{\"@type\":\"GeoCoordinates\",\"latitude\":\"59.4306504\",\"longitude\":\"24.8095743\"},\"telephone\":[\"53836926\"],\"openingHoursSpecification\":[{\"@type\":\"OpeningHoursSpecification\",\"dayOfWeek\":[\"Monday\",\"Tuesday\",\"Wednesday\",\"Thursday\",\"Friday\",\"Saturday\",\"Sunday\"],\"opens\":\"09:00\",\"closes\":\"17:00\"}],\"email\":\"info@odavprint.eu\"},{\"@type\":\"PostalAddress\",\"@id\":\"https:\/\/odavprint.ee\/et\/product\/gg-gg-td1200c-bk-usb-etiketiprinter\/#local-main-place-address\",\"streetAddress\":\"Pae tn 28\",\"addressLocality\":\"Tallinn\",\"postalCode\":\"11415\",\"addressRegion\":\"Harjumaa\",\"addressCountry\":\"EE\"},{\"@type\":\"ImageObject\",\"inLanguage\":\"et\",\"@id\":\"https:\/\/odavprint.ee\/et\/product\/gg-gg-td1200c-bk-usb-etiketiprinter\/#local-main-organization-logo\",\"url\":\"https:\/\/odavprint.ee\/wp-content\/uploads\/2018\/10\/odavprint-logo-240.jpg\",\"contentUrl\":\"https:\/\/odavprint.ee\/wp-content\/uploads\/2018\/10\/odavprint-logo-240.jpg\",\"width\":240,\"height\":36,\"caption\":\"Odav Print O\u00dc\"}]}<\/script>\n<meta property=\"product:price:amount\" content=\"195.00\" \/>\n<meta property=\"product:price:currency\" content=\"EUR\" \/>\n<meta property=\"og:availability\" content=\"instock\" \/>\n<meta property=\"product:availability\" content=\"instock\" \/>\n<meta property=\"product:condition\" content=\"new\" \/>\n<meta name=\"geo.placename\" content=\"Tallinn\" \/>\n<meta name=\"geo.position\" content=\"59.4306504;24.8095743\" \/>\n<meta name=\"geo.region\" content=\"Estonia\" \/>\n<!-- \/ Yoast SEO Premium plugin. -->","yoast_head_json":{"title":"G&G GG-TD1200C-BK-USB etiketiprinter, hea hinnaga, osta e-pood - Odav Print","description":"Osta G&G GG-TD1200C-BK-USB etiketiprinter Odav Print \u260e +372 5911 9495 \u2714\ufe0f Parim hind G&G GG-TD1200C-BK-USB etiketiprinter jaoks \u26df Kiire kohaletoimetamine Eestis \u2b50 Garanteeritud","robots":{"index":"index","follow":"follow","max-snippet":"max-snippet:-1","max-image-preview":"max-image-preview:large","max-video-preview":"max-video-preview:-1"},"canonical":"https:\/\/odavprint.ee\/et\/product\/gg-gg-td1200c-bk-usb-etiketiprinter\/","og_locale":"et_EE","og_type":"article","og_title":"G&G GG-TD1200C-BK-USB etiketiprinter","og_description":"Osta G&G GG-TD1200C-BK-USB etiketiprinter Odav Print \u260e +372 5911 9495 \u2714\ufe0f Parim hind G&G GG-TD1200C-BK-USB etiketiprinter jaoks \u26df Kiire kohaletoimetamine Eestis \u2b50 Garanteeritud","og_url":"https:\/\/odavprint.ee\/et\/product\/gg-gg-td1200c-bk-usb-etiketiprinter\/","og_site_name":"Odav Print","article_modified_time":"2026-03-02T16:17:34+00:00","twitter_card":"summary_large_image","twitter_misc":{"Price":"&euro;195.00","Availability":"In stock"},"schema":{"@context":"https:\/\/schema.org","@graph":[{"@type":["WebPage","ItemPage"],"@id":"https:\/\/odavprint.ee\/et\/product\/gg-gg-td1200c-bk-usb-etiketiprinter\/","url":"https:\/\/odavprint.ee\/et\/product\/gg-gg-td1200c-bk-usb-etiketiprinter\/","name":"G&G GG-TD1200C-BK-USB etiketiprinter, hea hinnaga, osta e-pood - Odav Print","isPartOf":{"@id":"https:\/\/odavprint.ee\/et\/#website"},"primaryImageOfPage":{"@id":"https:\/\/odavprint.ee\/et\/product\/gg-gg-td1200c-bk-usb-etiketiprinter\/#primaryimage"},"image":{"@id":"https:\/\/odavprint.ee\/et\/product\/gg-gg-td1200c-bk-usb-etiketiprinter\/#primaryimage"},"thumbnailUrl":"https:\/\/odavprint.ee\/wp-content\/uploads\/2026\/02\/gg-gg-td1200c-bk-usb-label-printer.jpg","datePublished":"2026-02-19T19:58:35+00:00","dateModified":"2026-03-02T16:17:34+00:00","description":"Osta G&G GG-TD1200C-BK-USB etiketiprinter Odav Print \u260e +372 5911 9495 \u2714\ufe0f Parim hind G&G GG-TD1200C-BK-USB etiketiprinter jaoks \u26df Kiire kohaletoimetamine Eestis \u2b50 Garanteeritud","breadcrumb":{"@id":"https:\/\/odavprint.ee\/et\/product\/gg-gg-td1200c-bk-usb-etiketiprinter\/#breadcrumb"},"inLanguage":"et","potentialAction":[{"@type":"ReadAction","target":["https:\/\/odavprint.ee\/et\/product\/gg-gg-td1200c-bk-usb-etiketiprinter\/"]}]},{"@type":"ImageObject","inLanguage":"et","@id":"https:\/\/odavprint.ee\/et\/product\/gg-gg-td1200c-bk-usb-etiketiprinter\/#primaryimage","url":"https:\/\/odavprint.ee\/wp-content\/uploads\/2026\/02\/gg-gg-td1200c-bk-usb-label-printer.jpg","contentUrl":"https:\/\/odavprint.ee\/wp-content\/uploads\/2026\/02\/gg-gg-td1200c-bk-usb-label-printer.jpg","width":1329,"height":1200},{"@type":"BreadcrumbList","@id":"https:\/\/odavprint.ee\/et\/product\/gg-gg-td1200c-bk-usb-etiketiprinter\/#breadcrumb","itemListElement":[{"@type":"ListItem","position":1,"name":"Home","item":"https:\/\/odavprint.ee\/et\/esileht\/"},{"@type":"ListItem","position":2,"name":"E-pood","item":"https:\/\/odavprint.ee\/et\/shop\/"},{"@type":"ListItem","position":3,"name":"G&#038;G GG-TD1200C-BK-USB etiketiprinter"}]},{"@type":"WebSite","@id":"https:\/\/odavprint.ee\/et\/#website","url":"https:\/\/odavprint.ee\/et\/","name":"Odav Print","description":"Just another WordPress site","publisher":{"@id":"https:\/\/odavprint.ee\/et\/#organization"},"alternateName":"Kassettide, toonerite t\u00e4itmine ja m\u00fc\u00fck.","potentialAction":[{"@type":"SearchAction","target":{"@type":"EntryPoint","urlTemplate":"https:\/\/odavprint.ee\/et\/?s={search_term_string}"},"query-input":"required name=search_term_string"}],"inLanguage":"et"},{"@type":["Organization","Place"],"@id":"https:\/\/odavprint.ee\/et\/#organization","name":"Odav Print O\u00dc","url":"https:\/\/odavprint.ee\/et\/","logo":{"@id":"https:\/\/odavprint.ee\/et\/product\/gg-gg-td1200c-bk-usb-etiketiprinter\/#local-main-organization-logo"},"image":{"@id":"https:\/\/odavprint.ee\/et\/product\/gg-gg-td1200c-bk-usb-etiketiprinter\/#local-main-organization-logo"},"address":{"@id":"https:\/\/odavprint.ee\/et\/product\/gg-gg-td1200c-bk-usb-etiketiprinter\/#local-main-place-address"},"geo":{"@type":"GeoCoordinates","latitude":"59.4306504","longitude":"24.8095743"},"telephone":["53836926"],"openingHoursSpecification":[{"@type":"OpeningHoursSpecification","dayOfWeek":["Monday","Tuesday","Wednesday","Thursday","Friday","Saturday","Sunday"],"opens":"09:00","closes":"17:00"}],"email":"info@odavprint.eu"},{"@type":"PostalAddress","@id":"https:\/\/odavprint.ee\/et\/product\/gg-gg-td1200c-bk-usb-etiketiprinter\/#local-main-place-address","streetAddress":"Pae tn 28","addressLocality":"Tallinn","postalCode":"11415","addressRegion":"Harjumaa","addressCountry":"EE"},{"@type":"ImageObject","inLanguage":"et","@id":"https:\/\/odavprint.ee\/et\/product\/gg-gg-td1200c-bk-usb-etiketiprinter\/#local-main-organization-logo","url":"https:\/\/odavprint.ee\/wp-content\/uploads\/2018\/10\/odavprint-logo-240.jpg","contentUrl":"https:\/\/odavprint.ee\/wp-content\/uploads\/2018\/10\/odavprint-logo-240.jpg","width":240,"height":36,"caption":"Odav Print O\u00dc"}]},"product_price_amount":"195.00","product_price_currency":"EUR","og_availability":"instock","product_availability":"instock","product_condition":"new","geo.placename":"Tallinn","geo.position":{"lat":"59.4306504","long":"24.8095743"},"geo.region":"Estonia"},"_links":{"self":[{"href":"https:\/\/odavprint.ee\/et\/wp-json\/wp\/v2\/product\/217175"}],"collection":[{"href":"https:\/\/odavprint.ee\/et\/wp-json\/wp\/v2\/product"}],"about":[{"href":"https:\/\/odavprint.ee\/et\/wp-json\/wp\/v2\/types\/product"}],"wp:featuredmedia":[{"embeddable":true,"href":"https:\/\/odavprint.ee\/et\/wp-json\/wp\/v2\/media\/217176"}],"wp:attachment":[{"href":"https:\/\/odavprint.ee\/et\/wp-json\/wp\/v2\/media?parent=217175"}],"wp:term":[{"taxonomy":"product_cat","embeddable":true,"href":"https:\/\/odavprint.ee\/et\/wp-json\/wp\/v2\/product_cat?post=217175"},{"taxonomy":"product_tag","embeddable":true,"href":"https:\/\/odavprint.ee\/et\/wp-json\/wp\/v2\/product_tag?post=217175"}],"curies":[{"name":"wp","href":"https:\/\/api.w.org\/{rel}","templated":true}]}}