{"id":217523,"date":"2026-02-19T22:53:33","date_gmt":"2026-02-19T20:53:33","guid":{"rendered":"https:\/\/odavprint.ee\/?post_type=product&#038;p=217523"},"modified":"2026-03-02T18:17:41","modified_gmt":"2026-03-02T16:17:41","slug":"brother-bss-1d300-110-bss1d300110-110mm-x-30m","status":"publish","type":"product","link":"https:\/\/odavprint.ee\/et\/product\/brother-bss-1d300-110-bss1d300110-110mm-x-30m\/","title":{"rendered":"Brother BSS-1D300-110 BSS1D300110 110mm x 30m"},"content":{"rendered":"<p>Brother BSS-1D300-110 on kvaliteetne sildiriba, mille laius on 110 mm ja pikkus 30 meetrit. See on ideaalne kasutamiseks Brother sildiprinteritega, pakkudes vastupidavaid ja selgeid silte erinevateks rakendusteks nii kodus kui ka kontoris.<\/p>\n","protected":false},"excerpt":{"rendered":"<p>Brother BSS-1D300-110 on kvaliteetne sildiriba, mille laius on 110 mm ja pikkus 30 meetrit. See on ideaalne kasutamiseks Brother sildiprinteritega, pakkudes vastupidavaid ja selgeid silte erinevateks rakendusteks nii kodus kui ka kontoris.<\/p>\n","protected":false},"featured_media":217524,"template":"","meta":{"inline_featured_image":false},"product_cat":[39148,39162],"product_tag":[],"yoast_head":"<!-- This site is optimized with the Yoast SEO Premium plugin v23.0 (Yoast SEO v23.0) - https:\/\/yoast.com\/wordpress\/plugins\/seo\/ -->\n<title>Brother BSS-1D300-110 BSS1D300110 110mm x 30m, hea hinnaga, osta e-pood - Odav Print<\/title>\n<meta name=\"description\" content=\"Osta Brother BSS-1D300-110 BSS1D300110 110mm x 30m Odav Print \u260e +372 5911 9495 \u2714\ufe0f Parim hind Brother BSS-1D300-110 BSS1D300110 110mm x 30m jaoks \u26df Kiire kohaletoimetamine Eestis \u2b50 Garanteeritud\" \/>\n<meta name=\"robots\" content=\"index, follow, max-snippet:-1, max-image-preview:large, max-video-preview:-1\" \/>\n<link rel=\"canonical\" href=\"https:\/\/odavprint.ee\/et\/product\/brother-bss-1d300-110-bss1d300110-110mm-x-30m\/\" \/>\n<meta property=\"og:locale\" content=\"et_EE\" \/>\n<meta property=\"og:type\" content=\"article\" \/>\n<meta property=\"og:title\" content=\"Brother BSS-1D300-110 BSS1D300110 110mm x 30m\" \/>\n<meta property=\"og:description\" content=\"Osta Brother BSS-1D300-110 BSS1D300110 110mm x 30m Odav Print \u260e +372 5911 9495 \u2714\ufe0f Parim hind Brother BSS-1D300-110 BSS1D300110 110mm x 30m jaoks \u26df Kiire kohaletoimetamine Eestis \u2b50 Garanteeritud\" \/>\n<meta property=\"og:url\" content=\"https:\/\/odavprint.ee\/et\/product\/brother-bss-1d300-110-bss1d300110-110mm-x-30m\/\" \/>\n<meta property=\"og:site_name\" content=\"Odav Print\" \/>\n<meta property=\"article:modified_time\" content=\"2026-03-02T16:17:41+00:00\" \/>\n<meta name=\"twitter:card\" content=\"summary_large_image\" \/>\n<meta name=\"twitter:label1\" content=\"Price\" \/>\n\t<meta name=\"twitter:data1\" content=\"&euro;14.73\" \/>\n\t<meta name=\"twitter:label2\" content=\"Availability\" \/>\n\t<meta name=\"twitter:data2\" content=\"In stock\" \/>\n<script type=\"application\/ld+json\" class=\"yoast-schema-graph\">{\"@context\":\"https:\/\/schema.org\",\"@graph\":[{\"@type\":[\"WebPage\",\"ItemPage\"],\"@id\":\"https:\/\/odavprint.ee\/et\/product\/brother-bss-1d300-110-bss1d300110-110mm-x-30m\/\",\"url\":\"https:\/\/odavprint.ee\/et\/product\/brother-bss-1d300-110-bss1d300110-110mm-x-30m\/\",\"name\":\"Brother BSS-1D300-110 BSS1D300110 110mm x 30m, hea hinnaga, osta e-pood - Odav Print\",\"isPartOf\":{\"@id\":\"https:\/\/odavprint.ee\/et\/#website\"},\"primaryImageOfPage\":{\"@id\":\"https:\/\/odavprint.ee\/et\/product\/brother-bss-1d300-110-bss1d300110-110mm-x-30m\/#primaryimage\"},\"image\":{\"@id\":\"https:\/\/odavprint.ee\/et\/product\/brother-bss-1d300-110-bss1d300110-110mm-x-30m\/#primaryimage\"},\"thumbnailUrl\":\"https:\/\/odavprint.ee\/wp-content\/uploads\/2026\/02\/brother-bss-1d300-110-bss1d300110-110mm-x-30m.jpg\",\"datePublished\":\"2026-02-19T20:53:33+00:00\",\"dateModified\":\"2026-03-02T16:17:41+00:00\",\"description\":\"Osta Brother BSS-1D300-110 BSS1D300110 110mm x 30m Odav Print \u260e +372 5911 9495 \u2714\ufe0f Parim hind Brother BSS-1D300-110 BSS1D300110 110mm x 30m jaoks \u26df Kiire kohaletoimetamine Eestis \u2b50 Garanteeritud\",\"breadcrumb\":{\"@id\":\"https:\/\/odavprint.ee\/et\/product\/brother-bss-1d300-110-bss1d300110-110mm-x-30m\/#breadcrumb\"},\"inLanguage\":\"et\",\"potentialAction\":[{\"@type\":\"ReadAction\",\"target\":[\"https:\/\/odavprint.ee\/et\/product\/brother-bss-1d300-110-bss1d300110-110mm-x-30m\/\"]}]},{\"@type\":\"ImageObject\",\"inLanguage\":\"et\",\"@id\":\"https:\/\/odavprint.ee\/et\/product\/brother-bss-1d300-110-bss1d300110-110mm-x-30m\/#primaryimage\",\"url\":\"https:\/\/odavprint.ee\/wp-content\/uploads\/2026\/02\/brother-bss-1d300-110-bss1d300110-110mm-x-30m.jpg\",\"contentUrl\":\"https:\/\/odavprint.ee\/wp-content\/uploads\/2026\/02\/brother-bss-1d300-110-bss1d300110-110mm-x-30m.jpg\",\"width\":600,\"height\":600},{\"@type\":\"BreadcrumbList\",\"@id\":\"https:\/\/odavprint.ee\/et\/product\/brother-bss-1d300-110-bss1d300110-110mm-x-30m\/#breadcrumb\",\"itemListElement\":[{\"@type\":\"ListItem\",\"position\":1,\"name\":\"Home\",\"item\":\"https:\/\/odavprint.ee\/et\/esileht\/\"},{\"@type\":\"ListItem\",\"position\":2,\"name\":\"E-pood\",\"item\":\"https:\/\/odavprint.ee\/et\/shop\/\"},{\"@type\":\"ListItem\",\"position\":3,\"name\":\"Brother BSS-1D300-110 BSS1D300110 110mm x 30m\"}]},{\"@type\":\"WebSite\",\"@id\":\"https:\/\/odavprint.ee\/et\/#website\",\"url\":\"https:\/\/odavprint.ee\/et\/\",\"name\":\"Odav Print\",\"description\":\"Just another WordPress site\",\"publisher\":{\"@id\":\"https:\/\/odavprint.ee\/et\/#organization\"},\"alternateName\":\"Kassettide, toonerite t\u00e4itmine ja m\u00fc\u00fck.\",\"potentialAction\":[{\"@type\":\"SearchAction\",\"target\":{\"@type\":\"EntryPoint\",\"urlTemplate\":\"https:\/\/odavprint.ee\/et\/?s={search_term_string}\"},\"query-input\":\"required name=search_term_string\"}],\"inLanguage\":\"et\"},{\"@type\":[\"Organization\",\"Place\"],\"@id\":\"https:\/\/odavprint.ee\/et\/#organization\",\"name\":\"Odav Print O\u00dc\",\"url\":\"https:\/\/odavprint.ee\/et\/\",\"logo\":{\"@id\":\"https:\/\/odavprint.ee\/et\/product\/brother-bss-1d300-110-bss1d300110-110mm-x-30m\/#local-main-organization-logo\"},\"image\":{\"@id\":\"https:\/\/odavprint.ee\/et\/product\/brother-bss-1d300-110-bss1d300110-110mm-x-30m\/#local-main-organization-logo\"},\"address\":{\"@id\":\"https:\/\/odavprint.ee\/et\/product\/brother-bss-1d300-110-bss1d300110-110mm-x-30m\/#local-main-place-address\"},\"geo\":{\"@type\":\"GeoCoordinates\",\"latitude\":\"59.4306504\",\"longitude\":\"24.8095743\"},\"telephone\":[\"53836926\"],\"openingHoursSpecification\":[{\"@type\":\"OpeningHoursSpecification\",\"dayOfWeek\":[\"Monday\",\"Tuesday\",\"Wednesday\",\"Thursday\",\"Friday\",\"Saturday\",\"Sunday\"],\"opens\":\"09:00\",\"closes\":\"17:00\"}],\"email\":\"info@odavprint.eu\"},{\"@type\":\"PostalAddress\",\"@id\":\"https:\/\/odavprint.ee\/et\/product\/brother-bss-1d300-110-bss1d300110-110mm-x-30m\/#local-main-place-address\",\"streetAddress\":\"Pae tn 28\",\"addressLocality\":\"Tallinn\",\"postalCode\":\"11415\",\"addressRegion\":\"Harjumaa\",\"addressCountry\":\"EE\"},{\"@type\":\"ImageObject\",\"inLanguage\":\"et\",\"@id\":\"https:\/\/odavprint.ee\/et\/product\/brother-bss-1d300-110-bss1d300110-110mm-x-30m\/#local-main-organization-logo\",\"url\":\"https:\/\/odavprint.ee\/wp-content\/uploads\/2018\/10\/odavprint-logo-240.jpg\",\"contentUrl\":\"https:\/\/odavprint.ee\/wp-content\/uploads\/2018\/10\/odavprint-logo-240.jpg\",\"width\":240,\"height\":36,\"caption\":\"Odav Print O\u00dc\"}]}<\/script>\n<meta property=\"product:price:amount\" content=\"14.73\" \/>\n<meta property=\"product:price:currency\" content=\"EUR\" \/>\n<meta property=\"og:availability\" content=\"instock\" \/>\n<meta property=\"product:availability\" content=\"instock\" \/>\n<meta property=\"product:condition\" content=\"new\" \/>\n<meta name=\"geo.placename\" content=\"Tallinn\" \/>\n<meta name=\"geo.position\" content=\"59.4306504;24.8095743\" \/>\n<meta name=\"geo.region\" content=\"Estonia\" \/>\n<!-- \/ Yoast SEO Premium plugin. -->","yoast_head_json":{"title":"Brother BSS-1D300-110 BSS1D300110 110mm x 30m, hea hinnaga, osta e-pood - Odav Print","description":"Osta Brother BSS-1D300-110 BSS1D300110 110mm x 30m Odav Print \u260e +372 5911 9495 \u2714\ufe0f Parim hind Brother BSS-1D300-110 BSS1D300110 110mm x 30m jaoks \u26df Kiire kohaletoimetamine Eestis \u2b50 Garanteeritud","robots":{"index":"index","follow":"follow","max-snippet":"max-snippet:-1","max-image-preview":"max-image-preview:large","max-video-preview":"max-video-preview:-1"},"canonical":"https:\/\/odavprint.ee\/et\/product\/brother-bss-1d300-110-bss1d300110-110mm-x-30m\/","og_locale":"et_EE","og_type":"article","og_title":"Brother BSS-1D300-110 BSS1D300110 110mm x 30m","og_description":"Osta Brother BSS-1D300-110 BSS1D300110 110mm x 30m Odav Print \u260e +372 5911 9495 \u2714\ufe0f Parim hind Brother BSS-1D300-110 BSS1D300110 110mm x 30m jaoks \u26df Kiire kohaletoimetamine Eestis \u2b50 Garanteeritud","og_url":"https:\/\/odavprint.ee\/et\/product\/brother-bss-1d300-110-bss1d300110-110mm-x-30m\/","og_site_name":"Odav Print","article_modified_time":"2026-03-02T16:17:41+00:00","twitter_card":"summary_large_image","twitter_misc":{"Price":"&euro;14.73","Availability":"In stock"},"schema":{"@context":"https:\/\/schema.org","@graph":[{"@type":["WebPage","ItemPage"],"@id":"https:\/\/odavprint.ee\/et\/product\/brother-bss-1d300-110-bss1d300110-110mm-x-30m\/","url":"https:\/\/odavprint.ee\/et\/product\/brother-bss-1d300-110-bss1d300110-110mm-x-30m\/","name":"Brother BSS-1D300-110 BSS1D300110 110mm x 30m, hea hinnaga, osta e-pood - Odav Print","isPartOf":{"@id":"https:\/\/odavprint.ee\/et\/#website"},"primaryImageOfPage":{"@id":"https:\/\/odavprint.ee\/et\/product\/brother-bss-1d300-110-bss1d300110-110mm-x-30m\/#primaryimage"},"image":{"@id":"https:\/\/odavprint.ee\/et\/product\/brother-bss-1d300-110-bss1d300110-110mm-x-30m\/#primaryimage"},"thumbnailUrl":"https:\/\/odavprint.ee\/wp-content\/uploads\/2026\/02\/brother-bss-1d300-110-bss1d300110-110mm-x-30m.jpg","datePublished":"2026-02-19T20:53:33+00:00","dateModified":"2026-03-02T16:17:41+00:00","description":"Osta Brother BSS-1D300-110 BSS1D300110 110mm x 30m Odav Print \u260e +372 5911 9495 \u2714\ufe0f Parim hind Brother BSS-1D300-110 BSS1D300110 110mm x 30m jaoks \u26df Kiire kohaletoimetamine Eestis \u2b50 Garanteeritud","breadcrumb":{"@id":"https:\/\/odavprint.ee\/et\/product\/brother-bss-1d300-110-bss1d300110-110mm-x-30m\/#breadcrumb"},"inLanguage":"et","potentialAction":[{"@type":"ReadAction","target":["https:\/\/odavprint.ee\/et\/product\/brother-bss-1d300-110-bss1d300110-110mm-x-30m\/"]}]},{"@type":"ImageObject","inLanguage":"et","@id":"https:\/\/odavprint.ee\/et\/product\/brother-bss-1d300-110-bss1d300110-110mm-x-30m\/#primaryimage","url":"https:\/\/odavprint.ee\/wp-content\/uploads\/2026\/02\/brother-bss-1d300-110-bss1d300110-110mm-x-30m.jpg","contentUrl":"https:\/\/odavprint.ee\/wp-content\/uploads\/2026\/02\/brother-bss-1d300-110-bss1d300110-110mm-x-30m.jpg","width":600,"height":600},{"@type":"BreadcrumbList","@id":"https:\/\/odavprint.ee\/et\/product\/brother-bss-1d300-110-bss1d300110-110mm-x-30m\/#breadcrumb","itemListElement":[{"@type":"ListItem","position":1,"name":"Home","item":"https:\/\/odavprint.ee\/et\/esileht\/"},{"@type":"ListItem","position":2,"name":"E-pood","item":"https:\/\/odavprint.ee\/et\/shop\/"},{"@type":"ListItem","position":3,"name":"Brother BSS-1D300-110 BSS1D300110 110mm x 30m"}]},{"@type":"WebSite","@id":"https:\/\/odavprint.ee\/et\/#website","url":"https:\/\/odavprint.ee\/et\/","name":"Odav Print","description":"Just another WordPress site","publisher":{"@id":"https:\/\/odavprint.ee\/et\/#organization"},"alternateName":"Kassettide, toonerite t\u00e4itmine ja m\u00fc\u00fck.","potentialAction":[{"@type":"SearchAction","target":{"@type":"EntryPoint","urlTemplate":"https:\/\/odavprint.ee\/et\/?s={search_term_string}"},"query-input":"required name=search_term_string"}],"inLanguage":"et"},{"@type":["Organization","Place"],"@id":"https:\/\/odavprint.ee\/et\/#organization","name":"Odav Print O\u00dc","url":"https:\/\/odavprint.ee\/et\/","logo":{"@id":"https:\/\/odavprint.ee\/et\/product\/brother-bss-1d300-110-bss1d300110-110mm-x-30m\/#local-main-organization-logo"},"image":{"@id":"https:\/\/odavprint.ee\/et\/product\/brother-bss-1d300-110-bss1d300110-110mm-x-30m\/#local-main-organization-logo"},"address":{"@id":"https:\/\/odavprint.ee\/et\/product\/brother-bss-1d300-110-bss1d300110-110mm-x-30m\/#local-main-place-address"},"geo":{"@type":"GeoCoordinates","latitude":"59.4306504","longitude":"24.8095743"},"telephone":["53836926"],"openingHoursSpecification":[{"@type":"OpeningHoursSpecification","dayOfWeek":["Monday","Tuesday","Wednesday","Thursday","Friday","Saturday","Sunday"],"opens":"09:00","closes":"17:00"}],"email":"info@odavprint.eu"},{"@type":"PostalAddress","@id":"https:\/\/odavprint.ee\/et\/product\/brother-bss-1d300-110-bss1d300110-110mm-x-30m\/#local-main-place-address","streetAddress":"Pae tn 28","addressLocality":"Tallinn","postalCode":"11415","addressRegion":"Harjumaa","addressCountry":"EE"},{"@type":"ImageObject","inLanguage":"et","@id":"https:\/\/odavprint.ee\/et\/product\/brother-bss-1d300-110-bss1d300110-110mm-x-30m\/#local-main-organization-logo","url":"https:\/\/odavprint.ee\/wp-content\/uploads\/2018\/10\/odavprint-logo-240.jpg","contentUrl":"https:\/\/odavprint.ee\/wp-content\/uploads\/2018\/10\/odavprint-logo-240.jpg","width":240,"height":36,"caption":"Odav Print O\u00dc"}]},"product_price_amount":"14.73","product_price_currency":"EUR","og_availability":"instock","product_availability":"instock","product_condition":"new","geo.placename":"Tallinn","geo.position":{"lat":"59.4306504","long":"24.8095743"},"geo.region":"Estonia"},"_links":{"self":[{"href":"https:\/\/odavprint.ee\/et\/wp-json\/wp\/v2\/product\/217523"}],"collection":[{"href":"https:\/\/odavprint.ee\/et\/wp-json\/wp\/v2\/product"}],"about":[{"href":"https:\/\/odavprint.ee\/et\/wp-json\/wp\/v2\/types\/product"}],"wp:featuredmedia":[{"embeddable":true,"href":"https:\/\/odavprint.ee\/et\/wp-json\/wp\/v2\/media\/217524"}],"wp:attachment":[{"href":"https:\/\/odavprint.ee\/et\/wp-json\/wp\/v2\/media?parent=217523"}],"wp:term":[{"taxonomy":"product_cat","embeddable":true,"href":"https:\/\/odavprint.ee\/et\/wp-json\/wp\/v2\/product_cat?post=217523"},{"taxonomy":"product_tag","embeddable":true,"href":"https:\/\/odavprint.ee\/et\/wp-json\/wp\/v2\/product_tag?post=217523"}],"curies":[{"name":"wp","href":"https:\/\/api.w.org\/{rel}","templated":true}]}}