{"id":218215,"date":"2026-02-20T00:35:28","date_gmt":"2026-02-19T22:35:28","guid":{"rendered":"https:\/\/odavprint.ee\/?post_type=product&#038;p=218215"},"modified":"2026-04-21T04:42:03","modified_gmt":"2026-04-21T01:42:03","slug":"brother-pt-h100r2xg1-pth100r2xg1-etiketiprinter-tze-231-dore-2-tukki","status":"publish","type":"product","link":"https:\/\/odavprint.ee\/et\/product\/brother-pt-h100r2xg1-pth100r2xg1-etiketiprinter-tze-231-dore-2-tukki\/","title":{"rendered":"Brother PT-H100R2XG1 PTH100R2XG1 etiketiprinter + TZe-231\/Dore 2 t\u00fckki"},"content":{"rendered":"<div class=\"flex flex-grow flex-col gap-3\">\n<div class=\"min-h-[20px] flex flex-col items-start gap-4 whitespace-pre-wrap\">\n<div class=\"markdown prose w-full break-words dark:prose-invert light\">\n<p>Brother PTH100R2XG1 PT-H100R2XG1 on kaasaskantav sildiprinter, mis sobib suurep\u00e4raselt koduseks, kontori v\u00f5i v\u00e4ikese ettev\u00f5tte kasutamiseks. See v\u00f5imaldab luua erineva teabega erksaid ja selgeid silte, sealhulgas teksti, numbreid, s\u00fcmbolid ja pilte.<\/p>\n<p>Selle printeriga on v\u00f5imalik luua erineva suuruse ja kujuga silte, mist\u00f5ttu on see mugav erinevateks \u00fclesanneteks, n\u00e4iteks failide m\u00e4rgistamiseks, kaablite korraldamiseks, hindade siltide loomiseks, toodete m\u00e4rgistamiseks ja palju muuks.<\/p>\n<p>PTH100R2XG1 on kerge ja kompaktse disainiga, mis muudab selle mugavaks kaasaskandmiseks ja kasutamiseks erinevates kohtades. Sellel on ere ja arusaadav LCD-ekraan, mis tagab printeri mugava juhtimise ja seadistamise.<\/p>\n<p>Siltide loomiseks kasutab printer Brother TZe linti, mis on saadaval erinevates v\u00e4rvides ja laiustes. TZe-lindidel on kaitsekiht, mis kaitseb silte vee, tolmu ja kulumise eest, muutes need vastupidavaks ja usaldusv\u00e4\u00e4rseks.<\/p>\n<p>Brother PTH100R2XG1 PT-H100R2XG1 on usaldusv\u00e4\u00e4rne ja mugav printer, mis aitab teil oma t\u00f6\u00f6d korraldada ja suurendada oma \u00fclesannete t\u00f5husust.<\/p>\n<\/div>\n<\/div>\n<\/div>\n","protected":false},"excerpt":{"rendered":"<p>Brother PTH100R2XG1 PT-H100R2XG1 on kaasaskantav sildiprinter, mis sobib suurep\u00e4raselt koduseks, kontori v\u00f5i v\u00e4ikese ettev\u00f5tte kasutamiseks. See v\u00f5imaldab luua erineva teabega erksaid ja selgeid silte, sealhulgas teksti, numbreid, s\u00fcmbolid ja pilte. Selle printeriga on v\u00f5imalik luua erineva suuruse ja kujuga silte, mist\u00f5ttu on see mugav erinevateks \u00fclesanneteks, n\u00e4iteks failide m\u00e4rgistamiseks, kaablite korraldamiseks, hindade siltide loomiseks, toodete [&#8230;]\n","protected":false},"featured_media":218216,"template":"","meta":{"inline_featured_image":false},"product_cat":[39148,39163,39165],"product_tag":[],"yoast_head":"<!-- This site is optimized with the Yoast SEO Premium plugin v23.0 (Yoast SEO v23.0) - https:\/\/yoast.com\/wordpress\/plugins\/seo\/ -->\n<title>Brother PT-H100R2XG1 PTH100R2XG1 etiketiprinter + TZe-231\/Dore 2 t\u00fckki, hea hinnaga, osta e-pood - Odav Print<\/title>\n<meta name=\"description\" content=\"Osta Brother PT-H100R2XG1 PTH100R2XG1 etiketiprinter + TZe-231\/Dore 2 t\u00fckki Odav Print \u260e +372 5911 9495 \u2714\ufe0f Parim hind Brother PT-H100R2XG1 PTH100R2XG1 etiketiprinter + TZe-231\/Dore 2 t\u00fckki jaoks \u26df Kiire kohaletoimetamine Eestis \u2b50 Garanteeritud\" \/>\n<meta name=\"robots\" content=\"index, follow, max-snippet:-1, max-image-preview:large, max-video-preview:-1\" \/>\n<link rel=\"canonical\" href=\"https:\/\/odavprint.ee\/et\/product\/brother-pt-h100r2xg1-pth100r2xg1-etiketiprinter-tze-231-dore-2-tukki\/\" \/>\n<meta property=\"og:locale\" content=\"et_EE\" \/>\n<meta property=\"og:type\" content=\"article\" \/>\n<meta property=\"og:title\" content=\"Brother PT-H100R2XG1 PTH100R2XG1 etiketiprinter + TZe-231\/Dore 2 t\u00fckki\" \/>\n<meta property=\"og:description\" content=\"Osta Brother PT-H100R2XG1 PTH100R2XG1 etiketiprinter + TZe-231\/Dore 2 t\u00fckki Odav Print \u260e +372 5911 9495 \u2714\ufe0f Parim hind Brother PT-H100R2XG1 PTH100R2XG1 etiketiprinter + TZe-231\/Dore 2 t\u00fckki jaoks \u26df Kiire kohaletoimetamine Eestis \u2b50 Garanteeritud\" \/>\n<meta property=\"og:url\" content=\"https:\/\/odavprint.ee\/et\/product\/brother-pt-h100r2xg1-pth100r2xg1-etiketiprinter-tze-231-dore-2-tukki\/\" \/>\n<meta property=\"og:site_name\" content=\"Odav Print\" \/>\n<meta property=\"article:modified_time\" content=\"2026-04-21T01:42:03+00:00\" \/>\n<meta name=\"twitter:card\" content=\"summary_large_image\" \/>\n<meta name=\"twitter:label1\" content=\"Price\" \/>\n\t<meta name=\"twitter:data1\" content=\"&euro;47.00\" \/>\n\t<meta name=\"twitter:label2\" content=\"Availability\" \/>\n\t<meta name=\"twitter:data2\" content=\"In stock\" \/>\n<script type=\"application\/ld+json\" class=\"yoast-schema-graph\">{\"@context\":\"https:\/\/schema.org\",\"@graph\":[{\"@type\":[\"WebPage\",\"ItemPage\"],\"@id\":\"https:\/\/odavprint.ee\/et\/product\/brother-pt-h100r2xg1-pth100r2xg1-etiketiprinter-tze-231-dore-2-tukki\/\",\"url\":\"https:\/\/odavprint.ee\/et\/product\/brother-pt-h100r2xg1-pth100r2xg1-etiketiprinter-tze-231-dore-2-tukki\/\",\"name\":\"Brother PT-H100R2XG1 PTH100R2XG1 etiketiprinter + TZe-231\/Dore 2 t\u00fckki, hea hinnaga, osta e-pood - Odav Print\",\"isPartOf\":{\"@id\":\"https:\/\/odavprint.ee\/et\/#website\"},\"primaryImageOfPage\":{\"@id\":\"https:\/\/odavprint.ee\/et\/product\/brother-pt-h100r2xg1-pth100r2xg1-etiketiprinter-tze-231-dore-2-tukki\/#primaryimage\"},\"image\":{\"@id\":\"https:\/\/odavprint.ee\/et\/product\/brother-pt-h100r2xg1-pth100r2xg1-etiketiprinter-tze-231-dore-2-tukki\/#primaryimage\"},\"thumbnailUrl\":\"https:\/\/odavprint.ee\/wp-content\/uploads\/2026\/02\/brother-pth100r2xg1-pt-h100r2xg1-labelling-machine-tze-231-dore-2-pcs-en.jpg\",\"datePublished\":\"2026-02-19T22:35:28+00:00\",\"dateModified\":\"2026-04-21T01:42:03+00:00\",\"description\":\"Osta Brother PT-H100R2XG1 PTH100R2XG1 etiketiprinter + TZe-231\/Dore 2 t\u00fckki Odav Print \u260e +372 5911 9495 \u2714\ufe0f Parim hind Brother PT-H100R2XG1 PTH100R2XG1 etiketiprinter + TZe-231\/Dore 2 t\u00fckki jaoks \u26df Kiire kohaletoimetamine Eestis \u2b50 Garanteeritud\",\"breadcrumb\":{\"@id\":\"https:\/\/odavprint.ee\/et\/product\/brother-pt-h100r2xg1-pth100r2xg1-etiketiprinter-tze-231-dore-2-tukki\/#breadcrumb\"},\"inLanguage\":\"et\",\"potentialAction\":[{\"@type\":\"ReadAction\",\"target\":[\"https:\/\/odavprint.ee\/et\/product\/brother-pt-h100r2xg1-pth100r2xg1-etiketiprinter-tze-231-dore-2-tukki\/\"]}]},{\"@type\":\"ImageObject\",\"inLanguage\":\"et\",\"@id\":\"https:\/\/odavprint.ee\/et\/product\/brother-pt-h100r2xg1-pth100r2xg1-etiketiprinter-tze-231-dore-2-tukki\/#primaryimage\",\"url\":\"https:\/\/odavprint.ee\/wp-content\/uploads\/2026\/02\/brother-pth100r2xg1-pt-h100r2xg1-labelling-machine-tze-231-dore-2-pcs-en.jpg\",\"contentUrl\":\"https:\/\/odavprint.ee\/wp-content\/uploads\/2026\/02\/brother-pth100r2xg1-pt-h100r2xg1-labelling-machine-tze-231-dore-2-pcs-en.jpg\",\"width\":578,\"height\":365},{\"@type\":\"BreadcrumbList\",\"@id\":\"https:\/\/odavprint.ee\/et\/product\/brother-pt-h100r2xg1-pth100r2xg1-etiketiprinter-tze-231-dore-2-tukki\/#breadcrumb\",\"itemListElement\":[{\"@type\":\"ListItem\",\"position\":1,\"name\":\"Home\",\"item\":\"https:\/\/odavprint.ee\/et\/esileht\/\"},{\"@type\":\"ListItem\",\"position\":2,\"name\":\"E-pood\",\"item\":\"https:\/\/odavprint.ee\/et\/shop\/\"},{\"@type\":\"ListItem\",\"position\":3,\"name\":\"Brother PT-H100R2XG1 PTH100R2XG1 etiketiprinter + TZe-231\/Dore 2 t\u00fckki\"}]},{\"@type\":\"WebSite\",\"@id\":\"https:\/\/odavprint.ee\/et\/#website\",\"url\":\"https:\/\/odavprint.ee\/et\/\",\"name\":\"Odav Print\",\"description\":\"Just another WordPress site\",\"publisher\":{\"@id\":\"https:\/\/odavprint.ee\/et\/#organization\"},\"alternateName\":\"Kassettide, toonerite t\u00e4itmine ja m\u00fc\u00fck.\",\"potentialAction\":[{\"@type\":\"SearchAction\",\"target\":{\"@type\":\"EntryPoint\",\"urlTemplate\":\"https:\/\/odavprint.ee\/et\/?s={search_term_string}\"},\"query-input\":\"required name=search_term_string\"}],\"inLanguage\":\"et\"},{\"@type\":[\"Organization\",\"Place\"],\"@id\":\"https:\/\/odavprint.ee\/et\/#organization\",\"name\":\"Odav Print O\u00dc\",\"url\":\"https:\/\/odavprint.ee\/et\/\",\"logo\":{\"@id\":\"https:\/\/odavprint.ee\/et\/product\/brother-pt-h100r2xg1-pth100r2xg1-etiketiprinter-tze-231-dore-2-tukki\/#local-main-organization-logo\"},\"image\":{\"@id\":\"https:\/\/odavprint.ee\/et\/product\/brother-pt-h100r2xg1-pth100r2xg1-etiketiprinter-tze-231-dore-2-tukki\/#local-main-organization-logo\"},\"address\":{\"@id\":\"https:\/\/odavprint.ee\/et\/product\/brother-pt-h100r2xg1-pth100r2xg1-etiketiprinter-tze-231-dore-2-tukki\/#local-main-place-address\"},\"geo\":{\"@type\":\"GeoCoordinates\",\"latitude\":\"59.4306504\",\"longitude\":\"24.8095743\"},\"telephone\":[\"53836926\"],\"openingHoursSpecification\":[{\"@type\":\"OpeningHoursSpecification\",\"dayOfWeek\":[\"Monday\",\"Tuesday\",\"Wednesday\",\"Thursday\",\"Friday\",\"Saturday\",\"Sunday\"],\"opens\":\"09:00\",\"closes\":\"17:00\"}],\"email\":\"info@odavprint.eu\"},{\"@type\":\"PostalAddress\",\"@id\":\"https:\/\/odavprint.ee\/et\/product\/brother-pt-h100r2xg1-pth100r2xg1-etiketiprinter-tze-231-dore-2-tukki\/#local-main-place-address\",\"streetAddress\":\"Pae tn 28\",\"addressLocality\":\"Tallinn\",\"postalCode\":\"11415\",\"addressRegion\":\"Harjumaa\",\"addressCountry\":\"EE\"},{\"@type\":\"ImageObject\",\"inLanguage\":\"et\",\"@id\":\"https:\/\/odavprint.ee\/et\/product\/brother-pt-h100r2xg1-pth100r2xg1-etiketiprinter-tze-231-dore-2-tukki\/#local-main-organization-logo\",\"url\":\"https:\/\/odavprint.ee\/wp-content\/uploads\/2018\/10\/odavprint-logo-240.jpg\",\"contentUrl\":\"https:\/\/odavprint.ee\/wp-content\/uploads\/2018\/10\/odavprint-logo-240.jpg\",\"width\":240,\"height\":36,\"caption\":\"Odav Print O\u00dc\"}]}<\/script>\n<meta property=\"product:price:amount\" content=\"47.00\" \/>\n<meta property=\"product:price:currency\" content=\"EUR\" \/>\n<meta property=\"og:availability\" content=\"instock\" \/>\n<meta property=\"product:availability\" content=\"instock\" \/>\n<meta property=\"product:condition\" content=\"new\" \/>\n<meta name=\"geo.placename\" content=\"Tallinn\" \/>\n<meta name=\"geo.position\" content=\"59.4306504;24.8095743\" \/>\n<meta name=\"geo.region\" content=\"Estonia\" \/>\n<!-- \/ Yoast SEO Premium plugin. -->","yoast_head_json":{"title":"Brother PT-H100R2XG1 PTH100R2XG1 etiketiprinter + TZe-231\/Dore 2 t\u00fckki, hea hinnaga, osta e-pood - Odav Print","description":"Osta Brother PT-H100R2XG1 PTH100R2XG1 etiketiprinter + TZe-231\/Dore 2 t\u00fckki Odav Print \u260e +372 5911 9495 \u2714\ufe0f Parim hind Brother PT-H100R2XG1 PTH100R2XG1 etiketiprinter + TZe-231\/Dore 2 t\u00fckki jaoks \u26df Kiire kohaletoimetamine Eestis \u2b50 Garanteeritud","robots":{"index":"index","follow":"follow","max-snippet":"max-snippet:-1","max-image-preview":"max-image-preview:large","max-video-preview":"max-video-preview:-1"},"canonical":"https:\/\/odavprint.ee\/et\/product\/brother-pt-h100r2xg1-pth100r2xg1-etiketiprinter-tze-231-dore-2-tukki\/","og_locale":"et_EE","og_type":"article","og_title":"Brother PT-H100R2XG1 PTH100R2XG1 etiketiprinter + TZe-231\/Dore 2 t\u00fckki","og_description":"Osta Brother PT-H100R2XG1 PTH100R2XG1 etiketiprinter + TZe-231\/Dore 2 t\u00fckki Odav Print \u260e +372 5911 9495 \u2714\ufe0f Parim hind Brother PT-H100R2XG1 PTH100R2XG1 etiketiprinter + TZe-231\/Dore 2 t\u00fckki jaoks \u26df Kiire kohaletoimetamine Eestis \u2b50 Garanteeritud","og_url":"https:\/\/odavprint.ee\/et\/product\/brother-pt-h100r2xg1-pth100r2xg1-etiketiprinter-tze-231-dore-2-tukki\/","og_site_name":"Odav Print","article_modified_time":"2026-04-21T01:42:03+00:00","twitter_card":"summary_large_image","twitter_misc":{"Price":"&euro;47.00","Availability":"In stock"},"schema":{"@context":"https:\/\/schema.org","@graph":[{"@type":["WebPage","ItemPage"],"@id":"https:\/\/odavprint.ee\/et\/product\/brother-pt-h100r2xg1-pth100r2xg1-etiketiprinter-tze-231-dore-2-tukki\/","url":"https:\/\/odavprint.ee\/et\/product\/brother-pt-h100r2xg1-pth100r2xg1-etiketiprinter-tze-231-dore-2-tukki\/","name":"Brother PT-H100R2XG1 PTH100R2XG1 etiketiprinter + TZe-231\/Dore 2 t\u00fckki, hea hinnaga, osta e-pood - Odav Print","isPartOf":{"@id":"https:\/\/odavprint.ee\/et\/#website"},"primaryImageOfPage":{"@id":"https:\/\/odavprint.ee\/et\/product\/brother-pt-h100r2xg1-pth100r2xg1-etiketiprinter-tze-231-dore-2-tukki\/#primaryimage"},"image":{"@id":"https:\/\/odavprint.ee\/et\/product\/brother-pt-h100r2xg1-pth100r2xg1-etiketiprinter-tze-231-dore-2-tukki\/#primaryimage"},"thumbnailUrl":"https:\/\/odavprint.ee\/wp-content\/uploads\/2026\/02\/brother-pth100r2xg1-pt-h100r2xg1-labelling-machine-tze-231-dore-2-pcs-en.jpg","datePublished":"2026-02-19T22:35:28+00:00","dateModified":"2026-04-21T01:42:03+00:00","description":"Osta Brother PT-H100R2XG1 PTH100R2XG1 etiketiprinter + TZe-231\/Dore 2 t\u00fckki Odav Print \u260e +372 5911 9495 \u2714\ufe0f Parim hind Brother PT-H100R2XG1 PTH100R2XG1 etiketiprinter + TZe-231\/Dore 2 t\u00fckki jaoks \u26df Kiire kohaletoimetamine Eestis \u2b50 Garanteeritud","breadcrumb":{"@id":"https:\/\/odavprint.ee\/et\/product\/brother-pt-h100r2xg1-pth100r2xg1-etiketiprinter-tze-231-dore-2-tukki\/#breadcrumb"},"inLanguage":"et","potentialAction":[{"@type":"ReadAction","target":["https:\/\/odavprint.ee\/et\/product\/brother-pt-h100r2xg1-pth100r2xg1-etiketiprinter-tze-231-dore-2-tukki\/"]}]},{"@type":"ImageObject","inLanguage":"et","@id":"https:\/\/odavprint.ee\/et\/product\/brother-pt-h100r2xg1-pth100r2xg1-etiketiprinter-tze-231-dore-2-tukki\/#primaryimage","url":"https:\/\/odavprint.ee\/wp-content\/uploads\/2026\/02\/brother-pth100r2xg1-pt-h100r2xg1-labelling-machine-tze-231-dore-2-pcs-en.jpg","contentUrl":"https:\/\/odavprint.ee\/wp-content\/uploads\/2026\/02\/brother-pth100r2xg1-pt-h100r2xg1-labelling-machine-tze-231-dore-2-pcs-en.jpg","width":578,"height":365},{"@type":"BreadcrumbList","@id":"https:\/\/odavprint.ee\/et\/product\/brother-pt-h100r2xg1-pth100r2xg1-etiketiprinter-tze-231-dore-2-tukki\/#breadcrumb","itemListElement":[{"@type":"ListItem","position":1,"name":"Home","item":"https:\/\/odavprint.ee\/et\/esileht\/"},{"@type":"ListItem","position":2,"name":"E-pood","item":"https:\/\/odavprint.ee\/et\/shop\/"},{"@type":"ListItem","position":3,"name":"Brother PT-H100R2XG1 PTH100R2XG1 etiketiprinter + TZe-231\/Dore 2 t\u00fckki"}]},{"@type":"WebSite","@id":"https:\/\/odavprint.ee\/et\/#website","url":"https:\/\/odavprint.ee\/et\/","name":"Odav Print","description":"Just another WordPress site","publisher":{"@id":"https:\/\/odavprint.ee\/et\/#organization"},"alternateName":"Kassettide, toonerite t\u00e4itmine ja m\u00fc\u00fck.","potentialAction":[{"@type":"SearchAction","target":{"@type":"EntryPoint","urlTemplate":"https:\/\/odavprint.ee\/et\/?s={search_term_string}"},"query-input":"required name=search_term_string"}],"inLanguage":"et"},{"@type":["Organization","Place"],"@id":"https:\/\/odavprint.ee\/et\/#organization","name":"Odav Print O\u00dc","url":"https:\/\/odavprint.ee\/et\/","logo":{"@id":"https:\/\/odavprint.ee\/et\/product\/brother-pt-h100r2xg1-pth100r2xg1-etiketiprinter-tze-231-dore-2-tukki\/#local-main-organization-logo"},"image":{"@id":"https:\/\/odavprint.ee\/et\/product\/brother-pt-h100r2xg1-pth100r2xg1-etiketiprinter-tze-231-dore-2-tukki\/#local-main-organization-logo"},"address":{"@id":"https:\/\/odavprint.ee\/et\/product\/brother-pt-h100r2xg1-pth100r2xg1-etiketiprinter-tze-231-dore-2-tukki\/#local-main-place-address"},"geo":{"@type":"GeoCoordinates","latitude":"59.4306504","longitude":"24.8095743"},"telephone":["53836926"],"openingHoursSpecification":[{"@type":"OpeningHoursSpecification","dayOfWeek":["Monday","Tuesday","Wednesday","Thursday","Friday","Saturday","Sunday"],"opens":"09:00","closes":"17:00"}],"email":"info@odavprint.eu"},{"@type":"PostalAddress","@id":"https:\/\/odavprint.ee\/et\/product\/brother-pt-h100r2xg1-pth100r2xg1-etiketiprinter-tze-231-dore-2-tukki\/#local-main-place-address","streetAddress":"Pae tn 28","addressLocality":"Tallinn","postalCode":"11415","addressRegion":"Harjumaa","addressCountry":"EE"},{"@type":"ImageObject","inLanguage":"et","@id":"https:\/\/odavprint.ee\/et\/product\/brother-pt-h100r2xg1-pth100r2xg1-etiketiprinter-tze-231-dore-2-tukki\/#local-main-organization-logo","url":"https:\/\/odavprint.ee\/wp-content\/uploads\/2018\/10\/odavprint-logo-240.jpg","contentUrl":"https:\/\/odavprint.ee\/wp-content\/uploads\/2018\/10\/odavprint-logo-240.jpg","width":240,"height":36,"caption":"Odav Print O\u00dc"}]},"product_price_amount":"47.00","product_price_currency":"EUR","og_availability":"instock","product_availability":"instock","product_condition":"new","geo.placename":"Tallinn","geo.position":{"lat":"59.4306504","long":"24.8095743"},"geo.region":"Estonia"},"_links":{"self":[{"href":"https:\/\/odavprint.ee\/et\/wp-json\/wp\/v2\/product\/218215"}],"collection":[{"href":"https:\/\/odavprint.ee\/et\/wp-json\/wp\/v2\/product"}],"about":[{"href":"https:\/\/odavprint.ee\/et\/wp-json\/wp\/v2\/types\/product"}],"wp:featuredmedia":[{"embeddable":true,"href":"https:\/\/odavprint.ee\/et\/wp-json\/wp\/v2\/media\/218216"}],"wp:attachment":[{"href":"https:\/\/odavprint.ee\/et\/wp-json\/wp\/v2\/media?parent=218215"}],"wp:term":[{"taxonomy":"product_cat","embeddable":true,"href":"https:\/\/odavprint.ee\/et\/wp-json\/wp\/v2\/product_cat?post=218215"},{"taxonomy":"product_tag","embeddable":true,"href":"https:\/\/odavprint.ee\/et\/wp-json\/wp\/v2\/product_tag?post=218215"}],"curies":[{"name":"wp","href":"https:\/\/api.w.org\/{rel}","templated":true}]}}