{"id":219605,"date":"2026-02-20T04:05:27","date_gmt":"2026-02-20T02:05:27","guid":{"rendered":"https:\/\/odavprint.ee\/?post_type=product&#038;p=219605"},"modified":"2026-03-02T18:18:32","modified_gmt":"2026-03-02T16:18:32","slug":"godex-grs945-allround-resin-ttr-55mm-x-450m-254-sudamikuga-cso","status":"publish","type":"product","link":"https:\/\/odavprint.ee\/et\/product\/godex-grs945-allround-resin-ttr-55mm-x-450m-254-sudamikuga-cso\/","title":{"rendered":"Godex GRS945 allround Resin TTR 55mm x 450m 25,4 s\u00fcdamikuga CSO"},"content":{"rendered":"<p>Godex GRS945 allround Resin TTR on kvaliteetne termotransfeeri lint, mille laius on 55 mm ja pikkus 450 meetrit. See sisaldab 25,4 mm s\u00fcdamikku ja on m\u00f5eldud kasutamiseks Godexi sildiprinteritega. See universaalne vaigulint pakub vastupidavaid, k\u00f5rge resolutsiooniga tr\u00fckiseid, muutes selle ideaalseks erinevate materjalide, sealhulgas siltide ja v\u00f6\u00f6tkoodide printimiseks.<\/p>\n<p><strong>S\u00fcdamiku suurus:<\/strong> 25,4 mm<br \/><strong>V\u00e4rv:<\/strong> Must<\/p><\/p>\n","protected":false},"excerpt":{"rendered":"<p>Godex GRS945 allround Resin TTR on kvaliteetne termotransfeeri lint, mille laius on 55 mm ja pikkus 450 meetrit. See sisaldab 25,4 mm s\u00fcdamikku ja on m\u00f5eldud kasutamiseks Godexi sildiprinteritega. See universaalne vaigulint pakub vastupidavaid, k\u00f5rge resolutsiooniga tr\u00fckiseid, muutes selle ideaalseks erinevate materjalide, sealhulgas siltide ja v\u00f6\u00f6tkoodide printimiseks. S\u00fcdamiku suurus: 25,4 mmV\u00e4rv: Must<\/p>\n","protected":false},"featured_media":219606,"template":"","meta":{"inline_featured_image":false},"product_cat":[39148,39162],"product_tag":[],"yoast_head":"<!-- This site is optimized with the Yoast SEO Premium plugin v23.0 (Yoast SEO v23.0) - https:\/\/yoast.com\/wordpress\/plugins\/seo\/ -->\n<title>Godex GRS945 allround Resin TTR 55mm x 450m 25,4 s\u00fcdamikuga CSO, hea hinnaga, osta e-pood - Odav Print<\/title>\n<meta name=\"description\" content=\"Osta Godex GRS945 allround Resin TTR 55mm x 450m 25,4 s\u00fcdamikuga CSO Odav Print \u260e +372 5911 9495 \u2714\ufe0f Parim hind Godex GRS945 allround Resin TTR 55mm x 450m 25,4 s\u00fcdamikuga CSO jaoks \u26df Kiire kohaletoimetamine Eestis \u2b50 Garanteeritud\" \/>\n<meta name=\"robots\" content=\"index, follow, max-snippet:-1, max-image-preview:large, max-video-preview:-1\" \/>\n<link rel=\"canonical\" href=\"https:\/\/odavprint.ee\/et\/product\/godex-grs945-allround-resin-ttr-55mm-x-450m-254-sudamikuga-cso\/\" \/>\n<meta property=\"og:locale\" content=\"et_EE\" \/>\n<meta property=\"og:type\" content=\"article\" \/>\n<meta property=\"og:title\" content=\"Godex GRS945 allround Resin TTR 55mm x 450m 25,4 s\u00fcdamikuga CSO\" \/>\n<meta property=\"og:description\" content=\"Osta Godex GRS945 allround Resin TTR 55mm x 450m 25,4 s\u00fcdamikuga CSO Odav Print \u260e +372 5911 9495 \u2714\ufe0f Parim hind Godex GRS945 allround Resin TTR 55mm x 450m 25,4 s\u00fcdamikuga CSO jaoks \u26df Kiire kohaletoimetamine Eestis \u2b50 Garanteeritud\" \/>\n<meta property=\"og:url\" content=\"https:\/\/odavprint.ee\/et\/product\/godex-grs945-allround-resin-ttr-55mm-x-450m-254-sudamikuga-cso\/\" \/>\n<meta property=\"og:site_name\" content=\"Odav Print\" \/>\n<meta property=\"article:modified_time\" content=\"2026-03-02T16:18:32+00:00\" \/>\n<meta name=\"twitter:card\" content=\"summary_large_image\" \/>\n<meta name=\"twitter:label1\" content=\"Price\" \/>\n\t<meta name=\"twitter:data1\" content=\"&euro;31.24\" \/>\n\t<meta name=\"twitter:label2\" content=\"Availability\" \/>\n\t<meta name=\"twitter:data2\" content=\"In stock\" \/>\n<script type=\"application\/ld+json\" class=\"yoast-schema-graph\">{\"@context\":\"https:\/\/schema.org\",\"@graph\":[{\"@type\":[\"WebPage\",\"ItemPage\"],\"@id\":\"https:\/\/odavprint.ee\/et\/product\/godex-grs945-allround-resin-ttr-55mm-x-450m-254-sudamikuga-cso\/\",\"url\":\"https:\/\/odavprint.ee\/et\/product\/godex-grs945-allround-resin-ttr-55mm-x-450m-254-sudamikuga-cso\/\",\"name\":\"Godex GRS945 allround Resin TTR 55mm x 450m 25,4 s\u00fcdamikuga CSO, hea hinnaga, osta e-pood - Odav Print\",\"isPartOf\":{\"@id\":\"https:\/\/odavprint.ee\/et\/#website\"},\"primaryImageOfPage\":{\"@id\":\"https:\/\/odavprint.ee\/et\/product\/godex-grs945-allround-resin-ttr-55mm-x-450m-254-sudamikuga-cso\/#primaryimage\"},\"image\":{\"@id\":\"https:\/\/odavprint.ee\/et\/product\/godex-grs945-allround-resin-ttr-55mm-x-450m-254-sudamikuga-cso\/#primaryimage\"},\"thumbnailUrl\":\"https:\/\/odavprint.ee\/wp-content\/uploads\/2026\/02\/grs945-allround-resin-ttr-55mm-450m-1core-cso-scaled.jpg\",\"datePublished\":\"2026-02-20T02:05:27+00:00\",\"dateModified\":\"2026-03-02T16:18:32+00:00\",\"description\":\"Osta Godex GRS945 allround Resin TTR 55mm x 450m 25,4 s\u00fcdamikuga CSO Odav Print \u260e +372 5911 9495 \u2714\ufe0f Parim hind Godex GRS945 allround Resin TTR 55mm x 450m 25,4 s\u00fcdamikuga CSO jaoks \u26df Kiire kohaletoimetamine Eestis \u2b50 Garanteeritud\",\"breadcrumb\":{\"@id\":\"https:\/\/odavprint.ee\/et\/product\/godex-grs945-allround-resin-ttr-55mm-x-450m-254-sudamikuga-cso\/#breadcrumb\"},\"inLanguage\":\"et\",\"potentialAction\":[{\"@type\":\"ReadAction\",\"target\":[\"https:\/\/odavprint.ee\/et\/product\/godex-grs945-allround-resin-ttr-55mm-x-450m-254-sudamikuga-cso\/\"]}]},{\"@type\":\"ImageObject\",\"inLanguage\":\"et\",\"@id\":\"https:\/\/odavprint.ee\/et\/product\/godex-grs945-allround-resin-ttr-55mm-x-450m-254-sudamikuga-cso\/#primaryimage\",\"url\":\"https:\/\/odavprint.ee\/wp-content\/uploads\/2026\/02\/grs945-allround-resin-ttr-55mm-450m-1core-cso-scaled.jpg\",\"contentUrl\":\"https:\/\/odavprint.ee\/wp-content\/uploads\/2026\/02\/grs945-allround-resin-ttr-55mm-450m-1core-cso-scaled.jpg\",\"width\":1920,\"height\":2560},{\"@type\":\"BreadcrumbList\",\"@id\":\"https:\/\/odavprint.ee\/et\/product\/godex-grs945-allround-resin-ttr-55mm-x-450m-254-sudamikuga-cso\/#breadcrumb\",\"itemListElement\":[{\"@type\":\"ListItem\",\"position\":1,\"name\":\"Home\",\"item\":\"https:\/\/odavprint.ee\/et\/esileht\/\"},{\"@type\":\"ListItem\",\"position\":2,\"name\":\"E-pood\",\"item\":\"https:\/\/odavprint.ee\/et\/shop\/\"},{\"@type\":\"ListItem\",\"position\":3,\"name\":\"Godex GRS945 allround Resin TTR 55mm x 450m 25,4 s\u00fcdamikuga CSO\"}]},{\"@type\":\"WebSite\",\"@id\":\"https:\/\/odavprint.ee\/et\/#website\",\"url\":\"https:\/\/odavprint.ee\/et\/\",\"name\":\"Odav Print\",\"description\":\"Just another WordPress site\",\"publisher\":{\"@id\":\"https:\/\/odavprint.ee\/et\/#organization\"},\"alternateName\":\"Kassettide, toonerite t\u00e4itmine ja m\u00fc\u00fck.\",\"potentialAction\":[{\"@type\":\"SearchAction\",\"target\":{\"@type\":\"EntryPoint\",\"urlTemplate\":\"https:\/\/odavprint.ee\/et\/?s={search_term_string}\"},\"query-input\":\"required name=search_term_string\"}],\"inLanguage\":\"et\"},{\"@type\":[\"Organization\",\"Place\"],\"@id\":\"https:\/\/odavprint.ee\/et\/#organization\",\"name\":\"Odav Print O\u00dc\",\"url\":\"https:\/\/odavprint.ee\/et\/\",\"logo\":{\"@id\":\"https:\/\/odavprint.ee\/et\/product\/godex-grs945-allround-resin-ttr-55mm-x-450m-254-sudamikuga-cso\/#local-main-organization-logo\"},\"image\":{\"@id\":\"https:\/\/odavprint.ee\/et\/product\/godex-grs945-allround-resin-ttr-55mm-x-450m-254-sudamikuga-cso\/#local-main-organization-logo\"},\"address\":{\"@id\":\"https:\/\/odavprint.ee\/et\/product\/godex-grs945-allround-resin-ttr-55mm-x-450m-254-sudamikuga-cso\/#local-main-place-address\"},\"geo\":{\"@type\":\"GeoCoordinates\",\"latitude\":\"59.4306504\",\"longitude\":\"24.8095743\"},\"telephone\":[\"53836926\"],\"openingHoursSpecification\":[{\"@type\":\"OpeningHoursSpecification\",\"dayOfWeek\":[\"Monday\",\"Tuesday\",\"Wednesday\",\"Thursday\",\"Friday\",\"Saturday\",\"Sunday\"],\"opens\":\"09:00\",\"closes\":\"17:00\"}],\"email\":\"info@odavprint.eu\"},{\"@type\":\"PostalAddress\",\"@id\":\"https:\/\/odavprint.ee\/et\/product\/godex-grs945-allround-resin-ttr-55mm-x-450m-254-sudamikuga-cso\/#local-main-place-address\",\"streetAddress\":\"Pae tn 28\",\"addressLocality\":\"Tallinn\",\"postalCode\":\"11415\",\"addressRegion\":\"Harjumaa\",\"addressCountry\":\"EE\"},{\"@type\":\"ImageObject\",\"inLanguage\":\"et\",\"@id\":\"https:\/\/odavprint.ee\/et\/product\/godex-grs945-allround-resin-ttr-55mm-x-450m-254-sudamikuga-cso\/#local-main-organization-logo\",\"url\":\"https:\/\/odavprint.ee\/wp-content\/uploads\/2018\/10\/odavprint-logo-240.jpg\",\"contentUrl\":\"https:\/\/odavprint.ee\/wp-content\/uploads\/2018\/10\/odavprint-logo-240.jpg\",\"width\":240,\"height\":36,\"caption\":\"Odav Print O\u00dc\"}]}<\/script>\n<meta property=\"product:price:amount\" content=\"31.24\" \/>\n<meta property=\"product:price:currency\" content=\"EUR\" \/>\n<meta property=\"og:availability\" content=\"instock\" \/>\n<meta property=\"product:availability\" content=\"instock\" \/>\n<meta property=\"product:condition\" content=\"new\" \/>\n<meta name=\"geo.placename\" content=\"Tallinn\" \/>\n<meta name=\"geo.position\" content=\"59.4306504;24.8095743\" \/>\n<meta name=\"geo.region\" content=\"Estonia\" \/>\n<!-- \/ Yoast SEO Premium plugin. -->","yoast_head_json":{"title":"Godex GRS945 allround Resin TTR 55mm x 450m 25,4 s\u00fcdamikuga CSO, hea hinnaga, osta e-pood - Odav Print","description":"Osta Godex GRS945 allround Resin TTR 55mm x 450m 25,4 s\u00fcdamikuga CSO Odav Print \u260e +372 5911 9495 \u2714\ufe0f Parim hind Godex GRS945 allround Resin TTR 55mm x 450m 25,4 s\u00fcdamikuga CSO jaoks \u26df Kiire kohaletoimetamine Eestis \u2b50 Garanteeritud","robots":{"index":"index","follow":"follow","max-snippet":"max-snippet:-1","max-image-preview":"max-image-preview:large","max-video-preview":"max-video-preview:-1"},"canonical":"https:\/\/odavprint.ee\/et\/product\/godex-grs945-allround-resin-ttr-55mm-x-450m-254-sudamikuga-cso\/","og_locale":"et_EE","og_type":"article","og_title":"Godex GRS945 allround Resin TTR 55mm x 450m 25,4 s\u00fcdamikuga CSO","og_description":"Osta Godex GRS945 allround Resin TTR 55mm x 450m 25,4 s\u00fcdamikuga CSO Odav Print \u260e +372 5911 9495 \u2714\ufe0f Parim hind Godex GRS945 allround Resin TTR 55mm x 450m 25,4 s\u00fcdamikuga CSO jaoks \u26df Kiire kohaletoimetamine Eestis \u2b50 Garanteeritud","og_url":"https:\/\/odavprint.ee\/et\/product\/godex-grs945-allround-resin-ttr-55mm-x-450m-254-sudamikuga-cso\/","og_site_name":"Odav Print","article_modified_time":"2026-03-02T16:18:32+00:00","twitter_card":"summary_large_image","twitter_misc":{"Price":"&euro;31.24","Availability":"In stock"},"schema":{"@context":"https:\/\/schema.org","@graph":[{"@type":["WebPage","ItemPage"],"@id":"https:\/\/odavprint.ee\/et\/product\/godex-grs945-allround-resin-ttr-55mm-x-450m-254-sudamikuga-cso\/","url":"https:\/\/odavprint.ee\/et\/product\/godex-grs945-allround-resin-ttr-55mm-x-450m-254-sudamikuga-cso\/","name":"Godex GRS945 allround Resin TTR 55mm x 450m 25,4 s\u00fcdamikuga CSO, hea hinnaga, osta e-pood - Odav Print","isPartOf":{"@id":"https:\/\/odavprint.ee\/et\/#website"},"primaryImageOfPage":{"@id":"https:\/\/odavprint.ee\/et\/product\/godex-grs945-allround-resin-ttr-55mm-x-450m-254-sudamikuga-cso\/#primaryimage"},"image":{"@id":"https:\/\/odavprint.ee\/et\/product\/godex-grs945-allround-resin-ttr-55mm-x-450m-254-sudamikuga-cso\/#primaryimage"},"thumbnailUrl":"https:\/\/odavprint.ee\/wp-content\/uploads\/2026\/02\/grs945-allround-resin-ttr-55mm-450m-1core-cso-scaled.jpg","datePublished":"2026-02-20T02:05:27+00:00","dateModified":"2026-03-02T16:18:32+00:00","description":"Osta Godex GRS945 allround Resin TTR 55mm x 450m 25,4 s\u00fcdamikuga CSO Odav Print \u260e +372 5911 9495 \u2714\ufe0f Parim hind Godex GRS945 allround Resin TTR 55mm x 450m 25,4 s\u00fcdamikuga CSO jaoks \u26df Kiire kohaletoimetamine Eestis \u2b50 Garanteeritud","breadcrumb":{"@id":"https:\/\/odavprint.ee\/et\/product\/godex-grs945-allround-resin-ttr-55mm-x-450m-254-sudamikuga-cso\/#breadcrumb"},"inLanguage":"et","potentialAction":[{"@type":"ReadAction","target":["https:\/\/odavprint.ee\/et\/product\/godex-grs945-allround-resin-ttr-55mm-x-450m-254-sudamikuga-cso\/"]}]},{"@type":"ImageObject","inLanguage":"et","@id":"https:\/\/odavprint.ee\/et\/product\/godex-grs945-allround-resin-ttr-55mm-x-450m-254-sudamikuga-cso\/#primaryimage","url":"https:\/\/odavprint.ee\/wp-content\/uploads\/2026\/02\/grs945-allround-resin-ttr-55mm-450m-1core-cso-scaled.jpg","contentUrl":"https:\/\/odavprint.ee\/wp-content\/uploads\/2026\/02\/grs945-allround-resin-ttr-55mm-450m-1core-cso-scaled.jpg","width":1920,"height":2560},{"@type":"BreadcrumbList","@id":"https:\/\/odavprint.ee\/et\/product\/godex-grs945-allround-resin-ttr-55mm-x-450m-254-sudamikuga-cso\/#breadcrumb","itemListElement":[{"@type":"ListItem","position":1,"name":"Home","item":"https:\/\/odavprint.ee\/et\/esileht\/"},{"@type":"ListItem","position":2,"name":"E-pood","item":"https:\/\/odavprint.ee\/et\/shop\/"},{"@type":"ListItem","position":3,"name":"Godex GRS945 allround Resin TTR 55mm x 450m 25,4 s\u00fcdamikuga CSO"}]},{"@type":"WebSite","@id":"https:\/\/odavprint.ee\/et\/#website","url":"https:\/\/odavprint.ee\/et\/","name":"Odav Print","description":"Just another WordPress site","publisher":{"@id":"https:\/\/odavprint.ee\/et\/#organization"},"alternateName":"Kassettide, toonerite t\u00e4itmine ja m\u00fc\u00fck.","potentialAction":[{"@type":"SearchAction","target":{"@type":"EntryPoint","urlTemplate":"https:\/\/odavprint.ee\/et\/?s={search_term_string}"},"query-input":"required name=search_term_string"}],"inLanguage":"et"},{"@type":["Organization","Place"],"@id":"https:\/\/odavprint.ee\/et\/#organization","name":"Odav Print O\u00dc","url":"https:\/\/odavprint.ee\/et\/","logo":{"@id":"https:\/\/odavprint.ee\/et\/product\/godex-grs945-allround-resin-ttr-55mm-x-450m-254-sudamikuga-cso\/#local-main-organization-logo"},"image":{"@id":"https:\/\/odavprint.ee\/et\/product\/godex-grs945-allround-resin-ttr-55mm-x-450m-254-sudamikuga-cso\/#local-main-organization-logo"},"address":{"@id":"https:\/\/odavprint.ee\/et\/product\/godex-grs945-allround-resin-ttr-55mm-x-450m-254-sudamikuga-cso\/#local-main-place-address"},"geo":{"@type":"GeoCoordinates","latitude":"59.4306504","longitude":"24.8095743"},"telephone":["53836926"],"openingHoursSpecification":[{"@type":"OpeningHoursSpecification","dayOfWeek":["Monday","Tuesday","Wednesday","Thursday","Friday","Saturday","Sunday"],"opens":"09:00","closes":"17:00"}],"email":"info@odavprint.eu"},{"@type":"PostalAddress","@id":"https:\/\/odavprint.ee\/et\/product\/godex-grs945-allround-resin-ttr-55mm-x-450m-254-sudamikuga-cso\/#local-main-place-address","streetAddress":"Pae tn 28","addressLocality":"Tallinn","postalCode":"11415","addressRegion":"Harjumaa","addressCountry":"EE"},{"@type":"ImageObject","inLanguage":"et","@id":"https:\/\/odavprint.ee\/et\/product\/godex-grs945-allround-resin-ttr-55mm-x-450m-254-sudamikuga-cso\/#local-main-organization-logo","url":"https:\/\/odavprint.ee\/wp-content\/uploads\/2018\/10\/odavprint-logo-240.jpg","contentUrl":"https:\/\/odavprint.ee\/wp-content\/uploads\/2018\/10\/odavprint-logo-240.jpg","width":240,"height":36,"caption":"Odav Print O\u00dc"}]},"product_price_amount":"31.24","product_price_currency":"EUR","og_availability":"instock","product_availability":"instock","product_condition":"new","geo.placename":"Tallinn","geo.position":{"lat":"59.4306504","long":"24.8095743"},"geo.region":"Estonia"},"_links":{"self":[{"href":"https:\/\/odavprint.ee\/et\/wp-json\/wp\/v2\/product\/219605"}],"collection":[{"href":"https:\/\/odavprint.ee\/et\/wp-json\/wp\/v2\/product"}],"about":[{"href":"https:\/\/odavprint.ee\/et\/wp-json\/wp\/v2\/types\/product"}],"wp:featuredmedia":[{"embeddable":true,"href":"https:\/\/odavprint.ee\/et\/wp-json\/wp\/v2\/media\/219606"}],"wp:attachment":[{"href":"https:\/\/odavprint.ee\/et\/wp-json\/wp\/v2\/media?parent=219605"}],"wp:term":[{"taxonomy":"product_cat","embeddable":true,"href":"https:\/\/odavprint.ee\/et\/wp-json\/wp\/v2\/product_cat?post=219605"},{"taxonomy":"product_tag","embeddable":true,"href":"https:\/\/odavprint.ee\/et\/wp-json\/wp\/v2\/product_tag?post=219605"}],"curies":[{"name":"wp","href":"https:\/\/api.w.org\/{rel}","templated":true}]}}