{"id":219657,"date":"2026-02-20T04:11:14","date_gmt":"2026-02-20T02:11:14","guid":{"rendered":"https:\/\/odavprint.ee\/?post_type=product&#038;p=219657"},"modified":"2026-03-02T18:18:33","modified_gmt":"2026-03-02T16:18:33","slug":"epson-c33s045540-korglaikega-etiketirull-102mm-x-76mm-415-etiketid-dore-analoog","status":"publish","type":"product","link":"https:\/\/odavprint.ee\/et\/product\/epson-c33s045540-korglaikega-etiketirull-102mm-x-76mm-415-etiketid-dore-analoog\/","title":{"rendered":"EPSON C33S045540 k\u00f5rgl\u00e4ikega etiketirull 102mm x 76mm \u2013 415 etiketid Dore analoog"},"content":{"rendered":"<p><strong>Printeritele:<\/strong><\/p>\n<p>Printronix TT2N2, Printronix TT2N3, Printronix T6204, Printronix T6304, Printronix T6206, Printronix T6306, Printronix T8204, Printronix T8304, Printronix T8206, Printronix T8306, Printronix T8208, Printronix T8308, Epson C3500, Epson C3400, Epson C7500G, Epson C7500, Epson C710, Primera LX500e, Primera LX1000e, Primera LX900e<\/p>\n<p><strong>M\u00f5\u00f5tmed:\u00a0<\/strong><strong>102&#215;76<\/strong><strong>mm, 415 silti, s\u00fcdamik &#8211; 40mm<\/strong><\/p>\n<p><strong>V\u00e4rv: valge<\/strong><\/p>\n","protected":false},"excerpt":{"rendered":"<p><strong>M\u00f5\u00f5tmed:\u00a0<\/strong><strong>102&#215;76<\/strong><strong>mm, 415 silti, s\u00fcdamik &#8211; 40mm<\/strong><\/p>\n<p><strong>V\u00e4rv: valge<\/strong><\/p><\/p>\n","protected":false},"featured_media":219658,"template":"","meta":{"inline_featured_image":false},"product_cat":[39148,39149,39156],"product_tag":[],"yoast_head":"<!-- This site is optimized with the Yoast SEO Premium plugin v23.0 (Yoast SEO v23.0) - https:\/\/yoast.com\/wordpress\/plugins\/seo\/ -->\n<title>EPSON C33S045540 k\u00f5rgl\u00e4ikega etiketirull 102mm x 76mm \u2013 415 etiketid Dore analoog, hea hinnaga, osta e-pood - Odav Print<\/title>\n<meta name=\"description\" content=\"Osta EPSON C33S045540 k\u00f5rgl\u00e4ikega etiketirull 102mm x 76mm \u2013 415 etiketid Dore analoog Odav Print \u260e +372 5911 9495 \u2714\ufe0f Parim hind EPSON C33S045540 k\u00f5rgl\u00e4ikega etiketirull 102mm x 76mm \u2013 415 etiketid Dore analoog jaoks \u26df Kiire kohaletoimetamine Eestis \u2b50 Garanteeritud\" \/>\n<meta name=\"robots\" content=\"index, follow, max-snippet:-1, max-image-preview:large, max-video-preview:-1\" \/>\n<link rel=\"canonical\" href=\"https:\/\/odavprint.ee\/et\/product\/epson-c33s045540-korglaikega-etiketirull-102mm-x-76mm-415-etiketid-dore-analoog\/\" \/>\n<meta property=\"og:locale\" content=\"et_EE\" \/>\n<meta property=\"og:type\" content=\"article\" \/>\n<meta property=\"og:title\" content=\"EPSON C33S045540 k\u00f5rgl\u00e4ikega etiketirull 102mm x 76mm \u2013 415 etiketid Dore analoog\" \/>\n<meta property=\"og:description\" content=\"Osta EPSON C33S045540 k\u00f5rgl\u00e4ikega etiketirull 102mm x 76mm \u2013 415 etiketid Dore analoog Odav Print \u260e +372 5911 9495 \u2714\ufe0f Parim hind EPSON C33S045540 k\u00f5rgl\u00e4ikega etiketirull 102mm x 76mm \u2013 415 etiketid Dore analoog jaoks \u26df Kiire kohaletoimetamine Eestis \u2b50 Garanteeritud\" \/>\n<meta property=\"og:url\" content=\"https:\/\/odavprint.ee\/et\/product\/epson-c33s045540-korglaikega-etiketirull-102mm-x-76mm-415-etiketid-dore-analoog\/\" \/>\n<meta property=\"og:site_name\" content=\"Odav Print\" \/>\n<meta property=\"article:modified_time\" content=\"2026-03-02T16:18:33+00:00\" \/>\n<meta name=\"twitter:card\" content=\"summary_large_image\" \/>\n<meta name=\"twitter:label1\" content=\"Price\" \/>\n\t<meta name=\"twitter:data1\" content=\"&euro;9.05\" \/>\n\t<meta name=\"twitter:label2\" content=\"Availability\" \/>\n\t<meta name=\"twitter:data2\" content=\"In stock\" \/>\n<script type=\"application\/ld+json\" class=\"yoast-schema-graph\">{\"@context\":\"https:\/\/schema.org\",\"@graph\":[{\"@type\":[\"WebPage\",\"ItemPage\"],\"@id\":\"https:\/\/odavprint.ee\/et\/product\/epson-c33s045540-korglaikega-etiketirull-102mm-x-76mm-415-etiketid-dore-analoog\/\",\"url\":\"https:\/\/odavprint.ee\/et\/product\/epson-c33s045540-korglaikega-etiketirull-102mm-x-76mm-415-etiketid-dore-analoog\/\",\"name\":\"EPSON C33S045540 k\u00f5rgl\u00e4ikega etiketirull 102mm x 76mm \u2013 415 etiketid Dore analoog, hea hinnaga, osta e-pood - Odav Print\",\"isPartOf\":{\"@id\":\"https:\/\/odavprint.ee\/et\/#website\"},\"primaryImageOfPage\":{\"@id\":\"https:\/\/odavprint.ee\/et\/product\/epson-c33s045540-korglaikega-etiketirull-102mm-x-76mm-415-etiketid-dore-analoog\/#primaryimage\"},\"image\":{\"@id\":\"https:\/\/odavprint.ee\/et\/product\/epson-c33s045540-korglaikega-etiketirull-102mm-x-76mm-415-etiketid-dore-analoog\/#primaryimage\"},\"thumbnailUrl\":\"https:\/\/odavprint.ee\/wp-content\/uploads\/2026\/02\/epson-c33s045540-high-gloss-label-roll-102mm-x-76mm-415-labels-dore-manufacturer.jpg\",\"datePublished\":\"2026-02-20T02:11:14+00:00\",\"dateModified\":\"2026-03-02T16:18:33+00:00\",\"description\":\"Osta EPSON C33S045540 k\u00f5rgl\u00e4ikega etiketirull 102mm x 76mm \u2013 415 etiketid Dore analoog Odav Print \u260e +372 5911 9495 \u2714\ufe0f Parim hind EPSON C33S045540 k\u00f5rgl\u00e4ikega etiketirull 102mm x 76mm \u2013 415 etiketid Dore analoog jaoks \u26df Kiire kohaletoimetamine Eestis \u2b50 Garanteeritud\",\"breadcrumb\":{\"@id\":\"https:\/\/odavprint.ee\/et\/product\/epson-c33s045540-korglaikega-etiketirull-102mm-x-76mm-415-etiketid-dore-analoog\/#breadcrumb\"},\"inLanguage\":\"et\",\"potentialAction\":[{\"@type\":\"ReadAction\",\"target\":[\"https:\/\/odavprint.ee\/et\/product\/epson-c33s045540-korglaikega-etiketirull-102mm-x-76mm-415-etiketid-dore-analoog\/\"]}]},{\"@type\":\"ImageObject\",\"inLanguage\":\"et\",\"@id\":\"https:\/\/odavprint.ee\/et\/product\/epson-c33s045540-korglaikega-etiketirull-102mm-x-76mm-415-etiketid-dore-analoog\/#primaryimage\",\"url\":\"https:\/\/odavprint.ee\/wp-content\/uploads\/2026\/02\/epson-c33s045540-high-gloss-label-roll-102mm-x-76mm-415-labels-dore-manufacturer.jpg\",\"contentUrl\":\"https:\/\/odavprint.ee\/wp-content\/uploads\/2026\/02\/epson-c33s045540-high-gloss-label-roll-102mm-x-76mm-415-labels-dore-manufacturer.jpg\",\"width\":381,\"height\":492},{\"@type\":\"BreadcrumbList\",\"@id\":\"https:\/\/odavprint.ee\/et\/product\/epson-c33s045540-korglaikega-etiketirull-102mm-x-76mm-415-etiketid-dore-analoog\/#breadcrumb\",\"itemListElement\":[{\"@type\":\"ListItem\",\"position\":1,\"name\":\"Home\",\"item\":\"https:\/\/odavprint.ee\/et\/esileht\/\"},{\"@type\":\"ListItem\",\"position\":2,\"name\":\"E-pood\",\"item\":\"https:\/\/odavprint.ee\/et\/shop\/\"},{\"@type\":\"ListItem\",\"position\":3,\"name\":\"EPSON C33S045540 k\u00f5rgl\u00e4ikega etiketirull 102mm x 76mm \u2013 415 etiketid Dore analoog\"}]},{\"@type\":\"WebSite\",\"@id\":\"https:\/\/odavprint.ee\/et\/#website\",\"url\":\"https:\/\/odavprint.ee\/et\/\",\"name\":\"Odav Print\",\"description\":\"Just another WordPress site\",\"publisher\":{\"@id\":\"https:\/\/odavprint.ee\/et\/#organization\"},\"alternateName\":\"Kassettide, toonerite t\u00e4itmine ja m\u00fc\u00fck.\",\"potentialAction\":[{\"@type\":\"SearchAction\",\"target\":{\"@type\":\"EntryPoint\",\"urlTemplate\":\"https:\/\/odavprint.ee\/et\/?s={search_term_string}\"},\"query-input\":\"required name=search_term_string\"}],\"inLanguage\":\"et\"},{\"@type\":[\"Organization\",\"Place\"],\"@id\":\"https:\/\/odavprint.ee\/et\/#organization\",\"name\":\"Odav Print O\u00dc\",\"url\":\"https:\/\/odavprint.ee\/et\/\",\"logo\":{\"@id\":\"https:\/\/odavprint.ee\/et\/product\/epson-c33s045540-korglaikega-etiketirull-102mm-x-76mm-415-etiketid-dore-analoog\/#local-main-organization-logo\"},\"image\":{\"@id\":\"https:\/\/odavprint.ee\/et\/product\/epson-c33s045540-korglaikega-etiketirull-102mm-x-76mm-415-etiketid-dore-analoog\/#local-main-organization-logo\"},\"address\":{\"@id\":\"https:\/\/odavprint.ee\/et\/product\/epson-c33s045540-korglaikega-etiketirull-102mm-x-76mm-415-etiketid-dore-analoog\/#local-main-place-address\"},\"geo\":{\"@type\":\"GeoCoordinates\",\"latitude\":\"59.4306504\",\"longitude\":\"24.8095743\"},\"telephone\":[\"53836926\"],\"openingHoursSpecification\":[{\"@type\":\"OpeningHoursSpecification\",\"dayOfWeek\":[\"Monday\",\"Tuesday\",\"Wednesday\",\"Thursday\",\"Friday\",\"Saturday\",\"Sunday\"],\"opens\":\"09:00\",\"closes\":\"17:00\"}],\"email\":\"info@odavprint.eu\"},{\"@type\":\"PostalAddress\",\"@id\":\"https:\/\/odavprint.ee\/et\/product\/epson-c33s045540-korglaikega-etiketirull-102mm-x-76mm-415-etiketid-dore-analoog\/#local-main-place-address\",\"streetAddress\":\"Pae tn 28\",\"addressLocality\":\"Tallinn\",\"postalCode\":\"11415\",\"addressRegion\":\"Harjumaa\",\"addressCountry\":\"EE\"},{\"@type\":\"ImageObject\",\"inLanguage\":\"et\",\"@id\":\"https:\/\/odavprint.ee\/et\/product\/epson-c33s045540-korglaikega-etiketirull-102mm-x-76mm-415-etiketid-dore-analoog\/#local-main-organization-logo\",\"url\":\"https:\/\/odavprint.ee\/wp-content\/uploads\/2018\/10\/odavprint-logo-240.jpg\",\"contentUrl\":\"https:\/\/odavprint.ee\/wp-content\/uploads\/2018\/10\/odavprint-logo-240.jpg\",\"width\":240,\"height\":36,\"caption\":\"Odav Print O\u00dc\"}]}<\/script>\n<meta property=\"product:price:amount\" content=\"9.05\" \/>\n<meta property=\"product:price:currency\" content=\"EUR\" \/>\n<meta property=\"og:availability\" content=\"instock\" \/>\n<meta property=\"product:availability\" content=\"instock\" \/>\n<meta property=\"product:condition\" content=\"new\" \/>\n<meta name=\"geo.placename\" content=\"Tallinn\" \/>\n<meta name=\"geo.position\" content=\"59.4306504;24.8095743\" \/>\n<meta name=\"geo.region\" content=\"Estonia\" \/>\n<!-- \/ Yoast SEO Premium plugin. -->","yoast_head_json":{"title":"EPSON C33S045540 k\u00f5rgl\u00e4ikega etiketirull 102mm x 76mm \u2013 415 etiketid Dore analoog, hea hinnaga, osta e-pood - Odav Print","description":"Osta EPSON C33S045540 k\u00f5rgl\u00e4ikega etiketirull 102mm x 76mm \u2013 415 etiketid Dore analoog Odav Print \u260e +372 5911 9495 \u2714\ufe0f Parim hind EPSON C33S045540 k\u00f5rgl\u00e4ikega etiketirull 102mm x 76mm \u2013 415 etiketid Dore analoog jaoks \u26df Kiire kohaletoimetamine Eestis \u2b50 Garanteeritud","robots":{"index":"index","follow":"follow","max-snippet":"max-snippet:-1","max-image-preview":"max-image-preview:large","max-video-preview":"max-video-preview:-1"},"canonical":"https:\/\/odavprint.ee\/et\/product\/epson-c33s045540-korglaikega-etiketirull-102mm-x-76mm-415-etiketid-dore-analoog\/","og_locale":"et_EE","og_type":"article","og_title":"EPSON C33S045540 k\u00f5rgl\u00e4ikega etiketirull 102mm x 76mm \u2013 415 etiketid Dore analoog","og_description":"Osta EPSON C33S045540 k\u00f5rgl\u00e4ikega etiketirull 102mm x 76mm \u2013 415 etiketid Dore analoog Odav Print \u260e +372 5911 9495 \u2714\ufe0f Parim hind EPSON C33S045540 k\u00f5rgl\u00e4ikega etiketirull 102mm x 76mm \u2013 415 etiketid Dore analoog jaoks \u26df Kiire kohaletoimetamine Eestis \u2b50 Garanteeritud","og_url":"https:\/\/odavprint.ee\/et\/product\/epson-c33s045540-korglaikega-etiketirull-102mm-x-76mm-415-etiketid-dore-analoog\/","og_site_name":"Odav Print","article_modified_time":"2026-03-02T16:18:33+00:00","twitter_card":"summary_large_image","twitter_misc":{"Price":"&euro;9.05","Availability":"In stock"},"schema":{"@context":"https:\/\/schema.org","@graph":[{"@type":["WebPage","ItemPage"],"@id":"https:\/\/odavprint.ee\/et\/product\/epson-c33s045540-korglaikega-etiketirull-102mm-x-76mm-415-etiketid-dore-analoog\/","url":"https:\/\/odavprint.ee\/et\/product\/epson-c33s045540-korglaikega-etiketirull-102mm-x-76mm-415-etiketid-dore-analoog\/","name":"EPSON C33S045540 k\u00f5rgl\u00e4ikega etiketirull 102mm x 76mm \u2013 415 etiketid Dore analoog, hea hinnaga, osta e-pood - Odav Print","isPartOf":{"@id":"https:\/\/odavprint.ee\/et\/#website"},"primaryImageOfPage":{"@id":"https:\/\/odavprint.ee\/et\/product\/epson-c33s045540-korglaikega-etiketirull-102mm-x-76mm-415-etiketid-dore-analoog\/#primaryimage"},"image":{"@id":"https:\/\/odavprint.ee\/et\/product\/epson-c33s045540-korglaikega-etiketirull-102mm-x-76mm-415-etiketid-dore-analoog\/#primaryimage"},"thumbnailUrl":"https:\/\/odavprint.ee\/wp-content\/uploads\/2026\/02\/epson-c33s045540-high-gloss-label-roll-102mm-x-76mm-415-labels-dore-manufacturer.jpg","datePublished":"2026-02-20T02:11:14+00:00","dateModified":"2026-03-02T16:18:33+00:00","description":"Osta EPSON C33S045540 k\u00f5rgl\u00e4ikega etiketirull 102mm x 76mm \u2013 415 etiketid Dore analoog Odav Print \u260e +372 5911 9495 \u2714\ufe0f Parim hind EPSON C33S045540 k\u00f5rgl\u00e4ikega etiketirull 102mm x 76mm \u2013 415 etiketid Dore analoog jaoks \u26df Kiire kohaletoimetamine Eestis \u2b50 Garanteeritud","breadcrumb":{"@id":"https:\/\/odavprint.ee\/et\/product\/epson-c33s045540-korglaikega-etiketirull-102mm-x-76mm-415-etiketid-dore-analoog\/#breadcrumb"},"inLanguage":"et","potentialAction":[{"@type":"ReadAction","target":["https:\/\/odavprint.ee\/et\/product\/epson-c33s045540-korglaikega-etiketirull-102mm-x-76mm-415-etiketid-dore-analoog\/"]}]},{"@type":"ImageObject","inLanguage":"et","@id":"https:\/\/odavprint.ee\/et\/product\/epson-c33s045540-korglaikega-etiketirull-102mm-x-76mm-415-etiketid-dore-analoog\/#primaryimage","url":"https:\/\/odavprint.ee\/wp-content\/uploads\/2026\/02\/epson-c33s045540-high-gloss-label-roll-102mm-x-76mm-415-labels-dore-manufacturer.jpg","contentUrl":"https:\/\/odavprint.ee\/wp-content\/uploads\/2026\/02\/epson-c33s045540-high-gloss-label-roll-102mm-x-76mm-415-labels-dore-manufacturer.jpg","width":381,"height":492},{"@type":"BreadcrumbList","@id":"https:\/\/odavprint.ee\/et\/product\/epson-c33s045540-korglaikega-etiketirull-102mm-x-76mm-415-etiketid-dore-analoog\/#breadcrumb","itemListElement":[{"@type":"ListItem","position":1,"name":"Home","item":"https:\/\/odavprint.ee\/et\/esileht\/"},{"@type":"ListItem","position":2,"name":"E-pood","item":"https:\/\/odavprint.ee\/et\/shop\/"},{"@type":"ListItem","position":3,"name":"EPSON C33S045540 k\u00f5rgl\u00e4ikega etiketirull 102mm x 76mm \u2013 415 etiketid Dore analoog"}]},{"@type":"WebSite","@id":"https:\/\/odavprint.ee\/et\/#website","url":"https:\/\/odavprint.ee\/et\/","name":"Odav Print","description":"Just another WordPress site","publisher":{"@id":"https:\/\/odavprint.ee\/et\/#organization"},"alternateName":"Kassettide, toonerite t\u00e4itmine ja m\u00fc\u00fck.","potentialAction":[{"@type":"SearchAction","target":{"@type":"EntryPoint","urlTemplate":"https:\/\/odavprint.ee\/et\/?s={search_term_string}"},"query-input":"required name=search_term_string"}],"inLanguage":"et"},{"@type":["Organization","Place"],"@id":"https:\/\/odavprint.ee\/et\/#organization","name":"Odav Print O\u00dc","url":"https:\/\/odavprint.ee\/et\/","logo":{"@id":"https:\/\/odavprint.ee\/et\/product\/epson-c33s045540-korglaikega-etiketirull-102mm-x-76mm-415-etiketid-dore-analoog\/#local-main-organization-logo"},"image":{"@id":"https:\/\/odavprint.ee\/et\/product\/epson-c33s045540-korglaikega-etiketirull-102mm-x-76mm-415-etiketid-dore-analoog\/#local-main-organization-logo"},"address":{"@id":"https:\/\/odavprint.ee\/et\/product\/epson-c33s045540-korglaikega-etiketirull-102mm-x-76mm-415-etiketid-dore-analoog\/#local-main-place-address"},"geo":{"@type":"GeoCoordinates","latitude":"59.4306504","longitude":"24.8095743"},"telephone":["53836926"],"openingHoursSpecification":[{"@type":"OpeningHoursSpecification","dayOfWeek":["Monday","Tuesday","Wednesday","Thursday","Friday","Saturday","Sunday"],"opens":"09:00","closes":"17:00"}],"email":"info@odavprint.eu"},{"@type":"PostalAddress","@id":"https:\/\/odavprint.ee\/et\/product\/epson-c33s045540-korglaikega-etiketirull-102mm-x-76mm-415-etiketid-dore-analoog\/#local-main-place-address","streetAddress":"Pae tn 28","addressLocality":"Tallinn","postalCode":"11415","addressRegion":"Harjumaa","addressCountry":"EE"},{"@type":"ImageObject","inLanguage":"et","@id":"https:\/\/odavprint.ee\/et\/product\/epson-c33s045540-korglaikega-etiketirull-102mm-x-76mm-415-etiketid-dore-analoog\/#local-main-organization-logo","url":"https:\/\/odavprint.ee\/wp-content\/uploads\/2018\/10\/odavprint-logo-240.jpg","contentUrl":"https:\/\/odavprint.ee\/wp-content\/uploads\/2018\/10\/odavprint-logo-240.jpg","width":240,"height":36,"caption":"Odav Print O\u00dc"}]},"product_price_amount":"9.05","product_price_currency":"EUR","og_availability":"instock","product_availability":"instock","product_condition":"new","geo.placename":"Tallinn","geo.position":{"lat":"59.4306504","long":"24.8095743"},"geo.region":"Estonia"},"_links":{"self":[{"href":"https:\/\/odavprint.ee\/et\/wp-json\/wp\/v2\/product\/219657"}],"collection":[{"href":"https:\/\/odavprint.ee\/et\/wp-json\/wp\/v2\/product"}],"about":[{"href":"https:\/\/odavprint.ee\/et\/wp-json\/wp\/v2\/types\/product"}],"wp:featuredmedia":[{"embeddable":true,"href":"https:\/\/odavprint.ee\/et\/wp-json\/wp\/v2\/media\/219658"}],"wp:attachment":[{"href":"https:\/\/odavprint.ee\/et\/wp-json\/wp\/v2\/media?parent=219657"}],"wp:term":[{"taxonomy":"product_cat","embeddable":true,"href":"https:\/\/odavprint.ee\/et\/wp-json\/wp\/v2\/product_cat?post=219657"},{"taxonomy":"product_tag","embeddable":true,"href":"https:\/\/odavprint.ee\/et\/wp-json\/wp\/v2\/product_tag?post=219657"}],"curies":[{"name":"wp","href":"https:\/\/api.w.org\/{rel}","templated":true}]}}