{"id":220672,"date":"2026-03-02T20:19:06","date_gmt":"2026-03-02T18:19:06","guid":{"rendered":"https:\/\/odavprint.ee\/?post_type=product&#038;p=220672"},"modified":"2026-03-02T20:19:07","modified_gmt":"2026-03-02T18:19:07","slug":"revopoint-high-visibility-marker-points-for-medium-to-large-objects-500-pcs","status":"publish","type":"product","link":"https:\/\/odavprint.ee\/et\/product\/revopoint-high-visibility-marker-points-for-medium-to-large-objects-500-pcs\/","title":{"rendered":"Revopoint High Visibility Marker Points for Medium to Large Objects &#8211; 500 pcs"},"content":{"rendered":"<p>Tagage t\u00e4pne ja kvaliteetne 3D-skaneerimine Revopointi k\u00f5rgn\u00e4htavusega markerpunktidega. Spetsiaalselt keskmiste kuni suurte objektide jaoks loodud markerid pakuvad suurep\u00e4rast kontrastsust ja n\u00e4htavust, parandades skaneerimise t\u00e4psust ja usaldusv\u00e4\u00e4rsust.<\/p>\n<p>Pakend sisaldab 500 markerit, mis on kulut\u00f5hus ja mugav lahendus nii professionaalidele kui ka hobikasutajatele detailsete skaneerimisprojektide jaoks. Kleepuvad markerid on lihtsasti paigaldatavad ja eemaldatavad, sobides erinevatele pindadele neid kahjustamata.<\/p>\n<p>Olgu teie eesm\u00e4rgiks keerukate mudelite, protot\u00fc\u00fcpide v\u00f5i igap\u00e4evaste objektide skaneerimine \u2013 Revopointi k\u00f5rgn\u00e4htavusega markerpunktid on h\u00e4davajalik t\u00f6\u00f6riist, mis t\u00f5stab teie skaneerimise efektiivsust ja t\u00e4psust. Ideaalne kasutamiseks Revopointi 3D-skannerite ja \u00fchilduvate seadmetega.<\/p>\n","protected":false},"excerpt":{"rendered":"<p>Tagage t\u00e4pne ja kvaliteetne 3D-skaneerimine Revopointi k\u00f5rgn\u00e4htavusega markerpunktidega. Spetsiaalselt keskmiste kuni suurte objektide jaoks loodud markerid pakuvad suurep\u00e4rast kontrastsust ja n\u00e4htavust, parandades skaneerimise t\u00e4psust ja usaldusv\u00e4\u00e4rsust. Pakend sisaldab 500 markerit, mis on kulut\u00f5hus ja mugav lahendus nii professionaalidele kui ka hobikasutajatele detailsete skaneerimisprojektide jaoks. Kleepuvad markerid on lihtsasti paigaldatavad ja eemaldatavad, sobides erinevatele pindadele neid [&#8230;]\n","protected":false},"featured_media":220673,"template":"","meta":{"inline_featured_image":false},"product_cat":[39614],"product_tag":[],"yoast_head":"<!-- This site is optimized with the Yoast SEO Premium plugin v23.0 (Yoast SEO v23.0) - https:\/\/yoast.com\/wordpress\/plugins\/seo\/ -->\n<title>Revopoint High Visibility Marker Points for Medium to Large Objects - 500 pcs, hea hinnaga, osta e-pood - Odav Print<\/title>\n<meta name=\"description\" content=\"Osta Revopoint High Visibility Marker Points for Medium to Large Objects - 500 pcs Odav Print \u260e +372 5911 9495 \u2714\ufe0f Parim hind Revopoint High Visibility Marker Points for Medium to Large Objects - 500 pcs jaoks \u26df Kiire kohaletoimetamine Eestis \u2b50 Garanteeritud\" \/>\n<meta name=\"robots\" content=\"index, follow, max-snippet:-1, max-image-preview:large, max-video-preview:-1\" \/>\n<link rel=\"canonical\" href=\"https:\/\/odavprint.ee\/et\/product\/revopoint-high-visibility-marker-points-for-medium-to-large-objects-500-pcs\/\" \/>\n<meta property=\"og:locale\" content=\"et_EE\" \/>\n<meta property=\"og:type\" content=\"article\" \/>\n<meta property=\"og:title\" content=\"Revopoint High Visibility Marker Points for Medium to Large Objects - 500 pcs\" \/>\n<meta property=\"og:description\" content=\"Osta Revopoint High Visibility Marker Points for Medium to Large Objects - 500 pcs Odav Print \u260e +372 5911 9495 \u2714\ufe0f Parim hind Revopoint High Visibility Marker Points for Medium to Large Objects - 500 pcs jaoks \u26df Kiire kohaletoimetamine Eestis \u2b50 Garanteeritud\" \/>\n<meta property=\"og:url\" content=\"https:\/\/odavprint.ee\/et\/product\/revopoint-high-visibility-marker-points-for-medium-to-large-objects-500-pcs\/\" \/>\n<meta property=\"og:site_name\" content=\"Odav Print\" \/>\n<meta property=\"article:modified_time\" content=\"2026-03-02T18:19:07+00:00\" \/>\n<meta name=\"twitter:card\" content=\"summary_large_image\" \/>\n<meta name=\"twitter:label1\" content=\"Price\" \/>\n\t<meta name=\"twitter:data1\" content=\"&euro;24.60\" \/>\n\t<meta name=\"twitter:label2\" content=\"Availability\" \/>\n\t<meta name=\"twitter:data2\" content=\"On backorder\" \/>\n<script type=\"application\/ld+json\" class=\"yoast-schema-graph\">{\"@context\":\"https:\/\/schema.org\",\"@graph\":[{\"@type\":[\"WebPage\",\"ItemPage\"],\"@id\":\"https:\/\/odavprint.ee\/et\/product\/revopoint-high-visibility-marker-points-for-medium-to-large-objects-500-pcs\/\",\"url\":\"https:\/\/odavprint.ee\/et\/product\/revopoint-high-visibility-marker-points-for-medium-to-large-objects-500-pcs\/\",\"name\":\"Revopoint High Visibility Marker Points for Medium to Large Objects - 500 pcs, hea hinnaga, osta e-pood - Odav Print\",\"isPartOf\":{\"@id\":\"https:\/\/odavprint.ee\/et\/#website\"},\"primaryImageOfPage\":{\"@id\":\"https:\/\/odavprint.ee\/et\/product\/revopoint-high-visibility-marker-points-for-medium-to-large-objects-500-pcs\/#primaryimage\"},\"image\":{\"@id\":\"https:\/\/odavprint.ee\/et\/product\/revopoint-high-visibility-marker-points-for-medium-to-large-objects-500-pcs\/#primaryimage\"},\"thumbnailUrl\":\"https:\/\/odavprint.ee\/wp-content\/uploads\/2026\/03\/Revopoint-3D-Markers-29080.jpg\",\"datePublished\":\"2026-03-02T18:19:06+00:00\",\"dateModified\":\"2026-03-02T18:19:07+00:00\",\"description\":\"Osta Revopoint High Visibility Marker Points for Medium to Large Objects - 500 pcs Odav Print \u260e +372 5911 9495 \u2714\ufe0f Parim hind Revopoint High Visibility Marker Points for Medium to Large Objects - 500 pcs jaoks \u26df Kiire kohaletoimetamine Eestis \u2b50 Garanteeritud\",\"breadcrumb\":{\"@id\":\"https:\/\/odavprint.ee\/et\/product\/revopoint-high-visibility-marker-points-for-medium-to-large-objects-500-pcs\/#breadcrumb\"},\"inLanguage\":\"et\",\"potentialAction\":[{\"@type\":\"ReadAction\",\"target\":[\"https:\/\/odavprint.ee\/et\/product\/revopoint-high-visibility-marker-points-for-medium-to-large-objects-500-pcs\/\"]}]},{\"@type\":\"ImageObject\",\"inLanguage\":\"et\",\"@id\":\"https:\/\/odavprint.ee\/et\/product\/revopoint-high-visibility-marker-points-for-medium-to-large-objects-500-pcs\/#primaryimage\",\"url\":\"https:\/\/odavprint.ee\/wp-content\/uploads\/2026\/03\/Revopoint-3D-Markers-29080.jpg\",\"contentUrl\":\"https:\/\/odavprint.ee\/wp-content\/uploads\/2026\/03\/Revopoint-3D-Markers-29080.jpg\",\"width\":700,\"height\":700},{\"@type\":\"BreadcrumbList\",\"@id\":\"https:\/\/odavprint.ee\/et\/product\/revopoint-high-visibility-marker-points-for-medium-to-large-objects-500-pcs\/#breadcrumb\",\"itemListElement\":[{\"@type\":\"ListItem\",\"position\":1,\"name\":\"Home\",\"item\":\"https:\/\/odavprint.ee\/et\/esileht\/\"},{\"@type\":\"ListItem\",\"position\":2,\"name\":\"E-pood\",\"item\":\"https:\/\/odavprint.ee\/et\/shop\/\"},{\"@type\":\"ListItem\",\"position\":3,\"name\":\"Revopoint High Visibility Marker Points for Medium to Large Objects &#8211; 500 pcs\"}]},{\"@type\":\"WebSite\",\"@id\":\"https:\/\/odavprint.ee\/et\/#website\",\"url\":\"https:\/\/odavprint.ee\/et\/\",\"name\":\"Odav Print\",\"description\":\"Just another WordPress site\",\"publisher\":{\"@id\":\"https:\/\/odavprint.ee\/et\/#organization\"},\"alternateName\":\"Kassettide, toonerite t\u00e4itmine ja m\u00fc\u00fck.\",\"potentialAction\":[{\"@type\":\"SearchAction\",\"target\":{\"@type\":\"EntryPoint\",\"urlTemplate\":\"https:\/\/odavprint.ee\/et\/?s={search_term_string}\"},\"query-input\":\"required name=search_term_string\"}],\"inLanguage\":\"et\"},{\"@type\":[\"Organization\",\"Place\"],\"@id\":\"https:\/\/odavprint.ee\/et\/#organization\",\"name\":\"Odav Print O\u00dc\",\"url\":\"https:\/\/odavprint.ee\/et\/\",\"logo\":{\"@id\":\"https:\/\/odavprint.ee\/et\/product\/revopoint-high-visibility-marker-points-for-medium-to-large-objects-500-pcs\/#local-main-organization-logo\"},\"image\":{\"@id\":\"https:\/\/odavprint.ee\/et\/product\/revopoint-high-visibility-marker-points-for-medium-to-large-objects-500-pcs\/#local-main-organization-logo\"},\"address\":{\"@id\":\"https:\/\/odavprint.ee\/et\/product\/revopoint-high-visibility-marker-points-for-medium-to-large-objects-500-pcs\/#local-main-place-address\"},\"geo\":{\"@type\":\"GeoCoordinates\",\"latitude\":\"59.4306504\",\"longitude\":\"24.8095743\"},\"telephone\":[\"53836926\"],\"openingHoursSpecification\":[{\"@type\":\"OpeningHoursSpecification\",\"dayOfWeek\":[\"Monday\",\"Tuesday\",\"Wednesday\",\"Thursday\",\"Friday\",\"Saturday\",\"Sunday\"],\"opens\":\"09:00\",\"closes\":\"17:00\"}],\"email\":\"info@odavprint.eu\"},{\"@type\":\"PostalAddress\",\"@id\":\"https:\/\/odavprint.ee\/et\/product\/revopoint-high-visibility-marker-points-for-medium-to-large-objects-500-pcs\/#local-main-place-address\",\"streetAddress\":\"Pae tn 28\",\"addressLocality\":\"Tallinn\",\"postalCode\":\"11415\",\"addressRegion\":\"Harjumaa\",\"addressCountry\":\"EE\"},{\"@type\":\"ImageObject\",\"inLanguage\":\"et\",\"@id\":\"https:\/\/odavprint.ee\/et\/product\/revopoint-high-visibility-marker-points-for-medium-to-large-objects-500-pcs\/#local-main-organization-logo\",\"url\":\"https:\/\/odavprint.ee\/wp-content\/uploads\/2018\/10\/odavprint-logo-240.jpg\",\"contentUrl\":\"https:\/\/odavprint.ee\/wp-content\/uploads\/2018\/10\/odavprint-logo-240.jpg\",\"width\":240,\"height\":36,\"caption\":\"Odav Print O\u00dc\"}]}<\/script>\n<meta property=\"product:price:amount\" content=\"24.60\" \/>\n<meta property=\"product:price:currency\" content=\"EUR\" \/>\n<meta property=\"og:availability\" content=\"backorder\" \/>\n<meta property=\"product:availability\" content=\"available for order\" \/>\n<meta property=\"product:condition\" content=\"new\" \/>\n<meta name=\"geo.placename\" content=\"Tallinn\" \/>\n<meta name=\"geo.position\" content=\"59.4306504;24.8095743\" \/>\n<meta name=\"geo.region\" content=\"Estonia\" \/>\n<!-- \/ Yoast SEO Premium plugin. -->","yoast_head_json":{"title":"Revopoint High Visibility Marker Points for Medium to Large Objects - 500 pcs, hea hinnaga, osta e-pood - Odav Print","description":"Osta Revopoint High Visibility Marker Points for Medium to Large Objects - 500 pcs Odav Print \u260e +372 5911 9495 \u2714\ufe0f Parim hind Revopoint High Visibility Marker Points for Medium to Large Objects - 500 pcs jaoks \u26df Kiire kohaletoimetamine Eestis \u2b50 Garanteeritud","robots":{"index":"index","follow":"follow","max-snippet":"max-snippet:-1","max-image-preview":"max-image-preview:large","max-video-preview":"max-video-preview:-1"},"canonical":"https:\/\/odavprint.ee\/et\/product\/revopoint-high-visibility-marker-points-for-medium-to-large-objects-500-pcs\/","og_locale":"et_EE","og_type":"article","og_title":"Revopoint High Visibility Marker Points for Medium to Large Objects - 500 pcs","og_description":"Osta Revopoint High Visibility Marker Points for Medium to Large Objects - 500 pcs Odav Print \u260e +372 5911 9495 \u2714\ufe0f Parim hind Revopoint High Visibility Marker Points for Medium to Large Objects - 500 pcs jaoks \u26df Kiire kohaletoimetamine Eestis \u2b50 Garanteeritud","og_url":"https:\/\/odavprint.ee\/et\/product\/revopoint-high-visibility-marker-points-for-medium-to-large-objects-500-pcs\/","og_site_name":"Odav Print","article_modified_time":"2026-03-02T18:19:07+00:00","twitter_card":"summary_large_image","twitter_misc":{"Price":"&euro;24.60","Availability":"On backorder"},"schema":{"@context":"https:\/\/schema.org","@graph":[{"@type":["WebPage","ItemPage"],"@id":"https:\/\/odavprint.ee\/et\/product\/revopoint-high-visibility-marker-points-for-medium-to-large-objects-500-pcs\/","url":"https:\/\/odavprint.ee\/et\/product\/revopoint-high-visibility-marker-points-for-medium-to-large-objects-500-pcs\/","name":"Revopoint High Visibility Marker Points for Medium to Large Objects - 500 pcs, hea hinnaga, osta e-pood - Odav Print","isPartOf":{"@id":"https:\/\/odavprint.ee\/et\/#website"},"primaryImageOfPage":{"@id":"https:\/\/odavprint.ee\/et\/product\/revopoint-high-visibility-marker-points-for-medium-to-large-objects-500-pcs\/#primaryimage"},"image":{"@id":"https:\/\/odavprint.ee\/et\/product\/revopoint-high-visibility-marker-points-for-medium-to-large-objects-500-pcs\/#primaryimage"},"thumbnailUrl":"https:\/\/odavprint.ee\/wp-content\/uploads\/2026\/03\/Revopoint-3D-Markers-29080.jpg","datePublished":"2026-03-02T18:19:06+00:00","dateModified":"2026-03-02T18:19:07+00:00","description":"Osta Revopoint High Visibility Marker Points for Medium to Large Objects - 500 pcs Odav Print \u260e +372 5911 9495 \u2714\ufe0f Parim hind Revopoint High Visibility Marker Points for Medium to Large Objects - 500 pcs jaoks \u26df Kiire kohaletoimetamine Eestis \u2b50 Garanteeritud","breadcrumb":{"@id":"https:\/\/odavprint.ee\/et\/product\/revopoint-high-visibility-marker-points-for-medium-to-large-objects-500-pcs\/#breadcrumb"},"inLanguage":"et","potentialAction":[{"@type":"ReadAction","target":["https:\/\/odavprint.ee\/et\/product\/revopoint-high-visibility-marker-points-for-medium-to-large-objects-500-pcs\/"]}]},{"@type":"ImageObject","inLanguage":"et","@id":"https:\/\/odavprint.ee\/et\/product\/revopoint-high-visibility-marker-points-for-medium-to-large-objects-500-pcs\/#primaryimage","url":"https:\/\/odavprint.ee\/wp-content\/uploads\/2026\/03\/Revopoint-3D-Markers-29080.jpg","contentUrl":"https:\/\/odavprint.ee\/wp-content\/uploads\/2026\/03\/Revopoint-3D-Markers-29080.jpg","width":700,"height":700},{"@type":"BreadcrumbList","@id":"https:\/\/odavprint.ee\/et\/product\/revopoint-high-visibility-marker-points-for-medium-to-large-objects-500-pcs\/#breadcrumb","itemListElement":[{"@type":"ListItem","position":1,"name":"Home","item":"https:\/\/odavprint.ee\/et\/esileht\/"},{"@type":"ListItem","position":2,"name":"E-pood","item":"https:\/\/odavprint.ee\/et\/shop\/"},{"@type":"ListItem","position":3,"name":"Revopoint High Visibility Marker Points for Medium to Large Objects &#8211; 500 pcs"}]},{"@type":"WebSite","@id":"https:\/\/odavprint.ee\/et\/#website","url":"https:\/\/odavprint.ee\/et\/","name":"Odav Print","description":"Just another WordPress site","publisher":{"@id":"https:\/\/odavprint.ee\/et\/#organization"},"alternateName":"Kassettide, toonerite t\u00e4itmine ja m\u00fc\u00fck.","potentialAction":[{"@type":"SearchAction","target":{"@type":"EntryPoint","urlTemplate":"https:\/\/odavprint.ee\/et\/?s={search_term_string}"},"query-input":"required name=search_term_string"}],"inLanguage":"et"},{"@type":["Organization","Place"],"@id":"https:\/\/odavprint.ee\/et\/#organization","name":"Odav Print O\u00dc","url":"https:\/\/odavprint.ee\/et\/","logo":{"@id":"https:\/\/odavprint.ee\/et\/product\/revopoint-high-visibility-marker-points-for-medium-to-large-objects-500-pcs\/#local-main-organization-logo"},"image":{"@id":"https:\/\/odavprint.ee\/et\/product\/revopoint-high-visibility-marker-points-for-medium-to-large-objects-500-pcs\/#local-main-organization-logo"},"address":{"@id":"https:\/\/odavprint.ee\/et\/product\/revopoint-high-visibility-marker-points-for-medium-to-large-objects-500-pcs\/#local-main-place-address"},"geo":{"@type":"GeoCoordinates","latitude":"59.4306504","longitude":"24.8095743"},"telephone":["53836926"],"openingHoursSpecification":[{"@type":"OpeningHoursSpecification","dayOfWeek":["Monday","Tuesday","Wednesday","Thursday","Friday","Saturday","Sunday"],"opens":"09:00","closes":"17:00"}],"email":"info@odavprint.eu"},{"@type":"PostalAddress","@id":"https:\/\/odavprint.ee\/et\/product\/revopoint-high-visibility-marker-points-for-medium-to-large-objects-500-pcs\/#local-main-place-address","streetAddress":"Pae tn 28","addressLocality":"Tallinn","postalCode":"11415","addressRegion":"Harjumaa","addressCountry":"EE"},{"@type":"ImageObject","inLanguage":"et","@id":"https:\/\/odavprint.ee\/et\/product\/revopoint-high-visibility-marker-points-for-medium-to-large-objects-500-pcs\/#local-main-organization-logo","url":"https:\/\/odavprint.ee\/wp-content\/uploads\/2018\/10\/odavprint-logo-240.jpg","contentUrl":"https:\/\/odavprint.ee\/wp-content\/uploads\/2018\/10\/odavprint-logo-240.jpg","width":240,"height":36,"caption":"Odav Print O\u00dc"}]},"product_price_amount":"24.60","product_price_currency":"EUR","og_availability":"backorder","product_availability":"available for order","product_condition":"new","geo.placename":"Tallinn","geo.position":{"lat":"59.4306504","long":"24.8095743"},"geo.region":"Estonia"},"_links":{"self":[{"href":"https:\/\/odavprint.ee\/et\/wp-json\/wp\/v2\/product\/220672"}],"collection":[{"href":"https:\/\/odavprint.ee\/et\/wp-json\/wp\/v2\/product"}],"about":[{"href":"https:\/\/odavprint.ee\/et\/wp-json\/wp\/v2\/types\/product"}],"wp:featuredmedia":[{"embeddable":true,"href":"https:\/\/odavprint.ee\/et\/wp-json\/wp\/v2\/media\/220673"}],"wp:attachment":[{"href":"https:\/\/odavprint.ee\/et\/wp-json\/wp\/v2\/media?parent=220672"}],"wp:term":[{"taxonomy":"product_cat","embeddable":true,"href":"https:\/\/odavprint.ee\/et\/wp-json\/wp\/v2\/product_cat?post=220672"},{"taxonomy":"product_tag","embeddable":true,"href":"https:\/\/odavprint.ee\/et\/wp-json\/wp\/v2\/product_tag?post=220672"}],"curies":[{"name":"wp","href":"https:\/\/api.w.org\/{rel}","templated":true}]}}