{"id":220713,"date":"2026-03-02T20:25:05","date_gmt":"2026-03-02T18:25:05","guid":{"rendered":"https:\/\/odavprint.ee\/?post_type=product&#038;p=220713"},"modified":"2026-03-02T20:25:05","modified_gmt":"2026-03-02T18:25:05","slug":"nomadtech-red-fox-2-m","status":"publish","type":"product","link":"https:\/\/odavprint.ee\/et\/product\/nomadtech-red-fox-2-m\/","title":{"rendered":"NomadTech Red Fox 2 M"},"content":{"rendered":"<p>Red Fox 2 suuruses M aitab teil meisterdada nagu professionaal. 3-teljeline liikumine, vastupidav ja taskukohane \u2013 see on parendatud versioon meie k\u00f5ige testitumast ja usaldusv\u00e4\u00e4rsemast CNC-freespinkide seeriast. Kompaktne masin optimeeritud t\u00f6\u00f6alaga 1,100&#215;750 mm, t\u00e4nu oma \u00f5hukesele ja kaldus disainile: see v\u00e4hendab vibratsioone ning parandab stabiilsust ja tugevust, mis on h\u00e4davajalik t\u00e4pseks ja k\u00f5rgekvaliteediliseks tulemuseks. Uus freespink intuitiivse tarkvaraga, mis lihtsustab t\u00f6\u00f6d ilma arvutit kasutamata ja v\u00f5imaldab seda juhtida kaugelt nutitelefoni v\u00f5i tahvelarvuti kaudu Wi-Fi abil.<\/p>\n<p>Rohkem infot<\/p>\n","protected":false},"excerpt":{"rendered":"<p>Red Fox 2 suuruses M aitab teil meisterdada nagu professionaal. 3-teljeline liikumine, vastupidav ja taskukohane \u2013 see on parendatud versioon meie k\u00f5ige testitumast ja usaldusv\u00e4\u00e4rsemast CNC-freespinkide seeriast. Kompaktne masin optimeeritud t\u00f6\u00f6alaga 1,100&#215;750 mm, t\u00e4nu oma \u00f5hukesele ja kaldus disainile: see v\u00e4hendab vibratsioone ning parandab stabiilsust ja tugevust, mis on h\u00e4davajalik t\u00e4pseks ja k\u00f5rgekvaliteediliseks tulemuseks. Uus [&#8230;]\n","protected":false},"featured_media":220714,"template":"","meta":{"inline_featured_image":false},"product_cat":[39612],"product_tag":[],"yoast_head":"<!-- This site is optimized with the Yoast SEO Premium plugin v23.0 (Yoast SEO v23.0) - https:\/\/yoast.com\/wordpress\/plugins\/seo\/ -->\n<title>NomadTech Red Fox 2 M, hea hinnaga, osta e-pood - Odav Print<\/title>\n<meta name=\"description\" content=\"Osta NomadTech Red Fox 2 M Odav Print \u260e +372 5911 9495 \u2714\ufe0f Parim hind NomadTech Red Fox 2 M jaoks \u26df Kiire kohaletoimetamine Eestis \u2b50 Garanteeritud\" \/>\n<meta name=\"robots\" content=\"index, follow, max-snippet:-1, max-image-preview:large, max-video-preview:-1\" \/>\n<link rel=\"canonical\" href=\"https:\/\/odavprint.ee\/et\/product\/nomadtech-red-fox-2-m\/\" \/>\n<meta property=\"og:locale\" content=\"et_EE\" \/>\n<meta property=\"og:type\" content=\"article\" \/>\n<meta property=\"og:title\" content=\"NomadTech Red Fox 2 M\" \/>\n<meta property=\"og:description\" content=\"Osta NomadTech Red Fox 2 M Odav Print \u260e +372 5911 9495 \u2714\ufe0f Parim hind NomadTech Red Fox 2 M jaoks \u26df Kiire kohaletoimetamine Eestis \u2b50 Garanteeritud\" \/>\n<meta property=\"og:url\" content=\"https:\/\/odavprint.ee\/et\/product\/nomadtech-red-fox-2-m\/\" \/>\n<meta property=\"og:site_name\" content=\"Odav Print\" \/>\n<meta name=\"twitter:card\" content=\"summary_large_image\" \/>\n<meta name=\"twitter:label1\" content=\"Price\" \/>\n\t<meta name=\"twitter:data1\" content=\"&euro;8,525.00\" \/>\n\t<meta name=\"twitter:label2\" content=\"Availability\" \/>\n\t<meta name=\"twitter:data2\" content=\"On backorder\" \/>\n<script type=\"application\/ld+json\" class=\"yoast-schema-graph\">{\"@context\":\"https:\/\/schema.org\",\"@graph\":[{\"@type\":[\"WebPage\",\"ItemPage\"],\"@id\":\"https:\/\/odavprint.ee\/et\/product\/nomadtech-red-fox-2-m\/\",\"url\":\"https:\/\/odavprint.ee\/et\/product\/nomadtech-red-fox-2-m\/\",\"name\":\"NomadTech Red Fox 2 M, hea hinnaga, osta e-pood - Odav Print\",\"isPartOf\":{\"@id\":\"https:\/\/odavprint.ee\/et\/#website\"},\"primaryImageOfPage\":{\"@id\":\"https:\/\/odavprint.ee\/et\/product\/nomadtech-red-fox-2-m\/#primaryimage\"},\"image\":{\"@id\":\"https:\/\/odavprint.ee\/et\/product\/nomadtech-red-fox-2-m\/#primaryimage\"},\"thumbnailUrl\":\"https:\/\/odavprint.ee\/wp-content\/uploads\/2026\/03\/red-fox-2-fresadora-de-sobremesa-cnc-tamano-m.jpg\",\"datePublished\":\"2026-03-02T18:25:05+00:00\",\"dateModified\":\"2026-03-02T18:25:05+00:00\",\"description\":\"Osta NomadTech Red Fox 2 M Odav Print \u260e +372 5911 9495 \u2714\ufe0f Parim hind NomadTech Red Fox 2 M jaoks \u26df Kiire kohaletoimetamine Eestis \u2b50 Garanteeritud\",\"breadcrumb\":{\"@id\":\"https:\/\/odavprint.ee\/et\/product\/nomadtech-red-fox-2-m\/#breadcrumb\"},\"inLanguage\":\"et\",\"potentialAction\":[{\"@type\":\"ReadAction\",\"target\":[\"https:\/\/odavprint.ee\/et\/product\/nomadtech-red-fox-2-m\/\"]}]},{\"@type\":\"ImageObject\",\"inLanguage\":\"et\",\"@id\":\"https:\/\/odavprint.ee\/et\/product\/nomadtech-red-fox-2-m\/#primaryimage\",\"url\":\"https:\/\/odavprint.ee\/wp-content\/uploads\/2026\/03\/red-fox-2-fresadora-de-sobremesa-cnc-tamano-m.jpg\",\"contentUrl\":\"https:\/\/odavprint.ee\/wp-content\/uploads\/2026\/03\/red-fox-2-fresadora-de-sobremesa-cnc-tamano-m.jpg\",\"width\":600,\"height\":600},{\"@type\":\"BreadcrumbList\",\"@id\":\"https:\/\/odavprint.ee\/et\/product\/nomadtech-red-fox-2-m\/#breadcrumb\",\"itemListElement\":[{\"@type\":\"ListItem\",\"position\":1,\"name\":\"Home\",\"item\":\"https:\/\/odavprint.ee\/et\/esileht\/\"},{\"@type\":\"ListItem\",\"position\":2,\"name\":\"E-pood\",\"item\":\"https:\/\/odavprint.ee\/et\/shop\/\"},{\"@type\":\"ListItem\",\"position\":3,\"name\":\"NomadTech Red Fox 2 M\"}]},{\"@type\":\"WebSite\",\"@id\":\"https:\/\/odavprint.ee\/et\/#website\",\"url\":\"https:\/\/odavprint.ee\/et\/\",\"name\":\"Odav Print\",\"description\":\"Just another WordPress site\",\"publisher\":{\"@id\":\"https:\/\/odavprint.ee\/et\/#organization\"},\"alternateName\":\"Kassettide, toonerite t\u00e4itmine ja m\u00fc\u00fck.\",\"potentialAction\":[{\"@type\":\"SearchAction\",\"target\":{\"@type\":\"EntryPoint\",\"urlTemplate\":\"https:\/\/odavprint.ee\/et\/?s={search_term_string}\"},\"query-input\":\"required name=search_term_string\"}],\"inLanguage\":\"et\"},{\"@type\":[\"Organization\",\"Place\"],\"@id\":\"https:\/\/odavprint.ee\/et\/#organization\",\"name\":\"Odav Print O\u00dc\",\"url\":\"https:\/\/odavprint.ee\/et\/\",\"logo\":{\"@id\":\"https:\/\/odavprint.ee\/et\/product\/nomadtech-red-fox-2-m\/#local-main-organization-logo\"},\"image\":{\"@id\":\"https:\/\/odavprint.ee\/et\/product\/nomadtech-red-fox-2-m\/#local-main-organization-logo\"},\"address\":{\"@id\":\"https:\/\/odavprint.ee\/et\/product\/nomadtech-red-fox-2-m\/#local-main-place-address\"},\"geo\":{\"@type\":\"GeoCoordinates\",\"latitude\":\"59.4306504\",\"longitude\":\"24.8095743\"},\"telephone\":[\"53836926\"],\"openingHoursSpecification\":[{\"@type\":\"OpeningHoursSpecification\",\"dayOfWeek\":[\"Monday\",\"Tuesday\",\"Wednesday\",\"Thursday\",\"Friday\",\"Saturday\",\"Sunday\"],\"opens\":\"09:00\",\"closes\":\"17:00\"}],\"email\":\"info@odavprint.eu\"},{\"@type\":\"PostalAddress\",\"@id\":\"https:\/\/odavprint.ee\/et\/product\/nomadtech-red-fox-2-m\/#local-main-place-address\",\"streetAddress\":\"Pae tn 28\",\"addressLocality\":\"Tallinn\",\"postalCode\":\"11415\",\"addressRegion\":\"Harjumaa\",\"addressCountry\":\"EE\"},{\"@type\":\"ImageObject\",\"inLanguage\":\"et\",\"@id\":\"https:\/\/odavprint.ee\/et\/product\/nomadtech-red-fox-2-m\/#local-main-organization-logo\",\"url\":\"https:\/\/odavprint.ee\/wp-content\/uploads\/2018\/10\/odavprint-logo-240.jpg\",\"contentUrl\":\"https:\/\/odavprint.ee\/wp-content\/uploads\/2018\/10\/odavprint-logo-240.jpg\",\"width\":240,\"height\":36,\"caption\":\"Odav Print O\u00dc\"}]}<\/script>\n<meta property=\"product:price:amount\" content=\"8525.00\" \/>\n<meta property=\"product:price:currency\" content=\"EUR\" \/>\n<meta property=\"og:availability\" content=\"backorder\" \/>\n<meta property=\"product:availability\" content=\"available for order\" \/>\n<meta property=\"product:condition\" content=\"new\" \/>\n<meta name=\"geo.placename\" content=\"Tallinn\" \/>\n<meta name=\"geo.position\" content=\"59.4306504;24.8095743\" \/>\n<meta name=\"geo.region\" content=\"Estonia\" \/>\n<!-- \/ Yoast SEO Premium plugin. -->","yoast_head_json":{"title":"NomadTech Red Fox 2 M, hea hinnaga, osta e-pood - Odav Print","description":"Osta NomadTech Red Fox 2 M Odav Print \u260e +372 5911 9495 \u2714\ufe0f Parim hind NomadTech Red Fox 2 M jaoks \u26df Kiire kohaletoimetamine Eestis \u2b50 Garanteeritud","robots":{"index":"index","follow":"follow","max-snippet":"max-snippet:-1","max-image-preview":"max-image-preview:large","max-video-preview":"max-video-preview:-1"},"canonical":"https:\/\/odavprint.ee\/et\/product\/nomadtech-red-fox-2-m\/","og_locale":"et_EE","og_type":"article","og_title":"NomadTech Red Fox 2 M","og_description":"Osta NomadTech Red Fox 2 M Odav Print \u260e +372 5911 9495 \u2714\ufe0f Parim hind NomadTech Red Fox 2 M jaoks \u26df Kiire kohaletoimetamine Eestis \u2b50 Garanteeritud","og_url":"https:\/\/odavprint.ee\/et\/product\/nomadtech-red-fox-2-m\/","og_site_name":"Odav Print","twitter_card":"summary_large_image","twitter_misc":{"Price":"&euro;8,525.00","Availability":"On backorder"},"schema":{"@context":"https:\/\/schema.org","@graph":[{"@type":["WebPage","ItemPage"],"@id":"https:\/\/odavprint.ee\/et\/product\/nomadtech-red-fox-2-m\/","url":"https:\/\/odavprint.ee\/et\/product\/nomadtech-red-fox-2-m\/","name":"NomadTech Red Fox 2 M, hea hinnaga, osta e-pood - Odav Print","isPartOf":{"@id":"https:\/\/odavprint.ee\/et\/#website"},"primaryImageOfPage":{"@id":"https:\/\/odavprint.ee\/et\/product\/nomadtech-red-fox-2-m\/#primaryimage"},"image":{"@id":"https:\/\/odavprint.ee\/et\/product\/nomadtech-red-fox-2-m\/#primaryimage"},"thumbnailUrl":"https:\/\/odavprint.ee\/wp-content\/uploads\/2026\/03\/red-fox-2-fresadora-de-sobremesa-cnc-tamano-m.jpg","datePublished":"2026-03-02T18:25:05+00:00","dateModified":"2026-03-02T18:25:05+00:00","description":"Osta NomadTech Red Fox 2 M Odav Print \u260e +372 5911 9495 \u2714\ufe0f Parim hind NomadTech Red Fox 2 M jaoks \u26df Kiire kohaletoimetamine Eestis \u2b50 Garanteeritud","breadcrumb":{"@id":"https:\/\/odavprint.ee\/et\/product\/nomadtech-red-fox-2-m\/#breadcrumb"},"inLanguage":"et","potentialAction":[{"@type":"ReadAction","target":["https:\/\/odavprint.ee\/et\/product\/nomadtech-red-fox-2-m\/"]}]},{"@type":"ImageObject","inLanguage":"et","@id":"https:\/\/odavprint.ee\/et\/product\/nomadtech-red-fox-2-m\/#primaryimage","url":"https:\/\/odavprint.ee\/wp-content\/uploads\/2026\/03\/red-fox-2-fresadora-de-sobremesa-cnc-tamano-m.jpg","contentUrl":"https:\/\/odavprint.ee\/wp-content\/uploads\/2026\/03\/red-fox-2-fresadora-de-sobremesa-cnc-tamano-m.jpg","width":600,"height":600},{"@type":"BreadcrumbList","@id":"https:\/\/odavprint.ee\/et\/product\/nomadtech-red-fox-2-m\/#breadcrumb","itemListElement":[{"@type":"ListItem","position":1,"name":"Home","item":"https:\/\/odavprint.ee\/et\/esileht\/"},{"@type":"ListItem","position":2,"name":"E-pood","item":"https:\/\/odavprint.ee\/et\/shop\/"},{"@type":"ListItem","position":3,"name":"NomadTech Red Fox 2 M"}]},{"@type":"WebSite","@id":"https:\/\/odavprint.ee\/et\/#website","url":"https:\/\/odavprint.ee\/et\/","name":"Odav Print","description":"Just another WordPress site","publisher":{"@id":"https:\/\/odavprint.ee\/et\/#organization"},"alternateName":"Kassettide, toonerite t\u00e4itmine ja m\u00fc\u00fck.","potentialAction":[{"@type":"SearchAction","target":{"@type":"EntryPoint","urlTemplate":"https:\/\/odavprint.ee\/et\/?s={search_term_string}"},"query-input":"required name=search_term_string"}],"inLanguage":"et"},{"@type":["Organization","Place"],"@id":"https:\/\/odavprint.ee\/et\/#organization","name":"Odav Print O\u00dc","url":"https:\/\/odavprint.ee\/et\/","logo":{"@id":"https:\/\/odavprint.ee\/et\/product\/nomadtech-red-fox-2-m\/#local-main-organization-logo"},"image":{"@id":"https:\/\/odavprint.ee\/et\/product\/nomadtech-red-fox-2-m\/#local-main-organization-logo"},"address":{"@id":"https:\/\/odavprint.ee\/et\/product\/nomadtech-red-fox-2-m\/#local-main-place-address"},"geo":{"@type":"GeoCoordinates","latitude":"59.4306504","longitude":"24.8095743"},"telephone":["53836926"],"openingHoursSpecification":[{"@type":"OpeningHoursSpecification","dayOfWeek":["Monday","Tuesday","Wednesday","Thursday","Friday","Saturday","Sunday"],"opens":"09:00","closes":"17:00"}],"email":"info@odavprint.eu"},{"@type":"PostalAddress","@id":"https:\/\/odavprint.ee\/et\/product\/nomadtech-red-fox-2-m\/#local-main-place-address","streetAddress":"Pae tn 28","addressLocality":"Tallinn","postalCode":"11415","addressRegion":"Harjumaa","addressCountry":"EE"},{"@type":"ImageObject","inLanguage":"et","@id":"https:\/\/odavprint.ee\/et\/product\/nomadtech-red-fox-2-m\/#local-main-organization-logo","url":"https:\/\/odavprint.ee\/wp-content\/uploads\/2018\/10\/odavprint-logo-240.jpg","contentUrl":"https:\/\/odavprint.ee\/wp-content\/uploads\/2018\/10\/odavprint-logo-240.jpg","width":240,"height":36,"caption":"Odav Print O\u00dc"}]},"product_price_amount":"8525.00","product_price_currency":"EUR","og_availability":"backorder","product_availability":"available for order","product_condition":"new","geo.placename":"Tallinn","geo.position":{"lat":"59.4306504","long":"24.8095743"},"geo.region":"Estonia"},"_links":{"self":[{"href":"https:\/\/odavprint.ee\/et\/wp-json\/wp\/v2\/product\/220713"}],"collection":[{"href":"https:\/\/odavprint.ee\/et\/wp-json\/wp\/v2\/product"}],"about":[{"href":"https:\/\/odavprint.ee\/et\/wp-json\/wp\/v2\/types\/product"}],"wp:featuredmedia":[{"embeddable":true,"href":"https:\/\/odavprint.ee\/et\/wp-json\/wp\/v2\/media\/220714"}],"wp:attachment":[{"href":"https:\/\/odavprint.ee\/et\/wp-json\/wp\/v2\/media?parent=220713"}],"wp:term":[{"taxonomy":"product_cat","embeddable":true,"href":"https:\/\/odavprint.ee\/et\/wp-json\/wp\/v2\/product_cat?post=220713"},{"taxonomy":"product_tag","embeddable":true,"href":"https:\/\/odavprint.ee\/et\/wp-json\/wp\/v2\/product_tag?post=220713"}],"curies":[{"name":"wp","href":"https:\/\/api.w.org\/{rel}","templated":true}]}}