{"id":220725,"date":"2026-03-02T20:25:09","date_gmt":"2026-03-02T18:25:09","guid":{"rendered":"https:\/\/odavprint.ee\/?post_type=product&#038;p=220725"},"modified":"2026-05-01T06:38:11","modified_gmt":"2026-05-01T03:38:11","slug":"bambu-kahepoolne-tekstuuriga-pei-plaat-x1-series-p1-series-a1","status":"publish","type":"product","link":"https:\/\/odavprint.ee\/et\/product\/bambu-kahepoolne-tekstuuriga-pei-plaat-x1-series-p1-series-a1\/","title":{"rendered":"Bambu kahepoolne tekstuuriga PEI plaat, X1 Series\/P1 Series\/A1"},"content":{"rendered":"<p>Bambu kahepoolne tekstuuriga PEI plaat pakub paindlikkust, pakkudes \u00fchel k\u00fcljel tekstuuriga pinda ja teisel k\u00fcljel siledat pinda. See v\u00f5imaldab kasutajatel valida parima pinna vastavalt prinditava materjali t\u00fc\u00fcbile, tagades tugeva nakke ja h\u00f5lpsa eemaldamise.<\/p>\n","protected":false},"excerpt":{"rendered":"<p>Bambu kahepoolne tekstuuriga PEI plaat pakub paindlikkust, pakkudes \u00fchel k\u00fcljel tekstuuriga pinda ja teisel k\u00fcljel siledat pinda. See v\u00f5imaldab kasutajatel valida parima pinna vastavalt prinditava materjali t\u00fc\u00fcbile, tagades tugeva nakke ja h\u00f5lpsa eemaldamise.<\/p>\n","protected":false},"featured_media":220726,"template":"","meta":{"inline_featured_image":false},"product_cat":[39614],"product_tag":[],"yoast_head":"<!-- This site is optimized with the Yoast SEO Premium plugin v23.0 (Yoast SEO v23.0) - https:\/\/yoast.com\/wordpress\/plugins\/seo\/ -->\n<title>Bambu kahepoolne tekstuuriga PEI plaat, X1 Series\/P1 Series\/A1, hea hinnaga, osta e-pood - Odav Print<\/title>\n<meta name=\"description\" content=\"Osta Bambu kahepoolne tekstuuriga PEI plaat, X1 Series\/P1 Series\/A1 Odav Print \u260e +372 5911 9495 \u2714\ufe0f Parim hind Bambu kahepoolne tekstuuriga PEI plaat, X1 Series\/P1 Series\/A1 jaoks \u26df Kiire kohaletoimetamine Eestis \u2b50 Garanteeritud\" \/>\n<meta name=\"robots\" content=\"index, follow, max-snippet:-1, max-image-preview:large, max-video-preview:-1\" \/>\n<link rel=\"canonical\" href=\"https:\/\/odavprint.ee\/et\/product\/bambu-kahepoolne-tekstuuriga-pei-plaat-x1-series-p1-series-a1\/\" \/>\n<meta property=\"og:locale\" content=\"et_EE\" \/>\n<meta property=\"og:type\" content=\"article\" \/>\n<meta property=\"og:title\" content=\"Bambu kahepoolne tekstuuriga PEI plaat, X1 Series\/P1 Series\/A1\" \/>\n<meta property=\"og:description\" content=\"Osta Bambu kahepoolne tekstuuriga PEI plaat, X1 Series\/P1 Series\/A1 Odav Print \u260e +372 5911 9495 \u2714\ufe0f Parim hind Bambu kahepoolne tekstuuriga PEI plaat, X1 Series\/P1 Series\/A1 jaoks \u26df Kiire kohaletoimetamine Eestis \u2b50 Garanteeritud\" \/>\n<meta property=\"og:url\" content=\"https:\/\/odavprint.ee\/et\/product\/bambu-kahepoolne-tekstuuriga-pei-plaat-x1-series-p1-series-a1\/\" \/>\n<meta property=\"og:site_name\" content=\"Odav Print\" \/>\n<meta property=\"article:modified_time\" content=\"2026-05-01T03:38:11+00:00\" \/>\n<meta property=\"og:image\" content=\"https:\/\/odavprint.ee\/wp-content\/uploads\/2026\/03\/Bambu-Dual-Texture-PEI-Plate-1.webp\" \/>\n\t<meta property=\"og:image:width\" content=\"700\" \/>\n\t<meta property=\"og:image:height\" content=\"700\" \/>\n\t<meta property=\"og:image:type\" content=\"image\/webp\" \/>\n<meta name=\"twitter:card\" content=\"summary_large_image\" \/>\n<meta name=\"twitter:label1\" content=\"Price\" \/>\n\t<meta name=\"twitter:data1\" content=\"&euro;49.14\" \/>\n\t<meta name=\"twitter:label2\" content=\"Availability\" \/>\n\t<meta name=\"twitter:data2\" content=\"Out of stock\" \/>\n<script type=\"application\/ld+json\" class=\"yoast-schema-graph\">{\"@context\":\"https:\/\/schema.org\",\"@graph\":[{\"@type\":[\"WebPage\",\"ItemPage\"],\"@id\":\"https:\/\/odavprint.ee\/et\/product\/bambu-kahepoolne-tekstuuriga-pei-plaat-x1-series-p1-series-a1\/\",\"url\":\"https:\/\/odavprint.ee\/et\/product\/bambu-kahepoolne-tekstuuriga-pei-plaat-x1-series-p1-series-a1\/\",\"name\":\"Bambu kahepoolne tekstuuriga PEI plaat, X1 Series\/P1 Series\/A1, hea hinnaga, osta e-pood - Odav Print\",\"isPartOf\":{\"@id\":\"https:\/\/odavprint.ee\/et\/#website\"},\"primaryImageOfPage\":{\"@id\":\"https:\/\/odavprint.ee\/et\/product\/bambu-kahepoolne-tekstuuriga-pei-plaat-x1-series-p1-series-a1\/#primaryimage\"},\"image\":{\"@id\":\"https:\/\/odavprint.ee\/et\/product\/bambu-kahepoolne-tekstuuriga-pei-plaat-x1-series-p1-series-a1\/#primaryimage\"},\"thumbnailUrl\":\"https:\/\/odavprint.ee\/wp-content\/uploads\/2026\/03\/Bambu-Dual-Texture-PEI-Plate-1.webp\",\"datePublished\":\"2026-03-02T18:25:09+00:00\",\"dateModified\":\"2026-05-01T03:38:11+00:00\",\"description\":\"Osta Bambu kahepoolne tekstuuriga PEI plaat, X1 Series\/P1 Series\/A1 Odav Print \u260e +372 5911 9495 \u2714\ufe0f Parim hind Bambu kahepoolne tekstuuriga PEI plaat, X1 Series\/P1 Series\/A1 jaoks \u26df Kiire kohaletoimetamine Eestis \u2b50 Garanteeritud\",\"breadcrumb\":{\"@id\":\"https:\/\/odavprint.ee\/et\/product\/bambu-kahepoolne-tekstuuriga-pei-plaat-x1-series-p1-series-a1\/#breadcrumb\"},\"inLanguage\":\"et\",\"potentialAction\":[{\"@type\":\"ReadAction\",\"target\":[\"https:\/\/odavprint.ee\/et\/product\/bambu-kahepoolne-tekstuuriga-pei-plaat-x1-series-p1-series-a1\/\"]}]},{\"@type\":\"ImageObject\",\"inLanguage\":\"et\",\"@id\":\"https:\/\/odavprint.ee\/et\/product\/bambu-kahepoolne-tekstuuriga-pei-plaat-x1-series-p1-series-a1\/#primaryimage\",\"url\":\"https:\/\/odavprint.ee\/wp-content\/uploads\/2026\/03\/Bambu-Dual-Texture-PEI-Plate-1.webp\",\"contentUrl\":\"https:\/\/odavprint.ee\/wp-content\/uploads\/2026\/03\/Bambu-Dual-Texture-PEI-Plate-1.webp\",\"width\":700,\"height\":700},{\"@type\":\"BreadcrumbList\",\"@id\":\"https:\/\/odavprint.ee\/et\/product\/bambu-kahepoolne-tekstuuriga-pei-plaat-x1-series-p1-series-a1\/#breadcrumb\",\"itemListElement\":[{\"@type\":\"ListItem\",\"position\":1,\"name\":\"Home\",\"item\":\"https:\/\/odavprint.ee\/et\/esileht\/\"},{\"@type\":\"ListItem\",\"position\":2,\"name\":\"E-pood\",\"item\":\"https:\/\/odavprint.ee\/et\/shop\/\"},{\"@type\":\"ListItem\",\"position\":3,\"name\":\"Bambu kahepoolne tekstuuriga PEI plaat, X1 Series\/P1 Series\/A1\"}]},{\"@type\":\"WebSite\",\"@id\":\"https:\/\/odavprint.ee\/et\/#website\",\"url\":\"https:\/\/odavprint.ee\/et\/\",\"name\":\"Odav Print\",\"description\":\"Just another WordPress site\",\"publisher\":{\"@id\":\"https:\/\/odavprint.ee\/et\/#organization\"},\"alternateName\":\"Kassettide, toonerite t\u00e4itmine ja m\u00fc\u00fck.\",\"potentialAction\":[{\"@type\":\"SearchAction\",\"target\":{\"@type\":\"EntryPoint\",\"urlTemplate\":\"https:\/\/odavprint.ee\/et\/?s={search_term_string}\"},\"query-input\":\"required name=search_term_string\"}],\"inLanguage\":\"et\"},{\"@type\":[\"Organization\",\"Place\"],\"@id\":\"https:\/\/odavprint.ee\/et\/#organization\",\"name\":\"Odav Print O\u00dc\",\"url\":\"https:\/\/odavprint.ee\/et\/\",\"logo\":{\"@id\":\"https:\/\/odavprint.ee\/et\/product\/bambu-kahepoolne-tekstuuriga-pei-plaat-x1-series-p1-series-a1\/#local-main-organization-logo\"},\"image\":{\"@id\":\"https:\/\/odavprint.ee\/et\/product\/bambu-kahepoolne-tekstuuriga-pei-plaat-x1-series-p1-series-a1\/#local-main-organization-logo\"},\"address\":{\"@id\":\"https:\/\/odavprint.ee\/et\/product\/bambu-kahepoolne-tekstuuriga-pei-plaat-x1-series-p1-series-a1\/#local-main-place-address\"},\"geo\":{\"@type\":\"GeoCoordinates\",\"latitude\":\"59.4306504\",\"longitude\":\"24.8095743\"},\"telephone\":[\"53836926\"],\"openingHoursSpecification\":[{\"@type\":\"OpeningHoursSpecification\",\"dayOfWeek\":[\"Monday\",\"Tuesday\",\"Wednesday\",\"Thursday\",\"Friday\",\"Saturday\",\"Sunday\"],\"opens\":\"09:00\",\"closes\":\"17:00\"}],\"email\":\"info@odavprint.eu\"},{\"@type\":\"PostalAddress\",\"@id\":\"https:\/\/odavprint.ee\/et\/product\/bambu-kahepoolne-tekstuuriga-pei-plaat-x1-series-p1-series-a1\/#local-main-place-address\",\"streetAddress\":\"Pae tn 28\",\"addressLocality\":\"Tallinn\",\"postalCode\":\"11415\",\"addressRegion\":\"Harjumaa\",\"addressCountry\":\"EE\"},{\"@type\":\"ImageObject\",\"inLanguage\":\"et\",\"@id\":\"https:\/\/odavprint.ee\/et\/product\/bambu-kahepoolne-tekstuuriga-pei-plaat-x1-series-p1-series-a1\/#local-main-organization-logo\",\"url\":\"https:\/\/odavprint.ee\/wp-content\/uploads\/2018\/10\/odavprint-logo-240.jpg\",\"contentUrl\":\"https:\/\/odavprint.ee\/wp-content\/uploads\/2018\/10\/odavprint-logo-240.jpg\",\"width\":240,\"height\":36,\"caption\":\"Odav Print O\u00dc\"}]}<\/script>\n<meta property=\"product:price:amount\" content=\"49.14\" \/>\n<meta property=\"product:price:currency\" content=\"EUR\" \/>\n<meta property=\"og:availability\" content=\"out of stock\" \/>\n<meta property=\"product:availability\" content=\"out of stock\" \/>\n<meta property=\"product:condition\" content=\"new\" \/>\n<meta name=\"geo.placename\" content=\"Tallinn\" \/>\n<meta name=\"geo.position\" content=\"59.4306504;24.8095743\" \/>\n<meta name=\"geo.region\" content=\"Estonia\" \/>\n<!-- \/ Yoast SEO Premium plugin. -->","yoast_head_json":{"title":"Bambu kahepoolne tekstuuriga PEI plaat, X1 Series\/P1 Series\/A1, hea hinnaga, osta e-pood - Odav Print","description":"Osta Bambu kahepoolne tekstuuriga PEI plaat, X1 Series\/P1 Series\/A1 Odav Print \u260e +372 5911 9495 \u2714\ufe0f Parim hind Bambu kahepoolne tekstuuriga PEI plaat, X1 Series\/P1 Series\/A1 jaoks \u26df Kiire kohaletoimetamine Eestis \u2b50 Garanteeritud","robots":{"index":"index","follow":"follow","max-snippet":"max-snippet:-1","max-image-preview":"max-image-preview:large","max-video-preview":"max-video-preview:-1"},"canonical":"https:\/\/odavprint.ee\/et\/product\/bambu-kahepoolne-tekstuuriga-pei-plaat-x1-series-p1-series-a1\/","og_locale":"et_EE","og_type":"article","og_title":"Bambu kahepoolne tekstuuriga PEI plaat, X1 Series\/P1 Series\/A1","og_description":"Osta Bambu kahepoolne tekstuuriga PEI plaat, X1 Series\/P1 Series\/A1 Odav Print \u260e +372 5911 9495 \u2714\ufe0f Parim hind Bambu kahepoolne tekstuuriga PEI plaat, X1 Series\/P1 Series\/A1 jaoks \u26df Kiire kohaletoimetamine Eestis \u2b50 Garanteeritud","og_url":"https:\/\/odavprint.ee\/et\/product\/bambu-kahepoolne-tekstuuriga-pei-plaat-x1-series-p1-series-a1\/","og_site_name":"Odav Print","article_modified_time":"2026-05-01T03:38:11+00:00","og_image":[{"width":700,"height":700,"url":"https:\/\/odavprint.ee\/wp-content\/uploads\/2026\/03\/Bambu-Dual-Texture-PEI-Plate-1.webp","type":"image\/webp"}],"twitter_card":"summary_large_image","twitter_misc":{"Price":"&euro;49.14","Availability":"Out of stock"},"schema":{"@context":"https:\/\/schema.org","@graph":[{"@type":["WebPage","ItemPage"],"@id":"https:\/\/odavprint.ee\/et\/product\/bambu-kahepoolne-tekstuuriga-pei-plaat-x1-series-p1-series-a1\/","url":"https:\/\/odavprint.ee\/et\/product\/bambu-kahepoolne-tekstuuriga-pei-plaat-x1-series-p1-series-a1\/","name":"Bambu kahepoolne tekstuuriga PEI plaat, X1 Series\/P1 Series\/A1, hea hinnaga, osta e-pood - Odav Print","isPartOf":{"@id":"https:\/\/odavprint.ee\/et\/#website"},"primaryImageOfPage":{"@id":"https:\/\/odavprint.ee\/et\/product\/bambu-kahepoolne-tekstuuriga-pei-plaat-x1-series-p1-series-a1\/#primaryimage"},"image":{"@id":"https:\/\/odavprint.ee\/et\/product\/bambu-kahepoolne-tekstuuriga-pei-plaat-x1-series-p1-series-a1\/#primaryimage"},"thumbnailUrl":"https:\/\/odavprint.ee\/wp-content\/uploads\/2026\/03\/Bambu-Dual-Texture-PEI-Plate-1.webp","datePublished":"2026-03-02T18:25:09+00:00","dateModified":"2026-05-01T03:38:11+00:00","description":"Osta Bambu kahepoolne tekstuuriga PEI plaat, X1 Series\/P1 Series\/A1 Odav Print \u260e +372 5911 9495 \u2714\ufe0f Parim hind Bambu kahepoolne tekstuuriga PEI plaat, X1 Series\/P1 Series\/A1 jaoks \u26df Kiire kohaletoimetamine Eestis \u2b50 Garanteeritud","breadcrumb":{"@id":"https:\/\/odavprint.ee\/et\/product\/bambu-kahepoolne-tekstuuriga-pei-plaat-x1-series-p1-series-a1\/#breadcrumb"},"inLanguage":"et","potentialAction":[{"@type":"ReadAction","target":["https:\/\/odavprint.ee\/et\/product\/bambu-kahepoolne-tekstuuriga-pei-plaat-x1-series-p1-series-a1\/"]}]},{"@type":"ImageObject","inLanguage":"et","@id":"https:\/\/odavprint.ee\/et\/product\/bambu-kahepoolne-tekstuuriga-pei-plaat-x1-series-p1-series-a1\/#primaryimage","url":"https:\/\/odavprint.ee\/wp-content\/uploads\/2026\/03\/Bambu-Dual-Texture-PEI-Plate-1.webp","contentUrl":"https:\/\/odavprint.ee\/wp-content\/uploads\/2026\/03\/Bambu-Dual-Texture-PEI-Plate-1.webp","width":700,"height":700},{"@type":"BreadcrumbList","@id":"https:\/\/odavprint.ee\/et\/product\/bambu-kahepoolne-tekstuuriga-pei-plaat-x1-series-p1-series-a1\/#breadcrumb","itemListElement":[{"@type":"ListItem","position":1,"name":"Home","item":"https:\/\/odavprint.ee\/et\/esileht\/"},{"@type":"ListItem","position":2,"name":"E-pood","item":"https:\/\/odavprint.ee\/et\/shop\/"},{"@type":"ListItem","position":3,"name":"Bambu kahepoolne tekstuuriga PEI plaat, X1 Series\/P1 Series\/A1"}]},{"@type":"WebSite","@id":"https:\/\/odavprint.ee\/et\/#website","url":"https:\/\/odavprint.ee\/et\/","name":"Odav Print","description":"Just another WordPress site","publisher":{"@id":"https:\/\/odavprint.ee\/et\/#organization"},"alternateName":"Kassettide, toonerite t\u00e4itmine ja m\u00fc\u00fck.","potentialAction":[{"@type":"SearchAction","target":{"@type":"EntryPoint","urlTemplate":"https:\/\/odavprint.ee\/et\/?s={search_term_string}"},"query-input":"required name=search_term_string"}],"inLanguage":"et"},{"@type":["Organization","Place"],"@id":"https:\/\/odavprint.ee\/et\/#organization","name":"Odav Print O\u00dc","url":"https:\/\/odavprint.ee\/et\/","logo":{"@id":"https:\/\/odavprint.ee\/et\/product\/bambu-kahepoolne-tekstuuriga-pei-plaat-x1-series-p1-series-a1\/#local-main-organization-logo"},"image":{"@id":"https:\/\/odavprint.ee\/et\/product\/bambu-kahepoolne-tekstuuriga-pei-plaat-x1-series-p1-series-a1\/#local-main-organization-logo"},"address":{"@id":"https:\/\/odavprint.ee\/et\/product\/bambu-kahepoolne-tekstuuriga-pei-plaat-x1-series-p1-series-a1\/#local-main-place-address"},"geo":{"@type":"GeoCoordinates","latitude":"59.4306504","longitude":"24.8095743"},"telephone":["53836926"],"openingHoursSpecification":[{"@type":"OpeningHoursSpecification","dayOfWeek":["Monday","Tuesday","Wednesday","Thursday","Friday","Saturday","Sunday"],"opens":"09:00","closes":"17:00"}],"email":"info@odavprint.eu"},{"@type":"PostalAddress","@id":"https:\/\/odavprint.ee\/et\/product\/bambu-kahepoolne-tekstuuriga-pei-plaat-x1-series-p1-series-a1\/#local-main-place-address","streetAddress":"Pae tn 28","addressLocality":"Tallinn","postalCode":"11415","addressRegion":"Harjumaa","addressCountry":"EE"},{"@type":"ImageObject","inLanguage":"et","@id":"https:\/\/odavprint.ee\/et\/product\/bambu-kahepoolne-tekstuuriga-pei-plaat-x1-series-p1-series-a1\/#local-main-organization-logo","url":"https:\/\/odavprint.ee\/wp-content\/uploads\/2018\/10\/odavprint-logo-240.jpg","contentUrl":"https:\/\/odavprint.ee\/wp-content\/uploads\/2018\/10\/odavprint-logo-240.jpg","width":240,"height":36,"caption":"Odav Print O\u00dc"}]},"product_price_amount":"49.14","product_price_currency":"EUR","og_availability":"out of stock","product_availability":"out of stock","product_condition":"new","geo.placename":"Tallinn","geo.position":{"lat":"59.4306504","long":"24.8095743"},"geo.region":"Estonia"},"_links":{"self":[{"href":"https:\/\/odavprint.ee\/et\/wp-json\/wp\/v2\/product\/220725"}],"collection":[{"href":"https:\/\/odavprint.ee\/et\/wp-json\/wp\/v2\/product"}],"about":[{"href":"https:\/\/odavprint.ee\/et\/wp-json\/wp\/v2\/types\/product"}],"wp:featuredmedia":[{"embeddable":true,"href":"https:\/\/odavprint.ee\/et\/wp-json\/wp\/v2\/media\/220726"}],"wp:attachment":[{"href":"https:\/\/odavprint.ee\/et\/wp-json\/wp\/v2\/media?parent=220725"}],"wp:term":[{"taxonomy":"product_cat","embeddable":true,"href":"https:\/\/odavprint.ee\/et\/wp-json\/wp\/v2\/product_cat?post=220725"},{"taxonomy":"product_tag","embeddable":true,"href":"https:\/\/odavprint.ee\/et\/wp-json\/wp\/v2\/product_tag?post=220725"}],"curies":[{"name":"wp","href":"https:\/\/api.w.org\/{rel}","templated":true}]}}