{"id":220943,"date":"2026-03-02T20:55:13","date_gmt":"2026-03-02T18:55:13","guid":{"rendered":"https:\/\/odavprint.ee\/?post_type=product&#038;p=220943"},"modified":"2026-03-02T20:55:14","modified_gmt":"2026-03-02T18:55:14","slug":"xtool-ra2-pro-kaabel","status":"publish","type":"product","link":"https:\/\/odavprint.ee\/et\/product\/xtool-ra2-pro-kaabel\/","title":{"rendered":"xTool RA2 Pro kaabel"},"content":{"rendered":"<p>xTool RA2 Pro kaabel on spetsiaalselt loodud RA2 Pro p\u00f6\u00f6rdgraveerimisseadme jaoks, et tagada stabiilne ja usaldusv\u00e4\u00e4rne \u00fchendus laserl\u00f5ikuritega. Kaabel on vastupidav ja kvaliteetne, pakkudes vajalikku \u00fclekandev\u00f5imet ja tagades katkestusteta t\u00f6\u00f6 ka k\u00f5ige n\u00f5udlikumates projektides. See kaabel \u00fchildub xTool S1 ja F1 laserl\u00f5ikuritega, v\u00f5imaldades sujuvat ja t\u00e4pset graveerimist erinevatel silindrilistel pindadel. Ideaalne t\u00f6\u00f6riist professionaalseks ja isiklikuks kasutamiseks.<\/p>\n","protected":false},"excerpt":{"rendered":"<p>xTool RA2 Pro kaabel on spetsiaalselt loodud RA2 Pro p\u00f6\u00f6rdgraveerimisseadme jaoks, et tagada stabiilne ja usaldusv\u00e4\u00e4rne \u00fchendus laserl\u00f5ikuritega. Kaabel on vastupidav ja kvaliteetne, pakkudes vajalikku \u00fclekandev\u00f5imet ja tagades katkestusteta t\u00f6\u00f6 ka k\u00f5ige n\u00f5udlikumates projektides. See kaabel \u00fchildub xTool S1 ja F1 laserl\u00f5ikuritega, v\u00f5imaldades sujuvat ja t\u00e4pset graveerimist erinevatel silindrilistel pindadel. Ideaalne t\u00f6\u00f6riist professionaalseks ja isiklikuks [&#8230;]\n","protected":false},"featured_media":220944,"template":"","meta":{"inline_featured_image":false},"product_cat":[39611],"product_tag":[],"yoast_head":"<!-- This site is optimized with the Yoast SEO Premium plugin v23.0 (Yoast SEO v23.0) - https:\/\/yoast.com\/wordpress\/plugins\/seo\/ -->\n<title>xTool RA2 Pro kaabel, hea hinnaga, osta e-pood - Odav Print<\/title>\n<meta name=\"description\" content=\"Osta xTool RA2 Pro kaabel Odav Print \u260e +372 5911 9495 \u2714\ufe0f Parim hind xTool RA2 Pro kaabel jaoks \u26df Kiire kohaletoimetamine Eestis \u2b50 Garanteeritud\" \/>\n<meta name=\"robots\" content=\"index, follow, max-snippet:-1, max-image-preview:large, max-video-preview:-1\" \/>\n<link rel=\"canonical\" href=\"https:\/\/odavprint.ee\/et\/product\/xtool-ra2-pro-kaabel\/\" \/>\n<meta property=\"og:locale\" content=\"et_EE\" \/>\n<meta property=\"og:type\" content=\"article\" \/>\n<meta property=\"og:title\" content=\"xTool RA2 Pro kaabel\" \/>\n<meta property=\"og:description\" content=\"Osta xTool RA2 Pro kaabel Odav Print \u260e +372 5911 9495 \u2714\ufe0f Parim hind xTool RA2 Pro kaabel jaoks \u26df Kiire kohaletoimetamine Eestis \u2b50 Garanteeritud\" \/>\n<meta property=\"og:url\" content=\"https:\/\/odavprint.ee\/et\/product\/xtool-ra2-pro-kaabel\/\" \/>\n<meta property=\"og:site_name\" content=\"Odav Print\" \/>\n<meta property=\"article:modified_time\" content=\"2026-03-02T18:55:14+00:00\" \/>\n<meta name=\"twitter:card\" content=\"summary_large_image\" \/>\n<meta name=\"twitter:label1\" content=\"Price\" \/>\n\t<meta name=\"twitter:data1\" content=\"&euro;11.17\" \/>\n\t<meta name=\"twitter:label2\" content=\"Availability\" \/>\n\t<meta name=\"twitter:data2\" content=\"On backorder\" \/>\n<script type=\"application\/ld+json\" class=\"yoast-schema-graph\">{\"@context\":\"https:\/\/schema.org\",\"@graph\":[{\"@type\":[\"WebPage\",\"ItemPage\"],\"@id\":\"https:\/\/odavprint.ee\/et\/product\/xtool-ra2-pro-kaabel\/\",\"url\":\"https:\/\/odavprint.ee\/et\/product\/xtool-ra2-pro-kaabel\/\",\"name\":\"xTool RA2 Pro kaabel, hea hinnaga, osta e-pood - Odav Print\",\"isPartOf\":{\"@id\":\"https:\/\/odavprint.ee\/et\/#website\"},\"primaryImageOfPage\":{\"@id\":\"https:\/\/odavprint.ee\/et\/product\/xtool-ra2-pro-kaabel\/#primaryimage\"},\"image\":{\"@id\":\"https:\/\/odavprint.ee\/et\/product\/xtool-ra2-pro-kaabel\/#primaryimage\"},\"thumbnailUrl\":\"https:\/\/odavprint.ee\/wp-content\/uploads\/2026\/03\/xTool-RA2-Pro-Cable.webp\",\"datePublished\":\"2026-03-02T18:55:13+00:00\",\"dateModified\":\"2026-03-02T18:55:14+00:00\",\"description\":\"Osta xTool RA2 Pro kaabel Odav Print \u260e +372 5911 9495 \u2714\ufe0f Parim hind xTool RA2 Pro kaabel jaoks \u26df Kiire kohaletoimetamine Eestis \u2b50 Garanteeritud\",\"breadcrumb\":{\"@id\":\"https:\/\/odavprint.ee\/et\/product\/xtool-ra2-pro-kaabel\/#breadcrumb\"},\"inLanguage\":\"et\",\"potentialAction\":[{\"@type\":\"ReadAction\",\"target\":[\"https:\/\/odavprint.ee\/et\/product\/xtool-ra2-pro-kaabel\/\"]}]},{\"@type\":\"ImageObject\",\"inLanguage\":\"et\",\"@id\":\"https:\/\/odavprint.ee\/et\/product\/xtool-ra2-pro-kaabel\/#primaryimage\",\"url\":\"https:\/\/odavprint.ee\/wp-content\/uploads\/2026\/03\/xTool-RA2-Pro-Cable.webp\",\"contentUrl\":\"https:\/\/odavprint.ee\/wp-content\/uploads\/2026\/03\/xTool-RA2-Pro-Cable.webp\",\"width\":510,\"height\":510},{\"@type\":\"BreadcrumbList\",\"@id\":\"https:\/\/odavprint.ee\/et\/product\/xtool-ra2-pro-kaabel\/#breadcrumb\",\"itemListElement\":[{\"@type\":\"ListItem\",\"position\":1,\"name\":\"Home\",\"item\":\"https:\/\/odavprint.ee\/et\/esileht\/\"},{\"@type\":\"ListItem\",\"position\":2,\"name\":\"E-pood\",\"item\":\"https:\/\/odavprint.ee\/et\/shop\/\"},{\"@type\":\"ListItem\",\"position\":3,\"name\":\"xTool RA2 Pro kaabel\"}]},{\"@type\":\"WebSite\",\"@id\":\"https:\/\/odavprint.ee\/et\/#website\",\"url\":\"https:\/\/odavprint.ee\/et\/\",\"name\":\"Odav Print\",\"description\":\"Just another WordPress site\",\"publisher\":{\"@id\":\"https:\/\/odavprint.ee\/et\/#organization\"},\"alternateName\":\"Kassettide, toonerite t\u00e4itmine ja m\u00fc\u00fck.\",\"potentialAction\":[{\"@type\":\"SearchAction\",\"target\":{\"@type\":\"EntryPoint\",\"urlTemplate\":\"https:\/\/odavprint.ee\/et\/?s={search_term_string}\"},\"query-input\":\"required name=search_term_string\"}],\"inLanguage\":\"et\"},{\"@type\":[\"Organization\",\"Place\"],\"@id\":\"https:\/\/odavprint.ee\/et\/#organization\",\"name\":\"Odav Print O\u00dc\",\"url\":\"https:\/\/odavprint.ee\/et\/\",\"logo\":{\"@id\":\"https:\/\/odavprint.ee\/et\/product\/xtool-ra2-pro-kaabel\/#local-main-organization-logo\"},\"image\":{\"@id\":\"https:\/\/odavprint.ee\/et\/product\/xtool-ra2-pro-kaabel\/#local-main-organization-logo\"},\"address\":{\"@id\":\"https:\/\/odavprint.ee\/et\/product\/xtool-ra2-pro-kaabel\/#local-main-place-address\"},\"geo\":{\"@type\":\"GeoCoordinates\",\"latitude\":\"59.4306504\",\"longitude\":\"24.8095743\"},\"telephone\":[\"53836926\"],\"openingHoursSpecification\":[{\"@type\":\"OpeningHoursSpecification\",\"dayOfWeek\":[\"Monday\",\"Tuesday\",\"Wednesday\",\"Thursday\",\"Friday\",\"Saturday\",\"Sunday\"],\"opens\":\"09:00\",\"closes\":\"17:00\"}],\"email\":\"info@odavprint.eu\"},{\"@type\":\"PostalAddress\",\"@id\":\"https:\/\/odavprint.ee\/et\/product\/xtool-ra2-pro-kaabel\/#local-main-place-address\",\"streetAddress\":\"Pae tn 28\",\"addressLocality\":\"Tallinn\",\"postalCode\":\"11415\",\"addressRegion\":\"Harjumaa\",\"addressCountry\":\"EE\"},{\"@type\":\"ImageObject\",\"inLanguage\":\"et\",\"@id\":\"https:\/\/odavprint.ee\/et\/product\/xtool-ra2-pro-kaabel\/#local-main-organization-logo\",\"url\":\"https:\/\/odavprint.ee\/wp-content\/uploads\/2018\/10\/odavprint-logo-240.jpg\",\"contentUrl\":\"https:\/\/odavprint.ee\/wp-content\/uploads\/2018\/10\/odavprint-logo-240.jpg\",\"width\":240,\"height\":36,\"caption\":\"Odav Print O\u00dc\"}]}<\/script>\n<meta property=\"product:price:amount\" content=\"11.17\" \/>\n<meta property=\"product:price:currency\" content=\"EUR\" \/>\n<meta property=\"og:availability\" content=\"backorder\" \/>\n<meta property=\"product:availability\" content=\"available for order\" \/>\n<meta property=\"product:condition\" content=\"new\" \/>\n<meta name=\"geo.placename\" content=\"Tallinn\" \/>\n<meta name=\"geo.position\" content=\"59.4306504;24.8095743\" \/>\n<meta name=\"geo.region\" content=\"Estonia\" \/>\n<!-- \/ Yoast SEO Premium plugin. -->","yoast_head_json":{"title":"xTool RA2 Pro kaabel, hea hinnaga, osta e-pood - Odav Print","description":"Osta xTool RA2 Pro kaabel Odav Print \u260e +372 5911 9495 \u2714\ufe0f Parim hind xTool RA2 Pro kaabel jaoks \u26df Kiire kohaletoimetamine Eestis \u2b50 Garanteeritud","robots":{"index":"index","follow":"follow","max-snippet":"max-snippet:-1","max-image-preview":"max-image-preview:large","max-video-preview":"max-video-preview:-1"},"canonical":"https:\/\/odavprint.ee\/et\/product\/xtool-ra2-pro-kaabel\/","og_locale":"et_EE","og_type":"article","og_title":"xTool RA2 Pro kaabel","og_description":"Osta xTool RA2 Pro kaabel Odav Print \u260e +372 5911 9495 \u2714\ufe0f Parim hind xTool RA2 Pro kaabel jaoks \u26df Kiire kohaletoimetamine Eestis \u2b50 Garanteeritud","og_url":"https:\/\/odavprint.ee\/et\/product\/xtool-ra2-pro-kaabel\/","og_site_name":"Odav Print","article_modified_time":"2026-03-02T18:55:14+00:00","twitter_card":"summary_large_image","twitter_misc":{"Price":"&euro;11.17","Availability":"On backorder"},"schema":{"@context":"https:\/\/schema.org","@graph":[{"@type":["WebPage","ItemPage"],"@id":"https:\/\/odavprint.ee\/et\/product\/xtool-ra2-pro-kaabel\/","url":"https:\/\/odavprint.ee\/et\/product\/xtool-ra2-pro-kaabel\/","name":"xTool RA2 Pro kaabel, hea hinnaga, osta e-pood - Odav Print","isPartOf":{"@id":"https:\/\/odavprint.ee\/et\/#website"},"primaryImageOfPage":{"@id":"https:\/\/odavprint.ee\/et\/product\/xtool-ra2-pro-kaabel\/#primaryimage"},"image":{"@id":"https:\/\/odavprint.ee\/et\/product\/xtool-ra2-pro-kaabel\/#primaryimage"},"thumbnailUrl":"https:\/\/odavprint.ee\/wp-content\/uploads\/2026\/03\/xTool-RA2-Pro-Cable.webp","datePublished":"2026-03-02T18:55:13+00:00","dateModified":"2026-03-02T18:55:14+00:00","description":"Osta xTool RA2 Pro kaabel Odav Print \u260e +372 5911 9495 \u2714\ufe0f Parim hind xTool RA2 Pro kaabel jaoks \u26df Kiire kohaletoimetamine Eestis \u2b50 Garanteeritud","breadcrumb":{"@id":"https:\/\/odavprint.ee\/et\/product\/xtool-ra2-pro-kaabel\/#breadcrumb"},"inLanguage":"et","potentialAction":[{"@type":"ReadAction","target":["https:\/\/odavprint.ee\/et\/product\/xtool-ra2-pro-kaabel\/"]}]},{"@type":"ImageObject","inLanguage":"et","@id":"https:\/\/odavprint.ee\/et\/product\/xtool-ra2-pro-kaabel\/#primaryimage","url":"https:\/\/odavprint.ee\/wp-content\/uploads\/2026\/03\/xTool-RA2-Pro-Cable.webp","contentUrl":"https:\/\/odavprint.ee\/wp-content\/uploads\/2026\/03\/xTool-RA2-Pro-Cable.webp","width":510,"height":510},{"@type":"BreadcrumbList","@id":"https:\/\/odavprint.ee\/et\/product\/xtool-ra2-pro-kaabel\/#breadcrumb","itemListElement":[{"@type":"ListItem","position":1,"name":"Home","item":"https:\/\/odavprint.ee\/et\/esileht\/"},{"@type":"ListItem","position":2,"name":"E-pood","item":"https:\/\/odavprint.ee\/et\/shop\/"},{"@type":"ListItem","position":3,"name":"xTool RA2 Pro kaabel"}]},{"@type":"WebSite","@id":"https:\/\/odavprint.ee\/et\/#website","url":"https:\/\/odavprint.ee\/et\/","name":"Odav Print","description":"Just another WordPress site","publisher":{"@id":"https:\/\/odavprint.ee\/et\/#organization"},"alternateName":"Kassettide, toonerite t\u00e4itmine ja m\u00fc\u00fck.","potentialAction":[{"@type":"SearchAction","target":{"@type":"EntryPoint","urlTemplate":"https:\/\/odavprint.ee\/et\/?s={search_term_string}"},"query-input":"required name=search_term_string"}],"inLanguage":"et"},{"@type":["Organization","Place"],"@id":"https:\/\/odavprint.ee\/et\/#organization","name":"Odav Print O\u00dc","url":"https:\/\/odavprint.ee\/et\/","logo":{"@id":"https:\/\/odavprint.ee\/et\/product\/xtool-ra2-pro-kaabel\/#local-main-organization-logo"},"image":{"@id":"https:\/\/odavprint.ee\/et\/product\/xtool-ra2-pro-kaabel\/#local-main-organization-logo"},"address":{"@id":"https:\/\/odavprint.ee\/et\/product\/xtool-ra2-pro-kaabel\/#local-main-place-address"},"geo":{"@type":"GeoCoordinates","latitude":"59.4306504","longitude":"24.8095743"},"telephone":["53836926"],"openingHoursSpecification":[{"@type":"OpeningHoursSpecification","dayOfWeek":["Monday","Tuesday","Wednesday","Thursday","Friday","Saturday","Sunday"],"opens":"09:00","closes":"17:00"}],"email":"info@odavprint.eu"},{"@type":"PostalAddress","@id":"https:\/\/odavprint.ee\/et\/product\/xtool-ra2-pro-kaabel\/#local-main-place-address","streetAddress":"Pae tn 28","addressLocality":"Tallinn","postalCode":"11415","addressRegion":"Harjumaa","addressCountry":"EE"},{"@type":"ImageObject","inLanguage":"et","@id":"https:\/\/odavprint.ee\/et\/product\/xtool-ra2-pro-kaabel\/#local-main-organization-logo","url":"https:\/\/odavprint.ee\/wp-content\/uploads\/2018\/10\/odavprint-logo-240.jpg","contentUrl":"https:\/\/odavprint.ee\/wp-content\/uploads\/2018\/10\/odavprint-logo-240.jpg","width":240,"height":36,"caption":"Odav Print O\u00dc"}]},"product_price_amount":"11.17","product_price_currency":"EUR","og_availability":"backorder","product_availability":"available for order","product_condition":"new","geo.placename":"Tallinn","geo.position":{"lat":"59.4306504","long":"24.8095743"},"geo.region":"Estonia"},"_links":{"self":[{"href":"https:\/\/odavprint.ee\/et\/wp-json\/wp\/v2\/product\/220943"}],"collection":[{"href":"https:\/\/odavprint.ee\/et\/wp-json\/wp\/v2\/product"}],"about":[{"href":"https:\/\/odavprint.ee\/et\/wp-json\/wp\/v2\/types\/product"}],"wp:featuredmedia":[{"embeddable":true,"href":"https:\/\/odavprint.ee\/et\/wp-json\/wp\/v2\/media\/220944"}],"wp:attachment":[{"href":"https:\/\/odavprint.ee\/et\/wp-json\/wp\/v2\/media?parent=220943"}],"wp:term":[{"taxonomy":"product_cat","embeddable":true,"href":"https:\/\/odavprint.ee\/et\/wp-json\/wp\/v2\/product_cat?post=220943"},{"taxonomy":"product_tag","embeddable":true,"href":"https:\/\/odavprint.ee\/et\/wp-json\/wp\/v2\/product_tag?post=220943"}],"curies":[{"name":"wp","href":"https:\/\/api.w.org\/{rel}","templated":true}]}}