{"id":220955,"date":"2026-03-02T21:01:20","date_gmt":"2026-03-02T19:01:20","guid":{"rendered":"https:\/\/odavprint.ee\/?post_type=product&#038;p=220955"},"modified":"2026-03-02T21:01:20","modified_gmt":"2026-03-02T19:01:20","slug":"desktop-air-purifier","status":"publish","type":"product","link":"https:\/\/odavprint.ee\/et\/product\/desktop-air-purifier\/","title":{"rendered":"Desktop Air Purifier"},"content":{"rendered":"<p>\u00d5hupuhasti on kompaktne ja t\u00f5hus lahendus \u00f5hu kvaliteedi parandamiseks t\u00f6\u00f6keskkonnas, eemaldades \u00f5hust osakesed, tolmu ja suitsu, mis tekivad laserl\u00f5ikamise ja graveerimise ajal. \u00d5hupuhasti t\u00f6\u00f6tab vaikselt ja t\u00f5husalt, tagades ohutu ja puhta t\u00f6\u00f6ala. See on spetsiaalselt loodud t\u00f6\u00f6tamiseks koos xTool P2 CO2 laserl\u00f5ikuritega, pakkudes ideaalset lisatarvikut puhta ja tervisliku keskkonna tagamiseks nii kodus kui ka t\u00f6\u00f6stuslikes tingimustes. See seade \u00fchildub xTool F1 laserl\u00f5ikuriga.<\/p>\n","protected":false},"excerpt":{"rendered":"<p>\u00d5hupuhasti on kompaktne ja t\u00f5hus lahendus \u00f5hu kvaliteedi parandamiseks t\u00f6\u00f6keskkonnas, eemaldades \u00f5hust osakesed, tolmu ja suitsu, mis tekivad laserl\u00f5ikamise ja graveerimise ajal. \u00d5hupuhasti t\u00f6\u00f6tab vaikselt ja t\u00f5husalt, tagades ohutu ja puhta t\u00f6\u00f6ala. See on spetsiaalselt loodud t\u00f6\u00f6tamiseks koos xTool P2 CO2 laserl\u00f5ikuritega, pakkudes ideaalset lisatarvikut puhta ja tervisliku keskkonna tagamiseks nii kodus kui ka t\u00f6\u00f6stuslikes [&#8230;]\n","protected":false},"featured_media":220956,"template":"","meta":{"inline_featured_image":false},"product_cat":[39611],"product_tag":[],"yoast_head":"<!-- This site is optimized with the Yoast SEO Premium plugin v23.0 (Yoast SEO v23.0) - https:\/\/yoast.com\/wordpress\/plugins\/seo\/ -->\n<title>Desktop Air Purifier, hea hinnaga, osta e-pood - Odav Print<\/title>\n<meta name=\"description\" content=\"Osta Desktop Air Purifier Odav Print \u260e +372 5911 9495 \u2714\ufe0f Parim hind Desktop Air Purifier jaoks \u26df Kiire kohaletoimetamine Eestis \u2b50 Garanteeritud\" \/>\n<meta name=\"robots\" content=\"index, follow, max-snippet:-1, max-image-preview:large, max-video-preview:-1\" \/>\n<link rel=\"canonical\" href=\"https:\/\/odavprint.ee\/et\/product\/desktop-air-purifier\/\" \/>\n<meta property=\"og:locale\" content=\"et_EE\" \/>\n<meta property=\"og:type\" content=\"article\" \/>\n<meta property=\"og:title\" content=\"Desktop Air Purifier\" \/>\n<meta property=\"og:description\" content=\"Osta Desktop Air Purifier Odav Print \u260e +372 5911 9495 \u2714\ufe0f Parim hind Desktop Air Purifier jaoks \u26df Kiire kohaletoimetamine Eestis \u2b50 Garanteeritud\" \/>\n<meta property=\"og:url\" content=\"https:\/\/odavprint.ee\/et\/product\/desktop-air-purifier\/\" \/>\n<meta property=\"og:site_name\" content=\"Odav Print\" \/>\n<meta name=\"twitter:card\" content=\"summary_large_image\" \/>\n<meta name=\"twitter:label1\" content=\"Price\" \/>\n\t<meta name=\"twitter:data1\" content=\"&euro;473.64\" \/>\n\t<meta name=\"twitter:label2\" content=\"Availability\" \/>\n\t<meta name=\"twitter:data2\" content=\"On backorder\" \/>\n<script type=\"application\/ld+json\" class=\"yoast-schema-graph\">{\"@context\":\"https:\/\/schema.org\",\"@graph\":[{\"@type\":[\"WebPage\",\"ItemPage\"],\"@id\":\"https:\/\/odavprint.ee\/et\/product\/desktop-air-purifier\/\",\"url\":\"https:\/\/odavprint.ee\/et\/product\/desktop-air-purifier\/\",\"name\":\"Desktop Air Purifier, hea hinnaga, osta e-pood - Odav Print\",\"isPartOf\":{\"@id\":\"https:\/\/odavprint.ee\/et\/#website\"},\"primaryImageOfPage\":{\"@id\":\"https:\/\/odavprint.ee\/et\/product\/desktop-air-purifier\/#primaryimage\"},\"image\":{\"@id\":\"https:\/\/odavprint.ee\/et\/product\/desktop-air-purifier\/#primaryimage\"},\"thumbnailUrl\":\"https:\/\/odavprint.ee\/wp-content\/uploads\/2026\/03\/xTool-Desktop-Air-Purifier-1.webp\",\"datePublished\":\"2026-03-02T19:01:20+00:00\",\"dateModified\":\"2026-03-02T19:01:20+00:00\",\"description\":\"Osta Desktop Air Purifier Odav Print \u260e +372 5911 9495 \u2714\ufe0f Parim hind Desktop Air Purifier jaoks \u26df Kiire kohaletoimetamine Eestis \u2b50 Garanteeritud\",\"breadcrumb\":{\"@id\":\"https:\/\/odavprint.ee\/et\/product\/desktop-air-purifier\/#breadcrumb\"},\"inLanguage\":\"et\",\"potentialAction\":[{\"@type\":\"ReadAction\",\"target\":[\"https:\/\/odavprint.ee\/et\/product\/desktop-air-purifier\/\"]}]},{\"@type\":\"ImageObject\",\"inLanguage\":\"et\",\"@id\":\"https:\/\/odavprint.ee\/et\/product\/desktop-air-purifier\/#primaryimage\",\"url\":\"https:\/\/odavprint.ee\/wp-content\/uploads\/2026\/03\/xTool-Desktop-Air-Purifier-1.webp\",\"contentUrl\":\"https:\/\/odavprint.ee\/wp-content\/uploads\/2026\/03\/xTool-Desktop-Air-Purifier-1.webp\",\"width\":500,\"height\":500},{\"@type\":\"BreadcrumbList\",\"@id\":\"https:\/\/odavprint.ee\/et\/product\/desktop-air-purifier\/#breadcrumb\",\"itemListElement\":[{\"@type\":\"ListItem\",\"position\":1,\"name\":\"Home\",\"item\":\"https:\/\/odavprint.ee\/et\/esileht\/\"},{\"@type\":\"ListItem\",\"position\":2,\"name\":\"E-pood\",\"item\":\"https:\/\/odavprint.ee\/et\/shop\/\"},{\"@type\":\"ListItem\",\"position\":3,\"name\":\"Desktop Air Purifier\"}]},{\"@type\":\"WebSite\",\"@id\":\"https:\/\/odavprint.ee\/et\/#website\",\"url\":\"https:\/\/odavprint.ee\/et\/\",\"name\":\"Odav Print\",\"description\":\"Just another WordPress site\",\"publisher\":{\"@id\":\"https:\/\/odavprint.ee\/et\/#organization\"},\"alternateName\":\"Kassettide, toonerite t\u00e4itmine ja m\u00fc\u00fck.\",\"potentialAction\":[{\"@type\":\"SearchAction\",\"target\":{\"@type\":\"EntryPoint\",\"urlTemplate\":\"https:\/\/odavprint.ee\/et\/?s={search_term_string}\"},\"query-input\":\"required name=search_term_string\"}],\"inLanguage\":\"et\"},{\"@type\":[\"Organization\",\"Place\"],\"@id\":\"https:\/\/odavprint.ee\/et\/#organization\",\"name\":\"Odav Print O\u00dc\",\"url\":\"https:\/\/odavprint.ee\/et\/\",\"logo\":{\"@id\":\"https:\/\/odavprint.ee\/et\/product\/desktop-air-purifier\/#local-main-organization-logo\"},\"image\":{\"@id\":\"https:\/\/odavprint.ee\/et\/product\/desktop-air-purifier\/#local-main-organization-logo\"},\"address\":{\"@id\":\"https:\/\/odavprint.ee\/et\/product\/desktop-air-purifier\/#local-main-place-address\"},\"geo\":{\"@type\":\"GeoCoordinates\",\"latitude\":\"59.4306504\",\"longitude\":\"24.8095743\"},\"telephone\":[\"53836926\"],\"openingHoursSpecification\":[{\"@type\":\"OpeningHoursSpecification\",\"dayOfWeek\":[\"Monday\",\"Tuesday\",\"Wednesday\",\"Thursday\",\"Friday\",\"Saturday\",\"Sunday\"],\"opens\":\"09:00\",\"closes\":\"17:00\"}],\"email\":\"info@odavprint.eu\"},{\"@type\":\"PostalAddress\",\"@id\":\"https:\/\/odavprint.ee\/et\/product\/desktop-air-purifier\/#local-main-place-address\",\"streetAddress\":\"Pae tn 28\",\"addressLocality\":\"Tallinn\",\"postalCode\":\"11415\",\"addressRegion\":\"Harjumaa\",\"addressCountry\":\"EE\"},{\"@type\":\"ImageObject\",\"inLanguage\":\"et\",\"@id\":\"https:\/\/odavprint.ee\/et\/product\/desktop-air-purifier\/#local-main-organization-logo\",\"url\":\"https:\/\/odavprint.ee\/wp-content\/uploads\/2018\/10\/odavprint-logo-240.jpg\",\"contentUrl\":\"https:\/\/odavprint.ee\/wp-content\/uploads\/2018\/10\/odavprint-logo-240.jpg\",\"width\":240,\"height\":36,\"caption\":\"Odav Print O\u00dc\"}]}<\/script>\n<meta property=\"product:price:amount\" content=\"473.64\" \/>\n<meta property=\"product:price:currency\" content=\"EUR\" \/>\n<meta property=\"og:availability\" content=\"backorder\" \/>\n<meta property=\"product:availability\" content=\"available for order\" \/>\n<meta property=\"product:condition\" content=\"new\" \/>\n<meta name=\"geo.placename\" content=\"Tallinn\" \/>\n<meta name=\"geo.position\" content=\"59.4306504;24.8095743\" \/>\n<meta name=\"geo.region\" content=\"Estonia\" \/>\n<!-- \/ Yoast SEO Premium plugin. -->","yoast_head_json":{"title":"Desktop Air Purifier, hea hinnaga, osta e-pood - Odav Print","description":"Osta Desktop Air Purifier Odav Print \u260e +372 5911 9495 \u2714\ufe0f Parim hind Desktop Air Purifier jaoks \u26df Kiire kohaletoimetamine Eestis \u2b50 Garanteeritud","robots":{"index":"index","follow":"follow","max-snippet":"max-snippet:-1","max-image-preview":"max-image-preview:large","max-video-preview":"max-video-preview:-1"},"canonical":"https:\/\/odavprint.ee\/et\/product\/desktop-air-purifier\/","og_locale":"et_EE","og_type":"article","og_title":"Desktop Air Purifier","og_description":"Osta Desktop Air Purifier Odav Print \u260e +372 5911 9495 \u2714\ufe0f Parim hind Desktop Air Purifier jaoks \u26df Kiire kohaletoimetamine Eestis \u2b50 Garanteeritud","og_url":"https:\/\/odavprint.ee\/et\/product\/desktop-air-purifier\/","og_site_name":"Odav Print","twitter_card":"summary_large_image","twitter_misc":{"Price":"&euro;473.64","Availability":"On backorder"},"schema":{"@context":"https:\/\/schema.org","@graph":[{"@type":["WebPage","ItemPage"],"@id":"https:\/\/odavprint.ee\/et\/product\/desktop-air-purifier\/","url":"https:\/\/odavprint.ee\/et\/product\/desktop-air-purifier\/","name":"Desktop Air Purifier, hea hinnaga, osta e-pood - Odav Print","isPartOf":{"@id":"https:\/\/odavprint.ee\/et\/#website"},"primaryImageOfPage":{"@id":"https:\/\/odavprint.ee\/et\/product\/desktop-air-purifier\/#primaryimage"},"image":{"@id":"https:\/\/odavprint.ee\/et\/product\/desktop-air-purifier\/#primaryimage"},"thumbnailUrl":"https:\/\/odavprint.ee\/wp-content\/uploads\/2026\/03\/xTool-Desktop-Air-Purifier-1.webp","datePublished":"2026-03-02T19:01:20+00:00","dateModified":"2026-03-02T19:01:20+00:00","description":"Osta Desktop Air Purifier Odav Print \u260e +372 5911 9495 \u2714\ufe0f Parim hind Desktop Air Purifier jaoks \u26df Kiire kohaletoimetamine Eestis \u2b50 Garanteeritud","breadcrumb":{"@id":"https:\/\/odavprint.ee\/et\/product\/desktop-air-purifier\/#breadcrumb"},"inLanguage":"et","potentialAction":[{"@type":"ReadAction","target":["https:\/\/odavprint.ee\/et\/product\/desktop-air-purifier\/"]}]},{"@type":"ImageObject","inLanguage":"et","@id":"https:\/\/odavprint.ee\/et\/product\/desktop-air-purifier\/#primaryimage","url":"https:\/\/odavprint.ee\/wp-content\/uploads\/2026\/03\/xTool-Desktop-Air-Purifier-1.webp","contentUrl":"https:\/\/odavprint.ee\/wp-content\/uploads\/2026\/03\/xTool-Desktop-Air-Purifier-1.webp","width":500,"height":500},{"@type":"BreadcrumbList","@id":"https:\/\/odavprint.ee\/et\/product\/desktop-air-purifier\/#breadcrumb","itemListElement":[{"@type":"ListItem","position":1,"name":"Home","item":"https:\/\/odavprint.ee\/et\/esileht\/"},{"@type":"ListItem","position":2,"name":"E-pood","item":"https:\/\/odavprint.ee\/et\/shop\/"},{"@type":"ListItem","position":3,"name":"Desktop Air Purifier"}]},{"@type":"WebSite","@id":"https:\/\/odavprint.ee\/et\/#website","url":"https:\/\/odavprint.ee\/et\/","name":"Odav Print","description":"Just another WordPress site","publisher":{"@id":"https:\/\/odavprint.ee\/et\/#organization"},"alternateName":"Kassettide, toonerite t\u00e4itmine ja m\u00fc\u00fck.","potentialAction":[{"@type":"SearchAction","target":{"@type":"EntryPoint","urlTemplate":"https:\/\/odavprint.ee\/et\/?s={search_term_string}"},"query-input":"required name=search_term_string"}],"inLanguage":"et"},{"@type":["Organization","Place"],"@id":"https:\/\/odavprint.ee\/et\/#organization","name":"Odav Print O\u00dc","url":"https:\/\/odavprint.ee\/et\/","logo":{"@id":"https:\/\/odavprint.ee\/et\/product\/desktop-air-purifier\/#local-main-organization-logo"},"image":{"@id":"https:\/\/odavprint.ee\/et\/product\/desktop-air-purifier\/#local-main-organization-logo"},"address":{"@id":"https:\/\/odavprint.ee\/et\/product\/desktop-air-purifier\/#local-main-place-address"},"geo":{"@type":"GeoCoordinates","latitude":"59.4306504","longitude":"24.8095743"},"telephone":["53836926"],"openingHoursSpecification":[{"@type":"OpeningHoursSpecification","dayOfWeek":["Monday","Tuesday","Wednesday","Thursday","Friday","Saturday","Sunday"],"opens":"09:00","closes":"17:00"}],"email":"info@odavprint.eu"},{"@type":"PostalAddress","@id":"https:\/\/odavprint.ee\/et\/product\/desktop-air-purifier\/#local-main-place-address","streetAddress":"Pae tn 28","addressLocality":"Tallinn","postalCode":"11415","addressRegion":"Harjumaa","addressCountry":"EE"},{"@type":"ImageObject","inLanguage":"et","@id":"https:\/\/odavprint.ee\/et\/product\/desktop-air-purifier\/#local-main-organization-logo","url":"https:\/\/odavprint.ee\/wp-content\/uploads\/2018\/10\/odavprint-logo-240.jpg","contentUrl":"https:\/\/odavprint.ee\/wp-content\/uploads\/2018\/10\/odavprint-logo-240.jpg","width":240,"height":36,"caption":"Odav Print O\u00dc"}]},"product_price_amount":"473.64","product_price_currency":"EUR","og_availability":"backorder","product_availability":"available for order","product_condition":"new","geo.placename":"Tallinn","geo.position":{"lat":"59.4306504","long":"24.8095743"},"geo.region":"Estonia"},"_links":{"self":[{"href":"https:\/\/odavprint.ee\/et\/wp-json\/wp\/v2\/product\/220955"}],"collection":[{"href":"https:\/\/odavprint.ee\/et\/wp-json\/wp\/v2\/product"}],"about":[{"href":"https:\/\/odavprint.ee\/et\/wp-json\/wp\/v2\/types\/product"}],"wp:featuredmedia":[{"embeddable":true,"href":"https:\/\/odavprint.ee\/et\/wp-json\/wp\/v2\/media\/220956"}],"wp:attachment":[{"href":"https:\/\/odavprint.ee\/et\/wp-json\/wp\/v2\/media?parent=220955"}],"wp:term":[{"taxonomy":"product_cat","embeddable":true,"href":"https:\/\/odavprint.ee\/et\/wp-json\/wp\/v2\/product_cat?post=220955"},{"taxonomy":"product_tag","embeddable":true,"href":"https:\/\/odavprint.ee\/et\/wp-json\/wp\/v2\/product_tag?post=220955"}],"curies":[{"name":"wp","href":"https:\/\/api.w.org\/{rel}","templated":true}]}}