{"id":221131,"date":"2026-03-02T21:25:21","date_gmt":"2026-03-02T19:25:21","guid":{"rendered":"https:\/\/odavprint.ee\/?post_type=product&#038;p=221131"},"modified":"2026-04-17T18:04:33","modified_gmt":"2026-04-17T15:04:33","slug":"bambu-lab-pla-cf-sugavsinine","status":"publish","type":"product","link":"https:\/\/odavprint.ee\/et\/product\/bambu-lab-pla-cf-sugavsinine\/","title":{"rendered":"Bambu Lab &#8211; PLA-CF, S\u00fcgavsinine"},"content":{"rendered":"<p>PLA-CF filament Bambu Labilt on s\u00fcsinikkiuga tugevdatud PLA, mis pakub tavalisest PLA-st paremat j\u00e4ikust ja tugevust. See on kergesti prinditav ja algajas\u00f5bralik, sobib \u00fcldisteks insenerit\u00f6\u00f6deks ja mudeliteks. Filamendil on matt viimistlus, minimeeritud kihtide jooned, see on AMS-\u00fchilduv ja madala ummistumisohtu kiire printimise puhul. Enne kasutamist on soovitatav kuivatamine, eriti niisketes keskkondades.<br \/>\nRohkem infot<\/p>\n","protected":false},"excerpt":{"rendered":"<p>PLA-CF filament Bambu Labilt on s\u00fcsinikkiuga tugevdatud PLA, mis pakub tavalisest PLA-st paremat j\u00e4ikust ja tugevust. See on kergesti prinditav ja algajas\u00f5bralik, sobib \u00fcldisteks insenerit\u00f6\u00f6deks ja mudeliteks. Filamendil on matt viimistlus, minimeeritud kihtide jooned, see on AMS-\u00fchilduv ja madala ummistumisohtu kiire printimise puhul. Enne kasutamist on soovitatav kuivatamine, eriti niisketes keskkondades. Rohkem infot<\/p>\n","protected":false},"featured_media":221132,"template":"","meta":{"inline_featured_image":false},"product_cat":[39657],"product_tag":[],"yoast_head":"<!-- This site is optimized with the Yoast SEO Premium plugin v23.0 (Yoast SEO v23.0) - https:\/\/yoast.com\/wordpress\/plugins\/seo\/ -->\n<title>Bambu Lab - PLA-CF, S\u00fcgavsinine, hea hinnaga, osta e-pood - Odav Print<\/title>\n<meta name=\"description\" content=\"Osta Bambu Lab - PLA-CF, S\u00fcgavsinine Odav Print \u260e +372 5911 9495 \u2714\ufe0f Parim hind Bambu Lab - PLA-CF, S\u00fcgavsinine jaoks \u26df Kiire kohaletoimetamine Eestis \u2b50 Garanteeritud\" \/>\n<meta name=\"robots\" content=\"index, follow, max-snippet:-1, max-image-preview:large, max-video-preview:-1\" \/>\n<link rel=\"canonical\" href=\"https:\/\/odavprint.ee\/et\/product\/bambu-lab-pla-cf-sugavsinine\/\" \/>\n<meta property=\"og:locale\" content=\"et_EE\" \/>\n<meta property=\"og:type\" content=\"article\" \/>\n<meta property=\"og:title\" content=\"Bambu Lab - PLA-CF, S\u00fcgavsinine\" \/>\n<meta property=\"og:description\" content=\"Osta Bambu Lab - PLA-CF, S\u00fcgavsinine Odav Print \u260e +372 5911 9495 \u2714\ufe0f Parim hind Bambu Lab - PLA-CF, S\u00fcgavsinine jaoks \u26df Kiire kohaletoimetamine Eestis \u2b50 Garanteeritud\" \/>\n<meta property=\"og:url\" content=\"https:\/\/odavprint.ee\/et\/product\/bambu-lab-pla-cf-sugavsinine\/\" \/>\n<meta property=\"og:site_name\" content=\"Odav Print\" \/>\n<meta property=\"article:modified_time\" content=\"2026-04-17T15:04:33+00:00\" \/>\n<meta property=\"og:image\" content=\"https:\/\/odavprint.ee\/wp-content\/uploads\/2026\/03\/Bambu-lab-pla-cf-must-4.webp\" \/>\n\t<meta property=\"og:image:width\" content=\"1600\" \/>\n\t<meta property=\"og:image:height\" content=\"1600\" \/>\n\t<meta property=\"og:image:type\" content=\"image\/webp\" \/>\n<meta name=\"twitter:card\" content=\"summary_large_image\" \/>\n<meta name=\"twitter:label1\" content=\"Price\" \/>\n\t<meta name=\"twitter:data1\" content=\"&euro;38.44\" \/>\n\t<meta name=\"twitter:label2\" content=\"Availability\" \/>\n\t<meta name=\"twitter:data2\" content=\"In stock\" \/>\n<script type=\"application\/ld+json\" class=\"yoast-schema-graph\">{\"@context\":\"https:\/\/schema.org\",\"@graph\":[{\"@type\":[\"WebPage\",\"ItemPage\"],\"@id\":\"https:\/\/odavprint.ee\/et\/product\/bambu-lab-pla-cf-sugavsinine\/\",\"url\":\"https:\/\/odavprint.ee\/et\/product\/bambu-lab-pla-cf-sugavsinine\/\",\"name\":\"Bambu Lab - PLA-CF, S\u00fcgavsinine, hea hinnaga, osta e-pood - Odav Print\",\"isPartOf\":{\"@id\":\"https:\/\/odavprint.ee\/et\/#website\"},\"primaryImageOfPage\":{\"@id\":\"https:\/\/odavprint.ee\/et\/product\/bambu-lab-pla-cf-sugavsinine\/#primaryimage\"},\"image\":{\"@id\":\"https:\/\/odavprint.ee\/et\/product\/bambu-lab-pla-cf-sugavsinine\/#primaryimage\"},\"thumbnailUrl\":\"https:\/\/odavprint.ee\/wp-content\/uploads\/2026\/03\/Bambu-lab-pla-cf-must-4.webp\",\"datePublished\":\"2026-03-02T19:25:21+00:00\",\"dateModified\":\"2026-04-17T15:04:33+00:00\",\"description\":\"Osta Bambu Lab - PLA-CF, S\u00fcgavsinine Odav Print \u260e +372 5911 9495 \u2714\ufe0f Parim hind Bambu Lab - PLA-CF, S\u00fcgavsinine jaoks \u26df Kiire kohaletoimetamine Eestis \u2b50 Garanteeritud\",\"breadcrumb\":{\"@id\":\"https:\/\/odavprint.ee\/et\/product\/bambu-lab-pla-cf-sugavsinine\/#breadcrumb\"},\"inLanguage\":\"et\",\"potentialAction\":[{\"@type\":\"ReadAction\",\"target\":[\"https:\/\/odavprint.ee\/et\/product\/bambu-lab-pla-cf-sugavsinine\/\"]}]},{\"@type\":\"ImageObject\",\"inLanguage\":\"et\",\"@id\":\"https:\/\/odavprint.ee\/et\/product\/bambu-lab-pla-cf-sugavsinine\/#primaryimage\",\"url\":\"https:\/\/odavprint.ee\/wp-content\/uploads\/2026\/03\/Bambu-lab-pla-cf-must-4.webp\",\"contentUrl\":\"https:\/\/odavprint.ee\/wp-content\/uploads\/2026\/03\/Bambu-lab-pla-cf-must-4.webp\",\"width\":1600,\"height\":1600},{\"@type\":\"BreadcrumbList\",\"@id\":\"https:\/\/odavprint.ee\/et\/product\/bambu-lab-pla-cf-sugavsinine\/#breadcrumb\",\"itemListElement\":[{\"@type\":\"ListItem\",\"position\":1,\"name\":\"Home\",\"item\":\"https:\/\/odavprint.ee\/et\/esileht\/\"},{\"@type\":\"ListItem\",\"position\":2,\"name\":\"E-pood\",\"item\":\"https:\/\/odavprint.ee\/et\/shop\/\"},{\"@type\":\"ListItem\",\"position\":3,\"name\":\"Bambu Lab &#8211; PLA-CF, S\u00fcgavsinine\"}]},{\"@type\":\"WebSite\",\"@id\":\"https:\/\/odavprint.ee\/et\/#website\",\"url\":\"https:\/\/odavprint.ee\/et\/\",\"name\":\"Odav Print\",\"description\":\"Just another WordPress site\",\"publisher\":{\"@id\":\"https:\/\/odavprint.ee\/et\/#organization\"},\"alternateName\":\"Kassettide, toonerite t\u00e4itmine ja m\u00fc\u00fck.\",\"potentialAction\":[{\"@type\":\"SearchAction\",\"target\":{\"@type\":\"EntryPoint\",\"urlTemplate\":\"https:\/\/odavprint.ee\/et\/?s={search_term_string}\"},\"query-input\":\"required name=search_term_string\"}],\"inLanguage\":\"et\"},{\"@type\":[\"Organization\",\"Place\"],\"@id\":\"https:\/\/odavprint.ee\/et\/#organization\",\"name\":\"Odav Print O\u00dc\",\"url\":\"https:\/\/odavprint.ee\/et\/\",\"logo\":{\"@id\":\"https:\/\/odavprint.ee\/et\/product\/bambu-lab-pla-cf-sugavsinine\/#local-main-organization-logo\"},\"image\":{\"@id\":\"https:\/\/odavprint.ee\/et\/product\/bambu-lab-pla-cf-sugavsinine\/#local-main-organization-logo\"},\"address\":{\"@id\":\"https:\/\/odavprint.ee\/et\/product\/bambu-lab-pla-cf-sugavsinine\/#local-main-place-address\"},\"geo\":{\"@type\":\"GeoCoordinates\",\"latitude\":\"59.4306504\",\"longitude\":\"24.8095743\"},\"telephone\":[\"53836926\"],\"openingHoursSpecification\":[{\"@type\":\"OpeningHoursSpecification\",\"dayOfWeek\":[\"Monday\",\"Tuesday\",\"Wednesday\",\"Thursday\",\"Friday\",\"Saturday\",\"Sunday\"],\"opens\":\"09:00\",\"closes\":\"17:00\"}],\"email\":\"info@odavprint.eu\"},{\"@type\":\"PostalAddress\",\"@id\":\"https:\/\/odavprint.ee\/et\/product\/bambu-lab-pla-cf-sugavsinine\/#local-main-place-address\",\"streetAddress\":\"Pae tn 28\",\"addressLocality\":\"Tallinn\",\"postalCode\":\"11415\",\"addressRegion\":\"Harjumaa\",\"addressCountry\":\"EE\"},{\"@type\":\"ImageObject\",\"inLanguage\":\"et\",\"@id\":\"https:\/\/odavprint.ee\/et\/product\/bambu-lab-pla-cf-sugavsinine\/#local-main-organization-logo\",\"url\":\"https:\/\/odavprint.ee\/wp-content\/uploads\/2018\/10\/odavprint-logo-240.jpg\",\"contentUrl\":\"https:\/\/odavprint.ee\/wp-content\/uploads\/2018\/10\/odavprint-logo-240.jpg\",\"width\":240,\"height\":36,\"caption\":\"Odav Print O\u00dc\"}]}<\/script>\n<meta property=\"product:price:amount\" content=\"38.44\" \/>\n<meta property=\"product:price:currency\" content=\"EUR\" \/>\n<meta property=\"og:availability\" content=\"instock\" \/>\n<meta property=\"product:availability\" content=\"instock\" \/>\n<meta property=\"product:condition\" content=\"new\" \/>\n<meta name=\"geo.placename\" content=\"Tallinn\" \/>\n<meta name=\"geo.position\" content=\"59.4306504;24.8095743\" \/>\n<meta name=\"geo.region\" content=\"Estonia\" \/>\n<!-- \/ Yoast SEO Premium plugin. -->","yoast_head_json":{"title":"Bambu Lab - PLA-CF, S\u00fcgavsinine, hea hinnaga, osta e-pood - Odav Print","description":"Osta Bambu Lab - PLA-CF, S\u00fcgavsinine Odav Print \u260e +372 5911 9495 \u2714\ufe0f Parim hind Bambu Lab - PLA-CF, S\u00fcgavsinine jaoks \u26df Kiire kohaletoimetamine Eestis \u2b50 Garanteeritud","robots":{"index":"index","follow":"follow","max-snippet":"max-snippet:-1","max-image-preview":"max-image-preview:large","max-video-preview":"max-video-preview:-1"},"canonical":"https:\/\/odavprint.ee\/et\/product\/bambu-lab-pla-cf-sugavsinine\/","og_locale":"et_EE","og_type":"article","og_title":"Bambu Lab - PLA-CF, S\u00fcgavsinine","og_description":"Osta Bambu Lab - PLA-CF, S\u00fcgavsinine Odav Print \u260e +372 5911 9495 \u2714\ufe0f Parim hind Bambu Lab - PLA-CF, S\u00fcgavsinine jaoks \u26df Kiire kohaletoimetamine Eestis \u2b50 Garanteeritud","og_url":"https:\/\/odavprint.ee\/et\/product\/bambu-lab-pla-cf-sugavsinine\/","og_site_name":"Odav Print","article_modified_time":"2026-04-17T15:04:33+00:00","og_image":[{"width":1600,"height":1600,"url":"https:\/\/odavprint.ee\/wp-content\/uploads\/2026\/03\/Bambu-lab-pla-cf-must-4.webp","type":"image\/webp"}],"twitter_card":"summary_large_image","twitter_misc":{"Price":"&euro;38.44","Availability":"In stock"},"schema":{"@context":"https:\/\/schema.org","@graph":[{"@type":["WebPage","ItemPage"],"@id":"https:\/\/odavprint.ee\/et\/product\/bambu-lab-pla-cf-sugavsinine\/","url":"https:\/\/odavprint.ee\/et\/product\/bambu-lab-pla-cf-sugavsinine\/","name":"Bambu Lab - PLA-CF, S\u00fcgavsinine, hea hinnaga, osta e-pood - Odav Print","isPartOf":{"@id":"https:\/\/odavprint.ee\/et\/#website"},"primaryImageOfPage":{"@id":"https:\/\/odavprint.ee\/et\/product\/bambu-lab-pla-cf-sugavsinine\/#primaryimage"},"image":{"@id":"https:\/\/odavprint.ee\/et\/product\/bambu-lab-pla-cf-sugavsinine\/#primaryimage"},"thumbnailUrl":"https:\/\/odavprint.ee\/wp-content\/uploads\/2026\/03\/Bambu-lab-pla-cf-must-4.webp","datePublished":"2026-03-02T19:25:21+00:00","dateModified":"2026-04-17T15:04:33+00:00","description":"Osta Bambu Lab - PLA-CF, S\u00fcgavsinine Odav Print \u260e +372 5911 9495 \u2714\ufe0f Parim hind Bambu Lab - PLA-CF, S\u00fcgavsinine jaoks \u26df Kiire kohaletoimetamine Eestis \u2b50 Garanteeritud","breadcrumb":{"@id":"https:\/\/odavprint.ee\/et\/product\/bambu-lab-pla-cf-sugavsinine\/#breadcrumb"},"inLanguage":"et","potentialAction":[{"@type":"ReadAction","target":["https:\/\/odavprint.ee\/et\/product\/bambu-lab-pla-cf-sugavsinine\/"]}]},{"@type":"ImageObject","inLanguage":"et","@id":"https:\/\/odavprint.ee\/et\/product\/bambu-lab-pla-cf-sugavsinine\/#primaryimage","url":"https:\/\/odavprint.ee\/wp-content\/uploads\/2026\/03\/Bambu-lab-pla-cf-must-4.webp","contentUrl":"https:\/\/odavprint.ee\/wp-content\/uploads\/2026\/03\/Bambu-lab-pla-cf-must-4.webp","width":1600,"height":1600},{"@type":"BreadcrumbList","@id":"https:\/\/odavprint.ee\/et\/product\/bambu-lab-pla-cf-sugavsinine\/#breadcrumb","itemListElement":[{"@type":"ListItem","position":1,"name":"Home","item":"https:\/\/odavprint.ee\/et\/esileht\/"},{"@type":"ListItem","position":2,"name":"E-pood","item":"https:\/\/odavprint.ee\/et\/shop\/"},{"@type":"ListItem","position":3,"name":"Bambu Lab &#8211; PLA-CF, S\u00fcgavsinine"}]},{"@type":"WebSite","@id":"https:\/\/odavprint.ee\/et\/#website","url":"https:\/\/odavprint.ee\/et\/","name":"Odav Print","description":"Just another WordPress site","publisher":{"@id":"https:\/\/odavprint.ee\/et\/#organization"},"alternateName":"Kassettide, toonerite t\u00e4itmine ja m\u00fc\u00fck.","potentialAction":[{"@type":"SearchAction","target":{"@type":"EntryPoint","urlTemplate":"https:\/\/odavprint.ee\/et\/?s={search_term_string}"},"query-input":"required name=search_term_string"}],"inLanguage":"et"},{"@type":["Organization","Place"],"@id":"https:\/\/odavprint.ee\/et\/#organization","name":"Odav Print O\u00dc","url":"https:\/\/odavprint.ee\/et\/","logo":{"@id":"https:\/\/odavprint.ee\/et\/product\/bambu-lab-pla-cf-sugavsinine\/#local-main-organization-logo"},"image":{"@id":"https:\/\/odavprint.ee\/et\/product\/bambu-lab-pla-cf-sugavsinine\/#local-main-organization-logo"},"address":{"@id":"https:\/\/odavprint.ee\/et\/product\/bambu-lab-pla-cf-sugavsinine\/#local-main-place-address"},"geo":{"@type":"GeoCoordinates","latitude":"59.4306504","longitude":"24.8095743"},"telephone":["53836926"],"openingHoursSpecification":[{"@type":"OpeningHoursSpecification","dayOfWeek":["Monday","Tuesday","Wednesday","Thursday","Friday","Saturday","Sunday"],"opens":"09:00","closes":"17:00"}],"email":"info@odavprint.eu"},{"@type":"PostalAddress","@id":"https:\/\/odavprint.ee\/et\/product\/bambu-lab-pla-cf-sugavsinine\/#local-main-place-address","streetAddress":"Pae tn 28","addressLocality":"Tallinn","postalCode":"11415","addressRegion":"Harjumaa","addressCountry":"EE"},{"@type":"ImageObject","inLanguage":"et","@id":"https:\/\/odavprint.ee\/et\/product\/bambu-lab-pla-cf-sugavsinine\/#local-main-organization-logo","url":"https:\/\/odavprint.ee\/wp-content\/uploads\/2018\/10\/odavprint-logo-240.jpg","contentUrl":"https:\/\/odavprint.ee\/wp-content\/uploads\/2018\/10\/odavprint-logo-240.jpg","width":240,"height":36,"caption":"Odav Print O\u00dc"}]},"product_price_amount":"38.44","product_price_currency":"EUR","og_availability":"instock","product_availability":"instock","product_condition":"new","geo.placename":"Tallinn","geo.position":{"lat":"59.4306504","long":"24.8095743"},"geo.region":"Estonia"},"_links":{"self":[{"href":"https:\/\/odavprint.ee\/et\/wp-json\/wp\/v2\/product\/221131"}],"collection":[{"href":"https:\/\/odavprint.ee\/et\/wp-json\/wp\/v2\/product"}],"about":[{"href":"https:\/\/odavprint.ee\/et\/wp-json\/wp\/v2\/types\/product"}],"wp:featuredmedia":[{"embeddable":true,"href":"https:\/\/odavprint.ee\/et\/wp-json\/wp\/v2\/media\/221132"}],"wp:attachment":[{"href":"https:\/\/odavprint.ee\/et\/wp-json\/wp\/v2\/media?parent=221131"}],"wp:term":[{"taxonomy":"product_cat","embeddable":true,"href":"https:\/\/odavprint.ee\/et\/wp-json\/wp\/v2\/product_cat?post=221131"},{"taxonomy":"product_tag","embeddable":true,"href":"https:\/\/odavprint.ee\/et\/wp-json\/wp\/v2\/product_tag?post=221131"}],"curies":[{"name":"wp","href":"https:\/\/api.w.org\/{rel}","templated":true}]}}