{"id":221227,"date":"2026-03-02T21:43:01","date_gmt":"2026-03-02T19:43:01","guid":{"rendered":"https:\/\/odavprint.ee\/?post_type=product&#038;p=221227"},"modified":"2026-04-17T18:02:38","modified_gmt":"2026-04-17T15:02:38","slug":"polydissolve-s1-neutraalne","status":"publish","type":"product","link":"https:\/\/odavprint.ee\/et\/product\/polydissolve-s1-neutraalne\/","title":{"rendered":"PolyDissolve S1, Neutraalne"},"content":{"rendered":"<p>PolyDissolve\u2122 S1 on vees lahustuv tugiaine 3D printimiseks. See sobib h\u00e4sti PLA, TPU, PVB ja nailoniga. Toodet iseloomustab suurep\u00e4rane tugi ja liidesekvaliteet printimisel, ning see lahustub kiiresti toatemperatuuril vees, mis teeb j\u00e4relt\u00f6\u00f6tluse mugavaks. PolyDissolve\u2122 S1 on looduslikku v\u00e4rvi ja saadaval 1,75 mm ja 2,85 mm l\u00e4bim\u00f5\u00f5duga.<br \/>\nRohkem infot<\/p>\n","protected":false},"excerpt":{"rendered":"<p>PolyDissolve\u2122 S1 on vees lahustuv tugiaine 3D printimiseks. See sobib h\u00e4sti PLA, TPU, PVB ja nailoniga. Toodet iseloomustab suurep\u00e4rane tugi ja liidesekvaliteet printimisel, ning see lahustub kiiresti toatemperatuuril vees, mis teeb j\u00e4relt\u00f6\u00f6tluse mugavaks. PolyDissolve\u2122 S1 on looduslikku v\u00e4rvi ja saadaval 1,75 mm ja 2,85 mm l\u00e4bim\u00f5\u00f5duga. Rohkem infot<\/p>\n","protected":false},"featured_media":221228,"template":"","meta":{"inline_featured_image":false},"product_cat":[39657],"product_tag":[],"yoast_head":"<!-- This site is optimized with the Yoast SEO Premium plugin v23.0 (Yoast SEO v23.0) - https:\/\/yoast.com\/wordpress\/plugins\/seo\/ -->\n<title>PolyDissolve S1, Neutraalne, hea hinnaga, osta e-pood - Odav Print<\/title>\n<meta name=\"description\" content=\"Osta PolyDissolve S1, Neutraalne Odav Print \u260e +372 5911 9495 \u2714\ufe0f Parim hind PolyDissolve S1, Neutraalne jaoks \u26df Kiire kohaletoimetamine Eestis \u2b50 Garanteeritud\" \/>\n<meta name=\"robots\" content=\"index, follow, max-snippet:-1, max-image-preview:large, max-video-preview:-1\" \/>\n<link rel=\"canonical\" href=\"https:\/\/odavprint.ee\/et\/product\/polydissolve-s1-neutraalne\/\" \/>\n<meta property=\"og:locale\" content=\"et_EE\" \/>\n<meta property=\"og:type\" content=\"article\" \/>\n<meta property=\"og:title\" content=\"PolyDissolve S1, Neutraalne\" \/>\n<meta property=\"og:description\" content=\"Osta PolyDissolve S1, Neutraalne Odav Print \u260e +372 5911 9495 \u2714\ufe0f Parim hind PolyDissolve S1, Neutraalne jaoks \u26df Kiire kohaletoimetamine Eestis \u2b50 Garanteeritud\" \/>\n<meta property=\"og:url\" content=\"https:\/\/odavprint.ee\/et\/product\/polydissolve-s1-neutraalne\/\" \/>\n<meta property=\"og:site_name\" content=\"Odav Print\" \/>\n<meta property=\"article:modified_time\" content=\"2026-04-17T15:02:38+00:00\" \/>\n<meta property=\"og:image\" content=\"https:\/\/odavprint.ee\/wp-content\/uploads\/2026\/03\/PolyDissolve-S1-neutraalne-175-075.png\" \/>\n\t<meta property=\"og:image:width\" content=\"300\" \/>\n\t<meta property=\"og:image:height\" content=\"300\" \/>\n\t<meta property=\"og:image:type\" content=\"image\/png\" \/>\n<meta name=\"twitter:card\" content=\"summary_large_image\" \/>\n<meta name=\"twitter:label1\" content=\"Price\" \/>\n\t<meta name=\"twitter:data1\" content=\"&euro;71.68\" \/>\n\t<meta name=\"twitter:label2\" content=\"Availability\" \/>\n\t<meta name=\"twitter:data2\" content=\"In stock\" \/>\n<script type=\"application\/ld+json\" class=\"yoast-schema-graph\">{\"@context\":\"https:\/\/schema.org\",\"@graph\":[{\"@type\":[\"WebPage\",\"ItemPage\"],\"@id\":\"https:\/\/odavprint.ee\/et\/product\/polydissolve-s1-neutraalne\/\",\"url\":\"https:\/\/odavprint.ee\/et\/product\/polydissolve-s1-neutraalne\/\",\"name\":\"PolyDissolve S1, Neutraalne, hea hinnaga, osta e-pood - Odav Print\",\"isPartOf\":{\"@id\":\"https:\/\/odavprint.ee\/et\/#website\"},\"primaryImageOfPage\":{\"@id\":\"https:\/\/odavprint.ee\/et\/product\/polydissolve-s1-neutraalne\/#primaryimage\"},\"image\":{\"@id\":\"https:\/\/odavprint.ee\/et\/product\/polydissolve-s1-neutraalne\/#primaryimage\"},\"thumbnailUrl\":\"https:\/\/odavprint.ee\/wp-content\/uploads\/2026\/03\/PolyDissolve-S1-neutraalne-175-075.png\",\"datePublished\":\"2026-03-02T19:43:01+00:00\",\"dateModified\":\"2026-04-17T15:02:38+00:00\",\"description\":\"Osta PolyDissolve S1, Neutraalne Odav Print \u260e +372 5911 9495 \u2714\ufe0f Parim hind PolyDissolve S1, Neutraalne jaoks \u26df Kiire kohaletoimetamine Eestis \u2b50 Garanteeritud\",\"breadcrumb\":{\"@id\":\"https:\/\/odavprint.ee\/et\/product\/polydissolve-s1-neutraalne\/#breadcrumb\"},\"inLanguage\":\"et\",\"potentialAction\":[{\"@type\":\"ReadAction\",\"target\":[\"https:\/\/odavprint.ee\/et\/product\/polydissolve-s1-neutraalne\/\"]}]},{\"@type\":\"ImageObject\",\"inLanguage\":\"et\",\"@id\":\"https:\/\/odavprint.ee\/et\/product\/polydissolve-s1-neutraalne\/#primaryimage\",\"url\":\"https:\/\/odavprint.ee\/wp-content\/uploads\/2026\/03\/PolyDissolve-S1-neutraalne-175-075.png\",\"contentUrl\":\"https:\/\/odavprint.ee\/wp-content\/uploads\/2026\/03\/PolyDissolve-S1-neutraalne-175-075.png\",\"width\":300,\"height\":300},{\"@type\":\"BreadcrumbList\",\"@id\":\"https:\/\/odavprint.ee\/et\/product\/polydissolve-s1-neutraalne\/#breadcrumb\",\"itemListElement\":[{\"@type\":\"ListItem\",\"position\":1,\"name\":\"Home\",\"item\":\"https:\/\/odavprint.ee\/et\/esileht\/\"},{\"@type\":\"ListItem\",\"position\":2,\"name\":\"E-pood\",\"item\":\"https:\/\/odavprint.ee\/et\/shop\/\"},{\"@type\":\"ListItem\",\"position\":3,\"name\":\"PolyDissolve S1, Neutraalne\"}]},{\"@type\":\"WebSite\",\"@id\":\"https:\/\/odavprint.ee\/et\/#website\",\"url\":\"https:\/\/odavprint.ee\/et\/\",\"name\":\"Odav Print\",\"description\":\"Just another WordPress site\",\"publisher\":{\"@id\":\"https:\/\/odavprint.ee\/et\/#organization\"},\"alternateName\":\"Kassettide, toonerite t\u00e4itmine ja m\u00fc\u00fck.\",\"potentialAction\":[{\"@type\":\"SearchAction\",\"target\":{\"@type\":\"EntryPoint\",\"urlTemplate\":\"https:\/\/odavprint.ee\/et\/?s={search_term_string}\"},\"query-input\":\"required name=search_term_string\"}],\"inLanguage\":\"et\"},{\"@type\":[\"Organization\",\"Place\"],\"@id\":\"https:\/\/odavprint.ee\/et\/#organization\",\"name\":\"Odav Print O\u00dc\",\"url\":\"https:\/\/odavprint.ee\/et\/\",\"logo\":{\"@id\":\"https:\/\/odavprint.ee\/et\/product\/polydissolve-s1-neutraalne\/#local-main-organization-logo\"},\"image\":{\"@id\":\"https:\/\/odavprint.ee\/et\/product\/polydissolve-s1-neutraalne\/#local-main-organization-logo\"},\"address\":{\"@id\":\"https:\/\/odavprint.ee\/et\/product\/polydissolve-s1-neutraalne\/#local-main-place-address\"},\"geo\":{\"@type\":\"GeoCoordinates\",\"latitude\":\"59.4306504\",\"longitude\":\"24.8095743\"},\"telephone\":[\"53836926\"],\"openingHoursSpecification\":[{\"@type\":\"OpeningHoursSpecification\",\"dayOfWeek\":[\"Monday\",\"Tuesday\",\"Wednesday\",\"Thursday\",\"Friday\",\"Saturday\",\"Sunday\"],\"opens\":\"09:00\",\"closes\":\"17:00\"}],\"email\":\"info@odavprint.eu\"},{\"@type\":\"PostalAddress\",\"@id\":\"https:\/\/odavprint.ee\/et\/product\/polydissolve-s1-neutraalne\/#local-main-place-address\",\"streetAddress\":\"Pae tn 28\",\"addressLocality\":\"Tallinn\",\"postalCode\":\"11415\",\"addressRegion\":\"Harjumaa\",\"addressCountry\":\"EE\"},{\"@type\":\"ImageObject\",\"inLanguage\":\"et\",\"@id\":\"https:\/\/odavprint.ee\/et\/product\/polydissolve-s1-neutraalne\/#local-main-organization-logo\",\"url\":\"https:\/\/odavprint.ee\/wp-content\/uploads\/2018\/10\/odavprint-logo-240.jpg\",\"contentUrl\":\"https:\/\/odavprint.ee\/wp-content\/uploads\/2018\/10\/odavprint-logo-240.jpg\",\"width\":240,\"height\":36,\"caption\":\"Odav Print O\u00dc\"}]}<\/script>\n<meta property=\"product:price:amount\" content=\"71.68\" \/>\n<meta property=\"product:price:currency\" content=\"EUR\" \/>\n<meta property=\"og:availability\" content=\"instock\" \/>\n<meta property=\"product:availability\" content=\"instock\" \/>\n<meta property=\"product:condition\" content=\"new\" \/>\n<meta name=\"geo.placename\" content=\"Tallinn\" \/>\n<meta name=\"geo.position\" content=\"59.4306504;24.8095743\" \/>\n<meta name=\"geo.region\" content=\"Estonia\" \/>\n<!-- \/ Yoast SEO Premium plugin. -->","yoast_head_json":{"title":"PolyDissolve S1, Neutraalne, hea hinnaga, osta e-pood - Odav Print","description":"Osta PolyDissolve S1, Neutraalne Odav Print \u260e +372 5911 9495 \u2714\ufe0f Parim hind PolyDissolve S1, Neutraalne jaoks \u26df Kiire kohaletoimetamine Eestis \u2b50 Garanteeritud","robots":{"index":"index","follow":"follow","max-snippet":"max-snippet:-1","max-image-preview":"max-image-preview:large","max-video-preview":"max-video-preview:-1"},"canonical":"https:\/\/odavprint.ee\/et\/product\/polydissolve-s1-neutraalne\/","og_locale":"et_EE","og_type":"article","og_title":"PolyDissolve S1, Neutraalne","og_description":"Osta PolyDissolve S1, Neutraalne Odav Print \u260e +372 5911 9495 \u2714\ufe0f Parim hind PolyDissolve S1, Neutraalne jaoks \u26df Kiire kohaletoimetamine Eestis \u2b50 Garanteeritud","og_url":"https:\/\/odavprint.ee\/et\/product\/polydissolve-s1-neutraalne\/","og_site_name":"Odav Print","article_modified_time":"2026-04-17T15:02:38+00:00","og_image":[{"width":300,"height":300,"url":"https:\/\/odavprint.ee\/wp-content\/uploads\/2026\/03\/PolyDissolve-S1-neutraalne-175-075.png","type":"image\/png"}],"twitter_card":"summary_large_image","twitter_misc":{"Price":"&euro;71.68","Availability":"In stock"},"schema":{"@context":"https:\/\/schema.org","@graph":[{"@type":["WebPage","ItemPage"],"@id":"https:\/\/odavprint.ee\/et\/product\/polydissolve-s1-neutraalne\/","url":"https:\/\/odavprint.ee\/et\/product\/polydissolve-s1-neutraalne\/","name":"PolyDissolve S1, Neutraalne, hea hinnaga, osta e-pood - Odav Print","isPartOf":{"@id":"https:\/\/odavprint.ee\/et\/#website"},"primaryImageOfPage":{"@id":"https:\/\/odavprint.ee\/et\/product\/polydissolve-s1-neutraalne\/#primaryimage"},"image":{"@id":"https:\/\/odavprint.ee\/et\/product\/polydissolve-s1-neutraalne\/#primaryimage"},"thumbnailUrl":"https:\/\/odavprint.ee\/wp-content\/uploads\/2026\/03\/PolyDissolve-S1-neutraalne-175-075.png","datePublished":"2026-03-02T19:43:01+00:00","dateModified":"2026-04-17T15:02:38+00:00","description":"Osta PolyDissolve S1, Neutraalne Odav Print \u260e +372 5911 9495 \u2714\ufe0f Parim hind PolyDissolve S1, Neutraalne jaoks \u26df Kiire kohaletoimetamine Eestis \u2b50 Garanteeritud","breadcrumb":{"@id":"https:\/\/odavprint.ee\/et\/product\/polydissolve-s1-neutraalne\/#breadcrumb"},"inLanguage":"et","potentialAction":[{"@type":"ReadAction","target":["https:\/\/odavprint.ee\/et\/product\/polydissolve-s1-neutraalne\/"]}]},{"@type":"ImageObject","inLanguage":"et","@id":"https:\/\/odavprint.ee\/et\/product\/polydissolve-s1-neutraalne\/#primaryimage","url":"https:\/\/odavprint.ee\/wp-content\/uploads\/2026\/03\/PolyDissolve-S1-neutraalne-175-075.png","contentUrl":"https:\/\/odavprint.ee\/wp-content\/uploads\/2026\/03\/PolyDissolve-S1-neutraalne-175-075.png","width":300,"height":300},{"@type":"BreadcrumbList","@id":"https:\/\/odavprint.ee\/et\/product\/polydissolve-s1-neutraalne\/#breadcrumb","itemListElement":[{"@type":"ListItem","position":1,"name":"Home","item":"https:\/\/odavprint.ee\/et\/esileht\/"},{"@type":"ListItem","position":2,"name":"E-pood","item":"https:\/\/odavprint.ee\/et\/shop\/"},{"@type":"ListItem","position":3,"name":"PolyDissolve S1, Neutraalne"}]},{"@type":"WebSite","@id":"https:\/\/odavprint.ee\/et\/#website","url":"https:\/\/odavprint.ee\/et\/","name":"Odav Print","description":"Just another WordPress site","publisher":{"@id":"https:\/\/odavprint.ee\/et\/#organization"},"alternateName":"Kassettide, toonerite t\u00e4itmine ja m\u00fc\u00fck.","potentialAction":[{"@type":"SearchAction","target":{"@type":"EntryPoint","urlTemplate":"https:\/\/odavprint.ee\/et\/?s={search_term_string}"},"query-input":"required name=search_term_string"}],"inLanguage":"et"},{"@type":["Organization","Place"],"@id":"https:\/\/odavprint.ee\/et\/#organization","name":"Odav Print O\u00dc","url":"https:\/\/odavprint.ee\/et\/","logo":{"@id":"https:\/\/odavprint.ee\/et\/product\/polydissolve-s1-neutraalne\/#local-main-organization-logo"},"image":{"@id":"https:\/\/odavprint.ee\/et\/product\/polydissolve-s1-neutraalne\/#local-main-organization-logo"},"address":{"@id":"https:\/\/odavprint.ee\/et\/product\/polydissolve-s1-neutraalne\/#local-main-place-address"},"geo":{"@type":"GeoCoordinates","latitude":"59.4306504","longitude":"24.8095743"},"telephone":["53836926"],"openingHoursSpecification":[{"@type":"OpeningHoursSpecification","dayOfWeek":["Monday","Tuesday","Wednesday","Thursday","Friday","Saturday","Sunday"],"opens":"09:00","closes":"17:00"}],"email":"info@odavprint.eu"},{"@type":"PostalAddress","@id":"https:\/\/odavprint.ee\/et\/product\/polydissolve-s1-neutraalne\/#local-main-place-address","streetAddress":"Pae tn 28","addressLocality":"Tallinn","postalCode":"11415","addressRegion":"Harjumaa","addressCountry":"EE"},{"@type":"ImageObject","inLanguage":"et","@id":"https:\/\/odavprint.ee\/et\/product\/polydissolve-s1-neutraalne\/#local-main-organization-logo","url":"https:\/\/odavprint.ee\/wp-content\/uploads\/2018\/10\/odavprint-logo-240.jpg","contentUrl":"https:\/\/odavprint.ee\/wp-content\/uploads\/2018\/10\/odavprint-logo-240.jpg","width":240,"height":36,"caption":"Odav Print O\u00dc"}]},"product_price_amount":"71.68","product_price_currency":"EUR","og_availability":"instock","product_availability":"instock","product_condition":"new","geo.placename":"Tallinn","geo.position":{"lat":"59.4306504","long":"24.8095743"},"geo.region":"Estonia"},"_links":{"self":[{"href":"https:\/\/odavprint.ee\/et\/wp-json\/wp\/v2\/product\/221227"}],"collection":[{"href":"https:\/\/odavprint.ee\/et\/wp-json\/wp\/v2\/product"}],"about":[{"href":"https:\/\/odavprint.ee\/et\/wp-json\/wp\/v2\/types\/product"}],"wp:featuredmedia":[{"embeddable":true,"href":"https:\/\/odavprint.ee\/et\/wp-json\/wp\/v2\/media\/221228"}],"wp:attachment":[{"href":"https:\/\/odavprint.ee\/et\/wp-json\/wp\/v2\/media?parent=221227"}],"wp:term":[{"taxonomy":"product_cat","embeddable":true,"href":"https:\/\/odavprint.ee\/et\/wp-json\/wp\/v2\/product_cat?post=221227"},{"taxonomy":"product_tag","embeddable":true,"href":"https:\/\/odavprint.ee\/et\/wp-json\/wp\/v2\/product_tag?post=221227"}],"curies":[{"name":"wp","href":"https:\/\/api.w.org\/{rel}","templated":true}]}}