{"id":221699,"date":"2026-03-02T22:49:40","date_gmt":"2026-03-02T20:49:40","guid":{"rendered":"https:\/\/odavprint.ee\/?post_type=product&#038;p=221699"},"modified":"2026-03-13T15:01:42","modified_gmt":"2026-03-13T13:01:42","slug":"creatbot-peek-300","status":"publish","type":"product","link":"https:\/\/odavprint.ee\/et\/product\/creatbot-peek-300\/","title":{"rendered":"Creatbot PEEK-300"},"content":{"rendered":"<p>Toode asub kesklaos<\/p>\n<p>CreatBot PEEK-300 on loodud k\u00f5rgetasemeliste materjalide jaoks nagu PEEK, PEKK ja PEI. Sellel on 300x300x400 mm ehitusala, maksimaalne d\u00fc\u00fcsi temperatuur 500\u00b0C ja kuumutatav kamber kuni 120\u00b0C, mis teeb selle sobivaks t\u00f6\u00f6stusrakendusteks.<\/p>\n<p>Tehnilised andmed<\/p>\n<p>Automaatne printimise l\u00f5petamine, kui materjal otsa saab<br \/>\nJ\u00e4tkab printimist ka peale voolukatkestust<br \/>\n300 x 300 x 400 mm t\u00f6\u00f6ala.<br \/>\nPrindipea kuni 500 kraadi \/ Prindialus kuni 200 kraadi.<br \/>\nMax. kiirus 150 mm\/s.<br \/>\nKinnine kamber.<br \/>\nVesijahutus.<\/p>\n<p>Rohkem infot<br \/>\nSpetsifikatsioonid<\/p>\n","protected":false},"excerpt":{"rendered":"<p>Toode asub kesklaos CreatBot PEEK-300 on loodud k\u00f5rgetasemeliste materjalide jaoks nagu PEEK, PEKK ja PEI. Sellel on 300x300x400 mm ehitusala, maksimaalne d\u00fc\u00fcsi temperatuur 500\u00b0C ja kuumutatav kamber kuni 120\u00b0C, mis teeb selle sobivaks t\u00f6\u00f6stusrakendusteks. Tehnilised andmed Automaatne printimise l\u00f5petamine, kui materjal otsa saab J\u00e4tkab printimist ka peale voolukatkestust 300 x 300 x 400 mm t\u00f6\u00f6ala. [&#8230;]\n","protected":false},"featured_media":221700,"template":"","meta":{"inline_featured_image":false},"product_cat":[39606,39615],"product_tag":[],"yoast_head":"<!-- This site is optimized with the Yoast SEO Premium plugin v23.0 (Yoast SEO v23.0) - https:\/\/yoast.com\/wordpress\/plugins\/seo\/ -->\n<title>Creatbot PEEK-300, hea hinnaga, osta e-pood - Odav Print<\/title>\n<meta name=\"description\" content=\"Osta Creatbot PEEK-300 Odav Print \u260e +372 5911 9495 \u2714\ufe0f Parim hind Creatbot PEEK-300 jaoks \u26df Kiire kohaletoimetamine Eestis \u2b50 Garanteeritud\" \/>\n<meta name=\"robots\" content=\"index, follow, max-snippet:-1, max-image-preview:large, max-video-preview:-1\" \/>\n<link rel=\"canonical\" href=\"https:\/\/odavprint.ee\/et\/product\/creatbot-peek-300\/\" \/>\n<meta property=\"og:locale\" content=\"et_EE\" \/>\n<meta property=\"og:type\" content=\"article\" \/>\n<meta property=\"og:title\" content=\"Creatbot PEEK-300\" \/>\n<meta property=\"og:description\" content=\"Osta Creatbot PEEK-300 Odav Print \u260e +372 5911 9495 \u2714\ufe0f Parim hind Creatbot PEEK-300 jaoks \u26df Kiire kohaletoimetamine Eestis \u2b50 Garanteeritud\" \/>\n<meta property=\"og:url\" content=\"https:\/\/odavprint.ee\/et\/product\/creatbot-peek-300\/\" \/>\n<meta property=\"og:site_name\" content=\"Odav Print\" \/>\n<meta property=\"article:modified_time\" content=\"2026-03-13T13:01:42+00:00\" \/>\n<meta property=\"og:image\" content=\"https:\/\/odavprint.ee\/wp-content\/uploads\/2026\/03\/CreatBot-PEEK-300-1.jpeg\" \/>\n\t<meta property=\"og:image:width\" content=\"1200\" \/>\n\t<meta property=\"og:image:height\" content=\"1310\" \/>\n\t<meta property=\"og:image:type\" content=\"image\/jpeg\" \/>\n<meta name=\"twitter:card\" content=\"summary_large_image\" \/>\n<meta name=\"twitter:label1\" content=\"Price\" \/>\n\t<meta name=\"twitter:data1\" content=\"&euro;16,170.38\" \/>\n\t<meta name=\"twitter:label2\" content=\"Availability\" \/>\n\t<meta name=\"twitter:data2\" content=\"On backorder\" \/>\n<script type=\"application\/ld+json\" class=\"yoast-schema-graph\">{\"@context\":\"https:\/\/schema.org\",\"@graph\":[{\"@type\":[\"WebPage\",\"ItemPage\"],\"@id\":\"https:\/\/odavprint.ee\/et\/product\/creatbot-peek-300\/\",\"url\":\"https:\/\/odavprint.ee\/et\/product\/creatbot-peek-300\/\",\"name\":\"Creatbot PEEK-300, hea hinnaga, osta e-pood - Odav Print\",\"isPartOf\":{\"@id\":\"https:\/\/odavprint.ee\/et\/#website\"},\"primaryImageOfPage\":{\"@id\":\"https:\/\/odavprint.ee\/et\/product\/creatbot-peek-300\/#primaryimage\"},\"image\":{\"@id\":\"https:\/\/odavprint.ee\/et\/product\/creatbot-peek-300\/#primaryimage\"},\"thumbnailUrl\":\"https:\/\/odavprint.ee\/wp-content\/uploads\/2026\/03\/CreatBot-PEEK-300-1.jpeg\",\"datePublished\":\"2026-03-02T20:49:40+00:00\",\"dateModified\":\"2026-03-13T13:01:42+00:00\",\"description\":\"Osta Creatbot PEEK-300 Odav Print \u260e +372 5911 9495 \u2714\ufe0f Parim hind Creatbot PEEK-300 jaoks \u26df Kiire kohaletoimetamine Eestis \u2b50 Garanteeritud\",\"breadcrumb\":{\"@id\":\"https:\/\/odavprint.ee\/et\/product\/creatbot-peek-300\/#breadcrumb\"},\"inLanguage\":\"et\",\"potentialAction\":[{\"@type\":\"ReadAction\",\"target\":[\"https:\/\/odavprint.ee\/et\/product\/creatbot-peek-300\/\"]}]},{\"@type\":\"ImageObject\",\"inLanguage\":\"et\",\"@id\":\"https:\/\/odavprint.ee\/et\/product\/creatbot-peek-300\/#primaryimage\",\"url\":\"https:\/\/odavprint.ee\/wp-content\/uploads\/2026\/03\/CreatBot-PEEK-300-1.jpeg\",\"contentUrl\":\"https:\/\/odavprint.ee\/wp-content\/uploads\/2026\/03\/CreatBot-PEEK-300-1.jpeg\",\"width\":1200,\"height\":1310},{\"@type\":\"BreadcrumbList\",\"@id\":\"https:\/\/odavprint.ee\/et\/product\/creatbot-peek-300\/#breadcrumb\",\"itemListElement\":[{\"@type\":\"ListItem\",\"position\":1,\"name\":\"Home\",\"item\":\"https:\/\/odavprint.ee\/et\/esileht\/\"},{\"@type\":\"ListItem\",\"position\":2,\"name\":\"E-pood\",\"item\":\"https:\/\/odavprint.ee\/et\/shop\/\"},{\"@type\":\"ListItem\",\"position\":3,\"name\":\"Creatbot PEEK-300\"}]},{\"@type\":\"WebSite\",\"@id\":\"https:\/\/odavprint.ee\/et\/#website\",\"url\":\"https:\/\/odavprint.ee\/et\/\",\"name\":\"Odav Print\",\"description\":\"Just another WordPress site\",\"publisher\":{\"@id\":\"https:\/\/odavprint.ee\/et\/#organization\"},\"alternateName\":\"Kassettide, toonerite t\u00e4itmine ja m\u00fc\u00fck.\",\"potentialAction\":[{\"@type\":\"SearchAction\",\"target\":{\"@type\":\"EntryPoint\",\"urlTemplate\":\"https:\/\/odavprint.ee\/et\/?s={search_term_string}\"},\"query-input\":\"required name=search_term_string\"}],\"inLanguage\":\"et\"},{\"@type\":[\"Organization\",\"Place\"],\"@id\":\"https:\/\/odavprint.ee\/et\/#organization\",\"name\":\"Odav Print O\u00dc\",\"url\":\"https:\/\/odavprint.ee\/et\/\",\"logo\":{\"@id\":\"https:\/\/odavprint.ee\/et\/product\/creatbot-peek-300\/#local-main-organization-logo\"},\"image\":{\"@id\":\"https:\/\/odavprint.ee\/et\/product\/creatbot-peek-300\/#local-main-organization-logo\"},\"address\":{\"@id\":\"https:\/\/odavprint.ee\/et\/product\/creatbot-peek-300\/#local-main-place-address\"},\"geo\":{\"@type\":\"GeoCoordinates\",\"latitude\":\"59.4306504\",\"longitude\":\"24.8095743\"},\"telephone\":[\"53836926\"],\"openingHoursSpecification\":[{\"@type\":\"OpeningHoursSpecification\",\"dayOfWeek\":[\"Monday\",\"Tuesday\",\"Wednesday\",\"Thursday\",\"Friday\",\"Saturday\",\"Sunday\"],\"opens\":\"09:00\",\"closes\":\"17:00\"}],\"email\":\"info@odavprint.eu\"},{\"@type\":\"PostalAddress\",\"@id\":\"https:\/\/odavprint.ee\/et\/product\/creatbot-peek-300\/#local-main-place-address\",\"streetAddress\":\"Pae tn 28\",\"addressLocality\":\"Tallinn\",\"postalCode\":\"11415\",\"addressRegion\":\"Harjumaa\",\"addressCountry\":\"EE\"},{\"@type\":\"ImageObject\",\"inLanguage\":\"et\",\"@id\":\"https:\/\/odavprint.ee\/et\/product\/creatbot-peek-300\/#local-main-organization-logo\",\"url\":\"https:\/\/odavprint.ee\/wp-content\/uploads\/2018\/10\/odavprint-logo-240.jpg\",\"contentUrl\":\"https:\/\/odavprint.ee\/wp-content\/uploads\/2018\/10\/odavprint-logo-240.jpg\",\"width\":240,\"height\":36,\"caption\":\"Odav Print O\u00dc\"}]}<\/script>\n<meta property=\"product:price:amount\" content=\"16170.38\" \/>\n<meta property=\"product:price:currency\" content=\"EUR\" \/>\n<meta property=\"og:availability\" content=\"backorder\" \/>\n<meta property=\"product:availability\" content=\"available for order\" \/>\n<meta property=\"product:condition\" content=\"new\" \/>\n<meta name=\"geo.placename\" content=\"Tallinn\" \/>\n<meta name=\"geo.position\" content=\"59.4306504;24.8095743\" \/>\n<meta name=\"geo.region\" content=\"Estonia\" \/>\n<!-- \/ Yoast SEO Premium plugin. -->","yoast_head_json":{"title":"Creatbot PEEK-300, hea hinnaga, osta e-pood - Odav Print","description":"Osta Creatbot PEEK-300 Odav Print \u260e +372 5911 9495 \u2714\ufe0f Parim hind Creatbot PEEK-300 jaoks \u26df Kiire kohaletoimetamine Eestis \u2b50 Garanteeritud","robots":{"index":"index","follow":"follow","max-snippet":"max-snippet:-1","max-image-preview":"max-image-preview:large","max-video-preview":"max-video-preview:-1"},"canonical":"https:\/\/odavprint.ee\/et\/product\/creatbot-peek-300\/","og_locale":"et_EE","og_type":"article","og_title":"Creatbot PEEK-300","og_description":"Osta Creatbot PEEK-300 Odav Print \u260e +372 5911 9495 \u2714\ufe0f Parim hind Creatbot PEEK-300 jaoks \u26df Kiire kohaletoimetamine Eestis \u2b50 Garanteeritud","og_url":"https:\/\/odavprint.ee\/et\/product\/creatbot-peek-300\/","og_site_name":"Odav Print","article_modified_time":"2026-03-13T13:01:42+00:00","og_image":[{"width":1200,"height":1310,"url":"https:\/\/odavprint.ee\/wp-content\/uploads\/2026\/03\/CreatBot-PEEK-300-1.jpeg","type":"image\/jpeg"}],"twitter_card":"summary_large_image","twitter_misc":{"Price":"&euro;16,170.38","Availability":"On backorder"},"schema":{"@context":"https:\/\/schema.org","@graph":[{"@type":["WebPage","ItemPage"],"@id":"https:\/\/odavprint.ee\/et\/product\/creatbot-peek-300\/","url":"https:\/\/odavprint.ee\/et\/product\/creatbot-peek-300\/","name":"Creatbot PEEK-300, hea hinnaga, osta e-pood - Odav Print","isPartOf":{"@id":"https:\/\/odavprint.ee\/et\/#website"},"primaryImageOfPage":{"@id":"https:\/\/odavprint.ee\/et\/product\/creatbot-peek-300\/#primaryimage"},"image":{"@id":"https:\/\/odavprint.ee\/et\/product\/creatbot-peek-300\/#primaryimage"},"thumbnailUrl":"https:\/\/odavprint.ee\/wp-content\/uploads\/2026\/03\/CreatBot-PEEK-300-1.jpeg","datePublished":"2026-03-02T20:49:40+00:00","dateModified":"2026-03-13T13:01:42+00:00","description":"Osta Creatbot PEEK-300 Odav Print \u260e +372 5911 9495 \u2714\ufe0f Parim hind Creatbot PEEK-300 jaoks \u26df Kiire kohaletoimetamine Eestis \u2b50 Garanteeritud","breadcrumb":{"@id":"https:\/\/odavprint.ee\/et\/product\/creatbot-peek-300\/#breadcrumb"},"inLanguage":"et","potentialAction":[{"@type":"ReadAction","target":["https:\/\/odavprint.ee\/et\/product\/creatbot-peek-300\/"]}]},{"@type":"ImageObject","inLanguage":"et","@id":"https:\/\/odavprint.ee\/et\/product\/creatbot-peek-300\/#primaryimage","url":"https:\/\/odavprint.ee\/wp-content\/uploads\/2026\/03\/CreatBot-PEEK-300-1.jpeg","contentUrl":"https:\/\/odavprint.ee\/wp-content\/uploads\/2026\/03\/CreatBot-PEEK-300-1.jpeg","width":1200,"height":1310},{"@type":"BreadcrumbList","@id":"https:\/\/odavprint.ee\/et\/product\/creatbot-peek-300\/#breadcrumb","itemListElement":[{"@type":"ListItem","position":1,"name":"Home","item":"https:\/\/odavprint.ee\/et\/esileht\/"},{"@type":"ListItem","position":2,"name":"E-pood","item":"https:\/\/odavprint.ee\/et\/shop\/"},{"@type":"ListItem","position":3,"name":"Creatbot PEEK-300"}]},{"@type":"WebSite","@id":"https:\/\/odavprint.ee\/et\/#website","url":"https:\/\/odavprint.ee\/et\/","name":"Odav Print","description":"Just another WordPress site","publisher":{"@id":"https:\/\/odavprint.ee\/et\/#organization"},"alternateName":"Kassettide, toonerite t\u00e4itmine ja m\u00fc\u00fck.","potentialAction":[{"@type":"SearchAction","target":{"@type":"EntryPoint","urlTemplate":"https:\/\/odavprint.ee\/et\/?s={search_term_string}"},"query-input":"required name=search_term_string"}],"inLanguage":"et"},{"@type":["Organization","Place"],"@id":"https:\/\/odavprint.ee\/et\/#organization","name":"Odav Print O\u00dc","url":"https:\/\/odavprint.ee\/et\/","logo":{"@id":"https:\/\/odavprint.ee\/et\/product\/creatbot-peek-300\/#local-main-organization-logo"},"image":{"@id":"https:\/\/odavprint.ee\/et\/product\/creatbot-peek-300\/#local-main-organization-logo"},"address":{"@id":"https:\/\/odavprint.ee\/et\/product\/creatbot-peek-300\/#local-main-place-address"},"geo":{"@type":"GeoCoordinates","latitude":"59.4306504","longitude":"24.8095743"},"telephone":["53836926"],"openingHoursSpecification":[{"@type":"OpeningHoursSpecification","dayOfWeek":["Monday","Tuesday","Wednesday","Thursday","Friday","Saturday","Sunday"],"opens":"09:00","closes":"17:00"}],"email":"info@odavprint.eu"},{"@type":"PostalAddress","@id":"https:\/\/odavprint.ee\/et\/product\/creatbot-peek-300\/#local-main-place-address","streetAddress":"Pae tn 28","addressLocality":"Tallinn","postalCode":"11415","addressRegion":"Harjumaa","addressCountry":"EE"},{"@type":"ImageObject","inLanguage":"et","@id":"https:\/\/odavprint.ee\/et\/product\/creatbot-peek-300\/#local-main-organization-logo","url":"https:\/\/odavprint.ee\/wp-content\/uploads\/2018\/10\/odavprint-logo-240.jpg","contentUrl":"https:\/\/odavprint.ee\/wp-content\/uploads\/2018\/10\/odavprint-logo-240.jpg","width":240,"height":36,"caption":"Odav Print O\u00dc"}]},"product_price_amount":"16170.38","product_price_currency":"EUR","og_availability":"backorder","product_availability":"available for order","product_condition":"new","geo.placename":"Tallinn","geo.position":{"lat":"59.4306504","long":"24.8095743"},"geo.region":"Estonia"},"_links":{"self":[{"href":"https:\/\/odavprint.ee\/et\/wp-json\/wp\/v2\/product\/221699"}],"collection":[{"href":"https:\/\/odavprint.ee\/et\/wp-json\/wp\/v2\/product"}],"about":[{"href":"https:\/\/odavprint.ee\/et\/wp-json\/wp\/v2\/types\/product"}],"wp:featuredmedia":[{"embeddable":true,"href":"https:\/\/odavprint.ee\/et\/wp-json\/wp\/v2\/media\/221700"}],"wp:attachment":[{"href":"https:\/\/odavprint.ee\/et\/wp-json\/wp\/v2\/media?parent=221699"}],"wp:term":[{"taxonomy":"product_cat","embeddable":true,"href":"https:\/\/odavprint.ee\/et\/wp-json\/wp\/v2\/product_cat?post=221699"},{"taxonomy":"product_tag","embeddable":true,"href":"https:\/\/odavprint.ee\/et\/wp-json\/wp\/v2\/product_tag?post=221699"}],"curies":[{"name":"wp","href":"https:\/\/api.w.org\/{rel}","templated":true}]}}