{"id":222191,"date":"2026-03-03T00:07:03","date_gmt":"2026-03-02T22:07:03","guid":{"rendered":"https:\/\/odavprint.ee\/?post_type=product&#038;p=222191"},"modified":"2026-03-03T00:07:03","modified_gmt":"2026-03-02T22:07:03","slug":"polylite-pla-kahevarviline-siid-sinine-roheline","status":"publish","type":"product","link":"https:\/\/odavprint.ee\/et\/product\/polylite-pla-kahevarviline-siid-sinine-roheline\/","title":{"rendered":"PolyLite PLA, Kahev\u00e4rviline siid (sinine-roheline)"},"content":{"rendered":"<p>PolyLite\u2122 PLA on mitmek\u00fclgne ja usaldusv\u00e4\u00e4rne 3D printimismaterjal, mis on tuntud oma laia v\u00e4rvi- ja eriefektidega filamentide valiku poolest. Sellel on k\u00f5rge t\u00f5mbetugevus ja j\u00e4ikus, \u00fchendatuna suurep\u00e4rase printimisv\u00f5imega ja unikaalsete printimisomadustega. Valikusse kuuluvad siid, kaksiksiid, pimedas helendav, galaktika, t\u00e4hevalgus, temperatuuri v\u00e4rvi muutmine ja UV v\u00e4rvi muutmine, iga\u00fcks pakkudes erinevat pinnatoimet.<\/p>\n<p>PolyLite\u2122 PLA tugevus:<\/p>\n<p>See p\u00f5hineb k\u00f5rge molekulmassiga PLA-l Natureworksist, muutes selle \u00fcheks turu j\u00e4igemaks PLA materjaliks.<br \/>\nSelle j\u00e4ikust saab hinnata Youngi mooduli ja paindetugevuse andmete kaudu, mis on saadaval selle tehnilises andmelehes (TDS), v\u00f5imaldades v\u00f5rrelda teiste Polymakeri portfelli materjalidega.<\/p>\n<p>Umbej\u00e4\u00e4misvaba Tehnoloogia:<\/p>\n<p>Polymakeri umbej\u00e4\u00e4misvaba tehnoloogia suurendab filamendi kuumakindlust kuni 140\u00b0C-ni.<br \/>\nSee tehnoloogia hoiab \u00e4ra ummistumisprobleemid, mida p\u00f5hjustab &#8216;kuumakriip&#8217;, protsess, kus kuumus levib eba\u00fchtlaselt kuumas otsas, pehmendades ja laiendades filamenti k\u00fclmas otsas, p\u00f5hjustades ummistusi.<br \/>\nFilamendi suurenenud kuumakindlus tagab umbej\u00e4\u00e4misvaba printimiskogemuse. Siiski j\u00e4\u00e4b tr\u00fckitud osa kuumakindlus samaks kui tavalisel PLA-l (~60\u00b0C).<\/p>\n<p>Loodusliku PLA komposteeritavus:<\/p>\n<p>PLA on komposteeritav kaheastmelise lagunemisprotsessi kaudu, mis h\u00f5lmab desintegreerumist ja biolagunemist.<br \/>\nKompostihunnikus lagundavad niiskus ja kuumus pol\u00fcmeeri ahelad v\u00e4iksemateks pol\u00fcmeerideks ja piimhappeks.<br \/>\nMikroorganismid tarbivad seej\u00e4rel neid v\u00e4iksemaid fragmente ja piimhapet, muutes need l\u00f5puks s\u00fcsinikdioksiidiks, vee ja huumuseks, mis on v\u00e4\u00e4rtuslik mullatoitaine.<br \/>\nSee kompostimisprotsess s\u00f5ltub kindlatest temperatuuri- ja niiskustingimustest.<\/p>\n<p>Rohkem infot<\/p>\n<p>Loe rohkem<\/p>\n","protected":false},"excerpt":{"rendered":"<p>PolyLite\u2122 PLA on mitmek\u00fclgne ja usaldusv\u00e4\u00e4rne 3D printimismaterjal, mis on tuntud oma laia v\u00e4rvi- ja eriefektidega filamentide valiku poolest. Sellel on k\u00f5rge t\u00f5mbetugevus ja j\u00e4ikus, \u00fchendatuna suurep\u00e4rase printimisv\u00f5imega ja unikaalsete printimisomadustega. Valikusse kuuluvad siid, kaksiksiid, pimedas helendav, galaktika, t\u00e4hevalgus, temperatuuri v\u00e4rvi muutmine ja UV v\u00e4rvi muutmine, iga\u00fcks pakkudes erinevat pinnatoimet. PolyLite\u2122 PLA tugevus: See p\u00f5hineb [&#8230;]\n","protected":false},"featured_media":222192,"template":"","meta":{"inline_featured_image":false},"product_cat":[39605],"product_tag":[],"yoast_head":"<!-- This site is optimized with the Yoast SEO Premium plugin v23.0 (Yoast SEO v23.0) - https:\/\/yoast.com\/wordpress\/plugins\/seo\/ -->\n<title>PolyLite PLA, Kahev\u00e4rviline siid (sinine-roheline), hea hinnaga, osta e-pood - Odav Print<\/title>\n<meta name=\"description\" content=\"Osta PolyLite PLA, Kahev\u00e4rviline siid (sinine-roheline) Odav Print \u260e +372 5911 9495 \u2714\ufe0f Parim hind PolyLite PLA, Kahev\u00e4rviline siid (sinine-roheline) jaoks \u26df Kiire kohaletoimetamine Eestis \u2b50 Garanteeritud\" \/>\n<meta name=\"robots\" content=\"index, follow, max-snippet:-1, max-image-preview:large, max-video-preview:-1\" \/>\n<link rel=\"canonical\" href=\"https:\/\/odavprint.ee\/et\/product\/polylite-pla-kahevarviline-siid-sinine-roheline\/\" \/>\n<meta property=\"og:locale\" content=\"et_EE\" \/>\n<meta property=\"og:type\" content=\"article\" \/>\n<meta property=\"og:title\" content=\"PolyLite PLA, Kahev\u00e4rviline siid (sinine-roheline)\" \/>\n<meta property=\"og:description\" content=\"Osta PolyLite PLA, Kahev\u00e4rviline siid (sinine-roheline) Odav Print \u260e +372 5911 9495 \u2714\ufe0f Parim hind PolyLite PLA, Kahev\u00e4rviline siid (sinine-roheline) jaoks \u26df Kiire kohaletoimetamine Eestis \u2b50 Garanteeritud\" \/>\n<meta property=\"og:url\" content=\"https:\/\/odavprint.ee\/et\/product\/polylite-pla-kahevarviline-siid-sinine-roheline\/\" \/>\n<meta property=\"og:site_name\" content=\"Odav Print\" \/>\n<meta name=\"twitter:card\" content=\"summary_large_image\" \/>\n<meta name=\"twitter:label1\" content=\"Price\" \/>\n\t<meta name=\"twitter:data1\" content=\"&euro;35.81\" \/>\n\t<meta name=\"twitter:label2\" content=\"Availability\" \/>\n\t<meta name=\"twitter:data2\" content=\"In stock\" \/>\n<script type=\"application\/ld+json\" class=\"yoast-schema-graph\">{\"@context\":\"https:\/\/schema.org\",\"@graph\":[{\"@type\":[\"WebPage\",\"ItemPage\"],\"@id\":\"https:\/\/odavprint.ee\/et\/product\/polylite-pla-kahevarviline-siid-sinine-roheline\/\",\"url\":\"https:\/\/odavprint.ee\/et\/product\/polylite-pla-kahevarviline-siid-sinine-roheline\/\",\"name\":\"PolyLite PLA, Kahev\u00e4rviline siid (sinine-roheline), hea hinnaga, osta e-pood - Odav Print\",\"isPartOf\":{\"@id\":\"https:\/\/odavprint.ee\/et\/#website\"},\"primaryImageOfPage\":{\"@id\":\"https:\/\/odavprint.ee\/et\/product\/polylite-pla-kahevarviline-siid-sinine-roheline\/#primaryimage\"},\"image\":{\"@id\":\"https:\/\/odavprint.ee\/et\/product\/polylite-pla-kahevarviline-siid-sinine-roheline\/#primaryimage\"},\"thumbnailUrl\":\"https:\/\/odavprint.ee\/wp-content\/uploads\/2026\/03\/PolyLite-PLA-must-175-1-45.png\",\"datePublished\":\"2026-03-02T22:07:03+00:00\",\"dateModified\":\"2026-03-02T22:07:03+00:00\",\"description\":\"Osta PolyLite PLA, Kahev\u00e4rviline siid (sinine-roheline) Odav Print \u260e +372 5911 9495 \u2714\ufe0f Parim hind PolyLite PLA, Kahev\u00e4rviline siid (sinine-roheline) jaoks \u26df Kiire kohaletoimetamine Eestis \u2b50 Garanteeritud\",\"breadcrumb\":{\"@id\":\"https:\/\/odavprint.ee\/et\/product\/polylite-pla-kahevarviline-siid-sinine-roheline\/#breadcrumb\"},\"inLanguage\":\"et\",\"potentialAction\":[{\"@type\":\"ReadAction\",\"target\":[\"https:\/\/odavprint.ee\/et\/product\/polylite-pla-kahevarviline-siid-sinine-roheline\/\"]}]},{\"@type\":\"ImageObject\",\"inLanguage\":\"et\",\"@id\":\"https:\/\/odavprint.ee\/et\/product\/polylite-pla-kahevarviline-siid-sinine-roheline\/#primaryimage\",\"url\":\"https:\/\/odavprint.ee\/wp-content\/uploads\/2026\/03\/PolyLite-PLA-must-175-1-45.png\",\"contentUrl\":\"https:\/\/odavprint.ee\/wp-content\/uploads\/2026\/03\/PolyLite-PLA-must-175-1-45.png\",\"width\":300,\"height\":300},{\"@type\":\"BreadcrumbList\",\"@id\":\"https:\/\/odavprint.ee\/et\/product\/polylite-pla-kahevarviline-siid-sinine-roheline\/#breadcrumb\",\"itemListElement\":[{\"@type\":\"ListItem\",\"position\":1,\"name\":\"Home\",\"item\":\"https:\/\/odavprint.ee\/et\/esileht\/\"},{\"@type\":\"ListItem\",\"position\":2,\"name\":\"E-pood\",\"item\":\"https:\/\/odavprint.ee\/et\/shop\/\"},{\"@type\":\"ListItem\",\"position\":3,\"name\":\"PolyLite PLA, Kahev\u00e4rviline siid (sinine-roheline)\"}]},{\"@type\":\"WebSite\",\"@id\":\"https:\/\/odavprint.ee\/et\/#website\",\"url\":\"https:\/\/odavprint.ee\/et\/\",\"name\":\"Odav Print\",\"description\":\"Just another WordPress site\",\"publisher\":{\"@id\":\"https:\/\/odavprint.ee\/et\/#organization\"},\"alternateName\":\"Kassettide, toonerite t\u00e4itmine ja m\u00fc\u00fck.\",\"potentialAction\":[{\"@type\":\"SearchAction\",\"target\":{\"@type\":\"EntryPoint\",\"urlTemplate\":\"https:\/\/odavprint.ee\/et\/?s={search_term_string}\"},\"query-input\":\"required name=search_term_string\"}],\"inLanguage\":\"et\"},{\"@type\":[\"Organization\",\"Place\"],\"@id\":\"https:\/\/odavprint.ee\/et\/#organization\",\"name\":\"Odav Print O\u00dc\",\"url\":\"https:\/\/odavprint.ee\/et\/\",\"logo\":{\"@id\":\"https:\/\/odavprint.ee\/et\/product\/polylite-pla-kahevarviline-siid-sinine-roheline\/#local-main-organization-logo\"},\"image\":{\"@id\":\"https:\/\/odavprint.ee\/et\/product\/polylite-pla-kahevarviline-siid-sinine-roheline\/#local-main-organization-logo\"},\"address\":{\"@id\":\"https:\/\/odavprint.ee\/et\/product\/polylite-pla-kahevarviline-siid-sinine-roheline\/#local-main-place-address\"},\"geo\":{\"@type\":\"GeoCoordinates\",\"latitude\":\"59.4306504\",\"longitude\":\"24.8095743\"},\"telephone\":[\"53836926\"],\"openingHoursSpecification\":[{\"@type\":\"OpeningHoursSpecification\",\"dayOfWeek\":[\"Monday\",\"Tuesday\",\"Wednesday\",\"Thursday\",\"Friday\",\"Saturday\",\"Sunday\"],\"opens\":\"09:00\",\"closes\":\"17:00\"}],\"email\":\"info@odavprint.eu\"},{\"@type\":\"PostalAddress\",\"@id\":\"https:\/\/odavprint.ee\/et\/product\/polylite-pla-kahevarviline-siid-sinine-roheline\/#local-main-place-address\",\"streetAddress\":\"Pae tn 28\",\"addressLocality\":\"Tallinn\",\"postalCode\":\"11415\",\"addressRegion\":\"Harjumaa\",\"addressCountry\":\"EE\"},{\"@type\":\"ImageObject\",\"inLanguage\":\"et\",\"@id\":\"https:\/\/odavprint.ee\/et\/product\/polylite-pla-kahevarviline-siid-sinine-roheline\/#local-main-organization-logo\",\"url\":\"https:\/\/odavprint.ee\/wp-content\/uploads\/2018\/10\/odavprint-logo-240.jpg\",\"contentUrl\":\"https:\/\/odavprint.ee\/wp-content\/uploads\/2018\/10\/odavprint-logo-240.jpg\",\"width\":240,\"height\":36,\"caption\":\"Odav Print O\u00dc\"}]}<\/script>\n<meta property=\"product:price:amount\" content=\"35.81\" \/>\n<meta property=\"product:price:currency\" content=\"EUR\" \/>\n<meta property=\"og:availability\" content=\"instock\" \/>\n<meta property=\"product:availability\" content=\"instock\" \/>\n<meta property=\"product:condition\" content=\"new\" \/>\n<meta name=\"geo.placename\" content=\"Tallinn\" \/>\n<meta name=\"geo.position\" content=\"59.4306504;24.8095743\" \/>\n<meta name=\"geo.region\" content=\"Estonia\" \/>\n<!-- \/ Yoast SEO Premium plugin. -->","yoast_head_json":{"title":"PolyLite PLA, Kahev\u00e4rviline siid (sinine-roheline), hea hinnaga, osta e-pood - Odav Print","description":"Osta PolyLite PLA, Kahev\u00e4rviline siid (sinine-roheline) Odav Print \u260e +372 5911 9495 \u2714\ufe0f Parim hind PolyLite PLA, Kahev\u00e4rviline siid (sinine-roheline) jaoks \u26df Kiire kohaletoimetamine Eestis \u2b50 Garanteeritud","robots":{"index":"index","follow":"follow","max-snippet":"max-snippet:-1","max-image-preview":"max-image-preview:large","max-video-preview":"max-video-preview:-1"},"canonical":"https:\/\/odavprint.ee\/et\/product\/polylite-pla-kahevarviline-siid-sinine-roheline\/","og_locale":"et_EE","og_type":"article","og_title":"PolyLite PLA, Kahev\u00e4rviline siid (sinine-roheline)","og_description":"Osta PolyLite PLA, Kahev\u00e4rviline siid (sinine-roheline) Odav Print \u260e +372 5911 9495 \u2714\ufe0f Parim hind PolyLite PLA, Kahev\u00e4rviline siid (sinine-roheline) jaoks \u26df Kiire kohaletoimetamine Eestis \u2b50 Garanteeritud","og_url":"https:\/\/odavprint.ee\/et\/product\/polylite-pla-kahevarviline-siid-sinine-roheline\/","og_site_name":"Odav Print","twitter_card":"summary_large_image","twitter_misc":{"Price":"&euro;35.81","Availability":"In stock"},"schema":{"@context":"https:\/\/schema.org","@graph":[{"@type":["WebPage","ItemPage"],"@id":"https:\/\/odavprint.ee\/et\/product\/polylite-pla-kahevarviline-siid-sinine-roheline\/","url":"https:\/\/odavprint.ee\/et\/product\/polylite-pla-kahevarviline-siid-sinine-roheline\/","name":"PolyLite PLA, Kahev\u00e4rviline siid (sinine-roheline), hea hinnaga, osta e-pood - Odav Print","isPartOf":{"@id":"https:\/\/odavprint.ee\/et\/#website"},"primaryImageOfPage":{"@id":"https:\/\/odavprint.ee\/et\/product\/polylite-pla-kahevarviline-siid-sinine-roheline\/#primaryimage"},"image":{"@id":"https:\/\/odavprint.ee\/et\/product\/polylite-pla-kahevarviline-siid-sinine-roheline\/#primaryimage"},"thumbnailUrl":"https:\/\/odavprint.ee\/wp-content\/uploads\/2026\/03\/PolyLite-PLA-must-175-1-45.png","datePublished":"2026-03-02T22:07:03+00:00","dateModified":"2026-03-02T22:07:03+00:00","description":"Osta PolyLite PLA, Kahev\u00e4rviline siid (sinine-roheline) Odav Print \u260e +372 5911 9495 \u2714\ufe0f Parim hind PolyLite PLA, Kahev\u00e4rviline siid (sinine-roheline) jaoks \u26df Kiire kohaletoimetamine Eestis \u2b50 Garanteeritud","breadcrumb":{"@id":"https:\/\/odavprint.ee\/et\/product\/polylite-pla-kahevarviline-siid-sinine-roheline\/#breadcrumb"},"inLanguage":"et","potentialAction":[{"@type":"ReadAction","target":["https:\/\/odavprint.ee\/et\/product\/polylite-pla-kahevarviline-siid-sinine-roheline\/"]}]},{"@type":"ImageObject","inLanguage":"et","@id":"https:\/\/odavprint.ee\/et\/product\/polylite-pla-kahevarviline-siid-sinine-roheline\/#primaryimage","url":"https:\/\/odavprint.ee\/wp-content\/uploads\/2026\/03\/PolyLite-PLA-must-175-1-45.png","contentUrl":"https:\/\/odavprint.ee\/wp-content\/uploads\/2026\/03\/PolyLite-PLA-must-175-1-45.png","width":300,"height":300},{"@type":"BreadcrumbList","@id":"https:\/\/odavprint.ee\/et\/product\/polylite-pla-kahevarviline-siid-sinine-roheline\/#breadcrumb","itemListElement":[{"@type":"ListItem","position":1,"name":"Home","item":"https:\/\/odavprint.ee\/et\/esileht\/"},{"@type":"ListItem","position":2,"name":"E-pood","item":"https:\/\/odavprint.ee\/et\/shop\/"},{"@type":"ListItem","position":3,"name":"PolyLite PLA, Kahev\u00e4rviline siid (sinine-roheline)"}]},{"@type":"WebSite","@id":"https:\/\/odavprint.ee\/et\/#website","url":"https:\/\/odavprint.ee\/et\/","name":"Odav Print","description":"Just another WordPress site","publisher":{"@id":"https:\/\/odavprint.ee\/et\/#organization"},"alternateName":"Kassettide, toonerite t\u00e4itmine ja m\u00fc\u00fck.","potentialAction":[{"@type":"SearchAction","target":{"@type":"EntryPoint","urlTemplate":"https:\/\/odavprint.ee\/et\/?s={search_term_string}"},"query-input":"required name=search_term_string"}],"inLanguage":"et"},{"@type":["Organization","Place"],"@id":"https:\/\/odavprint.ee\/et\/#organization","name":"Odav Print O\u00dc","url":"https:\/\/odavprint.ee\/et\/","logo":{"@id":"https:\/\/odavprint.ee\/et\/product\/polylite-pla-kahevarviline-siid-sinine-roheline\/#local-main-organization-logo"},"image":{"@id":"https:\/\/odavprint.ee\/et\/product\/polylite-pla-kahevarviline-siid-sinine-roheline\/#local-main-organization-logo"},"address":{"@id":"https:\/\/odavprint.ee\/et\/product\/polylite-pla-kahevarviline-siid-sinine-roheline\/#local-main-place-address"},"geo":{"@type":"GeoCoordinates","latitude":"59.4306504","longitude":"24.8095743"},"telephone":["53836926"],"openingHoursSpecification":[{"@type":"OpeningHoursSpecification","dayOfWeek":["Monday","Tuesday","Wednesday","Thursday","Friday","Saturday","Sunday"],"opens":"09:00","closes":"17:00"}],"email":"info@odavprint.eu"},{"@type":"PostalAddress","@id":"https:\/\/odavprint.ee\/et\/product\/polylite-pla-kahevarviline-siid-sinine-roheline\/#local-main-place-address","streetAddress":"Pae tn 28","addressLocality":"Tallinn","postalCode":"11415","addressRegion":"Harjumaa","addressCountry":"EE"},{"@type":"ImageObject","inLanguage":"et","@id":"https:\/\/odavprint.ee\/et\/product\/polylite-pla-kahevarviline-siid-sinine-roheline\/#local-main-organization-logo","url":"https:\/\/odavprint.ee\/wp-content\/uploads\/2018\/10\/odavprint-logo-240.jpg","contentUrl":"https:\/\/odavprint.ee\/wp-content\/uploads\/2018\/10\/odavprint-logo-240.jpg","width":240,"height":36,"caption":"Odav Print O\u00dc"}]},"product_price_amount":"35.81","product_price_currency":"EUR","og_availability":"instock","product_availability":"instock","product_condition":"new","geo.placename":"Tallinn","geo.position":{"lat":"59.4306504","long":"24.8095743"},"geo.region":"Estonia"},"_links":{"self":[{"href":"https:\/\/odavprint.ee\/et\/wp-json\/wp\/v2\/product\/222191"}],"collection":[{"href":"https:\/\/odavprint.ee\/et\/wp-json\/wp\/v2\/product"}],"about":[{"href":"https:\/\/odavprint.ee\/et\/wp-json\/wp\/v2\/types\/product"}],"wp:featuredmedia":[{"embeddable":true,"href":"https:\/\/odavprint.ee\/et\/wp-json\/wp\/v2\/media\/222192"}],"wp:attachment":[{"href":"https:\/\/odavprint.ee\/et\/wp-json\/wp\/v2\/media?parent=222191"}],"wp:term":[{"taxonomy":"product_cat","embeddable":true,"href":"https:\/\/odavprint.ee\/et\/wp-json\/wp\/v2\/product_cat?post=222191"},{"taxonomy":"product_tag","embeddable":true,"href":"https:\/\/odavprint.ee\/et\/wp-json\/wp\/v2\/product_tag?post=222191"}],"curies":[{"name":"wp","href":"https:\/\/api.w.org\/{rel}","templated":true}]}}