{"id":223562,"date":"2026-04-14T23:30:03","date_gmt":"2026-04-14T20:30:03","guid":{"rendered":"https:\/\/odavprint.ee\/?post_type=product&#038;p=223562"},"modified":"2026-04-14T23:30:03","modified_gmt":"2026-04-14T20:30:03","slug":"anti-vibration-feet","status":"publish","type":"product","link":"https:\/\/odavprint.ee\/et\/product\/anti-vibration-feet\/","title":{"rendered":"Anti-Vibration Feet"},"content":{"rendered":"<p>Bambu Lab vibratsioonivastased jalad on loodud v\u00e4hendama 3D-printeri vibratsiooni, tagades stabiilsema printimiskogemuse. Need jalad neelavad t\u00f5husalt vibratsioone, v\u00e4hendades nende m\u00f5ju t\u00f6\u00f6keskkonnale ja parandades printeri \u00fcldist j\u00f5udlust.<\/p>\n<p>Valmistatud vastupidavatest ja kvaliteetsetest materjalidest, on vibratsioonivastased jalad lihtsasti paigaldatavad ning tagavad pikaajalise toe teie printerile. Olgu tegu professionaali v\u00f5i hobikasutajaga, need jalad aitavad s\u00e4ilitada printimisel t\u00e4psuse ning kaitsevad ka pinda, millel printer asub.<\/p>\n<p>T\u00e4ienda oma 3D-prindiseadet Bambu Lab vibratsioonivastaste jalgadega ja naudi sujuvamat, t\u00f5husamat ja vaiksemat printimist. Sobib ideaalselt Bambu Lab printeritele ja teistele \u00fchilduvatele mudelitele.<\/p>\n<p>Sobib BambuLab X1 seeria ja P1 seeria printeritega.<\/p>\n","protected":false},"excerpt":{"rendered":"<p>Bambu Lab vibratsioonivastased jalad on loodud v\u00e4hendama 3D-printeri vibratsiooni, tagades stabiilsema printimiskogemuse. Need jalad neelavad t\u00f5husalt vibratsioone, v\u00e4hendades nende m\u00f5ju t\u00f6\u00f6keskkonnale ja parandades printeri \u00fcldist j\u00f5udlust. Valmistatud vastupidavatest ja kvaliteetsetest materjalidest, on vibratsioonivastased jalad lihtsasti paigaldatavad ning tagavad pikaajalise toe teie printerile. Olgu tegu professionaali v\u00f5i hobikasutajaga, need jalad aitavad s\u00e4ilitada printimisel t\u00e4psuse ning kaitsevad [&#8230;]\n","protected":false},"featured_media":223563,"template":"","meta":{"inline_featured_image":false},"product_cat":[39614],"product_tag":[],"yoast_head":"<!-- This site is optimized with the Yoast SEO Premium plugin v23.0 (Yoast SEO v23.0) - https:\/\/yoast.com\/wordpress\/plugins\/seo\/ -->\n<title>Anti-Vibration Feet, hea hinnaga, osta e-pood - Odav Print<\/title>\n<meta name=\"description\" content=\"Osta Anti-Vibration Feet Odav Print \u260e +372 5911 9495 \u2714\ufe0f Parim hind Anti-Vibration Feet jaoks \u26df Kiire kohaletoimetamine Eestis \u2b50 Garanteeritud\" \/>\n<meta name=\"robots\" content=\"index, follow, max-snippet:-1, max-image-preview:large, max-video-preview:-1\" \/>\n<link rel=\"canonical\" href=\"https:\/\/odavprint.ee\/et\/product\/anti-vibration-feet\/\" \/>\n<meta property=\"og:locale\" content=\"et_EE\" \/>\n<meta property=\"og:type\" content=\"article\" \/>\n<meta property=\"og:title\" content=\"Anti-Vibration Feet\" \/>\n<meta property=\"og:description\" content=\"Osta Anti-Vibration Feet Odav Print \u260e +372 5911 9495 \u2714\ufe0f Parim hind Anti-Vibration Feet jaoks \u26df Kiire kohaletoimetamine Eestis \u2b50 Garanteeritud\" \/>\n<meta property=\"og:url\" content=\"https:\/\/odavprint.ee\/et\/product\/anti-vibration-feet\/\" \/>\n<meta property=\"og:site_name\" content=\"Odav Print\" \/>\n<meta name=\"twitter:card\" content=\"summary_large_image\" \/>\n<meta name=\"twitter:label1\" content=\"Price\" \/>\n\t<meta name=\"twitter:data1\" content=\"&euro;12.39\" \/>\n\t<meta name=\"twitter:label2\" content=\"Availability\" \/>\n\t<meta name=\"twitter:data2\" content=\"On backorder\" \/>\n<script type=\"application\/ld+json\" class=\"yoast-schema-graph\">{\"@context\":\"https:\/\/schema.org\",\"@graph\":[{\"@type\":[\"WebPage\",\"ItemPage\"],\"@id\":\"https:\/\/odavprint.ee\/et\/product\/anti-vibration-feet\/\",\"url\":\"https:\/\/odavprint.ee\/et\/product\/anti-vibration-feet\/\",\"name\":\"Anti-Vibration Feet, hea hinnaga, osta e-pood - Odav Print\",\"isPartOf\":{\"@id\":\"https:\/\/odavprint.ee\/et\/#website\"},\"primaryImageOfPage\":{\"@id\":\"https:\/\/odavprint.ee\/et\/product\/anti-vibration-feet\/#primaryimage\"},\"image\":{\"@id\":\"https:\/\/odavprint.ee\/et\/product\/anti-vibration-feet\/#primaryimage\"},\"thumbnailUrl\":\"https:\/\/odavprint.ee\/wp-content\/uploads\/2026\/04\/anti-vibration-feet.jpg\",\"datePublished\":\"2026-04-14T20:30:03+00:00\",\"dateModified\":\"2026-04-14T20:30:03+00:00\",\"description\":\"Osta Anti-Vibration Feet Odav Print \u260e +372 5911 9495 \u2714\ufe0f Parim hind Anti-Vibration Feet jaoks \u26df Kiire kohaletoimetamine Eestis \u2b50 Garanteeritud\",\"breadcrumb\":{\"@id\":\"https:\/\/odavprint.ee\/et\/product\/anti-vibration-feet\/#breadcrumb\"},\"inLanguage\":\"et\",\"potentialAction\":[{\"@type\":\"ReadAction\",\"target\":[\"https:\/\/odavprint.ee\/et\/product\/anti-vibration-feet\/\"]}]},{\"@type\":\"ImageObject\",\"inLanguage\":\"et\",\"@id\":\"https:\/\/odavprint.ee\/et\/product\/anti-vibration-feet\/#primaryimage\",\"url\":\"https:\/\/odavprint.ee\/wp-content\/uploads\/2026\/04\/anti-vibration-feet.jpg\",\"contentUrl\":\"https:\/\/odavprint.ee\/wp-content\/uploads\/2026\/04\/anti-vibration-feet.jpg\",\"width\":630,\"height\":630},{\"@type\":\"BreadcrumbList\",\"@id\":\"https:\/\/odavprint.ee\/et\/product\/anti-vibration-feet\/#breadcrumb\",\"itemListElement\":[{\"@type\":\"ListItem\",\"position\":1,\"name\":\"Home\",\"item\":\"https:\/\/odavprint.ee\/et\/esileht\/\"},{\"@type\":\"ListItem\",\"position\":2,\"name\":\"E-pood\",\"item\":\"https:\/\/odavprint.ee\/et\/shop\/\"},{\"@type\":\"ListItem\",\"position\":3,\"name\":\"Anti-Vibration Feet\"}]},{\"@type\":\"WebSite\",\"@id\":\"https:\/\/odavprint.ee\/et\/#website\",\"url\":\"https:\/\/odavprint.ee\/et\/\",\"name\":\"Odav Print\",\"description\":\"Just another WordPress site\",\"publisher\":{\"@id\":\"https:\/\/odavprint.ee\/et\/#organization\"},\"alternateName\":\"Kassettide, toonerite t\u00e4itmine ja m\u00fc\u00fck.\",\"potentialAction\":[{\"@type\":\"SearchAction\",\"target\":{\"@type\":\"EntryPoint\",\"urlTemplate\":\"https:\/\/odavprint.ee\/et\/?s={search_term_string}\"},\"query-input\":\"required name=search_term_string\"}],\"inLanguage\":\"et\"},{\"@type\":[\"Organization\",\"Place\"],\"@id\":\"https:\/\/odavprint.ee\/et\/#organization\",\"name\":\"Odav Print O\u00dc\",\"url\":\"https:\/\/odavprint.ee\/et\/\",\"logo\":{\"@id\":\"https:\/\/odavprint.ee\/et\/product\/anti-vibration-feet\/#local-main-organization-logo\"},\"image\":{\"@id\":\"https:\/\/odavprint.ee\/et\/product\/anti-vibration-feet\/#local-main-organization-logo\"},\"address\":{\"@id\":\"https:\/\/odavprint.ee\/et\/product\/anti-vibration-feet\/#local-main-place-address\"},\"geo\":{\"@type\":\"GeoCoordinates\",\"latitude\":\"59.4306504\",\"longitude\":\"24.8095743\"},\"telephone\":[\"53836926\"],\"openingHoursSpecification\":[{\"@type\":\"OpeningHoursSpecification\",\"dayOfWeek\":[\"Monday\",\"Tuesday\",\"Wednesday\",\"Thursday\",\"Friday\",\"Saturday\",\"Sunday\"],\"opens\":\"09:00\",\"closes\":\"17:00\"}],\"email\":\"info@odavprint.eu\"},{\"@type\":\"PostalAddress\",\"@id\":\"https:\/\/odavprint.ee\/et\/product\/anti-vibration-feet\/#local-main-place-address\",\"streetAddress\":\"Pae tn 28\",\"addressLocality\":\"Tallinn\",\"postalCode\":\"11415\",\"addressRegion\":\"Harjumaa\",\"addressCountry\":\"EE\"},{\"@type\":\"ImageObject\",\"inLanguage\":\"et\",\"@id\":\"https:\/\/odavprint.ee\/et\/product\/anti-vibration-feet\/#local-main-organization-logo\",\"url\":\"https:\/\/odavprint.ee\/wp-content\/uploads\/2018\/10\/odavprint-logo-240.jpg\",\"contentUrl\":\"https:\/\/odavprint.ee\/wp-content\/uploads\/2018\/10\/odavprint-logo-240.jpg\",\"width\":240,\"height\":36,\"caption\":\"Odav Print O\u00dc\"}]}<\/script>\n<meta property=\"product:price:amount\" content=\"12.39\" \/>\n<meta property=\"product:price:currency\" content=\"EUR\" \/>\n<meta property=\"og:availability\" content=\"backorder\" \/>\n<meta property=\"product:availability\" content=\"available for order\" \/>\n<meta property=\"product:condition\" content=\"new\" \/>\n<meta name=\"geo.placename\" content=\"Tallinn\" \/>\n<meta name=\"geo.position\" content=\"59.4306504;24.8095743\" \/>\n<meta name=\"geo.region\" content=\"Estonia\" \/>\n<!-- \/ Yoast SEO Premium plugin. -->","yoast_head_json":{"title":"Anti-Vibration Feet, hea hinnaga, osta e-pood - Odav Print","description":"Osta Anti-Vibration Feet Odav Print \u260e +372 5911 9495 \u2714\ufe0f Parim hind Anti-Vibration Feet jaoks \u26df Kiire kohaletoimetamine Eestis \u2b50 Garanteeritud","robots":{"index":"index","follow":"follow","max-snippet":"max-snippet:-1","max-image-preview":"max-image-preview:large","max-video-preview":"max-video-preview:-1"},"canonical":"https:\/\/odavprint.ee\/et\/product\/anti-vibration-feet\/","og_locale":"et_EE","og_type":"article","og_title":"Anti-Vibration Feet","og_description":"Osta Anti-Vibration Feet Odav Print \u260e +372 5911 9495 \u2714\ufe0f Parim hind Anti-Vibration Feet jaoks \u26df Kiire kohaletoimetamine Eestis \u2b50 Garanteeritud","og_url":"https:\/\/odavprint.ee\/et\/product\/anti-vibration-feet\/","og_site_name":"Odav Print","twitter_card":"summary_large_image","twitter_misc":{"Price":"&euro;12.39","Availability":"On backorder"},"schema":{"@context":"https:\/\/schema.org","@graph":[{"@type":["WebPage","ItemPage"],"@id":"https:\/\/odavprint.ee\/et\/product\/anti-vibration-feet\/","url":"https:\/\/odavprint.ee\/et\/product\/anti-vibration-feet\/","name":"Anti-Vibration Feet, hea hinnaga, osta e-pood - Odav Print","isPartOf":{"@id":"https:\/\/odavprint.ee\/et\/#website"},"primaryImageOfPage":{"@id":"https:\/\/odavprint.ee\/et\/product\/anti-vibration-feet\/#primaryimage"},"image":{"@id":"https:\/\/odavprint.ee\/et\/product\/anti-vibration-feet\/#primaryimage"},"thumbnailUrl":"https:\/\/odavprint.ee\/wp-content\/uploads\/2026\/04\/anti-vibration-feet.jpg","datePublished":"2026-04-14T20:30:03+00:00","dateModified":"2026-04-14T20:30:03+00:00","description":"Osta Anti-Vibration Feet Odav Print \u260e +372 5911 9495 \u2714\ufe0f Parim hind Anti-Vibration Feet jaoks \u26df Kiire kohaletoimetamine Eestis \u2b50 Garanteeritud","breadcrumb":{"@id":"https:\/\/odavprint.ee\/et\/product\/anti-vibration-feet\/#breadcrumb"},"inLanguage":"et","potentialAction":[{"@type":"ReadAction","target":["https:\/\/odavprint.ee\/et\/product\/anti-vibration-feet\/"]}]},{"@type":"ImageObject","inLanguage":"et","@id":"https:\/\/odavprint.ee\/et\/product\/anti-vibration-feet\/#primaryimage","url":"https:\/\/odavprint.ee\/wp-content\/uploads\/2026\/04\/anti-vibration-feet.jpg","contentUrl":"https:\/\/odavprint.ee\/wp-content\/uploads\/2026\/04\/anti-vibration-feet.jpg","width":630,"height":630},{"@type":"BreadcrumbList","@id":"https:\/\/odavprint.ee\/et\/product\/anti-vibration-feet\/#breadcrumb","itemListElement":[{"@type":"ListItem","position":1,"name":"Home","item":"https:\/\/odavprint.ee\/et\/esileht\/"},{"@type":"ListItem","position":2,"name":"E-pood","item":"https:\/\/odavprint.ee\/et\/shop\/"},{"@type":"ListItem","position":3,"name":"Anti-Vibration Feet"}]},{"@type":"WebSite","@id":"https:\/\/odavprint.ee\/et\/#website","url":"https:\/\/odavprint.ee\/et\/","name":"Odav Print","description":"Just another WordPress site","publisher":{"@id":"https:\/\/odavprint.ee\/et\/#organization"},"alternateName":"Kassettide, toonerite t\u00e4itmine ja m\u00fc\u00fck.","potentialAction":[{"@type":"SearchAction","target":{"@type":"EntryPoint","urlTemplate":"https:\/\/odavprint.ee\/et\/?s={search_term_string}"},"query-input":"required name=search_term_string"}],"inLanguage":"et"},{"@type":["Organization","Place"],"@id":"https:\/\/odavprint.ee\/et\/#organization","name":"Odav Print O\u00dc","url":"https:\/\/odavprint.ee\/et\/","logo":{"@id":"https:\/\/odavprint.ee\/et\/product\/anti-vibration-feet\/#local-main-organization-logo"},"image":{"@id":"https:\/\/odavprint.ee\/et\/product\/anti-vibration-feet\/#local-main-organization-logo"},"address":{"@id":"https:\/\/odavprint.ee\/et\/product\/anti-vibration-feet\/#local-main-place-address"},"geo":{"@type":"GeoCoordinates","latitude":"59.4306504","longitude":"24.8095743"},"telephone":["53836926"],"openingHoursSpecification":[{"@type":"OpeningHoursSpecification","dayOfWeek":["Monday","Tuesday","Wednesday","Thursday","Friday","Saturday","Sunday"],"opens":"09:00","closes":"17:00"}],"email":"info@odavprint.eu"},{"@type":"PostalAddress","@id":"https:\/\/odavprint.ee\/et\/product\/anti-vibration-feet\/#local-main-place-address","streetAddress":"Pae tn 28","addressLocality":"Tallinn","postalCode":"11415","addressRegion":"Harjumaa","addressCountry":"EE"},{"@type":"ImageObject","inLanguage":"et","@id":"https:\/\/odavprint.ee\/et\/product\/anti-vibration-feet\/#local-main-organization-logo","url":"https:\/\/odavprint.ee\/wp-content\/uploads\/2018\/10\/odavprint-logo-240.jpg","contentUrl":"https:\/\/odavprint.ee\/wp-content\/uploads\/2018\/10\/odavprint-logo-240.jpg","width":240,"height":36,"caption":"Odav Print O\u00dc"}]},"product_price_amount":"12.39","product_price_currency":"EUR","og_availability":"backorder","product_availability":"available for order","product_condition":"new","geo.placename":"Tallinn","geo.position":{"lat":"59.4306504","long":"24.8095743"},"geo.region":"Estonia"},"_links":{"self":[{"href":"https:\/\/odavprint.ee\/et\/wp-json\/wp\/v2\/product\/223562"}],"collection":[{"href":"https:\/\/odavprint.ee\/et\/wp-json\/wp\/v2\/product"}],"about":[{"href":"https:\/\/odavprint.ee\/et\/wp-json\/wp\/v2\/types\/product"}],"wp:featuredmedia":[{"embeddable":true,"href":"https:\/\/odavprint.ee\/et\/wp-json\/wp\/v2\/media\/223563"}],"wp:attachment":[{"href":"https:\/\/odavprint.ee\/et\/wp-json\/wp\/v2\/media?parent=223562"}],"wp:term":[{"taxonomy":"product_cat","embeddable":true,"href":"https:\/\/odavprint.ee\/et\/wp-json\/wp\/v2\/product_cat?post=223562"},{"taxonomy":"product_tag","embeddable":true,"href":"https:\/\/odavprint.ee\/et\/wp-json\/wp\/v2\/product_tag?post=223562"}],"curies":[{"name":"wp","href":"https:\/\/api.w.org\/{rel}","templated":true}]}}