{"id":223738,"date":"2026-04-14T23:54:14","date_gmt":"2026-04-14T20:54:14","guid":{"rendered":"https:\/\/odavprint.ee\/?post_type=product&#038;p=223738"},"modified":"2026-05-01T06:38:17","modified_gmt":"2026-05-01T03:38:17","slug":"polyflex-tpu90-polymaker-sinakas","status":"publish","type":"product","link":"https:\/\/odavprint.ee\/et\/product\/polyflex-tpu90-polymaker-sinakas\/","title":{"rendered":"PolyFlex TPU90, Polymaker sinakas"},"content":{"rendered":"<p>PolyFlex\u2122 TPU90 on Polymakeri paindlik 3D-printimise filament, millel on 90A k\u00f5vadus. See on m\u00e4rkimisv\u00e4\u00e4rselt pehme ja paindlik, kuid siiski lihtne printida. Filament on UV-kindel ja selle venivus murdumiseni on umbes 585%. See on loodud kasutades Covestro Addigy\u00ae TPU peret ja sobib meditsiinilisteks ning naha kontakti vajavateks seadmeteks, olles sertifitseeritud ISO10993 standardiga. Printimistemperatuuri vahemik on 210\u02daC kuni 230\u02daC ja see n\u00f5uab aluse temperatuuri 25\u02daC kuni 60\u02daC.<br \/>\nRohkem infot<\/p>\n","protected":false},"excerpt":{"rendered":"<p>PolyFlex\u2122 TPU90 on Polymakeri paindlik 3D-printimise filament, millel on 90A k\u00f5vadus. See on m\u00e4rkimisv\u00e4\u00e4rselt pehme ja paindlik, kuid siiski lihtne printida. Filament on UV-kindel ja selle venivus murdumiseni on umbes 585%. See on loodud kasutades Covestro Addigy\u00ae TPU peret ja sobib meditsiinilisteks ning naha kontakti vajavateks seadmeteks, olles sertifitseeritud ISO10993 standardiga. Printimistemperatuuri vahemik on 210\u02daC [&#8230;]\n","protected":false},"featured_media":223739,"template":"","meta":{"inline_featured_image":false},"product_cat":[39657],"product_tag":[],"yoast_head":"<!-- This site is optimized with the Yoast SEO Premium plugin v23.0 (Yoast SEO v23.0) - https:\/\/yoast.com\/wordpress\/plugins\/seo\/ -->\n<title>PolyFlex TPU90, Polymaker sinakas, hea hinnaga, osta e-pood - Odav Print<\/title>\n<meta name=\"description\" content=\"Osta PolyFlex TPU90, Polymaker sinakas Odav Print \u260e +372 5911 9495 \u2714\ufe0f Parim hind PolyFlex TPU90, Polymaker sinakas jaoks \u26df Kiire kohaletoimetamine Eestis \u2b50 Garanteeritud\" \/>\n<meta name=\"robots\" content=\"index, follow, max-snippet:-1, max-image-preview:large, max-video-preview:-1\" \/>\n<link rel=\"canonical\" href=\"https:\/\/odavprint.ee\/et\/product\/polyflex-tpu90-polymaker-sinakas\/\" \/>\n<meta property=\"og:locale\" content=\"et_EE\" \/>\n<meta property=\"og:type\" content=\"article\" \/>\n<meta property=\"og:title\" content=\"PolyFlex TPU90, Polymaker sinakas\" \/>\n<meta property=\"og:description\" content=\"Osta PolyFlex TPU90, Polymaker sinakas Odav Print \u260e +372 5911 9495 \u2714\ufe0f Parim hind PolyFlex TPU90, Polymaker sinakas jaoks \u26df Kiire kohaletoimetamine Eestis \u2b50 Garanteeritud\" \/>\n<meta property=\"og:url\" content=\"https:\/\/odavprint.ee\/et\/product\/polyflex-tpu90-polymaker-sinakas\/\" \/>\n<meta property=\"og:site_name\" content=\"Odav Print\" \/>\n<meta property=\"article:modified_time\" content=\"2026-05-01T03:38:17+00:00\" \/>\n<meta property=\"og:image\" content=\"https:\/\/odavprint.ee\/wp-content\/uploads\/2026\/04\/PolyFlex-TPU90-must-175-075.png\" \/>\n\t<meta property=\"og:image:width\" content=\"300\" \/>\n\t<meta property=\"og:image:height\" content=\"300\" \/>\n\t<meta property=\"og:image:type\" content=\"image\/png\" \/>\n<meta name=\"twitter:card\" content=\"summary_large_image\" \/>\n<meta name=\"twitter:label1\" content=\"Price\" \/>\n\t<meta name=\"twitter:data1\" content=\"&euro;40.94\" \/>\n\t<meta name=\"twitter:label2\" content=\"Availability\" \/>\n\t<meta name=\"twitter:data2\" content=\"Out of stock\" \/>\n<script type=\"application\/ld+json\" class=\"yoast-schema-graph\">{\"@context\":\"https:\/\/schema.org\",\"@graph\":[{\"@type\":[\"WebPage\",\"ItemPage\"],\"@id\":\"https:\/\/odavprint.ee\/et\/product\/polyflex-tpu90-polymaker-sinakas\/\",\"url\":\"https:\/\/odavprint.ee\/et\/product\/polyflex-tpu90-polymaker-sinakas\/\",\"name\":\"PolyFlex TPU90, Polymaker sinakas, hea hinnaga, osta e-pood - Odav Print\",\"isPartOf\":{\"@id\":\"https:\/\/odavprint.ee\/et\/#website\"},\"primaryImageOfPage\":{\"@id\":\"https:\/\/odavprint.ee\/et\/product\/polyflex-tpu90-polymaker-sinakas\/#primaryimage\"},\"image\":{\"@id\":\"https:\/\/odavprint.ee\/et\/product\/polyflex-tpu90-polymaker-sinakas\/#primaryimage\"},\"thumbnailUrl\":\"https:\/\/odavprint.ee\/wp-content\/uploads\/2026\/04\/PolyFlex-TPU90-must-175-075.png\",\"datePublished\":\"2026-04-14T20:54:14+00:00\",\"dateModified\":\"2026-05-01T03:38:17+00:00\",\"description\":\"Osta PolyFlex TPU90, Polymaker sinakas Odav Print \u260e +372 5911 9495 \u2714\ufe0f Parim hind PolyFlex TPU90, Polymaker sinakas jaoks \u26df Kiire kohaletoimetamine Eestis \u2b50 Garanteeritud\",\"breadcrumb\":{\"@id\":\"https:\/\/odavprint.ee\/et\/product\/polyflex-tpu90-polymaker-sinakas\/#breadcrumb\"},\"inLanguage\":\"et\",\"potentialAction\":[{\"@type\":\"ReadAction\",\"target\":[\"https:\/\/odavprint.ee\/et\/product\/polyflex-tpu90-polymaker-sinakas\/\"]}]},{\"@type\":\"ImageObject\",\"inLanguage\":\"et\",\"@id\":\"https:\/\/odavprint.ee\/et\/product\/polyflex-tpu90-polymaker-sinakas\/#primaryimage\",\"url\":\"https:\/\/odavprint.ee\/wp-content\/uploads\/2026\/04\/PolyFlex-TPU90-must-175-075.png\",\"contentUrl\":\"https:\/\/odavprint.ee\/wp-content\/uploads\/2026\/04\/PolyFlex-TPU90-must-175-075.png\",\"width\":300,\"height\":300},{\"@type\":\"BreadcrumbList\",\"@id\":\"https:\/\/odavprint.ee\/et\/product\/polyflex-tpu90-polymaker-sinakas\/#breadcrumb\",\"itemListElement\":[{\"@type\":\"ListItem\",\"position\":1,\"name\":\"Home\",\"item\":\"https:\/\/odavprint.ee\/et\/esileht\/\"},{\"@type\":\"ListItem\",\"position\":2,\"name\":\"E-pood\",\"item\":\"https:\/\/odavprint.ee\/et\/shop\/\"},{\"@type\":\"ListItem\",\"position\":3,\"name\":\"PolyFlex TPU90, Polymaker sinakas\"}]},{\"@type\":\"WebSite\",\"@id\":\"https:\/\/odavprint.ee\/et\/#website\",\"url\":\"https:\/\/odavprint.ee\/et\/\",\"name\":\"Odav Print\",\"description\":\"Just another WordPress site\",\"publisher\":{\"@id\":\"https:\/\/odavprint.ee\/et\/#organization\"},\"alternateName\":\"Kassettide, toonerite t\u00e4itmine ja m\u00fc\u00fck.\",\"potentialAction\":[{\"@type\":\"SearchAction\",\"target\":{\"@type\":\"EntryPoint\",\"urlTemplate\":\"https:\/\/odavprint.ee\/et\/?s={search_term_string}\"},\"query-input\":\"required name=search_term_string\"}],\"inLanguage\":\"et\"},{\"@type\":[\"Organization\",\"Place\"],\"@id\":\"https:\/\/odavprint.ee\/et\/#organization\",\"name\":\"Odav Print O\u00dc\",\"url\":\"https:\/\/odavprint.ee\/et\/\",\"logo\":{\"@id\":\"https:\/\/odavprint.ee\/et\/product\/polyflex-tpu90-polymaker-sinakas\/#local-main-organization-logo\"},\"image\":{\"@id\":\"https:\/\/odavprint.ee\/et\/product\/polyflex-tpu90-polymaker-sinakas\/#local-main-organization-logo\"},\"address\":{\"@id\":\"https:\/\/odavprint.ee\/et\/product\/polyflex-tpu90-polymaker-sinakas\/#local-main-place-address\"},\"geo\":{\"@type\":\"GeoCoordinates\",\"latitude\":\"59.4306504\",\"longitude\":\"24.8095743\"},\"telephone\":[\"53836926\"],\"openingHoursSpecification\":[{\"@type\":\"OpeningHoursSpecification\",\"dayOfWeek\":[\"Monday\",\"Tuesday\",\"Wednesday\",\"Thursday\",\"Friday\",\"Saturday\",\"Sunday\"],\"opens\":\"09:00\",\"closes\":\"17:00\"}],\"email\":\"info@odavprint.eu\"},{\"@type\":\"PostalAddress\",\"@id\":\"https:\/\/odavprint.ee\/et\/product\/polyflex-tpu90-polymaker-sinakas\/#local-main-place-address\",\"streetAddress\":\"Pae tn 28\",\"addressLocality\":\"Tallinn\",\"postalCode\":\"11415\",\"addressRegion\":\"Harjumaa\",\"addressCountry\":\"EE\"},{\"@type\":\"ImageObject\",\"inLanguage\":\"et\",\"@id\":\"https:\/\/odavprint.ee\/et\/product\/polyflex-tpu90-polymaker-sinakas\/#local-main-organization-logo\",\"url\":\"https:\/\/odavprint.ee\/wp-content\/uploads\/2018\/10\/odavprint-logo-240.jpg\",\"contentUrl\":\"https:\/\/odavprint.ee\/wp-content\/uploads\/2018\/10\/odavprint-logo-240.jpg\",\"width\":240,\"height\":36,\"caption\":\"Odav Print O\u00dc\"}]}<\/script>\n<meta property=\"product:price:amount\" content=\"40.94\" \/>\n<meta property=\"product:price:currency\" content=\"EUR\" \/>\n<meta property=\"og:availability\" content=\"out of stock\" \/>\n<meta property=\"product:availability\" content=\"out of stock\" \/>\n<meta property=\"product:condition\" content=\"new\" \/>\n<meta name=\"geo.placename\" content=\"Tallinn\" \/>\n<meta name=\"geo.position\" content=\"59.4306504;24.8095743\" \/>\n<meta name=\"geo.region\" content=\"Estonia\" \/>\n<!-- \/ Yoast SEO Premium plugin. -->","yoast_head_json":{"title":"PolyFlex TPU90, Polymaker sinakas, hea hinnaga, osta e-pood - Odav Print","description":"Osta PolyFlex TPU90, Polymaker sinakas Odav Print \u260e +372 5911 9495 \u2714\ufe0f Parim hind PolyFlex TPU90, Polymaker sinakas jaoks \u26df Kiire kohaletoimetamine Eestis \u2b50 Garanteeritud","robots":{"index":"index","follow":"follow","max-snippet":"max-snippet:-1","max-image-preview":"max-image-preview:large","max-video-preview":"max-video-preview:-1"},"canonical":"https:\/\/odavprint.ee\/et\/product\/polyflex-tpu90-polymaker-sinakas\/","og_locale":"et_EE","og_type":"article","og_title":"PolyFlex TPU90, Polymaker sinakas","og_description":"Osta PolyFlex TPU90, Polymaker sinakas Odav Print \u260e +372 5911 9495 \u2714\ufe0f Parim hind PolyFlex TPU90, Polymaker sinakas jaoks \u26df Kiire kohaletoimetamine Eestis \u2b50 Garanteeritud","og_url":"https:\/\/odavprint.ee\/et\/product\/polyflex-tpu90-polymaker-sinakas\/","og_site_name":"Odav Print","article_modified_time":"2026-05-01T03:38:17+00:00","og_image":[{"width":300,"height":300,"url":"https:\/\/odavprint.ee\/wp-content\/uploads\/2026\/04\/PolyFlex-TPU90-must-175-075.png","type":"image\/png"}],"twitter_card":"summary_large_image","twitter_misc":{"Price":"&euro;40.94","Availability":"Out of stock"},"schema":{"@context":"https:\/\/schema.org","@graph":[{"@type":["WebPage","ItemPage"],"@id":"https:\/\/odavprint.ee\/et\/product\/polyflex-tpu90-polymaker-sinakas\/","url":"https:\/\/odavprint.ee\/et\/product\/polyflex-tpu90-polymaker-sinakas\/","name":"PolyFlex TPU90, Polymaker sinakas, hea hinnaga, osta e-pood - Odav Print","isPartOf":{"@id":"https:\/\/odavprint.ee\/et\/#website"},"primaryImageOfPage":{"@id":"https:\/\/odavprint.ee\/et\/product\/polyflex-tpu90-polymaker-sinakas\/#primaryimage"},"image":{"@id":"https:\/\/odavprint.ee\/et\/product\/polyflex-tpu90-polymaker-sinakas\/#primaryimage"},"thumbnailUrl":"https:\/\/odavprint.ee\/wp-content\/uploads\/2026\/04\/PolyFlex-TPU90-must-175-075.png","datePublished":"2026-04-14T20:54:14+00:00","dateModified":"2026-05-01T03:38:17+00:00","description":"Osta PolyFlex TPU90, Polymaker sinakas Odav Print \u260e +372 5911 9495 \u2714\ufe0f Parim hind PolyFlex TPU90, Polymaker sinakas jaoks \u26df Kiire kohaletoimetamine Eestis \u2b50 Garanteeritud","breadcrumb":{"@id":"https:\/\/odavprint.ee\/et\/product\/polyflex-tpu90-polymaker-sinakas\/#breadcrumb"},"inLanguage":"et","potentialAction":[{"@type":"ReadAction","target":["https:\/\/odavprint.ee\/et\/product\/polyflex-tpu90-polymaker-sinakas\/"]}]},{"@type":"ImageObject","inLanguage":"et","@id":"https:\/\/odavprint.ee\/et\/product\/polyflex-tpu90-polymaker-sinakas\/#primaryimage","url":"https:\/\/odavprint.ee\/wp-content\/uploads\/2026\/04\/PolyFlex-TPU90-must-175-075.png","contentUrl":"https:\/\/odavprint.ee\/wp-content\/uploads\/2026\/04\/PolyFlex-TPU90-must-175-075.png","width":300,"height":300},{"@type":"BreadcrumbList","@id":"https:\/\/odavprint.ee\/et\/product\/polyflex-tpu90-polymaker-sinakas\/#breadcrumb","itemListElement":[{"@type":"ListItem","position":1,"name":"Home","item":"https:\/\/odavprint.ee\/et\/esileht\/"},{"@type":"ListItem","position":2,"name":"E-pood","item":"https:\/\/odavprint.ee\/et\/shop\/"},{"@type":"ListItem","position":3,"name":"PolyFlex TPU90, Polymaker sinakas"}]},{"@type":"WebSite","@id":"https:\/\/odavprint.ee\/et\/#website","url":"https:\/\/odavprint.ee\/et\/","name":"Odav Print","description":"Just another WordPress site","publisher":{"@id":"https:\/\/odavprint.ee\/et\/#organization"},"alternateName":"Kassettide, toonerite t\u00e4itmine ja m\u00fc\u00fck.","potentialAction":[{"@type":"SearchAction","target":{"@type":"EntryPoint","urlTemplate":"https:\/\/odavprint.ee\/et\/?s={search_term_string}"},"query-input":"required name=search_term_string"}],"inLanguage":"et"},{"@type":["Organization","Place"],"@id":"https:\/\/odavprint.ee\/et\/#organization","name":"Odav Print O\u00dc","url":"https:\/\/odavprint.ee\/et\/","logo":{"@id":"https:\/\/odavprint.ee\/et\/product\/polyflex-tpu90-polymaker-sinakas\/#local-main-organization-logo"},"image":{"@id":"https:\/\/odavprint.ee\/et\/product\/polyflex-tpu90-polymaker-sinakas\/#local-main-organization-logo"},"address":{"@id":"https:\/\/odavprint.ee\/et\/product\/polyflex-tpu90-polymaker-sinakas\/#local-main-place-address"},"geo":{"@type":"GeoCoordinates","latitude":"59.4306504","longitude":"24.8095743"},"telephone":["53836926"],"openingHoursSpecification":[{"@type":"OpeningHoursSpecification","dayOfWeek":["Monday","Tuesday","Wednesday","Thursday","Friday","Saturday","Sunday"],"opens":"09:00","closes":"17:00"}],"email":"info@odavprint.eu"},{"@type":"PostalAddress","@id":"https:\/\/odavprint.ee\/et\/product\/polyflex-tpu90-polymaker-sinakas\/#local-main-place-address","streetAddress":"Pae tn 28","addressLocality":"Tallinn","postalCode":"11415","addressRegion":"Harjumaa","addressCountry":"EE"},{"@type":"ImageObject","inLanguage":"et","@id":"https:\/\/odavprint.ee\/et\/product\/polyflex-tpu90-polymaker-sinakas\/#local-main-organization-logo","url":"https:\/\/odavprint.ee\/wp-content\/uploads\/2018\/10\/odavprint-logo-240.jpg","contentUrl":"https:\/\/odavprint.ee\/wp-content\/uploads\/2018\/10\/odavprint-logo-240.jpg","width":240,"height":36,"caption":"Odav Print O\u00dc"}]},"product_price_amount":"40.94","product_price_currency":"EUR","og_availability":"out of stock","product_availability":"out of stock","product_condition":"new","geo.placename":"Tallinn","geo.position":{"lat":"59.4306504","long":"24.8095743"},"geo.region":"Estonia"},"_links":{"self":[{"href":"https:\/\/odavprint.ee\/et\/wp-json\/wp\/v2\/product\/223738"}],"collection":[{"href":"https:\/\/odavprint.ee\/et\/wp-json\/wp\/v2\/product"}],"about":[{"href":"https:\/\/odavprint.ee\/et\/wp-json\/wp\/v2\/types\/product"}],"wp:featuredmedia":[{"embeddable":true,"href":"https:\/\/odavprint.ee\/et\/wp-json\/wp\/v2\/media\/223739"}],"wp:attachment":[{"href":"https:\/\/odavprint.ee\/et\/wp-json\/wp\/v2\/media?parent=223738"}],"wp:term":[{"taxonomy":"product_cat","embeddable":true,"href":"https:\/\/odavprint.ee\/et\/wp-json\/wp\/v2\/product_cat?post=223738"},{"taxonomy":"product_tag","embeddable":true,"href":"https:\/\/odavprint.ee\/et\/wp-json\/wp\/v2\/product_tag?post=223738"}],"curies":[{"name":"wp","href":"https:\/\/api.w.org\/{rel}","templated":true}]}}