{"id":224216,"date":"2026-04-24T18:18:02","date_gmt":"2026-04-24T15:18:02","guid":{"rendered":"https:\/\/odavprint.ee\/?post_type=product&#038;p=224216"},"modified":"2026-05-01T06:38:18","modified_gmt":"2026-05-01T03:38:18","slug":"polymax-pla-lilla","status":"publish","type":"product","link":"https:\/\/odavprint.ee\/et\/product\/polymax-pla-lilla\/","title":{"rendered":"PolyMax PLA, Lilla"},"content":{"rendered":"<p>PolyMax\u2122 PLA on PLA filamentide sarja tipptoode, mis on m\u00e4rkimisv\u00e4\u00e4rne oma \u00fcleolevate mehaaniliste omaduste poolest, mis \u00fcletavad ABS-i, s\u00e4ilitades samas PLA-ga seotud printimise lihtsuse. Selle silmapaistvaks omaduseks on viis korda suurem vastupidavus kui tavalisel PLA-l, muutes selle ideaalseks 3D prinditud osade loomiseks, mis suudavad taluda l\u00f6\u00f6ke ilma habrasest eba\u00f5nnestumisre\u017eiimideta.<\/p>\n<p>PolyMax\u2122 PLA Erinevus:<\/p>\n<p>PolyMax\u2122 PLA sisaldab nano-tugevdamise tehnoloogiat, mis oluliselt suurendab selle sitkust, mis on materjali v\u00f5ime plastiliselt deformeeruda enne murdumist.<br \/>\nLihtsamalt \u00f6eldes on PolyMax\u2122 PLA loodud painduma, mitte murduma, erinevalt habrastest materjalidest, mis kergesti m\u00f5ranevad.<\/p>\n<p>PolyMax\u2122 PLA S\u00e4ilivusaeg:<\/p>\n<p>Nagu enamik materjalitooteid, ei ole PolyMax\u2122 PLA-l aegumiskuup\u00e4eva ja seda saab tavaliselt kasutada l\u00f5pmatuseni.<br \/>\nTavaliselt pakutakse kaheaastast j\u00f5udlusgarantiid ja ka vanemad kui kahe aasta vanused materjalid on sageli endiselt probleemideta kasutatavad.<br \/>\nKui on konkreetseid muresid materjali kasutatavuse kohta p\u00e4rast pikemat aega, v\u00f5ib pakkuda ka erinevate j\u00f5udlusaspektide testimist.<\/p>\n<p>Rohkem infot<\/p>\n<p>Loe rohkem<\/p>\n","protected":false},"excerpt":{"rendered":"<p>PolyMax\u2122 PLA on PLA filamentide sarja tipptoode, mis on m\u00e4rkimisv\u00e4\u00e4rne oma \u00fcleolevate mehaaniliste omaduste poolest, mis \u00fcletavad ABS-i, s\u00e4ilitades samas PLA-ga seotud printimise lihtsuse. Selle silmapaistvaks omaduseks on viis korda suurem vastupidavus kui tavalisel PLA-l, muutes selle ideaalseks 3D prinditud osade loomiseks, mis suudavad taluda l\u00f6\u00f6ke ilma habrasest eba\u00f5nnestumisre\u017eiimideta. PolyMax\u2122 PLA Erinevus: PolyMax\u2122 PLA sisaldab [&#8230;]\n","protected":false},"featured_media":224217,"template":"","meta":{"inline_featured_image":false},"product_cat":[39605],"product_tag":[],"yoast_head":"<!-- This site is optimized with the Yoast SEO Premium plugin v23.0 (Yoast SEO v23.0) - https:\/\/yoast.com\/wordpress\/plugins\/seo\/ -->\n<title>PolyMax PLA, Lilla, hea hinnaga, osta e-pood - Odav Print<\/title>\n<meta name=\"description\" content=\"Osta PolyMax PLA, Lilla Odav Print \u260e +372 5911 9495 \u2714\ufe0f Parim hind PolyMax PLA, Lilla jaoks \u26df Kiire kohaletoimetamine Eestis \u2b50 Garanteeritud\" \/>\n<meta name=\"robots\" content=\"index, follow, max-snippet:-1, max-image-preview:large, max-video-preview:-1\" \/>\n<link rel=\"canonical\" href=\"https:\/\/odavprint.ee\/et\/product\/polymax-pla-lilla\/\" \/>\n<meta property=\"og:locale\" content=\"et_EE\" \/>\n<meta property=\"og:type\" content=\"article\" \/>\n<meta property=\"og:title\" content=\"PolyMax PLA, Lilla\" \/>\n<meta property=\"og:description\" content=\"Osta PolyMax PLA, Lilla Odav Print \u260e +372 5911 9495 \u2714\ufe0f Parim hind PolyMax PLA, Lilla jaoks \u26df Kiire kohaletoimetamine Eestis \u2b50 Garanteeritud\" \/>\n<meta property=\"og:url\" content=\"https:\/\/odavprint.ee\/et\/product\/polymax-pla-lilla\/\" \/>\n<meta property=\"og:site_name\" content=\"Odav Print\" \/>\n<meta property=\"article:modified_time\" content=\"2026-05-01T03:38:18+00:00\" \/>\n<meta name=\"twitter:card\" content=\"summary_large_image\" \/>\n<meta name=\"twitter:label1\" content=\"Price\" \/>\n\t<meta name=\"twitter:data1\" content=\"&euro;46.07\" \/>\n\t<meta name=\"twitter:label2\" content=\"Availability\" \/>\n\t<meta name=\"twitter:data2\" content=\"Out of stock\" \/>\n<script type=\"application\/ld+json\" class=\"yoast-schema-graph\">{\"@context\":\"https:\/\/schema.org\",\"@graph\":[{\"@type\":[\"WebPage\",\"ItemPage\"],\"@id\":\"https:\/\/odavprint.ee\/et\/product\/polymax-pla-lilla\/\",\"url\":\"https:\/\/odavprint.ee\/et\/product\/polymax-pla-lilla\/\",\"name\":\"PolyMax PLA, Lilla, hea hinnaga, osta e-pood - Odav Print\",\"isPartOf\":{\"@id\":\"https:\/\/odavprint.ee\/et\/#website\"},\"primaryImageOfPage\":{\"@id\":\"https:\/\/odavprint.ee\/et\/product\/polymax-pla-lilla\/#primaryimage\"},\"image\":{\"@id\":\"https:\/\/odavprint.ee\/et\/product\/polymax-pla-lilla\/#primaryimage\"},\"thumbnailUrl\":\"https:\/\/odavprint.ee\/wp-content\/uploads\/2026\/04\/PolyMax-PLA-must-175-075-3.png\",\"datePublished\":\"2026-04-24T15:18:02+00:00\",\"dateModified\":\"2026-05-01T03:38:18+00:00\",\"description\":\"Osta PolyMax PLA, Lilla Odav Print \u260e +372 5911 9495 \u2714\ufe0f Parim hind PolyMax PLA, Lilla jaoks \u26df Kiire kohaletoimetamine Eestis \u2b50 Garanteeritud\",\"breadcrumb\":{\"@id\":\"https:\/\/odavprint.ee\/et\/product\/polymax-pla-lilla\/#breadcrumb\"},\"inLanguage\":\"et\",\"potentialAction\":[{\"@type\":\"ReadAction\",\"target\":[\"https:\/\/odavprint.ee\/et\/product\/polymax-pla-lilla\/\"]}]},{\"@type\":\"ImageObject\",\"inLanguage\":\"et\",\"@id\":\"https:\/\/odavprint.ee\/et\/product\/polymax-pla-lilla\/#primaryimage\",\"url\":\"https:\/\/odavprint.ee\/wp-content\/uploads\/2026\/04\/PolyMax-PLA-must-175-075-3.png\",\"contentUrl\":\"https:\/\/odavprint.ee\/wp-content\/uploads\/2026\/04\/PolyMax-PLA-must-175-075-3.png\",\"width\":300,\"height\":300},{\"@type\":\"BreadcrumbList\",\"@id\":\"https:\/\/odavprint.ee\/et\/product\/polymax-pla-lilla\/#breadcrumb\",\"itemListElement\":[{\"@type\":\"ListItem\",\"position\":1,\"name\":\"Home\",\"item\":\"https:\/\/odavprint.ee\/et\/esileht\/\"},{\"@type\":\"ListItem\",\"position\":2,\"name\":\"E-pood\",\"item\":\"https:\/\/odavprint.ee\/et\/shop\/\"},{\"@type\":\"ListItem\",\"position\":3,\"name\":\"PolyMax PLA, Lilla\"}]},{\"@type\":\"WebSite\",\"@id\":\"https:\/\/odavprint.ee\/et\/#website\",\"url\":\"https:\/\/odavprint.ee\/et\/\",\"name\":\"Odav Print\",\"description\":\"Just another WordPress site\",\"publisher\":{\"@id\":\"https:\/\/odavprint.ee\/et\/#organization\"},\"alternateName\":\"Kassettide, toonerite t\u00e4itmine ja m\u00fc\u00fck.\",\"potentialAction\":[{\"@type\":\"SearchAction\",\"target\":{\"@type\":\"EntryPoint\",\"urlTemplate\":\"https:\/\/odavprint.ee\/et\/?s={search_term_string}\"},\"query-input\":\"required name=search_term_string\"}],\"inLanguage\":\"et\"},{\"@type\":[\"Organization\",\"Place\"],\"@id\":\"https:\/\/odavprint.ee\/et\/#organization\",\"name\":\"Odav Print O\u00dc\",\"url\":\"https:\/\/odavprint.ee\/et\/\",\"logo\":{\"@id\":\"https:\/\/odavprint.ee\/et\/product\/polymax-pla-lilla\/#local-main-organization-logo\"},\"image\":{\"@id\":\"https:\/\/odavprint.ee\/et\/product\/polymax-pla-lilla\/#local-main-organization-logo\"},\"address\":{\"@id\":\"https:\/\/odavprint.ee\/et\/product\/polymax-pla-lilla\/#local-main-place-address\"},\"geo\":{\"@type\":\"GeoCoordinates\",\"latitude\":\"59.4306504\",\"longitude\":\"24.8095743\"},\"telephone\":[\"53836926\"],\"openingHoursSpecification\":[{\"@type\":\"OpeningHoursSpecification\",\"dayOfWeek\":[\"Monday\",\"Tuesday\",\"Wednesday\",\"Thursday\",\"Friday\",\"Saturday\",\"Sunday\"],\"opens\":\"09:00\",\"closes\":\"17:00\"}],\"email\":\"info@odavprint.eu\"},{\"@type\":\"PostalAddress\",\"@id\":\"https:\/\/odavprint.ee\/et\/product\/polymax-pla-lilla\/#local-main-place-address\",\"streetAddress\":\"Pae tn 28\",\"addressLocality\":\"Tallinn\",\"postalCode\":\"11415\",\"addressRegion\":\"Harjumaa\",\"addressCountry\":\"EE\"},{\"@type\":\"ImageObject\",\"inLanguage\":\"et\",\"@id\":\"https:\/\/odavprint.ee\/et\/product\/polymax-pla-lilla\/#local-main-organization-logo\",\"url\":\"https:\/\/odavprint.ee\/wp-content\/uploads\/2018\/10\/odavprint-logo-240.jpg\",\"contentUrl\":\"https:\/\/odavprint.ee\/wp-content\/uploads\/2018\/10\/odavprint-logo-240.jpg\",\"width\":240,\"height\":36,\"caption\":\"Odav Print O\u00dc\"}]}<\/script>\n<meta property=\"product:price:amount\" content=\"46.07\" \/>\n<meta property=\"product:price:currency\" content=\"EUR\" \/>\n<meta property=\"og:availability\" content=\"out of stock\" \/>\n<meta property=\"product:availability\" content=\"out of stock\" \/>\n<meta property=\"product:condition\" content=\"new\" \/>\n<meta name=\"geo.placename\" content=\"Tallinn\" \/>\n<meta name=\"geo.position\" content=\"59.4306504;24.8095743\" \/>\n<meta name=\"geo.region\" content=\"Estonia\" \/>\n<!-- \/ Yoast SEO Premium plugin. -->","yoast_head_json":{"title":"PolyMax PLA, Lilla, hea hinnaga, osta e-pood - Odav Print","description":"Osta PolyMax PLA, Lilla Odav Print \u260e +372 5911 9495 \u2714\ufe0f Parim hind PolyMax PLA, Lilla jaoks \u26df Kiire kohaletoimetamine Eestis \u2b50 Garanteeritud","robots":{"index":"index","follow":"follow","max-snippet":"max-snippet:-1","max-image-preview":"max-image-preview:large","max-video-preview":"max-video-preview:-1"},"canonical":"https:\/\/odavprint.ee\/et\/product\/polymax-pla-lilla\/","og_locale":"et_EE","og_type":"article","og_title":"PolyMax PLA, Lilla","og_description":"Osta PolyMax PLA, Lilla Odav Print \u260e +372 5911 9495 \u2714\ufe0f Parim hind PolyMax PLA, Lilla jaoks \u26df Kiire kohaletoimetamine Eestis \u2b50 Garanteeritud","og_url":"https:\/\/odavprint.ee\/et\/product\/polymax-pla-lilla\/","og_site_name":"Odav Print","article_modified_time":"2026-05-01T03:38:18+00:00","twitter_card":"summary_large_image","twitter_misc":{"Price":"&euro;46.07","Availability":"Out of stock"},"schema":{"@context":"https:\/\/schema.org","@graph":[{"@type":["WebPage","ItemPage"],"@id":"https:\/\/odavprint.ee\/et\/product\/polymax-pla-lilla\/","url":"https:\/\/odavprint.ee\/et\/product\/polymax-pla-lilla\/","name":"PolyMax PLA, Lilla, hea hinnaga, osta e-pood - Odav Print","isPartOf":{"@id":"https:\/\/odavprint.ee\/et\/#website"},"primaryImageOfPage":{"@id":"https:\/\/odavprint.ee\/et\/product\/polymax-pla-lilla\/#primaryimage"},"image":{"@id":"https:\/\/odavprint.ee\/et\/product\/polymax-pla-lilla\/#primaryimage"},"thumbnailUrl":"https:\/\/odavprint.ee\/wp-content\/uploads\/2026\/04\/PolyMax-PLA-must-175-075-3.png","datePublished":"2026-04-24T15:18:02+00:00","dateModified":"2026-05-01T03:38:18+00:00","description":"Osta PolyMax PLA, Lilla Odav Print \u260e +372 5911 9495 \u2714\ufe0f Parim hind PolyMax PLA, Lilla jaoks \u26df Kiire kohaletoimetamine Eestis \u2b50 Garanteeritud","breadcrumb":{"@id":"https:\/\/odavprint.ee\/et\/product\/polymax-pla-lilla\/#breadcrumb"},"inLanguage":"et","potentialAction":[{"@type":"ReadAction","target":["https:\/\/odavprint.ee\/et\/product\/polymax-pla-lilla\/"]}]},{"@type":"ImageObject","inLanguage":"et","@id":"https:\/\/odavprint.ee\/et\/product\/polymax-pla-lilla\/#primaryimage","url":"https:\/\/odavprint.ee\/wp-content\/uploads\/2026\/04\/PolyMax-PLA-must-175-075-3.png","contentUrl":"https:\/\/odavprint.ee\/wp-content\/uploads\/2026\/04\/PolyMax-PLA-must-175-075-3.png","width":300,"height":300},{"@type":"BreadcrumbList","@id":"https:\/\/odavprint.ee\/et\/product\/polymax-pla-lilla\/#breadcrumb","itemListElement":[{"@type":"ListItem","position":1,"name":"Home","item":"https:\/\/odavprint.ee\/et\/esileht\/"},{"@type":"ListItem","position":2,"name":"E-pood","item":"https:\/\/odavprint.ee\/et\/shop\/"},{"@type":"ListItem","position":3,"name":"PolyMax PLA, Lilla"}]},{"@type":"WebSite","@id":"https:\/\/odavprint.ee\/et\/#website","url":"https:\/\/odavprint.ee\/et\/","name":"Odav Print","description":"Just another WordPress site","publisher":{"@id":"https:\/\/odavprint.ee\/et\/#organization"},"alternateName":"Kassettide, toonerite t\u00e4itmine ja m\u00fc\u00fck.","potentialAction":[{"@type":"SearchAction","target":{"@type":"EntryPoint","urlTemplate":"https:\/\/odavprint.ee\/et\/?s={search_term_string}"},"query-input":"required name=search_term_string"}],"inLanguage":"et"},{"@type":["Organization","Place"],"@id":"https:\/\/odavprint.ee\/et\/#organization","name":"Odav Print O\u00dc","url":"https:\/\/odavprint.ee\/et\/","logo":{"@id":"https:\/\/odavprint.ee\/et\/product\/polymax-pla-lilla\/#local-main-organization-logo"},"image":{"@id":"https:\/\/odavprint.ee\/et\/product\/polymax-pla-lilla\/#local-main-organization-logo"},"address":{"@id":"https:\/\/odavprint.ee\/et\/product\/polymax-pla-lilla\/#local-main-place-address"},"geo":{"@type":"GeoCoordinates","latitude":"59.4306504","longitude":"24.8095743"},"telephone":["53836926"],"openingHoursSpecification":[{"@type":"OpeningHoursSpecification","dayOfWeek":["Monday","Tuesday","Wednesday","Thursday","Friday","Saturday","Sunday"],"opens":"09:00","closes":"17:00"}],"email":"info@odavprint.eu"},{"@type":"PostalAddress","@id":"https:\/\/odavprint.ee\/et\/product\/polymax-pla-lilla\/#local-main-place-address","streetAddress":"Pae tn 28","addressLocality":"Tallinn","postalCode":"11415","addressRegion":"Harjumaa","addressCountry":"EE"},{"@type":"ImageObject","inLanguage":"et","@id":"https:\/\/odavprint.ee\/et\/product\/polymax-pla-lilla\/#local-main-organization-logo","url":"https:\/\/odavprint.ee\/wp-content\/uploads\/2018\/10\/odavprint-logo-240.jpg","contentUrl":"https:\/\/odavprint.ee\/wp-content\/uploads\/2018\/10\/odavprint-logo-240.jpg","width":240,"height":36,"caption":"Odav Print O\u00dc"}]},"product_price_amount":"46.07","product_price_currency":"EUR","og_availability":"out of stock","product_availability":"out of stock","product_condition":"new","geo.placename":"Tallinn","geo.position":{"lat":"59.4306504","long":"24.8095743"},"geo.region":"Estonia"},"_links":{"self":[{"href":"https:\/\/odavprint.ee\/et\/wp-json\/wp\/v2\/product\/224216"}],"collection":[{"href":"https:\/\/odavprint.ee\/et\/wp-json\/wp\/v2\/product"}],"about":[{"href":"https:\/\/odavprint.ee\/et\/wp-json\/wp\/v2\/types\/product"}],"wp:featuredmedia":[{"embeddable":true,"href":"https:\/\/odavprint.ee\/et\/wp-json\/wp\/v2\/media\/224217"}],"wp:attachment":[{"href":"https:\/\/odavprint.ee\/et\/wp-json\/wp\/v2\/media?parent=224216"}],"wp:term":[{"taxonomy":"product_cat","embeddable":true,"href":"https:\/\/odavprint.ee\/et\/wp-json\/wp\/v2\/product_cat?post=224216"},{"taxonomy":"product_tag","embeddable":true,"href":"https:\/\/odavprint.ee\/et\/wp-json\/wp\/v2\/product_tag?post=224216"}],"curies":[{"name":"wp","href":"https:\/\/api.w.org\/{rel}","templated":true}]}}